{"id":29839,"date":"2025-01-17T17:31:13","date_gmt":"2025-01-17T14:31:13","guid":{"rendered":"https:\/\/westestetik.com\/?page_id=29839"},"modified":"2025-05-27T02:58:45","modified_gmt":"2025-05-26T23:58:45","slug":"dr-umut","status":"publish","type":"page","link":"https:\/\/westestetik.com\/en\/dr-umut\/","title":{"rendered":"Dr.Umut"},"content":{"rendered":"<div data-elementor-type=\"wp-page\" data-elementor-id=\"29839\" class=\"elementor elementor-29839\" data-elementor-post-type=\"page\">\n\t\t\t\t<div class=\"wd-negative-gap elementor-element elementor-element-7900064b e-flex e-con-boxed e-con e-parent\" data-id=\"7900064b\" data-element_type=\"container\">\n\t\t\t\t\t<div class=\"e-con-inner\">\n\t\t\t\t<div class=\"elementor-element elementor-element-4d86d37e e-n-tabs-mobile elementor-widget elementor-widget-n-tabs\" data-id=\"4d86d37e\" data-element_type=\"widget\" data-settings=\"{&quot;horizontal_scroll&quot;:&quot;disable&quot;}\" data-widget_type=\"nested-tabs.default\">\n\t\t\t\t<div class=\"elementor-widget-container\">\n\t\t\t\t\t\t\t<div class=\"e-n-tabs\" data-widget-number=\"1300681598\" aria-label=\"Sekmeler. Enter ve Space ile \u00f6geleri a\u00e7abilir, Escape ile \u00f6geleri kapatabilir ve Y\u00f6n tu\u015flar\u0131 ile \u00f6geler aras\u0131nda gezinebilirsiniz.\">\n\t\t\t<div class=\"e-n-tabs-heading\" role=\"tablist\">\n\t\t\t\t\t<button id=\"e-n-tab-title-13006815981\" class=\"e-n-tab-title\" aria-selected=\"true\" data-tab-index=\"1\" role=\"tab\" tabindex=\"0\" aria-controls=\"e-n-tab-content-13006815981\" style=\"--n-tabs-title-order: 1;\">\n\t\t\t\t\t\t<span class=\"e-n-tab-title-text\">\n\t\t\t\tEducation\t\t\t<\/span>\n\t\t<\/button>\n\t\t\t\t<button id=\"e-n-tab-title-13006815982\" class=\"e-n-tab-title\" aria-selected=\"false\" data-tab-index=\"2\" role=\"tab\" tabindex=\"-1\" aria-controls=\"e-n-tab-content-13006815982\" style=\"--n-tabs-title-order: 2;\">\n\t\t\t\t\t\t<span class=\"e-n-tab-title-text\">\n\t\t\t\tWorking Institutions\t\t\t<\/span>\n\t\t<\/button>\n\t\t\t\t<button id=\"e-n-tab-title-13006815983\" class=\"e-n-tab-title\" aria-selected=\"false\" data-tab-index=\"3\" role=\"tab\" tabindex=\"-1\" aria-controls=\"e-n-tab-content-13006815983\" style=\"--n-tabs-title-order: 3;\">\n\t\t\t\t\t\t<span class=\"e-n-tab-title-text\">\n\t\t\t\tMedical Fields\t\t\t<\/span>\n\t\t<\/button>\n\t\t\t\t\t<\/div>\n\t\t\t<div class=\"e-n-tabs-content\">\n\t\t\t\t<div id=\"e-n-tab-content-13006815981\" role=\"tabpanel\" aria-labelledby=\"e-n-tab-title-13006815981\" data-tab-index=\"1\" style=\"--n-tabs-title-order: 1;\" class=\"e-active elementor-element elementor-element-7c912a8e e-con-full e-flex e-con e-child\" data-id=\"7c912a8e\" data-element_type=\"container\">\n\t\t<div class=\"wd-negative-gap elementor-element elementor-element-34e5b3e0 e-flex e-con-boxed e-con e-child\" data-id=\"34e5b3e0\" data-element_type=\"container\">\n\t\t\t\t\t<div class=\"e-con-inner\">\n\t\t\t\t<div class=\"elementor-element elementor-element-60f38be5 color-scheme-inherit text-left elementor-widget elementor-widget-text-editor\" data-id=\"60f38be5\" data-element_type=\"widget\" data-widget_type=\"text-editor.default\">\n\t\t\t\t<div class=\"elementor-widget-container\">\n\t\t\t\t\t\t\t\t\t<ul>\n<li>\n<p class=\"p1\"><span class=\"s1\"><b>1998:<\/b><\/span> \u015ei\u015fli Terakki High School, High School Graduate<\/p>\n<\/li>\n<li>\n<p class=\"p1\"><span class=\"s1\"><b>2004:<\/b><\/span> Istanbul University Faculty of Dentistry, Dentist<\/p>\n<\/li>\n<li>\n<p class=\"p1\"><span class=\"s1\"><b>Master's Degree:<\/b><\/span> Orthodontics and Invisalign, Donau-Universit\u00e4t Krems (Austria)<\/p>\n<\/li>\n<li>\n<p class=\"p1\"><span class=\"s1\"><b>Board Certificate:<\/b><\/span> Di\u015f Bilimi Y\u00fcksek Lisans\u0131<\/p>\n<\/li>\n<\/ul>\t\t\t\t\t\t\t\t<\/div>\n\t\t\t\t<\/div>\n\t\t\t\t\t<\/div>\n\t\t\t\t<\/div>\n\t\t\t\t<\/div>\n\t\t<div id=\"e-n-tab-content-13006815982\" role=\"tabpanel\" aria-labelledby=\"e-n-tab-title-13006815982\" data-tab-index=\"2\" style=\"--n-tabs-title-order: 2;\" class=\"elementor-element elementor-element-61a1bc99 e-con-full e-flex e-con e-child\" data-id=\"61a1bc99\" data-element_type=\"container\">\n\t\t<div class=\"wd-negative-gap elementor-element elementor-element-a08115b e-flex e-con-boxed e-con e-child\" data-id=\"a08115b\" data-element_type=\"container\">\n\t\t\t\t\t<div class=\"e-con-inner\">\n\t\t\t\t<div class=\"elementor-element elementor-element-3c690ecf color-scheme-inherit text-left elementor-widget elementor-widget-text-editor\" data-id=\"3c690ecf\" data-element_type=\"widget\" data-widget_type=\"text-editor.default\">\n\t\t\t\t<div class=\"elementor-widget-container\">\n\t\t\t\t\t\t\t\t\t<ul>\n<li>\n<p class=\"p1\">2004\u20132006: \u00c7e\u015fitli kliniklerde \u00e7al\u0131\u015fma<\/p>\n<\/li>\n<li>\n<p class=\"p1\">2006\u2019dan itibaren kendi klini\u011fini kurarak hizmet vermektedir<\/p>\n<\/li>\n<li>\n<p class=\"p1\">10 y\u0131ll\u0131k profesyonel deneyim<\/p>\n<\/li>\n<li>2025: West Estetik<\/li>\n<\/ul>\t\t\t\t\t\t\t\t<\/div>\n\t\t\t\t<\/div>\n\t\t\t\t\t<\/div>\n\t\t\t\t<\/div>\n\t\t\t\t<\/div>\n\t\t<div id=\"e-n-tab-content-13006815983\" role=\"tabpanel\" aria-labelledby=\"e-n-tab-title-13006815983\" data-tab-index=\"3\" style=\"--n-tabs-title-order: 3;\" class=\"elementor-element elementor-element-5a9561f4 e-con-full e-flex e-con e-child\" data-id=\"5a9561f4\" data-element_type=\"container\">\n\t\t<div class=\"wd-negative-gap elementor-element elementor-element-3b2fbb21 e-flex e-con-boxed e-con e-child\" data-id=\"3b2fbb21\" data-element_type=\"container\">\n\t\t\t\t\t<div class=\"e-con-inner\">\n\t\t\t\t<div class=\"elementor-element elementor-element-46688ce2 color-scheme-inherit text-left elementor-widget elementor-widget-text-editor\" data-id=\"46688ce2\" data-element_type=\"widget\" data-widget_type=\"text-editor.default\">\n\t\t\t\t<div class=\"elementor-widget-container\">\n\t\t\t\t\t\t\t\t\t<ul>\n<li>\n<p class=\"p1\">Protez Di\u015f Tedavileri (Protetik Di\u015f Hekimli\u011fi)<\/p>\n<\/li>\n<li>\n<p class=\"p1\">Restoratif Di\u015f Tedavileri<\/p>\n<\/li>\n<li>\n<p class=\"p1\">\u0130mplantoloji<\/p>\n<\/li>\n<li>\n<p class=\"p1\">Estetik Di\u015f Hekimli\u011fi<\/p>\n<\/li>\n<li>\n<p class=\"p1\">Di\u015f Lamina Uygulamalar\u0131<\/p>\n<\/li>\n<\/ul>\t\t\t\t\t\t\t\t<\/div>\n\t\t\t\t<\/div>\n\t\t\t\t\t<\/div>\n\t\t\t\t<\/div>\n\t\t\t\t<\/div>\n\t\t\t\t\t<\/div>\n\t\t<\/div>\n\t\t\t\t\t\t<\/div>\n\t\t\t\t<\/div>\n\t\t\t\t\t<\/div>\n\t\t\t\t<\/div>\n\t\t\t\t<\/div>","protected":false},"excerpt":{"rendered":"<p>E\u011fitim \u00c7al\u0131\u015ft\u0131\u011f\u0131 Kurumlar T\u0131bbi Alanlar 1998: \u015ei\u015fli Terakki Lisesi, Lise Mezunu 2004: \u0130stanbul \u00dcniversitesi Di\u015f Hekimli\u011fi Fak\u00fcltesi, Di\u015f Hekimi Y\u00fcksek<\/p>","protected":false},"author":3,"featured_media":0,"parent":0,"menu_order":0,"comment_status":"closed","ping_status":"closed","template":"","meta":{"footnotes":""},"class_list":["post-29839","page","type-page","status-publish","hentry"],"_links":{"self":[{"href":"https:\/\/westestetik.com\/en\/wp-json\/wp\/v2\/pages\/29839","targetHints":{"allow":["GET"]}}],"collection":[{"href":"https:\/\/westestetik.com\/en\/wp-json\/wp\/v2\/pages"}],"about":[{"href":"https:\/\/westestetik.com\/en\/wp-json\/wp\/v2\/types\/page"}],"author":[{"embeddable":true,"href":"https:\/\/westestetik.com\/en\/wp-json\/wp\/v2\/users\/3"}],"replies":[{"embeddable":true,"href":"https:\/\/westestetik.com\/en\/wp-json\/wp\/v2\/comments?post=29839"}],"version-history":[{"count":6,"href":"https:\/\/westestetik.com\/en\/wp-json\/wp\/v2\/pages\/29839\/revisions"}],"predecessor-version":[{"id":31529,"href":"https:\/\/westestetik.com\/en\/wp-json\/wp\/v2\/pages\/29839\/revisions\/31529"}],"wp:attachment":[{"href":"https:\/\/westestetik.com\/en\/wp-json\/wp\/v2\/media?parent=29839"}],"curies":[{"name":"wp","href":"https:\/\/api.w.org\/{rel}","templated":true}]}}