{"id":29819,"date":"2025-01-17T17:26:02","date_gmt":"2025-01-17T14:26:02","guid":{"rendered":"https:\/\/westestetik.com\/?page_id=29819"},"modified":"2025-05-26T17:58:35","modified_gmt":"2025-05-26T14:58:35","slug":"op-dr-acar","status":"publish","type":"page","link":"https:\/\/westestetik.com\/en\/op-dr-acar\/","title":{"rendered":"Op.Dr.Acar"},"content":{"rendered":"<div data-elementor-type=\"wp-page\" data-elementor-id=\"29819\" class=\"elementor elementor-29819\" data-elementor-post-type=\"page\">\n\t\t\t\t<div class=\"wd-negative-gap elementor-element elementor-element-67ebbf95 e-flex e-con-boxed e-con e-parent\" data-id=\"67ebbf95\" data-element_type=\"container\">\n\t\t\t\t\t<div class=\"e-con-inner\">\n\t\t\t\t<div class=\"elementor-element elementor-element-18b47083 e-n-tabs-mobile elementor-widget elementor-widget-n-tabs\" data-id=\"18b47083\" data-element_type=\"widget\" data-settings=\"{&quot;horizontal_scroll&quot;:&quot;disable&quot;}\" data-widget_type=\"nested-tabs.default\">\n\t\t\t\t<div class=\"elementor-widget-container\">\n\t\t\t\t\t\t\t<div class=\"e-n-tabs\" data-widget-number=\"414478467\" aria-label=\"Tabs. Open items with Enter or Space, close with Escape and navigate using the Arrow keys.\" data-no-translation-aria-label=\"\">\n\t\t\t<div class=\"e-n-tabs-heading\" role=\"tablist\">\n\t\t\t\t\t<button id=\"e-n-tab-title-4144784671\" class=\"e-n-tab-title\" aria-selected=\"true\" data-tab-index=\"1\" role=\"tab\" tabindex=\"0\" aria-controls=\"e-n-tab-content-4144784671\" style=\"--n-tabs-title-order: 1;\">\n\t\t\t\t\t\t<span class=\"e-n-tab-title-text\">\n\t\t\t\tEducation\t\t\t<\/span>\n\t\t<\/button>\n\t\t\t\t<button id=\"e-n-tab-title-4144784672\" class=\"e-n-tab-title\" aria-selected=\"false\" data-tab-index=\"2\" role=\"tab\" tabindex=\"-1\" aria-controls=\"e-n-tab-content-4144784672\" style=\"--n-tabs-title-order: 2;\">\n\t\t\t\t\t\t<span class=\"e-n-tab-title-text\">\n\t\t\t\tWorking Institutions\t\t\t<\/span>\n\t\t<\/button>\n\t\t\t\t<button id=\"e-n-tab-title-4144784673\" class=\"e-n-tab-title\" aria-selected=\"false\" data-tab-index=\"3\" role=\"tab\" tabindex=\"-1\" aria-controls=\"e-n-tab-content-4144784673\" style=\"--n-tabs-title-order: 3;\">\n\t\t\t\t\t\t<span class=\"e-n-tab-title-text\">\n\t\t\t\tMedical Fields\t\t\t<\/span>\n\t\t<\/button>\n\t\t\t\t<button id=\"e-n-tab-title-4144784674\" class=\"e-n-tab-title\" aria-selected=\"false\" data-tab-index=\"4\" role=\"tab\" tabindex=\"-1\" aria-controls=\"e-n-tab-content-4144784674\" style=\"--n-tabs-title-order: 4;\">\n\t\t\t\t\t\t<span class=\"e-n-tab-title-text\">\n\t\t\t\tTasks\/Memberships\t\t\t<\/span>\n\t\t<\/button>\n\t\t\t\t\t<\/div>\n\t\t\t<div class=\"e-n-tabs-content\">\n\t\t\t\t<div id=\"e-n-tab-content-4144784671\" role=\"tabpanel\" aria-labelledby=\"e-n-tab-title-4144784671\" data-tab-index=\"1\" style=\"--n-tabs-title-order: 1;\" class=\"e-active elementor-element elementor-element-31aff327 e-con-full e-flex e-con e-child\" data-id=\"31aff327\" data-element_type=\"container\">\n\t\t<div class=\"wd-negative-gap elementor-element elementor-element-6190f18f e-flex e-con-boxed e-con e-child\" data-id=\"6190f18f\" data-element_type=\"container\">\n\t\t\t\t\t<div class=\"e-con-inner\">\n\t\t\t\t<div class=\"elementor-element elementor-element-539c990d color-scheme-inherit text-left elementor-widget elementor-widget-text-editor\" data-id=\"539c990d\" data-element_type=\"widget\" data-widget_type=\"text-editor.default\">\n\t\t\t\t<div class=\"elementor-widget-container\">\n\t\t\t\t\t\t\t\t\t<ul>\n<li>\n<p class=\"p1\">Adem Tolunay Science High School<\/p>\n<\/li>\n<li>\n<p class=\"p1\">Akdeniz University Faculty of Medicine, Doctor of Medicine<\/p>\n<\/li>\n<li>\n<p class=\"p1\">S.B.U. Antalya Training and Research Hospital, Department of General Surgery (Residency Training)<\/p>\n<\/li>\n<\/ul>\t\t\t\t\t\t\t\t<\/div>\n\t\t\t\t<\/div>\n\t\t\t\t\t<\/div>\n\t\t\t\t<\/div>\n\t\t\t\t<\/div>\n\t\t<div id=\"e-n-tab-content-4144784672\" role=\"tabpanel\" aria-labelledby=\"e-n-tab-title-4144784672\" data-tab-index=\"2\" style=\"--n-tabs-title-order: 2;\" class=\"elementor-element elementor-element-2ed75a34 e-con-full e-flex e-con e-child\" data-id=\"2ed75a34\" data-element_type=\"container\">\n\t\t<div class=\"wd-negative-gap elementor-element elementor-element-1fd0d91e e-flex e-con-boxed e-con e-child\" data-id=\"1fd0d91e\" data-element_type=\"container\">\n\t\t\t\t\t<div class=\"e-con-inner\">\n\t\t\t\t<div class=\"elementor-element elementor-element-358522f0 color-scheme-inherit text-left elementor-widget elementor-widget-text-editor\" data-id=\"358522f0\" data-element_type=\"widget\" data-widget_type=\"text-editor.default\">\n\t\t\t\t<div class=\"elementor-widget-container\">\n\t\t\t\t\t\t\t\t\t<ul>\n<li>\n<p class=\"p1\"><b>2025 \u2013 G\u00fcn\u00fcm\u00fcz:<\/b><span class=\"s1\"> West Aesthetics<\/span><\/p>\n<\/li>\n<li>\n<p class=\"p1\">S.B.\u00dc. Antalya E\u011fitim ve Ara\u015ft\u0131rma Hastanesi, Genel Cerrahi Klini\u011fi<\/p>\n<\/li>\n<\/ul>\t\t\t\t\t\t\t\t<\/div>\n\t\t\t\t<\/div>\n\t\t\t\t\t<\/div>\n\t\t\t\t<\/div>\n\t\t\t\t<\/div>\n\t\t<div id=\"e-n-tab-content-4144784673\" role=\"tabpanel\" aria-labelledby=\"e-n-tab-title-4144784673\" data-tab-index=\"3\" style=\"--n-tabs-title-order: 3;\" class=\"elementor-element elementor-element-671be594 e-con-full e-flex e-con e-child\" data-id=\"671be594\" data-element_type=\"container\">\n\t\t<div class=\"wd-negative-gap elementor-element elementor-element-52671f54 e-flex e-con-boxed e-con e-child\" data-id=\"52671f54\" data-element_type=\"container\">\n\t\t\t\t\t<div class=\"e-con-inner\">\n\t\t\t\t<div class=\"elementor-element elementor-element-60f49b14 color-scheme-inherit text-left elementor-widget elementor-widget-text-editor\" data-id=\"60f49b14\" data-element_type=\"widget\" data-widget_type=\"text-editor.default\">\n\t\t\t\t<div class=\"elementor-widget-container\">\n\t\t\t\t\t\t\t\t\t<ul>\n<li>\n<p class=\"p1\">Bariatrik Cerrahi<\/p>\n<\/li>\n<li>\n<p class=\"p1\">Metabolik Cerrahi<\/p>\n<\/li>\n<li>\n<p class=\"p1\">T\u00fcp Mide Ameliyat\u0131 (Sleeve Gastrektomi)<\/p>\n<\/li>\n<li>\n<p class=\"p1\">Gastric Bypass<\/p>\n<\/li>\n<li>\n<p class=\"p1\">Gastrik Balon Uygulamalar\u0131<\/p>\n<\/li>\n<li>\n<p class=\"p1\">Revizyon Ameliyatlar\u0131<\/p>\n<\/li>\n<li>\n<p class=\"p1\">Endoskopik Y\u00f6ntemler<\/p>\n<\/li>\n<li>\n<p class=\"p1\">Yutulabilir Mide Balonu (Allurion)<\/p>\n<\/li>\n<li>\n<p class=\"p1\">Laparoskopik F\u0131t\u0131k Cerrahisi<\/p>\n<\/li>\n<\/ul>\t\t\t\t\t\t\t\t<\/div>\n\t\t\t\t<\/div>\n\t\t\t\t\t<\/div>\n\t\t\t\t<\/div>\n\t\t\t\t<\/div>\n\t\t<div class=\"wd-negative-gap  elementor-element elementor-element-3daec159 e-flex e-con-boxed e-con e-child\" id=\"e-n-tab-content-4144784674\" role=\"tabpanel\" aria-labelledby=\"e-n-tab-title-4144784674\" data-tab-index=\"4\" style=\"--n-tabs-title-order: 4;\" data-id=\"3daec159\" data-element_type=\"container\">\n\t\t\t\t\t<div class=\"e-con-inner\">\n\t\t<div class=\"elementor-element elementor-element-71470c63 e-con-full e-flex e-con e-child\" data-id=\"71470c63\" data-element_type=\"container\">\n\t\t\t\t<div class=\"elementor-element elementor-element-67b3311e color-scheme-inherit text-left elementor-widget elementor-widget-text-editor\" data-id=\"67b3311e\" data-element_type=\"widget\" data-widget_type=\"text-editor.default\">\n\t\t\t\t<div class=\"elementor-widget-container\">\n\t\t\t\t\t\t\t\t\t<h3><b>G\u00f6revler<\/b><\/h3>\n<ul>\n<li>\n<p class=\"p1\">S.B.\u00dc. Antalya E\u011fitim ve Ara\u015ft\u0131rma Hastanesi, Genel Cerrahi Uzman\u0131<\/p>\n<\/li>\n<li>\n<p class=\"p1\">West Estetik, Bariatrik ve Metabolik Cerrahi Uzman\u0131<\/p>\n<\/li>\n<\/ul>\n<hr \/>\n<h3><b>\u00dcyelikler<\/b><\/h3>\n<ul>\n<li>\n<p class=\"p1\">T\u00fcrk Cerrahi Derne\u011fi<\/p>\n<\/li>\n<li>\n<p class=\"p1\">T\u00fcrk Metabolik Cerrahi Derne\u011fi<\/p>\n<\/li>\n<li>\n<p class=\"p1\">Uluslararas\u0131 Bariatrik Cerrahi Derne\u011fi (IFSO &#8211; International Federation for the Surgery of Obesity and Metabolic Disorders)<\/p>\n<\/li>\n<\/ul>\t\t\t\t\t\t\t\t<\/div>\n\t\t\t\t<\/div>\n\t\t\t\t<\/div>\n\t\t\t\t\t<\/div>\n\t\t\t\t<\/div>\n\t\t\t\t\t<\/div>\n\t\t<\/div>\n\t\t\t\t\t\t<\/div>\n\t\t\t\t<\/div>\n\t\t\t\t\t<\/div>\n\t\t\t\t<\/div>\n\t\t\t\t<\/div>","protected":false},"excerpt":{"rendered":"<p>E\u011fitim \u00c7al\u0131\u015ft\u0131\u011f\u0131 Kurumlar T\u0131bbi Alanlar G\u00f6revler\/\u00dcyelikler Adem Tolunay Fen Lisesi Akdeniz \u00dcniversitesi T\u0131p Fak\u00fcltesi, T\u0131p Doktoru S.B.\u00dc. Antalya E\u011fitim ve<\/p>","protected":false},"author":3,"featured_media":0,"parent":0,"menu_order":0,"comment_status":"closed","ping_status":"closed","template":"","meta":{"footnotes":""},"class_list":["post-29819","page","type-page","status-publish","hentry"],"_links":{"self":[{"href":"https:\/\/westestetik.com\/en\/wp-json\/wp\/v2\/pages\/29819","targetHints":{"allow":["GET"]}}],"collection":[{"href":"https:\/\/westestetik.com\/en\/wp-json\/wp\/v2\/pages"}],"about":[{"href":"https:\/\/westestetik.com\/en\/wp-json\/wp\/v2\/types\/page"}],"author":[{"embeddable":true,"href":"https:\/\/westestetik.com\/en\/wp-json\/wp\/v2\/users\/3"}],"replies":[{"embeddable":true,"href":"https:\/\/westestetik.com\/en\/wp-json\/wp\/v2\/comments?post=29819"}],"version-history":[{"count":5,"href":"https:\/\/westestetik.com\/en\/wp-json\/wp\/v2\/pages\/29819\/revisions"}],"predecessor-version":[{"id":31505,"href":"https:\/\/westestetik.com\/en\/wp-json\/wp\/v2\/pages\/29819\/revisions\/31505"}],"wp:attachment":[{"href":"https:\/\/westestetik.com\/en\/wp-json\/wp\/v2\/media?parent=29819"}],"curies":[{"name":"wp","href":"https:\/\/api.w.org\/{rel}","templated":true}]}}