{"id":29801,"date":"2025-01-17T17:20:01","date_gmt":"2025-01-17T14:20:01","guid":{"rendered":"https:\/\/westestetik.com\/?page_id=29801"},"modified":"2025-09-14T18:19:23","modified_gmt":"2025-09-14T15:19:23","slug":"op-dr-tezcan","status":"publish","type":"page","link":"https:\/\/westestetik.com\/en\/op-dr-tezcan\/","title":{"rendered":"Op.Dr.Tezcan"},"content":{"rendered":"<p><button id=\"e-n-tab-title-3862799371\" style=\"--n-tabs-title-order: 1;\" tabindex=\"0\" role=\"tab\" aria-selected=\"true\" data-tab-index=\"1\" aria-controls=\"e-n-tab-content-3862799371\"><br \/>\nEducation<br \/>\n<\/button><br \/>\n<button id=\"e-n-tab-title-3862799372\" style=\"--n-tabs-title-order: 2;\" tabindex=\"-1\" role=\"tab\" aria-selected=\"false\" data-tab-index=\"2\" aria-controls=\"e-n-tab-content-3862799372\"><br \/>\nWorking Institutions<br \/>\n<\/button><br \/>\n<button id=\"e-n-tab-title-3862799373\" style=\"--n-tabs-title-order: 3;\" tabindex=\"-1\" role=\"tab\" aria-selected=\"false\" data-tab-index=\"3\" aria-controls=\"e-n-tab-content-3862799373\"><br \/>\nMedical Fields<br \/>\n<\/button><br \/>\n<button id=\"e-n-tab-title-3862799374\" style=\"--n-tabs-title-order: 4;\" tabindex=\"-1\" role=\"tab\" aria-selected=\"false\" data-tab-index=\"4\" aria-controls=\"e-n-tab-content-3862799374\"><br \/>\nTasks\/Memberships<br \/>\n<\/button><\/p>\n<ul>\n<li><b>1998 \u2013 2002:<\/b> Istanbul Kuleli Military High School<\/li>\n<li><b>2002 \u2013 2008:<\/b> G\u00fclhane Military Medical Faculty, Doctor of Medicine<\/li>\n<li><b>Expertise:<\/b> Ankara Ke\u00e7i\u00f6ren Training and Research Hospital, Clinic of Plastic, Reconstructive and Aesthetic Surgery<\/li>\n<\/ul>\n<ul>\n<li><b>2022 \u2013 G\u00fcn\u00fcm\u00fcz:<\/b> West Aesthetics<\/li>\n<li>Yozgat \u015eehir Hastanesi, Uzman Hekim<\/li>\n<li>\u00dcmraniye E\u011fitim ve Ara\u015ft\u0131rma Hastanesi, Uzman Hekim<\/li>\n<\/ul>\n<ul>\n<li>Plastik, Rekonstr\u00fcktif ve Estetik Cerrahi<\/li>\n<li>Y\u00fcz esteti\u011fi<\/li>\n<li>V\u00fccut \u015fekillendirme<\/li>\n<li>Rekonstr\u00fcktif cerrahi<\/li>\n<li>Mikrocerrahi<\/li>\n<li>Yan\u0131k tedavisi<\/li>\n<li>El cerrahisi<\/li>\n<\/ul>\n<ul>\n<li>Estetik cerrahi alan\u0131nda \u00e7ok say\u0131da ulusal ve uluslararas\u0131 kongre ve konferansa kat\u0131l\u0131m<\/li>\n<li>Ulusal ve uluslararas\u0131 dergilerde makale yay\u0131nlar\u0131<\/li>\n<\/ul>\n<ul>\n<li><b>1998 \u2013 2002:<\/b> Istanbul Kuleli Military High School<\/li>\n<li><b>2002 \u2013 2008:<\/b> G\u00fclhane Military Medical Faculty, Doctor of Medicine<\/li>\n<li><b>Expertise:<\/b> Ankara Ke\u00e7i\u00f6ren Training and Research Hospital, Clinic of Plastic, Reconstructive and Aesthetic Surgery<\/li>\n<\/ul>\n<ul>\n<li><b>2025 \u2013 G\u00fcn\u00fcm\u00fcz:<\/b> West Aesthetics<\/li>\n<li>Yozgat \u015eehir Hastanesi, Uzman Hekim<\/li>\n<li>\u00dcmraniye E\u011fitim ve Ara\u015ft\u0131rma Hastanesi, Uzman Hekim<\/li>\n<\/ul>\n<ul>\n<li>Plastik, Rekonstr\u00fcktif ve Estetik Cerrahi<\/li>\n<li>Y\u00fcz esteti\u011fi<\/li>\n<li>V\u00fccut \u015fekillendirme<\/li>\n<li>Rekonstr\u00fcktif cerrahi<\/li>\n<li>Mikrocerrahi<\/li>\n<li>Yan\u0131k tedavisi<\/li>\n<li>El cerrahisi<\/li>\n<\/ul>\n<ul>\n<li>Estetik cerrahi alan\u0131nda \u00e7ok say\u0131da ulusal ve uluslararas\u0131 kongre ve konferansa kat\u0131l\u0131m<\/li>\n<li>Ulusal ve uluslararas\u0131 dergilerde makale yay\u0131nlar\u0131<\/li>\n<\/ul>","protected":false},"excerpt":{"rendered":"<p>E\u011fitim \u00c7al\u0131\u015ft\u0131\u011f\u0131 Kurumlar T\u0131bbi Alanlar G\u00f6revler\/\u00dcyelikler 1998 \u2013 2002: \u0130stanbul Kuleli Askeri Lisesi 2002 \u2013 2008: G\u00fclhane Askeri T\u0131p Fak\u00fcltesi,<\/p>","protected":false},"author":3,"featured_media":0,"parent":0,"menu_order":0,"comment_status":"closed","ping_status":"closed","template":"","meta":{"footnotes":""},"class_list":["post-29801","page","type-page","status-publish","hentry"],"_links":{"self":[{"href":"https:\/\/westestetik.com\/en\/wp-json\/wp\/v2\/pages\/29801","targetHints":{"allow":["GET"]}}],"collection":[{"href":"https:\/\/westestetik.com\/en\/wp-json\/wp\/v2\/pages"}],"about":[{"href":"https:\/\/westestetik.com\/en\/wp-json\/wp\/v2\/types\/page"}],"author":[{"embeddable":true,"href":"https:\/\/westestetik.com\/en\/wp-json\/wp\/v2\/users\/3"}],"replies":[{"embeddable":true,"href":"https:\/\/westestetik.com\/en\/wp-json\/wp\/v2\/comments?post=29801"}],"version-history":[{"count":7,"href":"https:\/\/westestetik.com\/en\/wp-json\/wp\/v2\/pages\/29801\/revisions"}],"predecessor-version":[{"id":31775,"href":"https:\/\/westestetik.com\/en\/wp-json\/wp\/v2\/pages\/29801\/revisions\/31775"}],"wp:attachment":[{"href":"https:\/\/westestetik.com\/en\/wp-json\/wp\/v2\/media?parent=29801"}],"curies":[{"name":"wp","href":"https:\/\/api.w.org\/{rel}","templated":true}]}}