{"id":29664,"date":"2025-01-12T23:48:38","date_gmt":"2025-01-12T20:48:38","guid":{"rendered":"https:\/\/westestetik.com\/?page_id=29664"},"modified":"2025-03-19T04:04:56","modified_gmt":"2025-03-19T01:04:56","slug":"rhinoplasty-turkey","status":"publish","type":"page","link":"https:\/\/westestetik.com\/en\/rhinoplasty-turkey\/","title":{"rendered":"Rhinoplasty in Turkey"},"content":{"rendered":"<div data-elementor-type=\"wp-page\" data-elementor-id=\"29664\" class=\"elementor elementor-29664\" data-elementor-post-type=\"page\">\n\t\t\t\t<div class=\"elementor-element elementor-element-4543f376 e-con-full elementor-hidden-mobile e-flex e-con e-parent\" data-id=\"4543f376\" data-element_type=\"container\">\n\t\t<div class=\"elementor-element elementor-element-343d0cd4 e-con-full e-flex e-con e-child\" data-id=\"343d0cd4\" data-element_type=\"container\">\n\t\t\t\t<div class=\"elementor-element elementor-element-18be3e06 elementor-widget elementor-widget-image\" data-id=\"18be3e06\" data-element_type=\"widget\" data-widget_type=\"image.default\">\n\t\t\t\t<div class=\"elementor-widget-container\">\n\t\t\t\t\t\t\t\t\t\t\t\t\t\t\t<img decoding=\"async\" width=\"100\" height=\"100\" src=\"https:\/\/westestetik.com\/wp-content\/uploads\/2024\/12\/1-4.png\" class=\"attachment-thumbnail size-thumbnail wp-image-28814\" alt=\"\" srcset=\"https:\/\/westestetik.com\/wp-content\/uploads\/2024\/12\/1-4.png 100w, https:\/\/westestetik.com\/wp-content\/uploads\/2024\/12\/1-4-12x12.png 12w\" sizes=\"(max-width: 100px) 100vw, 100px\" \/>\t\t\t\t\t\t\t\t\t\t\t\t\t\t\t<\/div>\n\t\t\t\t<\/div>\n\t\t\t\t<\/div>\n\t\t<div class=\"elementor-element elementor-element-46c19d30 e-con-full e-flex e-con e-child\" data-id=\"46c19d30\" data-element_type=\"container\">\n\t\t\t\t<div class=\"elementor-element elementor-element-5f187858 elementor-widget elementor-widget-image\" data-id=\"5f187858\" data-element_type=\"widget\" data-widget_type=\"image.default\">\n\t\t\t\t<div class=\"elementor-widget-container\">\n\t\t\t\t\t\t\t\t\t\t\t\t\t\t\t<img decoding=\"async\" width=\"100\" height=\"100\" src=\"https:\/\/westestetik.com\/wp-content\/uploads\/2024\/12\/2-5.png\" class=\"attachment-large size-large wp-image-28815\" alt=\"\" srcset=\"https:\/\/westestetik.com\/wp-content\/uploads\/2024\/12\/2-5.png 100w, https:\/\/westestetik.com\/wp-content\/uploads\/2024\/12\/2-5-12x12.png 12w\" sizes=\"(max-width: 100px) 100vw, 100px\" \/>\t\t\t\t\t\t\t\t\t\t\t\t\t\t\t<\/div>\n\t\t\t\t<\/div>\n\t\t\t\t<\/div>\n\t\t<div class=\"elementor-element elementor-element-9cb173e e-con-full e-flex e-con e-child\" data-id=\"9cb173e\" data-element_type=\"container\">\n\t\t\t\t<div class=\"elementor-element elementor-element-3c327db4 elementor-widget elementor-widget-image\" data-id=\"3c327db4\" data-element_type=\"widget\" data-widget_type=\"image.default\">\n\t\t\t\t<div class=\"elementor-widget-container\">\n\t\t\t\t\t\t\t\t\t\t\t\t\t\t\t<img decoding=\"async\" width=\"100\" height=\"100\" src=\"https:\/\/westestetik.com\/wp-content\/uploads\/2024\/12\/3-1.png\" class=\"attachment-large size-large wp-image-28816\" alt=\"\" srcset=\"https:\/\/westestetik.com\/wp-content\/uploads\/2024\/12\/3-1.png 100w, https:\/\/westestetik.com\/wp-content\/uploads\/2024\/12\/3-1-12x12.png 12w\" sizes=\"(max-width: 100px) 100vw, 100px\" \/>\t\t\t\t\t\t\t\t\t\t\t\t\t\t\t<\/div>\n\t\t\t\t<\/div>\n\t\t\t\t<\/div>\n\t\t<div class=\"elementor-element elementor-element-bb7ff41 e-con-full e-flex e-con e-child\" data-id=\"bb7ff41\" data-element_type=\"container\">\n\t\t\t\t<div class=\"elementor-element elementor-element-60505f83 elementor-widget elementor-widget-image\" data-id=\"60505f83\" data-element_type=\"widget\" data-widget_type=\"image.default\">\n\t\t\t\t<div class=\"elementor-widget-container\">\n\t\t\t\t\t\t\t\t\t\t\t\t\t\t\t<img loading=\"lazy\" decoding=\"async\" width=\"100\" height=\"100\" src=\"https:\/\/westestetik.com\/wp-content\/uploads\/2024\/12\/4-1.png\" class=\"attachment-large size-large wp-image-28817\" alt=\"\" srcset=\"https:\/\/westestetik.com\/wp-content\/uploads\/2024\/12\/4-1.png 100w, https:\/\/westestetik.com\/wp-content\/uploads\/2024\/12\/4-1-12x12.png 12w\" sizes=\"(max-width: 100px) 100vw, 100px\" \/>\t\t\t\t\t\t\t\t\t\t\t\t\t\t\t<\/div>\n\t\t\t\t<\/div>\n\t\t\t\t<\/div>\n\t\t<div class=\"elementor-element elementor-element-3805de2a e-con-full e-flex e-con e-child\" data-id=\"3805de2a\" data-element_type=\"container\">\n\t\t\t\t<div class=\"elementor-element elementor-element-7996254 elementor-widget elementor-widget-image\" data-id=\"7996254\" data-element_type=\"widget\" data-widget_type=\"image.default\">\n\t\t\t\t<div class=\"elementor-widget-container\">\n\t\t\t\t\t\t\t\t\t\t\t\t\t\t\t<img loading=\"lazy\" decoding=\"async\" width=\"100\" height=\"100\" src=\"https:\/\/westestetik.com\/wp-content\/uploads\/2024\/12\/5-1.png\" class=\"attachment-large size-large wp-image-28818\" alt=\"\" srcset=\"https:\/\/westestetik.com\/wp-content\/uploads\/2024\/12\/5-1.png 100w, https:\/\/westestetik.com\/wp-content\/uploads\/2024\/12\/5-1-12x12.png 12w\" sizes=\"(max-width: 100px) 100vw, 100px\" \/>\t\t\t\t\t\t\t\t\t\t\t\t\t\t\t<\/div>\n\t\t\t\t<\/div>\n\t\t\t\t<\/div>\n\t\t\t\t<\/div>\n\t\t<div class=\"wd-negative-gap elementor-element elementor-element-465fb2ea e-flex e-con-boxed e-con e-parent\" data-id=\"465fb2ea\" data-element_type=\"container\">\n\t\t\t\t\t<div class=\"e-con-inner\">\n\t\t<div class=\"elementor-element elementor-element-7923794a e-con-full e-flex e-con e-child\" data-id=\"7923794a\" data-element_type=\"container\">\n\t\t\t\t<div class=\"elementor-element elementor-element-4529ce67 wd-width-100 elementor-widget elementor-widget-wd_title\" data-id=\"4529ce67\" data-element_type=\"widget\" data-widget_type=\"wd_title.default\">\n\t\t\t\t<div class=\"elementor-widget-container\">\n\t\t\t\t\t\t\t<div class=\"title-wrapper set-mb-s reset-last-child wd-title-color-default wd-title-style-default wd-title-size-default text-center\">\n\n\t\t\t\t\t\t\t<div class=\"title-subtitle subtitle-color-default subtitle-style-default wd-fontsize-xs\">\n\t\t\t\t\tAverage Length of Stay\t\t\t\t<\/div>\n\t\t\t\n\t\t\t<div class=\"liner-continer\">\n\t\t\t\t<p class=\"woodmart-title-container title wd-fontsize-l\">7 Days<\/p> \n\t\t\t\t\t\t\t<\/div>\n\n\t\t\t\t\t<\/div>\n\t\t\t\t\t\t<\/div>\n\t\t\t\t<\/div>\n\t\t\t\t<\/div>\n\t\t<div class=\"elementor-element elementor-element-8c0740f e-con-full e-flex e-con e-child\" data-id=\"8c0740f\" data-element_type=\"container\">\n\t\t\t\t<div class=\"elementor-element elementor-element-af5b86e wd-width-100 elementor-widget elementor-widget-wd_title\" data-id=\"af5b86e\" data-element_type=\"widget\" data-widget_type=\"wd_title.default\">\n\t\t\t\t<div class=\"elementor-widget-container\">\n\t\t\t\t\t\t\t<div class=\"title-wrapper set-mb-s reset-last-child wd-title-color-default wd-title-style-default wd-title-size-default text-center\">\n\n\t\t\t\t\t\t\t<div class=\"title-subtitle subtitle-color-default subtitle-style-default wd-fontsize-xs\">\n\t\t\t\t\tDuration of Hospitalisation\t\t\t\t<\/div>\n\t\t\t\n\t\t\t<div class=\"liner-continer\">\n\t\t\t\t<p class=\"woodmart-title-container title wd-fontsize-l\">1 Day<\/p> \n\t\t\t\t\t\t\t<\/div>\n\n\t\t\t\t\t<\/div>\n\t\t\t\t\t\t<\/div>\n\t\t\t\t<\/div>\n\t\t\t\t<\/div>\n\t\t<div class=\"elementor-element elementor-element-4f1a4c56 e-con-full e-flex e-con e-child\" data-id=\"4f1a4c56\" data-element_type=\"container\">\n\t\t\t\t<div class=\"elementor-element elementor-element-75a62c04 wd-width-100 elementor-widget elementor-widget-wd_title\" data-id=\"75a62c04\" data-element_type=\"widget\" data-widget_type=\"wd_title.default\">\n\t\t\t\t<div class=\"elementor-widget-container\">\n\t\t\t\t\t\t\t<div class=\"title-wrapper set-mb-s reset-last-child wd-title-color-default wd-title-style-default wd-title-size-default text-center\">\n\n\t\t\t\t\t\t\t<div class=\"title-subtitle subtitle-color-default subtitle-style-default wd-fontsize-xs\">\n\t\t\t\t\tOperation Duration\t\t\t\t<\/div>\n\t\t\t\n\t\t\t<div class=\"liner-continer\">\n\t\t\t\t<p class=\"woodmart-title-container title wd-fontsize-l\">2-4 Hours<\/p> \n\t\t\t\t\t\t\t<\/div>\n\n\t\t\t\t\t<\/div>\n\t\t\t\t\t\t<\/div>\n\t\t\t\t<\/div>\n\t\t\t\t<\/div>\n\t\t<div class=\"elementor-element elementor-element-3e4d1fec e-con-full e-flex e-con e-child\" data-id=\"3e4d1fec\" data-element_type=\"container\">\n\t\t\t\t<div class=\"elementor-element elementor-element-13f5d97b wd-width-100 elementor-widget elementor-widget-wd_title\" data-id=\"13f5d97b\" data-element_type=\"widget\" data-widget_type=\"wd_title.default\">\n\t\t\t\t<div class=\"elementor-widget-container\">\n\t\t\t\t\t\t\t<div class=\"title-wrapper set-mb-s reset-last-child wd-title-color-default wd-title-style-default wd-title-size-default text-center\">\n\n\t\t\t\t\t\t\t<div class=\"title-subtitle subtitle-color-default subtitle-style-default wd-fontsize-xs\">\n\t\t\t\t\tAnaesthesia Type\t\t\t\t<\/div>\n\t\t\t\n\t\t\t<div class=\"liner-continer\">\n\t\t\t\t<p class=\"woodmart-title-container title wd-fontsize-l\">General Anaesthesia<\/p> \n\t\t\t\t\t\t\t<\/div>\n\n\t\t\t\t\t<\/div>\n\t\t\t\t\t\t<\/div>\n\t\t\t\t<\/div>\n\t\t\t\t<\/div>\n\t\t<div class=\"elementor-element elementor-element-3a73b15 e-con-full e-flex e-con e-child\" data-id=\"3a73b15\" data-element_type=\"container\">\n\t\t\t\t<div class=\"elementor-element elementor-element-3a3eeff9 wd-width-100 elementor-widget elementor-widget-wd_title\" data-id=\"3a3eeff9\" data-element_type=\"widget\" data-widget_type=\"wd_title.default\">\n\t\t\t\t<div class=\"elementor-widget-container\">\n\t\t\t\t\t\t\t<div class=\"title-wrapper set-mb-s reset-last-child wd-title-color-default wd-title-style-default wd-title-size-default text-center\">\n\n\t\t\t\t\t\t\t<div class=\"title-subtitle subtitle-color-default subtitle-style-default wd-fontsize-xs\">\n\t\t\t\t\tRecovery Time\t\t\t\t<\/div>\n\t\t\t\n\t\t\t<div class=\"liner-continer\">\n\t\t\t\t<p class=\"woodmart-title-container title wd-fontsize-l\">1-2 Weeks<\/p> \n\t\t\t\t\t\t\t<\/div>\n\n\t\t\t\t\t<\/div>\n\t\t\t\t\t\t<\/div>\n\t\t\t\t<\/div>\n\t\t\t\t<\/div>\n\t\t\t\t\t<\/div>\n\t\t\t\t<\/div>\n\t\t<div class=\"wd-negative-gap elementor-element elementor-element-f28cbd7 e-flex e-con-boxed e-con e-parent\" data-id=\"f28cbd7\" data-element_type=\"container\">\n\t\t\t\t\t<div class=\"e-con-inner\">\n\t\t\t\t<div class=\"elementor-element elementor-element-ccaa5af color-scheme-inherit text-left elementor-widget elementor-widget-text-editor\" data-id=\"ccaa5af\" data-element_type=\"widget\" data-widget_type=\"text-editor.default\">\n\t\t\t\t<div class=\"elementor-widget-container\">\n\t\t\t\t\t\t\t\t\t<h2><b>What is Nose Aesthetics (Rhinoplasty) and How Is It Performed?<\/b><\/h2><p><span style=\"font-weight: 400;\">Rhinoplasty, called \u201crhinoplasty\u201d in medical language, is a surgical procedure that involves both aesthetic and functional regulation of the nasal structure. Rhinoplasty can be performed to change the shape of the nose, improve respiratory function or correct congenital or acquired structural defects.<\/span><\/p><p>\u00a0<\/p><p><span style=\"font-weight: 400;\">Different techniques can be applied in rhinoplasty surgeries depending on the needs and expectations of the patient. This surgery, which is usually performed under general anesthesia, is performed by making adjustments to the cartilage and bone structure of the nose. The postoperative healing process may vary depending on the patient, but the nose usually takes its full shape within 6 to 12 months.<\/span><\/p><h3><b>Open Rhinoplasty<\/b><\/h3><p><span style=\"font-weight: 400;\">Open rhinoplasty is a procedure performed by making a small incision at the tip of the nose. Through this incision, the surgeon has full access to the nasal cartilage and bone structure and can make detailed arrangements.<\/span><\/p><p><b>Advantages:<\/b><\/p><ul><li style=\"font-weight: 400;\" aria-level=\"1\"><span style=\"font-weight: 400;\">It provides a wide access to the nasal structure.<\/span><\/li><li style=\"font-weight: 400;\" aria-level=\"1\"><span style=\"font-weight: 400;\">It works better in complex cases.<\/span><\/li><li style=\"font-weight: 400;\" aria-level=\"1\"><span style=\"font-weight: 400;\">It offers more control in nasal tip arrangements.<\/span><\/li><\/ul><p><b>Disadvantages:<\/b><\/p><ul><li style=\"font-weight: 400;\" aria-level=\"1\"><span style=\"font-weight: 400;\">The healing process may be a little longer in the incision area.<\/span><\/li><li style=\"font-weight: 400;\" aria-level=\"1\"><span style=\"font-weight: 400;\">A slight scar may remain but usually disappears over time.<\/span><\/li><\/ul><h3><b>Closed Rhinoplasty<\/b><\/h3><p><span style=\"font-weight: 400;\">Closed rhinoplasty is a technique performed with incisions made through the nose. No external incisions are made, so the healing process is usually faster.<\/span><\/p><p><b>Advantages:<\/b><\/p><ul><li style=\"font-weight: 400;\" aria-level=\"1\"><span style=\"font-weight: 400;\">Since the skin is not sublimated, there is less swelling and bruising.<\/span><\/li><li style=\"font-weight: 400;\" aria-level=\"1\"><span style=\"font-weight: 400;\">Postoperative recovery is faster.<\/span><\/li><li style=\"font-weight: 400;\" aria-level=\"1\"><span style=\"font-weight: 400;\">There will be no trace from the outside.<\/span><\/li><\/ul><p><b>Disadvantages:<\/b><\/p><ul><li style=\"font-weight: 400;\" aria-level=\"1\"><span style=\"font-weight: 400;\">The field of vision for the surgeon may be more limited.<\/span><\/li><li style=\"font-weight: 400;\" aria-level=\"1\"><span style=\"font-weight: 400;\">May not be suitable for complex nasal arrangements.<\/span><\/li><\/ul><h2><span style=\"font-weight: 400;\">What You Should Know About Rhinoplasty<\/span><\/h2><ul><li style=\"font-weight: 400;\" aria-level=\"1\"><span style=\"font-weight: 400;\">You should sleep with your head upright for the first 48 hours after rhinoplasty.<\/span><\/li><li style=\"font-weight: 400;\" aria-level=\"1\"><span style=\"font-weight: 400;\">You should avoid direct exposure to the sun and protect your nose.<\/span><\/li><li style=\"font-weight: 400;\" aria-level=\"1\"><span style=\"font-weight: 400;\">For 2 weeks you should avoid intense exercise.<\/span><\/li><\/ul><h2><span style=\"font-weight: 400;\">When Should Rhinoplasty Be Performed?<\/span><\/h2><ul><li style=\"font-weight: 400;\" aria-level=\"1\"><span style=\"font-weight: 400;\">Y\u00fcze orant\u0131l\u0131 bir burun yap\u0131s\u0131 elde etmek i\u00e7in.<\/span><\/li><li style=\"font-weight: 400;\" aria-level=\"1\"><span style=\"font-weight: 400;\">Solunum problemlerini gidermek amac\u0131yla.<\/span><\/li><li style=\"font-weight: 400;\" aria-level=\"1\"><span style=\"font-weight: 400;\">Burun k\u0131k\u0131rdak veya kemik yap\u0131s\u0131nda bozukluk olan ki\u015filer i\u00e7in.<\/span><\/li><li style=\"font-weight: 400;\" aria-level=\"1\"><span style=\"font-weight: 400;\">Daha \u00f6nce ge\u00e7irilen travma veya kazalar sonras\u0131.<\/span><\/li><\/ul><h2><span style=\"font-weight: 400;\">Conditions that should not be applied rhinoplasty<\/span><\/h2><ul><li style=\"font-weight: 400;\" aria-level=\"1\"><span style=\"font-weight: 400;\">Patients under 18 years of age (if the enchantment has not been completed).<\/span><\/li><li style=\"font-weight: 400;\" aria-level=\"1\"><span style=\"font-weight: 400;\">People with bleeding disorders.<\/span><\/li><li style=\"font-weight: 400;\" aria-level=\"1\"><span style=\"font-weight: 400;\">Individuals with serious psychological disorders.<\/span><\/li><\/ul><h2><span style=\"font-weight: 400;\">Possible Complications of Rhinoplasty Procedure<\/span><\/h2><ul><li style=\"font-weight: 400;\" aria-level=\"1\"><span style=\"font-weight: 400;\">Infection<\/span><\/li><li style=\"font-weight: 400;\" aria-level=\"1\"><span style=\"font-weight: 400;\">Bleeding<\/span><\/li><li style=\"font-weight: 400;\" aria-level=\"1\"><span style=\"font-weight: 400;\">Nasal congestion<\/span><\/li><li style=\"font-weight: 400;\" aria-level=\"1\"><span style=\"font-weight: 400;\">Nasal tip numbness<\/span><\/li><li style=\"font-weight: 400;\" aria-level=\"1\"><span style=\"font-weight: 400;\">Situations that may require revision<\/span><\/li><\/ul><p><span style=\"font-weight: 400;\">Rhinoplasty gives highly successful and aesthetically satisfying results when performed by an experienced surgeon. It is important to discuss your expectations clearly with your doctor before the surgery in order to achieve a successful result.<\/span><\/p><p>\u00a0<\/p><h2><span style=\"font-weight: 400;\">Frequently Asked Questions<\/span><\/h2><h3><span style=\"font-weight: 400;\">1.Why is Choosing a Doctor Important in Rhinoplasty Operation?<\/span><\/h3><p><span style=\"font-weight: 400;\">Rhinoplasty is an operation that requires great precision both functionally and aesthetically. An expert and experienced surgeon in the field determines the most suitable nose shape for your face and ensures a natural and balanced result. In addition, the choice of doctor is of great importance for the preservation and recovery of nasal functions. Choosing the right doctor ensures that your post-operative process is more comfortable and successful.<\/span><\/p><h3><span style=\"font-weight: 400;\">2. How Long Does Rhinoplasty Surgery Take?<\/span><\/h3><p><span style=\"font-weight: 400;\">Rhinoplasty surgery usually takes between 1.5 and 3 hours. However, this time may vary depending on the scope of the procedures to be performed on the nose. If an additional surgical intervention is required (such as septoplasty), the operation time may be slightly longer. Your surgeon will give you detailed information about the estimated time before surgery.<\/span><\/p><h3><span style=\"font-weight: 400;\">3. Why is Rhinoplasty Surgery Performed?<\/span><\/h3><p><span style=\"font-weight: 400;\">Rhinoplasty surgery is performed to improve the shape, size and function of the nose. People generally prefer this operation to have a more aesthetic nose structure. In addition, rhinoplasty can also be applied to correct health problems such as nasal curvature and breathing problems. It provides great advantages to the person in terms of both aesthetics and health.<\/span><\/p><h3><span style=\"font-weight: 400;\">4. Who Can Have Rhinoplasty?<\/span><\/h3><p><span style=\"font-weight: 400;\">Rhinoplasty can be applied to people who are not satisfied with the shape of their nose or who have problems with nasal functions. It is an ideal option for those who want their nose to be more compatible with facial contours, who want to correct congenital nasal structure or deformities caused by trauma. In addition, rhinoplasty offers functional benefits for people with respiratory problems.<\/span><\/p><h3><span style=\"font-weight: 400;\">5. At What Age Is Rhinoplasty Surgery Performed?<\/span><\/h3><p><span style=\"font-weight: 400;\">Bone and cartilage development must be completed for rhinoplasty surgery. For this reason, it is generally applied to individuals aged 18 and over. However, if there are serious functional problems in the nasal structure, surgery can be performed at an earlier age with the doctor's evaluation. In adults, there is no age limit, the operation can be performed at any age if the general health condition of the person is appropriate.<\/span><\/p><h3><span style=\"font-weight: 400;\">6. How to Prepare for Rhinoplasty Operation?<\/span><\/h3><p><span style=\"font-weight: 400;\">Preparation is important for a successful operation and fast recovery. You should have all the health checks recommended by your doctor before the operation. Avoiding blood thinners, quitting smoking and alcohol consumption at least 2 weeks in advance will speed up your healing process. In addition, paying attention to your diet before and after surgery and consuming plenty of water also positively affects the process.<\/span><\/p><h3><span style=\"font-weight: 400;\">7. What Preparations Are Made Before Rhinoplasty Surgery?<\/span><\/h3><p><span style=\"font-weight: 400;\">Before the surgery, you should have a detailed examination with your doctor and clearly express your expectations. Blood tests, anesthesia examination and detailed analysis of your nasal structure are performed. If you smoke, quitting smoking, eating a healthy diet and taking nutritional supplements as recommended by your doctor will positively affect your healing process. Wearing comfortable clothes on the day of the operation and going to the hospital with a companion also makes the process comfortable.<\/span><\/p><h3><span style=\"font-weight: 400;\">8. What Should Be Considered After Rhinoplasty Surgery?<\/span><\/h3><p><span style=\"font-weight: 400;\">In the first days after surgery, it is important to sleep with your head elevated, avoid blows to the nasal area and use the medications recommended by your doctor regularly. You should avoid heavy physical activity, hot showers and lying face down. You can apply cold compresses to minimize swelling and bruising. Also, keeping in touch with your doctor will speed up your healing process.<\/span><\/p><h3><span style=\"font-weight: 400;\">9. Who Cannot Have Rhinoplasty Surgery?<\/span><\/h3><p><span style=\"font-weight: 400;\">Rhinoplasty may not be performed on people with serious health problems or those who are at risk of anesthesia. It is not recommended for pregnant women, people who are not suitable for surgical intervention due to chronic diseases or people who are not psychologically ready for surgery. However, your doctor will make the best decision for you with a detailed examination.<\/span><\/p><h3><span style=\"font-weight: 400;\">10. How Should I Eat After Rhinoplasty Surgery?<\/span><\/h3><p><span style=\"font-weight: 400;\">A healthy and balanced diet is very important for the body to recover quickly after surgery. Drinking plenty of water, consuming protein-based foods and adding antioxidant-rich fruits and vegetables to your diet will speed up your recovery process. Avoiding spicy and very hot foods and reducing salt consumption also help reduce edema.<\/span><\/p><p><br \/><br \/><br \/><\/p>\t\t\t\t\t\t\t\t<\/div>\n\t\t\t\t<\/div>\n\t\t\t\t\t<\/div>\n\t\t\t\t<\/div>\n\t\t\t\t<\/div>","protected":false},"excerpt":{"rendered":"<p>Ortalama Kal\u0131\u015f S\u00fcresi 7 G\u00fcn Hastanede Yat\u0131\u015f S\u00fcresi 1 G\u00fcn Operasyon S\u00fcresi 2-4 Saat Anestezi T\u00fcr\u00fc Genel Anestezi \u0130yile\u015fme S\u00fcresi<\/p>","protected":false},"author":3,"featured_media":0,"parent":0,"menu_order":0,"comment_status":"closed","ping_status":"closed","template":"","meta":{"footnotes":""},"class_list":["post-29664","page","type-page","status-publish","hentry"],"_links":{"self":[{"href":"https:\/\/westestetik.com\/en\/wp-json\/wp\/v2\/pages\/29664","targetHints":{"allow":["GET"]}}],"collection":[{"href":"https:\/\/westestetik.com\/en\/wp-json\/wp\/v2\/pages"}],"about":[{"href":"https:\/\/westestetik.com\/en\/wp-json\/wp\/v2\/types\/page"}],"author":[{"embeddable":true,"href":"https:\/\/westestetik.com\/en\/wp-json\/wp\/v2\/users\/3"}],"replies":[{"embeddable":true,"href":"https:\/\/westestetik.com\/en\/wp-json\/wp\/v2\/comments?post=29664"}],"version-history":[{"count":13,"href":"https:\/\/westestetik.com\/en\/wp-json\/wp\/v2\/pages\/29664\/revisions"}],"predecessor-version":[{"id":31072,"href":"https:\/\/westestetik.com\/en\/wp-json\/wp\/v2\/pages\/29664\/revisions\/31072"}],"wp:attachment":[{"href":"https:\/\/westestetik.com\/en\/wp-json\/wp\/v2\/media?parent=29664"}],"curies":[{"name":"wp","href":"https:\/\/api.w.org\/{rel}","templated":true}]}}