{"id":29126,"date":"2024-12-30T13:47:17","date_gmt":"2024-12-30T13:47:17","guid":{"rendered":"https:\/\/westestetik.com\/?page_id=29126"},"modified":"2025-05-27T03:08:03","modified_gmt":"2025-05-27T00:08:03","slug":"op-dr-akcay","status":"publish","type":"page","link":"https:\/\/westestetik.com\/en\/op-dr-akcay\/","title":{"rendered":"Op.Dr.Ak\u00e7ay"},"content":{"rendered":"<div data-elementor-type=\"wp-page\" data-elementor-id=\"29126\" class=\"elementor elementor-29126\" data-elementor-post-type=\"page\">\n\t\t\t\t<div class=\"wd-negative-gap elementor-element elementor-element-fa2a613 e-flex e-con-boxed e-con e-parent\" data-id=\"fa2a613\" data-element_type=\"container\">\n\t\t\t\t\t<div class=\"e-con-inner\">\n\t\t\t\t<div class=\"elementor-element elementor-element-81a3c68 e-n-tabs-mobile elementor-widget elementor-widget-n-tabs\" data-id=\"81a3c68\" data-element_type=\"widget\" data-settings=\"{&quot;horizontal_scroll&quot;:&quot;disable&quot;}\" data-widget_type=\"nested-tabs.default\">\n\t\t\t\t<div class=\"elementor-widget-container\">\n\t\t\t\t\t\t\t<div class=\"e-n-tabs\" data-widget-number=\"135937128\" aria-label=\"Sekmeler. Enter ve Space ile \u00f6geleri a\u00e7abilir, Escape ile \u00f6geleri kapatabilir ve Y\u00f6n tu\u015flar\u0131 ile \u00f6geler aras\u0131nda gezinebilirsiniz.\">\n\t\t\t<div class=\"e-n-tabs-heading\" role=\"tablist\">\n\t\t\t\t\t<button id=\"e-n-tab-title-1359371281\" class=\"e-n-tab-title\" aria-selected=\"true\" data-tab-index=\"1\" role=\"tab\" tabindex=\"0\" aria-controls=\"e-n-tab-content-1359371281\" style=\"--n-tabs-title-order: 1;\">\n\t\t\t\t\t\t<span class=\"e-n-tab-title-text\">\n\t\t\t\tEducation\t\t\t<\/span>\n\t\t<\/button>\n\t\t\t\t<button id=\"e-n-tab-title-1359371282\" class=\"e-n-tab-title\" aria-selected=\"false\" data-tab-index=\"2\" role=\"tab\" tabindex=\"-1\" aria-controls=\"e-n-tab-content-1359371282\" style=\"--n-tabs-title-order: 2;\">\n\t\t\t\t\t\t<span class=\"e-n-tab-title-text\">\n\t\t\t\tWorking Institutions\t\t\t<\/span>\n\t\t<\/button>\n\t\t\t\t<button id=\"e-n-tab-title-1359371283\" class=\"e-n-tab-title\" aria-selected=\"false\" data-tab-index=\"3\" role=\"tab\" tabindex=\"-1\" aria-controls=\"e-n-tab-content-1359371283\" style=\"--n-tabs-title-order: 3;\">\n\t\t\t\t\t\t<span class=\"e-n-tab-title-text\">\n\t\t\t\tMedical Fields\t\t\t<\/span>\n\t\t<\/button>\n\t\t\t\t<button id=\"e-n-tab-title-1359371284\" class=\"e-n-tab-title\" aria-selected=\"false\" data-tab-index=\"4\" role=\"tab\" tabindex=\"-1\" aria-controls=\"e-n-tab-content-1359371284\" style=\"--n-tabs-title-order: 4;\">\n\t\t\t\t\t\t<span class=\"e-n-tab-title-text\">\n\t\t\t\tTasks\/Memberships\t\t\t<\/span>\n\t\t<\/button>\n\t\t\t\t\t<\/div>\n\t\t\t<div class=\"e-n-tabs-content\">\n\t\t\t\t<div id=\"e-n-tab-content-1359371281\" role=\"tabpanel\" aria-labelledby=\"e-n-tab-title-1359371281\" data-tab-index=\"1\" style=\"--n-tabs-title-order: 1;\" class=\"e-active elementor-element elementor-element-62a0423 e-con-full e-flex e-con e-child\" data-id=\"62a0423\" data-element_type=\"container\">\n\t\t<div class=\"wd-negative-gap elementor-element elementor-element-dfc255f e-flex e-con-boxed e-con e-child\" data-id=\"dfc255f\" data-element_type=\"container\">\n\t\t\t\t\t<div class=\"e-con-inner\">\n\t\t\t\t<div class=\"elementor-element elementor-element-e343c33 color-scheme-inherit text-left elementor-widget elementor-widget-text-editor\" data-id=\"e343c33\" data-element_type=\"widget\" data-widget_type=\"text-editor.default\">\n\t\t\t\t<div class=\"elementor-widget-container\">\n\t\t\t\t\t\t\t\t\t<ul><li><p class=\"p1\"><span class=\"s1\"><b>2000 \u2013 2003:<\/b><\/span> Cyprus Guzelyurt Secondary School<\/p><\/li><li><p class=\"p1\"><span class=\"s1\"><b>2003 \u2013 2007:<\/b><\/span> Kocaeli Cahit Elginkan Anatolian High School<\/p><\/li><li><p class=\"p1\"><span class=\"s1\"><b>2007 \u2013 2014:<\/b><\/span> Kocaeli University Faculty of Medicine<\/p><\/li><li><p class=\"p1\"><span class=\"s1\"><b>2014 \u2013 2019:<\/b><\/span> Specialization - Republic of Turkey Ministry of Health Prof. Dr. Cemil Ta\u015fc\u0131o\u011flu City Hospital, Plastic, Reconstructive and Aesthetic Surgery<\/p><\/li><\/ul>\t\t\t\t\t\t\t\t<\/div>\n\t\t\t\t<\/div>\n\t\t\t\t\t<\/div>\n\t\t\t\t<\/div>\n\t\t\t\t<\/div>\n\t\t<div id=\"e-n-tab-content-1359371282\" role=\"tabpanel\" aria-labelledby=\"e-n-tab-title-1359371282\" data-tab-index=\"2\" style=\"--n-tabs-title-order: 2;\" class=\"elementor-element elementor-element-b5ba8ea e-con-full e-flex e-con e-child\" data-id=\"b5ba8ea\" data-element_type=\"container\">\n\t\t<div class=\"wd-negative-gap elementor-element elementor-element-613203e e-flex e-con-boxed e-con e-child\" data-id=\"613203e\" data-element_type=\"container\">\n\t\t\t\t\t<div class=\"e-con-inner\">\n\t\t\t\t<div class=\"elementor-element elementor-element-b96316b color-scheme-inherit text-left elementor-widget elementor-widget-text-editor\" data-id=\"b96316b\" data-element_type=\"widget\" data-widget_type=\"text-editor.default\">\n\t\t\t\t<div class=\"elementor-widget-container\">\n\t\t\t\t\t\t\t\t\t<ul><li><p class=\"p1\"><span class=\"s1\"><b>2019 \u2013 2021 (Temmuz):<\/b><\/span> Mecburi Hizmet \u2013 Sinop Atat\u00fcrk Devlet Hastanesi<\/p><\/li><li><p class=\"p1\"><span class=\"s1\"><b>2021 (A\u011fustos \u2013 Aral\u0131k):<\/b><\/span> \u0130stinye \u00dcniversitesi Gaziosmanpa\u015fa Medical Park Hastanesi<\/p><\/li><li><p class=\"p1\">Ayr\u0131ca, bir\u00e7ok estetik ve rekonstr\u00fcktif cerrahi operasyonlar\u0131n\u0131 aktif olarak ger\u00e7ekle\u015ftirmi\u015ftir.<\/p><\/li><\/ul>\t\t\t\t\t\t\t\t<\/div>\n\t\t\t\t<\/div>\n\t\t\t\t\t<\/div>\n\t\t\t\t<\/div>\n\t\t\t\t<\/div>\n\t\t<div id=\"e-n-tab-content-1359371283\" role=\"tabpanel\" aria-labelledby=\"e-n-tab-title-1359371283\" data-tab-index=\"3\" style=\"--n-tabs-title-order: 3;\" class=\"elementor-element elementor-element-b4245ac e-con-full e-flex e-con e-child\" data-id=\"b4245ac\" data-element_type=\"container\">\n\t\t<div class=\"wd-negative-gap elementor-element elementor-element-c10a9d8 e-flex e-con-boxed e-con e-child\" data-id=\"c10a9d8\" data-element_type=\"container\">\n\t\t\t\t\t<div class=\"e-con-inner\">\n\t\t\t\t<div class=\"elementor-element elementor-element-b04d5c7 color-scheme-inherit text-left elementor-widget elementor-widget-text-editor\" data-id=\"b04d5c7\" data-element_type=\"widget\" data-widget_type=\"text-editor.default\">\n\t\t\t\t<div class=\"elementor-widget-container\">\n\t\t\t\t\t\t\t\t\t<ul><li><p class=\"p1\">Rinoplasti (Burun Esteti\u011fi)<\/p><\/li><li><p class=\"p1\">Endoskopik Y\u00fcz Cerrahisi<\/p><\/li><li><p class=\"p1\">Y\u00fcz Germe<\/p><\/li><li><p class=\"p1\">Meme Esteti\u011fi (Protezli &amp; Protezsiz)<\/p><\/li><li><p class=\"p1\">Tummy Tuck<\/p><\/li><li><p class=\"p1\">Popo \u015eekillendirme<\/p><\/li><\/ul>\t\t\t\t\t\t\t\t<\/div>\n\t\t\t\t<\/div>\n\t\t\t\t\t<\/div>\n\t\t\t\t<\/div>\n\t\t\t\t<\/div>\n\t\t<div class=\"wd-negative-gap  elementor-element elementor-element-230568d e-flex e-con-boxed e-con e-child\" id=\"e-n-tab-content-1359371284\" role=\"tabpanel\" aria-labelledby=\"e-n-tab-title-1359371284\" data-tab-index=\"4\" style=\"--n-tabs-title-order: 4;\" data-id=\"230568d\" data-element_type=\"container\">\n\t\t\t\t\t<div class=\"e-con-inner\">\n\t\t<div class=\"elementor-element elementor-element-2d9a2fd e-con-full e-flex e-con e-child\" data-id=\"2d9a2fd\" data-element_type=\"container\">\n\t\t\t\t<div class=\"elementor-element elementor-element-c1c1ae6 color-scheme-inherit text-left elementor-widget elementor-widget-text-editor\" data-id=\"c1c1ae6\" data-element_type=\"widget\" data-widget_type=\"text-editor.default\">\n\t\t\t\t<div class=\"elementor-widget-container\">\n\t\t\t\t\t\t\t\t\t<ul><li><p class=\"p1\">T\u00fcrk Plastik, Rekonstr\u00fcktif ve Estetik Cerrahi Derne\u011fi (varsay\u0131lan)<\/p><\/li><li><p class=\"p1\">Mecburi Hizmet G\u00f6revi: Sinop Atat\u00fcrk Devlet Hastanesi<\/p><\/li><li><p class=\"p1\">Aktif hekimlik g\u00f6revi: Estetik cerrahi operasyonlar\u0131<\/p><\/li><\/ul>\t\t\t\t\t\t\t\t<\/div>\n\t\t\t\t<\/div>\n\t\t\t\t<\/div>\n\t\t\t\t\t<\/div>\n\t\t\t\t<\/div>\n\t\t\t\t\t<\/div>\n\t\t<\/div>\n\t\t\t\t\t\t<\/div>\n\t\t\t\t<\/div>\n\t\t\t\t\t<\/div>\n\t\t\t\t<\/div>\n\t\t\t\t<\/div>","protected":false},"excerpt":{"rendered":"<p>E\u011fitim \u00c7al\u0131\u015ft\u0131\u011f\u0131 Kurumlar T\u0131bbi Alanlar G\u00f6revler\/\u00dcyelikler 2000 \u2013 2003: K\u0131br\u0131s G\u00fczelyurt Ortaokulu 2003 \u2013 2007: Kocaeli Cahit Elginkan Anadolu Lisesi<\/p>","protected":false},"author":3,"featured_media":0,"parent":0,"menu_order":0,"comment_status":"closed","ping_status":"closed","template":"","meta":{"footnotes":""},"class_list":["post-29126","page","type-page","status-publish","hentry"],"_links":{"self":[{"href":"https:\/\/westestetik.com\/en\/wp-json\/wp\/v2\/pages\/29126","targetHints":{"allow":["GET"]}}],"collection":[{"href":"https:\/\/westestetik.com\/en\/wp-json\/wp\/v2\/pages"}],"about":[{"href":"https:\/\/westestetik.com\/en\/wp-json\/wp\/v2\/types\/page"}],"author":[{"embeddable":true,"href":"https:\/\/westestetik.com\/en\/wp-json\/wp\/v2\/users\/3"}],"replies":[{"embeddable":true,"href":"https:\/\/westestetik.com\/en\/wp-json\/wp\/v2\/comments?post=29126"}],"version-history":[{"count":29,"href":"https:\/\/westestetik.com\/en\/wp-json\/wp\/v2\/pages\/29126\/revisions"}],"predecessor-version":[{"id":31538,"href":"https:\/\/westestetik.com\/en\/wp-json\/wp\/v2\/pages\/29126\/revisions\/31538"}],"wp:attachment":[{"href":"https:\/\/westestetik.com\/en\/wp-json\/wp\/v2\/media?parent=29126"}],"curies":[{"name":"wp","href":"https:\/\/api.w.org\/{rel}","templated":true}]}}