{"id":29045,"date":"2024-12-27T10:48:48","date_gmt":"2024-12-27T10:48:48","guid":{"rendered":"https:\/\/westestetik.com\/?page_id=29045"},"modified":"2025-02-21T15:15:14","modified_gmt":"2025-02-21T12:15:14","slug":"contact","status":"publish","type":"page","link":"https:\/\/westestetik.com\/en\/contact\/","title":{"rendered":"Contact"},"content":{"rendered":"<div data-elementor-type=\"wp-page\" data-elementor-id=\"29045\" class=\"elementor elementor-29045\" data-elementor-post-type=\"page\">\n\t\t\t\t<div class=\"elementor-element elementor-element-567db043 e-flex e-con-boxed e-con e-parent\" data-id=\"567db043\" data-element_type=\"container\" data-settings=\"{&quot;background_background&quot;:&quot;classic&quot;}\">\n\t\t\t\t\t<div class=\"e-con-inner\">\n\t\t<div class=\"elementor-element elementor-element-107fc55b e-con-full e-flex e-con e-child\" data-id=\"107fc55b\" data-element_type=\"container\">\n\t\t<div class=\"elementor-element elementor-element-3ae89a16 e-con-full e-flex e-con e-child\" data-id=\"3ae89a16\" data-element_type=\"container\">\n\t\t\t\t<div class=\"elementor-element elementor-element-7f6b54e6 elementor-widget__width-inherit elementor-widget-divider--view-line elementor-widget elementor-widget-divider\" data-id=\"7f6b54e6\" data-element_type=\"widget\" data-widget_type=\"divider.default\">\n\t\t\t\t<div class=\"elementor-widget-container\">\n\t\t\t\t\t\t\t<div class=\"elementor-divider\">\n\t\t\t<span class=\"elementor-divider-separator\">\n\t\t\t\t\t\t<\/span>\n\t\t<\/div>\n\t\t\t\t\t\t<\/div>\n\t\t\t\t<\/div>\n\t\t\t\t<div class=\"elementor-element elementor-element-7c3e7dcf elementor-align-center elementor-icon-list--layout-traditional elementor-list-item-link-full_width elementor-widget elementor-widget-icon-list\" data-id=\"7c3e7dcf\" data-element_type=\"widget\" data-widget_type=\"icon-list.default\">\n\t\t\t\t<div class=\"elementor-widget-container\">\n\t\t\t\t\t\t\t<ul class=\"elementor-icon-list-items\">\n\t\t\t\t\t\t\t<li class=\"elementor-icon-list-item\">\n\t\t\t\t\t\t\t\t\t\t<span class=\"elementor-icon-list-text\">Mecidiyek\u00f6y, Sht. Ahmet Sok. No:4 Kat:9, 34365 Sisli\/Istanbul<\/span>\n\t\t\t\t\t\t\t\t\t<\/li>\n\t\t\t\t\t\t<\/ul>\n\t\t\t\t\t\t<\/div>\n\t\t\t\t<\/div>\n\t\t\t\t<\/div>\n\t\t<div class=\"elementor-element elementor-element-6bfe0320 e-con-full e-flex e-con e-child\" data-id=\"6bfe0320\" data-element_type=\"container\">\n\t\t\t\t<div class=\"elementor-element elementor-element-3a16da93 elementor-widget__width-inherit elementor-widget-divider--view-line elementor-widget elementor-widget-divider\" data-id=\"3a16da93\" data-element_type=\"widget\" data-widget_type=\"divider.default\">\n\t\t\t\t<div class=\"elementor-widget-container\">\n\t\t\t\t\t\t\t<div class=\"elementor-divider\">\n\t\t\t<span class=\"elementor-divider-separator\">\n\t\t\t\t\t\t<\/span>\n\t\t<\/div>\n\t\t\t\t\t\t<\/div>\n\t\t\t\t<\/div>\n\t\t\t\t<div class=\"elementor-element elementor-element-711a2034 elementor-align-center elementor-icon-list--layout-traditional elementor-list-item-link-full_width elementor-widget elementor-widget-icon-list\" data-id=\"711a2034\" data-element_type=\"widget\" data-widget_type=\"icon-list.default\">\n\t\t\t\t<div class=\"elementor-widget-container\">\n\t\t\t\t\t\t\t<ul class=\"elementor-icon-list-items\">\n\t\t\t\t\t\t\t<li class=\"elementor-icon-list-item\">\n\t\t\t\t\t\t\t\t\t\t\t<a href=\"tel:0850%20606%2020%2080\">\n\n\t\t\t\t\t\t\t\t\t\t\t<span class=\"elementor-icon-list-text\">0850 606 20 80<\/span>\n\t\t\t\t\t\t\t\t\t\t\t<\/a>\n\t\t\t\t\t\t\t\t\t<\/li>\n\t\t\t\t\t\t\t\t<li class=\"elementor-icon-list-item\">\n\t\t\t\t\t\t\t\t\t\t\t<a href=\"mailto:info@westestetik.com\">\n\n\t\t\t\t\t\t\t\t\t\t\t<span class=\"elementor-icon-list-text\">info@westestetik.com<\/span>\n\t\t\t\t\t\t\t\t\t\t\t<\/a>\n\t\t\t\t\t\t\t\t\t<\/li>\n\t\t\t\t\t\t<\/ul>\n\t\t\t\t\t\t<\/div>\n\t\t\t\t<\/div>\n\t\t\t\t<div class=\"elementor-element elementor-element-f14802d elementor-widget elementor-widget-html\" data-id=\"f14802d\" data-element_type=\"widget\" data-widget_type=\"html.default\">\n\t\t\t\t<div class=\"elementor-widget-container\">\n\t\t\t\t\t<!-- Buton -->\n<div style=\"text-align: center; margin: 50px 0;\">\n    <button onclick=\"openForm()\" style=\"padding: 10px 20px; background-color: #4CAF50; color: white; border: none; border-radius: 5px; cursor: pointer; display: flex; align-items: center; gap: 10px;\">\n        <i class=\"fab fa-whatsapp\" style=\"font-size: 20px;\"><\/i>\n        Get More Information\n    <\/button>\n<\/div>\n\n<!-- Popup Form -->\n<div id=\"whatsappForm\" style=\"display:none; position: fixed; top: 50%; left: 50%; transform: translate(-50%, -50%); background: white; color: black; padding: 25px; box-shadow: 0px 4px 10px rgba(0, 0, 0, 0.2); border-radius: 15px; z-index: 1000; width: 95%; max-width: 500px;\">\n    <h2 style=\"margin-bottom: 20px; text-align: center; color: black;\">Send WhatsApp Message<\/h2>\n    <form id=\"whatsappRedirectForm\" action=\"\">\n        <label for=\"fullName\" style=\"font-weight: bold; margin-bottom: 5px; display: block; color: black;\">Name Surname<\/label>\n        <input type=\"text\" id=\"fullName\" placeholder=\"Name Surname\" style=\"width: 100%; padding: 10px; margin-bottom: 15px; border: 1px solid #ddd; border-radius: 5px;\" required \/>\n\n        <label for=\"phoneNumber\" style=\"font-weight: bold; margin-bottom: 5px; display: block; color: black;\">Telephone Number<\/label>\n        <input type=\"tel\" id=\"phoneNumber\" placeholder=\"Telephone Number (05XX XXX XX XX XX)\" style=\"width: 100%; padding: 10px; margin-bottom: 15px; border: 1px solid #ddd; border-radius: 5px;\" required \/>\n\n        <label for=\"language\" style=\"font-weight: bold; margin-bottom: 5px; display: block; color: black;\">Language Selection<\/label>\n        <select id=\"language\" style=\"width: 100%; padding: 10px; margin-bottom: 20px; border: 1px solid #ddd; border-radius: 5px;\" required>\n            <option value=\"tr\">Turkish<\/option>\n            <option value=\"en\">English<\/option>\n            <option value=\"it\">Italian<\/option>\n            <option value=\"fr\">French<\/option>\n            <option value=\"zh\">Chinese<\/option>\n        <\/select>\n\n        <button type=\"button\" onclick=\"redirectToWhatsApp()\" style=\"width: 100%; padding: 10px 20px; background-color: #4CAF50; color: white; border: none; border-radius: 5px; cursor: pointer;\">\n            Go to WhatsApp\n        <\/button>\n    <input type=\"hidden\" name=\"trp-form-language\" value=\"en\"\/><\/form>\n    <button onclick=\"closeForm()\" style=\"margin-top: 15px; width: 100%; padding: 5px 10px; background: #f44336; color: white; border: none; border-radius: 5px; cursor: pointer;\">Close<\/button>\n<\/div>\n\n<!-- Arka Plan (Popup A\u00e7\u0131kken) -->\n<div id=\"formOverlay\" style=\"display:none; position: fixed; top: 0; left: 0; width: 100%; height: 100%; background: rgba(0, 0, 0, 0.5); z-index: 999;\" onclick=\"closeForm()\"><\/div>\n\n<!-- JavaScript -->\n<script>\n    function openForm() {\n        document.getElementById(\"whatsappForm\").style.display = \"block\";\n        document.getElementById(\"formOverlay\").style.display = \"block\";\n    }\n\n    function closeForm() {\n        document.getElementById(\"whatsappForm\").style.display = \"none\";\n        document.getElementById(\"formOverlay\").style.display = \"none\";\n    }\n\n    function redirectToWhatsApp() {\n        const fullName = document.getElementById(\"fullName\").value;\n        const phoneNumber = document.getElementById(\"phoneNumber\").value;\n        const language = document.getElementById(\"language\").value;\n\n        if (fullName && phoneNumber && language) {\n            const messages = {\n                tr: `Merhaba, ben ${fullName}. Numaram: ${phoneNumber}. Size T\u00fcrk\u00e7e olarak ula\u015fmak istiyorum.`,\n                en: `Hello, my name is ${fullName}. My phone number is ${phoneNumber}. I want to contact you in English.`,\n                it: `Ciao, mi chiamo ${fullName}. Il mio numero di telefono \u00e8 ${phoneNumber}. Vorrei contattarti in italiano.`,\n                fr: `Bonjour, je m'appelle ${fullName}. Mon num\u00e9ro de t\u00e9l\u00e9phone est ${phoneNumber}. Je souhaite vous contacter en fran\u00e7ais.`,\n                zh: `\u4f60\u597d\uff0c\u6211\u53eb${fullName}\u3002\u6211\u7684\u7535\u8bdd\u53f7\u7801\u662f${phoneNumber}\u3002\u6211\u60f3\u7528\u4e2d\u6587\u4e0e\u60a8\u8054\u7cfb\u3002`\n            };\n\n            \/\/ Her dil i\u00e7in WhatsApp numaralar\u0131n\u0131 tan\u0131ml\u0131yoruz\n            const numbers = {\n                tr: \"905010952081\", \/\/ T\u00fcrk\u00e7e\n                en: \"905010952081\", \/\/ \u0130ngilizce\n                it: \"905010952081\", \/\/ \u0130talyanca\n                fr: \"905010952081\",  \/\/ Frans\u0131zca\n                zh: \"905010952081\"  \/\/ \u00c7ince\n            };\n\n            const whatsappURL = `https:\/\/wa.me\/${numbers[language]}?text=${encodeURIComponent(messages[language])}`;\n            window.open(whatsappURL, \"_blank\");\n        } else {\n            alert(\"L\u00fctfen t\u00fcm alanlar\u0131 doldurun!\");\n        }\n    }\n<\/script>\n\t\t\t\t<\/div>\n\t\t\t\t<\/div>\n\t\t\t\t<\/div>\n\t\t<div class=\"elementor-element elementor-element-709918d2 e-con-full e-flex e-con e-child\" data-id=\"709918d2\" data-element_type=\"container\">\n\t\t\t\t<div class=\"elementor-element elementor-element-3e8cd985 elementor-widget__width-inherit elementor-widget-divider--view-line elementor-widget elementor-widget-divider\" data-id=\"3e8cd985\" data-element_type=\"widget\" data-widget_type=\"divider.default\">\n\t\t\t\t<div class=\"elementor-widget-container\">\n\t\t\t\t\t\t\t<div class=\"elementor-divider\">\n\t\t\t<span class=\"elementor-divider-separator\">\n\t\t\t\t\t\t<\/span>\n\t\t<\/div>\n\t\t\t\t\t\t<\/div>\n\t\t\t\t<\/div>\n\t\t\t\t<div class=\"elementor-element elementor-element-279fec6a elementor-align-center elementor-icon-list--layout-traditional elementor-list-item-link-full_width elementor-widget elementor-widget-icon-list\" data-id=\"279fec6a\" data-element_type=\"widget\" data-widget_type=\"icon-list.default\">\n\t\t\t\t<div class=\"elementor-widget-container\">\n\t\t\t\t\t\t\t<ul class=\"elementor-icon-list-items\">\n\t\t\t\t\t\t\t<li class=\"elementor-icon-list-item\">\n\t\t\t\t\t\t\t\t\t\t<span class=\"elementor-icon-list-text\">Monday-Saturday  09.00-19.00<\/span>\n\t\t\t\t\t\t\t\t\t<\/li>\n\t\t\t\t\t\t<\/ul>\n\t\t\t\t\t\t<\/div>\n\t\t\t\t<\/div>\n\t\t\t\t<\/div>\n\t\t\t\t<\/div>\n\t\t\t\t\t<\/div>\n\t\t\t\t<\/div>\n\t\t<div class=\"elementor-element elementor-element-6bc186c9 e-con-full e-flex e-con e-parent\" data-id=\"6bc186c9\" data-element_type=\"container\">\n\t\t\t\t<div class=\"elementor-element elementor-element-10f9fe9 elementor-widget elementor-widget-google_maps\" data-id=\"10f9fe9\" data-element_type=\"widget\" data-widget_type=\"google_maps.default\">\n\t\t\t\t<div class=\"elementor-widget-container\">\n\t\t\t\t\t\t\t<div class=\"elementor-custom-embed\">\n\t\t\t<iframe loading=\"lazy\"\n\t\t\t\t\tsrc=\"https:\/\/maps.google.com\/maps?q=Mecidiyek%C3%B6y%2C%20%C5%9Eht.%20Ahmet%20Sok.%20No%3A4%20Kat%3A9%2C%2034365%20%C5%9Ei%C5%9Fli%2F%C4%B0stanbul&#038;t=m&#038;z=15&#038;output=embed&#038;iwloc=near\"\n\t\t\t\t\ttitle=\"Mecidiyek\u00f6y, Sht. Ahmet Sok. No:4 Kat:9, 34365 Sisli\/Istanbul\"\n\t\t\t\t\taria-label=\"Mecidiyek\u00f6y, Sht. Ahmet Sok. No:4 Kat:9, 34365 Sisli\/Istanbul\"\n\t\t\t><\/iframe>\n\t\t<\/div>\n\t\t\t\t\t\t<\/div>\n\t\t\t\t<\/div>\n\t\t\t\t<\/div>\n\t\t\t\t<\/div>","protected":false},"excerpt":{"rendered":"<p>Mecidiyek\u00f6y, \u015eht. Ahmet Sok. No:4 Kat:9, 34365 \u015ei\u015fli\/\u0130stanbul 0850 606 20 80 info@westestetik.com Daha Fazla Bilgi Al WhatsApp Mesaj G\u00f6nder<\/p>","protected":false},"author":3,"featured_media":0,"parent":0,"menu_order":0,"comment_status":"closed","ping_status":"closed","template":"","meta":{"footnotes":""},"class_list":["post-29045","page","type-page","status-publish","hentry"],"_links":{"self":[{"href":"https:\/\/westestetik.com\/en\/wp-json\/wp\/v2\/pages\/29045","targetHints":{"allow":["GET"]}}],"collection":[{"href":"https:\/\/westestetik.com\/en\/wp-json\/wp\/v2\/pages"}],"about":[{"href":"https:\/\/westestetik.com\/en\/wp-json\/wp\/v2\/types\/page"}],"author":[{"embeddable":true,"href":"https:\/\/westestetik.com\/en\/wp-json\/wp\/v2\/users\/3"}],"replies":[{"embeddable":true,"href":"https:\/\/westestetik.com\/en\/wp-json\/wp\/v2\/comments?post=29045"}],"version-history":[{"count":13,"href":"https:\/\/westestetik.com\/en\/wp-json\/wp\/v2\/pages\/29045\/revisions"}],"predecessor-version":[{"id":30829,"href":"https:\/\/westestetik.com\/en\/wp-json\/wp\/v2\/pages\/29045\/revisions\/30829"}],"wp:attachment":[{"href":"https:\/\/westestetik.com\/en\/wp-json\/wp\/v2\/media?parent=29045"}],"curies":[{"name":"wp","href":"https:\/\/api.w.org\/{rel}","templated":true}]}}