{"id":27867,"date":"2024-12-02T23:31:15","date_gmt":"2024-12-02T23:31:15","guid":{"rendered":"https:\/\/westestetik.com\/?page_id=27867"},"modified":"2024-12-26T15:06:17","modified_gmt":"2024-12-26T15:06:17","slug":"orthodontics","status":"publish","type":"page","link":"https:\/\/westestetik.com\/en\/orthodontics\/","title":{"rendered":"Orthodontics (Invisalign)"},"content":{"rendered":"<div data-elementor-type=\"wp-page\" data-elementor-id=\"27867\" class=\"elementor elementor-27867\" data-elementor-post-type=\"page\">\n\t\t\t\t<div class=\"elementor-element elementor-element-36b30ed4 e-con-full elementor-hidden-mobile e-flex e-con e-parent\" data-id=\"36b30ed4\" data-element_type=\"container\">\n\t\t<div class=\"elementor-element elementor-element-12336478 e-con-full e-flex e-con e-child\" data-id=\"12336478\" data-element_type=\"container\">\n\t\t\t\t<div class=\"elementor-element elementor-element-6a800654 elementor-widget elementor-widget-image\" data-id=\"6a800654\" data-element_type=\"widget\" data-widget_type=\"image.default\">\n\t\t\t\t<div class=\"elementor-widget-container\">\n\t\t\t\t\t\t\t\t\t\t\t\t\t\t\t<img decoding=\"async\" width=\"100\" height=\"100\" src=\"https:\/\/westestetik.com\/wp-content\/uploads\/2024\/12\/1-4.png\" class=\"attachment-large size-large wp-image-28814\" alt=\"\" srcset=\"https:\/\/westestetik.com\/wp-content\/uploads\/2024\/12\/1-4.png 100w, https:\/\/westestetik.com\/wp-content\/uploads\/2024\/12\/1-4-12x12.png 12w\" sizes=\"(max-width: 100px) 100vw, 100px\" \/>\t\t\t\t\t\t\t\t\t\t\t\t\t\t\t<\/div>\n\t\t\t\t<\/div>\n\t\t\t\t<\/div>\n\t\t<div class=\"elementor-element elementor-element-b84ea2a e-con-full e-flex e-con e-child\" data-id=\"b84ea2a\" data-element_type=\"container\">\n\t\t\t\t<div class=\"elementor-element elementor-element-1e195686 elementor-widget elementor-widget-image\" data-id=\"1e195686\" data-element_type=\"widget\" data-widget_type=\"image.default\">\n\t\t\t\t<div class=\"elementor-widget-container\">\n\t\t\t\t\t\t\t\t\t\t\t\t\t\t\t<img decoding=\"async\" width=\"100\" height=\"100\" src=\"https:\/\/westestetik.com\/wp-content\/uploads\/2024\/12\/2-5.png\" class=\"attachment-large size-large wp-image-28815\" alt=\"\" srcset=\"https:\/\/westestetik.com\/wp-content\/uploads\/2024\/12\/2-5.png 100w, https:\/\/westestetik.com\/wp-content\/uploads\/2024\/12\/2-5-12x12.png 12w\" sizes=\"(max-width: 100px) 100vw, 100px\" \/>\t\t\t\t\t\t\t\t\t\t\t\t\t\t\t<\/div>\n\t\t\t\t<\/div>\n\t\t\t\t<\/div>\n\t\t<div class=\"elementor-element elementor-element-20a2090b e-con-full e-flex e-con e-child\" data-id=\"20a2090b\" data-element_type=\"container\">\n\t\t\t\t<div class=\"elementor-element elementor-element-32dc6ba3 elementor-widget elementor-widget-image\" data-id=\"32dc6ba3\" data-element_type=\"widget\" data-widget_type=\"image.default\">\n\t\t\t\t<div class=\"elementor-widget-container\">\n\t\t\t\t\t\t\t\t\t\t\t\t\t\t\t<img decoding=\"async\" width=\"100\" height=\"100\" src=\"https:\/\/westestetik.com\/wp-content\/uploads\/2024\/12\/3-1.png\" class=\"attachment-large size-large wp-image-28816\" alt=\"\" srcset=\"https:\/\/westestetik.com\/wp-content\/uploads\/2024\/12\/3-1.png 100w, https:\/\/westestetik.com\/wp-content\/uploads\/2024\/12\/3-1-12x12.png 12w\" sizes=\"(max-width: 100px) 100vw, 100px\" \/>\t\t\t\t\t\t\t\t\t\t\t\t\t\t\t<\/div>\n\t\t\t\t<\/div>\n\t\t\t\t<\/div>\n\t\t<div class=\"elementor-element elementor-element-1f7bd7cd e-con-full e-flex e-con e-child\" data-id=\"1f7bd7cd\" data-element_type=\"container\">\n\t\t\t\t<div class=\"elementor-element elementor-element-37968261 elementor-widget elementor-widget-image\" data-id=\"37968261\" data-element_type=\"widget\" data-widget_type=\"image.default\">\n\t\t\t\t<div class=\"elementor-widget-container\">\n\t\t\t\t\t\t\t\t\t\t\t\t\t\t\t<img loading=\"lazy\" decoding=\"async\" width=\"100\" height=\"100\" src=\"https:\/\/westestetik.com\/wp-content\/uploads\/2024\/12\/4-1.png\" class=\"attachment-large size-large wp-image-28817\" alt=\"\" srcset=\"https:\/\/westestetik.com\/wp-content\/uploads\/2024\/12\/4-1.png 100w, https:\/\/westestetik.com\/wp-content\/uploads\/2024\/12\/4-1-12x12.png 12w\" sizes=\"(max-width: 100px) 100vw, 100px\" \/>\t\t\t\t\t\t\t\t\t\t\t\t\t\t\t<\/div>\n\t\t\t\t<\/div>\n\t\t\t\t<\/div>\n\t\t<div class=\"elementor-element elementor-element-3343ef98 e-con-full e-flex e-con e-child\" data-id=\"3343ef98\" data-element_type=\"container\">\n\t\t\t\t<div class=\"elementor-element elementor-element-58ec2c0b elementor-widget elementor-widget-image\" data-id=\"58ec2c0b\" data-element_type=\"widget\" data-widget_type=\"image.default\">\n\t\t\t\t<div class=\"elementor-widget-container\">\n\t\t\t\t\t\t\t\t\t\t\t\t\t\t\t<img loading=\"lazy\" decoding=\"async\" width=\"100\" height=\"100\" src=\"https:\/\/westestetik.com\/wp-content\/uploads\/2024\/12\/5-1.png\" class=\"attachment-large size-large wp-image-28818\" alt=\"\" srcset=\"https:\/\/westestetik.com\/wp-content\/uploads\/2024\/12\/5-1.png 100w, https:\/\/westestetik.com\/wp-content\/uploads\/2024\/12\/5-1-12x12.png 12w\" sizes=\"(max-width: 100px) 100vw, 100px\" \/>\t\t\t\t\t\t\t\t\t\t\t\t\t\t\t<\/div>\n\t\t\t\t<\/div>\n\t\t\t\t<\/div>\n\t\t\t\t<\/div>\n\t\t<div class=\"wd-negative-gap elementor-element elementor-element-d04aa20 elementor-hidden-mobile e-flex e-con-boxed e-con e-parent\" data-id=\"d04aa20\" data-element_type=\"container\">\n\t\t\t\t\t<div class=\"e-con-inner\">\n\t\t<div class=\"elementor-element elementor-element-41c2ae1a e-con-full e-flex e-con e-child\" data-id=\"41c2ae1a\" data-element_type=\"container\">\n\t\t\t\t<div class=\"elementor-element elementor-element-72bf604b wd-width-100 elementor-widget elementor-widget-wd_title\" data-id=\"72bf604b\" data-element_type=\"widget\" data-widget_type=\"wd_title.default\">\n\t\t\t\t<div class=\"elementor-widget-container\">\n\t\t\t\t\t\t\t<div class=\"title-wrapper set-mb-s reset-last-child wd-title-color-default wd-title-style-default wd-title-size-default text-center\">\n\n\t\t\t\t\t\t\t<div class=\"title-subtitle subtitle-color-default subtitle-style-default wd-fontsize-xs\">\n\t\t\t\t\tAverage Length of Stay\t\t\t\t<\/div>\n\t\t\t\n\t\t\t<div class=\"liner-continer\">\n\t\t\t\t<p class=\"woodmart-title-container title wd-fontsize-l\">7 Days<\/p> \n\t\t\t\t\t\t\t<\/div>\n\n\t\t\t\t\t<\/div>\n\t\t\t\t\t\t<\/div>\n\t\t\t\t<\/div>\n\t\t\t\t<\/div>\n\t\t<div class=\"elementor-element elementor-element-2175a397 e-con-full e-flex e-con e-child\" data-id=\"2175a397\" data-element_type=\"container\">\n\t\t\t\t<div class=\"elementor-element elementor-element-6d65cd2e wd-width-100 elementor-widget elementor-widget-wd_title\" data-id=\"6d65cd2e\" data-element_type=\"widget\" data-widget_type=\"wd_title.default\">\n\t\t\t\t<div class=\"elementor-widget-container\">\n\t\t\t\t\t\t\t<div class=\"title-wrapper set-mb-s reset-last-child wd-title-color-default wd-title-style-default wd-title-size-default text-center\">\n\n\t\t\t\t\t\t\t<div class=\"title-subtitle subtitle-color-default subtitle-style-default wd-fontsize-xs\">\n\t\t\t\t\tDuration of Hospitalisation\t\t\t\t<\/div>\n\t\t\t\n\t\t\t<div class=\"liner-continer\">\n\t\t\t\t<p class=\"woodmart-title-container title wd-fontsize-l\">1 Day<\/p> \n\t\t\t\t\t\t\t<\/div>\n\n\t\t\t\t\t<\/div>\n\t\t\t\t\t\t<\/div>\n\t\t\t\t<\/div>\n\t\t\t\t<\/div>\n\t\t<div class=\"elementor-element elementor-element-26423aa9 e-con-full e-flex e-con e-child\" data-id=\"26423aa9\" data-element_type=\"container\">\n\t\t\t\t<div class=\"elementor-element elementor-element-2eea0bf7 wd-width-100 elementor-widget elementor-widget-wd_title\" data-id=\"2eea0bf7\" data-element_type=\"widget\" data-widget_type=\"wd_title.default\">\n\t\t\t\t<div class=\"elementor-widget-container\">\n\t\t\t\t\t\t\t<div class=\"title-wrapper set-mb-s reset-last-child wd-title-color-default wd-title-style-default wd-title-size-default text-center\">\n\n\t\t\t\t\t\t\t<div class=\"title-subtitle subtitle-color-default subtitle-style-default wd-fontsize-xs\">\n\t\t\t\t\tOperation Duration\t\t\t\t<\/div>\n\t\t\t\n\t\t\t<div class=\"liner-continer\">\n\t\t\t\t<p class=\"woodmart-title-container title wd-fontsize-l\">2-4 Hours<\/p> \n\t\t\t\t\t\t\t<\/div>\n\n\t\t\t\t\t<\/div>\n\t\t\t\t\t\t<\/div>\n\t\t\t\t<\/div>\n\t\t\t\t<\/div>\n\t\t<div class=\"elementor-element elementor-element-5a676f7d e-con-full e-flex e-con e-child\" data-id=\"5a676f7d\" data-element_type=\"container\">\n\t\t\t\t<div class=\"elementor-element elementor-element-73c550bd wd-width-100 elementor-widget elementor-widget-wd_title\" data-id=\"73c550bd\" data-element_type=\"widget\" data-widget_type=\"wd_title.default\">\n\t\t\t\t<div class=\"elementor-widget-container\">\n\t\t\t\t\t\t\t<div class=\"title-wrapper set-mb-s reset-last-child wd-title-color-default wd-title-style-default wd-title-size-default text-center\">\n\n\t\t\t\t\t\t\t<div class=\"title-subtitle subtitle-color-default subtitle-style-default wd-fontsize-xs\">\n\t\t\t\t\tAnaesthesia Type\t\t\t\t<\/div>\n\t\t\t\n\t\t\t<div class=\"liner-continer\">\n\t\t\t\t<p class=\"woodmart-title-container title wd-fontsize-l\">General Anaesthesia<\/p> \n\t\t\t\t\t\t\t<\/div>\n\n\t\t\t\t\t<\/div>\n\t\t\t\t\t\t<\/div>\n\t\t\t\t<\/div>\n\t\t\t\t<\/div>\n\t\t<div class=\"elementor-element elementor-element-646427f0 e-con-full e-flex e-con e-child\" data-id=\"646427f0\" data-element_type=\"container\">\n\t\t\t\t<div class=\"elementor-element elementor-element-6c95bc67 wd-width-100 elementor-widget elementor-widget-wd_title\" data-id=\"6c95bc67\" data-element_type=\"widget\" data-widget_type=\"wd_title.default\">\n\t\t\t\t<div class=\"elementor-widget-container\">\n\t\t\t\t\t\t\t<div class=\"title-wrapper set-mb-s reset-last-child wd-title-color-default wd-title-style-default wd-title-size-default text-center\">\n\n\t\t\t\t\t\t\t<div class=\"title-subtitle subtitle-color-default subtitle-style-default wd-fontsize-xs\">\n\t\t\t\t\tRecovery Time\t\t\t\t<\/div>\n\t\t\t\n\t\t\t<div class=\"liner-continer\">\n\t\t\t\t<p class=\"woodmart-title-container title wd-fontsize-l\">1-2 Weeks<\/p> \n\t\t\t\t\t\t\t<\/div>\n\n\t\t\t\t\t<\/div>\n\t\t\t\t\t\t<\/div>\n\t\t\t\t<\/div>\n\t\t\t\t<\/div>\n\t\t\t\t\t<\/div>\n\t\t\t\t<\/div>\n\t\t<div class=\"wd-negative-gap elementor-element elementor-element-77df139 e-flex e-con-boxed e-con e-parent\" data-id=\"77df139\" data-element_type=\"container\">\n\t\t\t\t\t<div class=\"e-con-inner\">\n\t\t\t\t<div class=\"elementor-element elementor-element-9c42a31 color-scheme-inherit text-left elementor-widget elementor-widget-text-editor\" data-id=\"9c42a31\" data-element_type=\"widget\" data-widget_type=\"text-editor.default\">\n\t\t\t\t<div class=\"elementor-widget-container\">\n\t\t\t\t\t\t\t\t\t<p><span style=\"font-weight: 400;\">Orthodontics is a treatment method that has revolutionised the field of orthodontics in recent years. It is now easier and more comfortable to straighten your teeth and have a more aesthetic smile. Invisalign, developed as an alternative to traditional braces, eliminates aesthetic concerns while bringing your teeth to the desired position with transparent aligners.\u00a0<\/span><\/p><h2><span style=\"font-weight: 400;\">What is Orthodontics and How Does It Work?<\/span><\/h2><p><span style=\"font-weight: 400;\">Orthodontics are clear, customised teeth straightening devices developed as an alternative to traditional braces. This treatment uses specially manufactured clear aligners to gently move your teeth into the desired position. Unlike braces, orthodontic treatment is virtually invisible in the mouth and can be applied without negatively affecting your daily life. Aligners are simply inserted and removed when you need them, making them an extremely practical and aesthetic option.<\/span><\/p><h2><span style=\"font-weight: 400;\">To Whom Can Orthodontic Treatment Be Applied?<\/span><\/h2><p><span style=\"font-weight: 400;\">Orthodontic treatment can be applied to individuals of all ages who usually have alignment problems with their teeth. However, it is possible to see the best results in adults and adolescents because jaw development should be complete. Orthodontics is suitable for correcting mild to moderate problems with the alignment of the teeth. For severe orthodontic problems, traditional braces treatment may be more appropriate. It would be best to consult an orthodontist when deciding who orthodontic treatment is suitable for.<\/span><\/p><h2><span style=\"font-weight: 400;\">What are the Advantages of Orthodontic Treatment?<\/span><\/h2><p><span style=\"font-weight: 400;\">The biggest advantage of orthodontic treatment is that it is transparent and removable. This ensures that patients do not experience any difficulties when eating or brushing their teeth during dental treatment. In addition, orthodontic treatment usually causes less pain than braces because it is more comfortable. Thanks to their invisible structure, they do not cause aesthetic discomfort during the treatment period. Other advantages include shorter treatment times, low maintenance and a cleaner mouth.<\/span><\/p><h2><span style=\"font-weight: 400;\">Differences Between Orthodontics and Traditional Braces<\/span><\/h2><p><span style=\"font-weight: 400;\">The most obvious difference between orthodontics and traditional braces is the materials used during treatment. Orthodontics uses clear, removable aligners, while traditional braces use metal wires and brackets. While orthodontics stands out with its aesthetic advantages, braces can give faster results in some cases. In addition, orthodontic treatment offers comfort with low pain levels and removability, whereas traditional braces often require more maintenance and can create more visual discomfort.<\/span><\/p><h2><span style=\"font-weight: 400;\">How Long Does Orthodontic Treatment Take?<\/span><\/h2><p><span style=\"font-weight: 400;\">The duration of orthodontic treatment varies depending on the individual case and the condition of the treated tooth. For most people, the duration of treatment can vary between 6 months and 18 months. Orthodontic treatment usually offers a faster solution because the aligners move the teeth at regular intervals and with gentle pressure. The duration of treatment is directly related to how long each aligner is used and how much the orthodontist intervenes in the treatment.<\/span><\/p><h2><span style=\"font-weight: 400;\">Are There Pain and Discomfort in Orthodontic Treatment?<\/span><\/h2><p><span style=\"font-weight: 400;\">A slight feeling of pain or discomfort during orthodontic treatment is normal, but much less than with conventional braces. At first you may feel a slight pressure on the teeth when the aligners are fitted, but this usually goes away within a few days. Orthodontic aligners move your teeth by applying a more gentle pressure on the teeth, which usually causes less discomfort. If you experience pain or discomfort during the treatment process, it would be helpful to contact an orthodontist.<\/span><\/p><h2><span style=\"font-weight: 400;\">How Should Care Be After Orthodontic Treatment?<\/span><\/h2><p><span style=\"font-weight: 400;\">After orthodontic treatment, care is the most important part of the treatment process. You should brush and floss your teeth regularly. It is also important to clean the aligners after each use. After orthodontic treatment, you may need to apply corrective treatments recommended by the orthodontist to protect your teeth. This stage is very important to ensure that the treatment result is long-lasting.<\/span><\/p><h2><span style=\"font-weight: 400;\">What is the Cost of Orthodontic Treatment?<\/span><\/h2><p><span style=\"font-weight: 400;\">The cost of orthodontic treatment varies depending on the duration of treatment, the size of the problems to be corrected in the teeth and the region where the orthodontist is located. In general, it may be priced slightly higher than traditional braces, but we can say that this extra cost is offset by advantages such as aesthetics and comfort. It is necessary to consult an orthodontist to find out the exact cost of orthodontic treatment.<\/span><\/p><h2><span style=\"font-weight: 400;\">Who is Orthodontic Treatment Suitable for?<\/span><\/h2><p><span style=\"font-weight: 400;\">Orthodontic treatment is suitable for individuals with mild or moderate tooth alignment problems. It can be a suitable option for children, adolescents and adults. However, for people with very severe orthodontic problems, traditional braces may be a more appropriate treatment option. It is important to consult an orthodontist to determine who orthodontic treatment is suitable for.<\/span><\/p><h2><span style=\"font-weight: 400;\">Things to Consider in Orthodontic Treatment<\/span><\/h2><p><span style=\"font-weight: 400;\">There are several important points to be considered in orthodontic treatment. You should carefully care for the aligners and clean them daily. You should also remove your aligners while eating and wear them for the recommended periods during the treatment period. You should also have regular orthodontic check-ups during the treatment period.<\/span><\/p><h2><span style=\"font-weight: 400;\">When are the results seen in orthodontic treatment?<\/span><\/h2><p><span style=\"font-weight: 400;\">Although the results of orthodontic treatment vary depending on the individual, they usually begin to be seen within a few months. You may notice that your teeth are slowly moving towards the desired position. Regular follow-ups during treatment can affect the speed of the treatment process. At the end of orthodontic treatment, the final shape of your teeth becomes clear and an aesthetically satisfying result is achieved.<\/span><\/p><h2><span style=\"font-weight: 400;\">How much will my teeth improve with orthodontics?<\/span><\/h2><p><span style=\"font-weight: 400;\">With orthodontic treatment, your teeth give excellent results in mild to moderate alignment problems. Crowding, gaps or misalignments in your teeth are corrected. At the end of the treatment, you can have a smoother and more aesthetic smile.<\/span><\/p><h2><span style=\"font-weight: 400;\">Is Smile Design Possible with Orthodontic Treatment?<\/span><\/h2><p><span style=\"font-weight: 400;\">Orthodontic treatment offers an excellent option for smile design. During the treatment, your teeth can be made to look their best aesthetically. Orthodontic aligners help make your smile more aesthetic by positioning your teeth correctly.<\/span><\/p><p>\u00a0<\/p>\t\t\t\t\t\t\t\t<\/div>\n\t\t\t\t<\/div>\n\t\t\t\t\t<\/div>\n\t\t\t\t<\/div>\n\t\t\t\t<\/div>","protected":false},"excerpt":{"rendered":"<p>Ortalama Kal\u0131\u015f S\u00fcresi 7 G\u00fcn Hastanede Yat\u0131\u015f S\u00fcresi 1 G\u00fcn Operasyon S\u00fcresi 2-4 Saat Anestezi T\u00fcr\u00fc Genel Anestezi \u0130yile\u015fme S\u00fcresi<\/p>","protected":false},"author":1,"featured_media":0,"parent":0,"menu_order":0,"comment_status":"closed","ping_status":"closed","template":"","meta":{"footnotes":""},"class_list":["post-27867","page","type-page","status-publish","hentry"],"_links":{"self":[{"href":"https:\/\/westestetik.com\/en\/wp-json\/wp\/v2\/pages\/27867","targetHints":{"allow":["GET"]}}],"collection":[{"href":"https:\/\/westestetik.com\/en\/wp-json\/wp\/v2\/pages"}],"about":[{"href":"https:\/\/westestetik.com\/en\/wp-json\/wp\/v2\/types\/page"}],"author":[{"embeddable":true,"href":"https:\/\/westestetik.com\/en\/wp-json\/wp\/v2\/users\/1"}],"replies":[{"embeddable":true,"href":"https:\/\/westestetik.com\/en\/wp-json\/wp\/v2\/comments?post=27867"}],"version-history":[{"count":10,"href":"https:\/\/westestetik.com\/en\/wp-json\/wp\/v2\/pages\/27867\/revisions"}],"predecessor-version":[{"id":29028,"href":"https:\/\/westestetik.com\/en\/wp-json\/wp\/v2\/pages\/27867\/revisions\/29028"}],"wp:attachment":[{"href":"https:\/\/westestetik.com\/en\/wp-json\/wp\/v2\/media?parent=27867"}],"curies":[{"name":"wp","href":"https:\/\/api.w.org\/{rel}","templated":true}]}}