{"id":27856,"date":"2024-12-02T23:26:55","date_gmt":"2024-12-02T23:26:55","guid":{"rendered":"https:\/\/westestetik.com\/?page_id=27856"},"modified":"2024-12-26T15:09:03","modified_gmt":"2024-12-26T15:09:03","slug":"beard-transplant","status":"publish","type":"page","link":"https:\/\/westestetik.com\/en\/beard-transplant\/","title":{"rendered":"Beard Transplant"},"content":{"rendered":"<div data-elementor-type=\"wp-page\" data-elementor-id=\"27856\" class=\"elementor elementor-27856\" data-elementor-post-type=\"page\">\n\t\t\t\t<div class=\"elementor-element elementor-element-754131d6 e-con-full elementor-hidden-mobile e-flex e-con e-parent\" data-id=\"754131d6\" data-element_type=\"container\">\n\t\t<div class=\"elementor-element elementor-element-5d852ab7 e-con-full e-flex e-con e-child\" data-id=\"5d852ab7\" data-element_type=\"container\">\n\t\t\t\t<div class=\"elementor-element elementor-element-1867ebe elementor-widget elementor-widget-image\" data-id=\"1867ebe\" data-element_type=\"widget\" data-widget_type=\"image.default\">\n\t\t\t\t<div class=\"elementor-widget-container\">\n\t\t\t\t\t\t\t\t\t\t\t\t\t\t\t<img decoding=\"async\" width=\"100\" height=\"100\" src=\"https:\/\/westestetik.com\/wp-content\/uploads\/2024\/12\/1-4.png\" class=\"attachment-large size-large wp-image-28814\" alt=\"\" srcset=\"https:\/\/westestetik.com\/wp-content\/uploads\/2024\/12\/1-4.png 100w, https:\/\/westestetik.com\/wp-content\/uploads\/2024\/12\/1-4-12x12.png 12w\" sizes=\"(max-width: 100px) 100vw, 100px\" \/>\t\t\t\t\t\t\t\t\t\t\t\t\t\t\t<\/div>\n\t\t\t\t<\/div>\n\t\t\t\t<\/div>\n\t\t<div class=\"elementor-element elementor-element-7153b588 e-con-full e-flex e-con e-child\" data-id=\"7153b588\" data-element_type=\"container\">\n\t\t\t\t<div class=\"elementor-element elementor-element-73875e16 elementor-widget elementor-widget-image\" data-id=\"73875e16\" data-element_type=\"widget\" data-widget_type=\"image.default\">\n\t\t\t\t<div class=\"elementor-widget-container\">\n\t\t\t\t\t\t\t\t\t\t\t\t\t\t\t<img decoding=\"async\" width=\"100\" height=\"100\" src=\"https:\/\/westestetik.com\/wp-content\/uploads\/2024\/12\/2-5.png\" class=\"attachment-large size-large wp-image-28815\" alt=\"\" srcset=\"https:\/\/westestetik.com\/wp-content\/uploads\/2024\/12\/2-5.png 100w, https:\/\/westestetik.com\/wp-content\/uploads\/2024\/12\/2-5-12x12.png 12w\" sizes=\"(max-width: 100px) 100vw, 100px\" \/>\t\t\t\t\t\t\t\t\t\t\t\t\t\t\t<\/div>\n\t\t\t\t<\/div>\n\t\t\t\t<\/div>\n\t\t<div class=\"elementor-element elementor-element-7c8c251d e-con-full e-flex e-con e-child\" data-id=\"7c8c251d\" data-element_type=\"container\">\n\t\t\t\t<div class=\"elementor-element elementor-element-2ade612b elementor-widget elementor-widget-image\" data-id=\"2ade612b\" data-element_type=\"widget\" data-widget_type=\"image.default\">\n\t\t\t\t<div class=\"elementor-widget-container\">\n\t\t\t\t\t\t\t\t\t\t\t\t\t\t\t<img decoding=\"async\" width=\"100\" height=\"100\" src=\"https:\/\/westestetik.com\/wp-content\/uploads\/2024\/12\/3-1.png\" class=\"attachment-large size-large wp-image-28816\" alt=\"\" srcset=\"https:\/\/westestetik.com\/wp-content\/uploads\/2024\/12\/3-1.png 100w, https:\/\/westestetik.com\/wp-content\/uploads\/2024\/12\/3-1-12x12.png 12w\" sizes=\"(max-width: 100px) 100vw, 100px\" \/>\t\t\t\t\t\t\t\t\t\t\t\t\t\t\t<\/div>\n\t\t\t\t<\/div>\n\t\t\t\t<\/div>\n\t\t<div class=\"elementor-element elementor-element-141fb93e e-con-full e-flex e-con e-child\" data-id=\"141fb93e\" data-element_type=\"container\">\n\t\t\t\t<div class=\"elementor-element elementor-element-3c8a57f elementor-widget elementor-widget-image\" data-id=\"3c8a57f\" data-element_type=\"widget\" data-widget_type=\"image.default\">\n\t\t\t\t<div class=\"elementor-widget-container\">\n\t\t\t\t\t\t\t\t\t\t\t\t\t\t\t<img loading=\"lazy\" decoding=\"async\" width=\"100\" height=\"100\" src=\"https:\/\/westestetik.com\/wp-content\/uploads\/2024\/12\/4-1.png\" class=\"attachment-large size-large wp-image-28817\" alt=\"\" srcset=\"https:\/\/westestetik.com\/wp-content\/uploads\/2024\/12\/4-1.png 100w, https:\/\/westestetik.com\/wp-content\/uploads\/2024\/12\/4-1-12x12.png 12w\" sizes=\"(max-width: 100px) 100vw, 100px\" \/>\t\t\t\t\t\t\t\t\t\t\t\t\t\t\t<\/div>\n\t\t\t\t<\/div>\n\t\t\t\t<\/div>\n\t\t<div class=\"elementor-element elementor-element-5c628e35 e-con-full e-flex e-con e-child\" data-id=\"5c628e35\" data-element_type=\"container\">\n\t\t\t\t<div class=\"elementor-element elementor-element-58d341e7 elementor-widget elementor-widget-image\" data-id=\"58d341e7\" data-element_type=\"widget\" data-widget_type=\"image.default\">\n\t\t\t\t<div class=\"elementor-widget-container\">\n\t\t\t\t\t\t\t\t\t\t\t\t\t\t\t<img loading=\"lazy\" decoding=\"async\" width=\"100\" height=\"100\" src=\"https:\/\/westestetik.com\/wp-content\/uploads\/2024\/12\/5-1.png\" class=\"attachment-large size-large wp-image-28818\" alt=\"\" srcset=\"https:\/\/westestetik.com\/wp-content\/uploads\/2024\/12\/5-1.png 100w, https:\/\/westestetik.com\/wp-content\/uploads\/2024\/12\/5-1-12x12.png 12w\" sizes=\"(max-width: 100px) 100vw, 100px\" \/>\t\t\t\t\t\t\t\t\t\t\t\t\t\t\t<\/div>\n\t\t\t\t<\/div>\n\t\t\t\t<\/div>\n\t\t\t\t<\/div>\n\t\t<div class=\"wd-negative-gap elementor-element elementor-element-12fbd765 elementor-hidden-mobile e-flex e-con-boxed e-con e-parent\" data-id=\"12fbd765\" data-element_type=\"container\">\n\t\t\t\t\t<div class=\"e-con-inner\">\n\t\t<div class=\"elementor-element elementor-element-4144e783 e-con-full e-flex e-con e-child\" data-id=\"4144e783\" data-element_type=\"container\">\n\t\t\t\t<div class=\"elementor-element elementor-element-ef66d43 wd-width-100 elementor-widget elementor-widget-wd_title\" data-id=\"ef66d43\" data-element_type=\"widget\" data-widget_type=\"wd_title.default\">\n\t\t\t\t<div class=\"elementor-widget-container\">\n\t\t\t\t\t\t\t<div class=\"title-wrapper set-mb-s reset-last-child wd-title-color-default wd-title-style-default wd-title-size-default text-center\">\n\n\t\t\t\t\t\t\t<div class=\"title-subtitle subtitle-color-default subtitle-style-default wd-fontsize-xs\">\n\t\t\t\t\tAverage Length of Stay\t\t\t\t<\/div>\n\t\t\t\n\t\t\t<div class=\"liner-continer\">\n\t\t\t\t<p class=\"woodmart-title-container title wd-fontsize-l\">7 Days<\/p> \n\t\t\t\t\t\t\t<\/div>\n\n\t\t\t\t\t<\/div>\n\t\t\t\t\t\t<\/div>\n\t\t\t\t<\/div>\n\t\t\t\t<\/div>\n\t\t<div class=\"elementor-element elementor-element-5be7ad07 e-con-full e-flex e-con e-child\" data-id=\"5be7ad07\" data-element_type=\"container\">\n\t\t\t\t<div class=\"elementor-element elementor-element-7797256b wd-width-100 elementor-widget elementor-widget-wd_title\" data-id=\"7797256b\" data-element_type=\"widget\" data-widget_type=\"wd_title.default\">\n\t\t\t\t<div class=\"elementor-widget-container\">\n\t\t\t\t\t\t\t<div class=\"title-wrapper set-mb-s reset-last-child wd-title-color-default wd-title-style-default wd-title-size-default text-center\">\n\n\t\t\t\t\t\t\t<div class=\"title-subtitle subtitle-color-default subtitle-style-default wd-fontsize-xs\">\n\t\t\t\t\tDuration of Hospitalisation\t\t\t\t<\/div>\n\t\t\t\n\t\t\t<div class=\"liner-continer\">\n\t\t\t\t<p class=\"woodmart-title-container title wd-fontsize-l\">1 Day<\/p> \n\t\t\t\t\t\t\t<\/div>\n\n\t\t\t\t\t<\/div>\n\t\t\t\t\t\t<\/div>\n\t\t\t\t<\/div>\n\t\t\t\t<\/div>\n\t\t<div class=\"elementor-element elementor-element-67a4d29e e-con-full e-flex e-con e-child\" data-id=\"67a4d29e\" data-element_type=\"container\">\n\t\t\t\t<div class=\"elementor-element elementor-element-7199ec50 wd-width-100 elementor-widget elementor-widget-wd_title\" data-id=\"7199ec50\" data-element_type=\"widget\" data-widget_type=\"wd_title.default\">\n\t\t\t\t<div class=\"elementor-widget-container\">\n\t\t\t\t\t\t\t<div class=\"title-wrapper set-mb-s reset-last-child wd-title-color-default wd-title-style-default wd-title-size-default text-center\">\n\n\t\t\t\t\t\t\t<div class=\"title-subtitle subtitle-color-default subtitle-style-default wd-fontsize-xs\">\n\t\t\t\t\tOperation Duration\t\t\t\t<\/div>\n\t\t\t\n\t\t\t<div class=\"liner-continer\">\n\t\t\t\t<p class=\"woodmart-title-container title wd-fontsize-l\">2-4 Hours<\/p> \n\t\t\t\t\t\t\t<\/div>\n\n\t\t\t\t\t<\/div>\n\t\t\t\t\t\t<\/div>\n\t\t\t\t<\/div>\n\t\t\t\t<\/div>\n\t\t<div class=\"elementor-element elementor-element-49a4f9b6 e-con-full e-flex e-con e-child\" data-id=\"49a4f9b6\" data-element_type=\"container\">\n\t\t\t\t<div class=\"elementor-element elementor-element-62f5bfe5 wd-width-100 elementor-widget elementor-widget-wd_title\" data-id=\"62f5bfe5\" data-element_type=\"widget\" data-widget_type=\"wd_title.default\">\n\t\t\t\t<div class=\"elementor-widget-container\">\n\t\t\t\t\t\t\t<div class=\"title-wrapper set-mb-s reset-last-child wd-title-color-default wd-title-style-default wd-title-size-default text-center\">\n\n\t\t\t\t\t\t\t<div class=\"title-subtitle subtitle-color-default subtitle-style-default wd-fontsize-xs\">\n\t\t\t\t\tAnaesthesia Type\t\t\t\t<\/div>\n\t\t\t\n\t\t\t<div class=\"liner-continer\">\n\t\t\t\t<p class=\"woodmart-title-container title wd-fontsize-l\">General Anaesthesia<\/p> \n\t\t\t\t\t\t\t<\/div>\n\n\t\t\t\t\t<\/div>\n\t\t\t\t\t\t<\/div>\n\t\t\t\t<\/div>\n\t\t\t\t<\/div>\n\t\t<div class=\"elementor-element elementor-element-7464e34a e-con-full e-flex e-con e-child\" data-id=\"7464e34a\" data-element_type=\"container\">\n\t\t\t\t<div class=\"elementor-element elementor-element-d2f00f5 wd-width-100 elementor-widget elementor-widget-wd_title\" data-id=\"d2f00f5\" data-element_type=\"widget\" data-widget_type=\"wd_title.default\">\n\t\t\t\t<div class=\"elementor-widget-container\">\n\t\t\t\t\t\t\t<div class=\"title-wrapper set-mb-s reset-last-child wd-title-color-default wd-title-style-default wd-title-size-default text-center\">\n\n\t\t\t\t\t\t\t<div class=\"title-subtitle subtitle-color-default subtitle-style-default wd-fontsize-xs\">\n\t\t\t\t\tRecovery Time\t\t\t\t<\/div>\n\t\t\t\n\t\t\t<div class=\"liner-continer\">\n\t\t\t\t<p class=\"woodmart-title-container title wd-fontsize-l\">1-2 Weeks<\/p> \n\t\t\t\t\t\t\t<\/div>\n\n\t\t\t\t\t<\/div>\n\t\t\t\t\t\t<\/div>\n\t\t\t\t<\/div>\n\t\t\t\t<\/div>\n\t\t\t\t\t<\/div>\n\t\t\t\t<\/div>\n\t\t<div class=\"wd-negative-gap elementor-element elementor-element-a7a18d0 e-flex e-con-boxed e-con e-parent\" data-id=\"a7a18d0\" data-element_type=\"container\">\n\t\t\t\t\t<div class=\"e-con-inner\">\n\t\t\t\t<div class=\"elementor-element elementor-element-b92a3c9 color-scheme-inherit text-left elementor-widget elementor-widget-text-editor\" data-id=\"b92a3c9\" data-element_type=\"widget\" data-widget_type=\"text-editor.default\">\n\t\t\t\t<div class=\"elementor-widget-container\">\n\t\t\t\t\t\t\t\t\t<p><span style=\"font-weight: 400;\">Beard transplantation is an aesthetic procedure to add natural-looking beards to areas where beards do not grow or become sparse. This procedure offers an excellent solution for men who experience beard loss due to various reasons such as genetic factors, age, diseases or accidents. Beard transplantation provides a personalised design and natural results with advanced methods provided by modern medicine. For those who want to have a natural beard appearance, beard transplantation is an effective solution that increases self-confidence.\u00a0<\/span><\/p><h2><span style=\"font-weight: 400;\">What Is Beard Transplantation and How Is It Done?<\/span><\/h2><p><span style=\"font-weight: 400;\">Beard transplantation is an aesthetic surgical procedure performed to clarify facial contours and to obtain a fuller, natural beard appearance. Beard transplantation, which is similar to hair transplantation methods, is usually performed by transferring healthy hair follicles taken from the nape area to the beard area. Thanks to this procedure, people with sparse, weak or no beard are given a more prominent and dense beard appearance. Beard transplantation is performed under local anaesthesia and is a painless experience for most people.<\/span><\/p><h2><span style=\"font-weight: 400;\">Who are Suitable Candidates for Beard Transplantation?<\/span><\/h2><p><span style=\"font-weight: 400;\">Suitable candidates for beard transplantation are people who have no beard, thinning or no beard at all. In addition, individuals who are suitable for beard transplantation in terms of health can have follicle transfer to the areas where beards do not grow due to genetic reasons. The fact that the candidates have a healthy hair structure ensures the successful attachment of the hair follicles to be transplanted. The age range should generally be 25 years and older, because this age group generally does not experience beard loss due to genetic factors.<\/span><\/p><h2><span style=\"font-weight: 400;\">How Does the Recovery Process Work After Beard Transplantation?<\/span><\/h2><p><span style=\"font-weight: 400;\">The healing process after beard transplantation is usually fast, but there are some points to be considered. During the first 2-3 days, swelling and redness may be seen in the beard transplantation area. This condition passes within a few days. There may be a slight crusting in the beard transplantation area, but these crusts will fall off over time and be replaced by healthy new beards. During the healing process, it is very important to follow the care instructions recommended by the doctor. It is also recommended to avoid direct sunlight for 1-2 weeks after the procedure.<\/span><\/p><h2><span style=\"font-weight: 400;\">Beard Transplant Prices<\/span><\/h2><p><span style=\"font-weight: 400;\">Beard transplant prices may vary according to various factors. In 2024, beard transplant prices vary depending on the technique applied, the number of hair follicles to be transplanted and clinic pricing. However, since each clinic and surgeon has different fee policies, prices may vary according to personal needs and preferences. A detailed consultation before the application will provide clear information about pricing.<\/span><\/p><h2><span style=\"font-weight: 400;\">What Should Be Considered Before and After Beard Transplantation?<\/span><\/h2><p><span style=\"font-weight: 400;\">There are some important issues to be considered before beard transplantation. Firstly, smoking, alcohol and blood thinners should be avoided before the procedure. In addition, no cosmetic product should be applied to the beard transplantation area and should not be shaved. Afterwards, attention should be paid to the healing process. The beard transplantation area should not be touched directly, should not be shaved and should not be washed with extremely hot water. It is important to follow the care instructions recommended by the doctor for the best healing process.<\/span><\/p><h2><span style=\"font-weight: 400;\">Who Is Beard Transplant Suitable For?<\/span><\/h2><p><span style=\"font-weight: 400;\">Beard transplantation is especially suitable for men who do not grow a beard, have sparse or shedding beards. In addition, people who cannot achieve full coverage in their beard or have an irregular beard line may also prefer to have a beard transplant. In addition, it is also very important to be psychologically ready for beard transplantation and to have a healthy body structure. In addition, people who experience genetic beard loss at a younger age may also be among the suitable candidates for beard transplantation.<\/span><\/p><h2><span style=\"font-weight: 400;\">When Does The Image Become Smooth After Beard Transplantation?<\/span><\/h2><p><span style=\"font-weight: 400;\">After beard transplantation, the appearance of the new beard usually starts to become apparent within 4-6 weeks. Although the newly transplanted roots are shed during the first 2 weeks, the roots begin to grow in a healthy way over time. Ideal results are obtained within 6-12 months. It is necessary to be patient to see the full results. During this time, the development of beards can be supported with healthy living habits and proper care. Since the healing process of each individual may be different, regular checks are important.<\/span><\/p><h2><span style=\"font-weight: 400;\">Beard Transplantation Methods: Which Method is Most Effective?<\/span><\/h2><p><span style=\"font-weight: 400;\">There are two main methods used for beard transplantation: FUE (Follicular Unit Extraction) and FUT (Follicular Unit Transfer). The FUE method allows the hair follicles to be transplanted one by one and usually gives more natural results. The FUT method is a technique in which more hair follicles are taken and allows application in large areas. Both methods give successful results, but which method is preferred depends on personal preferences and the recommendations of the specialist doctor.<\/span><\/p><h2><span style=\"font-weight: 400;\">Common Mistakes and Solutions for Beard Transplantation<\/span><\/h2><p><span style=\"font-weight: 400;\">Some common mistakes in beard transplantation can make it difficult to achieve the desired results. These include not paying attention to the healing process, not following the doctor's instructions and early shaving. In addition, procedures performed in inappropriate clinics can also lead to unsuccessful results. To avoid these mistakes, it is important to choose a reliable and experienced clinic and pay attention to the healing process.<\/span><\/p><h2><span style=\"font-weight: 400;\">How to Achieve Natural Appearance with Beard Transplantation?<\/span><\/h2><p><span style=\"font-weight: 400;\">In order to achieve a natural appearance with beard transplantation, the angle, direction and density of the roots to be transplanted are important. Natural beards should be placed in harmony with facial features. For this reason, beard transplantation procedures performed in the hands of an experienced specialist provide more natural and aesthetic results. In addition, a personalised beard line creates a more natural appearance.<\/span><\/p><p><br \/><br \/><\/p>\t\t\t\t\t\t\t\t<\/div>\n\t\t\t\t<\/div>\n\t\t\t\t\t<\/div>\n\t\t\t\t<\/div>\n\t\t\t\t<\/div>","protected":false},"excerpt":{"rendered":"<p>Ortalama Kal\u0131\u015f S\u00fcresi 7 G\u00fcn Hastanede Yat\u0131\u015f S\u00fcresi 1 G\u00fcn Operasyon S\u00fcresi 2-4 Saat Anestezi T\u00fcr\u00fc Genel Anestezi \u0130yile\u015fme S\u00fcresi<\/p>","protected":false},"author":1,"featured_media":0,"parent":0,"menu_order":0,"comment_status":"closed","ping_status":"closed","template":"","meta":{"footnotes":""},"class_list":["post-27856","page","type-page","status-publish","hentry"],"_links":{"self":[{"href":"https:\/\/westestetik.com\/en\/wp-json\/wp\/v2\/pages\/27856","targetHints":{"allow":["GET"]}}],"collection":[{"href":"https:\/\/westestetik.com\/en\/wp-json\/wp\/v2\/pages"}],"about":[{"href":"https:\/\/westestetik.com\/en\/wp-json\/wp\/v2\/types\/page"}],"author":[{"embeddable":true,"href":"https:\/\/westestetik.com\/en\/wp-json\/wp\/v2\/users\/1"}],"replies":[{"embeddable":true,"href":"https:\/\/westestetik.com\/en\/wp-json\/wp\/v2\/comments?post=27856"}],"version-history":[{"count":10,"href":"https:\/\/westestetik.com\/en\/wp-json\/wp\/v2\/pages\/27856\/revisions"}],"predecessor-version":[{"id":29040,"href":"https:\/\/westestetik.com\/en\/wp-json\/wp\/v2\/pages\/27856\/revisions\/29040"}],"wp:attachment":[{"href":"https:\/\/westestetik.com\/en\/wp-json\/wp\/v2\/media?parent=27856"}],"curies":[{"name":"wp","href":"https:\/\/api.w.org\/{rel}","templated":true}]}}