{"id":27761,"date":"2024-12-02T22:50:31","date_gmt":"2024-12-02T22:50:31","guid":{"rendered":"https:\/\/westestetik.com\/?page_id=27761"},"modified":"2024-12-25T10:48:57","modified_gmt":"2024-12-25T10:48:57","slug":"breast-lift","status":"publish","type":"page","link":"https:\/\/westestetik.com\/en\/breast-lift\/","title":{"rendered":"Breast Lift"},"content":{"rendered":"<div data-elementor-type=\"wp-page\" data-elementor-id=\"27761\" class=\"elementor elementor-27761\" data-elementor-post-type=\"page\">\n\t\t\t\t<div class=\"wd-negative-gap elementor-element elementor-element-e150b12 e-flex e-con-boxed e-con e-parent\" data-id=\"e150b12\" data-element_type=\"container\">\n\t\t\t\t\t<div class=\"e-con-inner\">\n\t\t\t\t<div class=\"elementor-element elementor-element-7286009 elementor-widget elementor-widget-image\" data-id=\"7286009\" data-element_type=\"widget\" data-widget_type=\"image.default\">\n\t\t\t\t<div class=\"elementor-widget-container\">\n\t\t\t\t\t\t\t\t\t\t\t\t\t\t\t<img fetchpriority=\"high\" decoding=\"async\" width=\"1300\" height=\"384\" src=\"https:\/\/westestetik.com\/wp-content\/uploads\/2024\/12\/Uygulama-1-1300x384.png\" class=\"attachment-large size-large wp-image-27725\" alt=\"Diseases\" srcset=\"https:\/\/westestetik.com\/wp-content\/uploads\/2024\/12\/Uygulama-1-1300x384.png 1300w, https:\/\/westestetik.com\/wp-content\/uploads\/2024\/12\/Uygulama-1-430x127.png 430w, https:\/\/westestetik.com\/wp-content\/uploads\/2024\/12\/Uygulama-1-150x44.png 150w, https:\/\/westestetik.com\/wp-content\/uploads\/2024\/12\/Uygulama-1-700x207.png 700w, https:\/\/westestetik.com\/wp-content\/uploads\/2024\/12\/Uygulama-1-400x118.png 400w, https:\/\/westestetik.com\/wp-content\/uploads\/2024\/12\/Uygulama-1-768x227.png 768w, https:\/\/westestetik.com\/wp-content\/uploads\/2024\/12\/Uygulama-1-1536x453.png 1536w, https:\/\/westestetik.com\/wp-content\/uploads\/2024\/12\/Uygulama-1-2048x604.png 2048w\" sizes=\"(max-width: 1300px) 100vw, 1300px\" \/>\t\t\t\t\t\t\t\t\t\t\t\t\t\t\t<\/div>\n\t\t\t\t<\/div>\n\t\t\t\t\t<\/div>\n\t\t\t\t<\/div>\n\t\t<div class=\"wd-negative-gap elementor-element elementor-element-195135c e-flex e-con-boxed e-con e-parent\" data-id=\"195135c\" data-element_type=\"container\">\n\t\t\t\t\t<div class=\"e-con-inner\">\n\t\t\t\t<div class=\"elementor-element elementor-element-4f0ffe1 color-scheme-inherit text-left elementor-widget elementor-widget-text-editor\" data-id=\"4f0ffe1\" data-element_type=\"widget\" data-widget_type=\"text-editor.default\">\n\t\t\t\t<div class=\"elementor-widget-container\">\n\t\t\t\t\t\t\t\t\t<p><span style=\"font-weight: 400;\">Breast lift surgery is an aesthetic surgical intervention that allows sagging breasts to regain a youthful and shaped appearance due to age, pregnancy, breastfeeding or weight loss. This surgery helps women feel better both physically and psychologically.<\/span><\/p><h2><span style=\"font-weight: 400;\">What is Breast Lift and Who is it Suitable for?<\/span><\/h2><p><span style=\"font-weight: 400;\">Breast lift is an aesthetic surgical procedure performed to restore sagging or volume loss breasts to a more youthful, shaped and fuller appearance. This procedure is especially ideal for women who want to restore their breasts to their former shape after pregnancy, breastfeeding, ageing or major weight changes. A breast lift involves not only lifting the breast, but also removing excess skin and tissue to restore the natural shape of the breast.<\/span><\/p><p><span style=\"font-weight: 400;\">This surgical procedure allows women to feel better both physically and psychologically. Breast lift can correct sagging as well as deformities such as asymmetry.<\/span><\/p><h2><span style=\"font-weight: 400;\">Who is Labiaplasty Suitable for?<\/span><\/h2><ul><li><span style=\"font-weight: 400;\">Women who experience sagging after pregnancy and breastfeeding<\/span><\/li><li><span style=\"font-weight: 400;\">People experiencing volume loss as a result of weight loss<\/span><\/li><li><span style=\"font-weight: 400;\">Women whose breasts change shape as a result of ageing<\/span><\/li><li><span style=\"font-weight: 400;\">Those with asymmetrical breast structure<\/span><\/li><li><span style=\"font-weight: 400;\">Women who want a younger look<\/span><\/li><\/ul><p><span style=\"font-weight: 400;\">If you are experiencing one of these situations, breast lift surgery may be suitable for you. A good plastic surgeon will determine the best solution to suit your individual needs.<\/span><\/p><h2><span style=\"font-weight: 400;\">How is Breast Lift Surgery Performed?<\/span><\/h2><p><span style=\"font-weight: 400;\">Breast lift surgery is a surgical procedure that usually takes 1-3 hours and can be performed under local or general anaesthesia. The surgeon uses different techniques depending on the severity of sagging and the current condition of the breast. The basic steps of the surgery are as follows:<\/span><\/p><ul><li><span style=\"font-weight: 400;\">Placement of the incision: The surgeon makes incisions around the nipple, underneath it and sometimes in the armpit area. These incisions usually leave scars after healing, but a good surgeon uses techniques to minimise scars.<\/span><\/li><li><span style=\"font-weight: 400;\">Reshaping of Breast Tissue: The excess skin of the breast is removed and the breast tissue is pulled upwards, resulting in a more youthful and erect form.<\/span><\/li><li><span style=\"font-weight: 400;\">Repositioning the nipple: The nipple is repositioned according to the lifted breast. Thus, the nipple is in a natural position.<\/span><\/li><li><span style=\"font-weight: 400;\">Closure and tightening of scars: At the end of the procedure, the incisions are closed and the healing process begins.<\/span><\/li><\/ul><p><span style=\"font-weight: 400;\">After the operation, some patients may feel mild pain and swelling. However, this usually resolves within 1-2 weeks. The healing process after breast lift may vary for each individual, but most patients can return to their daily activities within 1 week.<\/span><\/p><h2><span style=\"font-weight: 400;\">Is There Loss of Sensation After Breast Lift Surgery?<\/span><\/h2><p><span style=\"font-weight: 400;\">After breast lift surgery, most women may experience temporary loss of sensation. Especially in the areas around the nipple, loss of sensation may occur for the first few weeks due to the effect of anaesthesia. However, this loss is usually temporary and improves over time.<\/span><\/p><p><span style=\"font-weight: 400;\">Severe loss of sensation is very rare. This may vary depending on the surgeon's techniques and the individual healing process. A good surgeon will perform the procedure with minimal impact on the nerves and reduce the chance of loss of sensation.<\/span><\/p><p><span style=\"font-weight: 400;\">However, some patients may experience minimal loss of sensation, while others may experience a complete return of lost sensation. If you are concerned about loss of sensation, you can determine the best approach by discussing this with your surgeon in advance.<\/span><\/p><h2><span style=\"font-weight: 400;\">What are Breast Lift Prices?<\/span><\/h2><p><span style=\"font-weight: 400;\">Prices may vary depending on the surgeon's experience, hospital and clinic conditions, type of anaesthesia used and additional services.<\/span><\/p><p><span style=\"font-weight: 400;\">Another important factor determining the price range is the degree of sagging in the breast and the surgical technique to be selected accordingly. If breast augmentation (implant placement) is added to the breast lift procedure, prices may be higher.<\/span><\/p><p><span style=\"font-weight: 400;\">It is important to determine the exact procedure you need by making a preliminary interview to find out the price of the operation. It will also be useful to clarify your budget by making financial planning before plastic surgery.<\/span><\/p><h2><span style=\"font-weight: 400;\">Recovery Process and Care Recommendations After Breast Lift<\/span><\/h2><p><span style=\"font-weight: 400;\">The recovery process after breast lift surgery may be different for each patient, but in general, the following stages are followed:<\/span><\/p><ul><li><span style=\"font-weight: 400;\">First 24 hours: You will be kept under observation in the hospital for a few hours after the operation. There may be swelling and bruising in the first 24 hours.<\/span><\/li><li><span style=\"font-weight: 400;\">First Week In the first week, you should avoid putting pressure on your breasts. It is important to wear the supportive bra or corset recommended by your surgeon.<\/span><\/li><li><span style=\"font-weight: 400;\">Week 2 Swelling begins to decrease, but you should remember that the healing process continues. You can take light walks.<\/span><\/li><li><span style=\"font-weight: 400;\">Third Week and After: You can start to return to your normal activities within a few weeks after surgery, but you should avoid heavy exercise.<\/span><\/li><\/ul><p><span style=\"font-weight: 400;\">During the healing process, your surgeon will give you care instructions and tell you how to care for the wound. To avoid the risk of infection, you should move in sterile areas and do not neglect your regular check-ups.<\/span><\/p><h2><span style=\"font-weight: 400;\">Differences Between Breast Lift and Breast Aesthetics<\/span><\/h2><p><span style=\"font-weight: 400;\">Breast aesthetics generally includes surgical procedures that aim to change the shape and size of the breast. Breast lift only aims to recover sagging breasts and give them a more aesthetic form. On the other hand, breast augmentation or reduction procedures also fall under the category of breast aesthetics.<\/span><\/p><p><span style=\"font-weight: 400;\">Breast lift and breast augmentation can often be combined. In this case, patients can achieve a more youthful appearance by removing volume loss and recovering sagging tissue.<\/span><\/p><h2><span style=\"font-weight: 400;\">How Prominent Are Scars After Breast Lift?<\/span><\/h2><p><span style=\"font-weight: 400;\">As with any surgical procedure, scars may remain after breast lift surgery. However, scars may differ according to the techniques used by the surgeon and the incision sites.<\/span><\/p><p><span style=\"font-weight: 400;\">It usually follows:<\/span><\/p><ul><li><span style=\"font-weight: 400;\">Around the areola (around the nipple)<\/span><\/li><li><span style=\"font-weight: 400;\">In the plan under the breast<\/span><\/li><li><span style=\"font-weight: 400;\">It can extend vertically upwards under the breast.<\/span><\/li><\/ul><p><span style=\"font-weight: 400;\">The scars are expected to fade and become less prominent over time. Many patients appreciate the aesthetic results and are satisfied with the procedure despite these scars. In addition, some surgeons may use special techniques to make the scars less prominent.<\/span><\/p><h2><span style=\"font-weight: 400;\">Is It Possible to Breastfeed After Breast Lift Surgery?<\/span><\/h2><p><span style=\"font-weight: 400;\">Many women can continue breastfeeding after a breast lift. During surgery, the milk ducts, which are necessary for milk production, are minimally damaged. However, every woman's anatomy is different and it is important to have a detailed discussion with your surgeon.<\/span><\/p><p><span style=\"font-weight: 400;\">If you plan to breastfeed in the future, you should speak openly with your surgeon about this so that your breast lift is performed in a way that does not interfere with breastfeeding.<\/span><\/p><p>\u00a0<\/p>\t\t\t\t\t\t\t\t<\/div>\n\t\t\t\t<\/div>\n\t\t\t\t\t<\/div>\n\t\t\t\t<\/div>\n\t\t\t\t<\/div>","protected":false},"excerpt":{"rendered":"<p>Meme dikle\u015ftirme ameliyat\u0131, ya\u015f, gebelik, emzirme ya da kilo kayb\u0131 gibi sebeplerle sarkan memelerin yeniden gen\u00e7 ve \u015fekilli bir g\u00f6r\u00fcn\u00fcm<\/p>","protected":false},"author":1,"featured_media":0,"parent":0,"menu_order":0,"comment_status":"closed","ping_status":"closed","template":"","meta":{"footnotes":""},"class_list":["post-27761","page","type-page","status-publish","hentry"],"_links":{"self":[{"href":"https:\/\/westestetik.com\/en\/wp-json\/wp\/v2\/pages\/27761","targetHints":{"allow":["GET"]}}],"collection":[{"href":"https:\/\/westestetik.com\/en\/wp-json\/wp\/v2\/pages"}],"about":[{"href":"https:\/\/westestetik.com\/en\/wp-json\/wp\/v2\/types\/page"}],"author":[{"embeddable":true,"href":"https:\/\/westestetik.com\/en\/wp-json\/wp\/v2\/users\/1"}],"replies":[{"embeddable":true,"href":"https:\/\/westestetik.com\/en\/wp-json\/wp\/v2\/comments?post=27761"}],"version-history":[{"count":10,"href":"https:\/\/westestetik.com\/en\/wp-json\/wp\/v2\/pages\/27761\/revisions"}],"predecessor-version":[{"id":27843,"href":"https:\/\/westestetik.com\/en\/wp-json\/wp\/v2\/pages\/27761\/revisions\/27843"}],"wp:attachment":[{"href":"https:\/\/westestetik.com\/en\/wp-json\/wp\/v2\/media?parent=27761"}],"curies":[{"name":"wp","href":"https:\/\/api.w.org\/{rel}","templated":true}]}}