{"id":27739,"date":"2024-12-02T22:40:26","date_gmt":"2024-12-02T22:40:26","guid":{"rendered":"https:\/\/westestetik.com\/?page_id=27739"},"modified":"2025-11-13T12:51:45","modified_gmt":"2025-11-13T09:51:45","slug":"thigh-lift","status":"publish","type":"page","link":"https:\/\/westestetik.com\/en\/thigh-lift\/","title":{"rendered":"Thigh Lift"},"content":{"rendered":"<div data-elementor-type=\"wp-page\" data-elementor-id=\"27739\" class=\"elementor elementor-27739\" data-elementor-post-type=\"page\">\n\t\t\t\t<div class=\"elementor-element elementor-element-479676e1 e-con-full elementor-hidden-desktop elementor-hidden-tablet elementor-hidden-mobile e-flex e-con e-parent\" data-id=\"479676e1\" data-element_type=\"container\">\n\t\t<div class=\"elementor-element elementor-element-4a2b21a6 e-con-full e-flex e-con e-child\" data-id=\"4a2b21a6\" data-element_type=\"container\">\n\t\t\t\t<div class=\"elementor-element elementor-element-178ea743 elementor-widget elementor-widget-image\" data-id=\"178ea743\" data-element_type=\"widget\" data-widget_type=\"image.default\">\n\t\t\t\t<div class=\"elementor-widget-container\">\n\t\t\t\t\t\t\t\t\t\t\t\t\t\t\t<img decoding=\"async\" width=\"100\" height=\"100\" src=\"https:\/\/westestetik.com\/wp-content\/uploads\/2024\/12\/1-4.png\" class=\"attachment-large size-large wp-image-28814\" alt=\"\" srcset=\"https:\/\/westestetik.com\/wp-content\/uploads\/2024\/12\/1-4.png 100w, https:\/\/westestetik.com\/wp-content\/uploads\/2024\/12\/1-4-12x12.png 12w\" sizes=\"(max-width: 100px) 100vw, 100px\" \/>\t\t\t\t\t\t\t\t\t\t\t\t\t\t\t<\/div>\n\t\t\t\t<\/div>\n\t\t\t\t<\/div>\n\t\t<div class=\"elementor-element elementor-element-399b4441 e-con-full e-flex e-con e-child\" data-id=\"399b4441\" data-element_type=\"container\">\n\t\t\t\t<div class=\"elementor-element elementor-element-69a5e4c5 elementor-widget elementor-widget-image\" data-id=\"69a5e4c5\" data-element_type=\"widget\" data-widget_type=\"image.default\">\n\t\t\t\t<div class=\"elementor-widget-container\">\n\t\t\t\t\t\t\t\t\t\t\t\t\t\t\t<img decoding=\"async\" width=\"100\" height=\"100\" src=\"https:\/\/westestetik.com\/wp-content\/uploads\/2024\/12\/2-5.png\" class=\"attachment-large size-large wp-image-28815\" alt=\"\" srcset=\"https:\/\/westestetik.com\/wp-content\/uploads\/2024\/12\/2-5.png 100w, https:\/\/westestetik.com\/wp-content\/uploads\/2024\/12\/2-5-12x12.png 12w\" sizes=\"(max-width: 100px) 100vw, 100px\" \/>\t\t\t\t\t\t\t\t\t\t\t\t\t\t\t<\/div>\n\t\t\t\t<\/div>\n\t\t\t\t<\/div>\n\t\t<div class=\"elementor-element elementor-element-7400db17 e-con-full e-flex e-con e-child\" data-id=\"7400db17\" data-element_type=\"container\">\n\t\t\t\t<div class=\"elementor-element elementor-element-5edf8749 elementor-widget elementor-widget-image\" data-id=\"5edf8749\" data-element_type=\"widget\" data-widget_type=\"image.default\">\n\t\t\t\t<div class=\"elementor-widget-container\">\n\t\t\t\t\t\t\t\t\t\t\t\t\t\t\t<img decoding=\"async\" width=\"100\" height=\"100\" src=\"https:\/\/westestetik.com\/wp-content\/uploads\/2024\/12\/3-1.png\" class=\"attachment-large size-large wp-image-28816\" alt=\"\" srcset=\"https:\/\/westestetik.com\/wp-content\/uploads\/2024\/12\/3-1.png 100w, https:\/\/westestetik.com\/wp-content\/uploads\/2024\/12\/3-1-12x12.png 12w\" sizes=\"(max-width: 100px) 100vw, 100px\" \/>\t\t\t\t\t\t\t\t\t\t\t\t\t\t\t<\/div>\n\t\t\t\t<\/div>\n\t\t\t\t<\/div>\n\t\t<div class=\"elementor-element elementor-element-7d5fb57c e-con-full e-flex e-con e-child\" data-id=\"7d5fb57c\" data-element_type=\"container\">\n\t\t\t\t<div class=\"elementor-element elementor-element-674b1a4e elementor-widget elementor-widget-image\" data-id=\"674b1a4e\" data-element_type=\"widget\" data-widget_type=\"image.default\">\n\t\t\t\t<div class=\"elementor-widget-container\">\n\t\t\t\t\t\t\t\t\t\t\t\t\t\t\t<img loading=\"lazy\" decoding=\"async\" width=\"100\" height=\"100\" src=\"https:\/\/westestetik.com\/wp-content\/uploads\/2024\/12\/4-1.png\" class=\"attachment-large size-large wp-image-28817\" alt=\"\" srcset=\"https:\/\/westestetik.com\/wp-content\/uploads\/2024\/12\/4-1.png 100w, https:\/\/westestetik.com\/wp-content\/uploads\/2024\/12\/4-1-12x12.png 12w\" sizes=\"(max-width: 100px) 100vw, 100px\" \/>\t\t\t\t\t\t\t\t\t\t\t\t\t\t\t<\/div>\n\t\t\t\t<\/div>\n\t\t\t\t<\/div>\n\t\t<div class=\"elementor-element elementor-element-48968e11 e-con-full e-flex e-con e-child\" data-id=\"48968e11\" data-element_type=\"container\">\n\t\t\t\t<div class=\"elementor-element elementor-element-3e211bf1 elementor-widget elementor-widget-image\" data-id=\"3e211bf1\" data-element_type=\"widget\" data-widget_type=\"image.default\">\n\t\t\t\t<div class=\"elementor-widget-container\">\n\t\t\t\t\t\t\t\t\t\t\t\t\t\t\t<img loading=\"lazy\" decoding=\"async\" width=\"100\" height=\"100\" src=\"https:\/\/westestetik.com\/wp-content\/uploads\/2024\/12\/5-1.png\" class=\"attachment-large size-large wp-image-28818\" alt=\"\" srcset=\"https:\/\/westestetik.com\/wp-content\/uploads\/2024\/12\/5-1.png 100w, https:\/\/westestetik.com\/wp-content\/uploads\/2024\/12\/5-1-12x12.png 12w\" sizes=\"(max-width: 100px) 100vw, 100px\" \/>\t\t\t\t\t\t\t\t\t\t\t\t\t\t\t<\/div>\n\t\t\t\t<\/div>\n\t\t\t\t<\/div>\n\t\t\t\t<\/div>\n\t\t<div class=\"wd-negative-gap elementor-element elementor-element-45e7fdf9 elementor-hidden-desktop elementor-hidden-tablet elementor-hidden-mobile e-flex e-con-boxed e-con e-parent\" data-id=\"45e7fdf9\" data-element_type=\"container\">\n\t\t\t\t\t<div class=\"e-con-inner\">\n\t\t<div class=\"elementor-element elementor-element-65cd15ab e-con-full e-flex e-con e-child\" data-id=\"65cd15ab\" data-element_type=\"container\">\n\t\t\t\t<div class=\"elementor-element elementor-element-121012e9 wd-width-100 elementor-widget elementor-widget-wd_title\" data-id=\"121012e9\" data-element_type=\"widget\" data-widget_type=\"wd_title.default\">\n\t\t\t\t<div class=\"elementor-widget-container\">\n\t\t\t\t\t\t\t<div class=\"title-wrapper set-mb-s reset-last-child wd-title-color-default wd-title-style-default wd-title-size-default text-center\">\n\n\t\t\t\t\t\t\t<div class=\"title-subtitle subtitle-color-default subtitle-style-default wd-fontsize-xs\">\n\t\t\t\t\tAverage Length of Stay\t\t\t\t<\/div>\n\t\t\t\n\t\t\t<div class=\"liner-continer\">\n\t\t\t\t<p class=\"woodmart-title-container title wd-fontsize-l\">7 Days<\/p> \n\t\t\t\t\t\t\t<\/div>\n\n\t\t\t\t\t<\/div>\n\t\t\t\t\t\t<\/div>\n\t\t\t\t<\/div>\n\t\t\t\t<\/div>\n\t\t<div class=\"elementor-element elementor-element-2cf0f2cb e-con-full e-flex e-con e-child\" data-id=\"2cf0f2cb\" data-element_type=\"container\">\n\t\t\t\t<div class=\"elementor-element elementor-element-142bcdfd wd-width-100 elementor-widget elementor-widget-wd_title\" data-id=\"142bcdfd\" data-element_type=\"widget\" data-widget_type=\"wd_title.default\">\n\t\t\t\t<div class=\"elementor-widget-container\">\n\t\t\t\t\t\t\t<div class=\"title-wrapper set-mb-s reset-last-child wd-title-color-default wd-title-style-default wd-title-size-default text-center\">\n\n\t\t\t\t\t\t\t<div class=\"title-subtitle subtitle-color-default subtitle-style-default wd-fontsize-xs\">\n\t\t\t\t\tDuration of Hospitalisation\t\t\t\t<\/div>\n\t\t\t\n\t\t\t<div class=\"liner-continer\">\n\t\t\t\t<p class=\"woodmart-title-container title wd-fontsize-l\">1 Day<\/p> \n\t\t\t\t\t\t\t<\/div>\n\n\t\t\t\t\t<\/div>\n\t\t\t\t\t\t<\/div>\n\t\t\t\t<\/div>\n\t\t\t\t<\/div>\n\t\t<div class=\"elementor-element elementor-element-52bc427c e-con-full e-flex e-con e-child\" data-id=\"52bc427c\" data-element_type=\"container\">\n\t\t\t\t<div class=\"elementor-element elementor-element-15e85ab6 wd-width-100 elementor-widget elementor-widget-wd_title\" data-id=\"15e85ab6\" data-element_type=\"widget\" data-widget_type=\"wd_title.default\">\n\t\t\t\t<div class=\"elementor-widget-container\">\n\t\t\t\t\t\t\t<div class=\"title-wrapper set-mb-s reset-last-child wd-title-color-default wd-title-style-default wd-title-size-default text-center\">\n\n\t\t\t\t\t\t\t<div class=\"title-subtitle subtitle-color-default subtitle-style-default wd-fontsize-xs\">\n\t\t\t\t\tOperation Duration\t\t\t\t<\/div>\n\t\t\t\n\t\t\t<div class=\"liner-continer\">\n\t\t\t\t<p class=\"woodmart-title-container title wd-fontsize-l\">2-4 Hours<\/p> \n\t\t\t\t\t\t\t<\/div>\n\n\t\t\t\t\t<\/div>\n\t\t\t\t\t\t<\/div>\n\t\t\t\t<\/div>\n\t\t\t\t<\/div>\n\t\t<div class=\"elementor-element elementor-element-499a58e3 e-con-full e-flex e-con e-child\" data-id=\"499a58e3\" data-element_type=\"container\">\n\t\t\t\t<div class=\"elementor-element elementor-element-4b2ae6d wd-width-100 elementor-widget elementor-widget-wd_title\" data-id=\"4b2ae6d\" data-element_type=\"widget\" data-widget_type=\"wd_title.default\">\n\t\t\t\t<div class=\"elementor-widget-container\">\n\t\t\t\t\t\t\t<div class=\"title-wrapper set-mb-s reset-last-child wd-title-color-default wd-title-style-default wd-title-size-default text-center\">\n\n\t\t\t\t\t\t\t<div class=\"title-subtitle subtitle-color-default subtitle-style-default wd-fontsize-xs\">\n\t\t\t\t\tAnaesthesia Type\t\t\t\t<\/div>\n\t\t\t\n\t\t\t<div class=\"liner-continer\">\n\t\t\t\t<p class=\"woodmart-title-container title wd-fontsize-l\">General Anaesthesia<\/p> \n\t\t\t\t\t\t\t<\/div>\n\n\t\t\t\t\t<\/div>\n\t\t\t\t\t\t<\/div>\n\t\t\t\t<\/div>\n\t\t\t\t<\/div>\n\t\t<div class=\"elementor-element elementor-element-11ed7d e-con-full e-flex e-con e-child\" data-id=\"11ed7d\" data-element_type=\"container\">\n\t\t\t\t<div class=\"elementor-element elementor-element-55908bb3 wd-width-100 elementor-widget elementor-widget-wd_title\" data-id=\"55908bb3\" data-element_type=\"widget\" data-widget_type=\"wd_title.default\">\n\t\t\t\t<div class=\"elementor-widget-container\">\n\t\t\t\t\t\t\t<div class=\"title-wrapper set-mb-s reset-last-child wd-title-color-default wd-title-style-default wd-title-size-default text-center\">\n\n\t\t\t\t\t\t\t<div class=\"title-subtitle subtitle-color-default subtitle-style-default wd-fontsize-xs\">\n\t\t\t\t\tRecovery Time\t\t\t\t<\/div>\n\t\t\t\n\t\t\t<div class=\"liner-continer\">\n\t\t\t\t<p class=\"woodmart-title-container title wd-fontsize-l\">1-2 Weeks<\/p> \n\t\t\t\t\t\t\t<\/div>\n\n\t\t\t\t\t<\/div>\n\t\t\t\t\t\t<\/div>\n\t\t\t\t<\/div>\n\t\t\t\t<\/div>\n\t\t\t\t\t<\/div>\n\t\t\t\t<\/div>\n\t\t<div class=\"wd-negative-gap elementor-element elementor-element-f8994c3 e-flex e-con-boxed e-con e-parent\" data-id=\"f8994c3\" data-element_type=\"container\">\n\t\t\t\t\t<div class=\"e-con-inner\">\n\t\t\t\t<div class=\"elementor-element elementor-element-0a8c510 color-scheme-inherit text-left elementor-widget elementor-widget-text-editor\" data-id=\"0a8c510\" data-element_type=\"widget\" data-widget_type=\"text-editor.default\">\n\t\t\t\t<div class=\"elementor-widget-container\">\n\t\t\t\t\t\t\t\t\t<p>Thigh lift surgery is an effective aesthetic procedure preferred to solve sagging and loosening problems in the skin. Sagging in the thigh area, especially due to weight loss, aging or genetic factors, can negatively affect the physical appearance of people.\u00a0<\/p><h2>What is Thigh Lift Surgery?<\/h2><p>Thigh lift surgery is the removal of excess skin and fat tissue in the thigh area. This procedure is performed to correct sagging skin and tighten the skin in the thigh area. The surgery is generally preferred by people who want to correct deformations that occur in the body after weight loss, aging or childbirth. Thigh lift procedure aims to increase the self-confidence of the person as well as aesthetic appearance.<\/p><h2>What are the Benefits of Thigh Lift Surgery?<\/h2><p>Thigh lift surgery offers many benefits. Among these benefits:<\/p><ul><li>Skin Tightening: Sagging and loose skin is tightened.<\/li><li>Aesthetic Appearance: Getting rid of excess skin and fat in the thigh area provides a smoother body contours.<\/li><li>Increased Self-Confidence: Removing unwanted sagging helps people feel better about themselves.<\/li><li>Physical Comfort: Physical discomfort caused by sagging skin decreases after the procedure.<\/li><\/ul><h2>Who Can Thigh Lift Surgery Be Performed?<\/h2><p>Thigh lift surgery is suitable for people who experience excessive sagging in their bodies, have lost skin elasticity and are aesthetically dissatisfied. In addition, individuals who have sagging in the body after weight loss can achieve a more aesthetic appearance with the thigh lift procedure. Ideal candidates for surgery:<\/p><ul><li>People with sagging skin after weight loss,<\/li><li>Individuals who have lost skin elasticity due to ageing,<\/li><li>Women with postpartum deformation in the abdomen and thigh area,<\/li><li>Healthy individuals, close to the ideal weight, but who want tightening in the thigh area.<\/li><\/ul><h2>How is Thigh Lift Surgery Performed?<\/h2><p>Thigh lift surgery is usually performed under general anaesthesia. The surgeon makes small incisions in the inner thigh, groin area or lower thigh in hidden places. Through these incisions, excess skin and fat are removed and the skin is tightened. The duration of the surgery can vary depending on the extent of the procedure and usually takes between 2-4 hours. After the procedure, patients are kept under observation in the hospital for a while and the recovery process begins.<\/p><h2>Recovery Process After Thigh Lift Surgery<\/h2><p>The recovery process after thigh lift surgery varies from person to person. Generally, patients may feel mild pain for a few days after the procedure. Swelling and bruising are also common side effects. The healing process begins within 1-2 weeks and the patient can return to normal daily activities after 4-6 weeks. Full recovery may take several months.<\/p><h2>Risks and Side Effects of Thigh Lift Surgery<\/h2><p>As with any surgical procedure, thigh lift surgery carries some risks. These include infection, bleeding, scarring and allergic reactions to anaesthesia. In addition, complications that may occur during the healing process are also among the risks. However, these risks can be minimised in surgeries performed by an experienced surgeon.<\/p><h2>What Should Be Considered After Thigh Lift Surgery?<\/h2><p>After the operation, there are several important points that patients should pay attention to. These are<\/p><ul><li>Wound Care: It is necessary to keep the surgical scar area clean and regularly care with creams recommended by the doctor.<\/li><li>Restriction of Movement: Heavy exercise and excessive movement should be avoided for the first few weeks.<\/li><li>Smoking Smoking can negatively affect the healing process, so smoking should be avoided.<\/li><\/ul><h2>Thigh Lift Surgery Prices<\/h2><p>Thigh lift surgery prices may vary depending on the surgeon's experience, the location of the hospital and the extent of the surgery. Although prices in Turkey are generally more affordable, prices determined according to individual needs may vary. To get the most accurate price, it is important to contact a plastic surgeon directly.<\/p><h2>Scars and Aesthetic Results After Thigh Lift Surgery<\/h2><p>The scars that will occur after thigh lift surgery vary depending on the technique applied by the surgeon and the incision sites. A good surgeon chooses appropriate incision sites to minimise scars. Over time, these scars fade and become less prominent. However, it is not possible for the scars to disappear completely.<\/p><p>\u00a0<\/p>\t\t\t\t\t\t\t\t<\/div>\n\t\t\t\t<\/div>\n\t\t\t\t\t<\/div>\n\t\t\t\t<\/div>\n\t\t\t\t<\/div>","protected":false},"excerpt":{"rendered":"<p>Ortalama Kal\u0131\u015f S\u00fcresi 7 G\u00fcn Hastanede Yat\u0131\u015f S\u00fcresi 1 G\u00fcn Operasyon S\u00fcresi 2-4 Saat Anestezi T\u00fcr\u00fc Genel Anestezi \u0130yile\u015fme S\u00fcresi<\/p>","protected":false},"author":1,"featured_media":0,"parent":0,"menu_order":0,"comment_status":"closed","ping_status":"closed","template":"","meta":{"footnotes":""},"class_list":["post-27739","page","type-page","status-publish","hentry"],"_links":{"self":[{"href":"https:\/\/westestetik.com\/en\/wp-json\/wp\/v2\/pages\/27739","targetHints":{"allow":["GET"]}}],"collection":[{"href":"https:\/\/westestetik.com\/en\/wp-json\/wp\/v2\/pages"}],"about":[{"href":"https:\/\/westestetik.com\/en\/wp-json\/wp\/v2\/types\/page"}],"author":[{"embeddable":true,"href":"https:\/\/westestetik.com\/en\/wp-json\/wp\/v2\/users\/1"}],"replies":[{"embeddable":true,"href":"https:\/\/westestetik.com\/en\/wp-json\/wp\/v2\/comments?post=27739"}],"version-history":[{"count":10,"href":"https:\/\/westestetik.com\/en\/wp-json\/wp\/v2\/pages\/27739\/revisions"}],"predecessor-version":[{"id":31901,"href":"https:\/\/westestetik.com\/en\/wp-json\/wp\/v2\/pages\/27739\/revisions\/31901"}],"wp:attachment":[{"href":"https:\/\/westestetik.com\/en\/wp-json\/wp\/v2\/media?parent=27739"}],"curies":[{"name":"wp","href":"https:\/\/api.w.org\/{rel}","templated":true}]}}