{"id":27733,"date":"2024-12-02T22:36:24","date_gmt":"2024-12-02T22:36:24","guid":{"rendered":"https:\/\/westestetik.com\/?page_id=27733"},"modified":"2024-12-25T13:52:45","modified_gmt":"2024-12-25T13:52:45","slug":"liposaxin","status":"publish","type":"page","link":"https:\/\/westestetik.com\/en\/liposaxin\/","title":{"rendered":"Liposuction"},"content":{"rendered":"<div data-elementor-type=\"wp-page\" data-elementor-id=\"27733\" class=\"elementor elementor-27733\" data-elementor-post-type=\"page\">\n\t\t\t\t<div class=\"elementor-element elementor-element-3244b786 e-con-full e-flex e-con e-parent\" data-id=\"3244b786\" data-element_type=\"container\">\n\t\t<div class=\"elementor-element elementor-element-138a9998 e-con-full e-flex e-con e-child\" data-id=\"138a9998\" data-element_type=\"container\">\n\t\t\t\t<div class=\"elementor-element elementor-element-3e13e957 elementor-widget elementor-widget-image\" data-id=\"3e13e957\" data-element_type=\"widget\" data-widget_type=\"image.default\">\n\t\t\t\t<div class=\"elementor-widget-container\">\n\t\t\t\t\t\t\t\t\t\t\t\t\t\t\t<img decoding=\"async\" width=\"100\" height=\"100\" src=\"https:\/\/westestetik.com\/wp-content\/uploads\/2024\/12\/1-4.png\" class=\"attachment-large size-large wp-image-28814\" alt=\"\" srcset=\"https:\/\/westestetik.com\/wp-content\/uploads\/2024\/12\/1-4.png 100w, https:\/\/westestetik.com\/wp-content\/uploads\/2024\/12\/1-4-12x12.png 12w\" sizes=\"(max-width: 100px) 100vw, 100px\" \/>\t\t\t\t\t\t\t\t\t\t\t\t\t\t\t<\/div>\n\t\t\t\t<\/div>\n\t\t\t\t<\/div>\n\t\t<div class=\"elementor-element elementor-element-50569076 e-con-full e-flex e-con e-child\" data-id=\"50569076\" data-element_type=\"container\">\n\t\t\t\t<div class=\"elementor-element elementor-element-aafafd8 elementor-widget elementor-widget-image\" data-id=\"aafafd8\" data-element_type=\"widget\" data-widget_type=\"image.default\">\n\t\t\t\t<div class=\"elementor-widget-container\">\n\t\t\t\t\t\t\t\t\t\t\t\t\t\t\t<img decoding=\"async\" width=\"100\" height=\"100\" src=\"https:\/\/westestetik.com\/wp-content\/uploads\/2024\/12\/2-5.png\" class=\"attachment-large size-large wp-image-28815\" alt=\"\" srcset=\"https:\/\/westestetik.com\/wp-content\/uploads\/2024\/12\/2-5.png 100w, https:\/\/westestetik.com\/wp-content\/uploads\/2024\/12\/2-5-12x12.png 12w\" sizes=\"(max-width: 100px) 100vw, 100px\" \/>\t\t\t\t\t\t\t\t\t\t\t\t\t\t\t<\/div>\n\t\t\t\t<\/div>\n\t\t\t\t<\/div>\n\t\t<div class=\"elementor-element elementor-element-4d5cb248 e-con-full e-flex e-con e-child\" data-id=\"4d5cb248\" data-element_type=\"container\">\n\t\t\t\t<div class=\"elementor-element elementor-element-77619d4c elementor-widget elementor-widget-image\" data-id=\"77619d4c\" data-element_type=\"widget\" data-widget_type=\"image.default\">\n\t\t\t\t<div class=\"elementor-widget-container\">\n\t\t\t\t\t\t\t\t\t\t\t\t\t\t\t<img decoding=\"async\" width=\"100\" height=\"100\" src=\"https:\/\/westestetik.com\/wp-content\/uploads\/2024\/12\/3-1.png\" class=\"attachment-large size-large wp-image-28816\" alt=\"\" srcset=\"https:\/\/westestetik.com\/wp-content\/uploads\/2024\/12\/3-1.png 100w, https:\/\/westestetik.com\/wp-content\/uploads\/2024\/12\/3-1-12x12.png 12w\" sizes=\"(max-width: 100px) 100vw, 100px\" \/>\t\t\t\t\t\t\t\t\t\t\t\t\t\t\t<\/div>\n\t\t\t\t<\/div>\n\t\t\t\t<\/div>\n\t\t<div class=\"elementor-element elementor-element-66a4ff65 e-con-full e-flex e-con e-child\" data-id=\"66a4ff65\" data-element_type=\"container\">\n\t\t\t\t<div class=\"elementor-element elementor-element-28c30c3e elementor-widget elementor-widget-image\" data-id=\"28c30c3e\" data-element_type=\"widget\" data-widget_type=\"image.default\">\n\t\t\t\t<div class=\"elementor-widget-container\">\n\t\t\t\t\t\t\t\t\t\t\t\t\t\t\t<img loading=\"lazy\" decoding=\"async\" width=\"100\" height=\"100\" src=\"https:\/\/westestetik.com\/wp-content\/uploads\/2024\/12\/4-1.png\" class=\"attachment-large size-large wp-image-28817\" alt=\"\" srcset=\"https:\/\/westestetik.com\/wp-content\/uploads\/2024\/12\/4-1.png 100w, https:\/\/westestetik.com\/wp-content\/uploads\/2024\/12\/4-1-12x12.png 12w\" sizes=\"(max-width: 100px) 100vw, 100px\" \/>\t\t\t\t\t\t\t\t\t\t\t\t\t\t\t<\/div>\n\t\t\t\t<\/div>\n\t\t\t\t<\/div>\n\t\t<div class=\"elementor-element elementor-element-a93f6c8 e-con-full e-flex e-con e-child\" data-id=\"a93f6c8\" data-element_type=\"container\">\n\t\t\t\t<div class=\"elementor-element elementor-element-7e478ee1 elementor-widget elementor-widget-image\" data-id=\"7e478ee1\" data-element_type=\"widget\" data-widget_type=\"image.default\">\n\t\t\t\t<div class=\"elementor-widget-container\">\n\t\t\t\t\t\t\t\t\t\t\t\t\t\t\t<img loading=\"lazy\" decoding=\"async\" width=\"100\" height=\"100\" src=\"https:\/\/westestetik.com\/wp-content\/uploads\/2024\/12\/5-1.png\" class=\"attachment-large size-large wp-image-28818\" alt=\"\" srcset=\"https:\/\/westestetik.com\/wp-content\/uploads\/2024\/12\/5-1.png 100w, https:\/\/westestetik.com\/wp-content\/uploads\/2024\/12\/5-1-12x12.png 12w\" sizes=\"(max-width: 100px) 100vw, 100px\" \/>\t\t\t\t\t\t\t\t\t\t\t\t\t\t\t<\/div>\n\t\t\t\t<\/div>\n\t\t\t\t<\/div>\n\t\t\t\t<\/div>\n\t\t<div class=\"wd-negative-gap elementor-element elementor-element-78e40d6 e-flex e-con-boxed e-con e-parent\" data-id=\"78e40d6\" data-element_type=\"container\">\n\t\t\t\t\t<div class=\"e-con-inner\">\n\t\t<div class=\"elementor-element elementor-element-6fe78a4c e-con-full e-flex e-con e-child\" data-id=\"6fe78a4c\" data-element_type=\"container\">\n\t\t\t\t<div class=\"elementor-element elementor-element-6f0c87ca wd-width-100 elementor-widget elementor-widget-wd_title\" data-id=\"6f0c87ca\" data-element_type=\"widget\" data-widget_type=\"wd_title.default\">\n\t\t\t\t<div class=\"elementor-widget-container\">\n\t\t\t\t\t\t\t<div class=\"title-wrapper set-mb-s reset-last-child wd-title-color-default wd-title-style-default wd-title-size-default text-center\">\n\n\t\t\t\t\t\t\t<div class=\"title-subtitle subtitle-color-default subtitle-style-default wd-fontsize-xs\">\n\t\t\t\t\tAverage Length of Stay\t\t\t\t<\/div>\n\t\t\t\n\t\t\t<div class=\"liner-continer\">\n\t\t\t\t<p class=\"woodmart-title-container title wd-fontsize-l\">7 Days<\/p> \n\t\t\t\t\t\t\t<\/div>\n\n\t\t\t\t\t<\/div>\n\t\t\t\t\t\t<\/div>\n\t\t\t\t<\/div>\n\t\t\t\t<\/div>\n\t\t<div class=\"elementor-element elementor-element-2d42033a e-con-full e-flex e-con e-child\" data-id=\"2d42033a\" data-element_type=\"container\">\n\t\t\t\t<div class=\"elementor-element elementor-element-50b8f8f1 wd-width-100 elementor-widget elementor-widget-wd_title\" data-id=\"50b8f8f1\" data-element_type=\"widget\" data-widget_type=\"wd_title.default\">\n\t\t\t\t<div class=\"elementor-widget-container\">\n\t\t\t\t\t\t\t<div class=\"title-wrapper set-mb-s reset-last-child wd-title-color-default wd-title-style-default wd-title-size-default text-center\">\n\n\t\t\t\t\t\t\t<div class=\"title-subtitle subtitle-color-default subtitle-style-default wd-fontsize-xs\">\n\t\t\t\t\tDuration of Hospitalisation\t\t\t\t<\/div>\n\t\t\t\n\t\t\t<div class=\"liner-continer\">\n\t\t\t\t<p class=\"woodmart-title-container title wd-fontsize-l\">1 Day<\/p> \n\t\t\t\t\t\t\t<\/div>\n\n\t\t\t\t\t<\/div>\n\t\t\t\t\t\t<\/div>\n\t\t\t\t<\/div>\n\t\t\t\t<\/div>\n\t\t<div class=\"elementor-element elementor-element-e5b7a36 e-con-full e-flex e-con e-child\" data-id=\"e5b7a36\" data-element_type=\"container\">\n\t\t\t\t<div class=\"elementor-element elementor-element-5a8d8feb wd-width-100 elementor-widget elementor-widget-wd_title\" data-id=\"5a8d8feb\" data-element_type=\"widget\" data-widget_type=\"wd_title.default\">\n\t\t\t\t<div class=\"elementor-widget-container\">\n\t\t\t\t\t\t\t<div class=\"title-wrapper set-mb-s reset-last-child wd-title-color-default wd-title-style-default wd-title-size-default text-center\">\n\n\t\t\t\t\t\t\t<div class=\"title-subtitle subtitle-color-default subtitle-style-default wd-fontsize-xs\">\n\t\t\t\t\tOperation Duration\t\t\t\t<\/div>\n\t\t\t\n\t\t\t<div class=\"liner-continer\">\n\t\t\t\t<p class=\"woodmart-title-container title wd-fontsize-l\">2-4 Hours<\/p> \n\t\t\t\t\t\t\t<\/div>\n\n\t\t\t\t\t<\/div>\n\t\t\t\t\t\t<\/div>\n\t\t\t\t<\/div>\n\t\t\t\t<\/div>\n\t\t<div class=\"elementor-element elementor-element-2cc81bc5 e-con-full e-flex e-con e-child\" data-id=\"2cc81bc5\" data-element_type=\"container\">\n\t\t\t\t<div class=\"elementor-element elementor-element-4a6b7590 wd-width-100 elementor-widget elementor-widget-wd_title\" data-id=\"4a6b7590\" data-element_type=\"widget\" data-widget_type=\"wd_title.default\">\n\t\t\t\t<div class=\"elementor-widget-container\">\n\t\t\t\t\t\t\t<div class=\"title-wrapper set-mb-s reset-last-child wd-title-color-default wd-title-style-default wd-title-size-default text-center\">\n\n\t\t\t\t\t\t\t<div class=\"title-subtitle subtitle-color-default subtitle-style-default wd-fontsize-xs\">\n\t\t\t\t\tAnaesthesia Type\t\t\t\t<\/div>\n\t\t\t\n\t\t\t<div class=\"liner-continer\">\n\t\t\t\t<p class=\"woodmart-title-container title wd-fontsize-l\">General Anaesthesia<\/p> \n\t\t\t\t\t\t\t<\/div>\n\n\t\t\t\t\t<\/div>\n\t\t\t\t\t\t<\/div>\n\t\t\t\t<\/div>\n\t\t\t\t<\/div>\n\t\t<div class=\"elementor-element elementor-element-35556b38 e-con-full e-flex e-con e-child\" data-id=\"35556b38\" data-element_type=\"container\">\n\t\t\t\t<div class=\"elementor-element elementor-element-31a9a8c8 wd-width-100 elementor-widget elementor-widget-wd_title\" data-id=\"31a9a8c8\" data-element_type=\"widget\" data-widget_type=\"wd_title.default\">\n\t\t\t\t<div class=\"elementor-widget-container\">\n\t\t\t\t\t\t\t<div class=\"title-wrapper set-mb-s reset-last-child wd-title-color-default wd-title-style-default wd-title-size-default text-center\">\n\n\t\t\t\t\t\t\t<div class=\"title-subtitle subtitle-color-default subtitle-style-default wd-fontsize-xs\">\n\t\t\t\t\tRecovery Time\t\t\t\t<\/div>\n\t\t\t\n\t\t\t<div class=\"liner-continer\">\n\t\t\t\t<p class=\"woodmart-title-container title wd-fontsize-l\">1-2 Weeks<\/p> \n\t\t\t\t\t\t\t<\/div>\n\n\t\t\t\t\t<\/div>\n\t\t\t\t\t\t<\/div>\n\t\t\t\t<\/div>\n\t\t\t\t<\/div>\n\t\t\t\t\t<\/div>\n\t\t\t\t<\/div>\n\t\t<div class=\"wd-negative-gap elementor-element elementor-element-941de25 e-flex e-con-boxed e-con e-parent\" data-id=\"941de25\" data-element_type=\"container\">\n\t\t\t\t\t<div class=\"e-con-inner\">\n\t\t\t\t<div class=\"elementor-element elementor-element-5520e90 color-scheme-inherit text-left elementor-widget elementor-widget-text-editor\" data-id=\"5520e90\" data-element_type=\"widget\" data-widget_type=\"text-editor.default\">\n\t\t\t\t<div class=\"elementor-widget-container\">\n\t\t\t\t\t\t\t\t\t<p><span style=\"font-weight: 400;\">Liposuction is a popular surgical procedure to get rid of unwanted fat accumulated in the body and to achieve more aesthetic body contours.\u00a0<\/span><\/p><h2><span style=\"font-weight: 400;\">What is Liposuction and How is it Applied?<\/span><\/h2><p><span style=\"font-weight: 400;\">Liposuction is the process of removing excess fat tissue in the body by suctioning it through special cannulas. It is usually performed under local anaesthesia, but in some cases general anaesthesia can also be used. During the procedure, small incisions are made and cannulas are inserted for fat removal. The cannulas attract fat cells with the vacuum effect and remove unwanted fat from the body. Liposuction only targets fat deposits in specific areas, so that the body contours become smoother.<\/span><\/p><h2><span style=\"font-weight: 400;\">Who is Liposuction Suitable for?<\/span><\/h2><p><span style=\"font-weight: 400;\">Liposuction is a surgical procedure suitable for healthy individuals. However, this procedure is not suitable for people with overweight problems. Liposuction is ideal for people whose body mass index (BMI) is normal or slightly lower. In addition, liposuction is a more suitable solution for individuals who want to get rid of regional fat deposits and cannot get rid of these fats with exercise and diet. The following conditions may be suitable candidates for liposuction:<\/span><\/p><ul><li><span style=\"font-weight: 400;\">Those who have fat deposits in certain areas of their body,<\/span><\/li><li><span style=\"font-weight: 400;\">Those with low overall body fat but with excess fat deposits in certain areas,<\/span><\/li><li><span style=\"font-weight: 400;\">People with good skin elasticity and good general health.<\/span><\/li><\/ul><h2><span style=\"font-weight: 400;\">In Which Areas Can Liposuction Be Performed?<\/span><\/h2><p><span style=\"font-weight: 400;\">Liposuction can be applied to almost every part of the body. The most common areas of application include the abdomen, buttocks, legs, waist, arms and under the chin. Liposuction can also be applied to thinner areas such as fat deposits on the back, neck area, inner knees and even arms. With liposuction, excess fat is removed from these areas, making the body contours more prominent and providing a more aesthetically pleasing appearance.<\/span><\/p><h2><span style=\"font-weight: 400;\">What is the Recovery Process After Liposuction?<\/span><\/h2><p><span style=\"font-weight: 400;\">The healing process after liposuction may vary from person to person. Generally, mild swelling, bruising and pain may be felt for a few days after the procedure. In the first few days, patients can return to normal activities, but it is necessary to rest for a few weeks to accelerate the healing process. Swelling and bruising will decrease and disappear within a few weeks. Full recovery may take between 1-3 months. The visibility of scars after liposuction may vary depending on the skin type and the healing process. In addition, the use of a corset or bandage recommended by the doctor after the procedure can help speed up the healing process.<\/span><\/p><h2><span style=\"font-weight: 400;\">Which Fat Deposits Can You Get Rid Of With Liposuction?<\/span><\/h2><p><span style=\"font-weight: 400;\">Liposuction is an effective method to get rid of excess fat accumulated in certain parts of the body. Among the most commonly applied areas are the abdomen, waist, hips, legs, under the chin, back and arms. Fats accumulated in these parts of the body sometimes cannot be removed by exercise and diet. Liposuction is effective in removing such regional fat deposits and at the same time helps the skin to gain a smoother appearance.<\/span><\/p><h2><span style=\"font-weight: 400;\">How long can you not go to work after liposuction?<\/span><\/h2><p><span style=\"font-weight: 400;\">The recovery process after liposuction may vary depending on individual factors. Most patients can return to their normal activities within 3-5 days after the procedure, but it is recommended to wait about 2-4 weeks for physical activities such as jobs that require excessive effort or sports. Post-procedure swelling and bruising may take time to resolve, so it is necessary to take care to rest during the healing process.<\/span><\/p><h2><span style=\"font-weight: 400;\">Are Permanent Results Achieved After Liposuction?<\/span><\/h2><p><span style=\"font-weight: 400;\">The results obtained after liposuction are usually permanent. However, it is very important to adopt a healthy lifestyle to maintain the permanence of the result obtained. Exercising regularly, eating a balanced diet and avoiding excessive weight gain are the keys to maintaining the result after liposuction. Liposuction is performed to remove regional fat deposits and shape the body contours, but the body can re-store fat over time.<\/span><\/p><h2><span style=\"font-weight: 400;\">What are the Differences Between Liposuction and Slimming?<\/span><\/h2><p><span style=\"font-weight: 400;\">Liposuction is not a method used for weight loss. While slimming aims to lose fat in the whole body, liposuction aims to shape the body contours by removing excess fat only in certain areas. Liposuction provides shaping instead of fat loss. Therefore, liposuction can be an ideal solution for people who want to get rid of regional fats that cannot be achieved with exercise and diet.<\/span><\/p><h2><span style=\"font-weight: 400;\">Is There Pain After Liposuction Surgery?<\/span><\/h2><p><span style=\"font-weight: 400;\">No pain is felt during the liposuction procedure because it is performed under local anaesthesia. When the anaesthesia wears off, some patients may feel mild pain, discomfort or tenderness at the procedure site. However, this pain is usually mild and can be controlled with painkillers. Most patients feel relief within a few days after the procedure. Pain and discomfort levels may vary depending on personal tolerance and the area treated.<\/span><\/p><h2><span style=\"font-weight: 400;\">Is Liposuction Performed for Sagging?<\/span><\/h2><p><span style=\"font-weight: 400;\">Liposuction is not performed to correct sagging skin. This procedure targets only fat tissue. However, individuals with poor skin elasticity may experience skin sagging after liposuction. If you have a skin sagging problem, in addition to liposuction, skin tightening treatment options or other aesthetic surgical applications (for example, tummy tuck) may be considered.<\/span><\/p><h2><span style=\"font-weight: 400;\">How Much Fat is Removed in Liposuction?<\/span><\/h2><p><span style=\"font-weight: 400;\">The amount of fat that can be removed during liposuction is usually limited to 5 litres. This is the amount of fat that can be safely removed. More fat intake can increase the risks of complications. Liposuction offers an effective solution to remove unwanted fat in the body, but excessive fat intake can be dangerous to health. The amount of fat removed in the procedure is determined according to the patient's needs.<\/span><\/p><h2><span style=\"font-weight: 400;\">Reapplication in Previously Liposuctioned Areas<\/span><\/h2><p><span style=\"font-weight: 400;\">Liposuctioned areas can be treated again. However, depending on the amount of fat removed in the previous procedure and skin elasticity, a second procedure may be more complicated. The condition of the skin tissue in the areas after liposuction is an important factor for a second procedure. Nevertheless, a detailed evaluation with your doctor will help you determine the most appropriate way for a second liposuction.<\/span><\/p><h2><span style=\"font-weight: 400;\">What are the Risks After Liposuction Surgery?<\/span><\/h2><p><span style=\"font-weight: 400;\">Although liposuction is generally a safe procedure, it carries some risks as with any surgical intervention. Risks such as infection, bleeding, excessive swelling, skin irregularities and reactions due to anaesthesia can be seen, although rarely. Therefore, liposuction performed by an experienced surgeon is very important to minimise the risks.<\/span><\/p><p>\u00a0<\/p>\t\t\t\t\t\t\t\t<\/div>\n\t\t\t\t<\/div>\n\t\t\t\t\t<\/div>\n\t\t\t\t<\/div>\n\t\t\t\t<\/div>","protected":false},"excerpt":{"rendered":"<p>Ortalama Kal\u0131\u015f S\u00fcresi 7 G\u00fcn Hastanede Yat\u0131\u015f S\u00fcresi 1 G\u00fcn Operasyon S\u00fcresi 2-4 Saat Anestezi T\u00fcr\u00fc Genel Anestezi \u0130yile\u015fme S\u00fcresi<\/p>","protected":false},"author":1,"featured_media":0,"parent":0,"menu_order":0,"comment_status":"closed","ping_status":"closed","template":"","meta":{"footnotes":""},"class_list":["post-27733","page","type-page","status-publish","hentry"],"_links":{"self":[{"href":"https:\/\/westestetik.com\/en\/wp-json\/wp\/v2\/pages\/27733","targetHints":{"allow":["GET"]}}],"collection":[{"href":"https:\/\/westestetik.com\/en\/wp-json\/wp\/v2\/pages"}],"about":[{"href":"https:\/\/westestetik.com\/en\/wp-json\/wp\/v2\/types\/page"}],"author":[{"embeddable":true,"href":"https:\/\/westestetik.com\/en\/wp-json\/wp\/v2\/users\/1"}],"replies":[{"embeddable":true,"href":"https:\/\/westestetik.com\/en\/wp-json\/wp\/v2\/comments?post=27733"}],"version-history":[{"count":13,"href":"https:\/\/westestetik.com\/en\/wp-json\/wp\/v2\/pages\/27733\/revisions"}],"predecessor-version":[{"id":28926,"href":"https:\/\/westestetik.com\/en\/wp-json\/wp\/v2\/pages\/27733\/revisions\/28926"}],"wp:attachment":[{"href":"https:\/\/westestetik.com\/en\/wp-json\/wp\/v2\/media?parent=27733"}],"curies":[{"name":"wp","href":"https:\/\/api.w.org\/{rel}","templated":true}]}}