{"id":2,"date":"2024-11-24T21:12:22","date_gmt":"2024-11-24T21:12:22","guid":{"rendered":"https:\/\/westestetik.com\/?page_id=2"},"modified":"2025-11-13T12:50:47","modified_gmt":"2025-11-13T09:50:47","slug":"brazilian-butt-lifting-bbl-turkey","status":"publish","type":"page","link":"https:\/\/westestetik.com\/en\/brazilian-butt-lifting-bbl-turkey\/","title":{"rendered":"Brazilian Butt Lift"},"content":{"rendered":"<div data-elementor-type=\"wp-page\" data-elementor-id=\"2\" class=\"elementor elementor-2\" data-elementor-post-type=\"page\">\n\t\t\t\t<div class=\"elementor-element elementor-element-2248839 e-con-full elementor-hidden-desktop elementor-hidden-tablet elementor-hidden-mobile e-flex e-con e-parent\" data-id=\"2248839\" data-element_type=\"container\">\n\t\t<div class=\"elementor-element elementor-element-abac388 e-con-full e-flex e-con e-child\" data-id=\"abac388\" data-element_type=\"container\">\n\t\t\t\t<div class=\"elementor-element elementor-element-0ad2d0e elementor-widget elementor-widget-image\" data-id=\"0ad2d0e\" data-element_type=\"widget\" data-widget_type=\"image.default\">\n\t\t\t\t<div class=\"elementor-widget-container\">\n\t\t\t\t\t\t\t\t\t\t\t\t\t\t\t<img decoding=\"async\" width=\"100\" height=\"100\" src=\"https:\/\/westestetik.com\/wp-content\/uploads\/2024\/12\/1-4.png\" class=\"attachment-large size-large wp-image-28814\" alt=\"\" srcset=\"https:\/\/westestetik.com\/wp-content\/uploads\/2024\/12\/1-4.png 100w, https:\/\/westestetik.com\/wp-content\/uploads\/2024\/12\/1-4-12x12.png 12w\" sizes=\"(max-width: 100px) 100vw, 100px\" \/>\t\t\t\t\t\t\t\t\t\t\t\t\t\t\t<\/div>\n\t\t\t\t<\/div>\n\t\t\t\t<\/div>\n\t\t<div class=\"elementor-element elementor-element-9da1567 e-con-full e-flex e-con e-child\" data-id=\"9da1567\" data-element_type=\"container\">\n\t\t\t\t<div class=\"elementor-element elementor-element-6dbcfd8 elementor-widget elementor-widget-image\" data-id=\"6dbcfd8\" data-element_type=\"widget\" data-widget_type=\"image.default\">\n\t\t\t\t<div class=\"elementor-widget-container\">\n\t\t\t\t\t\t\t\t\t\t\t\t\t\t\t<img decoding=\"async\" width=\"100\" height=\"100\" src=\"https:\/\/westestetik.com\/wp-content\/uploads\/2024\/12\/2-5.png\" class=\"attachment-large size-large wp-image-28815\" alt=\"\" srcset=\"https:\/\/westestetik.com\/wp-content\/uploads\/2024\/12\/2-5.png 100w, https:\/\/westestetik.com\/wp-content\/uploads\/2024\/12\/2-5-12x12.png 12w\" sizes=\"(max-width: 100px) 100vw, 100px\" \/>\t\t\t\t\t\t\t\t\t\t\t\t\t\t\t<\/div>\n\t\t\t\t<\/div>\n\t\t\t\t<\/div>\n\t\t<div class=\"elementor-element elementor-element-1d3f0f2 e-con-full e-flex e-con e-child\" data-id=\"1d3f0f2\" data-element_type=\"container\">\n\t\t\t\t<div class=\"elementor-element elementor-element-d042535 elementor-widget elementor-widget-image\" data-id=\"d042535\" data-element_type=\"widget\" data-widget_type=\"image.default\">\n\t\t\t\t<div class=\"elementor-widget-container\">\n\t\t\t\t\t\t\t\t\t\t\t\t\t\t\t<img decoding=\"async\" width=\"100\" height=\"100\" src=\"https:\/\/westestetik.com\/wp-content\/uploads\/2024\/12\/3-1.png\" class=\"attachment-large size-large wp-image-28816\" alt=\"\" srcset=\"https:\/\/westestetik.com\/wp-content\/uploads\/2024\/12\/3-1.png 100w, https:\/\/westestetik.com\/wp-content\/uploads\/2024\/12\/3-1-12x12.png 12w\" sizes=\"(max-width: 100px) 100vw, 100px\" \/>\t\t\t\t\t\t\t\t\t\t\t\t\t\t\t<\/div>\n\t\t\t\t<\/div>\n\t\t\t\t<\/div>\n\t\t<div class=\"elementor-element elementor-element-62a9ffa e-con-full e-flex e-con e-child\" data-id=\"62a9ffa\" data-element_type=\"container\">\n\t\t\t\t<div class=\"elementor-element elementor-element-62d54e5 elementor-widget elementor-widget-image\" data-id=\"62d54e5\" data-element_type=\"widget\" data-widget_type=\"image.default\">\n\t\t\t\t<div class=\"elementor-widget-container\">\n\t\t\t\t\t\t\t\t\t\t\t\t\t\t\t<img loading=\"lazy\" decoding=\"async\" width=\"100\" height=\"100\" src=\"https:\/\/westestetik.com\/wp-content\/uploads\/2024\/12\/4-1.png\" class=\"attachment-large size-large wp-image-28817\" alt=\"\" srcset=\"https:\/\/westestetik.com\/wp-content\/uploads\/2024\/12\/4-1.png 100w, https:\/\/westestetik.com\/wp-content\/uploads\/2024\/12\/4-1-12x12.png 12w\" sizes=\"(max-width: 100px) 100vw, 100px\" \/>\t\t\t\t\t\t\t\t\t\t\t\t\t\t\t<\/div>\n\t\t\t\t<\/div>\n\t\t\t\t<\/div>\n\t\t<div class=\"elementor-element elementor-element-bd14478 e-con-full e-flex e-con e-child\" data-id=\"bd14478\" data-element_type=\"container\">\n\t\t\t\t<div class=\"elementor-element elementor-element-b42437c elementor-widget elementor-widget-image\" data-id=\"b42437c\" data-element_type=\"widget\" data-widget_type=\"image.default\">\n\t\t\t\t<div class=\"elementor-widget-container\">\n\t\t\t\t\t\t\t\t\t\t\t\t\t\t\t<img loading=\"lazy\" decoding=\"async\" width=\"100\" height=\"100\" src=\"https:\/\/westestetik.com\/wp-content\/uploads\/2024\/12\/5-1.png\" class=\"attachment-large size-large wp-image-28818\" alt=\"\" srcset=\"https:\/\/westestetik.com\/wp-content\/uploads\/2024\/12\/5-1.png 100w, https:\/\/westestetik.com\/wp-content\/uploads\/2024\/12\/5-1-12x12.png 12w\" sizes=\"(max-width: 100px) 100vw, 100px\" \/>\t\t\t\t\t\t\t\t\t\t\t\t\t\t\t<\/div>\n\t\t\t\t<\/div>\n\t\t\t\t<\/div>\n\t\t\t\t<\/div>\n\t\t<div class=\"wd-negative-gap elementor-element elementor-element-9910031 elementor-hidden-desktop elementor-hidden-tablet elementor-hidden-mobile e-flex e-con-boxed e-con e-parent\" data-id=\"9910031\" data-element_type=\"container\">\n\t\t\t\t\t<div class=\"e-con-inner\">\n\t\t<div class=\"elementor-element elementor-element-5fd883c e-con-full e-flex e-con e-child\" data-id=\"5fd883c\" data-element_type=\"container\">\n\t\t\t\t<div class=\"elementor-element elementor-element-1949bb7 wd-width-100 elementor-widget elementor-widget-wd_title\" data-id=\"1949bb7\" data-element_type=\"widget\" data-widget_type=\"wd_title.default\">\n\t\t\t\t<div class=\"elementor-widget-container\">\n\t\t\t\t\t\t\t<div class=\"title-wrapper set-mb-s reset-last-child wd-title-color-default wd-title-style-default wd-title-size-default text-center\">\n\n\t\t\t\t\t\t\t<div class=\"title-subtitle subtitle-color-default subtitle-style-default wd-fontsize-xs\">\n\t\t\t\t\tAverage Length of Stay\t\t\t\t<\/div>\n\t\t\t\n\t\t\t<div class=\"liner-continer\">\n\t\t\t\t<p class=\"woodmart-title-container title wd-fontsize-l\">7 Days<\/p> \n\t\t\t\t\t\t\t<\/div>\n\n\t\t\t\t\t<\/div>\n\t\t\t\t\t\t<\/div>\n\t\t\t\t<\/div>\n\t\t\t\t<\/div>\n\t\t<div class=\"elementor-element elementor-element-8bd020d e-con-full e-flex e-con e-child\" data-id=\"8bd020d\" data-element_type=\"container\">\n\t\t\t\t<div class=\"elementor-element elementor-element-b6fd20c wd-width-100 elementor-widget elementor-widget-wd_title\" data-id=\"b6fd20c\" data-element_type=\"widget\" data-widget_type=\"wd_title.default\">\n\t\t\t\t<div class=\"elementor-widget-container\">\n\t\t\t\t\t\t\t<div class=\"title-wrapper set-mb-s reset-last-child wd-title-color-default wd-title-style-default wd-title-size-default text-center\">\n\n\t\t\t\t\t\t\t<div class=\"title-subtitle subtitle-color-default subtitle-style-default wd-fontsize-xs\">\n\t\t\t\t\tDuration of Hospitalisation\t\t\t\t<\/div>\n\t\t\t\n\t\t\t<div class=\"liner-continer\">\n\t\t\t\t<p class=\"woodmart-title-container title wd-fontsize-l\">1 Day<\/p> \n\t\t\t\t\t\t\t<\/div>\n\n\t\t\t\t\t<\/div>\n\t\t\t\t\t\t<\/div>\n\t\t\t\t<\/div>\n\t\t\t\t<\/div>\n\t\t<div class=\"elementor-element elementor-element-d436e22 e-con-full e-flex e-con e-child\" data-id=\"d436e22\" data-element_type=\"container\">\n\t\t\t\t<div class=\"elementor-element elementor-element-1187563 wd-width-100 elementor-widget elementor-widget-wd_title\" data-id=\"1187563\" data-element_type=\"widget\" data-widget_type=\"wd_title.default\">\n\t\t\t\t<div class=\"elementor-widget-container\">\n\t\t\t\t\t\t\t<div class=\"title-wrapper set-mb-s reset-last-child wd-title-color-default wd-title-style-default wd-title-size-default text-center\">\n\n\t\t\t\t\t\t\t<div class=\"title-subtitle subtitle-color-default subtitle-style-default wd-fontsize-xs\">\n\t\t\t\t\tOperation Duration\t\t\t\t<\/div>\n\t\t\t\n\t\t\t<div class=\"liner-continer\">\n\t\t\t\t<p class=\"woodmart-title-container title wd-fontsize-l\">2-4 Hours<\/p> \n\t\t\t\t\t\t\t<\/div>\n\n\t\t\t\t\t<\/div>\n\t\t\t\t\t\t<\/div>\n\t\t\t\t<\/div>\n\t\t\t\t<\/div>\n\t\t<div class=\"elementor-element elementor-element-daf07ca e-con-full e-flex e-con e-child\" data-id=\"daf07ca\" data-element_type=\"container\">\n\t\t\t\t<div class=\"elementor-element elementor-element-45e58a5 wd-width-100 elementor-widget elementor-widget-wd_title\" data-id=\"45e58a5\" data-element_type=\"widget\" data-widget_type=\"wd_title.default\">\n\t\t\t\t<div class=\"elementor-widget-container\">\n\t\t\t\t\t\t\t<div class=\"title-wrapper set-mb-s reset-last-child wd-title-color-default wd-title-style-default wd-title-size-default text-center\">\n\n\t\t\t\t\t\t\t<div class=\"title-subtitle subtitle-color-default subtitle-style-default wd-fontsize-xs\">\n\t\t\t\t\tAnaesthesia Type\t\t\t\t<\/div>\n\t\t\t\n\t\t\t<div class=\"liner-continer\">\n\t\t\t\t<p class=\"woodmart-title-container title wd-fontsize-l\">General Anaesthesia<\/p> \n\t\t\t\t\t\t\t<\/div>\n\n\t\t\t\t\t<\/div>\n\t\t\t\t\t\t<\/div>\n\t\t\t\t<\/div>\n\t\t\t\t<\/div>\n\t\t<div class=\"elementor-element elementor-element-eab17bc e-con-full e-flex e-con e-child\" data-id=\"eab17bc\" data-element_type=\"container\">\n\t\t\t\t<div class=\"elementor-element elementor-element-39b24e1 wd-width-100 elementor-widget elementor-widget-wd_title\" data-id=\"39b24e1\" data-element_type=\"widget\" data-widget_type=\"wd_title.default\">\n\t\t\t\t<div class=\"elementor-widget-container\">\n\t\t\t\t\t\t\t<div class=\"title-wrapper set-mb-s reset-last-child wd-title-color-default wd-title-style-default wd-title-size-default text-center\">\n\n\t\t\t\t\t\t\t<div class=\"title-subtitle subtitle-color-default subtitle-style-default wd-fontsize-xs\">\n\t\t\t\t\tRecovery Time\t\t\t\t<\/div>\n\t\t\t\n\t\t\t<div class=\"liner-continer\">\n\t\t\t\t<p class=\"woodmart-title-container title wd-fontsize-l\">1-2 Weeks<\/p> \n\t\t\t\t\t\t\t<\/div>\n\n\t\t\t\t\t<\/div>\n\t\t\t\t\t\t<\/div>\n\t\t\t\t<\/div>\n\t\t\t\t<\/div>\n\t\t\t\t\t<\/div>\n\t\t\t\t<\/div>\n\t\t<div class=\"wd-negative-gap elementor-element elementor-element-1007d84 e-flex e-con-boxed e-con e-parent\" data-id=\"1007d84\" data-element_type=\"container\">\n\t\t\t\t\t<div class=\"e-con-inner\">\n\t\t\t\t<div class=\"elementor-element elementor-element-75a26f4 color-scheme-inherit text-left elementor-widget elementor-widget-text-editor\" data-id=\"75a26f4\" data-element_type=\"widget\" data-widget_type=\"text-editor.default\">\n\t\t\t\t<div class=\"elementor-widget-container\">\n\t\t\t\t\t\t\t\t\t<p class=\"p1\">With Brazilian butt lift aesthetics, you can have a firmer, fuller and shaped butt. This procedure gives a natural and aesthetic appearance by adapting to your body contours. Brazilian butt lift, performed by our expert plastic surgeons, helps you achieve a younger and more dynamic appearance by lifting your hips.<\/p><h2><span style=\"font-weight: 400;\">How is Brazilian Butt Lift Surgery Performed?<\/span><\/h2><p><span style=\"font-weight: 400;\">Brazilian butt lift surgery is one of the most popular procedures in the field of aesthetics, performed by fat transfer (lipofilling) method. This procedure is performed by transferring excess fat from certain parts of the body to the buttocks. Brazilian butt lift consists of two stages. In the first stage, excess fat is removed by liposuction method. These fats, which are usually taken from the waist, abdomen, hips or inner legs, are purified through a special process. Purified fat cells are carefully injected into the butt area.<\/span><\/p><p><span style=\"font-weight: 400;\">During fat injection, the surgeon pays attention to strategic points to give the buttocks a plump and natural appearance. Thus, the buttocks are both more shaped and harmonised with the body contours. Brazilian butt lift surgery is usually performed under general anaesthesia and lasts between 2 and 4 hours. During the operation, other parts of the body can also be shaped at the same time, so that the appearance of the butt becomes more prominent.<\/span><\/p><h2><span style=\"font-weight: 400;\">What are the Advantages of Brazilian Butt Lift?<\/span><\/h2><p><span style=\"font-weight: 400;\">Brazilian butt lift surgery offers many advantages compared to other aesthetic procedures:<\/span><\/p><ul><li><span style=\"font-weight: 400;\">It provides a natural and aesthetic appearance: It increases the fullness of your bum and harmonises with your body contours.<\/span><\/li><li><span style=\"font-weight: 400;\">It shapes the body: The fat removed during liposuction allows the waist and abdomen to slim down, so you get a more curvaceous appearance.<\/span><\/li><li><span style=\"font-weight: 400;\">It offers permanent results: Long-term results are obtained when weight control is provided after surgery.<\/span><\/li><li><span style=\"font-weight: 400;\">It creates a natural fullness: Since your own fat tissue is used instead of fillers, a result that is completely compatible with your body is obtained.<\/span><\/li><\/ul><p><span style=\"font-weight: 400;\">These advantages help you optimise your body proportions while realising your aesthetic goals.<\/span><\/p><h2><span style=\"font-weight: 400;\">Preoperative Preparation and Precautions<\/span><\/h2><p><span style=\"font-weight: 400;\">You should carefully follow your surgeon's instructions before Brazilian butt lift surgery. Some preparations to be made before Brazilian butt lift are as follows:<\/span><\/p><ul><li><span style=\"font-weight: 400;\">If you smoke, it is recommended to stop smoking for at least 4 weeks before the operation.<\/span><\/li><li><span style=\"font-weight: 400;\">Blood thinners should be stopped at least 10 days before surgery.<\/span><\/li><li><span style=\"font-weight: 400;\">Drinking plenty of water and following a healthy diet will prepare your body for surgery.<\/span><\/li><\/ul><p><span style=\"font-weight: 400;\">By following these steps, you can go through the operation process more smoothly.<\/span><\/p><h2><span style=\"font-weight: 400;\">Who is Suitable for Brazilian Butt Lift Surgery?<\/span><\/h2><p><span style=\"font-weight: 400;\">Brazilian butt lift is ideal for people who have fullness and deformity problems in the butt area. If your butt area is flat, sagging or has lost volume, this operation may be for you. However, there are some criteria for being a suitable candidate for surgery:<\/span><\/p><ul><li><span style=\"font-weight: 400;\">Sufficient intake of fat in your body.<\/span><\/li><li><span style=\"font-weight: 400;\">You are in good general health.<\/span><\/li><li><span style=\"font-weight: 400;\">Your skin elasticity is at a level to support the postoperative shape.<\/span><\/li><li><span style=\"font-weight: 400;\">Have realistic expectations.<\/span><\/li><\/ul><p><span style=\"font-weight: 400;\">If you are very thin and do not have enough fat tissue in your body, Brazilian butt lift surgery may not be suitable for you. Instead, it may be necessary to consider different aesthetic methods.<\/span><\/p><h2><span style=\"font-weight: 400;\">Recovery Process After Brazilian Butt Lift<\/span><\/h2><p><span style=\"font-weight: 400;\">The recovery process after Brazilian butt lift surgery is a process that directly affects the success of the results. During the first few days, patients usually use a special buttock pillow. This pillow allows you to sit without direct pressure on your buttocks.<\/span><\/p><p><span style=\"font-weight: 400;\">Side effects such as swelling and bruising may occur in the first weeks. This is completely normal and usually disappears within 2-3 weeks. The following points should be considered after Brazilian butt lift surgery:<\/span><\/p><ul><li><span style=\"font-weight: 400;\">You should not sit directly on the buttocks for 2-3 weeks after the operation.<\/span><\/li><li><span style=\"font-weight: 400;\">Physical activity should be limited for the first few weeks.<\/span><\/li><li><span style=\"font-weight: 400;\">The use of a compression garment helps the surgical site to heal and reduces swelling.<\/span><\/li><\/ul><p><span style=\"font-weight: 400;\">Sonu\u00e7lar tam anlam\u0131yla 3-6 ay aras\u0131nda ortaya \u00e7\u0131kar. Bu s\u00fcre zarf\u0131nda, ya\u011f dokusunun %70-80\u2019i kal\u0131c\u0131 hale gelir.<\/span><\/p><h2><span style=\"font-weight: 400;\">Brazilian Butt Lift Surgery Prices<\/span><\/h2><p><span style=\"font-weight: 400;\">Brazilian butt lift surgery prices vary depending on many factors. The experience of the surgeon, the clinic where the surgery will be performed, the techniques used and the number of areas to be liposuctioned during the operation are the main factors affecting the price. In addition, the amount of fat to be transferred during the operation is also an important criterion that determines the cost. It is not possible to determine a clear price without a personalised evaluation. For this reason, you can learn the price information by getting a detailed consultancy.<\/span><\/p>\t\t\t\t\t\t\t\t<\/div>\n\t\t\t\t<\/div>\n\t\t\t\t\t<\/div>\n\t\t\t\t<\/div>\n\t\t\t\t<\/div>","protected":false},"excerpt":{"rendered":"<p>Ortalama Kal\u0131\u015f S\u00fcresi 7 G\u00fcn Hastanede Yat\u0131\u015f S\u00fcresi 1 G\u00fcn Operasyon S\u00fcresi 2-4 Saat Anestezi T\u00fcr\u00fc Genel Anestezi \u0130yile\u015fme S\u00fcresi<\/p>","protected":false},"author":1,"featured_media":0,"parent":0,"menu_order":0,"comment_status":"closed","ping_status":"closed","template":"","meta":{"footnotes":""},"class_list":["post-2","page","type-page","status-publish","hentry"],"_links":{"self":[{"href":"https:\/\/westestetik.com\/en\/wp-json\/wp\/v2\/pages\/2","targetHints":{"allow":["GET"]}}],"collection":[{"href":"https:\/\/westestetik.com\/en\/wp-json\/wp\/v2\/pages"}],"about":[{"href":"https:\/\/westestetik.com\/en\/wp-json\/wp\/v2\/types\/page"}],"author":[{"embeddable":true,"href":"https:\/\/westestetik.com\/en\/wp-json\/wp\/v2\/users\/1"}],"replies":[{"embeddable":true,"href":"https:\/\/westestetik.com\/en\/wp-json\/wp\/v2\/comments?post=2"}],"version-history":[{"count":23,"href":"https:\/\/westestetik.com\/en\/wp-json\/wp\/v2\/pages\/2\/revisions"}],"predecessor-version":[{"id":31895,"href":"https:\/\/westestetik.com\/en\/wp-json\/wp\/v2\/pages\/2\/revisions\/31895"}],"wp:attachment":[{"href":"https:\/\/westestetik.com\/en\/wp-json\/wp\/v2\/media?parent=2"}],"curies":[{"name":"wp","href":"https:\/\/api.w.org\/{rel}","templated":true}]}}