{"id":31392,"date":"2025-05-09T17:36:53","date_gmt":"2025-05-09T14:36:53","guid":{"rendered":"https:\/\/westestetik.com\/?page_id=31392"},"modified":"2025-05-09T17:42:17","modified_gmt":"2025-05-09T14:42:17","slug":"kisirlik-tedavisi","status":"publish","type":"page","link":"https:\/\/westestetik.com\/de\/kisirlik-tedavisi\/","title":{"rendered":"K\u0131s\u0131rl\u0131k Tedavisi"},"content":{"rendered":"<div data-elementor-type=\"wp-page\" data-elementor-id=\"31392\" class=\"elementor elementor-31392\" data-elementor-post-type=\"page\">\n\t\t\t\t<div class=\"wd-negative-gap elementor-element elementor-element-3d1425b e-flex e-con-boxed e-con e-parent\" data-id=\"3d1425b\" data-element_type=\"container\">\n\t\t\t\t\t<div class=\"e-con-inner\">\n\t\t\t\t<div class=\"elementor-element elementor-element-b39eef8 color-scheme-inherit text-left elementor-widget elementor-widget-text-editor\" data-id=\"b39eef8\" data-element_type=\"widget\" data-widget_type=\"text-editor.default\">\n\t\t\t\t<div class=\"elementor-widget-container\">\n\t\t\t\t\t\t\t\t\t<p><span style=\"font-weight: 400;\">K\u0131s\u0131rl\u0131k, d\u00fcnya genelinde milyonlarca \u00e7ifti etkileyen ve bir\u00e7ok farkl\u0131 fakt\u00f6re ba\u011fl\u0131 olarak geli\u015febilen bir sa\u011fl\u0131k sorunudur. Hem kad\u0131nlarda hem de erkeklerde g\u00f6r\u00fclebilen k\u0131s\u0131rl\u0131k, modern t\u0131p sayesinde tedavi edilebilir bir durumdur. T\u00fcp bebek, a\u015f\u0131lama gibi y\u00f6ntemler, k\u0131s\u0131rl\u0131k tedavisinde s\u0131kl\u0131kla ba\u015fvurulan \u00e7\u00f6z\u00fcmler aras\u0131nda yer almaktad\u0131r. Bu yaz\u0131m\u0131zda, k\u0131s\u0131rl\u0131k tedavisinin nas\u0131l ger\u00e7ekle\u015fti\u011fini, kullan\u0131lan y\u00f6ntemleri ve tedavi s\u00fcrecinin nas\u0131l ilerledi\u011fini detayl\u0131 bir \u015fekilde ele alaca\u011f\u0131z.<\/span><\/p><h2><span style=\"font-weight: 400;\">Erkeklerde K\u0131s\u0131rl\u0131k Tan\u0131s\u0131 Nas\u0131l Konulur?<\/span><\/h2><p><span style=\"font-weight: 400;\">Erkeklerde k\u0131s\u0131rl\u0131k, genellikle sperm say\u0131s\u0131, kalitesi veya hareketlili\u011fi ile ilgili problemlerden kaynaklan\u0131r. Bu durum, \u00e7ocuk sahibi olma konusunda zorluk ya\u015fanmas\u0131na yol a\u00e7abilir. Erkeklerde k\u0131s\u0131rl\u0131k tan\u0131s\u0131 koymak i\u00e7in bir dizi test ve inceleme yap\u0131l\u0131r. \u0130lk ad\u0131m genellikle bir \u00fcrolo\u011fa ba\u015fvurmak ve kapsaml\u0131 bir de\u011ferlendirme yapmakt\u0131r.<\/span><\/p><h3><span style=\"font-weight: 400;\">1. Sperm Analizi (Spermogram)<\/span><\/h3><p><span style=\"font-weight: 400;\">Erkeklerde k\u0131s\u0131rl\u0131k tan\u0131s\u0131n\u0131n konulmas\u0131nda en temel test, sperm analizidir. Spermogram ad\u0131 verilen bu test, sperm say\u0131s\u0131n\u0131, hareketlili\u011fini, \u015fekil bozukluklar\u0131n\u0131 ve s\u0131v\u0131n\u0131n pH seviyesini de\u011ferlendirir. Normalde, sperm say\u0131s\u0131n\u0131n mililitre ba\u015f\u0131na 15 milyonun \u00fczerinde olmas\u0131 ve sperm hareketlili\u011finin de yeterli olmas\u0131 beklenir.<\/span><\/p><h3><span style=\"font-weight: 400;\">2. Hormon Testleri<\/span><\/h3><p><span style=\"font-weight: 400;\">Erkeklerde k\u0131s\u0131rl\u0131\u011fa neden olabilecek hormonal dengesizlikler de s\u00f6z konusu olabilir. Testosteron ve di\u011fer \u00fcreme hormonlar\u0131n\u0131n seviyeleri, sperm \u00fcretimini etkileyebilir. Bu nedenle hormon testleri, k\u0131s\u0131rl\u0131k tan\u0131s\u0131nda \u00f6nemli bir rol oynar.<\/span><\/p><h3><span style=\"font-weight: 400;\">3. Genetik Testler<\/span><\/h3><p><span style=\"font-weight: 400;\">Bazen k\u0131s\u0131rl\u0131\u011f\u0131n nedeni genetik fakt\u00f6rler olabilir. \u00d6zellikle sperm \u00fcretimini etkileyen genetik hastal\u0131klar, erkek infertilitesine yol a\u00e7abilir. Genetik testler, k\u0131s\u0131rl\u0131\u011f\u0131n kal\u0131tsal bir nedeni olup olmad\u0131\u011f\u0131n\u0131 belirlemek i\u00e7in yap\u0131l\u0131r.<\/span><\/p><h3><span style=\"font-weight: 400;\">4. Ultrasonografi<\/span><\/h3><p><span style=\"font-weight: 400;\">Ultrason, erkeklerdeki \u00fcreme organlar\u0131n\u0131n yap\u0131sal problemlerini g\u00f6rmek i\u00e7in kullan\u0131l\u0131r. Varikosel gibi damar geni\u015flemeleri, testislerdeki kitleler veya di\u011fer anormallikler ultrason ile tespit edilebilir.<\/span><\/p><h3><span style=\"font-weight: 400;\">5. Sperm DNA Hasar Testi<\/span><\/h3><p><span style=\"font-weight: 400;\">Sperm DNA hasar testi, spermlerin genetik materyalinde bir bozulma olup olmad\u0131\u011f\u0131n\u0131 inceleyen bir testtir. Sperm DNA\u2019s\u0131ndaki hasar, d\u00fc\u015f\u00fck ba\u015far\u0131l\u0131 gebelik oranlar\u0131 ve erken gebelik kay\u0131plar\u0131na yol a\u00e7abilir.<\/span><\/p><p><span style=\"font-weight: 400;\">Erkeklerde k\u0131s\u0131rl\u0131k tan\u0131s\u0131n\u0131n konulmas\u0131, kapsaml\u0131 bir de\u011ferlendirme ve do\u011fru testlerle m\u00fcmk\u00fcn olmaktad\u0131r. Tedavi s\u00fcrecine ba\u015flamadan \u00f6nce yap\u0131lan bu testler, uygun tedavi y\u00f6ntemlerinin belirlenmesinde olduk\u00e7a \u00f6nemlidir.<\/span><\/p><h2><span style=\"font-weight: 400;\">Erkek K\u0131s\u0131rl\u0131\u011f\u0131nda Uygulanan Ameliyatlar<\/span><\/h2><p><span style=\"font-weight: 400;\">Erkek k\u0131s\u0131rl\u0131\u011f\u0131, baz\u0131 durumlarda cerrahi m\u00fcdahaleler ile tedavi edilebilir. K\u0131s\u0131rl\u0131\u011fa neden olan problemler aras\u0131nda varikosel, t\u0131kan\u0131kl\u0131klar veya yap\u0131sal anormallikler gibi cerrahi olarak d\u00fczeltilebilen durumlar yer al\u0131r. Ameliyatlar, genellikle sperm \u00fcretimini ve ta\u015f\u0131ma fonksiyonlar\u0131n\u0131 iyile\u015ftirerek \u00e7ocuk sahibi olma \u015fans\u0131n\u0131 art\u0131rmay\u0131 ama\u00e7lar. \u0130\u015fte erkek k\u0131s\u0131rl\u0131\u011f\u0131nda uygulanan ba\u015fl\u0131ca cerrahi m\u00fcdahaleler:<\/span><\/p><h3><span style=\"font-weight: 400;\">1. Varikosel Ameliyat\u0131<\/span><\/h3><p><span style=\"font-weight: 400;\">Varikosel, testislerdeki damarlar\u0131n geni\u015flemesiyle meydana gelen bir durumdur ve erkek k\u0131s\u0131rl\u0131\u011f\u0131n\u0131n yayg\u0131n sebeplerinden biridir. Bu damar geni\u015flemeleri, sperm \u00fcretimini olumsuz y\u00f6nde etkileyebilir. Varikosel ameliyat\u0131, bu damarlar\u0131 ba\u011flayarak kan ak\u0131\u015f\u0131n\u0131 d\u00fczenler ve sperm \u00fcretimini art\u0131r\u0131r. Genellikle minimal invaziv tekniklerle yap\u0131lan bu operasyon, ba\u015far\u0131 oran\u0131 y\u00fcksek bir tedavi se\u00e7ene\u011fidir.<\/span><\/p><h3><span style=\"font-weight: 400;\">2. T\u0131kan\u0131kl\u0131k Giderme (Vazektomi Tersine \u00c7evirme)<\/span><\/h3><p><span style=\"font-weight: 400;\">T\u0131kan\u0131kl\u0131k, sperm yolunun herhangi bir k\u0131sm\u0131nda (vas deferens, epididim gibi) olu\u015fabilir ve spermin d\u0131\u015far\u0131ya \u00e7\u0131kmas\u0131n\u0131 engelleyebilir. Bu t\u00fcr bir t\u0131kan\u0131kl\u0131k, erkek k\u0131s\u0131rl\u0131\u011f\u0131n\u0131n \u00f6nemli sebeplerindendir. Vazektomi tersine \u00e7evirme veya epididimal sperm aspirasyonu gibi ameliyatlarla t\u0131kan\u0131kl\u0131klar giderilebilir ve sperm \u00fcretimi sa\u011flanabilir. Bu t\u00fcr cerrahi m\u00fcdahaleler, bazen mikrocerrahi teknikler kullan\u0131larak ger\u00e7ekle\u015ftirilir.<\/span><\/p><h3><span style=\"font-weight: 400;\">3. Mikro Tese (Mikro TESE)<\/span><\/h3><p><span style=\"font-weight: 400;\">Mikro TESE, sperm \u00fcretimi olmayan ancak testislerinde sperm bulunan erkekler i\u00e7in uygulanan bir ameliyat y\u00f6ntemidir. Bu prosed\u00fcr, mikrocerrahi y\u00f6ntemler kullan\u0131larak testislerden sperm al\u0131nmas\u0131n\u0131 sa\u011flar. Sperm bulunduktan sonra t\u00fcp bebek (IVF) tedavisinde kullan\u0131labilir. \u00d6zellikle azoospermik (sperm yoklu\u011fu) erkekler i\u00e7in umut verici bir se\u00e7enektir.<\/span><\/p><h3><span style=\"font-weight: 400;\">4. Epididimal Sperm Aspirasyo (MESA)<\/span><\/h3><p><span style=\"font-weight: 400;\">Epididimal sperm aspirasyonu (MESA), sperm yollar\u0131nda t\u0131kan\u0131kl\u0131k olan ve do\u011fal yolla sperm alamayan erkeklerde kullan\u0131lan bir y\u00f6ntemdir. Bu i\u015flemde, epididim (sperm birikim b\u00f6lgesi) i\u00e7erisinden do\u011frudan sperm al\u0131n\u0131r ve t\u00fcp bebek tedavisi i\u00e7in kullan\u0131l\u0131r.<\/span><\/p><h3><span style=\"font-weight: 400;\">5. Testik\u00fcler Sperm Aspirasyo (TESA)<\/span><\/h3><p><span style=\"font-weight: 400;\">Testik\u00fcler sperm aspirasyonu (TESA), testislerden do\u011frudan sperm al\u0131nmas\u0131n\u0131 sa\u011flayan bir cerrahi m\u00fcdahaledir. Bu i\u015flem genellikle mikro TESE\u2019ye alternatif olarak uygulan\u0131r. Sperm, testis dokusundan do\u011frudan \u00e7ekilir ve t\u00fcp bebek tedavisinde kullan\u0131labilir. TESA, \u00f6zellikle sperm \u00fcretimi az veya hi\u00e7 olmayan erkekler i\u00e7in etkili bir \u00e7\u00f6z\u00fcm sunar.<\/span><\/p><h3><span style=\"font-weight: 400;\">6. Mikrocerrahi K\u0131s\u0131rl\u0131k Tedavisi<\/span><\/h3><p><span style=\"font-weight: 400;\">Mikrocerrahi, daha hassas ve d\u00fc\u015f\u00fck riskli bir cerrahi y\u00f6ntem olarak, sperm \u00fcretimi ya da ta\u015f\u0131ma sorunlar\u0131n\u0131n giderilmesinde kullan\u0131l\u0131r. Bu t\u00fcr m\u00fcdahalelerde, mikroskop kullan\u0131larak sperm kanallar\u0131 onar\u0131l\u0131r ve m\u00fcmk\u00fcnse sperm toplan\u0131r. Mikrocerrahi tedaviler, ba\u015far\u0131 oranlar\u0131n\u0131 art\u0131ran ve daha az invaziv olan se\u00e7eneklerdir.<\/span><\/p><p><span style=\"font-weight: 400;\">Erkek k\u0131s\u0131rl\u0131\u011f\u0131nda cerrahi tedavi, sorunun kayna\u011f\u0131na ba\u011fl\u0131 olarak farkl\u0131l\u0131k g\u00f6sterir. Bu t\u00fcr ameliyatlar, uzman doktorlar taraf\u0131ndan belirlenen do\u011fru te\u015fhis ve tedavi y\u00f6ntemleriyle, erkeklerin \u00e7ocuk sahibi olma \u015fans\u0131n\u0131 art\u0131rabilir.<\/span><\/p><h2><span style=\"font-weight: 400;\">K\u0131s\u0131rl\u0131k Tedavisi \/ Ameliyat\u0131 Nas\u0131l Yap\u0131l\u0131r?<\/span><\/h2><p><span style=\"font-weight: 400;\">K\u0131s\u0131rl\u0131k tedavisi, \u00e7iftin \u00fcreme sa\u011fl\u0131\u011f\u0131na y\u00f6nelik \u00e7e\u015fitli tedavi y\u00f6ntemleriyle \u00e7ocuk sahibi olma \u015fans\u0131n\u0131 art\u0131rmay\u0131 hedefler. K\u0131s\u0131rl\u0131k tedavisi, hem ila\u00e7 tedavileri hem de cerrahi m\u00fcdahalelerle yap\u0131labilir. K\u0131s\u0131rl\u0131k ameliyatlar\u0131, \u00f6zellikle erkeklerde sperm \u00fcretimi veya ta\u015f\u0131ma problemleri olan bireylerde uygulan\u0131r. K\u0131s\u0131rl\u0131k tedavisi ve ameliyat\u0131, genellikle ki\u015fiye \u00f6zel bir tedavi plan\u0131 do\u011frultusunda ger\u00e7ekle\u015ftirilir. \u0130\u015fte bu s\u00fcrecin nas\u0131l ilerledi\u011fine dair detaylar:<\/span><\/p><h3><span style=\"font-weight: 400;\">1. K\u0131s\u0131rl\u0131k Ameliyat\u0131na Giden S\u00fcre\u00e7<\/span><\/h3><p><span style=\"font-weight: 400;\">K\u0131s\u0131rl\u0131k tedavisine ba\u015flamadan \u00f6nce, ilk ad\u0131m genellikle hem erkek hem de kad\u0131n partnerin ayr\u0131nt\u0131l\u0131 bir de\u011ferlendirmeye tabi tutulmas\u0131d\u0131r. Uzman bir hekim, her iki taraf\u0131n t\u0131bbi ge\u00e7mi\u015fini, fiziksel muayenesini ve gerekli test sonu\u00e7lar\u0131n\u0131 de\u011ferlendirerek bir tedavi plan\u0131 olu\u015fturur. Erkeklerde k\u0131s\u0131rl\u0131k tan\u0131s\u0131 konulmas\u0131 durumunda, cerrahi m\u00fcdahale gerekip gerekmedi\u011fine karar verilir.<\/span><\/p><h3><span style=\"font-weight: 400;\">2. Varikosel Ameliyat\u0131<\/span><\/h3><p><span style=\"font-weight: 400;\">Varikosel, erkeklerde k\u0131s\u0131rl\u0131\u011f\u0131n en yayg\u0131n nedenlerinden biridir ve testislerdeki damarlar\u0131n geni\u015flemesiyle olu\u015fur. Bu durum, sperm \u00fcretimini olumsuz etkileyebilir. Varikosel ameliyat\u0131, testisteki damarlar\u0131n ba\u011flanarak kan ak\u0131\u015f\u0131n\u0131n d\u00fczeltilmesini sa\u011flar. Bu operasyon genellikle minimal invaziv tekniklerle yap\u0131l\u0131r ve lokal anestezi alt\u0131nda ger\u00e7ekle\u015ftirilir. Ameliyat\u0131n ard\u0131ndan hastalar birka\u00e7 g\u00fcn i\u00e7inde normal aktivitelerine d\u00f6nebilirler.<\/span><\/p><h3><span style=\"font-weight: 400;\">3. Vazektomi Tersine \u00c7evirme<\/span><\/h3><p><span style=\"font-weight: 400;\">Vazektomi, erkeklerde k\u0131s\u0131rl\u0131\u011f\u0131 kal\u0131c\u0131 olarak sa\u011flamak amac\u0131yla yap\u0131lan bir prosed\u00fcrd\u00fcr. Ancak baz\u0131 erkekler, vazektomi sonras\u0131nda \u00e7ocuk sahibi olmak isteyebilirler. Vazektomi tersine \u00e7evirme ameliyat\u0131, vazektomi sonras\u0131 sperm kanallar\u0131n\u0131n yeniden ba\u011flanmas\u0131 i\u015flemidir. Bu cerrahi m\u00fcdahale, mikroskop alt\u0131nda ve \u00e7ok hassas bir \u015fekilde yap\u0131l\u0131r. Ba\u015far\u0131 oran\u0131, ge\u00e7en s\u00fcre ve cerrahi teknikteki beceriye ba\u011fl\u0131 olarak de\u011fi\u015fir.<\/span><\/p><h3><span style=\"font-weight: 400;\">4. Mikro TESE (Mikro Testik\u00fcler Sperm Aspirasyo)<\/span><\/h3><p><span style=\"font-weight: 400;\">Mikro TESE, sperm \u00fcretimi olmayan ancak testislerinde sperm bulunan erkekler i\u00e7in uygulanan bir ameliyat y\u00f6ntemidir. Bu cerrahi m\u00fcdahalede, mikroskop alt\u0131nda testis dokusu incelenir ve sperm tespiti yap\u0131l\u0131r. Bulunan sperm, t\u00fcp bebek tedavisinde kullan\u0131lmak \u00fczere al\u0131n\u0131r. Mikro TESE, \u00f6zellikle azoospermik (sperm yoklu\u011fu) erkekler i\u00e7in umut verici bir \u00e7\u00f6z\u00fcm sunar.<\/span><\/p><h3><span style=\"font-weight: 400;\">5. Sperm Yolu T\u0131kan\u0131kl\u0131klar\u0131n\u0131 Giderme<\/span><\/h3><p><span style=\"font-weight: 400;\">Erkeklerde sperm yollar\u0131ndaki t\u0131kan\u0131kl\u0131klar, k\u0131s\u0131rl\u0131\u011fa neden olabilir. Bu t\u0131kan\u0131kl\u0131klar, genetik hastal\u0131klar, enfeksiyonlar ya da do\u011fu\u015ftan gelen anormallikler sonucu olu\u015fabilir. Cerrahi olarak bu t\u0131kan\u0131kl\u0131klar a\u00e7\u0131labilir ve sperm kanallar\u0131 yeniden yap\u0131land\u0131r\u0131labilir. T\u0131kan\u0131kl\u0131k giderme operasyonlar\u0131, mikrocerrahi y\u00f6ntemlerle y\u00fcksek ba\u015far\u0131 oranlar\u0131yla yap\u0131lmaktad\u0131r.<\/span><\/p><h3><span style=\"font-weight: 400;\">6. Testislerden Sperm Toplanmas\u0131 (TESA ve MESA)<\/span><\/h3><p><span style=\"font-weight: 400;\">Testislerden sperm al\u0131nmas\u0131, erkeklerde k\u0131s\u0131rl\u0131k tedavisinde kullan\u0131lan di\u011fer cerrahi prosed\u00fcrlerdir. Testik\u00fcler sperm aspirasyonu (TESA) ve epididimal sperm aspirasyonu (MESA), sperm \u00fcretimi olmas\u0131na ra\u011fmen sperm yollar\u0131n\u0131n t\u0131kanm\u0131\u015f oldu\u011fu durumlarda uygulan\u0131r. Bu prosed\u00fcrlerde sperm, do\u011frudan testislerden ya da epididimden al\u0131narak t\u00fcp bebek tedavisi i\u00e7in kullan\u0131labilir.<\/span><\/p><h3><span style=\"font-weight: 400;\">7. \u0130yile\u015fme S\u00fcreci<\/span><\/h3><p><span style=\"font-weight: 400;\">K\u0131s\u0131rl\u0131k ameliyatlar\u0131ndan sonra hastalar\u0131n iyile\u015fme s\u00fcreci genellikle h\u0131zl\u0131d\u0131r. Ancak her cerrahi m\u00fcdahale sonras\u0131 belirli bir dinlenme s\u00fcresi gerekebilir. Varikosel gibi minimal invaziv operasyonlardan sonra hastalar birka\u00e7 g\u00fcn i\u00e7inde normal hayatlar\u0131na d\u00f6nebilirken, mikrocerrahi i\u015flemler ve daha karma\u015f\u0131k ameliyatlar sonras\u0131nda iyile\u015fme s\u00fcreci biraz daha uzun s\u00fcrebilir. Doktorun \u00f6nerilerine uyulmas\u0131, tedavi s\u00fcrecinin ba\u015far\u0131 oran\u0131n\u0131 art\u0131racakt\u0131r.<\/span><\/p><p><span style=\"font-weight: 400;\">K\u0131s\u0131rl\u0131k tedavisi ve ameliyatlar\u0131, her bireyin ihtiyac\u0131na g\u00f6re \u00f6zelle\u015ftirilmi\u015f bir yakla\u015f\u0131m gerektirir. Uzman bir hekimle yap\u0131lan kapsaml\u0131 de\u011ferlendirmeler ve testler sonucunda do\u011fru tedavi y\u00f6ntemi belirlenir ve \u00e7iftlerin \u00e7ocuk sahibi olma \u015fans\u0131 art\u0131r\u0131l\u0131r.<\/span><\/p><h2><span style=\"font-weight: 400;\">K\u0131s\u0131rl\u0131k Tedavisi \/ Ameliyat\u0131n\u0131n Avantaj\u0131 Nelerdir?<\/span><\/h2><p><span style=\"font-weight: 400;\">K\u0131s\u0131rl\u0131k tedavisi ve cerrahi m\u00fcdahaleler, bir\u00e7ok \u00e7ift i\u00e7in \u00e7ocuk sahibi olma yolunda \u00f6nemli bir ad\u0131md\u0131r. \u00d6zellikle cerrahi y\u00f6ntemler, t\u0131bbi tedaviye yan\u0131t vermeyen veya yap\u0131sal sorunlar\u0131 olan bireyler i\u00e7in etkili \u00e7\u00f6z\u00fcmler sunar. K\u0131s\u0131rl\u0131k ameliyatlar\u0131n\u0131n bir\u00e7ok avantaj\u0131 vard\u0131r ve bu avantajlar, tedavi s\u00fcrecini daha umut verici hale getirebilir. \u0130\u015fte k\u0131s\u0131rl\u0131k tedavisi ve ameliyat\u0131n\u0131n sa\u011flad\u0131\u011f\u0131 ba\u015fl\u0131ca avantajlar:<\/span><\/p><h3><span style=\"font-weight: 400;\">1. Do\u011fal Gebelik \u015eans\u0131n\u0131 Art\u0131r\u0131r<\/span><\/h3><p><span style=\"font-weight: 400;\">K\u0131s\u0131rl\u0131k ameliyatlar\u0131, genellikle sorunun kayna\u011f\u0131n\u0131 hedef alarak \u00e7\u00f6z\u00fcm sa\u011flar. \u00d6rne\u011fin, varikosel ameliyat\u0131, sperm \u00fcretimini olumsuz etkileyen damar geni\u015flemelerini d\u00fczeltir ve sperm kalitesini iyile\u015ftirir. Bunun sonucunda, do\u011fal yolla hamilelik \u015fans\u0131 artar. T\u0131kan\u0131kl\u0131k giderme ve sperm toplama gibi cerrahi m\u00fcdahaleler de, sperm yollar\u0131ndaki engelleri ortadan kald\u0131rarak gebelik \u015fans\u0131n\u0131 art\u0131rabilir.<\/span><\/p><h3><span style=\"font-weight: 400;\">2. \u0130leri Tedavi Y\u00f6ntemlerine Gereksinimi Azalt\u0131r<\/span><\/h3><p><span style=\"font-weight: 400;\">Cerrahi tedavi, baz\u0131 \u00e7iftler i\u00e7in t\u00fcp bebek (IVF) gibi ileri tedavi y\u00f6ntemlerine olan ihtiyac\u0131 azaltabilir. K\u0131s\u0131rl\u0131k ameliyatlar\u0131 sayesinde, sperm \u00fcretimi ya da ta\u015f\u0131ma sorunlar\u0131 ortadan kald\u0131r\u0131labilir, bu da t\u00fcp bebek uygulamalar\u0131n\u0131 gereksiz hale getirebilir veya daha az m\u00fcdahale ile ba\u015far\u0131l\u0131 sonu\u00e7lar elde edilebilir. \u00d6zellikle mikrocerrahi y\u00f6ntemlerle yap\u0131lan ameliyatlar, sperm toplama s\u00fcrecini ba\u015far\u0131l\u0131 \u015fekilde ger\u00e7ekle\u015ftirerek t\u00fcp bebek tedavisinin daha verimli olmas\u0131na katk\u0131 sa\u011flar.<\/span><\/p><h3><span style=\"font-weight: 400;\">3. Daha D\u00fc\u015f\u00fck Maliyetli \u00c7\u00f6z\u00fcmler<\/span><\/h3><p><span style=\"font-weight: 400;\">\u0130leri tedavi y\u00f6ntemleri, \u00f6zellikle t\u00fcp bebek gibi s\u00fcre\u00e7ler genellikle pahal\u0131 olabilir. K\u0131s\u0131rl\u0131k ameliyatlar\u0131, baz\u0131 durumlarda bu t\u00fcr y\u00fcksek maliyetli tedavilere olan ihtiyac\u0131 ortadan kald\u0131rabilir. Cerrahi m\u00fcdahaleler, ba\u015flang\u0131\u00e7ta yat\u0131r\u0131m gerektirse de uzun vadede daha d\u00fc\u015f\u00fck maliyetli \u00e7\u00f6z\u00fcmler sunabilir, \u00e7\u00fcnk\u00fc do\u011fal gebelik \u015fans\u0131 artar ve t\u00fcp bebek gibi pahal\u0131 prosed\u00fcrler daha az gerekebilir.<\/span><\/p><h3><span style=\"font-weight: 400;\">4. Daha Az \u0130la\u00e7 Kullan\u0131m\u0131<\/span><\/h3><p><span style=\"font-weight: 400;\">Baz\u0131 k\u0131s\u0131rl\u0131k tedavi y\u00f6ntemlerinde yo\u011fun ila\u00e7 kullan\u0131m\u0131 gerekebilir. \u00d6rne\u011fin, hormon tedavileri t\u00fcp bebek \u00f6ncesinde s\u0131k\u00e7a kullan\u0131l\u0131r. Ancak cerrahi m\u00fcdahaleler, sorunlar\u0131 do\u011frudan \u00e7\u00f6zerek ila\u00e7 kullan\u0131m\u0131n\u0131 en aza indirebilir. Bu da, yan etkilerin azalt\u0131lmas\u0131na ve tedavi s\u00fcrecinin daha sa\u011fl\u0131kl\u0131 ilerlemesine olanak tan\u0131r.<\/span><\/p><h3><span style=\"font-weight: 400;\">5. K\u0131sa \u0130yile\u015fme S\u00fcreci<\/span><\/h3><p><span style=\"font-weight: 400;\">Modern cerrahi y\u00f6ntemler, minimal invaziv tekniklerle ger\u00e7ekle\u015ftirilmekte olup, hastalar\u0131n iyile\u015fme s\u00fcrecini h\u0131zland\u0131r\u0131r. Varikosel ve t\u00fcp bebekle ilgili di\u011fer cerrahi m\u00fcdahaleler genellikle k\u0131sa s\u00fcrede iyile\u015fme sa\u011flar ve hastalar birka\u00e7 g\u00fcn i\u00e7inde normal ya\u015famlar\u0131na d\u00f6nebilir. Bu, i\u015f ve g\u00fcnl\u00fck hayat\u0131 aksatmadan tedavi s\u00fcrecini s\u00fcrd\u00fcrmeyi kolayla\u015ft\u0131r\u0131r.<\/span><\/p><h2><span style=\"font-weight: 400;\">K\u0131s\u0131rl\u0131k Tedavisi \/ Ameliyat\u0131 Kimlere \u00d6nerilir?<\/span><\/h2><p><span style=\"font-weight: 400;\">K\u0131s\u0131rl\u0131k tedavisi ve ameliyatlar\u0131, belirli sa\u011fl\u0131k sorunlar\u0131 olan bireylere \u00f6nerilir. \u00d6zellikle, t\u0131bbi tedavi y\u00f6ntemlerine yan\u0131t vermeyen veya cerrahi m\u00fcdahale gerektiren durumlarda bu y\u00f6ntemler tercih edilir. K\u0131s\u0131rl\u0131k ameliyatlar\u0131, varikosel, sperm yolu t\u0131kan\u0131kl\u0131\u011f\u0131, azoospermi gibi erkek k\u0131s\u0131rl\u0131\u011f\u0131n\u0131n spesifik nedenlerini hedef al\u0131r.<\/span><\/p><p><span style=\"font-weight: 400;\">Varikosel sorunu olan erkeklere, testislerdeki damar geni\u015flemelerini d\u00fczeltmek amac\u0131yla varikosel ameliyat\u0131 \u00f6nerilebilir. Bu ameliyat, sperm \u00fcretimini art\u0131rarak do\u011fal yolla gebelik \u015fans\u0131n\u0131 art\u0131rabilir. Sperm yolu t\u0131kan\u0131kl\u0131\u011f\u0131 olan erkeklerde ise, t\u0131kan\u0131kl\u0131\u011f\u0131 gidermek i\u00e7in cerrahi m\u00fcdahale yap\u0131labilir. T\u0131kan\u0131kl\u0131k a\u00e7\u0131ld\u0131ktan sonra sperm \u00e7\u0131k\u0131\u015f\u0131 sa\u011flanarak \u00e7ocuk sahibi olma \u015fans\u0131 elde edilebilir.<\/span><\/p><p><br \/><br \/><\/p>\t\t\t\t\t\t\t\t<\/div>\n\t\t\t\t<\/div>\n\t\t\t\t\t<\/div>\n\t\t\t\t<\/div>\n\t\t\t\t<\/div>","protected":false},"excerpt":{"rendered":"<p>K\u0131s\u0131rl\u0131k, d\u00fcnya genelinde milyonlarca \u00e7ifti etkileyen ve bir\u00e7ok farkl\u0131 fakt\u00f6re ba\u011fl\u0131 olarak geli\u015febilen bir sa\u011fl\u0131k sorunudur. Hem kad\u0131nlarda hem de<\/p>","protected":false},"author":3,"featured_media":0,"parent":0,"menu_order":0,"comment_status":"closed","ping_status":"closed","template":"","meta":{"footnotes":""},"class_list":["post-31392","page","type-page","status-publish","hentry"],"_links":{"self":[{"href":"https:\/\/westestetik.com\/de\/wp-json\/wp\/v2\/pages\/31392","targetHints":{"allow":["GET"]}}],"collection":[{"href":"https:\/\/westestetik.com\/de\/wp-json\/wp\/v2\/pages"}],"about":[{"href":"https:\/\/westestetik.com\/de\/wp-json\/wp\/v2\/types\/page"}],"author":[{"embeddable":true,"href":"https:\/\/westestetik.com\/de\/wp-json\/wp\/v2\/users\/3"}],"replies":[{"embeddable":true,"href":"https:\/\/westestetik.com\/de\/wp-json\/wp\/v2\/comments?post=31392"}],"version-history":[{"count":7,"href":"https:\/\/westestetik.com\/de\/wp-json\/wp\/v2\/pages\/31392\/revisions"}],"predecessor-version":[{"id":31410,"href":"https:\/\/westestetik.com\/de\/wp-json\/wp\/v2\/pages\/31392\/revisions\/31410"}],"wp:attachment":[{"href":"https:\/\/westestetik.com\/de\/wp-json\/wp\/v2\/media?parent=31392"}],"curies":[{"name":"wp","href":"https:\/\/api.w.org\/{rel}","templated":true}]}}