{"id":29807,"date":"2025-01-17T17:22:31","date_gmt":"2025-01-17T14:22:31","guid":{"rendered":"https:\/\/westestetik.com\/?page_id=29807"},"modified":"2025-05-26T15:48:31","modified_gmt":"2025-05-26T12:48:31","slug":"dr-dursun","status":"publish","type":"page","link":"https:\/\/westestetik.com\/de\/dr-dursun\/","title":{"rendered":"Dr.Dursun"},"content":{"rendered":"<div data-elementor-type=\"wp-page\" data-elementor-id=\"29807\" class=\"elementor elementor-29807\" data-elementor-post-type=\"page\">\n\t\t\t\t<div class=\"wd-negative-gap elementor-element elementor-element-5c80a8d4 e-flex e-con-boxed e-con e-parent\" data-id=\"5c80a8d4\" data-element_type=\"container\">\n\t\t\t\t\t<div class=\"e-con-inner\">\n\t\t\t\t<div class=\"elementor-element elementor-element-3a036255 e-n-tabs-mobile elementor-widget elementor-widget-n-tabs\" data-id=\"3a036255\" data-element_type=\"widget\" data-settings=\"{&quot;horizontal_scroll&quot;:&quot;disable&quot;}\" data-widget_type=\"nested-tabs.default\">\n\t\t\t\t<div class=\"elementor-widget-container\">\n\t\t\t\t\t\t\t<div class=\"e-n-tabs\" data-widget-number=\"973300309\" aria-label=\"Sekmeler. Enter ve Space ile \u00f6geleri a\u00e7abilir, Escape ile \u00f6geleri kapatabilir ve Y\u00f6n tu\u015flar\u0131 ile \u00f6geler aras\u0131nda gezinebilirsiniz.\">\n\t\t\t<div class=\"e-n-tabs-heading\" role=\"tablist\">\n\t\t\t\t\t<button id=\"e-n-tab-title-9733003091\" class=\"e-n-tab-title\" aria-selected=\"true\" data-tab-index=\"1\" role=\"tab\" tabindex=\"0\" aria-controls=\"e-n-tab-content-9733003091\" style=\"--n-tabs-title-order: 1;\">\n\t\t\t\t\t\t<span class=\"e-n-tab-title-text\">\n\t\t\t\tE\u011fitim\t\t\t<\/span>\n\t\t<\/button>\n\t\t\t\t<button id=\"e-n-tab-title-9733003092\" class=\"e-n-tab-title\" aria-selected=\"false\" data-tab-index=\"2\" role=\"tab\" tabindex=\"-1\" aria-controls=\"e-n-tab-content-9733003092\" style=\"--n-tabs-title-order: 2;\">\n\t\t\t\t\t\t<span class=\"e-n-tab-title-text\">\n\t\t\t\t\u00c7al\u0131\u015ft\u0131\u011f\u0131 Kurumlar\t\t\t<\/span>\n\t\t<\/button>\n\t\t\t\t<button id=\"e-n-tab-title-9733003093\" class=\"e-n-tab-title\" aria-selected=\"false\" data-tab-index=\"3\" role=\"tab\" tabindex=\"-1\" aria-controls=\"e-n-tab-content-9733003093\" style=\"--n-tabs-title-order: 3;\">\n\t\t\t\t\t\t<span class=\"e-n-tab-title-text\">\n\t\t\t\tT\u0131bbi Alanlar\t\t\t<\/span>\n\t\t<\/button>\n\t\t\t\t<button id=\"e-n-tab-title-9733003094\" class=\"e-n-tab-title\" aria-selected=\"false\" data-tab-index=\"4\" role=\"tab\" tabindex=\"-1\" aria-controls=\"e-n-tab-content-9733003094\" style=\"--n-tabs-title-order: 4;\">\n\t\t\t\t\t\t<span class=\"e-n-tab-title-text\">\n\t\t\t\tG\u00f6revler\/\u00dcyelikler\t\t\t<\/span>\n\t\t<\/button>\n\t\t\t\t\t<\/div>\n\t\t\t<div class=\"e-n-tabs-content\">\n\t\t\t\t<div id=\"e-n-tab-content-9733003091\" role=\"tabpanel\" aria-labelledby=\"e-n-tab-title-9733003091\" data-tab-index=\"1\" style=\"--n-tabs-title-order: 1;\" class=\"e-active elementor-element elementor-element-b0aa103 e-con-full e-flex e-con e-child\" data-id=\"b0aa103\" data-element_type=\"container\">\n\t\t<div class=\"wd-negative-gap elementor-element elementor-element-67d11db2 e-flex e-con-boxed e-con e-child\" data-id=\"67d11db2\" data-element_type=\"container\">\n\t\t\t\t\t<div class=\"e-con-inner\">\n\t\t\t\t<div class=\"elementor-element elementor-element-17aa9403 color-scheme-inherit text-left elementor-widget elementor-widget-text-editor\" data-id=\"17aa9403\" data-element_type=\"widget\" data-widget_type=\"text-editor.default\">\n\t\t\t\t<div class=\"elementor-widget-container\">\n\t\t\t\t\t\t\t\t\t<ul>\n<li>\n<p class=\"p1\">Sel\u00e7uk \u00dcniversitesi Meram T\u0131p Fak\u00fcltesi, T\u0131p Doktoru<\/p>\n<\/li>\n<li>\n<p class=\"p1\">Uzmanl\u0131k: Ankara E\u011fitim ve Ara\u015ft\u0131rma Hastanesi, KBB Klini\u011fi<\/p>\n<\/li>\n<\/ul>\t\t\t\t\t\t\t\t<\/div>\n\t\t\t\t<\/div>\n\t\t\t\t\t<\/div>\n\t\t\t\t<\/div>\n\t\t\t\t<\/div>\n\t\t<div id=\"e-n-tab-content-9733003092\" role=\"tabpanel\" aria-labelledby=\"e-n-tab-title-9733003092\" data-tab-index=\"2\" style=\"--n-tabs-title-order: 2;\" class=\"elementor-element elementor-element-a0f30b8 e-con-full e-flex e-con e-child\" data-id=\"a0f30b8\" data-element_type=\"container\">\n\t\t<div class=\"wd-negative-gap elementor-element elementor-element-2fd70d9c e-flex e-con-boxed e-con e-child\" data-id=\"2fd70d9c\" data-element_type=\"container\">\n\t\t\t\t\t<div class=\"e-con-inner\">\n\t\t\t\t<div class=\"elementor-element elementor-element-574400be color-scheme-inherit text-left elementor-widget elementor-widget-text-editor\" data-id=\"574400be\" data-element_type=\"widget\" data-widget_type=\"text-editor.default\">\n\t\t\t\t<div class=\"elementor-widget-container\">\n\t\t\t\t\t\t\t\t\t<ul>\n<li>\n<p class=\"p1\"><b>2025 \u2013 G\u00fcn\u00fcm\u00fcz:<\/b><span class=\"s1\"> West Aesthetics<\/span><\/p>\n<\/li>\n<li>\n<p class=\"p1\">Ankara E\u011fitim ve Ara\u015ft\u0131rma Hastanesi, KBB Klini\u011fi (Uzmanl\u0131k E\u011fitimi)<\/p>\n<\/li>\n<\/ul>\t\t\t\t\t\t\t\t<\/div>\n\t\t\t\t<\/div>\n\t\t\t\t\t<\/div>\n\t\t\t\t<\/div>\n\t\t\t\t<\/div>\n\t\t<div id=\"e-n-tab-content-9733003093\" role=\"tabpanel\" aria-labelledby=\"e-n-tab-title-9733003093\" data-tab-index=\"3\" style=\"--n-tabs-title-order: 3;\" class=\"elementor-element elementor-element-2fddf3ab e-con-full e-flex e-con e-child\" data-id=\"2fddf3ab\" data-element_type=\"container\">\n\t\t<div class=\"wd-negative-gap elementor-element elementor-element-17ba5d51 e-flex e-con-boxed e-con e-child\" data-id=\"17ba5d51\" data-element_type=\"container\">\n\t\t\t\t\t<div class=\"e-con-inner\">\n\t\t\t\t<div class=\"elementor-element elementor-element-195b40ab color-scheme-inherit text-left elementor-widget elementor-widget-text-editor\" data-id=\"195b40ab\" data-element_type=\"widget\" data-widget_type=\"text-editor.default\">\n\t\t\t\t<div class=\"elementor-widget-container\">\n\t\t\t\t\t\t\t\t\t<ul>\n<li>\n<p class=\"p1\">Nasenkorrektur<\/p>\n<\/li>\n<li>\n<p class=\"p1\">Fonksiyonel Endoskopik Sin\u00fcs Cerrahisi<\/p>\n<\/li>\n<li>\n<p class=\"p1\">Otoplasti<\/p>\n<\/li>\n<li>\n<p class=\"p1\">Pediatrik KBB<\/p>\n<\/li>\n<li>\n<p class=\"p1\">Kulak Cerrahisi<\/p>\n<\/li>\n<\/ul>\t\t\t\t\t\t\t\t<\/div>\n\t\t\t\t<\/div>\n\t\t\t\t\t<\/div>\n\t\t\t\t<\/div>\n\t\t\t\t<\/div>\n\t\t<div class=\"wd-negative-gap  elementor-element elementor-element-5b09dc8e e-flex e-con-boxed e-con e-child\" id=\"e-n-tab-content-9733003094\" role=\"tabpanel\" aria-labelledby=\"e-n-tab-title-9733003094\" data-tab-index=\"4\" style=\"--n-tabs-title-order: 4;\" data-id=\"5b09dc8e\" data-element_type=\"container\">\n\t\t\t\t\t<div class=\"e-con-inner\">\n\t\t<div class=\"elementor-element elementor-element-583610b1 e-con-full e-flex e-con e-child\" data-id=\"583610b1\" data-element_type=\"container\">\n\t\t\t\t<div class=\"elementor-element elementor-element-20a55319 color-scheme-inherit text-left elementor-widget elementor-widget-text-editor\" data-id=\"20a55319\" data-element_type=\"widget\" data-widget_type=\"text-editor.default\">\n\t\t\t\t<div class=\"elementor-widget-container\">\n\t\t\t\t\t\t\t\t\t<h3><b>\u00dcyelikler<\/b><\/h3>\n<ul>\n<li>\n<p class=\"p1\">T\u00fcrk KBB-BBC Derne\u011fi Yeterlik Genel Kurulu<\/p>\n<\/li>\n<\/ul>\n<hr \/>\n<h3><b>Bilimsel Yay\u0131nlar ve Sunumlar (Se\u00e7me)<\/b><\/h3>\n<ul>\n<li>\n<p class=\"p1\">Arslan N, Tuzuner A, Koycu A, Dursun S, Hucumenoglu S. <i>The role of nasopharyngeal examination and biopsy in the diagnosis of malignant diseases.<\/i> Braz J Otorhinolaryngol. 2019;85(4):481\u2010485.<\/p>\n<\/li>\n<li>\n<p class=\"p1\">Felek SA, \u0130bas M, Dursun S, Heper AO. <i>Dermatofibrosarcoma Protuberans of the Neck: A Brief Review of the Literature.<\/i> Indian J Otolaryngol Head Neck Surg. 2019;71(Suppl 1):369\u2010372.<\/p>\n<\/li>\n<li>\n<p class=\"p1\">Dursun S, Aky\u0131ld\u0131z \u0130, T\u00fcz\u00fcner A, Karada\u015f H. <i>A rare complication: Abscess on nasal dorsum due to Kirschner wire<\/i>, 13th Turkish Rinology Congress, 2017, Antalya, Turkey<\/p>\n<\/li>\n<li>\n<p class=\"p1\">Dursun, Song\u00fcl, et al. <i>A rare side effect due to topical gentamicin use: Auricular necrosis,<\/i> 39th Turkish National Otorhinolaryngology Head and Neck Surgery Congress, 2017, Antalya, Turkey<\/p>\n<\/li>\n<li>\n<p class=\"p1\">Kaytez S, \u00d6\u00e7al R, \u00c7elik H, Arslan N, Dursun S, Akkoca \u00d6. <i>Evaluation of the Effect of Chronic Otitis Media Disease Severity on Quality of Life with Chronic Otitis Media Questionnaire Test 12<\/i>, 41st Turkish National Otorhinolaryngology Head and Neck Surgery Congress, 2019, Antalya, Turkey<\/p>\n<\/li>\n<li>\n<p class=\"p1\">Kaptan Z, Ya\u011fmur CH, Sinan AS, Dursun S, Karada\u015f H. <i>Idiopatic Spontaneous Cerebrospinal Fluid Rhinorrhea Diagnose and Treatment : A Case Report<\/i>, 41st Turkish National Otorhinolaryngology Head and Neck Surgery Congress, 2019, Antalya, Turkey<\/p>\n<\/li>\n<\/ul>\t\t\t\t\t\t\t\t<\/div>\n\t\t\t\t<\/div>\n\t\t\t\t<\/div>\n\t\t\t\t\t<\/div>\n\t\t\t\t<\/div>\n\t\t\t\t\t<\/div>\n\t\t<\/div>\n\t\t\t\t\t\t<\/div>\n\t\t\t\t<\/div>\n\t\t\t\t\t<\/div>\n\t\t\t\t<\/div>\n\t\t\t\t<\/div>","protected":false},"excerpt":{"rendered":"<p>E\u011fitim \u00c7al\u0131\u015ft\u0131\u011f\u0131 Kurumlar T\u0131bbi Alanlar G\u00f6revler\/\u00dcyelikler Sel\u00e7uk \u00dcniversitesi Meram T\u0131p Fak\u00fcltesi, T\u0131p Doktoru Uzmanl\u0131k: Ankara E\u011fitim ve Ara\u015ft\u0131rma Hastanesi, KBB<\/p>","protected":false},"author":3,"featured_media":0,"parent":0,"menu_order":0,"comment_status":"closed","ping_status":"closed","template":"","meta":{"footnotes":""},"class_list":["post-29807","page","type-page","status-publish","hentry"],"_links":{"self":[{"href":"https:\/\/westestetik.com\/de\/wp-json\/wp\/v2\/pages\/29807","targetHints":{"allow":["GET"]}}],"collection":[{"href":"https:\/\/westestetik.com\/de\/wp-json\/wp\/v2\/pages"}],"about":[{"href":"https:\/\/westestetik.com\/de\/wp-json\/wp\/v2\/types\/page"}],"author":[{"embeddable":true,"href":"https:\/\/westestetik.com\/de\/wp-json\/wp\/v2\/users\/3"}],"replies":[{"embeddable":true,"href":"https:\/\/westestetik.com\/de\/wp-json\/wp\/v2\/comments?post=29807"}],"version-history":[{"count":5,"href":"https:\/\/westestetik.com\/de\/wp-json\/wp\/v2\/pages\/29807\/revisions"}],"predecessor-version":[{"id":31493,"href":"https:\/\/westestetik.com\/de\/wp-json\/wp\/v2\/pages\/29807\/revisions\/31493"}],"wp:attachment":[{"href":"https:\/\/westestetik.com\/de\/wp-json\/wp\/v2\/media?parent=29807"}],"curies":[{"name":"wp","href":"https:\/\/api.w.org\/{rel}","templated":true}]}}