{"id":27892,"date":"2024-12-02T23:35:59","date_gmt":"2024-12-02T23:35:59","guid":{"rendered":"https:\/\/westestetik.com\/?page_id=27892"},"modified":"2025-02-20T15:43:29","modified_gmt":"2025-02-20T12:43:29","slug":"magen-botox","status":"publish","type":"page","link":"https:\/\/westestetik.com\/de\/magen-botox\/","title":{"rendered":"Magen-Botox"},"content":{"rendered":"<div data-elementor-type=\"wp-page\" data-elementor-id=\"27892\" class=\"elementor elementor-27892\" data-elementor-post-type=\"page\">\n\t\t\t\t<div class=\"elementor-element elementor-element-423fe5a2 e-con-full e-flex e-con e-parent\" data-id=\"423fe5a2\" data-element_type=\"container\">\n\t\t<div class=\"elementor-element elementor-element-753ece9c e-con-full e-flex e-con e-child\" data-id=\"753ece9c\" data-element_type=\"container\">\n\t\t\t\t<div class=\"elementor-element elementor-element-2176b5a4 elementor-widget elementor-widget-image\" data-id=\"2176b5a4\" data-element_type=\"widget\" data-widget_type=\"image.default\">\n\t\t\t\t<div class=\"elementor-widget-container\">\n\t\t\t\t\t\t\t\t\t\t\t\t\t\t\t<img decoding=\"async\" width=\"100\" height=\"100\" src=\"https:\/\/westestetik.com\/wp-content\/uploads\/2024\/12\/1-4.png\" class=\"attachment-large size-large wp-image-28814\" alt=\"\" srcset=\"https:\/\/westestetik.com\/wp-content\/uploads\/2024\/12\/1-4.png 100w, https:\/\/westestetik.com\/wp-content\/uploads\/2024\/12\/1-4-12x12.png 12w\" sizes=\"(max-width: 100px) 100vw, 100px\" \/>\t\t\t\t\t\t\t\t\t\t\t\t\t\t\t<\/div>\n\t\t\t\t<\/div>\n\t\t\t\t<\/div>\n\t\t<div class=\"elementor-element elementor-element-5324485e e-con-full e-flex e-con e-child\" data-id=\"5324485e\" data-element_type=\"container\">\n\t\t\t\t<div class=\"elementor-element elementor-element-17ec36af elementor-widget elementor-widget-image\" data-id=\"17ec36af\" data-element_type=\"widget\" data-widget_type=\"image.default\">\n\t\t\t\t<div class=\"elementor-widget-container\">\n\t\t\t\t\t\t\t\t\t\t\t\t\t\t\t<img decoding=\"async\" width=\"100\" height=\"100\" src=\"https:\/\/westestetik.com\/wp-content\/uploads\/2024\/12\/2-5.png\" class=\"attachment-large size-large wp-image-28815\" alt=\"\" srcset=\"https:\/\/westestetik.com\/wp-content\/uploads\/2024\/12\/2-5.png 100w, https:\/\/westestetik.com\/wp-content\/uploads\/2024\/12\/2-5-12x12.png 12w\" sizes=\"(max-width: 100px) 100vw, 100px\" \/>\t\t\t\t\t\t\t\t\t\t\t\t\t\t\t<\/div>\n\t\t\t\t<\/div>\n\t\t\t\t<\/div>\n\t\t<div class=\"elementor-element elementor-element-1dca2a69 e-con-full e-flex e-con e-child\" data-id=\"1dca2a69\" data-element_type=\"container\">\n\t\t\t\t<div class=\"elementor-element elementor-element-45896beb elementor-widget elementor-widget-image\" data-id=\"45896beb\" data-element_type=\"widget\" data-widget_type=\"image.default\">\n\t\t\t\t<div class=\"elementor-widget-container\">\n\t\t\t\t\t\t\t\t\t\t\t\t\t\t\t<img decoding=\"async\" width=\"100\" height=\"100\" src=\"https:\/\/westestetik.com\/wp-content\/uploads\/2024\/12\/3-1.png\" class=\"attachment-large size-large wp-image-28816\" alt=\"\" srcset=\"https:\/\/westestetik.com\/wp-content\/uploads\/2024\/12\/3-1.png 100w, https:\/\/westestetik.com\/wp-content\/uploads\/2024\/12\/3-1-12x12.png 12w\" sizes=\"(max-width: 100px) 100vw, 100px\" \/>\t\t\t\t\t\t\t\t\t\t\t\t\t\t\t<\/div>\n\t\t\t\t<\/div>\n\t\t\t\t<\/div>\n\t\t<div class=\"elementor-element elementor-element-13eecad2 e-con-full e-flex e-con e-child\" data-id=\"13eecad2\" data-element_type=\"container\">\n\t\t\t\t<div class=\"elementor-element elementor-element-54785df0 elementor-widget elementor-widget-image\" data-id=\"54785df0\" data-element_type=\"widget\" data-widget_type=\"image.default\">\n\t\t\t\t<div class=\"elementor-widget-container\">\n\t\t\t\t\t\t\t\t\t\t\t\t\t\t\t<img loading=\"lazy\" decoding=\"async\" width=\"100\" height=\"100\" src=\"https:\/\/westestetik.com\/wp-content\/uploads\/2024\/12\/4-1.png\" class=\"attachment-large size-large wp-image-28817\" alt=\"\" srcset=\"https:\/\/westestetik.com\/wp-content\/uploads\/2024\/12\/4-1.png 100w, https:\/\/westestetik.com\/wp-content\/uploads\/2024\/12\/4-1-12x12.png 12w\" sizes=\"(max-width: 100px) 100vw, 100px\" \/>\t\t\t\t\t\t\t\t\t\t\t\t\t\t\t<\/div>\n\t\t\t\t<\/div>\n\t\t\t\t<\/div>\n\t\t<div class=\"elementor-element elementor-element-7fb7a931 e-con-full e-flex e-con e-child\" data-id=\"7fb7a931\" data-element_type=\"container\">\n\t\t\t\t<div class=\"elementor-element elementor-element-dee54ca elementor-widget elementor-widget-image\" data-id=\"dee54ca\" data-element_type=\"widget\" data-widget_type=\"image.default\">\n\t\t\t\t<div class=\"elementor-widget-container\">\n\t\t\t\t\t\t\t\t\t\t\t\t\t\t\t<img loading=\"lazy\" decoding=\"async\" width=\"100\" height=\"100\" src=\"https:\/\/westestetik.com\/wp-content\/uploads\/2024\/12\/5-1.png\" class=\"attachment-large size-large wp-image-28818\" alt=\"\" srcset=\"https:\/\/westestetik.com\/wp-content\/uploads\/2024\/12\/5-1.png 100w, https:\/\/westestetik.com\/wp-content\/uploads\/2024\/12\/5-1-12x12.png 12w\" sizes=\"(max-width: 100px) 100vw, 100px\" \/>\t\t\t\t\t\t\t\t\t\t\t\t\t\t\t<\/div>\n\t\t\t\t<\/div>\n\t\t\t\t<\/div>\n\t\t\t\t<\/div>\n\t\t<div class=\"wd-negative-gap elementor-element elementor-element-1edea07c e-flex e-con-boxed e-con e-parent\" data-id=\"1edea07c\" data-element_type=\"container\">\n\t\t\t\t\t<div class=\"e-con-inner\">\n\t\t<div class=\"elementor-element elementor-element-dd4a30a e-con-full e-flex e-con e-child\" data-id=\"dd4a30a\" data-element_type=\"container\">\n\t\t\t\t<div class=\"elementor-element elementor-element-5c945ac6 wd-width-100 elementor-widget elementor-widget-wd_title\" data-id=\"5c945ac6\" data-element_type=\"widget\" data-widget_type=\"wd_title.default\">\n\t\t\t\t<div class=\"elementor-widget-container\">\n\t\t\t\t\t\t\t<div class=\"title-wrapper set-mb-s reset-last-child wd-title-color-default wd-title-style-default wd-title-size-default text-center\">\n\n\t\t\t\t\t\t\t<div class=\"title-subtitle subtitle-color-default subtitle-style-default wd-fontsize-xs\">\n\t\t\t\t\tDurchschnittliche Dauer des Aufenthalts\t\t\t\t<\/div>\n\t\t\t\n\t\t\t<div class=\"liner-continer\">\n\t\t\t\t<p class=\"woodmart-title-container title wd-fontsize-l\">7 Tage<\/p> \n\t\t\t\t\t\t\t<\/div>\n\n\t\t\t\t\t<\/div>\n\t\t\t\t\t\t<\/div>\n\t\t\t\t<\/div>\n\t\t\t\t<\/div>\n\t\t<div class=\"elementor-element elementor-element-7664b034 e-con-full e-flex e-con e-child\" data-id=\"7664b034\" data-element_type=\"container\">\n\t\t\t\t<div class=\"elementor-element elementor-element-35d68388 wd-width-100 elementor-widget elementor-widget-wd_title\" data-id=\"35d68388\" data-element_type=\"widget\" data-widget_type=\"wd_title.default\">\n\t\t\t\t<div class=\"elementor-widget-container\">\n\t\t\t\t\t\t\t<div class=\"title-wrapper set-mb-s reset-last-child wd-title-color-default wd-title-style-default wd-title-size-default text-center\">\n\n\t\t\t\t\t\t\t<div class=\"title-subtitle subtitle-color-default subtitle-style-default wd-fontsize-xs\">\n\t\t\t\t\tDauer des Krankenhausaufenthalts\t\t\t\t<\/div>\n\t\t\t\n\t\t\t<div class=\"liner-continer\">\n\t\t\t\t<p class=\"woodmart-title-container title wd-fontsize-l\">1 Tag<\/p> \n\t\t\t\t\t\t\t<\/div>\n\n\t\t\t\t\t<\/div>\n\t\t\t\t\t\t<\/div>\n\t\t\t\t<\/div>\n\t\t\t\t<\/div>\n\t\t<div class=\"elementor-element elementor-element-7d608b4b e-con-full e-flex e-con e-child\" data-id=\"7d608b4b\" data-element_type=\"container\">\n\t\t\t\t<div class=\"elementor-element elementor-element-1b7edc65 wd-width-100 elementor-widget elementor-widget-wd_title\" data-id=\"1b7edc65\" data-element_type=\"widget\" data-widget_type=\"wd_title.default\">\n\t\t\t\t<div class=\"elementor-widget-container\">\n\t\t\t\t\t\t\t<div class=\"title-wrapper set-mb-s reset-last-child wd-title-color-default wd-title-style-default wd-title-size-default text-center\">\n\n\t\t\t\t\t\t\t<div class=\"title-subtitle subtitle-color-default subtitle-style-default wd-fontsize-xs\">\n\t\t\t\t\tOperation Dauer\t\t\t\t<\/div>\n\t\t\t\n\t\t\t<div class=\"liner-continer\">\n\t\t\t\t<p class=\"woodmart-title-container title wd-fontsize-l\">2-4 Stunden<\/p> \n\t\t\t\t\t\t\t<\/div>\n\n\t\t\t\t\t<\/div>\n\t\t\t\t\t\t<\/div>\n\t\t\t\t<\/div>\n\t\t\t\t<\/div>\n\t\t<div class=\"elementor-element elementor-element-59f1b634 e-con-full e-flex e-con e-child\" data-id=\"59f1b634\" data-element_type=\"container\">\n\t\t\t\t<div class=\"elementor-element elementor-element-895f0ae wd-width-100 elementor-widget elementor-widget-wd_title\" data-id=\"895f0ae\" data-element_type=\"widget\" data-widget_type=\"wd_title.default\">\n\t\t\t\t<div class=\"elementor-widget-container\">\n\t\t\t\t\t\t\t<div class=\"title-wrapper set-mb-s reset-last-child wd-title-color-default wd-title-style-default wd-title-size-default text-center\">\n\n\t\t\t\t\t\t\t<div class=\"title-subtitle subtitle-color-default subtitle-style-default wd-fontsize-xs\">\n\t\t\t\t\tAn\u00e4sthesie Typ\t\t\t\t<\/div>\n\t\t\t\n\t\t\t<div class=\"liner-continer\">\n\t\t\t\t<p class=\"woodmart-title-container title wd-fontsize-l\">Allgemeine An\u00e4sthesie<\/p> \n\t\t\t\t\t\t\t<\/div>\n\n\t\t\t\t\t<\/div>\n\t\t\t\t\t\t<\/div>\n\t\t\t\t<\/div>\n\t\t\t\t<\/div>\n\t\t<div class=\"elementor-element elementor-element-20f0933d e-con-full e-flex e-con e-child\" data-id=\"20f0933d\" data-element_type=\"container\">\n\t\t\t\t<div class=\"elementor-element elementor-element-61652bfc wd-width-100 elementor-widget elementor-widget-wd_title\" data-id=\"61652bfc\" data-element_type=\"widget\" data-widget_type=\"wd_title.default\">\n\t\t\t\t<div class=\"elementor-widget-container\">\n\t\t\t\t\t\t\t<div class=\"title-wrapper set-mb-s reset-last-child wd-title-color-default wd-title-style-default wd-title-size-default text-center\">\n\n\t\t\t\t\t\t\t<div class=\"title-subtitle subtitle-color-default subtitle-style-default wd-fontsize-xs\">\n\t\t\t\t\tErholungszeit\t\t\t\t<\/div>\n\t\t\t\n\t\t\t<div class=\"liner-continer\">\n\t\t\t\t<p class=\"woodmart-title-container title wd-fontsize-l\">1-2 Wochen<\/p> \n\t\t\t\t\t\t\t<\/div>\n\n\t\t\t\t\t<\/div>\n\t\t\t\t\t\t<\/div>\n\t\t\t\t<\/div>\n\t\t\t\t<\/div>\n\t\t\t\t\t<\/div>\n\t\t\t\t<\/div>\n\t\t<div class=\"wd-negative-gap elementor-element elementor-element-5d78513 e-flex e-con-boxed e-con e-parent\" data-id=\"5d78513\" data-element_type=\"container\">\n\t\t\t\t\t<div class=\"e-con-inner\">\n\t\t\t\t<div class=\"elementor-element elementor-element-8d5dcff color-scheme-inherit text-left elementor-widget elementor-widget-text-editor\" data-id=\"8d5dcff\" data-element_type=\"widget\" data-widget_type=\"text-editor.default\">\n\t\t\t\t<div class=\"elementor-widget-container\">\n\t\t\t\t\t\t\t\t\t<p><span style=\"font-weight: 400;\">Magenbotox ist eine wirksame Methode, die in den letzten Jahren zur Gewichtsabnahme und zur Behandlung von Adipositas popul\u00e4r geworden ist. Diese Anwendung, die mit einem endoskopischen Verfahren durchgef\u00fchrt wird, entspannt die Magenmuskulatur und sorgt f\u00fcr ein schnelleres S\u00e4ttigungsgef\u00fchl, wodurch eine Tendenz entsteht, weniger zu essen. Botox f\u00fcr den Magen ist eine ideale Option f\u00fcr Personen, die keinen chirurgischen Eingriff w\u00fcnschen und den Prozess der Gewichtsabnahme unterst\u00fctzen m\u00f6chten. Da der Gesundheitszustand jedes Einzelnen jedoch unterschiedlich ist, ist es wichtig, einen Facharzt \u00fcber die Eignung der Anwendung von Magenbotox zu befragen.\u00a0<\/span><\/p><h2><span style=\"font-weight: 400;\">Was ist Magenbotox und wie wird es angewendet?<\/span><\/h2><p><span style=\"font-weight: 400;\">Magenbotox ist ein \u00e4sthetischer Eingriff, der zur Relaxierung der Magenmuskulatur durchgef\u00fchrt wird. Bei diesem Verfahren wird Botulinumtoxin in den Magen injiziert. Botox verlangsamt die Passage der Nahrung in den Magen, indem es die Muskeln entspannt und das S\u00e4ttigungsgef\u00fchl erh\u00f6ht. Die Anwendung von Botox im Magen wird im Allgemeinen von Personen bevorzugt, die Fettleibigkeit behandeln oder eine Gewichtsabnahme erreichen wollen. Die Anwendung erfolgt in der Regel \u00fcber einen endoskopischen Eingriff im Bauchraum und ist eine minimalinvasive Methode.<\/span><\/p><h2><span style=\"font-weight: 400;\">Ist es m\u00f6glich, mit Magen-Botox eine Gewichtsabnahme zu erreichen?<\/span><\/h2><p><span style=\"font-weight: 400;\">Magen-Botox f\u00fchrt nicht direkt zu einer Gewichtsabnahme, f\u00f6rdert aber effektiv die Gewichtsabnahme. Botox verkleinert den Magen vor\u00fcbergehend und f\u00fchrt zu einem schnelleren S\u00e4ttigungsgef\u00fchl nach dem Essen. Dies erm\u00f6glicht es den Menschen, weniger zu essen. Durch die Anwendung von Magenbotox kann der Betroffene im Laufe der Zeit Gewicht verlieren, indem er die Menge der Portionen reduziert. Allerdings sind eine ausgewogene Ern\u00e4hrung und sportliche Bet\u00e4tigung erforderlich, damit dieser Prozess erfolgreich ist.<\/span><\/p><h2><span style=\"font-weight: 400;\">F\u00fcr wen ist Magenbotox geeignet?<\/span><\/h2><p><span style=\"font-weight: 400;\">Magen-Botox ist eine ideale Option f\u00fcr Menschen, die f\u00fcr eine Adipositas-Behandlung geeignet sind, aber keinen chirurgischen Eingriff w\u00fcnschen. Dar\u00fcber hinaus k\u00f6nnen auch Menschen, die keine \u00fcberm\u00e4\u00dfigen Gewichtsprobleme haben, aber Schwierigkeiten haben, \u00fcberm\u00e4\u00dfiges Essen zu kontrollieren, von dieser Anwendung profitieren. Die Anwendung von Magenbotox wird jedoch nicht bei Menschen mit Magenproblemen (z. B. Magengeschw\u00fcr, Gastritis) durchgef\u00fchrt. Es ist wichtig, dass Personen mit gesundheitlichen Problemen vor der Anwendung ihren Arzt konsultieren.<\/span><\/p><h2><span style=\"font-weight: 400;\">Wie lange ist Magen-Botox wirksam?<\/span><\/h2><p><span style=\"font-weight: 400;\">Die Wirkung einer Magenbotox-Anwendung h\u00e4lt in der Regel zwischen 6 und 12 Monaten an. W\u00e4hrend dieser Zeit bleiben die Magenmuskeln locker und das S\u00e4ttigungsgef\u00fchl h\u00e4lt an. Die Dauer der Wirkung kann jedoch von Person zu Person variieren, und bei einigen Personen kann dieser Zeitraum k\u00fcrzer oder l\u00e4nger sein. Nach dem Abklingen der Wirkung kann Botox erneut angewendet werden.<\/span><\/p><h2><span style=\"font-weight: 400;\">Wie funktioniert der Schlankheitsprozess mit Magen-Botox?<\/span><\/h2><p><span style=\"font-weight: 400;\">Der Schlankheitsprozess mit Magenbotox beginnt mit einer vor\u00fcbergehenden Schrumpfung des Magens. Botulinumtoxin l\u00e4hmt vor\u00fcbergehend die Magenmuskeln, wodurch sich der Magen weniger zusammenzieht. Dies hat zur Folge, dass man sich nach dem Essen schneller satt f\u00fchlt und weniger isst. Die Gewichtsabnahme mit Magenbotox sollte durch eine ausgewogene Ern\u00e4hrung und sportliche Bet\u00e4tigung unterst\u00fctzt werden, in der Regel in Kombination mit anderen Methoden zur Gewichtsabnahme.<\/span><\/p><h2><span style=\"font-weight: 400;\">Welche Nebenwirkungen hat die Anwendung von Magen-Botox?<\/span><\/h2><p><span style=\"font-weight: 400;\">Botox f\u00fcr den Magen ist im Allgemeinen ein sicheres Verfahren, aber es k\u00f6nnen einige Nebenwirkungen auftreten. Zu den h\u00e4ufigsten Nebenwirkungen geh\u00f6ren \u00dcbelkeit, Bauchschmerzen und Bl\u00e4hungen. Bei manchen Menschen k\u00f6nnen auch Verdauungsprobleme oder Verdauungsst\u00f6rungen auftreten. Diese Nebenwirkungen sind in der Regel vor\u00fcbergehend und verschwinden innerhalb weniger Tage nach dem Eingriff. In seltenen F\u00e4llen k\u00f6nnen auch schwerwiegende Nebenwirkungen auftreten, daher ist es wichtig, dass Sie vor dem Eingriff ein ausf\u00fchrliches Gespr\u00e4ch mit Ihrem Arzt f\u00fchren.<\/span><\/p><h2><span style=\"font-weight: 400;\">Was sollte vor und nach der Anwendung von Magen-Botox beachtet werden?<\/span><\/h2><p><span style=\"font-weight: 400;\">Vor der Anwendung von Magenbotox wird der allgemeine Gesundheitszustand der Person beurteilt und gepr\u00fcft, ob ein gesundheitliches Problem vorliegt. Wenn man vor der Anwendung auf eine ausreichende Fl\u00fcssigkeitszufuhr achtet, kann sich der Magen entspannen. Nach der Anwendung wird empfohlen, f\u00fcr einige Tage auf schwere Mahlzeiten und Alkoholkonsum zu verzichten. Au\u00dferdem ist es wichtig, die eigenen Essgewohnheiten zu \u00fcberpr\u00fcfen und einen gesunden Ern\u00e4hrungsplan aufzustellen.<\/span><\/p><h2><span style=\"font-weight: 400;\">Wie kann man das Volumen des Magens mit Magen-Botox reduzieren?<\/span><\/h2><p><span style=\"font-weight: 400;\">Magenbotox ist ein Effekt, der den Magen vor\u00fcbergehend schrumpfen l\u00e4sst. Botulinumtoxin wird in die Magenmuskulatur injiziert, wodurch sich die Magenmuskeln entspannen. Diese Entspannung f\u00fchrt zu einem geringeren Fassungsverm\u00f6gen des Magens. Die Schrumpfung des Magenvolumens f\u00fchrt zu einem schnelleren S\u00e4ttigungsgef\u00fchl nach einer Mahlzeit, so dass der Betroffene weniger isst.<\/span><\/p><h2><span style=\"font-weight: 400;\">Wie wird das S\u00e4ttigungsgef\u00fchl durch Magen-Botox verst\u00e4rkt?<\/span><\/h2><p><span style=\"font-weight: 400;\">Magen-Botox erh\u00f6ht das S\u00e4ttigungsgef\u00fchl, indem es die motorischen Funktionen des Magens beeinflusst. Wenn sich die Magenmuskeln entspannen, wird die Nahrung langsamer verdaut, wodurch man l\u00e4nger satt bleibt. Dar\u00fcber hinaus wird auch die Magenentleerung verlangsamt, so dass das S\u00e4ttigungsgef\u00fchl nach dem Essen l\u00e4nger anh\u00e4lt. Dieser Effekt kann besonders f\u00fcr Menschen von Vorteil sein, die zu \u00fcberm\u00e4\u00dfigem Essen neigen.<\/span><\/p><h2><span style=\"font-weight: 400;\">F\u00fcr wen ist die Anwendung von Botox im Magen nicht geeignet?<\/span><\/h2><p><span style=\"font-weight: 400;\">Magen-Botox wird nicht bei Menschen mit bestimmten gesundheitlichen Problemen angewendet. Erkrankungen wie Magengeschw\u00fcre, Gastritis, Schwangerschaft oder Stillzeit, chirurgische Eingriffe am Magen oder schwere Herz-Kreislauf-Erkrankungen k\u00f6nnen ein Hindernis f\u00fcr die Anwendung von Magenbotox darstellen. Vor der Anwendung sollte das Einverst\u00e4ndnis Ihres Arztes eingeholt werden.<\/span><\/p>\t\t\t\t\t\t\t\t<\/div>\n\t\t\t\t<\/div>\n\t\t\t\t\t<\/div>\n\t\t\t\t<\/div>\n\t\t\t\t<\/div>","protected":false},"excerpt":{"rendered":"<p>Ortalama Kal\u0131\u015f S\u00fcresi 7 G\u00fcn Hastanede Yat\u0131\u015f S\u00fcresi 1 G\u00fcn Operasyon S\u00fcresi 2-4 Saat Anestezi T\u00fcr\u00fc Genel Anestezi \u0130yile\u015fme S\u00fcresi<\/p>","protected":false},"author":1,"featured_media":0,"parent":0,"menu_order":0,"comment_status":"closed","ping_status":"closed","template":"","meta":{"footnotes":""},"class_list":["post-27892","page","type-page","status-publish","hentry"],"_links":{"self":[{"href":"https:\/\/westestetik.com\/de\/wp-json\/wp\/v2\/pages\/27892","targetHints":{"allow":["GET"]}}],"collection":[{"href":"https:\/\/westestetik.com\/de\/wp-json\/wp\/v2\/pages"}],"about":[{"href":"https:\/\/westestetik.com\/de\/wp-json\/wp\/v2\/types\/page"}],"author":[{"embeddable":true,"href":"https:\/\/westestetik.com\/de\/wp-json\/wp\/v2\/users\/1"}],"replies":[{"embeddable":true,"href":"https:\/\/westestetik.com\/de\/wp-json\/wp\/v2\/comments?post=27892"}],"version-history":[{"count":10,"href":"https:\/\/westestetik.com\/de\/wp-json\/wp\/v2\/pages\/27892\/revisions"}],"predecessor-version":[{"id":30821,"href":"https:\/\/westestetik.com\/de\/wp-json\/wp\/v2\/pages\/27892\/revisions\/30821"}],"wp:attachment":[{"href":"https:\/\/westestetik.com\/de\/wp-json\/wp\/v2\/media?parent=27892"}],"curies":[{"name":"wp","href":"https:\/\/api.w.org\/{rel}","templated":true}]}}