{"id":27890,"date":"2024-12-02T23:35:16","date_gmt":"2024-12-02T23:35:16","guid":{"rendered":"https:\/\/westestetik.com\/?page_id=27890"},"modified":"2024-12-26T15:00:16","modified_gmt":"2024-12-26T15:00:16","slug":"gastrik-sleeve","status":"publish","type":"page","link":"https:\/\/westestetik.com\/de\/gastrik-sleeve\/","title":{"rendered":"Gastrik Sleeve"},"content":{"rendered":"<div data-elementor-type=\"wp-page\" data-elementor-id=\"27890\" class=\"elementor elementor-27890\" data-elementor-post-type=\"page\">\n\t\t\t\t<div class=\"elementor-element elementor-element-ef449eb e-con-full elementor-hidden-mobile e-flex e-con e-parent\" data-id=\"ef449eb\" data-element_type=\"container\">\n\t\t<div class=\"elementor-element elementor-element-37d9371c e-con-full e-flex e-con e-child\" data-id=\"37d9371c\" data-element_type=\"container\">\n\t\t\t\t<div class=\"elementor-element elementor-element-6d1d5164 elementor-widget elementor-widget-image\" data-id=\"6d1d5164\" data-element_type=\"widget\" data-widget_type=\"image.default\">\n\t\t\t\t<div class=\"elementor-widget-container\">\n\t\t\t\t\t\t\t\t\t\t\t\t\t\t\t<img decoding=\"async\" width=\"100\" height=\"100\" src=\"https:\/\/westestetik.com\/wp-content\/uploads\/2024\/12\/1-4.png\" class=\"attachment-large size-large wp-image-28814\" alt=\"\" srcset=\"https:\/\/westestetik.com\/wp-content\/uploads\/2024\/12\/1-4.png 100w, https:\/\/westestetik.com\/wp-content\/uploads\/2024\/12\/1-4-12x12.png 12w\" sizes=\"(max-width: 100px) 100vw, 100px\" \/>\t\t\t\t\t\t\t\t\t\t\t\t\t\t\t<\/div>\n\t\t\t\t<\/div>\n\t\t\t\t<\/div>\n\t\t<div class=\"elementor-element elementor-element-34bb7990 e-con-full e-flex e-con e-child\" data-id=\"34bb7990\" data-element_type=\"container\">\n\t\t\t\t<div class=\"elementor-element elementor-element-61cec20 elementor-widget elementor-widget-image\" data-id=\"61cec20\" data-element_type=\"widget\" data-widget_type=\"image.default\">\n\t\t\t\t<div class=\"elementor-widget-container\">\n\t\t\t\t\t\t\t\t\t\t\t\t\t\t\t<img decoding=\"async\" width=\"100\" height=\"100\" src=\"https:\/\/westestetik.com\/wp-content\/uploads\/2024\/12\/2-5.png\" class=\"attachment-large size-large wp-image-28815\" alt=\"\" srcset=\"https:\/\/westestetik.com\/wp-content\/uploads\/2024\/12\/2-5.png 100w, https:\/\/westestetik.com\/wp-content\/uploads\/2024\/12\/2-5-12x12.png 12w\" sizes=\"(max-width: 100px) 100vw, 100px\" \/>\t\t\t\t\t\t\t\t\t\t\t\t\t\t\t<\/div>\n\t\t\t\t<\/div>\n\t\t\t\t<\/div>\n\t\t<div class=\"elementor-element elementor-element-362dcdb0 e-con-full e-flex e-con e-child\" data-id=\"362dcdb0\" data-element_type=\"container\">\n\t\t\t\t<div class=\"elementor-element elementor-element-1dff6ea9 elementor-widget elementor-widget-image\" data-id=\"1dff6ea9\" data-element_type=\"widget\" data-widget_type=\"image.default\">\n\t\t\t\t<div class=\"elementor-widget-container\">\n\t\t\t\t\t\t\t\t\t\t\t\t\t\t\t<img decoding=\"async\" width=\"100\" height=\"100\" src=\"https:\/\/westestetik.com\/wp-content\/uploads\/2024\/12\/3-1.png\" class=\"attachment-large size-large wp-image-28816\" alt=\"\" srcset=\"https:\/\/westestetik.com\/wp-content\/uploads\/2024\/12\/3-1.png 100w, https:\/\/westestetik.com\/wp-content\/uploads\/2024\/12\/3-1-12x12.png 12w\" sizes=\"(max-width: 100px) 100vw, 100px\" \/>\t\t\t\t\t\t\t\t\t\t\t\t\t\t\t<\/div>\n\t\t\t\t<\/div>\n\t\t\t\t<\/div>\n\t\t<div class=\"elementor-element elementor-element-6e74804b e-con-full e-flex e-con e-child\" data-id=\"6e74804b\" data-element_type=\"container\">\n\t\t\t\t<div class=\"elementor-element elementor-element-715d1580 elementor-widget elementor-widget-image\" data-id=\"715d1580\" data-element_type=\"widget\" data-widget_type=\"image.default\">\n\t\t\t\t<div class=\"elementor-widget-container\">\n\t\t\t\t\t\t\t\t\t\t\t\t\t\t\t<img loading=\"lazy\" decoding=\"async\" width=\"100\" height=\"100\" src=\"https:\/\/westestetik.com\/wp-content\/uploads\/2024\/12\/4-1.png\" class=\"attachment-large size-large wp-image-28817\" alt=\"\" srcset=\"https:\/\/westestetik.com\/wp-content\/uploads\/2024\/12\/4-1.png 100w, https:\/\/westestetik.com\/wp-content\/uploads\/2024\/12\/4-1-12x12.png 12w\" sizes=\"(max-width: 100px) 100vw, 100px\" \/>\t\t\t\t\t\t\t\t\t\t\t\t\t\t\t<\/div>\n\t\t\t\t<\/div>\n\t\t\t\t<\/div>\n\t\t<div class=\"elementor-element elementor-element-32b2aaba e-con-full e-flex e-con e-child\" data-id=\"32b2aaba\" data-element_type=\"container\">\n\t\t\t\t<div class=\"elementor-element elementor-element-45fcbf82 elementor-widget elementor-widget-image\" data-id=\"45fcbf82\" data-element_type=\"widget\" data-widget_type=\"image.default\">\n\t\t\t\t<div class=\"elementor-widget-container\">\n\t\t\t\t\t\t\t\t\t\t\t\t\t\t\t<img loading=\"lazy\" decoding=\"async\" width=\"100\" height=\"100\" src=\"https:\/\/westestetik.com\/wp-content\/uploads\/2024\/12\/5-1.png\" class=\"attachment-large size-large wp-image-28818\" alt=\"\" srcset=\"https:\/\/westestetik.com\/wp-content\/uploads\/2024\/12\/5-1.png 100w, https:\/\/westestetik.com\/wp-content\/uploads\/2024\/12\/5-1-12x12.png 12w\" sizes=\"(max-width: 100px) 100vw, 100px\" \/>\t\t\t\t\t\t\t\t\t\t\t\t\t\t\t<\/div>\n\t\t\t\t<\/div>\n\t\t\t\t<\/div>\n\t\t\t\t<\/div>\n\t\t<div class=\"wd-negative-gap elementor-element elementor-element-79a1eac0 elementor-hidden-mobile e-flex e-con-boxed e-con e-parent\" data-id=\"79a1eac0\" data-element_type=\"container\">\n\t\t\t\t\t<div class=\"e-con-inner\">\n\t\t<div class=\"elementor-element elementor-element-b5ca11c e-con-full e-flex e-con e-child\" data-id=\"b5ca11c\" data-element_type=\"container\">\n\t\t\t\t<div class=\"elementor-element elementor-element-4c82f45f wd-width-100 elementor-widget elementor-widget-wd_title\" data-id=\"4c82f45f\" data-element_type=\"widget\" data-widget_type=\"wd_title.default\">\n\t\t\t\t<div class=\"elementor-widget-container\">\n\t\t\t\t\t\t\t<div class=\"title-wrapper set-mb-s reset-last-child wd-title-color-default wd-title-style-default wd-title-size-default text-center\">\n\n\t\t\t\t\t\t\t<div class=\"title-subtitle subtitle-color-default subtitle-style-default wd-fontsize-xs\">\n\t\t\t\t\tDurchschnittliche Dauer des Aufenthalts\t\t\t\t<\/div>\n\t\t\t\n\t\t\t<div class=\"liner-continer\">\n\t\t\t\t<p class=\"woodmart-title-container title wd-fontsize-l\">7 Tage<\/p> \n\t\t\t\t\t\t\t<\/div>\n\n\t\t\t\t\t<\/div>\n\t\t\t\t\t\t<\/div>\n\t\t\t\t<\/div>\n\t\t\t\t<\/div>\n\t\t<div class=\"elementor-element elementor-element-2ba64e17 e-con-full e-flex e-con e-child\" data-id=\"2ba64e17\" data-element_type=\"container\">\n\t\t\t\t<div class=\"elementor-element elementor-element-659d88e9 wd-width-100 elementor-widget elementor-widget-wd_title\" data-id=\"659d88e9\" data-element_type=\"widget\" data-widget_type=\"wd_title.default\">\n\t\t\t\t<div class=\"elementor-widget-container\">\n\t\t\t\t\t\t\t<div class=\"title-wrapper set-mb-s reset-last-child wd-title-color-default wd-title-style-default wd-title-size-default text-center\">\n\n\t\t\t\t\t\t\t<div class=\"title-subtitle subtitle-color-default subtitle-style-default wd-fontsize-xs\">\n\t\t\t\t\tDauer des Krankenhausaufenthalts\t\t\t\t<\/div>\n\t\t\t\n\t\t\t<div class=\"liner-continer\">\n\t\t\t\t<p class=\"woodmart-title-container title wd-fontsize-l\">1 Tag<\/p> \n\t\t\t\t\t\t\t<\/div>\n\n\t\t\t\t\t<\/div>\n\t\t\t\t\t\t<\/div>\n\t\t\t\t<\/div>\n\t\t\t\t<\/div>\n\t\t<div class=\"elementor-element elementor-element-495f97d3 e-con-full e-flex e-con e-child\" data-id=\"495f97d3\" data-element_type=\"container\">\n\t\t\t\t<div class=\"elementor-element elementor-element-7f7f2981 wd-width-100 elementor-widget elementor-widget-wd_title\" data-id=\"7f7f2981\" data-element_type=\"widget\" data-widget_type=\"wd_title.default\">\n\t\t\t\t<div class=\"elementor-widget-container\">\n\t\t\t\t\t\t\t<div class=\"title-wrapper set-mb-s reset-last-child wd-title-color-default wd-title-style-default wd-title-size-default text-center\">\n\n\t\t\t\t\t\t\t<div class=\"title-subtitle subtitle-color-default subtitle-style-default wd-fontsize-xs\">\n\t\t\t\t\tOperation Dauer\t\t\t\t<\/div>\n\t\t\t\n\t\t\t<div class=\"liner-continer\">\n\t\t\t\t<p class=\"woodmart-title-container title wd-fontsize-l\">2-4 Stunden<\/p> \n\t\t\t\t\t\t\t<\/div>\n\n\t\t\t\t\t<\/div>\n\t\t\t\t\t\t<\/div>\n\t\t\t\t<\/div>\n\t\t\t\t<\/div>\n\t\t<div class=\"elementor-element elementor-element-4c5d8ebe e-con-full e-flex e-con e-child\" data-id=\"4c5d8ebe\" data-element_type=\"container\">\n\t\t\t\t<div class=\"elementor-element elementor-element-56ff3865 wd-width-100 elementor-widget elementor-widget-wd_title\" data-id=\"56ff3865\" data-element_type=\"widget\" data-widget_type=\"wd_title.default\">\n\t\t\t\t<div class=\"elementor-widget-container\">\n\t\t\t\t\t\t\t<div class=\"title-wrapper set-mb-s reset-last-child wd-title-color-default wd-title-style-default wd-title-size-default text-center\">\n\n\t\t\t\t\t\t\t<div class=\"title-subtitle subtitle-color-default subtitle-style-default wd-fontsize-xs\">\n\t\t\t\t\tAn\u00e4sthesie Typ\t\t\t\t<\/div>\n\t\t\t\n\t\t\t<div class=\"liner-continer\">\n\t\t\t\t<p class=\"woodmart-title-container title wd-fontsize-l\">Allgemeine An\u00e4sthesie<\/p> \n\t\t\t\t\t\t\t<\/div>\n\n\t\t\t\t\t<\/div>\n\t\t\t\t\t\t<\/div>\n\t\t\t\t<\/div>\n\t\t\t\t<\/div>\n\t\t<div class=\"elementor-element elementor-element-1cb826ef e-con-full e-flex e-con e-child\" data-id=\"1cb826ef\" data-element_type=\"container\">\n\t\t\t\t<div class=\"elementor-element elementor-element-50ccacf3 wd-width-100 elementor-widget elementor-widget-wd_title\" data-id=\"50ccacf3\" data-element_type=\"widget\" data-widget_type=\"wd_title.default\">\n\t\t\t\t<div class=\"elementor-widget-container\">\n\t\t\t\t\t\t\t<div class=\"title-wrapper set-mb-s reset-last-child wd-title-color-default wd-title-style-default wd-title-size-default text-center\">\n\n\t\t\t\t\t\t\t<div class=\"title-subtitle subtitle-color-default subtitle-style-default wd-fontsize-xs\">\n\t\t\t\t\tErholungszeit\t\t\t\t<\/div>\n\t\t\t\n\t\t\t<div class=\"liner-continer\">\n\t\t\t\t<p class=\"woodmart-title-container title wd-fontsize-l\">1-2 Wochen<\/p> \n\t\t\t\t\t\t\t<\/div>\n\n\t\t\t\t\t<\/div>\n\t\t\t\t\t\t<\/div>\n\t\t\t\t<\/div>\n\t\t\t\t<\/div>\n\t\t\t\t\t<\/div>\n\t\t\t\t<\/div>\n\t\t<div class=\"wd-negative-gap elementor-element elementor-element-ea4a277 e-flex e-con-boxed e-con e-parent\" data-id=\"ea4a277\" data-element_type=\"container\">\n\t\t\t\t\t<div class=\"e-con-inner\">\n\t\t\t\t<div class=\"elementor-element elementor-element-ea8e010 color-scheme-inherit text-left elementor-widget elementor-widget-text-editor\" data-id=\"ea8e010\" data-element_type=\"widget\" data-widget_type=\"text-editor.default\">\n\t\t\t\t<div class=\"elementor-widget-container\">\n\t\t\t\t\t\t\t\t\t<p><span style=\"font-weight: 400;\">Die Sleeve-Gastrektomie ist ein chirurgischer Eingriff, der eine wirksame L\u00f6sung f\u00fcr Menschen mit \u00dcbergewicht und Adipositas bietet. Heute ist sie eine bevorzugte Option f\u00fcr viele Menschen, die eine gesunde Gewichtsabnahme erreichen und das Risiko fettleibigkeitsbedingter Krankheiten verringern m\u00f6chten. Bei dieser Operation wird ein gro\u00dfer Teil des Magens entfernt und zu einem kleineren Schlauch geformt. Dadurch wird die Aufnahmef\u00e4higkeit eingeschr\u00e4nkt und die Person wird mit einer geringeren Menge an Nahrung satt. Die Magenschlauchoperation beschleunigt nicht nur die Gewichtsabnahme, sondern verbessert auch den allgemeinen Gesundheitszustand und die Lebensqualit\u00e4t.<\/span><\/p><h2><span style=\"font-weight: 400;\">Was ist die Gastric Sleeve Gastrectomy?<\/span><\/h2><p><span style=\"font-weight: 400;\">Die Sleeve-Gastrektomie ist ein h\u00e4ufig bevorzugtes chirurgisches Verfahren zur Behandlung von Fettleibigkeit. Bei diesem Eingriff wird der Magen schlauchf\u00f6rmig verkleinert, so dass die Person mit weniger Nahrung satt wird und die Kalorienzufuhr deutlich reduziert wird. Bei der Magenmanschette wird ein gro\u00dfer Teil des Magens entfernt, um den Patienten bei der Gewichtsabnahme zu helfen, aber er funktioniert weiterhin, ohne das Verdauungssystem zu beeintr\u00e4chtigen.<\/span><\/p><h2><span style=\"font-weight: 400;\">Bei wem kann eine Sleeve-Gastrektomie durchgef\u00fchrt werden?<\/span><\/h2><p><span style=\"font-weight: 400;\">Die Operation der Sleeve-Gastrektomie ist eine geeignete Option f\u00fcr Personen, die generell Probleme mit \u00dcbergewicht haben und mit Di\u00e4t und Sport nicht abnehmen k\u00f6nnen. Medizinisch gesehen kann sie bei Menschen mit einem Body-Mass-Index (BMI) von 40 und mehr oder mit einem BMI zwischen 35 und 40 angewendet werden, die gesundheitliche Probleme im Zusammenhang mit Fettleibigkeit haben. Dar\u00fcber hinaus ist die Sleeve-Gastrektomie eine der wirksamsten L\u00f6sungen f\u00fcr Personen, die sich in einem guten Gesundheitszustand befinden und bereit sind, ihren Lebensstil vor und nach dem Eingriff zu \u00e4ndern.<\/span><\/p><h2><span style=\"font-weight: 400;\">Was sind die Vorteile der Gastric Sleeve Gastrectomy?<\/span><\/h2><p><span style=\"font-weight: 400;\">Die Operation der Sleeve-Gastrektomie f\u00fchrt nicht nur zu einer Gewichtsabnahme, sondern kann auch die mit der Fettleibigkeit verbundenen Gesundheitsprobleme verbessern. Sie kann dazu beitragen, Krankheiten wie Bluthochdruck, Diabetes, Schlafapnoe und Gelenkprobleme zu verringern. Dar\u00fcber hinaus erm\u00f6glicht die Sleeve-Gastrektomie den Patienten eine ges\u00fcndere Lebensweise und verbessert ihre Lebensqualit\u00e4t. Die Gewichtsabnahme tr\u00e4gt auch zur psychischen Genesung bei.<\/span><\/p><h2><span style=\"font-weight: 400;\">Wie wird die Gastric Sleeve Gastrectomy Operation durchgef\u00fchrt?<\/span><\/h2><p><span style=\"font-weight: 400;\">Die Operation der Sleeve-Gastrektomie wird laparoskopisch durchgef\u00fchrt. Das hei\u00dft, es werden kleine Schnitte in den Bauch gemacht und der Eingriff wird mit Hilfe einer Kamera und chirurgischer Instrumente durchgef\u00fchrt. Der Chirurg entfernt den gr\u00f6\u00dften Teil des Magens und l\u00e4sst nur einen schlauchf\u00f6rmigen Magen zur\u00fcck. Dieser Schlauchmagen sorgt f\u00fcr ein schnelleres S\u00e4ttigungsgef\u00fchl und beschleunigt die Gewichtsabnahme. Die Operation dauert in der Regel 1 bis 2 Stunden, und der Patient kann innerhalb weniger Tage entlassen werden.<\/span><\/p><h2><span style=\"font-weight: 400;\">Wie lange dauert die Genesung nach einer Sleeve-Gastrektomie?<\/span><\/h2><p><span style=\"font-weight: 400;\">Obwohl der Genesungsprozess nach einer Sleeve-Gastrektomie von Person zu Person unterschiedlich verl\u00e4uft, werden die meisten Patienten bereits nach wenigen Tagen entlassen. In den ersten Wochen sollten sich die Patienten auf leichte T\u00e4tigkeiten beschr\u00e4nken und schwere k\u00f6rperliche Anstrengungen vermeiden. Nach der Operation dauert der Genesungsprozess in der Regel 1 bis 2 Monate, und die Patienten beginnen, ihr normales Leben wieder aufzunehmen. Die vollst\u00e4ndige Genesung und Gewichtsabnahme kann jedoch Jahre dauern.<\/span><\/p><h2><span style=\"font-weight: 400;\">Wie sollte die Ern\u00e4hrung nach einer Gastric Sleeve Gastrectomy aussehen?<\/span><\/h2><p><span style=\"font-weight: 400;\">Die Ern\u00e4hrung nach einer Sleeve-Gastrektomie ist entscheidend f\u00fcr einen erfolgreichen Genesungsprozess. In der ersten Phase werden die Patienten auf fl\u00fcssige Nahrung umgestellt. Danach wird die Ern\u00e4hrung schrittweise auf weiche und feste Nahrung umgestellt. Empfohlen werden 5-6 kleine Mahlzeiten pro Tag, wobei die Portionen erheblich verkleinert werden. Bevorzugt werden sollten eiwei\u00dfreiche, kalorienarme Lebensmittel. Au\u00dferdem ist es wichtig, viel Wasser zu trinken und Vitaminpr\u00e4parate einzunehmen.<\/span><\/p><h2><span style=\"font-weight: 400;\">Was sind die Risiken und Nebenwirkungen der Gastric Sleeve Gastrectomy?<\/span><\/h2><p><span style=\"font-weight: 400;\">Wie andere chirurgische Eingriffe birgt auch die Magenmanschettenoperation einige Risiken. Dazu geh\u00f6ren Infektionen, Blutungen, allergische Reaktionen auf die An\u00e4sthesie, Magenausfluss und Ern\u00e4hrungsm\u00e4ngel. Dar\u00fcber hinaus k\u00f6nnen einige Patienten nach der Operation unter \u00dcbelkeit, Erbrechen und Bl\u00e4hungen leiden. Diese Risiken lassen sich jedoch in der Regel durch einen angemessenen, von einem spezialisierten Chirurgen durchgef\u00fchrten Eingriff minimieren.<\/span><\/p><h2><span style=\"font-weight: 400;\">Welche Tests werden bei der Gastric Sleeve Gastrectomy durchgef\u00fchrt?<\/span><\/h2><p><span style=\"font-weight: 400;\">Bevor Sie sich f\u00fcr eine Sleeve-Gastrektomie entscheiden, sind eine Reihe von Tests und Untersuchungen erforderlich. Diese Tests sind wichtig, um den allgemeinen Gesundheitszustand zu beurteilen, die Eignung f\u00fcr die Operation festzustellen und m\u00f6gliche Komplikationen im Voraus zu erkennen. Es k\u00f6nnen Tests wie Bluttests, Echokardiogramme, Lungenfunktionstests und eine Magenendoskopie durchgef\u00fchrt werden. Auch der psychische Zustand des Patienten wird beurteilt.<\/span><\/p><h2><span style=\"font-weight: 400;\">Wann kann ich nach einer Gastric Sleeve Gastrektomie wieder am gesellschaftlichen Leben teilnehmen?<\/span><\/h2><p><span style=\"font-weight: 400;\">Die R\u00fcckkehr ins gesellschaftliche Leben nach einer Sleeve-Gastrektomie h\u00e4ngt vom Genesungsprozess ab. Die meisten Patienten k\u00f6nnen innerhalb weniger Tage zur Arbeit oder in die Schule zur\u00fcckkehren. Es kann jedoch notwendig sein, 1-2 Wochen zu warten, um k\u00f6rperlich aktiver zu sein. Bevor Sie mit intensiven \u00dcbungen und schwerer Arbeit beginnen, sollten Sie sich an die Empfehlungen des Arztes halten.<\/span><\/p><h2><span style=\"font-weight: 400;\">Wie funktioniert der Abnehmprozess bei der Gastric Sleeve Gastrectomy?<\/span><\/h2><p><span style=\"font-weight: 400;\">Die Operation der Sleeve-Gastrektomie f\u00fchrt in den ersten Monaten zu einem schnellen Gewichtsverlust. Bereits wenige Wochen nach der Operation beginnen die Betroffenen, deutlich an Gewicht zu verlieren. Die Gewichtsabnahme setzt sich mit der Verkleinerung des Magenvolumens und der begrenzten Kalorienzufuhr fort. Allerdings sollten auch gesunde Ern\u00e4hrungs- und Bewegungsgewohnheiten angenommen werden, damit der Gewichtsverlust kontinuierlich ist.<\/span><\/p><h2><span style=\"font-weight: 400;\">Di\u00e4tprogramm nach der Gastric Sleeve Gastrectomy<\/span><\/h2><p><span style=\"font-weight: 400;\">Das Di\u00e4tprogramm, das nach einer Sleeve-Gastrektomie einzuhalten ist, wird in der Regel von Chirurgen und Ern\u00e4hrungsberatern individuell erstellt. Das Di\u00e4tprogramm sollte Lebensmittel mit wenig Kalorien und hohem N\u00e4hrwert enthalten. Die Einnahme von Eiwei\u00df-, Vitamin- und Mineralstoffpr\u00e4paraten unterst\u00fctzt den Prozess der Gewichtsabnahme. Au\u00dferdem wird den Patienten geraten, langsam zu essen, gut zu kauen und sich nicht zu \u00fcberessen.<\/span><\/p><h2><span style=\"font-weight: 400;\">Wie hoch sind die Preise f\u00fcr die Gastric Sleeve Gastrectomy?<\/span><\/h2><p><span style=\"font-weight: 400;\">Die Preise f\u00fcr Schlauchmagenoperationen k\u00f6nnen von vielen Faktoren abh\u00e4ngen. Faktoren wie die Erfahrung des Chirurgen, die Wahl des Krankenhauses oder der Klinik, die verwendete Technik und der Gesundheitszustand des Patienten k\u00f6nnen den Preis beeinflussen. Auch zus\u00e4tzliche Untersuchungen, die w\u00e4hrend der Behandlung durchgef\u00fchrt werden m\u00fcssen, und Nachsorgeleistungen sind Faktoren, die den Preis beeinflussen. Es sollte jedoch nicht vergessen werden, dass die Sleeve-Gastrektomie langfristig die Gesundheitskosten senken kann.<\/span><\/p><h2><span style=\"font-weight: 400;\">Welche Medikamente sollten nach einer Sleeve-Gastrektomie eingenommen werden?<\/span><\/h2><p><span style=\"font-weight: 400;\">Nach einer Sleeve-Gastrektomie m\u00fcssen die Patienten in der Regel Schmerzmittel und gastroprotektive Medikamente einnehmen. Es ist auch notwendig, Vitamin- und Mineralstoffpr\u00e4parate einzunehmen, da es f\u00fcr den K\u00f6rper schwierig sein kann, bestimmte N\u00e4hrstoffe aufzunehmen, weil ein kleiner Teil des Magens entfernt wurde. Diese Pr\u00e4parate unterst\u00fctzen die Patienten dabei, auf gesunde Weise abzunehmen.<\/span><\/p><h2><span style=\"font-weight: 400;\">Wer ist f\u00fcr eine Sleeve-Gastrektomie nicht geeignet?<\/span><\/h2><p><span style=\"font-weight: 400;\">Die Sleeve-Gastrektomie ist m\u00f6glicherweise f\u00fcr manche Menschen nicht geeignet. Die Operation der Magenh\u00fclse wird nicht empfohlen f\u00fcr Menschen mit schweren gesundheitlichen Problemen wie Schwangerschaft, schweren Herzerkrankungen, Krebs oder psychiatrischen Erkrankungen. Auch f\u00fcr Personen mit \u00fcberm\u00e4\u00dfigem Alkohol- und Zigarettenkonsum ist diese Operation nicht zu empfehlen. Vor der Operation sollte der allgemeine Gesundheitszustand der Patienten eingehend untersucht werden.<\/span><\/p><p>\u00a0<\/p>\t\t\t\t\t\t\t\t<\/div>\n\t\t\t\t<\/div>\n\t\t\t\t\t<\/div>\n\t\t\t\t<\/div>\n\t\t\t\t<\/div>","protected":false},"excerpt":{"rendered":"<p>Ortalama Kal\u0131\u015f S\u00fcresi 7 G\u00fcn Hastanede Yat\u0131\u015f S\u00fcresi 1 G\u00fcn Operasyon S\u00fcresi 2-4 Saat Anestezi T\u00fcr\u00fc Genel Anestezi \u0130yile\u015fme S\u00fcresi<\/p>","protected":false},"author":1,"featured_media":0,"parent":0,"menu_order":0,"comment_status":"closed","ping_status":"closed","template":"","meta":{"footnotes":""},"class_list":["post-27890","page","type-page","status-publish","hentry"],"_links":{"self":[{"href":"https:\/\/westestetik.com\/de\/wp-json\/wp\/v2\/pages\/27890","targetHints":{"allow":["GET"]}}],"collection":[{"href":"https:\/\/westestetik.com\/de\/wp-json\/wp\/v2\/pages"}],"about":[{"href":"https:\/\/westestetik.com\/de\/wp-json\/wp\/v2\/types\/page"}],"author":[{"embeddable":true,"href":"https:\/\/westestetik.com\/de\/wp-json\/wp\/v2\/users\/1"}],"replies":[{"embeddable":true,"href":"https:\/\/westestetik.com\/de\/wp-json\/wp\/v2\/comments?post=27890"}],"version-history":[{"count":13,"href":"https:\/\/westestetik.com\/de\/wp-json\/wp\/v2\/pages\/27890\/revisions"}],"predecessor-version":[{"id":29013,"href":"https:\/\/westestetik.com\/de\/wp-json\/wp\/v2\/pages\/27890\/revisions\/29013"}],"wp:attachment":[{"href":"https:\/\/westestetik.com\/de\/wp-json\/wp\/v2\/media?parent=27890"}],"curies":[{"name":"wp","href":"https:\/\/api.w.org\/{rel}","templated":true}]}}