{"id":27885,"date":"2024-12-02T23:34:45","date_gmt":"2024-12-02T23:34:45","guid":{"rendered":"https:\/\/westestetik.com\/?page_id=27885"},"modified":"2024-12-26T14:59:32","modified_gmt":"2024-12-26T14:59:32","slug":"magenbypass","status":"publish","type":"page","link":"https:\/\/westestetik.com\/de\/magenbypass\/","title":{"rendered":"Magenbypass"},"content":{"rendered":"<div data-elementor-type=\"wp-page\" data-elementor-id=\"27885\" class=\"elementor elementor-27885\" data-elementor-post-type=\"page\">\n\t\t\t\t<div class=\"elementor-element elementor-element-28d9e0d7 e-con-full elementor-hidden-mobile e-flex e-con e-parent\" data-id=\"28d9e0d7\" data-element_type=\"container\">\n\t\t<div class=\"elementor-element elementor-element-7d75e3ea e-con-full e-flex e-con e-child\" data-id=\"7d75e3ea\" data-element_type=\"container\">\n\t\t\t\t<div class=\"elementor-element elementor-element-d2195a6 elementor-widget elementor-widget-image\" data-id=\"d2195a6\" data-element_type=\"widget\" data-widget_type=\"image.default\">\n\t\t\t\t<div class=\"elementor-widget-container\">\n\t\t\t\t\t\t\t\t\t\t\t\t\t\t\t<img decoding=\"async\" width=\"100\" height=\"100\" src=\"https:\/\/westestetik.com\/wp-content\/uploads\/2024\/12\/1-4.png\" class=\"attachment-large size-large wp-image-28814\" alt=\"\" srcset=\"https:\/\/westestetik.com\/wp-content\/uploads\/2024\/12\/1-4.png 100w, https:\/\/westestetik.com\/wp-content\/uploads\/2024\/12\/1-4-12x12.png 12w\" sizes=\"(max-width: 100px) 100vw, 100px\" \/>\t\t\t\t\t\t\t\t\t\t\t\t\t\t\t<\/div>\n\t\t\t\t<\/div>\n\t\t\t\t<\/div>\n\t\t<div class=\"elementor-element elementor-element-5d235fe4 e-con-full e-flex e-con e-child\" data-id=\"5d235fe4\" data-element_type=\"container\">\n\t\t\t\t<div class=\"elementor-element elementor-element-1914ce08 elementor-widget elementor-widget-image\" data-id=\"1914ce08\" data-element_type=\"widget\" data-widget_type=\"image.default\">\n\t\t\t\t<div class=\"elementor-widget-container\">\n\t\t\t\t\t\t\t\t\t\t\t\t\t\t\t<img decoding=\"async\" width=\"100\" height=\"100\" src=\"https:\/\/westestetik.com\/wp-content\/uploads\/2024\/12\/2-5.png\" class=\"attachment-large size-large wp-image-28815\" alt=\"\" srcset=\"https:\/\/westestetik.com\/wp-content\/uploads\/2024\/12\/2-5.png 100w, https:\/\/westestetik.com\/wp-content\/uploads\/2024\/12\/2-5-12x12.png 12w\" sizes=\"(max-width: 100px) 100vw, 100px\" \/>\t\t\t\t\t\t\t\t\t\t\t\t\t\t\t<\/div>\n\t\t\t\t<\/div>\n\t\t\t\t<\/div>\n\t\t<div class=\"elementor-element elementor-element-1c07c977 e-con-full e-flex e-con e-child\" data-id=\"1c07c977\" data-element_type=\"container\">\n\t\t\t\t<div class=\"elementor-element elementor-element-28c5b7f4 elementor-widget elementor-widget-image\" data-id=\"28c5b7f4\" data-element_type=\"widget\" data-widget_type=\"image.default\">\n\t\t\t\t<div class=\"elementor-widget-container\">\n\t\t\t\t\t\t\t\t\t\t\t\t\t\t\t<img decoding=\"async\" width=\"100\" height=\"100\" src=\"https:\/\/westestetik.com\/wp-content\/uploads\/2024\/12\/3-1.png\" class=\"attachment-large size-large wp-image-28816\" alt=\"\" srcset=\"https:\/\/westestetik.com\/wp-content\/uploads\/2024\/12\/3-1.png 100w, https:\/\/westestetik.com\/wp-content\/uploads\/2024\/12\/3-1-12x12.png 12w\" sizes=\"(max-width: 100px) 100vw, 100px\" \/>\t\t\t\t\t\t\t\t\t\t\t\t\t\t\t<\/div>\n\t\t\t\t<\/div>\n\t\t\t\t<\/div>\n\t\t<div class=\"elementor-element elementor-element-29db1df1 e-con-full e-flex e-con e-child\" data-id=\"29db1df1\" data-element_type=\"container\">\n\t\t\t\t<div class=\"elementor-element elementor-element-7c4ccd94 elementor-widget elementor-widget-image\" data-id=\"7c4ccd94\" data-element_type=\"widget\" data-widget_type=\"image.default\">\n\t\t\t\t<div class=\"elementor-widget-container\">\n\t\t\t\t\t\t\t\t\t\t\t\t\t\t\t<img loading=\"lazy\" decoding=\"async\" width=\"100\" height=\"100\" src=\"https:\/\/westestetik.com\/wp-content\/uploads\/2024\/12\/4-1.png\" class=\"attachment-large size-large wp-image-28817\" alt=\"\" srcset=\"https:\/\/westestetik.com\/wp-content\/uploads\/2024\/12\/4-1.png 100w, https:\/\/westestetik.com\/wp-content\/uploads\/2024\/12\/4-1-12x12.png 12w\" sizes=\"(max-width: 100px) 100vw, 100px\" \/>\t\t\t\t\t\t\t\t\t\t\t\t\t\t\t<\/div>\n\t\t\t\t<\/div>\n\t\t\t\t<\/div>\n\t\t<div class=\"elementor-element elementor-element-362862e e-con-full e-flex e-con e-child\" data-id=\"362862e\" data-element_type=\"container\">\n\t\t\t\t<div class=\"elementor-element elementor-element-1206f694 elementor-widget elementor-widget-image\" data-id=\"1206f694\" data-element_type=\"widget\" data-widget_type=\"image.default\">\n\t\t\t\t<div class=\"elementor-widget-container\">\n\t\t\t\t\t\t\t\t\t\t\t\t\t\t\t<img loading=\"lazy\" decoding=\"async\" width=\"100\" height=\"100\" src=\"https:\/\/westestetik.com\/wp-content\/uploads\/2024\/12\/5-1.png\" class=\"attachment-large size-large wp-image-28818\" alt=\"\" srcset=\"https:\/\/westestetik.com\/wp-content\/uploads\/2024\/12\/5-1.png 100w, https:\/\/westestetik.com\/wp-content\/uploads\/2024\/12\/5-1-12x12.png 12w\" sizes=\"(max-width: 100px) 100vw, 100px\" \/>\t\t\t\t\t\t\t\t\t\t\t\t\t\t\t<\/div>\n\t\t\t\t<\/div>\n\t\t\t\t<\/div>\n\t\t\t\t<\/div>\n\t\t<div class=\"wd-negative-gap elementor-element elementor-element-199476fb elementor-hidden-mobile e-flex e-con-boxed e-con e-parent\" data-id=\"199476fb\" data-element_type=\"container\">\n\t\t\t\t\t<div class=\"e-con-inner\">\n\t\t<div class=\"elementor-element elementor-element-14f10ffc e-con-full e-flex e-con e-child\" data-id=\"14f10ffc\" data-element_type=\"container\">\n\t\t\t\t<div class=\"elementor-element elementor-element-54121be2 wd-width-100 elementor-widget elementor-widget-wd_title\" data-id=\"54121be2\" data-element_type=\"widget\" data-widget_type=\"wd_title.default\">\n\t\t\t\t<div class=\"elementor-widget-container\">\n\t\t\t\t\t\t\t<div class=\"title-wrapper set-mb-s reset-last-child wd-title-color-default wd-title-style-default wd-title-size-default text-center\">\n\n\t\t\t\t\t\t\t<div class=\"title-subtitle subtitle-color-default subtitle-style-default wd-fontsize-xs\">\n\t\t\t\t\tDurchschnittliche Dauer des Aufenthalts\t\t\t\t<\/div>\n\t\t\t\n\t\t\t<div class=\"liner-continer\">\n\t\t\t\t<p class=\"woodmart-title-container title wd-fontsize-l\">7 Tage<\/p> \n\t\t\t\t\t\t\t<\/div>\n\n\t\t\t\t\t<\/div>\n\t\t\t\t\t\t<\/div>\n\t\t\t\t<\/div>\n\t\t\t\t<\/div>\n\t\t<div class=\"elementor-element elementor-element-1698edca e-con-full e-flex e-con e-child\" data-id=\"1698edca\" data-element_type=\"container\">\n\t\t\t\t<div class=\"elementor-element elementor-element-7b7c2499 wd-width-100 elementor-widget elementor-widget-wd_title\" data-id=\"7b7c2499\" data-element_type=\"widget\" data-widget_type=\"wd_title.default\">\n\t\t\t\t<div class=\"elementor-widget-container\">\n\t\t\t\t\t\t\t<div class=\"title-wrapper set-mb-s reset-last-child wd-title-color-default wd-title-style-default wd-title-size-default text-center\">\n\n\t\t\t\t\t\t\t<div class=\"title-subtitle subtitle-color-default subtitle-style-default wd-fontsize-xs\">\n\t\t\t\t\tDauer des Krankenhausaufenthalts\t\t\t\t<\/div>\n\t\t\t\n\t\t\t<div class=\"liner-continer\">\n\t\t\t\t<p class=\"woodmart-title-container title wd-fontsize-l\">1 Tag<\/p> \n\t\t\t\t\t\t\t<\/div>\n\n\t\t\t\t\t<\/div>\n\t\t\t\t\t\t<\/div>\n\t\t\t\t<\/div>\n\t\t\t\t<\/div>\n\t\t<div class=\"elementor-element elementor-element-264efc3f e-con-full e-flex e-con e-child\" data-id=\"264efc3f\" data-element_type=\"container\">\n\t\t\t\t<div class=\"elementor-element elementor-element-4800436e wd-width-100 elementor-widget elementor-widget-wd_title\" data-id=\"4800436e\" data-element_type=\"widget\" data-widget_type=\"wd_title.default\">\n\t\t\t\t<div class=\"elementor-widget-container\">\n\t\t\t\t\t\t\t<div class=\"title-wrapper set-mb-s reset-last-child wd-title-color-default wd-title-style-default wd-title-size-default text-center\">\n\n\t\t\t\t\t\t\t<div class=\"title-subtitle subtitle-color-default subtitle-style-default wd-fontsize-xs\">\n\t\t\t\t\tOperation Dauer\t\t\t\t<\/div>\n\t\t\t\n\t\t\t<div class=\"liner-continer\">\n\t\t\t\t<p class=\"woodmart-title-container title wd-fontsize-l\">2-4 Stunden<\/p> \n\t\t\t\t\t\t\t<\/div>\n\n\t\t\t\t\t<\/div>\n\t\t\t\t\t\t<\/div>\n\t\t\t\t<\/div>\n\t\t\t\t<\/div>\n\t\t<div class=\"elementor-element elementor-element-3d0368ae e-con-full e-flex e-con e-child\" data-id=\"3d0368ae\" data-element_type=\"container\">\n\t\t\t\t<div class=\"elementor-element elementor-element-2b1ee3fb wd-width-100 elementor-widget elementor-widget-wd_title\" data-id=\"2b1ee3fb\" data-element_type=\"widget\" data-widget_type=\"wd_title.default\">\n\t\t\t\t<div class=\"elementor-widget-container\">\n\t\t\t\t\t\t\t<div class=\"title-wrapper set-mb-s reset-last-child wd-title-color-default wd-title-style-default wd-title-size-default text-center\">\n\n\t\t\t\t\t\t\t<div class=\"title-subtitle subtitle-color-default subtitle-style-default wd-fontsize-xs\">\n\t\t\t\t\tAn\u00e4sthesie Typ\t\t\t\t<\/div>\n\t\t\t\n\t\t\t<div class=\"liner-continer\">\n\t\t\t\t<p class=\"woodmart-title-container title wd-fontsize-l\">Allgemeine An\u00e4sthesie<\/p> \n\t\t\t\t\t\t\t<\/div>\n\n\t\t\t\t\t<\/div>\n\t\t\t\t\t\t<\/div>\n\t\t\t\t<\/div>\n\t\t\t\t<\/div>\n\t\t<div class=\"elementor-element elementor-element-33ea24e0 e-con-full e-flex e-con e-child\" data-id=\"33ea24e0\" data-element_type=\"container\">\n\t\t\t\t<div class=\"elementor-element elementor-element-18361fec wd-width-100 elementor-widget elementor-widget-wd_title\" data-id=\"18361fec\" data-element_type=\"widget\" data-widget_type=\"wd_title.default\">\n\t\t\t\t<div class=\"elementor-widget-container\">\n\t\t\t\t\t\t\t<div class=\"title-wrapper set-mb-s reset-last-child wd-title-color-default wd-title-style-default wd-title-size-default text-center\">\n\n\t\t\t\t\t\t\t<div class=\"title-subtitle subtitle-color-default subtitle-style-default wd-fontsize-xs\">\n\t\t\t\t\tErholungszeit\t\t\t\t<\/div>\n\t\t\t\n\t\t\t<div class=\"liner-continer\">\n\t\t\t\t<p class=\"woodmart-title-container title wd-fontsize-l\">1-2 Wochen<\/p> \n\t\t\t\t\t\t\t<\/div>\n\n\t\t\t\t\t<\/div>\n\t\t\t\t\t\t<\/div>\n\t\t\t\t<\/div>\n\t\t\t\t<\/div>\n\t\t\t\t\t<\/div>\n\t\t\t\t<\/div>\n\t\t<div class=\"wd-negative-gap elementor-element elementor-element-d4c45e3 e-flex e-con-boxed e-con e-parent\" data-id=\"d4c45e3\" data-element_type=\"container\">\n\t\t\t\t\t<div class=\"e-con-inner\">\n\t\t\t\t<div class=\"elementor-element elementor-element-a1b6939 color-scheme-inherit text-left elementor-widget elementor-widget-text-editor\" data-id=\"a1b6939\" data-element_type=\"widget\" data-widget_type=\"text-editor.default\">\n\t\t\t\t<div class=\"elementor-widget-container\">\n\t\t\t\t\t\t\t\t\t<p><span style=\"font-weight: 400;\">Der Magenbypass als wirksame chirurgische Option bei der Behandlung von Fettleibigkeit ist ein Verfahren, das auf eine gesunde Gewichtsabnahme abzielt. Durch die Verkleinerung des Magens und die Verbindung mit dem D\u00fcnndarm erm\u00f6glicht dieser Eingriff eine geringere Kalorienaufnahme und damit eine schnelle Gewichtsabnahme. Der Magenbypass kann jedoch nicht nur zur Gewichtsabnahme, sondern auch zur Verringerung von Gesundheitsproblemen beitragen, die sich aufgrund von Fettleibigkeit entwickeln. Dieses Verfahren erm\u00f6glicht es Ihnen, mit der richtigen Ern\u00e4hrung, einer ver\u00e4nderten Lebensweise und regelm\u00e4\u00dfigen Nachuntersuchungen langfristige Ergebnisse zu erzielen.\u00a0<\/span><\/p><h2><span style=\"font-weight: 400;\">Was ist ein Magenbypass und f\u00fcr wen ist er geeignet?<\/span><\/h2><p><span style=\"font-weight: 400;\">Der Magenbypass ist eine wirksame chirurgische Methode zur Behandlung von Fettleibigkeit. Bei diesem Verfahren wird die Verdauung beschleunigt, indem der Magen verkleinert und eine direkte Verbindung zum D\u00fcnndarm hergestellt wird. Der Magenbypass eignet sich besonders f\u00fcr Personen mit krankhafter Fettleibigkeit, die mit Di\u00e4t und Sport nicht abnehmen k\u00f6nnen und ernsthafte gesundheitliche Probleme haben. Ziel der Operation ist eine dauerhafte Gewichtsabnahme f\u00fcr ein ges\u00fcnderes Leben.<\/span><\/p><h2><span style=\"font-weight: 400;\">Wie wird die Magenbypass-Operation durchgef\u00fchrt?<\/span><\/h2><p><span style=\"font-weight: 400;\">Der Magenbypass wird in der Regel mit der laparoskopischen (geschlossenen) Methode durchgef\u00fchrt. Bei dieser Methode werden kleine Schnitte in den Bauch gemacht und der Eingriff wird mit speziellen Instrumenten durchgef\u00fchrt. Der Magen wird in einen kleinen Beutel umgewandelt und dieser Beutel wird mit dem D\u00fcnndarm verbunden. Auf diese Weise \u00e4ndert sich die Passage der Nahrung, so dass weniger Kalorien aufgenommen werden und eine Gewichtsabnahme erreicht wird. Die laparoskopische Methode bietet eine schnellere Genesung und ein geringeres Infektionsrisiko.<\/span><\/p><h2><span style=\"font-weight: 400;\">Welche Ver\u00e4nderungen treten nach einem Magenbypass auf?<\/span><\/h2><p><span style=\"font-weight: 400;\">Nach einem Magenbypass sind sowohl physische als auch psychische Ver\u00e4nderungen zu beobachten. Zum einen wird durch die Verkleinerung des Magens ein S\u00e4ttigungsgef\u00fchl mit weniger Nahrung erreicht. Dar\u00fcber hinaus sollten die Patienten bei der Auswahl ihrer Lebensmittel vorsichtiger sein und eine gesunde, ausgewogene Ern\u00e4hrung beibehalten. Die postoperative Phase ist ein wichtiger Meilenstein f\u00fcr die Gewichtsabnahme und ein ges\u00fcnderes Leben. F\u00fcr den langfristigen Erfolg dieses Prozesses sind jedoch regelm\u00e4\u00dfige Nachkontrollen und \u00c4nderungen der Lebensweise erforderlich.<\/span><\/p><h2><span style=\"font-weight: 400;\">Vorbereitungsprozess vor der Magenbypass-Operation<\/span><\/h2><p><span style=\"font-weight: 400;\">Vor der Magenbypass-Operation m\u00fcssen sich die Patienten einer umfassenden medizinischen Untersuchung unterziehen. Durch eine k\u00f6rperliche Untersuchung, Bluttests und einige bildgebende Verfahren wird festgestellt, ob der Patient f\u00fcr einen chirurgischen Eingriff geeignet ist. Dar\u00fcber hinaus ist auch eine psychologische Beratung erforderlich, um festzustellen, ob der Patient psychisch f\u00fcr diese gro\u00dfe Ver\u00e4nderung bereit ist. Vor der Operation informieren der Ern\u00e4hrungsberater und der Chirurg ausf\u00fchrlich \u00fcber den Vorbereitungsprozess.<\/span><\/p><h2><span style=\"font-weight: 400;\">Wie lange dauert eine Magenbypass-Operation?<\/span><\/h2><p><span style=\"font-weight: 400;\">Eine Magenbypass-Operation dauert in der Regel zwischen 1,5 und 3 Stunden. Diese Zeit kann je nach dem allgemeinen Gesundheitszustand des Patienten, der Erfahrung des Chirurgen und den angewandten Methoden variieren. Bei der laparoskopischen Technik kann die Erholungszeit k\u00fcrzer sein. Nach der Operation bleiben die Patienten in der Regel einige Tage im Krankenhaus und erholen sich dann zu Hause.<\/span><\/p><h2><span style=\"font-weight: 400;\">Preise und Zahlungsm\u00f6glichkeiten f\u00fcr den Magenbypass<\/span><\/h2><p><span style=\"font-weight: 400;\">Die Preise f\u00fcr einen Magenbypass k\u00f6nnen je nach der Erfahrung des Chirurgen, der verwendeten Technologie und dem Standort des Krankenhauses variieren. In der Regel sind im Preis f\u00fcr den Eingriff der Krankenhausaufenthalt, die Medikamente und die Nachsorge enthalten. Es werden verschiedene Zahlungsm\u00f6glichkeiten angeboten, und einige Kliniken k\u00f6nnen auch Vertr\u00e4ge mit privaten Krankenversicherungen abschlie\u00dfen. Es ist wichtig, dass Sie sich f\u00fcr detaillierte Informationen an die Klinik wenden.<\/span><\/p><h2><span style=\"font-weight: 400;\">Schneller Gewichtsverlust und dauerhafte Ergebnisse mit dem Magenbypass<\/span><\/h2><p><span style=\"font-weight: 400;\">Der Magenbypass ist eine wirksame Methode, die einen schnellen Gewichtsverlust erm\u00f6glicht. Nach der Operation verlieren die Patienten in der Regel innerhalb des ersten Jahres eine gro\u00dfe Menge an Gewicht. Allerdings sind richtige Essgewohnheiten und regelm\u00e4\u00dfiger Sport notwendig, damit dieser Verlust dauerhaft ist. Der Magenbypass f\u00fchrt nicht nur zu einer Gewichtsabnahme, sondern kann auch die mit Fettleibigkeit verbundenen Gesundheitsprobleme wie Herzkrankheiten und Diabetes verringern.<\/span><\/p><h2><span style=\"font-weight: 400;\">Magenbypass-Risiken und m\u00f6gliche Nebenwirkungen<\/span><\/h2><p><span style=\"font-weight: 400;\">Wie jeder chirurgische Eingriff birgt auch die Magenbypass-Operation einige Risiken. Dazu k\u00f6nnen Infektionen, Blutungen, Reaktionen auf die Narkose und Darmverschluss geh\u00f6ren. Au\u00dferdem kann es bei einigen Patienten zu Vitaminmangel kommen. Diese Risiken k\u00f6nnen jedoch durch die Erfahrung des Chirurgen und eine angemessene postoperative Betreuung minimiert werden. Regelm\u00e4\u00dfige medizinische Nachsorge nach einem Magenbypass ist wichtig f\u00fcr die langfristige Gesundheit.<\/span><\/p><h2><span style=\"font-weight: 400;\">Ern\u00e4hrung und Di\u00e4tplan nach Magenbypass<\/span><\/h2><p><span style=\"font-weight: 400;\">Die Ern\u00e4hrung nach einem Magenbypass ist ein entscheidender Faktor f\u00fcr die Nachhaltigkeit der Gewichtsabnahme. Die Di\u00e4t, die in der ersten Zeit mit fl\u00fcssigen Lebensmitteln beginnt, geht mit der Zeit zu festen Lebensmitteln \u00fcber. Es ist wichtig, langsam zu essen, die Portionen zu kontrollieren und nahrhafte Lebensmittel zu bevorzugen. Ihr Di\u00e4tassistent wird einen individuellen Plan f\u00fcr Sie erstellen und Sie bei einer gesunden Gewichtsabnahme unterst\u00fctzen.<\/span><\/p><h2><span style=\"font-weight: 400;\">Wie lange dauert eine Magenbypass-Operation zur Gewichtsabnahme?<\/span><\/h2><p><span style=\"font-weight: 400;\">Obwohl der Gewichtsverlust nach einem Magenbypass je nach pers\u00f6nlichen Faktoren variiert, ist in den ersten 6 Monaten in der Regel ein schneller Gewichtsverlust zu beobachten. Bei j\u00e4hrlichen Nachuntersuchungen wird ein gesunder Gewichtsverlust angestrebt.<\/span><\/p><h2><span style=\"font-weight: 400;\">Kann ich nach einem Magenbypass Sport treiben?<\/span><\/h2><p><span style=\"font-weight: 400;\">In den ersten Wochen wird empfohlen, intensive sportliche Bet\u00e4tigung zu vermeiden. Sobald der Heilungsprozess jedoch abgeschlossen ist, f\u00f6rdert regelm\u00e4\u00dfige Bewegung die Gewichtsabnahme.<\/span><\/p>\t\t\t\t\t\t\t\t<\/div>\n\t\t\t\t<\/div>\n\t\t\t\t\t<\/div>\n\t\t\t\t<\/div>\n\t\t\t\t<\/div>","protected":false},"excerpt":{"rendered":"<p>Ortalama Kal\u0131\u015f S\u00fcresi 7 G\u00fcn Hastanede Yat\u0131\u015f S\u00fcresi 1 G\u00fcn Operasyon S\u00fcresi 2-4 Saat Anestezi T\u00fcr\u00fc Genel Anestezi \u0130yile\u015fme S\u00fcresi<\/p>","protected":false},"author":1,"featured_media":0,"parent":0,"menu_order":0,"comment_status":"closed","ping_status":"closed","template":"","meta":{"footnotes":""},"class_list":["post-27885","page","type-page","status-publish","hentry"],"_links":{"self":[{"href":"https:\/\/westestetik.com\/de\/wp-json\/wp\/v2\/pages\/27885","targetHints":{"allow":["GET"]}}],"collection":[{"href":"https:\/\/westestetik.com\/de\/wp-json\/wp\/v2\/pages"}],"about":[{"href":"https:\/\/westestetik.com\/de\/wp-json\/wp\/v2\/types\/page"}],"author":[{"embeddable":true,"href":"https:\/\/westestetik.com\/de\/wp-json\/wp\/v2\/users\/1"}],"replies":[{"embeddable":true,"href":"https:\/\/westestetik.com\/de\/wp-json\/wp\/v2\/comments?post=27885"}],"version-history":[{"count":10,"href":"https:\/\/westestetik.com\/de\/wp-json\/wp\/v2\/pages\/27885\/revisions"}],"predecessor-version":[{"id":29010,"href":"https:\/\/westestetik.com\/de\/wp-json\/wp\/v2\/pages\/27885\/revisions\/29010"}],"wp:attachment":[{"href":"https:\/\/westestetik.com\/de\/wp-json\/wp\/v2\/media?parent=27885"}],"curies":[{"name":"wp","href":"https:\/\/api.w.org\/{rel}","templated":true}]}}