{"id":27883,"date":"2024-12-02T23:34:02","date_gmt":"2024-12-02T23:34:02","guid":{"rendered":"https:\/\/westestetik.com\/?page_id=27883"},"modified":"2024-12-26T14:56:41","modified_gmt":"2024-12-26T14:56:41","slug":"magenballon","status":"publish","type":"page","link":"https:\/\/westestetik.com\/de\/magenballon\/","title":{"rendered":"Magenballon"},"content":{"rendered":"<div data-elementor-type=\"wp-page\" data-elementor-id=\"27883\" class=\"elementor elementor-27883\" data-elementor-post-type=\"page\">\n\t\t\t\t<div class=\"elementor-element elementor-element-3e790eba e-con-full elementor-hidden-mobile e-flex e-con e-parent\" data-id=\"3e790eba\" data-element_type=\"container\">\n\t\t<div class=\"elementor-element elementor-element-a0e19eb e-con-full e-flex e-con e-child\" data-id=\"a0e19eb\" data-element_type=\"container\">\n\t\t\t\t<div class=\"elementor-element elementor-element-13fefb9c elementor-widget elementor-widget-image\" data-id=\"13fefb9c\" data-element_type=\"widget\" data-widget_type=\"image.default\">\n\t\t\t\t<div class=\"elementor-widget-container\">\n\t\t\t\t\t\t\t\t\t\t\t\t\t\t\t<img decoding=\"async\" width=\"100\" height=\"100\" src=\"https:\/\/westestetik.com\/wp-content\/uploads\/2024\/12\/1-4.png\" class=\"attachment-large size-large wp-image-28814\" alt=\"\" srcset=\"https:\/\/westestetik.com\/wp-content\/uploads\/2024\/12\/1-4.png 100w, https:\/\/westestetik.com\/wp-content\/uploads\/2024\/12\/1-4-12x12.png 12w\" sizes=\"(max-width: 100px) 100vw, 100px\" \/>\t\t\t\t\t\t\t\t\t\t\t\t\t\t\t<\/div>\n\t\t\t\t<\/div>\n\t\t\t\t<\/div>\n\t\t<div class=\"elementor-element elementor-element-50607cbe e-con-full e-flex e-con e-child\" data-id=\"50607cbe\" data-element_type=\"container\">\n\t\t\t\t<div class=\"elementor-element elementor-element-1ebc3e83 elementor-widget elementor-widget-image\" data-id=\"1ebc3e83\" data-element_type=\"widget\" data-widget_type=\"image.default\">\n\t\t\t\t<div class=\"elementor-widget-container\">\n\t\t\t\t\t\t\t\t\t\t\t\t\t\t\t<img decoding=\"async\" width=\"100\" height=\"100\" src=\"https:\/\/westestetik.com\/wp-content\/uploads\/2024\/12\/2-5.png\" class=\"attachment-large size-large wp-image-28815\" alt=\"\" srcset=\"https:\/\/westestetik.com\/wp-content\/uploads\/2024\/12\/2-5.png 100w, https:\/\/westestetik.com\/wp-content\/uploads\/2024\/12\/2-5-12x12.png 12w\" sizes=\"(max-width: 100px) 100vw, 100px\" \/>\t\t\t\t\t\t\t\t\t\t\t\t\t\t\t<\/div>\n\t\t\t\t<\/div>\n\t\t\t\t<\/div>\n\t\t<div class=\"elementor-element elementor-element-a8789f5 e-con-full e-flex e-con e-child\" data-id=\"a8789f5\" data-element_type=\"container\">\n\t\t\t\t<div class=\"elementor-element elementor-element-52870381 elementor-widget elementor-widget-image\" data-id=\"52870381\" data-element_type=\"widget\" data-widget_type=\"image.default\">\n\t\t\t\t<div class=\"elementor-widget-container\">\n\t\t\t\t\t\t\t\t\t\t\t\t\t\t\t<img decoding=\"async\" width=\"100\" height=\"100\" src=\"https:\/\/westestetik.com\/wp-content\/uploads\/2024\/12\/3-1.png\" class=\"attachment-large size-large wp-image-28816\" alt=\"\" srcset=\"https:\/\/westestetik.com\/wp-content\/uploads\/2024\/12\/3-1.png 100w, https:\/\/westestetik.com\/wp-content\/uploads\/2024\/12\/3-1-12x12.png 12w\" sizes=\"(max-width: 100px) 100vw, 100px\" \/>\t\t\t\t\t\t\t\t\t\t\t\t\t\t\t<\/div>\n\t\t\t\t<\/div>\n\t\t\t\t<\/div>\n\t\t<div class=\"elementor-element elementor-element-7bc532ff e-con-full e-flex e-con e-child\" data-id=\"7bc532ff\" data-element_type=\"container\">\n\t\t\t\t<div class=\"elementor-element elementor-element-55b6eec3 elementor-widget elementor-widget-image\" data-id=\"55b6eec3\" data-element_type=\"widget\" data-widget_type=\"image.default\">\n\t\t\t\t<div class=\"elementor-widget-container\">\n\t\t\t\t\t\t\t\t\t\t\t\t\t\t\t<img loading=\"lazy\" decoding=\"async\" width=\"100\" height=\"100\" src=\"https:\/\/westestetik.com\/wp-content\/uploads\/2024\/12\/4-1.png\" class=\"attachment-large size-large wp-image-28817\" alt=\"\" srcset=\"https:\/\/westestetik.com\/wp-content\/uploads\/2024\/12\/4-1.png 100w, https:\/\/westestetik.com\/wp-content\/uploads\/2024\/12\/4-1-12x12.png 12w\" sizes=\"(max-width: 100px) 100vw, 100px\" \/>\t\t\t\t\t\t\t\t\t\t\t\t\t\t\t<\/div>\n\t\t\t\t<\/div>\n\t\t\t\t<\/div>\n\t\t<div class=\"elementor-element elementor-element-f702709 e-con-full e-flex e-con e-child\" data-id=\"f702709\" data-element_type=\"container\">\n\t\t\t\t<div class=\"elementor-element elementor-element-62da05b9 elementor-widget elementor-widget-image\" data-id=\"62da05b9\" data-element_type=\"widget\" data-widget_type=\"image.default\">\n\t\t\t\t<div class=\"elementor-widget-container\">\n\t\t\t\t\t\t\t\t\t\t\t\t\t\t\t<img loading=\"lazy\" decoding=\"async\" width=\"100\" height=\"100\" src=\"https:\/\/westestetik.com\/wp-content\/uploads\/2024\/12\/5-1.png\" class=\"attachment-large size-large wp-image-28818\" alt=\"\" srcset=\"https:\/\/westestetik.com\/wp-content\/uploads\/2024\/12\/5-1.png 100w, https:\/\/westestetik.com\/wp-content\/uploads\/2024\/12\/5-1-12x12.png 12w\" sizes=\"(max-width: 100px) 100vw, 100px\" \/>\t\t\t\t\t\t\t\t\t\t\t\t\t\t\t<\/div>\n\t\t\t\t<\/div>\n\t\t\t\t<\/div>\n\t\t\t\t<\/div>\n\t\t<div class=\"wd-negative-gap elementor-element elementor-element-724f67ab elementor-hidden-mobile e-flex e-con-boxed e-con e-parent\" data-id=\"724f67ab\" data-element_type=\"container\">\n\t\t\t\t\t<div class=\"e-con-inner\">\n\t\t<div class=\"elementor-element elementor-element-37587f52 e-con-full e-flex e-con e-child\" data-id=\"37587f52\" data-element_type=\"container\">\n\t\t\t\t<div class=\"elementor-element elementor-element-30610ef2 wd-width-100 elementor-widget elementor-widget-wd_title\" data-id=\"30610ef2\" data-element_type=\"widget\" data-widget_type=\"wd_title.default\">\n\t\t\t\t<div class=\"elementor-widget-container\">\n\t\t\t\t\t\t\t<div class=\"title-wrapper set-mb-s reset-last-child wd-title-color-default wd-title-style-default wd-title-size-default text-center\">\n\n\t\t\t\t\t\t\t<div class=\"title-subtitle subtitle-color-default subtitle-style-default wd-fontsize-xs\">\n\t\t\t\t\tDurchschnittliche Dauer des Aufenthalts\t\t\t\t<\/div>\n\t\t\t\n\t\t\t<div class=\"liner-continer\">\n\t\t\t\t<p class=\"woodmart-title-container title wd-fontsize-l\">7 Tage<\/p> \n\t\t\t\t\t\t\t<\/div>\n\n\t\t\t\t\t<\/div>\n\t\t\t\t\t\t<\/div>\n\t\t\t\t<\/div>\n\t\t\t\t<\/div>\n\t\t<div class=\"elementor-element elementor-element-1843fd59 e-con-full e-flex e-con e-child\" data-id=\"1843fd59\" data-element_type=\"container\">\n\t\t\t\t<div class=\"elementor-element elementor-element-33db36ce wd-width-100 elementor-widget elementor-widget-wd_title\" data-id=\"33db36ce\" data-element_type=\"widget\" data-widget_type=\"wd_title.default\">\n\t\t\t\t<div class=\"elementor-widget-container\">\n\t\t\t\t\t\t\t<div class=\"title-wrapper set-mb-s reset-last-child wd-title-color-default wd-title-style-default wd-title-size-default text-center\">\n\n\t\t\t\t\t\t\t<div class=\"title-subtitle subtitle-color-default subtitle-style-default wd-fontsize-xs\">\n\t\t\t\t\tDauer des Krankenhausaufenthalts\t\t\t\t<\/div>\n\t\t\t\n\t\t\t<div class=\"liner-continer\">\n\t\t\t\t<p class=\"woodmart-title-container title wd-fontsize-l\">1 Tag<\/p> \n\t\t\t\t\t\t\t<\/div>\n\n\t\t\t\t\t<\/div>\n\t\t\t\t\t\t<\/div>\n\t\t\t\t<\/div>\n\t\t\t\t<\/div>\n\t\t<div class=\"elementor-element elementor-element-1ad5f899 e-con-full e-flex e-con e-child\" data-id=\"1ad5f899\" data-element_type=\"container\">\n\t\t\t\t<div class=\"elementor-element elementor-element-6a9e5250 wd-width-100 elementor-widget elementor-widget-wd_title\" data-id=\"6a9e5250\" data-element_type=\"widget\" data-widget_type=\"wd_title.default\">\n\t\t\t\t<div class=\"elementor-widget-container\">\n\t\t\t\t\t\t\t<div class=\"title-wrapper set-mb-s reset-last-child wd-title-color-default wd-title-style-default wd-title-size-default text-center\">\n\n\t\t\t\t\t\t\t<div class=\"title-subtitle subtitle-color-default subtitle-style-default wd-fontsize-xs\">\n\t\t\t\t\tOperation Dauer\t\t\t\t<\/div>\n\t\t\t\n\t\t\t<div class=\"liner-continer\">\n\t\t\t\t<p class=\"woodmart-title-container title wd-fontsize-l\">2-4 Stunden<\/p> \n\t\t\t\t\t\t\t<\/div>\n\n\t\t\t\t\t<\/div>\n\t\t\t\t\t\t<\/div>\n\t\t\t\t<\/div>\n\t\t\t\t<\/div>\n\t\t<div class=\"elementor-element elementor-element-20966e9f e-con-full e-flex e-con e-child\" data-id=\"20966e9f\" data-element_type=\"container\">\n\t\t\t\t<div class=\"elementor-element elementor-element-1e8777ca wd-width-100 elementor-widget elementor-widget-wd_title\" data-id=\"1e8777ca\" data-element_type=\"widget\" data-widget_type=\"wd_title.default\">\n\t\t\t\t<div class=\"elementor-widget-container\">\n\t\t\t\t\t\t\t<div class=\"title-wrapper set-mb-s reset-last-child wd-title-color-default wd-title-style-default wd-title-size-default text-center\">\n\n\t\t\t\t\t\t\t<div class=\"title-subtitle subtitle-color-default subtitle-style-default wd-fontsize-xs\">\n\t\t\t\t\tAn\u00e4sthesie Typ\t\t\t\t<\/div>\n\t\t\t\n\t\t\t<div class=\"liner-continer\">\n\t\t\t\t<p class=\"woodmart-title-container title wd-fontsize-l\">Allgemeine An\u00e4sthesie<\/p> \n\t\t\t\t\t\t\t<\/div>\n\n\t\t\t\t\t<\/div>\n\t\t\t\t\t\t<\/div>\n\t\t\t\t<\/div>\n\t\t\t\t<\/div>\n\t\t<div class=\"elementor-element elementor-element-5bc7bc91 e-con-full e-flex e-con e-child\" data-id=\"5bc7bc91\" data-element_type=\"container\">\n\t\t\t\t<div class=\"elementor-element elementor-element-1cbcd14b wd-width-100 elementor-widget elementor-widget-wd_title\" data-id=\"1cbcd14b\" data-element_type=\"widget\" data-widget_type=\"wd_title.default\">\n\t\t\t\t<div class=\"elementor-widget-container\">\n\t\t\t\t\t\t\t<div class=\"title-wrapper set-mb-s reset-last-child wd-title-color-default wd-title-style-default wd-title-size-default text-center\">\n\n\t\t\t\t\t\t\t<div class=\"title-subtitle subtitle-color-default subtitle-style-default wd-fontsize-xs\">\n\t\t\t\t\tErholungszeit\t\t\t\t<\/div>\n\t\t\t\n\t\t\t<div class=\"liner-continer\">\n\t\t\t\t<p class=\"woodmart-title-container title wd-fontsize-l\">1-2 Wochen<\/p> \n\t\t\t\t\t\t\t<\/div>\n\n\t\t\t\t\t<\/div>\n\t\t\t\t\t\t<\/div>\n\t\t\t\t<\/div>\n\t\t\t\t<\/div>\n\t\t\t\t\t<\/div>\n\t\t\t\t<\/div>\n\t\t<div class=\"wd-negative-gap elementor-element elementor-element-a2b8a58 e-flex e-con-boxed e-con e-parent\" data-id=\"a2b8a58\" data-element_type=\"container\">\n\t\t\t\t\t<div class=\"e-con-inner\">\n\t\t\t\t<div class=\"elementor-element elementor-element-f5179ce color-scheme-inherit text-left elementor-widget elementor-widget-text-editor\" data-id=\"f5179ce\" data-element_type=\"widget\" data-widget_type=\"text-editor.default\">\n\t\t\t\t<div class=\"elementor-widget-container\">\n\t\t\t\t\t\t\t\t\t<p><span style=\"font-weight: 400;\">Der Magenballon ist eine wirksame L\u00f6sung f\u00fcr alle, die ihren Gewichtsverlust beschleunigen und einen ges\u00fcnderen Lebensstil anstreben wollen. Es ist eine ideale Methode vor allem f\u00fcr Personen, die keinen chirurgischen Eingriff w\u00fcnschen, aber Schwierigkeiten beim Abnehmen haben. Der Ballon, der endoskopisch in den Magen eingef\u00fchrt wird, sorgt f\u00fcr ein schnelleres S\u00e4ttigungsgef\u00fchl, indem er das Magenvolumen verkleinert und so dazu beitr\u00e4gt, dass Sie sich mit weniger Nahrung satt f\u00fchlen. Die Anwendung eines Magenballons ist nicht nur eine Methode zum Abnehmen, sondern auch der erste Schritt zu einer gesunden Lebensweise.<\/span><\/p><h2><span style=\"font-weight: 400;\">Was ist ein Magenballon und wie funktioniert er?<\/span><\/h2><p><span style=\"font-weight: 400;\">Der Magenballon ist eine Schlankheitsmethode, die bei Personen mit \u00dcbergewicht angewendet wird, um leichter abzunehmen. Der Ballon, der mit einem endoskopischen Verfahren in den Magen eingesetzt wird, verengt das Magenvolumen und erzeugt ein S\u00e4ttigungsgef\u00fchl bei weniger Nahrung. Dadurch wird die Menge der aufgenommenen Nahrung deutlich reduziert und die Gewichtsabnahme unterst\u00fctzt. Die Anwendung eines Magenballons ist eine ideale Alternative f\u00fcr diejenigen, die generell nicht auf einen chirurgischen Eingriff zur\u00fcckgreifen m\u00f6chten.<\/span><\/p><h2><span style=\"font-weight: 400;\">F\u00fcr wen ist der Magenballon geeignet?<\/span><\/h2><p><span style=\"font-weight: 400;\">Der Magenballon eignet sich f\u00fcr Menschen, die mit Fettleibigkeit zu k\u00e4mpfen haben und f\u00fcr einen chirurgischen Eingriff nicht in Frage kommen. Im Allgemeinen wird er f\u00fcr Menschen mit einem Body-Mass-Index (BMI) zwischen 30 und 40 bevorzugt. Aber auch Menschen, die auf gesunde Weise abnehmen m\u00f6chten, dies aber mit Di\u00e4t und Sport nicht schaffen, k\u00f6nnen sich f\u00fcr die Anwendung eines Magenballons entscheiden. Es ist jedoch wichtig, ein ausf\u00fchrliches Gespr\u00e4ch mit Ihrem Arzt zu f\u00fchren, um festzustellen, ob eine Magenballonanwendung sinnvoll ist.<\/span><\/p><h2><span style=\"font-weight: 400;\">Wie lange dauert das Magenballon-Verfahren?<\/span><\/h2><p><span style=\"font-weight: 400;\">Die Anwendung eines Magenballons dauert in der Regel zwischen 20 und 30 Minuten. Der Eingriff wird endoskopisch unter \u00f6rtlicher Bet\u00e4ubung oder Sedierung durchgef\u00fchrt. Dabei wird der Ballon in den Magen eingef\u00fchrt und dann mit Fl\u00fcssigkeit aufgepumpt. Nach dem Eingriff werden die Patienten einige Stunden lang beobachtet, und die meisten k\u00f6nnen noch am selben Tag wieder entlassen werden.<\/span><\/p><h2><span style=\"font-weight: 400;\">Wie erfolgt die Gewichtsabnahme mit dem Magenballon?<\/span><\/h2><p><span style=\"font-weight: 400;\">Der Magenballon sorgt f\u00fcr eine schnellere und effektivere Gewichtsabnahme, indem er die Menge der aufgenommenen Nahrung einschr\u00e4nkt. Der im Magen platzierte Ballon bewirkt, dass sich die Mahlzeiten schneller ges\u00e4ttigt anf\u00fchlen, was dazu f\u00fchrt, dass die Menschen weniger Kalorien zu sich nehmen. Dar\u00fcber hinaus kann der Magenballon den Menschen helfen, sich gesunde Essgewohnheiten anzueignen, indem er das Hungergef\u00fchl reduziert. Die Gewichtsabnahme ist in der Regel bereits in den ersten Monaten zu beobachten.<\/span><\/p><h2><span style=\"font-weight: 400;\">Ist die Anwendung eines Magenballons schmerzhaft?<\/span><\/h2><p><span style=\"font-weight: 400;\">Die Anwendung eines Magenballons ist in der Regel nicht schmerzhaft. Sie wird unter \u00f6rtlicher Bet\u00e4ubung oder Sedierung durchgef\u00fchrt, so dass der Eingriff schmerzfrei ist. Einige Patienten k\u00f6nnen jedoch nach dem Eingriff \u00dcbelkeit, Bl\u00e4hungen oder leichtes Unwohlsein versp\u00fcren. Diese Symptome verschwinden in der Regel nach kurzer Zeit. Es ist wichtig, dass Sie sich bei Schmerzen oder Unwohlsein an Ihren Arzt wenden.<\/span><\/p><h2><span style=\"font-weight: 400;\">Wie viel Gewicht kann ich mit einem Magenballon abnehmen?<\/span><\/h2><p><span style=\"font-weight: 400;\">Die Gewichtsabnahme durch die Anwendung eines Magenballons ist von Person zu Person unterschiedlich. Im Durchschnitt kann jedoch innerhalb eines Jahres ein Gewichtsverlust von 15-25 Kilogramm erreicht werden. Die Gewichtsabnahme kann sogar noch st\u00e4rker ausfallen, je nachdem, welche Ern\u00e4hrungs- und Bewegungsprogramme die Patienten einhalten. Der Magenballon erm\u00f6glicht eine dauerhafte Gewichtsabnahme, wenn er durch einen gesunden Lebensstil unterst\u00fctzt wird.<\/span><\/p><h2><span style=\"font-weight: 400;\">Wie sollte die Ern\u00e4hrung nach einem Magenballon aussehen?<\/span><\/h2><p><span style=\"font-weight: 400;\">Die Ern\u00e4hrung nach einem Magenballon ist sehr wichtig. In den ersten Tagen beschleunigt die Ern\u00e4hrung mit fl\u00fcssiger Nahrung den Heilungsprozess, ohne den Magen zu belasten. Danach kann langsam p\u00fcrierte Nahrung und dann feste Nahrung verzehrt werden. Bei der Gewichtsabnahme mit dem Magenballon ist es wichtig, regelm\u00e4\u00dfige und gesunde Mahlzeiten in kleinen Portionen zu essen. Auch der Verzicht auf zu fett- und zuckerhaltige Lebensmittel kann die Gewichtsabnahme beschleunigen.<\/span><\/p><h2><span style=\"font-weight: 400;\">Welche Nebenwirkungen k\u00f6nnen nach der Anwendung eines Magenballons auftreten?<\/span><\/h2><p><span style=\"font-weight: 400;\">Nach der Anwendung eines Magenballons k\u00f6nnen einige Nebenwirkungen auftreten. Zu den h\u00e4ufigsten Nebenwirkungen geh\u00f6ren \u00dcbelkeit, Bl\u00e4hungen und Verdauungsst\u00f6rungen. Diese Nebenwirkungen verschwinden in der Regel innerhalb weniger Tage. Dar\u00fcber hinaus k\u00f6nnen bei manchen Menschen w\u00e4hrend der Platzierung des Magenballons leichte Bauchschmerzen auftreten. Diese Auswirkungen sind jedoch vor\u00fcbergehend und verschwinden in der Regel mit der Behandlung.<\/span><\/p><h2><span style=\"font-weight: 400;\">Wie hoch ist der Preis f\u00fcr die Anwendung eines Magenballons?<\/span><\/h2><p><span style=\"font-weight: 400;\">Die Preise f\u00fcr einen Magenballon k\u00f6nnen je nach Klinik und Region, in der die Anwendung durchgef\u00fchrt wird, variieren. Der Preis kann je nach Art des verwendeten Ballons, der Erfahrung des Arztes und den in der Klinik angebotenen Leistungen variieren. F\u00fcr detaillierte Informationen sollten Sie mit Ihrem Arzt \u00fcber den Preis sprechen.<\/span><\/p><h2><span style=\"font-weight: 400;\">Wie lange wird der Magenballon eingesetzt?<\/span><\/h2><p><span style=\"font-weight: 400;\">Der Magenballon verbleibt in der Regel zwischen 6 und 12 Monaten im Magen. Dieser Zeitraum kann je nach den Zielen der Person, die abnehmen m\u00f6chte, festgelegt werden. Wenn die Verweildauer des Magenballons abgelaufen ist, wird der Ballon mit einer endoskopischen Methode entfernt. Nach der Entfernung des Ballons ist es wichtig, einen gesunden Lebensstil beizubehalten, denn nach der Entfernung des Ballons ist es notwendig, nicht zu den alten Essgewohnheiten zur\u00fcckzukehren.<\/span><\/p><h2><span style=\"font-weight: 400;\">Kann mit dem Magenballon eine dauerhafte Gewichtsabnahme erreicht werden?<\/span><\/h2><p><span style=\"font-weight: 400;\">Der Magenballon bietet eine starke Unterst\u00fctzung, um eine dauerhafte Gewichtsabnahme zu erreichen. F\u00fcr eine dauerhafte Gewichtsabnahme reicht der Magenballon allein jedoch nicht aus. Gesunde Essgewohnheiten und regelm\u00e4\u00dfige Bewegung sind der Schl\u00fcssel zu einer langfristigen Gewichtsabnahme. Der Magenballon kann den Menschen helfen, diesen Prozess zu beginnen und zu einem ges\u00fcnderen Lebensstil \u00fcberzugehen.<\/span><\/p><h2><span style=\"font-weight: 400;\">Wer kann sich nicht mit einem Magenballon behandeln lassen?<\/span><\/h2><p><span style=\"font-weight: 400;\">Der Magenballon ist f\u00fcr Menschen mit bestimmten gesundheitlichen Problemen nicht geeignet. Insbesondere wird der Magenballon nicht f\u00fcr Menschen mit Magengeschw\u00fcren, Gastritis, Magenbr\u00fcchen oder schweren Herzerkrankungen empfohlen. Dar\u00fcber hinaus ist der Magenballon in besonderen F\u00e4llen wie Schwangerschaft oder Stillzeit nicht geeignet. Bevor ein Magenballon eingesetzt wird, ist eine gr\u00fcndliche Untersuchung durch einen Arzt wichtig.<\/span><\/p><h2><span style=\"font-weight: 400;\">Ist Bewegung nach einer Magenballon-Behandlung notwendig?<\/span><\/h2><p><span style=\"font-weight: 400;\">Sport nach einer Magenballonbehandlung kann die Gewichtsabnahme beschleunigen und die allgemeine Gesundheit verbessern. In den ersten Wochen sollte die Zustimmung des Arztes eingeholt werden, bevor Sie Sport treiben. Im Allgemeinen k\u00f6nnen jedoch leichte Spazierg\u00e4nge und \u00dcbungen mit geringer Belastung den Genesungsprozess nach der Magenballonbehandlung unterst\u00fctzen. Regelm\u00e4\u00dfige Bewegung sorgt langfristig f\u00fcr ein gesundes Gewichtsmanagement.<\/span><\/p><h2><span style=\"font-weight: 400;\">Welcher Zusammenhang besteht zwischen Magenballon, Gewichtsabnahme und Di\u00e4t?<\/span><\/h2><p><span style=\"font-weight: 400;\">Der Magenballon f\u00fchrt zu effektiveren Ergebnissen, wenn er durch eine Di\u00e4t unterst\u00fctzt wird. W\u00e4hrend der Ballon zu einem schnelleren S\u00e4ttigungsgef\u00fchl beitr\u00e4gt, erfolgt die Gewichtsabnahme schneller mit einem gesunden Ern\u00e4hrungsprogramm. Daher erh\u00f6ht die Einhaltung der vom Arzt empfohlenen Di\u00e4tpl\u00e4ne nach der Magenballon-Behandlung die Erfolgsaussichten.<\/span><\/p><h2><span style=\"font-weight: 400;\">Welche Untersuchungen sind f\u00fcr die Anwendung eines Magenballons erforderlich?<\/span><\/h2><p><span style=\"font-weight: 400;\">Vor der Anwendung eines Magenballons wird in der Regel eine Reihe von Untersuchungen durchgef\u00fchrt. Dazu geh\u00f6ren Bluttests, eine Magenspiegelung und kardiologische Untersuchungen. Diese Tests sind notwendig, um festzustellen, ob die Person f\u00fcr einen Magenballon geeignet ist. Dar\u00fcber hinaus kann bei einigen Patienten auch eine psychologische Beurteilung durchgef\u00fchrt werden.<\/span><\/p><p><br \/><br \/><\/p>\t\t\t\t\t\t\t\t<\/div>\n\t\t\t\t<\/div>\n\t\t\t\t\t<\/div>\n\t\t\t\t<\/div>\n\t\t\t\t<\/div>","protected":false},"excerpt":{"rendered":"<p>Ortalama Kal\u0131\u015f S\u00fcresi 7 G\u00fcn Hastanede Yat\u0131\u015f S\u00fcresi 1 G\u00fcn Operasyon S\u00fcresi 2-4 Saat Anestezi T\u00fcr\u00fc Genel Anestezi \u0130yile\u015fme S\u00fcresi<\/p>","protected":false},"author":1,"featured_media":0,"parent":0,"menu_order":0,"comment_status":"closed","ping_status":"closed","template":"","meta":{"footnotes":""},"class_list":["post-27883","page","type-page","status-publish","hentry"],"_links":{"self":[{"href":"https:\/\/westestetik.com\/de\/wp-json\/wp\/v2\/pages\/27883","targetHints":{"allow":["GET"]}}],"collection":[{"href":"https:\/\/westestetik.com\/de\/wp-json\/wp\/v2\/pages"}],"about":[{"href":"https:\/\/westestetik.com\/de\/wp-json\/wp\/v2\/types\/page"}],"author":[{"embeddable":true,"href":"https:\/\/westestetik.com\/de\/wp-json\/wp\/v2\/users\/1"}],"replies":[{"embeddable":true,"href":"https:\/\/westestetik.com\/de\/wp-json\/wp\/v2\/comments?post=27883"}],"version-history":[{"count":10,"href":"https:\/\/westestetik.com\/de\/wp-json\/wp\/v2\/pages\/27883\/revisions"}],"predecessor-version":[{"id":29007,"href":"https:\/\/westestetik.com\/de\/wp-json\/wp\/v2\/pages\/27883\/revisions\/29007"}],"wp:attachment":[{"href":"https:\/\/westestetik.com\/de\/wp-json\/wp\/v2\/media?parent=27883"}],"curies":[{"name":"wp","href":"https:\/\/api.w.org\/{rel}","templated":true}]}}