{"id":27878,"date":"2024-12-02T23:33:24","date_gmt":"2024-12-02T23:33:24","guid":{"rendered":"https:\/\/westestetik.com\/?page_id=27878"},"modified":"2024-12-26T15:03:50","modified_gmt":"2024-12-26T15:03:50","slug":"zirkonium","status":"publish","type":"page","link":"https:\/\/westestetik.com\/de\/zirkonium\/","title":{"rendered":"Zirkonium"},"content":{"rendered":"<div data-elementor-type=\"wp-page\" data-elementor-id=\"27878\" class=\"elementor elementor-27878\" data-elementor-post-type=\"page\">\n\t\t\t\t<div class=\"elementor-element elementor-element-23cff788 e-con-full elementor-hidden-mobile e-flex e-con e-parent\" data-id=\"23cff788\" data-element_type=\"container\">\n\t\t<div class=\"elementor-element elementor-element-4eb17eaa e-con-full e-flex e-con e-child\" data-id=\"4eb17eaa\" data-element_type=\"container\">\n\t\t\t\t<div class=\"elementor-element elementor-element-329bdcc elementor-widget elementor-widget-image\" data-id=\"329bdcc\" data-element_type=\"widget\" data-widget_type=\"image.default\">\n\t\t\t\t<div class=\"elementor-widget-container\">\n\t\t\t\t\t\t\t\t\t\t\t\t\t\t\t<img decoding=\"async\" width=\"100\" height=\"100\" src=\"https:\/\/westestetik.com\/wp-content\/uploads\/2024\/12\/1-4.png\" class=\"attachment-large size-large wp-image-28814\" alt=\"\" srcset=\"https:\/\/westestetik.com\/wp-content\/uploads\/2024\/12\/1-4.png 100w, https:\/\/westestetik.com\/wp-content\/uploads\/2024\/12\/1-4-12x12.png 12w\" sizes=\"(max-width: 100px) 100vw, 100px\" \/>\t\t\t\t\t\t\t\t\t\t\t\t\t\t\t<\/div>\n\t\t\t\t<\/div>\n\t\t\t\t<\/div>\n\t\t<div class=\"elementor-element elementor-element-1d688b6c e-con-full e-flex e-con e-child\" data-id=\"1d688b6c\" data-element_type=\"container\">\n\t\t\t\t<div class=\"elementor-element elementor-element-29eb282 elementor-widget elementor-widget-image\" data-id=\"29eb282\" data-element_type=\"widget\" data-widget_type=\"image.default\">\n\t\t\t\t<div class=\"elementor-widget-container\">\n\t\t\t\t\t\t\t\t\t\t\t\t\t\t\t<img decoding=\"async\" width=\"100\" height=\"100\" src=\"https:\/\/westestetik.com\/wp-content\/uploads\/2024\/12\/2-5.png\" class=\"attachment-large size-large wp-image-28815\" alt=\"\" srcset=\"https:\/\/westestetik.com\/wp-content\/uploads\/2024\/12\/2-5.png 100w, https:\/\/westestetik.com\/wp-content\/uploads\/2024\/12\/2-5-12x12.png 12w\" sizes=\"(max-width: 100px) 100vw, 100px\" \/>\t\t\t\t\t\t\t\t\t\t\t\t\t\t\t<\/div>\n\t\t\t\t<\/div>\n\t\t\t\t<\/div>\n\t\t<div class=\"elementor-element elementor-element-bb9094 e-con-full e-flex e-con e-child\" data-id=\"bb9094\" data-element_type=\"container\">\n\t\t\t\t<div class=\"elementor-element elementor-element-7617cf80 elementor-widget elementor-widget-image\" data-id=\"7617cf80\" data-element_type=\"widget\" data-widget_type=\"image.default\">\n\t\t\t\t<div class=\"elementor-widget-container\">\n\t\t\t\t\t\t\t\t\t\t\t\t\t\t\t<img decoding=\"async\" width=\"100\" height=\"100\" src=\"https:\/\/westestetik.com\/wp-content\/uploads\/2024\/12\/3-1.png\" class=\"attachment-large size-large wp-image-28816\" alt=\"\" srcset=\"https:\/\/westestetik.com\/wp-content\/uploads\/2024\/12\/3-1.png 100w, https:\/\/westestetik.com\/wp-content\/uploads\/2024\/12\/3-1-12x12.png 12w\" sizes=\"(max-width: 100px) 100vw, 100px\" \/>\t\t\t\t\t\t\t\t\t\t\t\t\t\t\t<\/div>\n\t\t\t\t<\/div>\n\t\t\t\t<\/div>\n\t\t<div class=\"elementor-element elementor-element-6fe5d477 e-con-full e-flex e-con e-child\" data-id=\"6fe5d477\" data-element_type=\"container\">\n\t\t\t\t<div class=\"elementor-element elementor-element-2497d9bd elementor-widget elementor-widget-image\" data-id=\"2497d9bd\" data-element_type=\"widget\" data-widget_type=\"image.default\">\n\t\t\t\t<div class=\"elementor-widget-container\">\n\t\t\t\t\t\t\t\t\t\t\t\t\t\t\t<img loading=\"lazy\" decoding=\"async\" width=\"100\" height=\"100\" src=\"https:\/\/westestetik.com\/wp-content\/uploads\/2024\/12\/4-1.png\" class=\"attachment-large size-large wp-image-28817\" alt=\"\" srcset=\"https:\/\/westestetik.com\/wp-content\/uploads\/2024\/12\/4-1.png 100w, https:\/\/westestetik.com\/wp-content\/uploads\/2024\/12\/4-1-12x12.png 12w\" sizes=\"(max-width: 100px) 100vw, 100px\" \/>\t\t\t\t\t\t\t\t\t\t\t\t\t\t\t<\/div>\n\t\t\t\t<\/div>\n\t\t\t\t<\/div>\n\t\t<div class=\"elementor-element elementor-element-28c895f0 e-con-full e-flex e-con e-child\" data-id=\"28c895f0\" data-element_type=\"container\">\n\t\t\t\t<div class=\"elementor-element elementor-element-3dc8fe29 elementor-widget elementor-widget-image\" data-id=\"3dc8fe29\" data-element_type=\"widget\" data-widget_type=\"image.default\">\n\t\t\t\t<div class=\"elementor-widget-container\">\n\t\t\t\t\t\t\t\t\t\t\t\t\t\t\t<img loading=\"lazy\" decoding=\"async\" width=\"100\" height=\"100\" src=\"https:\/\/westestetik.com\/wp-content\/uploads\/2024\/12\/5-1.png\" class=\"attachment-large size-large wp-image-28818\" alt=\"\" srcset=\"https:\/\/westestetik.com\/wp-content\/uploads\/2024\/12\/5-1.png 100w, https:\/\/westestetik.com\/wp-content\/uploads\/2024\/12\/5-1-12x12.png 12w\" sizes=\"(max-width: 100px) 100vw, 100px\" \/>\t\t\t\t\t\t\t\t\t\t\t\t\t\t\t<\/div>\n\t\t\t\t<\/div>\n\t\t\t\t<\/div>\n\t\t\t\t<\/div>\n\t\t<div class=\"wd-negative-gap elementor-element elementor-element-571c6ed2 elementor-hidden-mobile e-flex e-con-boxed e-con e-parent\" data-id=\"571c6ed2\" data-element_type=\"container\">\n\t\t\t\t\t<div class=\"e-con-inner\">\n\t\t<div class=\"elementor-element elementor-element-289be093 e-con-full e-flex e-con e-child\" data-id=\"289be093\" data-element_type=\"container\">\n\t\t\t\t<div class=\"elementor-element elementor-element-4e42ffab wd-width-100 elementor-widget elementor-widget-wd_title\" data-id=\"4e42ffab\" data-element_type=\"widget\" data-widget_type=\"wd_title.default\">\n\t\t\t\t<div class=\"elementor-widget-container\">\n\t\t\t\t\t\t\t<div class=\"title-wrapper set-mb-s reset-last-child wd-title-color-default wd-title-style-default wd-title-size-default text-center\">\n\n\t\t\t\t\t\t\t<div class=\"title-subtitle subtitle-color-default subtitle-style-default wd-fontsize-xs\">\n\t\t\t\t\tDurchschnittliche Dauer des Aufenthalts\t\t\t\t<\/div>\n\t\t\t\n\t\t\t<div class=\"liner-continer\">\n\t\t\t\t<p class=\"woodmart-title-container title wd-fontsize-l\">7 Tage<\/p> \n\t\t\t\t\t\t\t<\/div>\n\n\t\t\t\t\t<\/div>\n\t\t\t\t\t\t<\/div>\n\t\t\t\t<\/div>\n\t\t\t\t<\/div>\n\t\t<div class=\"elementor-element elementor-element-a981355 e-con-full e-flex e-con e-child\" data-id=\"a981355\" data-element_type=\"container\">\n\t\t\t\t<div class=\"elementor-element elementor-element-38221661 wd-width-100 elementor-widget elementor-widget-wd_title\" data-id=\"38221661\" data-element_type=\"widget\" data-widget_type=\"wd_title.default\">\n\t\t\t\t<div class=\"elementor-widget-container\">\n\t\t\t\t\t\t\t<div class=\"title-wrapper set-mb-s reset-last-child wd-title-color-default wd-title-style-default wd-title-size-default text-center\">\n\n\t\t\t\t\t\t\t<div class=\"title-subtitle subtitle-color-default subtitle-style-default wd-fontsize-xs\">\n\t\t\t\t\tDauer des Krankenhausaufenthalts\t\t\t\t<\/div>\n\t\t\t\n\t\t\t<div class=\"liner-continer\">\n\t\t\t\t<p class=\"woodmart-title-container title wd-fontsize-l\">1 Tag<\/p> \n\t\t\t\t\t\t\t<\/div>\n\n\t\t\t\t\t<\/div>\n\t\t\t\t\t\t<\/div>\n\t\t\t\t<\/div>\n\t\t\t\t<\/div>\n\t\t<div class=\"elementor-element elementor-element-761e1974 e-con-full e-flex e-con e-child\" data-id=\"761e1974\" data-element_type=\"container\">\n\t\t\t\t<div class=\"elementor-element elementor-element-58d9edd8 wd-width-100 elementor-widget elementor-widget-wd_title\" data-id=\"58d9edd8\" data-element_type=\"widget\" data-widget_type=\"wd_title.default\">\n\t\t\t\t<div class=\"elementor-widget-container\">\n\t\t\t\t\t\t\t<div class=\"title-wrapper set-mb-s reset-last-child wd-title-color-default wd-title-style-default wd-title-size-default text-center\">\n\n\t\t\t\t\t\t\t<div class=\"title-subtitle subtitle-color-default subtitle-style-default wd-fontsize-xs\">\n\t\t\t\t\tOperation Dauer\t\t\t\t<\/div>\n\t\t\t\n\t\t\t<div class=\"liner-continer\">\n\t\t\t\t<p class=\"woodmart-title-container title wd-fontsize-l\">2-4 Stunden<\/p> \n\t\t\t\t\t\t\t<\/div>\n\n\t\t\t\t\t<\/div>\n\t\t\t\t\t\t<\/div>\n\t\t\t\t<\/div>\n\t\t\t\t<\/div>\n\t\t<div class=\"elementor-element elementor-element-f87dfbe e-con-full e-flex e-con e-child\" data-id=\"f87dfbe\" data-element_type=\"container\">\n\t\t\t\t<div class=\"elementor-element elementor-element-1ab5c0c6 wd-width-100 elementor-widget elementor-widget-wd_title\" data-id=\"1ab5c0c6\" data-element_type=\"widget\" data-widget_type=\"wd_title.default\">\n\t\t\t\t<div class=\"elementor-widget-container\">\n\t\t\t\t\t\t\t<div class=\"title-wrapper set-mb-s reset-last-child wd-title-color-default wd-title-style-default wd-title-size-default text-center\">\n\n\t\t\t\t\t\t\t<div class=\"title-subtitle subtitle-color-default subtitle-style-default wd-fontsize-xs\">\n\t\t\t\t\tAn\u00e4sthesie Typ\t\t\t\t<\/div>\n\t\t\t\n\t\t\t<div class=\"liner-continer\">\n\t\t\t\t<p class=\"woodmart-title-container title wd-fontsize-l\">Allgemeine An\u00e4sthesie<\/p> \n\t\t\t\t\t\t\t<\/div>\n\n\t\t\t\t\t<\/div>\n\t\t\t\t\t\t<\/div>\n\t\t\t\t<\/div>\n\t\t\t\t<\/div>\n\t\t<div class=\"elementor-element elementor-element-6b4384a e-con-full e-flex e-con e-child\" data-id=\"6b4384a\" data-element_type=\"container\">\n\t\t\t\t<div class=\"elementor-element elementor-element-57d268eb wd-width-100 elementor-widget elementor-widget-wd_title\" data-id=\"57d268eb\" data-element_type=\"widget\" data-widget_type=\"wd_title.default\">\n\t\t\t\t<div class=\"elementor-widget-container\">\n\t\t\t\t\t\t\t<div class=\"title-wrapper set-mb-s reset-last-child wd-title-color-default wd-title-style-default wd-title-size-default text-center\">\n\n\t\t\t\t\t\t\t<div class=\"title-subtitle subtitle-color-default subtitle-style-default wd-fontsize-xs\">\n\t\t\t\t\tErholungszeit\t\t\t\t<\/div>\n\t\t\t\n\t\t\t<div class=\"liner-continer\">\n\t\t\t\t<p class=\"woodmart-title-container title wd-fontsize-l\">1-2 Wochen<\/p> \n\t\t\t\t\t\t\t<\/div>\n\n\t\t\t\t\t<\/div>\n\t\t\t\t\t\t<\/div>\n\t\t\t\t<\/div>\n\t\t\t\t<\/div>\n\t\t\t\t\t<\/div>\n\t\t\t\t<\/div>\n\t\t<div class=\"wd-negative-gap elementor-element elementor-element-dd2997c e-flex e-con-boxed e-con e-parent\" data-id=\"dd2997c\" data-element_type=\"container\">\n\t\t\t\t\t<div class=\"e-con-inner\">\n\t\t\t\t<div class=\"elementor-element elementor-element-147632b color-scheme-inherit text-left elementor-widget elementor-widget-text-editor\" data-id=\"147632b\" data-element_type=\"widget\" data-widget_type=\"text-editor.default\">\n\t\t\t\t<div class=\"elementor-widget-container\">\n\t\t\t\t\t\t\t\t\t<p><span style=\"font-weight: 400;\">Zahnverblendungen aus Zirkonium sind eine der bevorzugten modernen Behandlungsmethoden in der Zahnmedizin, da sie eine Kombination aus \u00c4sthetik und Haltbarkeit bieten. Mit ihrem Aussehen, das der nat\u00fcrlichen Zahnfarbe nahe kommt, und ihrer langlebigen Struktur sind Zirkonz\u00e4hne eine ideale Option f\u00fcr Menschen mit \u00e4sthetischen Bedenken. Dar\u00fcber hinaus harmoniert Zirkon als biokompatibles Material perfekt mit dem Zahnfleisch und minimiert das Risiko allergischer Reaktionen. F\u00fcr diejenigen, die \u00e4sthetische Defekte an den Z\u00e4hnen korrigieren wollen, sind Zirkonz\u00e4hne eine wirksame L\u00f6sung, sowohl in funktioneller als auch in \u00e4sthetischer Hinsicht.\u00a0<\/span><\/p><h2><span style=\"font-weight: 400;\">Was ist ein Zirkoniumzahn und was bewirkt er?<\/span><\/h2><p><span style=\"font-weight: 400;\">Der Zirkonzahn ist eine \u00e4sthetisch und funktionell hochwirksame Zahnbehandlungsmethode. Zirkonium ist ein Zahnbelag, der aus Zirkoniumoxid, einem biokompatiblen Material, hergestellt wird. Dieses Material ist in den letzten Jahren in der Zahnmedizin sehr popul\u00e4r geworden, da es der nat\u00fcrlichen Zahnfarbe sehr nahe kommt und eine hohe Haltbarkeit und dauerhafte Struktur aufweist. Vor allem f\u00fcr Patienten mit \u00e4sthetischen Bedenken bieten Zirkonz\u00e4hne eine ideale L\u00f6sung. Gleichzeitig ist die Kompatibilit\u00e4t mit dem Zahnfleisch sehr gut, so dass bei langfristiger Anwendung keine \u00e4sthetischen Probleme auftreten.<\/span><\/p><h2><span style=\"font-weight: 400;\">Was sind die Vorteile von Zirkoniumz\u00e4hnen?<\/span><\/h2><p><span style=\"font-weight: 400;\">Zirkoniumz\u00e4hne haben viele Vorteile. Erstens sind Zirkoniumz\u00e4hne extrem haltbar und langlebig. Sie sind st\u00e4rker und stabiler als herk\u00f6mmliche Porzellanz\u00e4hne und eignen sich daher ideal f\u00fcr den Einsatz im Backenzahnbereich. Da Zirkonz\u00e4hne au\u00dferdem lichtdurchl\u00e4ssig sind, bieten sie ein helles und \u00e4sthetisches Aussehen wie nat\u00fcrliche Z\u00e4hne. Zirkoniumz\u00e4hne sind au\u00dferdem metallfrei, was Zahnfleischreaktionen verhindert und das Risiko allergischer Reaktionen ausschlie\u00dft.<\/span><\/p><h2><span style=\"font-weight: 400;\">Wie hoch sind die Preise f\u00fcr Zirkoniumz\u00e4hne?<\/span><\/h2><p><span style=\"font-weight: 400;\">Die Preise f\u00fcr Zirkoniumz\u00e4hne k\u00f6nnen je nach Behandlungsverfahren, Anwendungsbereich und verwendeten Materialien variieren. Im Allgemeinen sind Zirkonz\u00e4hne teurer als andere Arten von Beschichtungen, aber in Anbetracht ihrer Langlebigkeit und ihrer \u00e4sthetischen Vorteile machen sie die get\u00e4tigte Investition mehr als wett. Die Preise k\u00f6nnen je nach Klinik und Erfahrung des Zahnarztes variieren. Es wird empfohlen, einen Zahnarzt zu konsultieren, um genaue Preisinformationen zu erhalten.<\/span><\/p><h2><span style=\"font-weight: 400;\">Wer kann Zirkonz\u00e4hne anwenden?<\/span><\/h2><p><span style=\"font-weight: 400;\">Zirkoniumz\u00e4hne k\u00f6nnen bei allen Patienten eingesetzt werden, die \u00e4sthetische Probleme, Deformierungen oder Verf\u00e4rbungen an ihren Z\u00e4hnen haben. Es ist auch eine ideale Wahl f\u00fcr Patienten, die gro\u00dfe F\u00fcllungen in ihren Z\u00e4hnen haben und diese F\u00fcllungen mit einer \u00e4sthetischeren Beschichtung abdecken m\u00f6chten. Zahnbehandlungen mit Zirkonium sind f\u00fcr Menschen mit gesundem Zahnfleisch und gutem Allgemeinzustand geeignet. Ob eine Zirkoniumzahnanwendung geeignet ist, wird der Zahnarzt durch eine individuelle Beurteilung feststellen.<\/span><\/p><h2><span style=\"font-weight: 400;\">Wie funktioniert die Zirkoniumzahnbehandlung?<\/span><\/h2><p><span style=\"font-weight: 400;\">Die zahn\u00e4rztliche Behandlung mit Zirkonium besteht in der Regel aus mehreren Schritten. In der ersten Phase beurteilt der Zahnarzt die Mundstruktur und die Zahngesundheit des Patienten. Falls erforderlich, werden die Z\u00e4hne gereinigt und geformt. Anschlie\u00dfend werden die Z\u00e4hne speziell vermessen und ein digitaler Entwurf f\u00fcr die Zirkonkronen angefertigt. Nach Abschluss des Designprozesses werden die Zirkonium-Veneers im Labor hergestellt und auf die Z\u00e4hne des Patienten aufgebracht. In der letzten Phase werden die Verblendschalen auf dem Zahn angebracht und die Behandlung ist abgeschlossen. Dieser gesamte Prozess kann in der Regel mehrere Sitzungen in Anspruch nehmen.<\/span><\/p><h2><span style=\"font-weight: 400;\">Was Sie \u00fcber die Langlebigkeit und \u00c4sthetik von Zirkonz\u00e4hnen wissen sollten<\/span><\/h2><p><span style=\"font-weight: 400;\">Z\u00e4hne aus Zirkonium sind eine \u00fcberlegene Option in Bezug auf \u00c4sthetik und Haltbarkeit. Es kann sowohl f\u00fcr die Vorder- als auch f\u00fcr die Backenz\u00e4hne verwendet werden. Da Zirkonium kein Metall enth\u00e4lt, ist seine Kompatibilit\u00e4t mit dem Zahnfleisch ausgezeichnet, so dass es keine Probleme wie Verf\u00e4rbungen oder Entz\u00fcndungen des Zahnfleisches gibt. Dar\u00fcber hinaus bieten Zirkonz\u00e4hne ein \u00e4sthetisches Erscheinungsbild, da sie das Licht wie nat\u00fcrliche Z\u00e4hne durchlassen und ein nat\u00fcrliches L\u00e4cheln vermitteln. Dank ihrer widerstandsf\u00e4higen Struktur k\u00f6nnen Zirkonz\u00e4hne der Kaukraft standhalten und ihre Form \u00fcber viele Jahre hinweg beibehalten.<\/span><\/p><h2><span style=\"font-weight: 400;\">Unterschiede zwischen Zirkoniumz\u00e4hnen und anderen Zahnverblendungen<\/span><\/h2><p><span style=\"font-weight: 400;\">Zahnverblendschalen aus Zirkonium unterscheiden sich von anderen Arten von Verblendschalen durch einige wichtige Unterschiede. Es ist eine haltbarere und \u00e4sthetischere Option im Vergleich zu Porzellan- und metallgest\u00fctzten Veneers. Bei metallgest\u00fctzten Veneers kann es im Laufe der Zeit zu Verf\u00e4rbungen des Zahnfleisches kommen, w\u00e4hrend dies bei Zirkonium nicht der Fall ist. Z\u00e4hne aus Zirkonium bieten au\u00dferdem ein helleres und nat\u00fcrlicheres Aussehen. Da es kein Metall enth\u00e4lt, besteht auch kein Risiko f\u00fcr allergische Reaktionen.<\/span><\/p><h2><span style=\"font-weight: 400;\">Wie pflegt man Zirkoniumz\u00e4hne?<\/span><\/h2><p><span style=\"font-weight: 400;\">Die Pflege von Zirkoniumz\u00e4hnen sollte \u00e4hnlich wie bei anderen Z\u00e4hnen durchgef\u00fchrt werden. Sie sollten Ihre Z\u00e4hne regelm\u00e4\u00dfig putzen, Zahnseide verwenden und Ihre Mundpflege nicht vernachl\u00e4ssigen. Sie k\u00f6nnen die Lebensdauer Ihrer Z\u00e4hne auch verl\u00e4ngern, indem Sie s\u00e4urehaltige und harte Lebensmittel meiden. Bei sorgf\u00e4ltiger Pflege behalten Z\u00e4hne aus Zirkonium ihre \u00e4sthetischen und funktionellen Eigenschaften \u00fcber viele Jahre hinweg. Durch regelm\u00e4\u00dfige zahn\u00e4rztliche Kontrollen k\u00f6nnen Sie vorbeugen, bevor Probleme auftreten.<\/span><\/p><h2><span style=\"font-weight: 400;\">Gibt es Risiken und Nebenwirkungen bei der Anwendung von Zirkoniumz\u00e4hnen?<\/span><\/h2><p><span style=\"font-weight: 400;\">Zahnbehandlungen mit Zirkonium sind \u00e4u\u00dferst sicher, aber wie bei jeder Behandlung gibt es einige kleinere Risiken. Allergische Reaktionen werden bei Zirkonz\u00e4hnen in der Regel nicht beobachtet, aber Empfindlichkeit oder Unvertr\u00e4glichkeit k\u00f6nnen selten auftreten. Au\u00dferdem kann es beim Abschleifen der Z\u00e4hne bei einigen sehr empfindlichen Patienten zu vor\u00fcbergehenden Unannehmlichkeiten kommen. Dank der robusten Struktur von Zirkoniumz\u00e4hnen sind langfristige Probleme jedoch \u00e4u\u00dferst selten.<\/span><\/p><h2><span style=\"font-weight: 400;\">Wie lange ist die Erholungsphase bei der Anwendung von Zirkonz\u00e4hnen?<\/span><\/h2><p><span style=\"font-weight: 400;\">Die Einheilzeit von Zirkonzahnanwendungen ist in der Regel recht schnell. Schmerzen oder Empfindlichkeit verschwinden innerhalb weniger Tage nach der Behandlung. Nach der Behandlung kann der Patient sofort zum normalen Leben zur\u00fcckkehren, aber es kann einige Wochen dauern, bis das Zahnfleisch vollst\u00e4ndig verheilt ist. Zirkoniumz\u00e4hne sind in der Regel sofort einsetzbar, und die Patienten k\u00f6nnen nach der Behandlung ihre Kaufunktion bequem aus\u00fcben.<\/span><\/p><p>\u00a0<\/p>\t\t\t\t\t\t\t\t<\/div>\n\t\t\t\t<\/div>\n\t\t\t\t\t<\/div>\n\t\t\t\t<\/div>\n\t\t\t\t<\/div>","protected":false},"excerpt":{"rendered":"<p>Ortalama Kal\u0131\u015f S\u00fcresi 7 G\u00fcn Hastanede Yat\u0131\u015f S\u00fcresi 1 G\u00fcn Operasyon S\u00fcresi 2-4 Saat Anestezi T\u00fcr\u00fc Genel Anestezi \u0130yile\u015fme S\u00fcresi<\/p>","protected":false},"author":1,"featured_media":0,"parent":0,"menu_order":0,"comment_status":"closed","ping_status":"closed","template":"","meta":{"footnotes":""},"class_list":["post-27878","page","type-page","status-publish","hentry"],"_links":{"self":[{"href":"https:\/\/westestetik.com\/de\/wp-json\/wp\/v2\/pages\/27878","targetHints":{"allow":["GET"]}}],"collection":[{"href":"https:\/\/westestetik.com\/de\/wp-json\/wp\/v2\/pages"}],"about":[{"href":"https:\/\/westestetik.com\/de\/wp-json\/wp\/v2\/types\/page"}],"author":[{"embeddable":true,"href":"https:\/\/westestetik.com\/de\/wp-json\/wp\/v2\/users\/1"}],"replies":[{"embeddable":true,"href":"https:\/\/westestetik.com\/de\/wp-json\/wp\/v2\/comments?post=27878"}],"version-history":[{"count":10,"href":"https:\/\/westestetik.com\/de\/wp-json\/wp\/v2\/pages\/27878\/revisions"}],"predecessor-version":[{"id":29016,"href":"https:\/\/westestetik.com\/de\/wp-json\/wp\/v2\/pages\/27878\/revisions\/29016"}],"wp:attachment":[{"href":"https:\/\/westestetik.com\/de\/wp-json\/wp\/v2\/media?parent=27878"}],"curies":[{"name":"wp","href":"https:\/\/api.w.org\/{rel}","templated":true}]}}