{"id":27876,"date":"2024-12-02T23:32:51","date_gmt":"2024-12-02T23:32:51","guid":{"rendered":"https:\/\/westestetik.com\/?page_id=27876"},"modified":"2024-12-26T15:04:25","modified_gmt":"2024-12-26T15:04:25","slug":"hollywood-gulus","status":"publish","type":"page","link":"https:\/\/westestetik.com\/de\/hollywood-gulus\/","title":{"rendered":"Hollywood-L\u00e4cheln"},"content":{"rendered":"<div data-elementor-type=\"wp-page\" data-elementor-id=\"27876\" class=\"elementor elementor-27876\" data-elementor-post-type=\"page\">\n\t\t\t\t<div class=\"elementor-element elementor-element-53703026 e-con-full elementor-hidden-mobile e-flex e-con e-parent\" data-id=\"53703026\" data-element_type=\"container\">\n\t\t<div class=\"elementor-element elementor-element-380e18db e-con-full e-flex e-con e-child\" data-id=\"380e18db\" data-element_type=\"container\">\n\t\t\t\t<div class=\"elementor-element elementor-element-7928c14c elementor-widget elementor-widget-image\" data-id=\"7928c14c\" data-element_type=\"widget\" data-widget_type=\"image.default\">\n\t\t\t\t<div class=\"elementor-widget-container\">\n\t\t\t\t\t\t\t\t\t\t\t\t\t\t\t<img decoding=\"async\" width=\"100\" height=\"100\" src=\"https:\/\/westestetik.com\/wp-content\/uploads\/2024\/12\/1-4.png\" class=\"attachment-large size-large wp-image-28814\" alt=\"\" srcset=\"https:\/\/westestetik.com\/wp-content\/uploads\/2024\/12\/1-4.png 100w, https:\/\/westestetik.com\/wp-content\/uploads\/2024\/12\/1-4-12x12.png 12w\" sizes=\"(max-width: 100px) 100vw, 100px\" \/>\t\t\t\t\t\t\t\t\t\t\t\t\t\t\t<\/div>\n\t\t\t\t<\/div>\n\t\t\t\t<\/div>\n\t\t<div class=\"elementor-element elementor-element-5589adad e-con-full e-flex e-con e-child\" data-id=\"5589adad\" data-element_type=\"container\">\n\t\t\t\t<div class=\"elementor-element elementor-element-7cf5ad elementor-widget elementor-widget-image\" data-id=\"7cf5ad\" data-element_type=\"widget\" data-widget_type=\"image.default\">\n\t\t\t\t<div class=\"elementor-widget-container\">\n\t\t\t\t\t\t\t\t\t\t\t\t\t\t\t<img decoding=\"async\" width=\"100\" height=\"100\" src=\"https:\/\/westestetik.com\/wp-content\/uploads\/2024\/12\/2-5.png\" class=\"attachment-large size-large wp-image-28815\" alt=\"\" srcset=\"https:\/\/westestetik.com\/wp-content\/uploads\/2024\/12\/2-5.png 100w, https:\/\/westestetik.com\/wp-content\/uploads\/2024\/12\/2-5-12x12.png 12w\" sizes=\"(max-width: 100px) 100vw, 100px\" \/>\t\t\t\t\t\t\t\t\t\t\t\t\t\t\t<\/div>\n\t\t\t\t<\/div>\n\t\t\t\t<\/div>\n\t\t<div class=\"elementor-element elementor-element-898966a e-con-full e-flex e-con e-child\" data-id=\"898966a\" data-element_type=\"container\">\n\t\t\t\t<div class=\"elementor-element elementor-element-1bd5d4dc elementor-widget elementor-widget-image\" data-id=\"1bd5d4dc\" data-element_type=\"widget\" data-widget_type=\"image.default\">\n\t\t\t\t<div class=\"elementor-widget-container\">\n\t\t\t\t\t\t\t\t\t\t\t\t\t\t\t<img decoding=\"async\" width=\"100\" height=\"100\" src=\"https:\/\/westestetik.com\/wp-content\/uploads\/2024\/12\/3-1.png\" class=\"attachment-large size-large wp-image-28816\" alt=\"\" srcset=\"https:\/\/westestetik.com\/wp-content\/uploads\/2024\/12\/3-1.png 100w, https:\/\/westestetik.com\/wp-content\/uploads\/2024\/12\/3-1-12x12.png 12w\" sizes=\"(max-width: 100px) 100vw, 100px\" \/>\t\t\t\t\t\t\t\t\t\t\t\t\t\t\t<\/div>\n\t\t\t\t<\/div>\n\t\t\t\t<\/div>\n\t\t<div class=\"elementor-element elementor-element-4ad6550c e-con-full e-flex e-con e-child\" data-id=\"4ad6550c\" data-element_type=\"container\">\n\t\t\t\t<div class=\"elementor-element elementor-element-1490f2f elementor-widget elementor-widget-image\" data-id=\"1490f2f\" data-element_type=\"widget\" data-widget_type=\"image.default\">\n\t\t\t\t<div class=\"elementor-widget-container\">\n\t\t\t\t\t\t\t\t\t\t\t\t\t\t\t<img loading=\"lazy\" decoding=\"async\" width=\"100\" height=\"100\" src=\"https:\/\/westestetik.com\/wp-content\/uploads\/2024\/12\/4-1.png\" class=\"attachment-large size-large wp-image-28817\" alt=\"\" srcset=\"https:\/\/westestetik.com\/wp-content\/uploads\/2024\/12\/4-1.png 100w, https:\/\/westestetik.com\/wp-content\/uploads\/2024\/12\/4-1-12x12.png 12w\" sizes=\"(max-width: 100px) 100vw, 100px\" \/>\t\t\t\t\t\t\t\t\t\t\t\t\t\t\t<\/div>\n\t\t\t\t<\/div>\n\t\t\t\t<\/div>\n\t\t<div class=\"elementor-element elementor-element-29e6d412 e-con-full e-flex e-con e-child\" data-id=\"29e6d412\" data-element_type=\"container\">\n\t\t\t\t<div class=\"elementor-element elementor-element-3fbaafcd elementor-widget elementor-widget-image\" data-id=\"3fbaafcd\" data-element_type=\"widget\" data-widget_type=\"image.default\">\n\t\t\t\t<div class=\"elementor-widget-container\">\n\t\t\t\t\t\t\t\t\t\t\t\t\t\t\t<img loading=\"lazy\" decoding=\"async\" width=\"100\" height=\"100\" src=\"https:\/\/westestetik.com\/wp-content\/uploads\/2024\/12\/5-1.png\" class=\"attachment-large size-large wp-image-28818\" alt=\"\" srcset=\"https:\/\/westestetik.com\/wp-content\/uploads\/2024\/12\/5-1.png 100w, https:\/\/westestetik.com\/wp-content\/uploads\/2024\/12\/5-1-12x12.png 12w\" sizes=\"(max-width: 100px) 100vw, 100px\" \/>\t\t\t\t\t\t\t\t\t\t\t\t\t\t\t<\/div>\n\t\t\t\t<\/div>\n\t\t\t\t<\/div>\n\t\t\t\t<\/div>\n\t\t<div class=\"wd-negative-gap elementor-element elementor-element-522b163a elementor-hidden-mobile e-flex e-con-boxed e-con e-parent\" data-id=\"522b163a\" data-element_type=\"container\">\n\t\t\t\t\t<div class=\"e-con-inner\">\n\t\t<div class=\"elementor-element elementor-element-1076b6b5 e-con-full e-flex e-con e-child\" data-id=\"1076b6b5\" data-element_type=\"container\">\n\t\t\t\t<div class=\"elementor-element elementor-element-35d5d42b wd-width-100 elementor-widget elementor-widget-wd_title\" data-id=\"35d5d42b\" data-element_type=\"widget\" data-widget_type=\"wd_title.default\">\n\t\t\t\t<div class=\"elementor-widget-container\">\n\t\t\t\t\t\t\t<div class=\"title-wrapper set-mb-s reset-last-child wd-title-color-default wd-title-style-default wd-title-size-default text-center\">\n\n\t\t\t\t\t\t\t<div class=\"title-subtitle subtitle-color-default subtitle-style-default wd-fontsize-xs\">\n\t\t\t\t\tDurchschnittliche Dauer des Aufenthalts\t\t\t\t<\/div>\n\t\t\t\n\t\t\t<div class=\"liner-continer\">\n\t\t\t\t<p class=\"woodmart-title-container title wd-fontsize-l\">7 Tage<\/p> \n\t\t\t\t\t\t\t<\/div>\n\n\t\t\t\t\t<\/div>\n\t\t\t\t\t\t<\/div>\n\t\t\t\t<\/div>\n\t\t\t\t<\/div>\n\t\t<div class=\"elementor-element elementor-element-79ab4363 e-con-full e-flex e-con e-child\" data-id=\"79ab4363\" data-element_type=\"container\">\n\t\t\t\t<div class=\"elementor-element elementor-element-6a41647f wd-width-100 elementor-widget elementor-widget-wd_title\" data-id=\"6a41647f\" data-element_type=\"widget\" data-widget_type=\"wd_title.default\">\n\t\t\t\t<div class=\"elementor-widget-container\">\n\t\t\t\t\t\t\t<div class=\"title-wrapper set-mb-s reset-last-child wd-title-color-default wd-title-style-default wd-title-size-default text-center\">\n\n\t\t\t\t\t\t\t<div class=\"title-subtitle subtitle-color-default subtitle-style-default wd-fontsize-xs\">\n\t\t\t\t\tDauer des Krankenhausaufenthalts\t\t\t\t<\/div>\n\t\t\t\n\t\t\t<div class=\"liner-continer\">\n\t\t\t\t<p class=\"woodmart-title-container title wd-fontsize-l\">1 Tag<\/p> \n\t\t\t\t\t\t\t<\/div>\n\n\t\t\t\t\t<\/div>\n\t\t\t\t\t\t<\/div>\n\t\t\t\t<\/div>\n\t\t\t\t<\/div>\n\t\t<div class=\"elementor-element elementor-element-10413263 e-con-full e-flex e-con e-child\" data-id=\"10413263\" data-element_type=\"container\">\n\t\t\t\t<div class=\"elementor-element elementor-element-159a96ad wd-width-100 elementor-widget elementor-widget-wd_title\" data-id=\"159a96ad\" data-element_type=\"widget\" data-widget_type=\"wd_title.default\">\n\t\t\t\t<div class=\"elementor-widget-container\">\n\t\t\t\t\t\t\t<div class=\"title-wrapper set-mb-s reset-last-child wd-title-color-default wd-title-style-default wd-title-size-default text-center\">\n\n\t\t\t\t\t\t\t<div class=\"title-subtitle subtitle-color-default subtitle-style-default wd-fontsize-xs\">\n\t\t\t\t\tOperation Dauer\t\t\t\t<\/div>\n\t\t\t\n\t\t\t<div class=\"liner-continer\">\n\t\t\t\t<p class=\"woodmart-title-container title wd-fontsize-l\">2-4 Stunden<\/p> \n\t\t\t\t\t\t\t<\/div>\n\n\t\t\t\t\t<\/div>\n\t\t\t\t\t\t<\/div>\n\t\t\t\t<\/div>\n\t\t\t\t<\/div>\n\t\t<div class=\"elementor-element elementor-element-7724284a e-con-full e-flex e-con e-child\" data-id=\"7724284a\" data-element_type=\"container\">\n\t\t\t\t<div class=\"elementor-element elementor-element-7d7c5fa1 wd-width-100 elementor-widget elementor-widget-wd_title\" data-id=\"7d7c5fa1\" data-element_type=\"widget\" data-widget_type=\"wd_title.default\">\n\t\t\t\t<div class=\"elementor-widget-container\">\n\t\t\t\t\t\t\t<div class=\"title-wrapper set-mb-s reset-last-child wd-title-color-default wd-title-style-default wd-title-size-default text-center\">\n\n\t\t\t\t\t\t\t<div class=\"title-subtitle subtitle-color-default subtitle-style-default wd-fontsize-xs\">\n\t\t\t\t\tAn\u00e4sthesie Typ\t\t\t\t<\/div>\n\t\t\t\n\t\t\t<div class=\"liner-continer\">\n\t\t\t\t<p class=\"woodmart-title-container title wd-fontsize-l\">Allgemeine An\u00e4sthesie<\/p> \n\t\t\t\t\t\t\t<\/div>\n\n\t\t\t\t\t<\/div>\n\t\t\t\t\t\t<\/div>\n\t\t\t\t<\/div>\n\t\t\t\t<\/div>\n\t\t<div class=\"elementor-element elementor-element-344d65c3 e-con-full e-flex e-con e-child\" data-id=\"344d65c3\" data-element_type=\"container\">\n\t\t\t\t<div class=\"elementor-element elementor-element-550c4cef wd-width-100 elementor-widget elementor-widget-wd_title\" data-id=\"550c4cef\" data-element_type=\"widget\" data-widget_type=\"wd_title.default\">\n\t\t\t\t<div class=\"elementor-widget-container\">\n\t\t\t\t\t\t\t<div class=\"title-wrapper set-mb-s reset-last-child wd-title-color-default wd-title-style-default wd-title-size-default text-center\">\n\n\t\t\t\t\t\t\t<div class=\"title-subtitle subtitle-color-default subtitle-style-default wd-fontsize-xs\">\n\t\t\t\t\tErholungszeit\t\t\t\t<\/div>\n\t\t\t\n\t\t\t<div class=\"liner-continer\">\n\t\t\t\t<p class=\"woodmart-title-container title wd-fontsize-l\">1-2 Wochen<\/p> \n\t\t\t\t\t\t\t<\/div>\n\n\t\t\t\t\t<\/div>\n\t\t\t\t\t\t<\/div>\n\t\t\t\t<\/div>\n\t\t\t\t<\/div>\n\t\t\t\t\t<\/div>\n\t\t\t\t<\/div>\n\t\t<div class=\"wd-negative-gap elementor-element elementor-element-0c06a73 e-flex e-con-boxed e-con e-parent\" data-id=\"0c06a73\" data-element_type=\"container\">\n\t\t\t\t\t<div class=\"e-con-inner\">\n\t\t\t\t<div class=\"elementor-element elementor-element-420bf56 color-scheme-inherit text-left elementor-widget elementor-widget-text-editor\" data-id=\"420bf56\" data-element_type=\"widget\" data-widget_type=\"text-editor.default\">\n\t\t\t\t<div class=\"elementor-widget-container\">\n\t\t\t\t\t\t\t\t\t<p><span style=\"font-weight: 400;\">Hollywood G\u00fcl\u00fc\u015f\u00fc, estetik di\u015f hekimli\u011finde son y\u0131llar\u0131n en pop\u00fcler trendlerinden biri haline gelmi\u015ftir. Beyaz, d\u00fczg\u00fcn ve simetrik di\u015flerle m\u00fckemmel bir g\u00fcl\u00fc\u015fe sahip olma hayalini ger\u00e7e\u011fe d\u00f6n\u00fc\u015ft\u00fcren bu tedavi, ki\u015finin y\u00fcz hatlar\u0131na en uygun di\u015f esteti\u011fini olu\u015fturmay\u0131 ama\u00e7lar. Hollywood G\u00fcl\u00fc\u015f\u00fc, sadece estetik a\u00e7\u0131dan de\u011fil, ayn\u0131 zamanda ki\u015finin \u00f6zg\u00fcvenini art\u0131ran, gen\u00e7le\u015ftirici ve do\u011fal bir g\u00f6r\u00fcn\u00fcm sa\u011flayan bir \u00e7\u00f6z\u00fcmd\u00fcr. Di\u015f beyazlatma, porselen kaplamalar, di\u015f teli tedavisi gibi \u00e7e\u015fitli y\u00f6ntemlerle uygulanan bu i\u015flem, her ya\u015ftan birey i\u00e7in ideal bir se\u00e7enek sunar.<\/span><\/p><h2><span style=\"font-weight: 400;\">Hollywood G\u00fcl\u00fc\u015f Nedir ve Nas\u0131l Uygulan\u0131r?<\/span><\/h2><p><span style=\"font-weight: 400;\">Hollywood G\u00fcl\u00fc\u015f\u00fc, estetik di\u015f hekimli\u011fi uygulamalar\u0131yla elde edilen, parlak, beyaz ve d\u00fczg\u00fcn di\u015flere sahip olma i\u015flemidir. Bu g\u00fcl\u00fc\u015f tasar\u0131m\u0131, ki\u015finin y\u00fcz hatlar\u0131na en uygun di\u015f esteti\u011fini olu\u015fturmay\u0131 ama\u00e7lar. Hollywood G\u00fcl\u00fc\u015f\u00fc, genellikle di\u015f beyazlatma, porselen kaplamalar, di\u015f teli tedavileri ve di\u015f etlerinin \u015fekillendirilmesi gibi bir dizi tedavi ile elde edilir. Di\u015flerin \u015fekli, boyutu ve rengi ki\u015fiye \u00f6zel olarak tasarlan\u0131r ve en do\u011fal g\u00f6r\u00fcn\u00fcme ula\u015f\u0131l\u0131r. Hollywood G\u00fcl\u00fc\u015f\u00fc, yaln\u0131zca estetik de\u011fil, ayn\u0131 zamanda ki\u015finin \u00f6zg\u00fcvenini art\u0131ran bir tedavi se\u00e7ene\u011fidir.<\/span><\/p><h2><span style=\"font-weight: 400;\">Hollywood G\u00fcl\u00fc\u015f\u00fc \u0130\u00e7in En \u0130yi Aday Kimlerdir?<\/span><\/h2><p><span style=\"font-weight: 400;\">Hollywood G\u00fcl\u00fc\u015f\u00fc, genellikle estetik kayg\u0131lar\u0131 olan ve g\u00fcl\u00fc\u015f\u00fcnden memnun olmayan ki\u015filere \u00f6nerilir. Di\u015flerinde renk bozukluklar\u0131, \u015fekil bozukluklar\u0131 veya di\u015f aral\u0131klar\u0131 olan ki\u015filer, Hollywood G\u00fcl\u00fc\u015f\u00fc i\u00e7in ideal adaylard\u0131r. Ayr\u0131ca, di\u015flerdeki k\u0131r\u0131klar ve a\u015f\u0131nmalar da bu tedavi ile d\u00fczeltilebilir. Yine de her bireyin di\u015f yap\u0131s\u0131 farkl\u0131d\u0131r, bu nedenle Hollywood G\u00fcl\u00fc\u015f\u00fc uygulanmadan \u00f6nce di\u015f hekiminin detayl\u0131 bir muayene yapmas\u0131 gereklidir. Adaylar, sa\u011fl\u0131kl\u0131 di\u015flere ve di\u015f etlerine sahip olmal\u0131, tedaviye engel bir hastal\u0131k bulunmamal\u0131d\u0131r.<\/span><\/p><h2><span style=\"font-weight: 400;\">Hollywood G\u00fcl\u00fc\u015f\u00fc Tedavisi Ka\u00e7 Seans S\u00fcrer?<\/span><\/h2><p><span style=\"font-weight: 400;\">Hollywood G\u00fcl\u00fc\u015f\u00fc tedavisi, genellikle 2-3 seansta tamamlanabilir. \u0130lk seansta, di\u015flerinizin durumu de\u011ferlendirilir, dijital g\u00fcl\u00fc\u015f tasar\u0131m\u0131 yap\u0131l\u0131r ve gerekli \u00f6l\u00e7\u00fcmler al\u0131n\u0131r. \u0130kinci seansta ise di\u015flerin \u00fczerine porselen kaplamalar veya lamineler uygulanabilir. E\u011fer di\u015f beyazlatma veya di\u011fer estetik i\u015flemler gerekiyorsa, tedavi s\u00fcresi biraz daha uzayabilir. Tedavi s\u00fcresi, ki\u015fisel ihtiya\u00e7lara ve yap\u0131lacak i\u015flemlere g\u00f6re de\u011fi\u015fiklik g\u00f6sterir. Ancak Hollywood G\u00fcl\u00fc\u015f\u00fc, k\u0131sa s\u00fcreli tedavi s\u00fcresiyle etkili sonu\u00e7lar verir.<\/span><\/p><h2><span style=\"font-weight: 400;\">Hollywood G\u00fcl\u00fc\u015f Fiyatlar\u0131 Ne Kadar?<\/span><\/h2><p><span style=\"font-weight: 400;\">Hollywood G\u00fcl\u00fc\u015f\u00fc fiyatlar\u0131, uygulanacak tedavi y\u00f6ntemine, di\u015f say\u0131s\u0131na ve kullan\u0131lan malzemelere g\u00f6re de\u011fi\u015fkenlik g\u00f6sterir. Di\u015f beyazlatma, porselen kaplama ve di\u011fer estetik i\u015flemlerin kombinasyonu fiyat\u0131 etkileyebilir. Ayr\u0131ca, klinik se\u00e7imi, kullan\u0131lan teknolojiler ve hekimin deneyimi de fiyatlar\u0131 belirleyen fakt\u00f6rlerdir. Fiyat aral\u0131klar\u0131 hakk\u0131nda net bir bilgi almak i\u00e7in, ki\u015fisel de\u011ferlendirme yap\u0131lmas\u0131 ve tedavi plan\u0131 olu\u015fturulmas\u0131 gereklidir. Hollywood G\u00fcl\u00fc\u015f\u00fc, uzun vadede kal\u0131c\u0131 ve estetik sonu\u00e7lar sundu\u011fu i\u00e7in, yat\u0131r\u0131m yapmaya de\u011fer bir tedavi se\u00e7ene\u011fidir.<\/span><\/p><h2><span style=\"font-weight: 400;\">Hollywood G\u00fcl\u00fc\u015f\u00fcn\u00fcn Yararlar\u0131 Nelerdir?<\/span><\/h2><p><span style=\"font-weight: 400;\">Hollywood G\u00fcl\u00fc\u015f\u00fc, sadece estetik de\u011fil, ayn\u0131 zamanda fonksiyonel faydalar da sunar. Di\u015flerin d\u00fczg\u00fcn ve sa\u011fl\u0131kl\u0131 olmas\u0131, ki\u015filerin daha rahat bir \u015fekilde yemek yemesini ve konu\u015fmas\u0131n\u0131 sa\u011flar. Ayr\u0131ca, Hollywood G\u00fcl\u00fc\u015f\u00fc ile elde edilen beyaz ve parlak di\u015fler, \u00f6zg\u00fcveni art\u0131r\u0131r ve ki\u015fiye daha gen\u00e7 bir g\u00f6r\u00fcn\u00fcm kazand\u0131r\u0131r. Tedavi sonucunda, daha d\u00fczg\u00fcn bir g\u00fcl\u00fc\u015f elde edilir, di\u015flerdeki lekeler ve k\u0131r\u0131klar d\u00fczeltilir. Hollywood G\u00fcl\u00fc\u015f\u00fc, estetik a\u00e7\u0131dan oldu\u011fu kadar i\u015flevsel a\u00e7\u0131dan da bir\u00e7ok avantaj sunmaktad\u0131r.<\/span><\/p><h2><span style=\"font-weight: 400;\">Hollywood G\u00fcl\u00fc\u015f\u00fc Sonras\u0131 Bak\u0131m ve \u0130yile\u015fme S\u00fcreci<\/span><\/h2><p><span style=\"font-weight: 400;\">Hollywood G\u00fcl\u00fc\u015f\u00fc tedavisinin ard\u0131ndan iyile\u015fme s\u00fcreci genellikle h\u0131zl\u0131d\u0131r. Porselen kaplamalar veya di\u015f beyazlatma i\u015flemleri sonras\u0131 di\u015flerde hafif bir hassasiyet g\u00f6r\u00fclebilir, ancak bu genellikle k\u0131sa s\u00fcreli bir durumdur. Tedavi sonras\u0131nda, di\u015flerinizi korumak i\u00e7in d\u00fczenli di\u015f f\u0131r\u00e7alama, di\u015f ipi kullan\u0131m\u0131 ve sigara gibi zararl\u0131 al\u0131\u015fkanl\u0131klardan ka\u00e7\u0131nman\u0131z \u00f6nerilir. Ayr\u0131ca, a\u015f\u0131r\u0131 s\u0131cak veya so\u011fuk yiyeceklerden ka\u00e7\u0131nmak da iyile\u015fme s\u00fcrecini h\u0131zland\u0131rabilir. Hollywood G\u00fcl\u00fc\u015f\u00fc sonras\u0131nda di\u015flerinizin bak\u0131m\u0131n\u0131 aksatmamak, tedavi s\u00fcrecinin ba\u015far\u0131s\u0131n\u0131 garanti eder.<\/span><\/p><h2><span style=\"font-weight: 400;\">Hollywood G\u00fcl\u00fc\u015f\u00fc \u0130\u00e7in Kullan\u0131lan Y\u00f6ntemler Nelerdir?<\/span><\/h2><p><span style=\"font-weight: 400;\">Hollywood G\u00fcl\u00fc\u015f\u00fc, bir dizi estetik di\u015f hekimli\u011fi tedavisinin birle\u015fiminden olu\u015fur. Di\u015f beyazlatma, porselen kaplama, di\u015f teli tedavisi, di\u015f eti d\u00fczenlemesi ve estetik dolgular bu y\u00f6ntemler aras\u0131nda yer al\u0131r. Di\u015f beyazlatma, genellikle g\u00fcl\u00fc\u015f\u00fcn daha parlak ve gen\u00e7 g\u00f6r\u00fcnmesini sa\u011flamak i\u00e7in kullan\u0131l\u0131r. Porselen kaplamalar, di\u015flerin \u015fekil ve boyutlar\u0131n\u0131 d\u00fczeltirken, di\u015f teli tedavisi ise daha ciddi d\u00fczeltilmesi gereken durumlar i\u00e7in tercih edilir. Di\u015f etlerinin \u015fekillendirilmesi de, g\u00fcl\u00fc\u015f\u00fcn do\u011fal bir \u015fekilde g\u00f6r\u00fcnmesini sa\u011flar. Her bir y\u00f6ntem, ki\u015fiye \u00f6zel olarak se\u00e7ilir ve uygulan\u0131r.<\/span><\/p><h2><span style=\"font-weight: 400;\">Hollywood G\u00fcl\u00fc\u015f\u00fc Ac\u0131 Verir mi?<\/span><\/h2><p><span style=\"font-weight: 400;\">Hollywood G\u00fcl\u00fc\u015f\u00fc tedavisi s\u0131ras\u0131nda genellikle lokal anestezi kullan\u0131l\u0131r, bu nedenle tedavi s\u0131ras\u0131nda a\u011fr\u0131 hissedilmez. Tedavi sonras\u0131 ise hafif bir hassasiyet olabilir, ancak bu durum k\u0131sa s\u00fcreli olup kolayca ge\u00e7er.<\/span><\/p><h2><span style=\"font-weight: 400;\">Hollywood G\u00fcl\u00fc\u015f\u00fc Ne Kadar Kal\u0131c\u0131d\u0131r?<\/span><\/h2><p><span style=\"font-weight: 400;\">Hollywood G\u00fcl\u00fc\u015f\u00fc, do\u011fru bak\u0131mla uzun y\u0131llar boyunca kal\u0131c\u0131d\u0131r. Porselen kaplamalar ve lamineler genellikle 10-15 y\u0131l aras\u0131nda dayan\u0131kl\u0131d\u0131r, ancak bu s\u00fcre ki\u015fisel bak\u0131m\u0131n\u0131za ve ya\u015fam tarz\u0131n\u0131za ba\u011fl\u0131 olarak de\u011fi\u015febilir.<\/span><\/p><h2><span style=\"font-weight: 400;\">Hollywood G\u00fcl\u00fc\u015f\u00fc Tedavisi Kimlere Uygulanabilir?<\/span><\/h2><p><span style=\"font-weight: 400;\">Hollywood G\u00fcl\u00fc\u015f\u00fc tedavisi, estetik kayg\u0131lar\u0131 olan sa\u011fl\u0131kl\u0131 bireylere uygulanabilir. Ancak tedavi \u00f6ncesinde, di\u015f hekiminin muayenesi \u00f6nemlidir.<\/span><\/p><h2><span style=\"font-weight: 400;\">Hollywood G\u00fcl\u00fc\u015f\u00fc ile Di\u015f Esteti\u011fi Farklar\u0131<\/span><\/h2><p><span style=\"font-weight: 400;\">Hollywood G\u00fcl\u00fc\u015f\u00fc, geleneksel di\u015f esteti\u011fi tedavilerinden farkl\u0131 olarak tamamen ki\u015fiye \u00f6zel bir g\u00fcl\u00fc\u015f tasar\u0131m\u0131 sunar. Di\u011fer estetik tedaviler genellikle di\u015flerdeki mevcut sorunlar\u0131 d\u00fczeltmeye y\u00f6nelikken, Hollywood G\u00fcl\u00fc\u015f\u00fc, t\u00fcm di\u015flerin ve di\u015f etlerinin estetik uyum i\u00e7inde olmas\u0131n\u0131 hedefler. Bu, daha do\u011fal ve simetrik bir g\u00fcl\u00fc\u015f sa\u011flar. Hollywood G\u00fcl\u00fc\u015f\u00fc ile di\u015flerde sadece i\u015flevsel de\u011fil, ayn\u0131 zamanda estetik bir iyile\u015fme de sa\u011flan\u0131r.<\/span><\/p><h2><span style=\"font-weight: 400;\">Hollywood G\u00fcl\u00fc\u015f\u00fc ile Beyaz Di\u015flere Nas\u0131l Kavu\u015fulur?<\/span><\/h2><p><span style=\"font-weight: 400;\">Hollywood G\u00fcl\u00fc\u015f\u00fc, beyaz di\u015flere sahip olman\u0131n en etkili yollar\u0131ndan biridir. Di\u015f beyazlatma i\u015flemi, di\u015flerdeki lekeleri ve renk bozukluklar\u0131n\u0131 ortadan kald\u0131rarak di\u015flerinizi daha beyaz ve parlak hale getirir. Ayr\u0131ca, porselen kaplamalar ve lamineler ile daha kal\u0131c\u0131 sonu\u00e7lar elde edilir. Hollywood G\u00fcl\u00fc\u015f\u00fc tedavisi, di\u015flerinizin do\u011fal beyazl\u0131\u011f\u0131na kavu\u015fman\u0131z\u0131 sa\u011flar ve g\u00fcl\u00fc\u015f\u00fcn\u00fcz\u00fc her a\u00e7\u0131dan m\u00fckemmel hale getirir.<\/span><\/p>\t\t\t\t\t\t\t\t<\/div>\n\t\t\t\t<\/div>\n\t\t\t\t\t<\/div>\n\t\t\t\t<\/div>\n\t\t\t\t<\/div>","protected":false},"excerpt":{"rendered":"<p>Ortalama Kal\u0131\u015f S\u00fcresi 7 G\u00fcn Hastanede Yat\u0131\u015f S\u00fcresi 1 G\u00fcn Operasyon S\u00fcresi 2-4 Saat Anestezi T\u00fcr\u00fc Genel Anestezi \u0130yile\u015fme S\u00fcresi<\/p>","protected":false},"author":1,"featured_media":0,"parent":0,"menu_order":0,"comment_status":"closed","ping_status":"closed","template":"","meta":{"footnotes":""},"class_list":["post-27876","page","type-page","status-publish","hentry"],"_links":{"self":[{"href":"https:\/\/westestetik.com\/de\/wp-json\/wp\/v2\/pages\/27876","targetHints":{"allow":["GET"]}}],"collection":[{"href":"https:\/\/westestetik.com\/de\/wp-json\/wp\/v2\/pages"}],"about":[{"href":"https:\/\/westestetik.com\/de\/wp-json\/wp\/v2\/types\/page"}],"author":[{"embeddable":true,"href":"https:\/\/westestetik.com\/de\/wp-json\/wp\/v2\/users\/1"}],"replies":[{"embeddable":true,"href":"https:\/\/westestetik.com\/de\/wp-json\/wp\/v2\/comments?post=27876"}],"version-history":[{"count":11,"href":"https:\/\/westestetik.com\/de\/wp-json\/wp\/v2\/pages\/27876\/revisions"}],"predecessor-version":[{"id":29019,"href":"https:\/\/westestetik.com\/de\/wp-json\/wp\/v2\/pages\/27876\/revisions\/29019"}],"wp:attachment":[{"href":"https:\/\/westestetik.com\/de\/wp-json\/wp\/v2\/media?parent=27876"}],"curies":[{"name":"wp","href":"https:\/\/api.w.org\/{rel}","templated":true}]}}