{"id":27871,"date":"2024-12-02T23:32:25","date_gmt":"2024-12-02T23:32:25","guid":{"rendered":"https:\/\/westestetik.com\/?page_id=27871"},"modified":"2024-12-26T15:05:04","modified_gmt":"2024-12-26T15:05:04","slug":"allgemeine-zahnmedizin","status":"publish","type":"page","link":"https:\/\/westestetik.com\/de\/allgemeine-zahnmedizin\/","title":{"rendered":"Allgemeine Zahnmedizin"},"content":{"rendered":"<div data-elementor-type=\"wp-page\" data-elementor-id=\"27871\" class=\"elementor elementor-27871\" data-elementor-post-type=\"page\">\n\t\t\t\t<div class=\"elementor-element elementor-element-1a7f8b29 e-con-full elementor-hidden-mobile e-flex e-con e-parent\" data-id=\"1a7f8b29\" data-element_type=\"container\">\n\t\t<div class=\"elementor-element elementor-element-4e0be485 e-con-full e-flex e-con e-child\" data-id=\"4e0be485\" data-element_type=\"container\">\n\t\t\t\t<div class=\"elementor-element elementor-element-4ff0315d elementor-widget elementor-widget-image\" data-id=\"4ff0315d\" data-element_type=\"widget\" data-widget_type=\"image.default\">\n\t\t\t\t<div class=\"elementor-widget-container\">\n\t\t\t\t\t\t\t\t\t\t\t\t\t\t\t<img decoding=\"async\" width=\"100\" height=\"100\" src=\"https:\/\/westestetik.com\/wp-content\/uploads\/2024\/12\/1-4.png\" class=\"attachment-large size-large wp-image-28814\" alt=\"\" srcset=\"https:\/\/westestetik.com\/wp-content\/uploads\/2024\/12\/1-4.png 100w, https:\/\/westestetik.com\/wp-content\/uploads\/2024\/12\/1-4-12x12.png 12w\" sizes=\"(max-width: 100px) 100vw, 100px\" \/>\t\t\t\t\t\t\t\t\t\t\t\t\t\t\t<\/div>\n\t\t\t\t<\/div>\n\t\t\t\t<\/div>\n\t\t<div class=\"elementor-element elementor-element-13d909c0 e-con-full e-flex e-con e-child\" data-id=\"13d909c0\" data-element_type=\"container\">\n\t\t\t\t<div class=\"elementor-element elementor-element-38b64eda elementor-widget elementor-widget-image\" data-id=\"38b64eda\" data-element_type=\"widget\" data-widget_type=\"image.default\">\n\t\t\t\t<div class=\"elementor-widget-container\">\n\t\t\t\t\t\t\t\t\t\t\t\t\t\t\t<img decoding=\"async\" width=\"100\" height=\"100\" src=\"https:\/\/westestetik.com\/wp-content\/uploads\/2024\/12\/2-5.png\" class=\"attachment-large size-large wp-image-28815\" alt=\"\" srcset=\"https:\/\/westestetik.com\/wp-content\/uploads\/2024\/12\/2-5.png 100w, https:\/\/westestetik.com\/wp-content\/uploads\/2024\/12\/2-5-12x12.png 12w\" sizes=\"(max-width: 100px) 100vw, 100px\" \/>\t\t\t\t\t\t\t\t\t\t\t\t\t\t\t<\/div>\n\t\t\t\t<\/div>\n\t\t\t\t<\/div>\n\t\t<div class=\"elementor-element elementor-element-2618130 e-con-full e-flex e-con e-child\" data-id=\"2618130\" data-element_type=\"container\">\n\t\t\t\t<div class=\"elementor-element elementor-element-54ae7441 elementor-widget elementor-widget-image\" data-id=\"54ae7441\" data-element_type=\"widget\" data-widget_type=\"image.default\">\n\t\t\t\t<div class=\"elementor-widget-container\">\n\t\t\t\t\t\t\t\t\t\t\t\t\t\t\t<img decoding=\"async\" width=\"100\" height=\"100\" src=\"https:\/\/westestetik.com\/wp-content\/uploads\/2024\/12\/3-1.png\" class=\"attachment-large size-large wp-image-28816\" alt=\"\" srcset=\"https:\/\/westestetik.com\/wp-content\/uploads\/2024\/12\/3-1.png 100w, https:\/\/westestetik.com\/wp-content\/uploads\/2024\/12\/3-1-12x12.png 12w\" sizes=\"(max-width: 100px) 100vw, 100px\" \/>\t\t\t\t\t\t\t\t\t\t\t\t\t\t\t<\/div>\n\t\t\t\t<\/div>\n\t\t\t\t<\/div>\n\t\t<div class=\"elementor-element elementor-element-12bfd283 e-con-full e-flex e-con e-child\" data-id=\"12bfd283\" data-element_type=\"container\">\n\t\t\t\t<div class=\"elementor-element elementor-element-6dc6574b elementor-widget elementor-widget-image\" data-id=\"6dc6574b\" data-element_type=\"widget\" data-widget_type=\"image.default\">\n\t\t\t\t<div class=\"elementor-widget-container\">\n\t\t\t\t\t\t\t\t\t\t\t\t\t\t\t<img loading=\"lazy\" decoding=\"async\" width=\"100\" height=\"100\" src=\"https:\/\/westestetik.com\/wp-content\/uploads\/2024\/12\/4-1.png\" class=\"attachment-large size-large wp-image-28817\" alt=\"\" srcset=\"https:\/\/westestetik.com\/wp-content\/uploads\/2024\/12\/4-1.png 100w, https:\/\/westestetik.com\/wp-content\/uploads\/2024\/12\/4-1-12x12.png 12w\" sizes=\"(max-width: 100px) 100vw, 100px\" \/>\t\t\t\t\t\t\t\t\t\t\t\t\t\t\t<\/div>\n\t\t\t\t<\/div>\n\t\t\t\t<\/div>\n\t\t<div class=\"elementor-element elementor-element-2e7fac7b e-con-full e-flex e-con e-child\" data-id=\"2e7fac7b\" data-element_type=\"container\">\n\t\t\t\t<div class=\"elementor-element elementor-element-ee41376 elementor-widget elementor-widget-image\" data-id=\"ee41376\" data-element_type=\"widget\" data-widget_type=\"image.default\">\n\t\t\t\t<div class=\"elementor-widget-container\">\n\t\t\t\t\t\t\t\t\t\t\t\t\t\t\t<img loading=\"lazy\" decoding=\"async\" width=\"100\" height=\"100\" src=\"https:\/\/westestetik.com\/wp-content\/uploads\/2024\/12\/5-1.png\" class=\"attachment-large size-large wp-image-28818\" alt=\"\" srcset=\"https:\/\/westestetik.com\/wp-content\/uploads\/2024\/12\/5-1.png 100w, https:\/\/westestetik.com\/wp-content\/uploads\/2024\/12\/5-1-12x12.png 12w\" sizes=\"(max-width: 100px) 100vw, 100px\" \/>\t\t\t\t\t\t\t\t\t\t\t\t\t\t\t<\/div>\n\t\t\t\t<\/div>\n\t\t\t\t<\/div>\n\t\t\t\t<\/div>\n\t\t<div class=\"wd-negative-gap elementor-element elementor-element-71b348a0 elementor-hidden-mobile e-flex e-con-boxed e-con e-parent\" data-id=\"71b348a0\" data-element_type=\"container\">\n\t\t\t\t\t<div class=\"e-con-inner\">\n\t\t<div class=\"elementor-element elementor-element-7804d908 e-con-full e-flex e-con e-child\" data-id=\"7804d908\" data-element_type=\"container\">\n\t\t\t\t<div class=\"elementor-element elementor-element-6b7b3c0f wd-width-100 elementor-widget elementor-widget-wd_title\" data-id=\"6b7b3c0f\" data-element_type=\"widget\" data-widget_type=\"wd_title.default\">\n\t\t\t\t<div class=\"elementor-widget-container\">\n\t\t\t\t\t\t\t<div class=\"title-wrapper set-mb-s reset-last-child wd-title-color-default wd-title-style-default wd-title-size-default text-center\">\n\n\t\t\t\t\t\t\t<div class=\"title-subtitle subtitle-color-default subtitle-style-default wd-fontsize-xs\">\n\t\t\t\t\tDurchschnittliche Dauer des Aufenthalts\t\t\t\t<\/div>\n\t\t\t\n\t\t\t<div class=\"liner-continer\">\n\t\t\t\t<p class=\"woodmart-title-container title wd-fontsize-l\">7 Tage<\/p> \n\t\t\t\t\t\t\t<\/div>\n\n\t\t\t\t\t<\/div>\n\t\t\t\t\t\t<\/div>\n\t\t\t\t<\/div>\n\t\t\t\t<\/div>\n\t\t<div class=\"elementor-element elementor-element-5e7ee245 e-con-full e-flex e-con e-child\" data-id=\"5e7ee245\" data-element_type=\"container\">\n\t\t\t\t<div class=\"elementor-element elementor-element-239266d7 wd-width-100 elementor-widget elementor-widget-wd_title\" data-id=\"239266d7\" data-element_type=\"widget\" data-widget_type=\"wd_title.default\">\n\t\t\t\t<div class=\"elementor-widget-container\">\n\t\t\t\t\t\t\t<div class=\"title-wrapper set-mb-s reset-last-child wd-title-color-default wd-title-style-default wd-title-size-default text-center\">\n\n\t\t\t\t\t\t\t<div class=\"title-subtitle subtitle-color-default subtitle-style-default wd-fontsize-xs\">\n\t\t\t\t\tDauer des Krankenhausaufenthalts\t\t\t\t<\/div>\n\t\t\t\n\t\t\t<div class=\"liner-continer\">\n\t\t\t\t<p class=\"woodmart-title-container title wd-fontsize-l\">1 Tag<\/p> \n\t\t\t\t\t\t\t<\/div>\n\n\t\t\t\t\t<\/div>\n\t\t\t\t\t\t<\/div>\n\t\t\t\t<\/div>\n\t\t\t\t<\/div>\n\t\t<div class=\"elementor-element elementor-element-44a0ed53 e-con-full e-flex e-con e-child\" data-id=\"44a0ed53\" data-element_type=\"container\">\n\t\t\t\t<div class=\"elementor-element elementor-element-d136995 wd-width-100 elementor-widget elementor-widget-wd_title\" data-id=\"d136995\" data-element_type=\"widget\" data-widget_type=\"wd_title.default\">\n\t\t\t\t<div class=\"elementor-widget-container\">\n\t\t\t\t\t\t\t<div class=\"title-wrapper set-mb-s reset-last-child wd-title-color-default wd-title-style-default wd-title-size-default text-center\">\n\n\t\t\t\t\t\t\t<div class=\"title-subtitle subtitle-color-default subtitle-style-default wd-fontsize-xs\">\n\t\t\t\t\tOperation Dauer\t\t\t\t<\/div>\n\t\t\t\n\t\t\t<div class=\"liner-continer\">\n\t\t\t\t<p class=\"woodmart-title-container title wd-fontsize-l\">2-4 Stunden<\/p> \n\t\t\t\t\t\t\t<\/div>\n\n\t\t\t\t\t<\/div>\n\t\t\t\t\t\t<\/div>\n\t\t\t\t<\/div>\n\t\t\t\t<\/div>\n\t\t<div class=\"elementor-element elementor-element-38d5c966 e-con-full e-flex e-con e-child\" data-id=\"38d5c966\" data-element_type=\"container\">\n\t\t\t\t<div class=\"elementor-element elementor-element-67b84a1f wd-width-100 elementor-widget elementor-widget-wd_title\" data-id=\"67b84a1f\" data-element_type=\"widget\" data-widget_type=\"wd_title.default\">\n\t\t\t\t<div class=\"elementor-widget-container\">\n\t\t\t\t\t\t\t<div class=\"title-wrapper set-mb-s reset-last-child wd-title-color-default wd-title-style-default wd-title-size-default text-center\">\n\n\t\t\t\t\t\t\t<div class=\"title-subtitle subtitle-color-default subtitle-style-default wd-fontsize-xs\">\n\t\t\t\t\tAn\u00e4sthesie Typ\t\t\t\t<\/div>\n\t\t\t\n\t\t\t<div class=\"liner-continer\">\n\t\t\t\t<p class=\"woodmart-title-container title wd-fontsize-l\">Allgemeine An\u00e4sthesie<\/p> \n\t\t\t\t\t\t\t<\/div>\n\n\t\t\t\t\t<\/div>\n\t\t\t\t\t\t<\/div>\n\t\t\t\t<\/div>\n\t\t\t\t<\/div>\n\t\t<div class=\"elementor-element elementor-element-a9ad526 e-con-full e-flex e-con e-child\" data-id=\"a9ad526\" data-element_type=\"container\">\n\t\t\t\t<div class=\"elementor-element elementor-element-69e286c2 wd-width-100 elementor-widget elementor-widget-wd_title\" data-id=\"69e286c2\" data-element_type=\"widget\" data-widget_type=\"wd_title.default\">\n\t\t\t\t<div class=\"elementor-widget-container\">\n\t\t\t\t\t\t\t<div class=\"title-wrapper set-mb-s reset-last-child wd-title-color-default wd-title-style-default wd-title-size-default text-center\">\n\n\t\t\t\t\t\t\t<div class=\"title-subtitle subtitle-color-default subtitle-style-default wd-fontsize-xs\">\n\t\t\t\t\tErholungszeit\t\t\t\t<\/div>\n\t\t\t\n\t\t\t<div class=\"liner-continer\">\n\t\t\t\t<p class=\"woodmart-title-container title wd-fontsize-l\">1-2 Wochen<\/p> \n\t\t\t\t\t\t\t<\/div>\n\n\t\t\t\t\t<\/div>\n\t\t\t\t\t\t<\/div>\n\t\t\t\t<\/div>\n\t\t\t\t<\/div>\n\t\t\t\t\t<\/div>\n\t\t\t\t<\/div>\n\t\t<div class=\"wd-negative-gap elementor-element elementor-element-b433107 e-flex e-con-boxed e-con e-parent\" data-id=\"b433107\" data-element_type=\"container\">\n\t\t\t\t\t<div class=\"e-con-inner\">\n\t\t\t\t<div class=\"elementor-element elementor-element-3b8c941 color-scheme-inherit text-left elementor-widget elementor-widget-text-editor\" data-id=\"3b8c941\" data-element_type=\"widget\" data-widget_type=\"text-editor.default\">\n\t\t\t\t<div class=\"elementor-widget-container\">\n\t\t\t\t\t\t\t\t\t<p><span style=\"font-weight: 400;\">Die Zahngesundheit ist ein wichtiger Bestandteil unserer allgemeinen Gesundheit, und die Zahnmedizin spielt eine entscheidende Rolle beim Schutz, bei der Behandlung und bei der Verbesserung unseres Mundes und unserer Z\u00e4hne. Allgemeine zahnmedizinische Leistungen umfassen ein breites Spektrum an Dienstleistungen wie Zahnreinigung, Kariesbehandlung, Zahnschmerzlinderung, Implantatanwendungen und \u00e4sthetische Verfahren. Die regelm\u00e4\u00dfige Aufrechterhaltung der Mund- und Zahngesundheit sorgt nicht nur f\u00fcr ein gesundes L\u00e4cheln, sondern hat auch langfristige positive Auswirkungen auf die allgemeine Gesundheit.\u00a0<\/span><\/p><h2><span style=\"font-weight: 400;\">Was ist allgemeine Zahnmedizin?<\/span><\/h2><p><span style=\"font-weight: 400;\">Allgemeine Zahnheilkunde ist ein umfassendes Paket von Leistungen zum Schutz, zur Behandlung und zur Verbesserung der Mund- und Zahngesundheit. Die Zahngesundheit steht in direktem Zusammenhang mit der allgemeinen Gesundheit, weshalb regelm\u00e4\u00dfige Zahnarztbesuche wichtig sind. Die allgemeine Zahnheilkunde umfasst viele Behandlungsm\u00f6glichkeiten wie Zahnreinigung, Kariesbehandlung, Behandlung von Zahnschmerzen und Implantatanwendungen.<\/span><\/p><h2><span style=\"font-weight: 400;\">Welche zahn\u00e4rztlichen Behandlungen werden von der allgemeinen Zahnmedizin \u00fcbernommen?<\/span><\/h2><p><span style=\"font-weight: 400;\">Die allgemeine Zahnmedizin umfasst verschiedene Behandlungsm\u00f6glichkeiten. Diese Behandlungen umfassen Verfahren, die zu \u00e4sthetischen und funktionellen Zwecken durchgef\u00fchrt werden. Von der Kariesbehandlung bis zur Zahnextraktion, von der Zahnaufhellung bis zum Zahnersatz - viele Anwendungen fallen unter die allgemeine Zahnmedizin. Weitere beliebte Verfahren sind Zahnreinigung, Wurzelbehandlung und Zahnspangen.<\/span><\/p><h2><span style=\"font-weight: 400;\">Was sind die Vorteile der allgemeinen Zahnmedizin?<\/span><\/h2><p><span style=\"font-weight: 400;\">Neben dem Schutz Ihrer Mund- und Zahngesundheit wirken sich allgemeine zahn\u00e4rztliche Leistungen auch positiv auf die allgemeine Gesundheit aus. Regelm\u00e4\u00dfige Besuche beim Zahnarzt sorgen f\u00fcr eine fr\u00fchzeitige Erkennung von Karies, verringern das Risiko von Zahnfleischerkrankungen und beugen Problemen wie Mundgeruch vor. Es ist auch m\u00f6glich, ein \u00e4sthetisch ansprechendes L\u00e4cheln zu erreichen.<\/span><\/p><h2><span style=\"font-weight: 400;\">Warum ist Zahnhygiene wichtig?<\/span><\/h2><p><span style=\"font-weight: 400;\">Unter Zahnreinigung versteht man die Entfernung von Plaque und Zahnstein, die sich auf den Z\u00e4hnen angesammelt haben. Eine regelm\u00e4\u00dfige Zahnreinigung beugt Zahnfleischerkrankungen und Karies vor. Andernfalls k\u00f6nnen Zahnsteinablagerungen zu Entz\u00fcndungen und Infektionen an den Z\u00e4hnen f\u00fchren. Die Zahnreinigung beugt langfristig gr\u00f6\u00dferen Problemen vor, indem sie die Gesundheit Ihrer Z\u00e4hne sch\u00fctzt.<\/span><\/p><h2><span style=\"font-weight: 400;\">Kariesbehandlung und Vorher\/Nachher<\/span><\/h2><p><span style=\"font-weight: 400;\">Karies kann zu ernsteren Problemen f\u00fchren, wenn sie nicht rechtzeitig behandelt wird. Die Behandlung von Karies umfasst die Reinigung und F\u00fcllung des kari\u00f6sen Zahns. Bevor Ihr Zahnarzt Ihren Zahn f\u00fcllt, stellt er das Ausma\u00df der Karies fest und w\u00e4hlt die geeignete Behandlungsmethode. Nach der Kariesbehandlung sind die Funktion und die \u00c4sthetik des Zahns wiederhergestellt.<\/span><\/p><h2><span style=\"font-weight: 400;\">Was ist bei Zahnschmerzen zu tun?<\/span><\/h2><p><span style=\"font-weight: 400;\">Zahnschmerzen werden in der Regel durch eine Karies oder eine Zahnfleischerkrankung verursacht. Personen mit Zahnschmerzen sollten unbedingt einen Zahnarzt aufsuchen. Der Zahnarzt bestimmt die geeignete Behandlungsmethode, nachdem er die Ursache der Schmerzen ermittelt hat. Obwohl Schmerzmittel zur vor\u00fcbergehenden Schmerzlinderung eingesetzt werden, ist f\u00fcr eine dauerhafte L\u00f6sung eine professionelle Behandlung erforderlich.<\/span><\/p><h2><span style=\"font-weight: 400;\">Zahnaufhellungs-Service: Wie wird es angewendet?<\/span><\/h2><p><span style=\"font-weight: 400;\">Die Zahnaufhellung ist eine \u00e4sthetische Anwendung zur Aufhellung der nat\u00fcrlichen Farbe der Z\u00e4hne. Die Zahnaufhellung erfolgt in der Regel mit einem speziellen Aufhellungsgel oder einem Laser. Die Zahnaufhellung entfernt Flecken, die durch Kaffee, Rauchen und andere Lebensmittel verursacht wurden, und sorgt f\u00fcr ein strahlenderes L\u00e4cheln. Allerdings m\u00fcssen Ihre Z\u00e4hne vor der Aufhellung gesund sein.<\/span><\/p><h2><span style=\"font-weight: 400;\">F\u00fcr wen wird die Zahnsteinreinigung durchgef\u00fchrt?<\/span><\/h2><p><span style=\"font-weight: 400;\">Die Zahnsteinreinigung ist besonders wichtig, um die Gesundheit des Zahnfleischs zu erhalten. Auf den Z\u00e4hnen angesammelter Zahnstein kann zu Zahnfleischerkrankungen f\u00fchren. Eine Zahnsteinentfernung sollte durchgef\u00fchrt werden, wenn das Zahnfleisch Anzeichen von Blutungen, Schwellungen und Entz\u00fcndungen zeigt. Dieses Verfahren wird von einem Zahnarzt durchgef\u00fchrt und tr\u00e4gt zur Gesunderhaltung Ihrer Z\u00e4hne bei.<\/span><\/p><h2><span style=\"font-weight: 400;\">Wann sollte eine zahn\u00e4rztliche Kontrolluntersuchung durchgef\u00fchrt werden?<\/span><\/h2><p><span style=\"font-weight: 400;\">Zahn\u00e4rztliche Kontrolluntersuchungen sind eine der wirksamsten Methoden zum Schutz Ihrer Zahngesundheit. Ein halbj\u00e4hrlicher Besuch beim Zahnarzt ist ideal f\u00fcr die Fr\u00fcherkennung von Karies, Zahnfleischerkrankungen und anderen oralen Problemen. Dar\u00fcber hinaus sorgen regelm\u00e4\u00dfige zahn\u00e4rztliche Untersuchungen daf\u00fcr, dass Ihre Z\u00e4hne lange gesund bleiben.<\/span><\/p><h2><span style=\"font-weight: 400;\">In welchen F\u00e4llen ist eine Zahnspangenbehandlung notwendig?<\/span><\/h2><p><span style=\"font-weight: 400;\">Eine Zahnspangenbehandlung wird bevorzugt, wenn die Z\u00e4hne begradigt werden m\u00fcssen. Zahnspangen werden verwendet, um eng stehende, schiefe oder \u00fcberlappende Z\u00e4hne zu korrigieren. Die Behandlung mit einer Zahnspange gew\u00e4hrleistet eine gesunde Ausrichtung der Z\u00e4hne, sowohl in \u00e4sthetischer als auch in funktioneller Hinsicht. Dar\u00fcber hinaus sorgen richtig ausgerichtete Z\u00e4hne f\u00fcr eine bessere Bissfunktion.<\/span><\/p><h2><span style=\"font-weight: 400;\">Was ist die Anwendung von Zahnimplantaten und f\u00fcr wen ist sie geeignet?<\/span><\/h2><p><span style=\"font-weight: 400;\">Zahnimplantate sind k\u00fcnstliche Zahnwurzeln, die verlorene Z\u00e4hne ersetzen. Das Zahnimplantat besteht aus einer Titanschraube, die in den Kieferknochen eingepflanzt wird, und einem darauf befestigten Porzellanzahn. Zahnimplantate bieten eine dauerhafte L\u00f6sung f\u00fcr Menschen mit Zahnverlust und funktionieren wie nat\u00fcrliche Z\u00e4hne.<\/span><\/p><h2><span style=\"font-weight: 400;\">Wie kann die Zahngesundheit von Kindern sichergestellt werden?<\/span><\/h2><p><span style=\"font-weight: 400;\">Die Zahngesundheit von Kindern sollte schon im fr\u00fchen Alter beginnen. Regelm\u00e4\u00dfige zahn\u00e4rztliche Untersuchungen und gesunde Zahngewohnheiten helfen, Karies zu vermeiden. Dar\u00fcber hinaus erm\u00f6glichen Zahnbehandlungen und pr\u00e4ventive Anwendungen, die speziell f\u00fcr Kinder entwickelt wurden, den Schutz der Zahngesundheit in der Zukunft.<\/span><\/p><h2><span style=\"font-weight: 400;\">Was Sie vor dem Besuch beim Zahnarzt wissen sollten<\/span><\/h2><p><span style=\"font-weight: 400;\">Es ist sinnvoll, einige Vorbereitungen zu treffen, bevor Sie zum Zahnarzt gehen. Zum Beispiel ist es wichtig, dass Sie Ihren Zahnarzt \u00fcber Ihren aktuellen Gesundheitszustand, Ihre Medikamente oder Allergien informieren. Sie k\u00f6nnen auch die Behandlungsm\u00f6glichkeiten mit Ihrem Zahnarzt besprechen, um festzustellen, welches Verfahren f\u00fcr Sie am besten geeignet ist.<\/span><\/p><h2><span style=\"font-weight: 400;\">Neueste Technologien f\u00fcr zahn\u00e4rztliche Behandlungen<\/span><\/h2><p><span style=\"font-weight: 400;\">Heutzutage sind zahn\u00e4rztliche Behandlungen dank fortschrittlicher Technologien effektiver und komfortabler geworden. Zahn\u00e4rztliche Laserbehandlung, digitales R\u00f6ntgen und CAD\/CAM-Technologien erleichtern die Arbeit der Zahn\u00e4rzte und beschleunigen die Behandlungsprozesse. Diese Technologien tragen auch dazu bei, dass die Behandlungsergebnisse genauer und \u00e4sthetischer werden.<\/span><\/p><h2><span style=\"font-weight: 400;\">Was sind die Preise in der Zahnmedizin und wie werden sie ermittelt?<\/span><\/h2><p><span style=\"font-weight: 400;\">Die Preise in der Zahnmedizin variieren je nach Behandlung, den verwendeten Materialien und der Erfahrung des Zahnarztes. So sind beispielsweise Verfahren wie Zahnaufhellung, Implantate und Wurzelbehandlung teurer als andere einfache Behandlungen. Die Preise k\u00f6nnen je nach dem Gesundheitszustand des Patienten und der erforderlichen Behandlung variieren.<\/span><\/p><p>\u00a0<\/p>\t\t\t\t\t\t\t\t<\/div>\n\t\t\t\t<\/div>\n\t\t\t\t\t<\/div>\n\t\t\t\t<\/div>\n\t\t\t\t<\/div>","protected":false},"excerpt":{"rendered":"<p>Ortalama Kal\u0131\u015f S\u00fcresi 7 G\u00fcn Hastanede Yat\u0131\u015f S\u00fcresi 1 G\u00fcn Operasyon S\u00fcresi 2-4 Saat Anestezi T\u00fcr\u00fc Genel Anestezi \u0130yile\u015fme S\u00fcresi<\/p>","protected":false},"author":1,"featured_media":0,"parent":0,"menu_order":0,"comment_status":"closed","ping_status":"closed","template":"","meta":{"footnotes":""},"class_list":["post-27871","page","type-page","status-publish","hentry"],"_links":{"self":[{"href":"https:\/\/westestetik.com\/de\/wp-json\/wp\/v2\/pages\/27871","targetHints":{"allow":["GET"]}}],"collection":[{"href":"https:\/\/westestetik.com\/de\/wp-json\/wp\/v2\/pages"}],"about":[{"href":"https:\/\/westestetik.com\/de\/wp-json\/wp\/v2\/types\/page"}],"author":[{"embeddable":true,"href":"https:\/\/westestetik.com\/de\/wp-json\/wp\/v2\/users\/1"}],"replies":[{"embeddable":true,"href":"https:\/\/westestetik.com\/de\/wp-json\/wp\/v2\/comments?post=27871"}],"version-history":[{"count":10,"href":"https:\/\/westestetik.com\/de\/wp-json\/wp\/v2\/pages\/27871\/revisions"}],"predecessor-version":[{"id":29022,"href":"https:\/\/westestetik.com\/de\/wp-json\/wp\/v2\/pages\/27871\/revisions\/29022"}],"wp:attachment":[{"href":"https:\/\/westestetik.com\/de\/wp-json\/wp\/v2\/media?parent=27871"}],"curies":[{"name":"wp","href":"https:\/\/api.w.org\/{rel}","templated":true}]}}