{"id":27869,"date":"2024-12-02T23:31:56","date_gmt":"2024-12-02T23:31:56","guid":{"rendered":"https:\/\/westestetik.com\/?page_id=27869"},"modified":"2024-12-26T15:05:42","modified_gmt":"2024-12-26T15:05:42","slug":"bindung","status":"publish","type":"page","link":"https:\/\/westestetik.com\/de\/bindung\/","title":{"rendered":"Bindung"},"content":{"rendered":"<div data-elementor-type=\"wp-page\" data-elementor-id=\"27869\" class=\"elementor elementor-27869\" data-elementor-post-type=\"page\">\n\t\t\t\t<div class=\"elementor-element elementor-element-b0655cb e-con-full elementor-hidden-mobile e-flex e-con e-parent\" data-id=\"b0655cb\" data-element_type=\"container\">\n\t\t<div class=\"elementor-element elementor-element-437beef4 e-con-full e-flex e-con e-child\" data-id=\"437beef4\" data-element_type=\"container\">\n\t\t\t\t<div class=\"elementor-element elementor-element-6767f55c elementor-widget elementor-widget-image\" data-id=\"6767f55c\" data-element_type=\"widget\" data-widget_type=\"image.default\">\n\t\t\t\t<div class=\"elementor-widget-container\">\n\t\t\t\t\t\t\t\t\t\t\t\t\t\t\t<img decoding=\"async\" width=\"100\" height=\"100\" src=\"https:\/\/westestetik.com\/wp-content\/uploads\/2024\/12\/1-4.png\" class=\"attachment-large size-large wp-image-28814\" alt=\"\" srcset=\"https:\/\/westestetik.com\/wp-content\/uploads\/2024\/12\/1-4.png 100w, https:\/\/westestetik.com\/wp-content\/uploads\/2024\/12\/1-4-12x12.png 12w\" sizes=\"(max-width: 100px) 100vw, 100px\" \/>\t\t\t\t\t\t\t\t\t\t\t\t\t\t\t<\/div>\n\t\t\t\t<\/div>\n\t\t\t\t<\/div>\n\t\t<div class=\"elementor-element elementor-element-bdfd488 e-con-full e-flex e-con e-child\" data-id=\"bdfd488\" data-element_type=\"container\">\n\t\t\t\t<div class=\"elementor-element elementor-element-2e99a795 elementor-widget elementor-widget-image\" data-id=\"2e99a795\" data-element_type=\"widget\" data-widget_type=\"image.default\">\n\t\t\t\t<div class=\"elementor-widget-container\">\n\t\t\t\t\t\t\t\t\t\t\t\t\t\t\t<img decoding=\"async\" width=\"100\" height=\"100\" src=\"https:\/\/westestetik.com\/wp-content\/uploads\/2024\/12\/2-5.png\" class=\"attachment-large size-large wp-image-28815\" alt=\"\" srcset=\"https:\/\/westestetik.com\/wp-content\/uploads\/2024\/12\/2-5.png 100w, https:\/\/westestetik.com\/wp-content\/uploads\/2024\/12\/2-5-12x12.png 12w\" sizes=\"(max-width: 100px) 100vw, 100px\" \/>\t\t\t\t\t\t\t\t\t\t\t\t\t\t\t<\/div>\n\t\t\t\t<\/div>\n\t\t\t\t<\/div>\n\t\t<div class=\"elementor-element elementor-element-396a72d e-con-full e-flex e-con e-child\" data-id=\"396a72d\" data-element_type=\"container\">\n\t\t\t\t<div class=\"elementor-element elementor-element-18f211d6 elementor-widget elementor-widget-image\" data-id=\"18f211d6\" data-element_type=\"widget\" data-widget_type=\"image.default\">\n\t\t\t\t<div class=\"elementor-widget-container\">\n\t\t\t\t\t\t\t\t\t\t\t\t\t\t\t<img decoding=\"async\" width=\"100\" height=\"100\" src=\"https:\/\/westestetik.com\/wp-content\/uploads\/2024\/12\/3-1.png\" class=\"attachment-large size-large wp-image-28816\" alt=\"\" srcset=\"https:\/\/westestetik.com\/wp-content\/uploads\/2024\/12\/3-1.png 100w, https:\/\/westestetik.com\/wp-content\/uploads\/2024\/12\/3-1-12x12.png 12w\" sizes=\"(max-width: 100px) 100vw, 100px\" \/>\t\t\t\t\t\t\t\t\t\t\t\t\t\t\t<\/div>\n\t\t\t\t<\/div>\n\t\t\t\t<\/div>\n\t\t<div class=\"elementor-element elementor-element-fcfa1cc e-con-full e-flex e-con e-child\" data-id=\"fcfa1cc\" data-element_type=\"container\">\n\t\t\t\t<div class=\"elementor-element elementor-element-69112f48 elementor-widget elementor-widget-image\" data-id=\"69112f48\" data-element_type=\"widget\" data-widget_type=\"image.default\">\n\t\t\t\t<div class=\"elementor-widget-container\">\n\t\t\t\t\t\t\t\t\t\t\t\t\t\t\t<img loading=\"lazy\" decoding=\"async\" width=\"100\" height=\"100\" src=\"https:\/\/westestetik.com\/wp-content\/uploads\/2024\/12\/4-1.png\" class=\"attachment-large size-large wp-image-28817\" alt=\"\" srcset=\"https:\/\/westestetik.com\/wp-content\/uploads\/2024\/12\/4-1.png 100w, https:\/\/westestetik.com\/wp-content\/uploads\/2024\/12\/4-1-12x12.png 12w\" sizes=\"(max-width: 100px) 100vw, 100px\" \/>\t\t\t\t\t\t\t\t\t\t\t\t\t\t\t<\/div>\n\t\t\t\t<\/div>\n\t\t\t\t<\/div>\n\t\t<div class=\"elementor-element elementor-element-6b27441a e-con-full e-flex e-con e-child\" data-id=\"6b27441a\" data-element_type=\"container\">\n\t\t\t\t<div class=\"elementor-element elementor-element-8a89953 elementor-widget elementor-widget-image\" data-id=\"8a89953\" data-element_type=\"widget\" data-widget_type=\"image.default\">\n\t\t\t\t<div class=\"elementor-widget-container\">\n\t\t\t\t\t\t\t\t\t\t\t\t\t\t\t<img loading=\"lazy\" decoding=\"async\" width=\"100\" height=\"100\" src=\"https:\/\/westestetik.com\/wp-content\/uploads\/2024\/12\/5-1.png\" class=\"attachment-large size-large wp-image-28818\" alt=\"\" srcset=\"https:\/\/westestetik.com\/wp-content\/uploads\/2024\/12\/5-1.png 100w, https:\/\/westestetik.com\/wp-content\/uploads\/2024\/12\/5-1-12x12.png 12w\" sizes=\"(max-width: 100px) 100vw, 100px\" \/>\t\t\t\t\t\t\t\t\t\t\t\t\t\t\t<\/div>\n\t\t\t\t<\/div>\n\t\t\t\t<\/div>\n\t\t\t\t<\/div>\n\t\t<div class=\"wd-negative-gap elementor-element elementor-element-759780e7 elementor-hidden-mobile e-flex e-con-boxed e-con e-parent\" data-id=\"759780e7\" data-element_type=\"container\">\n\t\t\t\t\t<div class=\"e-con-inner\">\n\t\t<div class=\"elementor-element elementor-element-5822e9d1 e-con-full e-flex e-con e-child\" data-id=\"5822e9d1\" data-element_type=\"container\">\n\t\t\t\t<div class=\"elementor-element elementor-element-56c7acd5 wd-width-100 elementor-widget elementor-widget-wd_title\" data-id=\"56c7acd5\" data-element_type=\"widget\" data-widget_type=\"wd_title.default\">\n\t\t\t\t<div class=\"elementor-widget-container\">\n\t\t\t\t\t\t\t<div class=\"title-wrapper set-mb-s reset-last-child wd-title-color-default wd-title-style-default wd-title-size-default text-center\">\n\n\t\t\t\t\t\t\t<div class=\"title-subtitle subtitle-color-default subtitle-style-default wd-fontsize-xs\">\n\t\t\t\t\tDurchschnittliche Dauer des Aufenthalts\t\t\t\t<\/div>\n\t\t\t\n\t\t\t<div class=\"liner-continer\">\n\t\t\t\t<p class=\"woodmart-title-container title wd-fontsize-l\">7 Tage<\/p> \n\t\t\t\t\t\t\t<\/div>\n\n\t\t\t\t\t<\/div>\n\t\t\t\t\t\t<\/div>\n\t\t\t\t<\/div>\n\t\t\t\t<\/div>\n\t\t<div class=\"elementor-element elementor-element-4a25a110 e-con-full e-flex e-con e-child\" data-id=\"4a25a110\" data-element_type=\"container\">\n\t\t\t\t<div class=\"elementor-element elementor-element-57f6a9db wd-width-100 elementor-widget elementor-widget-wd_title\" data-id=\"57f6a9db\" data-element_type=\"widget\" data-widget_type=\"wd_title.default\">\n\t\t\t\t<div class=\"elementor-widget-container\">\n\t\t\t\t\t\t\t<div class=\"title-wrapper set-mb-s reset-last-child wd-title-color-default wd-title-style-default wd-title-size-default text-center\">\n\n\t\t\t\t\t\t\t<div class=\"title-subtitle subtitle-color-default subtitle-style-default wd-fontsize-xs\">\n\t\t\t\t\tDauer des Krankenhausaufenthalts\t\t\t\t<\/div>\n\t\t\t\n\t\t\t<div class=\"liner-continer\">\n\t\t\t\t<p class=\"woodmart-title-container title wd-fontsize-l\">1 Tag<\/p> \n\t\t\t\t\t\t\t<\/div>\n\n\t\t\t\t\t<\/div>\n\t\t\t\t\t\t<\/div>\n\t\t\t\t<\/div>\n\t\t\t\t<\/div>\n\t\t<div class=\"elementor-element elementor-element-2b462753 e-con-full e-flex e-con e-child\" data-id=\"2b462753\" data-element_type=\"container\">\n\t\t\t\t<div class=\"elementor-element elementor-element-2fad5b79 wd-width-100 elementor-widget elementor-widget-wd_title\" data-id=\"2fad5b79\" data-element_type=\"widget\" data-widget_type=\"wd_title.default\">\n\t\t\t\t<div class=\"elementor-widget-container\">\n\t\t\t\t\t\t\t<div class=\"title-wrapper set-mb-s reset-last-child wd-title-color-default wd-title-style-default wd-title-size-default text-center\">\n\n\t\t\t\t\t\t\t<div class=\"title-subtitle subtitle-color-default subtitle-style-default wd-fontsize-xs\">\n\t\t\t\t\tOperation Dauer\t\t\t\t<\/div>\n\t\t\t\n\t\t\t<div class=\"liner-continer\">\n\t\t\t\t<p class=\"woodmart-title-container title wd-fontsize-l\">2-4 Stunden<\/p> \n\t\t\t\t\t\t\t<\/div>\n\n\t\t\t\t\t<\/div>\n\t\t\t\t\t\t<\/div>\n\t\t\t\t<\/div>\n\t\t\t\t<\/div>\n\t\t<div class=\"elementor-element elementor-element-41015467 e-con-full e-flex e-con e-child\" data-id=\"41015467\" data-element_type=\"container\">\n\t\t\t\t<div class=\"elementor-element elementor-element-2ee482be wd-width-100 elementor-widget elementor-widget-wd_title\" data-id=\"2ee482be\" data-element_type=\"widget\" data-widget_type=\"wd_title.default\">\n\t\t\t\t<div class=\"elementor-widget-container\">\n\t\t\t\t\t\t\t<div class=\"title-wrapper set-mb-s reset-last-child wd-title-color-default wd-title-style-default wd-title-size-default text-center\">\n\n\t\t\t\t\t\t\t<div class=\"title-subtitle subtitle-color-default subtitle-style-default wd-fontsize-xs\">\n\t\t\t\t\tAn\u00e4sthesie Typ\t\t\t\t<\/div>\n\t\t\t\n\t\t\t<div class=\"liner-continer\">\n\t\t\t\t<p class=\"woodmart-title-container title wd-fontsize-l\">Allgemeine An\u00e4sthesie<\/p> \n\t\t\t\t\t\t\t<\/div>\n\n\t\t\t\t\t<\/div>\n\t\t\t\t\t\t<\/div>\n\t\t\t\t<\/div>\n\t\t\t\t<\/div>\n\t\t<div class=\"elementor-element elementor-element-28f64ef1 e-con-full e-flex e-con e-child\" data-id=\"28f64ef1\" data-element_type=\"container\">\n\t\t\t\t<div class=\"elementor-element elementor-element-6eb77cb1 wd-width-100 elementor-widget elementor-widget-wd_title\" data-id=\"6eb77cb1\" data-element_type=\"widget\" data-widget_type=\"wd_title.default\">\n\t\t\t\t<div class=\"elementor-widget-container\">\n\t\t\t\t\t\t\t<div class=\"title-wrapper set-mb-s reset-last-child wd-title-color-default wd-title-style-default wd-title-size-default text-center\">\n\n\t\t\t\t\t\t\t<div class=\"title-subtitle subtitle-color-default subtitle-style-default wd-fontsize-xs\">\n\t\t\t\t\tErholungszeit\t\t\t\t<\/div>\n\t\t\t\n\t\t\t<div class=\"liner-continer\">\n\t\t\t\t<p class=\"woodmart-title-container title wd-fontsize-l\">1-2 Wochen<\/p> \n\t\t\t\t\t\t\t<\/div>\n\n\t\t\t\t\t<\/div>\n\t\t\t\t\t\t<\/div>\n\t\t\t\t<\/div>\n\t\t\t\t<\/div>\n\t\t\t\t\t<\/div>\n\t\t\t\t<\/div>\n\t\t<div class=\"wd-negative-gap elementor-element elementor-element-e0dca75 e-flex e-con-boxed e-con e-parent\" data-id=\"e0dca75\" data-element_type=\"container\">\n\t\t\t\t\t<div class=\"e-con-inner\">\n\t\t\t\t<div class=\"elementor-element elementor-element-3b86af9 color-scheme-inherit text-left elementor-widget elementor-widget-text-editor\" data-id=\"3b86af9\" data-element_type=\"widget\" data-widget_type=\"text-editor.default\">\n\t\t\t\t<div class=\"elementor-widget-container\">\n\t\t\t\t\t\t\t\t\t<p><span style=\"font-weight: 400;\">Bonding ist eine wirksame und schnelle L\u00f6sung, die in der Zahn\u00e4sthetik weithin bevorzugt wird. Diese Methode, mit der \u00e4sthetische Probleme wie kleine Risse, Frakturen, Verf\u00e4rbungen oder Zahnl\u00fccken korrigiert werden k\u00f6nnen, wird angewandt, ohne die nat\u00fcrliche Zahnsubstanz zu besch\u00e4digen. Das Bonding-Verfahren, das sowohl \u00e4sthetische als auch funktionelle Vorteile bietet, wird im Allgemeinen als schnelle und schmerzfreie Behandlung angesehen. Es ist die ideale Wahl f\u00fcr alle, die nach der Anwendung ein nat\u00fcrliches Aussehen und sch\u00f6nere und ges\u00fcndere Z\u00e4hne haben m\u00f6chten.<\/span><\/p><h2><span style=\"font-weight: 400;\">Was ist Bonding und wie wird es angewendet?<\/span><\/h2><p><span style=\"font-weight: 400;\">Bonding ist ein \u00e4sthetischer Eingriff in der Zahnmedizin und eine Technik, die zur Verbesserung des nat\u00fcrlichen Aussehens der Z\u00e4hne eingesetzt wird. Beim Bonding wird ein spezielles Harzmaterial auf die Vorderfl\u00e4che des Zahns aufgetragen. Dieses Material wird so ausgew\u00e4hlt, dass es der Farbe des Zahns entspricht, und auf den Zahn aufgetragen. Anschlie\u00dfend wird es mit einem speziellen Licht geh\u00e4rtet. Bonding ist eine ideale Methode, um kleine Risse, Frakturen und Verf\u00e4rbungen der Z\u00e4hne zu korrigieren. Die Anwendung ist schmerzfrei und erfordert in der Regel keine An\u00e4sthesie.<\/span><\/p><h2><span style=\"font-weight: 400;\">Was sind die Vorteile von Bonding?<\/span><\/h2><p><span style=\"font-weight: 400;\">Das Bonding-Verfahren hat viele Vorteile. Erstens ist die Tatsache, dass es sich um ein Verfahren handelt, das in kurzer Zeit durchgef\u00fchrt werden kann, einer der Hauptgr\u00fcnde, warum diese Methode bevorzugt wird. Die Bonding-Anwendung wird ohne Besch\u00e4digung der nat\u00fcrlichen Zahnstruktur durchgef\u00fchrt, was den Komfort f\u00fcr die Patienten erh\u00f6ht. Dar\u00fcber hinaus eignet sich dieses Verfahren ideal f\u00fcr die Korrektur kleinerer Zahndefekte, und das Ergebnis wird in der Regel in einer einzigen Sitzung erzielt. Bonding ist eine der schnellsten und wirtschaftlichsten L\u00f6sungen in der \u00e4sthetischen Zahnmedizin. Die Tatsache, dass es im Vergleich zu anderen zahn\u00e4sthetischen Anwendungen zu erschwinglicheren Preisen angewendet werden kann, ist ein gro\u00dfer Vorteil f\u00fcr die Patienten.<\/span><\/p><h2><span style=\"font-weight: 400;\">F\u00fcr wen ist eine Bonding-Anwendung geeignet?<\/span><\/h2><p><span style=\"font-weight: 400;\">Bonding kann f\u00fcr jeden eine geeignete Option sein, der kleinere \u00e4sthetische Probleme mit seinen Z\u00e4hnen hat. Menschen, die das Problem von rissigen, abgebrochenen oder l\u00fcckenhaften Z\u00e4hnen l\u00f6sen wollen, k\u00f6nnen von dieser Anwendung profitieren. Auch Personen, bei denen sich die nat\u00fcrliche Farbe ihrer Z\u00e4hne ver\u00e4ndert hat, k\u00f6nnen mit Bonding eine \u00e4sthetische Korrektur vornehmen lassen. Da es sich beim Bonding um ein Verfahren handelt, bei dem die Zahnsubstanz nicht besch\u00e4digt wird, ist es auch f\u00fcr Menschen mit sehr gesunden Z\u00e4hnen geeignet. Bei schwerwiegenden Zahnproblemen k\u00f6nnen jedoch andere Behandlungsmethoden empfohlen werden.<\/span><\/p><h2><span style=\"font-weight: 400;\">Wie lange dauert das Bonding-Verfahren?<\/span><\/h2><p><span style=\"font-weight: 400;\">Das Bonding-Verfahren kann in der Regel zwischen 30 Minuten und 1 Stunde dauern. Dies h\u00e4ngt von der Problemstelle am Zahn und dem Umfang der Korrektur ab. W\u00e4hrend das Verfahren f\u00fcr die Reparatur von Rissen oder kleinen Frakturen sehr kurz sein kann, kann es etwas l\u00e4nger dauern, wenn ein gr\u00f6\u00dferer Bereich organisiert werden muss. Dennoch ist das Bonding eine \u00e4sthetische zahnmedizinische Anwendung, die schnelle Ergebnisse liefert. Die Tatsache, dass Sie das gew\u00fcnschte Ergebnis in einer einzigen Sitzung erzielen k\u00f6nnen, ist einer der Gr\u00fcnde, warum Sie dieses Verfahren bevorzugen.<\/span><\/p><h2><span style=\"font-weight: 400;\">Was Sie \u00fcber Bonding-Preise wissen sollten<\/span><\/h2><p><span style=\"font-weight: 400;\">Die Preise f\u00fcr Bonding variieren je nach Art des Verfahrens und dem Zustand des Zahns. Bonding, das im Vergleich zu anderen \u00e4sthetischen Zahnbehandlungen eine kosteng\u00fcnstigere Option darstellt, kann im Allgemeinen zu erschwinglicheren Preisen durchgef\u00fchrt werden. Die Preise k\u00f6nnen je nach klinischer Anwendung, der Lage des Zahns und den verwendeten Materialien variieren. Daher empfiehlt es sich, einen Zahnarzt zu konsultieren, um klare Informationen \u00fcber die Preise f\u00fcr Bonding zu erhalten. F\u00fcr diejenigen, die nach einer budgetfreundlichen Option suchen, ist Bonding jedoch eine der erschwinglichsten L\u00f6sungen auf dem Gebiet der Zahn\u00e4sthetik.<\/span><\/p><h2><span style=\"font-weight: 400;\">Pflege nach dem Bonding und \u00dcberlegungen<\/span><\/h2><p><span style=\"font-weight: 400;\">Die Pflege nach dem Bonding ist recht einfach. Es ist wichtig, dass Sie in den ersten 24 Stunden keine harten Speisen oder farbigen Getr\u00e4nke auf Ihren Z\u00e4hnen zu sich nehmen. Achten Sie nach dem Bonding darauf, dass Sie keinen Druck auf Ihre Z\u00e4hne aus\u00fcben und keine harten Speisen zu sich nehmen. Sie k\u00f6nnen auch Ihre Zahnputzgewohnheiten beibehalten. Bonding-Z\u00e4hne ben\u00f6tigen eine \u00e4hnliche Pflege wie nat\u00fcrliche Z\u00e4hne. Regelm\u00e4\u00dfige zahn\u00e4rztliche Kontrolluntersuchungen und eine gute Mundhygiene erh\u00f6hen die langfristige Wirksamkeit des Bonding-Verfahrens.<\/span><\/p><h2><span style=\"font-weight: 400;\">Ist Bonding schmerzhaft?<\/span><\/h2><p><span style=\"font-weight: 400;\">Bonding ist in der Regel schmerzfrei, und die meisten Patienten empfinden w\u00e4hrend des Eingriffs keine Beschwerden. Das auf den Zahn aufgetragene Material wird so geformt, dass es sich der nat\u00fcrlichen Struktur des Zahns anpasst, und mit speziellem Licht geh\u00e4rtet. Bei diesem Verfahren wird der Zahn nicht ge\u00f6ffnet oder verletzt, so dass in der Regel keine An\u00e4sthesie erforderlich ist. Wenn es ein gr\u00f6\u00dferes Problem mit dem Zahn gibt oder ein anderes Verfahren erforderlich ist, wird der Zahnarzt dies vor dem Eingriff erl\u00e4utern.<\/span><\/p><h2><span style=\"font-weight: 400;\">Wie unterscheidet sich Bonding von anderen \u00e4sthetischen Zahnbehandlungen?<\/span><\/h2><p><span style=\"font-weight: 400;\">Bonding unterscheidet sich in mehreren wichtigen Aspekten von anderen \u00e4sthetischen Zahnbehandlungen. Andere zahn\u00e4sthetische Verfahren sind in der Regel teurer und dauern l\u00e4nger. Bonding bietet eine schnellere und wirtschaftlichere L\u00f6sung. Au\u00dferdem wird das Bonding-Material direkt auf den Zahn aufgetragen, so dass der Eingriff in den Zahn des Patienten minimal ist. Andere \u00e4sthetische Verfahren k\u00f6nnen gr\u00f6\u00dfere Eingriffe am Zahn erfordern, aber Bonding ist ein einfacheres und m\u00fcheloses Verfahren.<\/span><\/p><h2><span style=\"font-weight: 400;\">Wie lange ist die Dauerhaftigkeit und Haltbarkeit des Bonding-Verfahrens?<\/span><\/h2><p><span style=\"font-weight: 400;\">Die Dauerhaftigkeit des Bonding-Verfahrens h\u00e4ngt von der Qualit\u00e4t des verwendeten Materials und der Mundhygiene des Patienten ab. Im Durchschnitt k\u00f6nnen Bonding-Anwendungen zwischen 5 und 10 Jahren halten. Der Verzehr von harten Lebensmitteln, die die Z\u00e4hne besch\u00e4digen, oder die Vernachl\u00e4ssigung der Mundhygiene k\u00f6nnen die Lebensdauer der Verklebung jedoch verk\u00fcrzen. Ihr Zahnarzt wird Ihnen die notwendigen Pflegeempfehlungen geben, um die Dauerhaftigkeit des Bonding zu verl\u00e4ngern.<\/span><\/p><p>\u00a0<\/p>\t\t\t\t\t\t\t\t<\/div>\n\t\t\t\t<\/div>\n\t\t\t\t\t<\/div>\n\t\t\t\t<\/div>\n\t\t\t\t<\/div>","protected":false},"excerpt":{"rendered":"<p>Ortalama Kal\u0131\u015f S\u00fcresi 7 G\u00fcn Hastanede Yat\u0131\u015f S\u00fcresi 1 G\u00fcn Operasyon S\u00fcresi 2-4 Saat Anestezi T\u00fcr\u00fc Genel Anestezi \u0130yile\u015fme S\u00fcresi<\/p>","protected":false},"author":1,"featured_media":0,"parent":0,"menu_order":0,"comment_status":"closed","ping_status":"closed","template":"","meta":{"footnotes":""},"class_list":["post-27869","page","type-page","status-publish","hentry"],"_links":{"self":[{"href":"https:\/\/westestetik.com\/de\/wp-json\/wp\/v2\/pages\/27869","targetHints":{"allow":["GET"]}}],"collection":[{"href":"https:\/\/westestetik.com\/de\/wp-json\/wp\/v2\/pages"}],"about":[{"href":"https:\/\/westestetik.com\/de\/wp-json\/wp\/v2\/types\/page"}],"author":[{"embeddable":true,"href":"https:\/\/westestetik.com\/de\/wp-json\/wp\/v2\/users\/1"}],"replies":[{"embeddable":true,"href":"https:\/\/westestetik.com\/de\/wp-json\/wp\/v2\/comments?post=27869"}],"version-history":[{"count":10,"href":"https:\/\/westestetik.com\/de\/wp-json\/wp\/v2\/pages\/27869\/revisions"}],"predecessor-version":[{"id":29025,"href":"https:\/\/westestetik.com\/de\/wp-json\/wp\/v2\/pages\/27869\/revisions\/29025"}],"wp:attachment":[{"href":"https:\/\/westestetik.com\/de\/wp-json\/wp\/v2\/media?parent=27869"}],"curies":[{"name":"wp","href":"https:\/\/api.w.org\/{rel}","templated":true}]}}