{"id":27867,"date":"2024-12-02T23:31:15","date_gmt":"2024-12-02T23:31:15","guid":{"rendered":"https:\/\/westestetik.com\/?page_id=27867"},"modified":"2024-12-26T15:06:17","modified_gmt":"2024-12-26T15:06:17","slug":"kieferorthopadie","status":"publish","type":"page","link":"https:\/\/westestetik.com\/de\/kieferorthopadie\/","title":{"rendered":"Kieferorthop\u00e4die (Invisalign)"},"content":{"rendered":"<div data-elementor-type=\"wp-page\" data-elementor-id=\"27867\" class=\"elementor elementor-27867\" data-elementor-post-type=\"page\">\n\t\t\t\t<div class=\"elementor-element elementor-element-36b30ed4 e-con-full elementor-hidden-mobile e-flex e-con e-parent\" data-id=\"36b30ed4\" data-element_type=\"container\">\n\t\t<div class=\"elementor-element elementor-element-12336478 e-con-full e-flex e-con e-child\" data-id=\"12336478\" data-element_type=\"container\">\n\t\t\t\t<div class=\"elementor-element elementor-element-6a800654 elementor-widget elementor-widget-image\" data-id=\"6a800654\" data-element_type=\"widget\" data-widget_type=\"image.default\">\n\t\t\t\t<div class=\"elementor-widget-container\">\n\t\t\t\t\t\t\t\t\t\t\t\t\t\t\t<img decoding=\"async\" width=\"100\" height=\"100\" src=\"https:\/\/westestetik.com\/wp-content\/uploads\/2024\/12\/1-4.png\" class=\"attachment-large size-large wp-image-28814\" alt=\"\" srcset=\"https:\/\/westestetik.com\/wp-content\/uploads\/2024\/12\/1-4.png 100w, https:\/\/westestetik.com\/wp-content\/uploads\/2024\/12\/1-4-12x12.png 12w\" sizes=\"(max-width: 100px) 100vw, 100px\" \/>\t\t\t\t\t\t\t\t\t\t\t\t\t\t\t<\/div>\n\t\t\t\t<\/div>\n\t\t\t\t<\/div>\n\t\t<div class=\"elementor-element elementor-element-b84ea2a e-con-full e-flex e-con e-child\" data-id=\"b84ea2a\" data-element_type=\"container\">\n\t\t\t\t<div class=\"elementor-element elementor-element-1e195686 elementor-widget elementor-widget-image\" data-id=\"1e195686\" data-element_type=\"widget\" data-widget_type=\"image.default\">\n\t\t\t\t<div class=\"elementor-widget-container\">\n\t\t\t\t\t\t\t\t\t\t\t\t\t\t\t<img decoding=\"async\" width=\"100\" height=\"100\" src=\"https:\/\/westestetik.com\/wp-content\/uploads\/2024\/12\/2-5.png\" class=\"attachment-large size-large wp-image-28815\" alt=\"\" srcset=\"https:\/\/westestetik.com\/wp-content\/uploads\/2024\/12\/2-5.png 100w, https:\/\/westestetik.com\/wp-content\/uploads\/2024\/12\/2-5-12x12.png 12w\" sizes=\"(max-width: 100px) 100vw, 100px\" \/>\t\t\t\t\t\t\t\t\t\t\t\t\t\t\t<\/div>\n\t\t\t\t<\/div>\n\t\t\t\t<\/div>\n\t\t<div class=\"elementor-element elementor-element-20a2090b e-con-full e-flex e-con e-child\" data-id=\"20a2090b\" data-element_type=\"container\">\n\t\t\t\t<div class=\"elementor-element elementor-element-32dc6ba3 elementor-widget elementor-widget-image\" data-id=\"32dc6ba3\" data-element_type=\"widget\" data-widget_type=\"image.default\">\n\t\t\t\t<div class=\"elementor-widget-container\">\n\t\t\t\t\t\t\t\t\t\t\t\t\t\t\t<img decoding=\"async\" width=\"100\" height=\"100\" src=\"https:\/\/westestetik.com\/wp-content\/uploads\/2024\/12\/3-1.png\" class=\"attachment-large size-large wp-image-28816\" alt=\"\" srcset=\"https:\/\/westestetik.com\/wp-content\/uploads\/2024\/12\/3-1.png 100w, https:\/\/westestetik.com\/wp-content\/uploads\/2024\/12\/3-1-12x12.png 12w\" sizes=\"(max-width: 100px) 100vw, 100px\" \/>\t\t\t\t\t\t\t\t\t\t\t\t\t\t\t<\/div>\n\t\t\t\t<\/div>\n\t\t\t\t<\/div>\n\t\t<div class=\"elementor-element elementor-element-1f7bd7cd e-con-full e-flex e-con e-child\" data-id=\"1f7bd7cd\" data-element_type=\"container\">\n\t\t\t\t<div class=\"elementor-element elementor-element-37968261 elementor-widget elementor-widget-image\" data-id=\"37968261\" data-element_type=\"widget\" data-widget_type=\"image.default\">\n\t\t\t\t<div class=\"elementor-widget-container\">\n\t\t\t\t\t\t\t\t\t\t\t\t\t\t\t<img loading=\"lazy\" decoding=\"async\" width=\"100\" height=\"100\" src=\"https:\/\/westestetik.com\/wp-content\/uploads\/2024\/12\/4-1.png\" class=\"attachment-large size-large wp-image-28817\" alt=\"\" srcset=\"https:\/\/westestetik.com\/wp-content\/uploads\/2024\/12\/4-1.png 100w, https:\/\/westestetik.com\/wp-content\/uploads\/2024\/12\/4-1-12x12.png 12w\" sizes=\"(max-width: 100px) 100vw, 100px\" \/>\t\t\t\t\t\t\t\t\t\t\t\t\t\t\t<\/div>\n\t\t\t\t<\/div>\n\t\t\t\t<\/div>\n\t\t<div class=\"elementor-element elementor-element-3343ef98 e-con-full e-flex e-con e-child\" data-id=\"3343ef98\" data-element_type=\"container\">\n\t\t\t\t<div class=\"elementor-element elementor-element-58ec2c0b elementor-widget elementor-widget-image\" data-id=\"58ec2c0b\" data-element_type=\"widget\" data-widget_type=\"image.default\">\n\t\t\t\t<div class=\"elementor-widget-container\">\n\t\t\t\t\t\t\t\t\t\t\t\t\t\t\t<img loading=\"lazy\" decoding=\"async\" width=\"100\" height=\"100\" src=\"https:\/\/westestetik.com\/wp-content\/uploads\/2024\/12\/5-1.png\" class=\"attachment-large size-large wp-image-28818\" alt=\"\" srcset=\"https:\/\/westestetik.com\/wp-content\/uploads\/2024\/12\/5-1.png 100w, https:\/\/westestetik.com\/wp-content\/uploads\/2024\/12\/5-1-12x12.png 12w\" sizes=\"(max-width: 100px) 100vw, 100px\" \/>\t\t\t\t\t\t\t\t\t\t\t\t\t\t\t<\/div>\n\t\t\t\t<\/div>\n\t\t\t\t<\/div>\n\t\t\t\t<\/div>\n\t\t<div class=\"wd-negative-gap elementor-element elementor-element-d04aa20 elementor-hidden-mobile e-flex e-con-boxed e-con e-parent\" data-id=\"d04aa20\" data-element_type=\"container\">\n\t\t\t\t\t<div class=\"e-con-inner\">\n\t\t<div class=\"elementor-element elementor-element-41c2ae1a e-con-full e-flex e-con e-child\" data-id=\"41c2ae1a\" data-element_type=\"container\">\n\t\t\t\t<div class=\"elementor-element elementor-element-72bf604b wd-width-100 elementor-widget elementor-widget-wd_title\" data-id=\"72bf604b\" data-element_type=\"widget\" data-widget_type=\"wd_title.default\">\n\t\t\t\t<div class=\"elementor-widget-container\">\n\t\t\t\t\t\t\t<div class=\"title-wrapper set-mb-s reset-last-child wd-title-color-default wd-title-style-default wd-title-size-default text-center\">\n\n\t\t\t\t\t\t\t<div class=\"title-subtitle subtitle-color-default subtitle-style-default wd-fontsize-xs\">\n\t\t\t\t\tDurchschnittliche Dauer des Aufenthalts\t\t\t\t<\/div>\n\t\t\t\n\t\t\t<div class=\"liner-continer\">\n\t\t\t\t<p class=\"woodmart-title-container title wd-fontsize-l\">7 Tage<\/p> \n\t\t\t\t\t\t\t<\/div>\n\n\t\t\t\t\t<\/div>\n\t\t\t\t\t\t<\/div>\n\t\t\t\t<\/div>\n\t\t\t\t<\/div>\n\t\t<div class=\"elementor-element elementor-element-2175a397 e-con-full e-flex e-con e-child\" data-id=\"2175a397\" data-element_type=\"container\">\n\t\t\t\t<div class=\"elementor-element elementor-element-6d65cd2e wd-width-100 elementor-widget elementor-widget-wd_title\" data-id=\"6d65cd2e\" data-element_type=\"widget\" data-widget_type=\"wd_title.default\">\n\t\t\t\t<div class=\"elementor-widget-container\">\n\t\t\t\t\t\t\t<div class=\"title-wrapper set-mb-s reset-last-child wd-title-color-default wd-title-style-default wd-title-size-default text-center\">\n\n\t\t\t\t\t\t\t<div class=\"title-subtitle subtitle-color-default subtitle-style-default wd-fontsize-xs\">\n\t\t\t\t\tDauer des Krankenhausaufenthalts\t\t\t\t<\/div>\n\t\t\t\n\t\t\t<div class=\"liner-continer\">\n\t\t\t\t<p class=\"woodmart-title-container title wd-fontsize-l\">1 Tag<\/p> \n\t\t\t\t\t\t\t<\/div>\n\n\t\t\t\t\t<\/div>\n\t\t\t\t\t\t<\/div>\n\t\t\t\t<\/div>\n\t\t\t\t<\/div>\n\t\t<div class=\"elementor-element elementor-element-26423aa9 e-con-full e-flex e-con e-child\" data-id=\"26423aa9\" data-element_type=\"container\">\n\t\t\t\t<div class=\"elementor-element elementor-element-2eea0bf7 wd-width-100 elementor-widget elementor-widget-wd_title\" data-id=\"2eea0bf7\" data-element_type=\"widget\" data-widget_type=\"wd_title.default\">\n\t\t\t\t<div class=\"elementor-widget-container\">\n\t\t\t\t\t\t\t<div class=\"title-wrapper set-mb-s reset-last-child wd-title-color-default wd-title-style-default wd-title-size-default text-center\">\n\n\t\t\t\t\t\t\t<div class=\"title-subtitle subtitle-color-default subtitle-style-default wd-fontsize-xs\">\n\t\t\t\t\tOperation Dauer\t\t\t\t<\/div>\n\t\t\t\n\t\t\t<div class=\"liner-continer\">\n\t\t\t\t<p class=\"woodmart-title-container title wd-fontsize-l\">2-4 Stunden<\/p> \n\t\t\t\t\t\t\t<\/div>\n\n\t\t\t\t\t<\/div>\n\t\t\t\t\t\t<\/div>\n\t\t\t\t<\/div>\n\t\t\t\t<\/div>\n\t\t<div class=\"elementor-element elementor-element-5a676f7d e-con-full e-flex e-con e-child\" data-id=\"5a676f7d\" data-element_type=\"container\">\n\t\t\t\t<div class=\"elementor-element elementor-element-73c550bd wd-width-100 elementor-widget elementor-widget-wd_title\" data-id=\"73c550bd\" data-element_type=\"widget\" data-widget_type=\"wd_title.default\">\n\t\t\t\t<div class=\"elementor-widget-container\">\n\t\t\t\t\t\t\t<div class=\"title-wrapper set-mb-s reset-last-child wd-title-color-default wd-title-style-default wd-title-size-default text-center\">\n\n\t\t\t\t\t\t\t<div class=\"title-subtitle subtitle-color-default subtitle-style-default wd-fontsize-xs\">\n\t\t\t\t\tAn\u00e4sthesie Typ\t\t\t\t<\/div>\n\t\t\t\n\t\t\t<div class=\"liner-continer\">\n\t\t\t\t<p class=\"woodmart-title-container title wd-fontsize-l\">Allgemeine An\u00e4sthesie<\/p> \n\t\t\t\t\t\t\t<\/div>\n\n\t\t\t\t\t<\/div>\n\t\t\t\t\t\t<\/div>\n\t\t\t\t<\/div>\n\t\t\t\t<\/div>\n\t\t<div class=\"elementor-element elementor-element-646427f0 e-con-full e-flex e-con e-child\" data-id=\"646427f0\" data-element_type=\"container\">\n\t\t\t\t<div class=\"elementor-element elementor-element-6c95bc67 wd-width-100 elementor-widget elementor-widget-wd_title\" data-id=\"6c95bc67\" data-element_type=\"widget\" data-widget_type=\"wd_title.default\">\n\t\t\t\t<div class=\"elementor-widget-container\">\n\t\t\t\t\t\t\t<div class=\"title-wrapper set-mb-s reset-last-child wd-title-color-default wd-title-style-default wd-title-size-default text-center\">\n\n\t\t\t\t\t\t\t<div class=\"title-subtitle subtitle-color-default subtitle-style-default wd-fontsize-xs\">\n\t\t\t\t\tErholungszeit\t\t\t\t<\/div>\n\t\t\t\n\t\t\t<div class=\"liner-continer\">\n\t\t\t\t<p class=\"woodmart-title-container title wd-fontsize-l\">1-2 Wochen<\/p> \n\t\t\t\t\t\t\t<\/div>\n\n\t\t\t\t\t<\/div>\n\t\t\t\t\t\t<\/div>\n\t\t\t\t<\/div>\n\t\t\t\t<\/div>\n\t\t\t\t\t<\/div>\n\t\t\t\t<\/div>\n\t\t<div class=\"wd-negative-gap elementor-element elementor-element-77df139 e-flex e-con-boxed e-con e-parent\" data-id=\"77df139\" data-element_type=\"container\">\n\t\t\t\t\t<div class=\"e-con-inner\">\n\t\t\t\t<div class=\"elementor-element elementor-element-9c42a31 color-scheme-inherit text-left elementor-widget elementor-widget-text-editor\" data-id=\"9c42a31\" data-element_type=\"widget\" data-widget_type=\"text-editor.default\">\n\t\t\t\t<div class=\"elementor-widget-container\">\n\t\t\t\t\t\t\t\t\t<p><span style=\"font-weight: 400;\">Die Kieferorthop\u00e4die ist eine Behandlungsmethode, die den Bereich der Kieferorthop\u00e4die in den letzten Jahren revolutioniert hat. Es ist jetzt einfacher und bequemer, Ihre Z\u00e4hne zu richten und ein \u00e4sthetischeres L\u00e4cheln zu haben. Invisalign, das als Alternative zur herk\u00f6mmlichen Zahnspange entwickelt wurde, beseitigt \u00e4sthetische Bedenken und bringt Ihre Z\u00e4hne mit transparenten Alignern in die gew\u00fcnschte Position.\u00a0<\/span><\/p><h2><span style=\"font-weight: 400;\">Was ist Kieferorthop\u00e4die und wie funktioniert sie?<\/span><\/h2><p><span style=\"font-weight: 400;\">Bei der Kieferorthop\u00e4die handelt es sich um eine transparente, individuell angepasste Zahnregulierung, die als Alternative zur herk\u00f6mmlichen Zahnspange entwickelt wurde. Bei dieser Behandlung werden Ihre Z\u00e4hne mit Hilfe von individuell angefertigten, durchsichtigen Schablonen sanft in die gew\u00fcnschte Position gebracht. Im Gegensatz zu Zahnspangen ist die kieferorthop\u00e4dische Behandlung im Mund praktisch unsichtbar und kann ohne Beeintr\u00e4chtigung des t\u00e4glichen Lebens durchgef\u00fchrt werden. Die Aligner werden nur dann eingesetzt und herausgenommen, wenn Sie sie brauchen, was sie zu einer \u00e4u\u00dferst praktischen und \u00e4sthetischen Option macht.<\/span><\/p><h2><span style=\"font-weight: 400;\">Wer kann eine kieferorthop\u00e4dische Behandlung erhalten?<\/span><\/h2><p><span style=\"font-weight: 400;\">Eine kieferorthop\u00e4dische Behandlung kann im Allgemeinen bei Personen jeden Alters durchgef\u00fchrt werden, die Probleme mit der Ausrichtung ihrer Z\u00e4hne haben. Die besten Ergebnisse lassen sich jedoch bei Erwachsenen und Jugendlichen erzielen, da die Kieferentwicklung abgeschlossen sein sollte. Die Kieferorthop\u00e4die eignet sich f\u00fcr die Korrektur leichter bis mittelschwerer Zahnfehlstellungen. Bei schwerwiegenden kieferorthop\u00e4dischen Problemen kann eine herk\u00f6mmliche Zahnspangenbehandlung sinnvoller sein. Bei der Entscheidung, f\u00fcr wen eine kieferorthop\u00e4dische Behandlung in Frage kommt, sollte ein Kieferorthop\u00e4de zu Rate gezogen werden.<\/span><\/p><h2><span style=\"font-weight: 400;\">Was sind die Vorteile einer kieferorthop\u00e4dischen Behandlung?<\/span><\/h2><p><span style=\"font-weight: 400;\">Der gr\u00f6\u00dfte Vorteil der kieferorthop\u00e4dischen Behandlung ist, dass sie transparent und herausnehmbar ist. Dadurch wird sichergestellt, dass die Patienten w\u00e4hrend der Behandlung keine Schwierigkeiten beim Essen oder Z\u00e4hneputzen haben. Au\u00dferdem verursacht eine kieferorthop\u00e4dische Behandlung in der Regel weniger Schmerzen als eine Zahnspange, da sie angenehmer ist. Dank ihrer unsichtbaren Struktur verursachen sie w\u00e4hrend des Behandlungszeitraums keine \u00e4sthetischen Beschwerden. Weitere Vorteile sind die k\u00fcrzere Behandlungsdauer, der geringere Wartungsaufwand und ein sauberer Mund.<\/span><\/p><h2><span style=\"font-weight: 400;\">Unterschiede zwischen Kieferorthop\u00e4die und herk\u00f6mmlichen Zahnspangen<\/span><\/h2><p><span style=\"font-weight: 400;\">Der offensichtlichste Unterschied zwischen der Kieferorthop\u00e4die und der herk\u00f6mmlichen Zahnspange besteht in den Materialien, die bei der Behandlung verwendet werden. Bei der Kieferorthop\u00e4die werden durchsichtige, herausnehmbare Aligner verwendet, w\u00e4hrend bei der herk\u00f6mmlichen Zahnspange Metalldr\u00e4hte und Klammern zum Einsatz kommen. W\u00e4hrend sich die Kieferorthop\u00e4die durch ihre \u00e4sthetischen Vorteile auszeichnet, kann eine Zahnspange in manchen F\u00e4llen schnellere Ergebnisse liefern. Dar\u00fcber hinaus bietet die kieferorthop\u00e4dische Behandlung einen hohen Komfort, da sie schmerzarm und herausnehmbar ist, w\u00e4hrend herk\u00f6mmliche Zahnspangen oft einen h\u00f6heren Wartungsaufwand erfordern und mehr visuelle Unannehmlichkeiten verursachen k\u00f6nnen.<\/span><\/p><h2><span style=\"font-weight: 400;\">Wie lange dauert eine kieferorthop\u00e4dische Behandlung?<\/span><\/h2><p><span style=\"font-weight: 400;\">Die Dauer einer kieferorthop\u00e4dischen Behandlung h\u00e4ngt vom Einzelfall und vom Zustand des behandelten Zahns ab. Bei den meisten Menschen kann die Behandlungsdauer zwischen 6 und 18 Monaten liegen. Eine kieferorthop\u00e4dische Behandlung bietet in der Regel eine schnellere L\u00f6sung, da die Aligner die Z\u00e4hne in regelm\u00e4\u00dfigen Abst\u00e4nden und mit leichtem Druck bewegen. Die Dauer der Behandlung h\u00e4ngt direkt davon ab, wie lange die einzelnen Aligner verwendet werden und wie stark der Kieferorthop\u00e4de in die Behandlung eingreift.<\/span><\/p><h2><span style=\"font-weight: 400;\">Gibt es Schmerzen und Unbehagen w\u00e4hrend einer kieferorthop\u00e4dischen Behandlung?<\/span><\/h2><p><span style=\"font-weight: 400;\">Ein leichtes Schmerz- oder Unbehaglichkeitsgef\u00fchl w\u00e4hrend der kieferorthop\u00e4dischen Behandlung ist normal, aber viel geringer als bei einer herk\u00f6mmlichen Zahnspange. Zu Beginn k\u00f6nnen Sie beim Tragen der Aligner einen leichten Druck auf die Z\u00e4hne versp\u00fcren, der jedoch in der Regel innerhalb weniger Tage verschwindet. Die kieferorthop\u00e4dischen Aligner bewegen Ihre Z\u00e4hne durch einen sanfteren Druck auf die Z\u00e4hne, was in der Regel weniger Unbehagen verursacht. Wenn Sie w\u00e4hrend der Behandlung Schmerzen oder Unwohlsein versp\u00fcren, sollten Sie sich an einen Kieferorthop\u00e4den wenden.<\/span><\/p><h2><span style=\"font-weight: 400;\">Wie sollte die Pflege nach einer kieferorthop\u00e4dischen Behandlung aussehen?<\/span><\/h2><p><span style=\"font-weight: 400;\">Die Pflege nach einer kieferorthop\u00e4dischen Behandlung ist der wichtigste Teil des Behandlungsprozesses. Sie sollten regelm\u00e4\u00dfig Ihre Z\u00e4hne putzen und Zahnseide verwenden. Es ist auch wichtig, die Aligner nach jedem Gebrauch zu reinigen. Nach der kieferorthop\u00e4dischen Behandlung m\u00fcssen Sie m\u00f6glicherweise die vom Kieferorthop\u00e4den empfohlenen Korrekturbehandlungen anwenden, um Ihre Z\u00e4hne zu sch\u00fctzen. Diese Phase ist sehr wichtig, um sicherzustellen, dass das Behandlungsergebnis von Dauer ist.<\/span><\/p><h2><span style=\"font-weight: 400;\">Wie hoch sind die Kosten einer kieferorthop\u00e4dischen Behandlung?<\/span><\/h2><p><span style=\"font-weight: 400;\">Die Kosten f\u00fcr eine kieferorthop\u00e4dische Behandlung h\u00e4ngen von der Dauer der Behandlung, dem Umfang der zu korrigierenden Zahnprobleme und der Region ab, in der sich der Kieferorthop\u00e4de befindet. Im Allgemeinen ist der Preis etwas h\u00f6her als bei einer herk\u00f6mmlichen Zahnspange, aber diese Mehrkosten werden durch Vorteile wie \u00c4sthetik und Komfort ausgeglichen. Um die genauen Kosten einer kieferorthop\u00e4dischen Behandlung zu erfahren, m\u00fcssen Sie sich an einen Kieferorthop\u00e4den wenden.<\/span><\/p><h2><span style=\"font-weight: 400;\">F\u00fcr wen ist eine kieferorthop\u00e4dische Behandlung geeignet?<\/span><\/h2><p><span style=\"font-weight: 400;\">Eine kieferorthop\u00e4dische Behandlung ist f\u00fcr Personen mit leichten oder mittelschweren Zahnfehlstellungen geeignet. Sie kann f\u00fcr Kinder, Jugendliche und Erwachsene eine geeignete Option sein. F\u00fcr Menschen mit sehr schwerwiegenden kieferorthop\u00e4dischen Problemen kann jedoch eine herk\u00f6mmliche Zahnspange die geeignetere Behandlungsoption sein. Es ist wichtig, einen Kieferorthop\u00e4den zu konsultieren, um festzustellen, wer f\u00fcr eine kieferorthop\u00e4dische Behandlung geeignet ist.<\/span><\/p><h2><span style=\"font-weight: 400;\">Was ist bei einer kieferorthop\u00e4dischen Behandlung zu beachten?<\/span><\/h2><p><span style=\"font-weight: 400;\">Bei einer kieferorthop\u00e4dischen Behandlung gibt es einige wichtige Punkte zu beachten. Sie sollten die Aligner sorgf\u00e4ltig pflegen und t\u00e4glich reinigen. Au\u00dferdem sollten Sie die Aligner zum Essen herausnehmen und w\u00e4hrend der Behandlungszeit die empfohlenen Zeiten tragen. Au\u00dferdem sollten Sie w\u00e4hrend des Behandlungszeitraums regelm\u00e4\u00dfig zu kieferorthop\u00e4dischen Kontrolluntersuchungen gehen.<\/span><\/p><h2><span style=\"font-weight: 400;\">Wann sind die Ergebnisse einer kieferorthop\u00e4dischen Behandlung sichtbar?<\/span><\/h2><p><span style=\"font-weight: 400;\">Obwohl die Ergebnisse einer kieferorthop\u00e4dischen Behandlung je nach Person unterschiedlich ausfallen, sind sie in der Regel schon nach wenigen Monaten zu sehen. Sie werden feststellen, dass sich Ihre Z\u00e4hne langsam in die gew\u00fcnschte Position bewegen. Regelm\u00e4\u00dfige Kontrolluntersuchungen w\u00e4hrend der Behandlung k\u00f6nnen die Geschwindigkeit des Behandlungsprozesses beeinflussen. Am Ende der kieferorthop\u00e4dischen Behandlung wird die endg\u00fcltige Form Ihrer Z\u00e4hne deutlich und ein \u00e4sthetisch zufriedenstellendes Ergebnis erzielt.<\/span><\/p><h2><span style=\"font-weight: 400;\">Wie sehr werden sich meine Z\u00e4hne durch eine kieferorthop\u00e4dische Behandlung verbessern?<\/span><\/h2><p><span style=\"font-weight: 400;\">Mit einer kieferorthop\u00e4dischen Behandlung erzielen Sie bei leichten und mittleren Zahnfehlstellungen hervorragende Ergebnisse. Engst\u00e4nde, L\u00fccken oder Fehlstellungen Ihrer Z\u00e4hne werden korrigiert. Am Ende der Behandlung k\u00f6nnen Sie ein glatteres und \u00e4sthetischeres L\u00e4cheln haben.<\/span><\/p><h2><span style=\"font-weight: 400;\">Ist L\u00e4cheldesign mit kieferorthop\u00e4discher Behandlung m\u00f6glich?<\/span><\/h2><p><span style=\"font-weight: 400;\">Die kieferorthop\u00e4dische Behandlung bietet eine hervorragende M\u00f6glichkeit zur Gestaltung des L\u00e4chelns. W\u00e4hrend der Behandlung k\u00f6nnen Ihre Z\u00e4hne so gestaltet werden, dass sie \u00e4sthetisch optimal aussehen. Kieferorthop\u00e4dische Aligner verhelfen Ihrem L\u00e4cheln zu mehr \u00c4sthetik, indem sie Ihre Z\u00e4hne richtig positionieren.<\/span><\/p><p>\u00a0<\/p>\t\t\t\t\t\t\t\t<\/div>\n\t\t\t\t<\/div>\n\t\t\t\t\t<\/div>\n\t\t\t\t<\/div>\n\t\t\t\t<\/div>","protected":false},"excerpt":{"rendered":"<p>Ortalama Kal\u0131\u015f S\u00fcresi 7 G\u00fcn Hastanede Yat\u0131\u015f S\u00fcresi 1 G\u00fcn Operasyon S\u00fcresi 2-4 Saat Anestezi T\u00fcr\u00fc Genel Anestezi \u0130yile\u015fme S\u00fcresi<\/p>","protected":false},"author":1,"featured_media":0,"parent":0,"menu_order":0,"comment_status":"closed","ping_status":"closed","template":"","meta":{"footnotes":""},"class_list":["post-27867","page","type-page","status-publish","hentry"],"_links":{"self":[{"href":"https:\/\/westestetik.com\/de\/wp-json\/wp\/v2\/pages\/27867","targetHints":{"allow":["GET"]}}],"collection":[{"href":"https:\/\/westestetik.com\/de\/wp-json\/wp\/v2\/pages"}],"about":[{"href":"https:\/\/westestetik.com\/de\/wp-json\/wp\/v2\/types\/page"}],"author":[{"embeddable":true,"href":"https:\/\/westestetik.com\/de\/wp-json\/wp\/v2\/users\/1"}],"replies":[{"embeddable":true,"href":"https:\/\/westestetik.com\/de\/wp-json\/wp\/v2\/comments?post=27867"}],"version-history":[{"count":10,"href":"https:\/\/westestetik.com\/de\/wp-json\/wp\/v2\/pages\/27867\/revisions"}],"predecessor-version":[{"id":29028,"href":"https:\/\/westestetik.com\/de\/wp-json\/wp\/v2\/pages\/27867\/revisions\/29028"}],"wp:attachment":[{"href":"https:\/\/westestetik.com\/de\/wp-json\/wp\/v2\/media?parent=27867"}],"curies":[{"name":"wp","href":"https:\/\/api.w.org\/{rel}","templated":true}]}}