{"id":27862,"date":"2024-12-02T23:30:22","date_gmt":"2024-12-02T23:30:22","guid":{"rendered":"https:\/\/westestetik.com\/?page_id=27862"},"modified":"2024-12-26T15:06:52","modified_gmt":"2024-12-26T15:06:52","slug":"zahnaufhellung","status":"publish","type":"page","link":"https:\/\/westestetik.com\/de\/zahnaufhellung\/","title":{"rendered":"Zahnaufhellung"},"content":{"rendered":"<div data-elementor-type=\"wp-page\" data-elementor-id=\"27862\" class=\"elementor elementor-27862\" data-elementor-post-type=\"page\">\n\t\t\t\t<div class=\"elementor-element elementor-element-ca9369b e-con-full elementor-hidden-mobile e-flex e-con e-parent\" data-id=\"ca9369b\" data-element_type=\"container\">\n\t\t<div class=\"elementor-element elementor-element-7715c0a0 e-con-full e-flex e-con e-child\" data-id=\"7715c0a0\" data-element_type=\"container\">\n\t\t\t\t<div class=\"elementor-element elementor-element-6ede3ceb elementor-widget elementor-widget-image\" data-id=\"6ede3ceb\" data-element_type=\"widget\" data-widget_type=\"image.default\">\n\t\t\t\t<div class=\"elementor-widget-container\">\n\t\t\t\t\t\t\t\t\t\t\t\t\t\t\t<img decoding=\"async\" width=\"100\" height=\"100\" src=\"https:\/\/westestetik.com\/wp-content\/uploads\/2024\/12\/1-4.png\" class=\"attachment-large size-large wp-image-28814\" alt=\"\" srcset=\"https:\/\/westestetik.com\/wp-content\/uploads\/2024\/12\/1-4.png 100w, https:\/\/westestetik.com\/wp-content\/uploads\/2024\/12\/1-4-12x12.png 12w\" sizes=\"(max-width: 100px) 100vw, 100px\" \/>\t\t\t\t\t\t\t\t\t\t\t\t\t\t\t<\/div>\n\t\t\t\t<\/div>\n\t\t\t\t<\/div>\n\t\t<div class=\"elementor-element elementor-element-63750002 e-con-full e-flex e-con e-child\" data-id=\"63750002\" data-element_type=\"container\">\n\t\t\t\t<div class=\"elementor-element elementor-element-488712e5 elementor-widget elementor-widget-image\" data-id=\"488712e5\" data-element_type=\"widget\" data-widget_type=\"image.default\">\n\t\t\t\t<div class=\"elementor-widget-container\">\n\t\t\t\t\t\t\t\t\t\t\t\t\t\t\t<img decoding=\"async\" width=\"100\" height=\"100\" src=\"https:\/\/westestetik.com\/wp-content\/uploads\/2024\/12\/2-5.png\" class=\"attachment-large size-large wp-image-28815\" alt=\"\" srcset=\"https:\/\/westestetik.com\/wp-content\/uploads\/2024\/12\/2-5.png 100w, https:\/\/westestetik.com\/wp-content\/uploads\/2024\/12\/2-5-12x12.png 12w\" sizes=\"(max-width: 100px) 100vw, 100px\" \/>\t\t\t\t\t\t\t\t\t\t\t\t\t\t\t<\/div>\n\t\t\t\t<\/div>\n\t\t\t\t<\/div>\n\t\t<div class=\"elementor-element elementor-element-5b302bab e-con-full e-flex e-con e-child\" data-id=\"5b302bab\" data-element_type=\"container\">\n\t\t\t\t<div class=\"elementor-element elementor-element-3593a91 elementor-widget elementor-widget-image\" data-id=\"3593a91\" data-element_type=\"widget\" data-widget_type=\"image.default\">\n\t\t\t\t<div class=\"elementor-widget-container\">\n\t\t\t\t\t\t\t\t\t\t\t\t\t\t\t<img decoding=\"async\" width=\"100\" height=\"100\" src=\"https:\/\/westestetik.com\/wp-content\/uploads\/2024\/12\/3-1.png\" class=\"attachment-large size-large wp-image-28816\" alt=\"\" srcset=\"https:\/\/westestetik.com\/wp-content\/uploads\/2024\/12\/3-1.png 100w, https:\/\/westestetik.com\/wp-content\/uploads\/2024\/12\/3-1-12x12.png 12w\" sizes=\"(max-width: 100px) 100vw, 100px\" \/>\t\t\t\t\t\t\t\t\t\t\t\t\t\t\t<\/div>\n\t\t\t\t<\/div>\n\t\t\t\t<\/div>\n\t\t<div class=\"elementor-element elementor-element-67d3f5a4 e-con-full e-flex e-con e-child\" data-id=\"67d3f5a4\" data-element_type=\"container\">\n\t\t\t\t<div class=\"elementor-element elementor-element-4b0f4d77 elementor-widget elementor-widget-image\" data-id=\"4b0f4d77\" data-element_type=\"widget\" data-widget_type=\"image.default\">\n\t\t\t\t<div class=\"elementor-widget-container\">\n\t\t\t\t\t\t\t\t\t\t\t\t\t\t\t<img loading=\"lazy\" decoding=\"async\" width=\"100\" height=\"100\" src=\"https:\/\/westestetik.com\/wp-content\/uploads\/2024\/12\/4-1.png\" class=\"attachment-large size-large wp-image-28817\" alt=\"\" srcset=\"https:\/\/westestetik.com\/wp-content\/uploads\/2024\/12\/4-1.png 100w, https:\/\/westestetik.com\/wp-content\/uploads\/2024\/12\/4-1-12x12.png 12w\" sizes=\"(max-width: 100px) 100vw, 100px\" \/>\t\t\t\t\t\t\t\t\t\t\t\t\t\t\t<\/div>\n\t\t\t\t<\/div>\n\t\t\t\t<\/div>\n\t\t<div class=\"elementor-element elementor-element-3ce8334d e-con-full e-flex e-con e-child\" data-id=\"3ce8334d\" data-element_type=\"container\">\n\t\t\t\t<div class=\"elementor-element elementor-element-3154348a elementor-widget elementor-widget-image\" data-id=\"3154348a\" data-element_type=\"widget\" data-widget_type=\"image.default\">\n\t\t\t\t<div class=\"elementor-widget-container\">\n\t\t\t\t\t\t\t\t\t\t\t\t\t\t\t<img loading=\"lazy\" decoding=\"async\" width=\"100\" height=\"100\" src=\"https:\/\/westestetik.com\/wp-content\/uploads\/2024\/12\/5-1.png\" class=\"attachment-large size-large wp-image-28818\" alt=\"\" srcset=\"https:\/\/westestetik.com\/wp-content\/uploads\/2024\/12\/5-1.png 100w, https:\/\/westestetik.com\/wp-content\/uploads\/2024\/12\/5-1-12x12.png 12w\" sizes=\"(max-width: 100px) 100vw, 100px\" \/>\t\t\t\t\t\t\t\t\t\t\t\t\t\t\t<\/div>\n\t\t\t\t<\/div>\n\t\t\t\t<\/div>\n\t\t\t\t<\/div>\n\t\t<div class=\"wd-negative-gap elementor-element elementor-element-184d5ef1 elementor-hidden-mobile e-flex e-con-boxed e-con e-parent\" data-id=\"184d5ef1\" data-element_type=\"container\">\n\t\t\t\t\t<div class=\"e-con-inner\">\n\t\t<div class=\"elementor-element elementor-element-14022c11 e-con-full e-flex e-con e-child\" data-id=\"14022c11\" data-element_type=\"container\">\n\t\t\t\t<div class=\"elementor-element elementor-element-43933d67 wd-width-100 elementor-widget elementor-widget-wd_title\" data-id=\"43933d67\" data-element_type=\"widget\" data-widget_type=\"wd_title.default\">\n\t\t\t\t<div class=\"elementor-widget-container\">\n\t\t\t\t\t\t\t<div class=\"title-wrapper set-mb-s reset-last-child wd-title-color-default wd-title-style-default wd-title-size-default text-center\">\n\n\t\t\t\t\t\t\t<div class=\"title-subtitle subtitle-color-default subtitle-style-default wd-fontsize-xs\">\n\t\t\t\t\tDurchschnittliche Dauer des Aufenthalts\t\t\t\t<\/div>\n\t\t\t\n\t\t\t<div class=\"liner-continer\">\n\t\t\t\t<p class=\"woodmart-title-container title wd-fontsize-l\">7 Tage<\/p> \n\t\t\t\t\t\t\t<\/div>\n\n\t\t\t\t\t<\/div>\n\t\t\t\t\t\t<\/div>\n\t\t\t\t<\/div>\n\t\t\t\t<\/div>\n\t\t<div class=\"elementor-element elementor-element-4d4c49a6 e-con-full e-flex e-con e-child\" data-id=\"4d4c49a6\" data-element_type=\"container\">\n\t\t\t\t<div class=\"elementor-element elementor-element-6a4800df wd-width-100 elementor-widget elementor-widget-wd_title\" data-id=\"6a4800df\" data-element_type=\"widget\" data-widget_type=\"wd_title.default\">\n\t\t\t\t<div class=\"elementor-widget-container\">\n\t\t\t\t\t\t\t<div class=\"title-wrapper set-mb-s reset-last-child wd-title-color-default wd-title-style-default wd-title-size-default text-center\">\n\n\t\t\t\t\t\t\t<div class=\"title-subtitle subtitle-color-default subtitle-style-default wd-fontsize-xs\">\n\t\t\t\t\tDauer des Krankenhausaufenthalts\t\t\t\t<\/div>\n\t\t\t\n\t\t\t<div class=\"liner-continer\">\n\t\t\t\t<p class=\"woodmart-title-container title wd-fontsize-l\">1 Tag<\/p> \n\t\t\t\t\t\t\t<\/div>\n\n\t\t\t\t\t<\/div>\n\t\t\t\t\t\t<\/div>\n\t\t\t\t<\/div>\n\t\t\t\t<\/div>\n\t\t<div class=\"elementor-element elementor-element-9958dc3 e-con-full e-flex e-con e-child\" data-id=\"9958dc3\" data-element_type=\"container\">\n\t\t\t\t<div class=\"elementor-element elementor-element-357060d1 wd-width-100 elementor-widget elementor-widget-wd_title\" data-id=\"357060d1\" data-element_type=\"widget\" data-widget_type=\"wd_title.default\">\n\t\t\t\t<div class=\"elementor-widget-container\">\n\t\t\t\t\t\t\t<div class=\"title-wrapper set-mb-s reset-last-child wd-title-color-default wd-title-style-default wd-title-size-default text-center\">\n\n\t\t\t\t\t\t\t<div class=\"title-subtitle subtitle-color-default subtitle-style-default wd-fontsize-xs\">\n\t\t\t\t\tOperation Dauer\t\t\t\t<\/div>\n\t\t\t\n\t\t\t<div class=\"liner-continer\">\n\t\t\t\t<p class=\"woodmart-title-container title wd-fontsize-l\">2-4 Stunden<\/p> \n\t\t\t\t\t\t\t<\/div>\n\n\t\t\t\t\t<\/div>\n\t\t\t\t\t\t<\/div>\n\t\t\t\t<\/div>\n\t\t\t\t<\/div>\n\t\t<div class=\"elementor-element elementor-element-4813ee64 e-con-full e-flex e-con e-child\" data-id=\"4813ee64\" data-element_type=\"container\">\n\t\t\t\t<div class=\"elementor-element elementor-element-6b61b5bb wd-width-100 elementor-widget elementor-widget-wd_title\" data-id=\"6b61b5bb\" data-element_type=\"widget\" data-widget_type=\"wd_title.default\">\n\t\t\t\t<div class=\"elementor-widget-container\">\n\t\t\t\t\t\t\t<div class=\"title-wrapper set-mb-s reset-last-child wd-title-color-default wd-title-style-default wd-title-size-default text-center\">\n\n\t\t\t\t\t\t\t<div class=\"title-subtitle subtitle-color-default subtitle-style-default wd-fontsize-xs\">\n\t\t\t\t\tAn\u00e4sthesie Typ\t\t\t\t<\/div>\n\t\t\t\n\t\t\t<div class=\"liner-continer\">\n\t\t\t\t<p class=\"woodmart-title-container title wd-fontsize-l\">Allgemeine An\u00e4sthesie<\/p> \n\t\t\t\t\t\t\t<\/div>\n\n\t\t\t\t\t<\/div>\n\t\t\t\t\t\t<\/div>\n\t\t\t\t<\/div>\n\t\t\t\t<\/div>\n\t\t<div class=\"elementor-element elementor-element-3fdc1467 e-con-full e-flex e-con e-child\" data-id=\"3fdc1467\" data-element_type=\"container\">\n\t\t\t\t<div class=\"elementor-element elementor-element-4c67e59b wd-width-100 elementor-widget elementor-widget-wd_title\" data-id=\"4c67e59b\" data-element_type=\"widget\" data-widget_type=\"wd_title.default\">\n\t\t\t\t<div class=\"elementor-widget-container\">\n\t\t\t\t\t\t\t<div class=\"title-wrapper set-mb-s reset-last-child wd-title-color-default wd-title-style-default wd-title-size-default text-center\">\n\n\t\t\t\t\t\t\t<div class=\"title-subtitle subtitle-color-default subtitle-style-default wd-fontsize-xs\">\n\t\t\t\t\tErholungszeit\t\t\t\t<\/div>\n\t\t\t\n\t\t\t<div class=\"liner-continer\">\n\t\t\t\t<p class=\"woodmart-title-container title wd-fontsize-l\">1-2 Wochen<\/p> \n\t\t\t\t\t\t\t<\/div>\n\n\t\t\t\t\t<\/div>\n\t\t\t\t\t\t<\/div>\n\t\t\t\t<\/div>\n\t\t\t\t<\/div>\n\t\t\t\t\t<\/div>\n\t\t\t\t<\/div>\n\t\t<div class=\"wd-negative-gap elementor-element elementor-element-12764b9 e-flex e-con-boxed e-con e-parent\" data-id=\"12764b9\" data-element_type=\"container\">\n\t\t\t\t\t<div class=\"e-con-inner\">\n\t\t\t\t<div class=\"elementor-element elementor-element-bc3c2d2 color-scheme-inherit text-left elementor-widget elementor-widget-text-editor\" data-id=\"bc3c2d2\" data-element_type=\"widget\" data-widget_type=\"text-editor.default\">\n\t\t\t\t<div class=\"elementor-widget-container\">\n\t\t\t\t\t\t\t\t\t<p>Die Zahnaufhellung ist eine der wirksamsten Methoden, um ein \u00e4sthetisches L\u00e4cheln zu erreichen. Flecken und Vergilbungen, die sich im Laufe der Zeit auf den Z\u00e4hnen ansammeln, k\u00f6nnen bei vielen Menschen zu einem Verlust des Selbstbewusstseins f\u00fchren. Gl\u00fccklicherweise k\u00f6nnen Zahnaufhellungsverfahren dieses Problem leicht l\u00f6sen, indem sie Ihre Z\u00e4hne wei\u00dfer und heller machen. Die Ergebnisse, die sowohl mit professionellen Anwendungen in einer Klinik als auch mit Produkten f\u00fcr den Hausgebrauch erzielt werden k\u00f6nnen, h\u00e4ngen von den pers\u00f6nlichen Vorlieben und Bed\u00fcrfnissen ab.<\/p><h2>Was ist Zahnaufhellung?<\/h2><p>Die Zahnaufhellung ist ein \u00e4sthetisches Verfahren, das dazu dient, die Z\u00e4hne wei\u00dfer und heller aussehen zu lassen. Es zielt darauf ab, das nat\u00fcrliche Wei\u00df der Z\u00e4hne wiederherzustellen, indem Flecken entfernt werden, die sich im Laufe der Zeit bilden. Die Zahnaufhellung kann von professionellen Zahn\u00e4rzten in einem klinischen Umfeld oder mit speziellen Produkten zu Hause durchgef\u00fchrt werden. Die Zahnaufhellung verhilft Ihnen zu einem gesunden und \u00e4sthetischen L\u00e4cheln.<\/p><h2>Welche Methoden der Zahnaufhellung gibt es?<\/h2><p>Die Zahnaufhellung kann mit verschiedenen Methoden durchgef\u00fchrt werden. Die gebr\u00e4uchlichsten Aufhellungstechniken sind folgende:<\/p><ol><li>Zahnaufhellung in der Praxis: Hierbei handelt es sich um eine professionelle Aufhellungsmethode, die vom Zahnarzt in einer klinischen Umgebung durchgef\u00fchrt wird. In der Regel wird ein spezielles Gel verwendet und mit einem Laser aktiviert, um schnellere Ergebnisse zu erzielen.<\/li><li>Zahnaufhellung zu Hause: Hierbei handelt es sich um eine Methode, die zu Hause mit vom Zahnarzt empfohlenen Aufhellungsprodukten durchgef\u00fchrt wird. Diese Produkte k\u00f6nnen in Form von Aufhellungsgels oder Pflastern verwendet werden. Das Home Whitening erfordert in der Regel eine l\u00e4ngere Anwendungsdauer.<\/li><li>Verwendung von Whitening-Zahnpasta: Sie kann verwendet werden, um die Flecken auf den Z\u00e4hnen zu entfernen und ein nat\u00fcrliches Wei\u00df zu erreichen. Allerdings kann diese Methode weniger wirksam sein als andere professionelle Methoden.<\/li><\/ol><h2>Preise f\u00fcr Zahnaufhellung: Welche Faktoren spielen eine Rolle?<\/h2><p>Die Preise f\u00fcr die Zahnaufhellung variieren je nach der anzuwendenden Methode, den verwendeten Materialien und dem Standort der Klinik. Eine Zahnaufhellung in der Praxis ist in der Regel teurer, da sie professionelle Ger\u00e4te und \u00e4rztliche Aufsicht erfordert. Die Zahnaufhellung zu Hause kann dagegen zu g\u00fcnstigeren Preisen angeboten werden, aber die Ergebnisse brauchen etwas l\u00e4nger. Au\u00dferdem sind Verfahren unter zahn\u00e4rztlicher Aufsicht im Allgemeinen sicherer und wirksamer.<\/p><h2>Wie lange dauert die Zahnaufhellung?<\/h2><p>Die Dauer der Zahnaufhellung h\u00e4ngt von der verwendeten Methode ab. Eine Aufhellung in der Praxis dauert in der Regel 60-90 Minuten, w\u00e4hrend eine Aufhellung zu Hause mehrere Wochen dauern kann. Bei der Zahnaufhellung in der Praxis kann der Zahnarzt eine Laser- oder Lichttherapie anwenden, um den Prozess zu beschleunigen.<\/p><h2>Was sollte nach einer Zahnaufhellung beachtet werden?<\/h2><p>Es gibt einige wichtige Punkte, die nach der Zahnaufhellung zu beachten sind. In den ersten 24-48 Stunden nach dem Eingriff wird empfohlen, Lebensmittel und Getr\u00e4nke (Kaffee, Tee, Rotwein usw.) zu meiden, die Verf\u00e4rbungen verursachen k\u00f6nnen. Au\u00dferdem kann die Empfindlichkeit der Z\u00e4hne erh\u00f6ht sein, so dass es von Vorteil ist, \u00fcberm\u00e4\u00dfig hei\u00dfe oder kalte Speisen zu vermeiden.<\/p><h2>Methoden zur Zahnaufhellung zu Hause: Sind sie wirksam?<\/h2><p>Zahnaufhellungsmethoden f\u00fcr zu Hause werden in der Regel mit Produkten durchgef\u00fchrt, die vom Zahnarzt empfohlen werden. Manche Menschen bezweifeln jedoch die Wirksamkeit von Produkten f\u00fcr die Zahnaufhellung zu Hause. Wenn die richtigen Produkte verwendet werden, k\u00f6nnen Zahnaufhellungsmethoden zu Hause sicher und wirksam sein. Die Verwendung der falschen Produkte kann jedoch zu Zahnempfindlichkeit oder anderen Problemen f\u00fchren.<\/p><h2>Ist die Zahnaufhellung schmerzhaft?<\/h2><p>Die Zahnaufhellung ist in der Regel schmerzfrei. Bei manchen Menschen kann es jedoch zu einer Empfindlichkeit der Z\u00e4hne nach dem Bleichen kommen. Diese Empfindlichkeit ist in der Regel vor\u00fcbergehend und bessert sich innerhalb weniger Tage. Wenn Sie w\u00e4hrend oder nach dem Verfahren starke Schmerzen versp\u00fcren, sollten Sie unbedingt Ihren Zahnarzt aufsuchen.<\/p><h2>Wie lange bleibt das Wei\u00df nach einer Zahnaufhellung erhalten?<\/h2><p>Die Ergebnisse der Zahnaufhellung k\u00f6nnen von Person zu Person variieren und h\u00e4ngen von der verwendeten Methode ab. Die Zahnaufhellung in der Zahnarztpraxis h\u00e4lt in der Regel l\u00e4nger an, aber das Wei\u00df der Z\u00e4hne kann mit der Zeit abnehmen. Das Ergebnis einer Aufhellung zu Hause kann k\u00fcrzer anhalten. Regelm\u00e4\u00dfige Pflege und gesunde Mundhygiene sind wichtig, um die Dauerhaftigkeit der Zahnaufhellung zu erh\u00f6hen.<\/p><h2>Wer kann sich einer Zahnaufhellung unterziehen?<\/h2><p>Die Zahnaufhellung ist f\u00fcr jeden geeignet, der im Allgemeinen gesunde Z\u00e4hne hat. F\u00fcr schwangere oder stillende Frauen, Menschen mit Zahnfleischerkrankungen und Kinder wird die Zahnaufhellung jedoch nicht empfohlen. Vor einer Zahnaufhellung ist es wichtig, einen Zahnarzt zu konsultieren und zu pr\u00fcfen, ob Ihre Mundgesundheit geeignet ist.<\/p><h2>Ist eine Zahnaufhellung sch\u00e4dlich? Was sind die Risiken?<\/h2><p>Die Zahnaufhellung ist im Allgemeinen ein sicheres Verfahren, kann aber einige Risiken bergen. Unsachgem\u00e4\u00df verwendete Bleichmittel k\u00f6nnen zu Zahnempfindlichkeit oder Zahnfleischreizungen f\u00fchren. Au\u00dferdem kann eine zu starke Aufhellung sch\u00e4dliche Auswirkungen auf den Zahnschmelz haben. Es wird daher empfohlen, die Zahnaufhellung von einem professionellen Zahnarzt durchf\u00fchren zu lassen.<\/p><p><br \/><br \/><\/p>\t\t\t\t\t\t\t\t<\/div>\n\t\t\t\t<\/div>\n\t\t\t\t\t<\/div>\n\t\t\t\t<\/div>\n\t\t\t\t<\/div>","protected":false},"excerpt":{"rendered":"<p>Ortalama Kal\u0131\u015f S\u00fcresi 7 G\u00fcn Hastanede Yat\u0131\u015f S\u00fcresi 1 G\u00fcn Operasyon S\u00fcresi 2-4 Saat Anestezi T\u00fcr\u00fc Genel Anestezi \u0130yile\u015fme S\u00fcresi<\/p>","protected":false},"author":1,"featured_media":0,"parent":0,"menu_order":0,"comment_status":"closed","ping_status":"closed","template":"","meta":{"footnotes":""},"class_list":["post-27862","page","type-page","status-publish","hentry"],"_links":{"self":[{"href":"https:\/\/westestetik.com\/de\/wp-json\/wp\/v2\/pages\/27862","targetHints":{"allow":["GET"]}}],"collection":[{"href":"https:\/\/westestetik.com\/de\/wp-json\/wp\/v2\/pages"}],"about":[{"href":"https:\/\/westestetik.com\/de\/wp-json\/wp\/v2\/types\/page"}],"author":[{"embeddable":true,"href":"https:\/\/westestetik.com\/de\/wp-json\/wp\/v2\/users\/1"}],"replies":[{"embeddable":true,"href":"https:\/\/westestetik.com\/de\/wp-json\/wp\/v2\/comments?post=27862"}],"version-history":[{"count":10,"href":"https:\/\/westestetik.com\/de\/wp-json\/wp\/v2\/pages\/27862\/revisions"}],"predecessor-version":[{"id":29031,"href":"https:\/\/westestetik.com\/de\/wp-json\/wp\/v2\/pages\/27862\/revisions\/29031"}],"wp:attachment":[{"href":"https:\/\/westestetik.com\/de\/wp-json\/wp\/v2\/media?parent=27862"}],"curies":[{"name":"wp","href":"https:\/\/api.w.org\/{rel}","templated":true}]}}