{"id":27860,"date":"2024-12-02T23:29:38","date_gmt":"2024-12-02T23:29:38","guid":{"rendered":"https:\/\/westestetik.com\/?page_id=27860"},"modified":"2024-12-26T15:07:49","modified_gmt":"2024-12-26T15:07:49","slug":"porzellan-laminiert","status":"publish","type":"page","link":"https:\/\/westestetik.com\/de\/porzellan-laminiert\/","title":{"rendered":"Porzellan laminiert"},"content":{"rendered":"<div data-elementor-type=\"wp-page\" data-elementor-id=\"27860\" class=\"elementor elementor-27860\" data-elementor-post-type=\"page\">\n\t\t\t\t<div class=\"elementor-element elementor-element-63575c07 e-con-full elementor-hidden-mobile e-flex e-con e-parent\" data-id=\"63575c07\" data-element_type=\"container\">\n\t\t<div class=\"elementor-element elementor-element-7919e1b0 e-con-full e-flex e-con e-child\" data-id=\"7919e1b0\" data-element_type=\"container\">\n\t\t\t\t<div class=\"elementor-element elementor-element-4507eaf3 elementor-widget elementor-widget-image\" data-id=\"4507eaf3\" data-element_type=\"widget\" data-widget_type=\"image.default\">\n\t\t\t\t<div class=\"elementor-widget-container\">\n\t\t\t\t\t\t\t\t\t\t\t\t\t\t\t<img decoding=\"async\" width=\"100\" height=\"100\" src=\"https:\/\/westestetik.com\/wp-content\/uploads\/2024\/12\/1-4.png\" class=\"attachment-large size-large wp-image-28814\" alt=\"\" srcset=\"https:\/\/westestetik.com\/wp-content\/uploads\/2024\/12\/1-4.png 100w, https:\/\/westestetik.com\/wp-content\/uploads\/2024\/12\/1-4-12x12.png 12w\" sizes=\"(max-width: 100px) 100vw, 100px\" \/>\t\t\t\t\t\t\t\t\t\t\t\t\t\t\t<\/div>\n\t\t\t\t<\/div>\n\t\t\t\t<\/div>\n\t\t<div class=\"elementor-element elementor-element-4dd47df0 e-con-full e-flex e-con e-child\" data-id=\"4dd47df0\" data-element_type=\"container\">\n\t\t\t\t<div class=\"elementor-element elementor-element-4d457b38 elementor-widget elementor-widget-image\" data-id=\"4d457b38\" data-element_type=\"widget\" data-widget_type=\"image.default\">\n\t\t\t\t<div class=\"elementor-widget-container\">\n\t\t\t\t\t\t\t\t\t\t\t\t\t\t\t<img decoding=\"async\" width=\"100\" height=\"100\" src=\"https:\/\/westestetik.com\/wp-content\/uploads\/2024\/12\/2-5.png\" class=\"attachment-large size-large wp-image-28815\" alt=\"\" srcset=\"https:\/\/westestetik.com\/wp-content\/uploads\/2024\/12\/2-5.png 100w, https:\/\/westestetik.com\/wp-content\/uploads\/2024\/12\/2-5-12x12.png 12w\" sizes=\"(max-width: 100px) 100vw, 100px\" \/>\t\t\t\t\t\t\t\t\t\t\t\t\t\t\t<\/div>\n\t\t\t\t<\/div>\n\t\t\t\t<\/div>\n\t\t<div class=\"elementor-element elementor-element-6847eb3e e-con-full e-flex e-con e-child\" data-id=\"6847eb3e\" data-element_type=\"container\">\n\t\t\t\t<div class=\"elementor-element elementor-element-4efec8db elementor-widget elementor-widget-image\" data-id=\"4efec8db\" data-element_type=\"widget\" data-widget_type=\"image.default\">\n\t\t\t\t<div class=\"elementor-widget-container\">\n\t\t\t\t\t\t\t\t\t\t\t\t\t\t\t<img decoding=\"async\" width=\"100\" height=\"100\" src=\"https:\/\/westestetik.com\/wp-content\/uploads\/2024\/12\/3-1.png\" class=\"attachment-large size-large wp-image-28816\" alt=\"\" srcset=\"https:\/\/westestetik.com\/wp-content\/uploads\/2024\/12\/3-1.png 100w, https:\/\/westestetik.com\/wp-content\/uploads\/2024\/12\/3-1-12x12.png 12w\" sizes=\"(max-width: 100px) 100vw, 100px\" \/>\t\t\t\t\t\t\t\t\t\t\t\t\t\t\t<\/div>\n\t\t\t\t<\/div>\n\t\t\t\t<\/div>\n\t\t<div class=\"elementor-element elementor-element-17f8ca14 e-con-full e-flex e-con e-child\" data-id=\"17f8ca14\" data-element_type=\"container\">\n\t\t\t\t<div class=\"elementor-element elementor-element-1f4e4f02 elementor-widget elementor-widget-image\" data-id=\"1f4e4f02\" data-element_type=\"widget\" data-widget_type=\"image.default\">\n\t\t\t\t<div class=\"elementor-widget-container\">\n\t\t\t\t\t\t\t\t\t\t\t\t\t\t\t<img loading=\"lazy\" decoding=\"async\" width=\"100\" height=\"100\" src=\"https:\/\/westestetik.com\/wp-content\/uploads\/2024\/12\/4-1.png\" class=\"attachment-large size-large wp-image-28817\" alt=\"\" srcset=\"https:\/\/westestetik.com\/wp-content\/uploads\/2024\/12\/4-1.png 100w, https:\/\/westestetik.com\/wp-content\/uploads\/2024\/12\/4-1-12x12.png 12w\" sizes=\"(max-width: 100px) 100vw, 100px\" \/>\t\t\t\t\t\t\t\t\t\t\t\t\t\t\t<\/div>\n\t\t\t\t<\/div>\n\t\t\t\t<\/div>\n\t\t<div class=\"elementor-element elementor-element-53ab42ef e-con-full e-flex e-con e-child\" data-id=\"53ab42ef\" data-element_type=\"container\">\n\t\t\t\t<div class=\"elementor-element elementor-element-28da2966 elementor-widget elementor-widget-image\" data-id=\"28da2966\" data-element_type=\"widget\" data-widget_type=\"image.default\">\n\t\t\t\t<div class=\"elementor-widget-container\">\n\t\t\t\t\t\t\t\t\t\t\t\t\t\t\t<img loading=\"lazy\" decoding=\"async\" width=\"100\" height=\"100\" src=\"https:\/\/westestetik.com\/wp-content\/uploads\/2024\/12\/5-1.png\" class=\"attachment-large size-large wp-image-28818\" alt=\"\" srcset=\"https:\/\/westestetik.com\/wp-content\/uploads\/2024\/12\/5-1.png 100w, https:\/\/westestetik.com\/wp-content\/uploads\/2024\/12\/5-1-12x12.png 12w\" sizes=\"(max-width: 100px) 100vw, 100px\" \/>\t\t\t\t\t\t\t\t\t\t\t\t\t\t\t<\/div>\n\t\t\t\t<\/div>\n\t\t\t\t<\/div>\n\t\t\t\t<\/div>\n\t\t<div class=\"wd-negative-gap elementor-element elementor-element-77c4430e elementor-hidden-mobile e-flex e-con-boxed e-con e-parent\" data-id=\"77c4430e\" data-element_type=\"container\">\n\t\t\t\t\t<div class=\"e-con-inner\">\n\t\t<div class=\"elementor-element elementor-element-795c9896 e-con-full e-flex e-con e-child\" data-id=\"795c9896\" data-element_type=\"container\">\n\t\t\t\t<div class=\"elementor-element elementor-element-9330cdc wd-width-100 elementor-widget elementor-widget-wd_title\" data-id=\"9330cdc\" data-element_type=\"widget\" data-widget_type=\"wd_title.default\">\n\t\t\t\t<div class=\"elementor-widget-container\">\n\t\t\t\t\t\t\t<div class=\"title-wrapper set-mb-s reset-last-child wd-title-color-default wd-title-style-default wd-title-size-default text-center\">\n\n\t\t\t\t\t\t\t<div class=\"title-subtitle subtitle-color-default subtitle-style-default wd-fontsize-xs\">\n\t\t\t\t\tDurchschnittliche Dauer des Aufenthalts\t\t\t\t<\/div>\n\t\t\t\n\t\t\t<div class=\"liner-continer\">\n\t\t\t\t<p class=\"woodmart-title-container title wd-fontsize-l\">7 Tage<\/p> \n\t\t\t\t\t\t\t<\/div>\n\n\t\t\t\t\t<\/div>\n\t\t\t\t\t\t<\/div>\n\t\t\t\t<\/div>\n\t\t\t\t<\/div>\n\t\t<div class=\"elementor-element elementor-element-39f04a6d e-con-full e-flex e-con e-child\" data-id=\"39f04a6d\" data-element_type=\"container\">\n\t\t\t\t<div class=\"elementor-element elementor-element-28311d04 wd-width-100 elementor-widget elementor-widget-wd_title\" data-id=\"28311d04\" data-element_type=\"widget\" data-widget_type=\"wd_title.default\">\n\t\t\t\t<div class=\"elementor-widget-container\">\n\t\t\t\t\t\t\t<div class=\"title-wrapper set-mb-s reset-last-child wd-title-color-default wd-title-style-default wd-title-size-default text-center\">\n\n\t\t\t\t\t\t\t<div class=\"title-subtitle subtitle-color-default subtitle-style-default wd-fontsize-xs\">\n\t\t\t\t\tDauer des Krankenhausaufenthalts\t\t\t\t<\/div>\n\t\t\t\n\t\t\t<div class=\"liner-continer\">\n\t\t\t\t<p class=\"woodmart-title-container title wd-fontsize-l\">1 Tag<\/p> \n\t\t\t\t\t\t\t<\/div>\n\n\t\t\t\t\t<\/div>\n\t\t\t\t\t\t<\/div>\n\t\t\t\t<\/div>\n\t\t\t\t<\/div>\n\t\t<div class=\"elementor-element elementor-element-2841446 e-con-full e-flex e-con e-child\" data-id=\"2841446\" data-element_type=\"container\">\n\t\t\t\t<div class=\"elementor-element elementor-element-74d94bf6 wd-width-100 elementor-widget elementor-widget-wd_title\" data-id=\"74d94bf6\" data-element_type=\"widget\" data-widget_type=\"wd_title.default\">\n\t\t\t\t<div class=\"elementor-widget-container\">\n\t\t\t\t\t\t\t<div class=\"title-wrapper set-mb-s reset-last-child wd-title-color-default wd-title-style-default wd-title-size-default text-center\">\n\n\t\t\t\t\t\t\t<div class=\"title-subtitle subtitle-color-default subtitle-style-default wd-fontsize-xs\">\n\t\t\t\t\tOperation Dauer\t\t\t\t<\/div>\n\t\t\t\n\t\t\t<div class=\"liner-continer\">\n\t\t\t\t<p class=\"woodmart-title-container title wd-fontsize-l\">2-4 Stunden<\/p> \n\t\t\t\t\t\t\t<\/div>\n\n\t\t\t\t\t<\/div>\n\t\t\t\t\t\t<\/div>\n\t\t\t\t<\/div>\n\t\t\t\t<\/div>\n\t\t<div class=\"elementor-element elementor-element-6c137b44 e-con-full e-flex e-con e-child\" data-id=\"6c137b44\" data-element_type=\"container\">\n\t\t\t\t<div class=\"elementor-element elementor-element-7ad0f720 wd-width-100 elementor-widget elementor-widget-wd_title\" data-id=\"7ad0f720\" data-element_type=\"widget\" data-widget_type=\"wd_title.default\">\n\t\t\t\t<div class=\"elementor-widget-container\">\n\t\t\t\t\t\t\t<div class=\"title-wrapper set-mb-s reset-last-child wd-title-color-default wd-title-style-default wd-title-size-default text-center\">\n\n\t\t\t\t\t\t\t<div class=\"title-subtitle subtitle-color-default subtitle-style-default wd-fontsize-xs\">\n\t\t\t\t\tAn\u00e4sthesie Typ\t\t\t\t<\/div>\n\t\t\t\n\t\t\t<div class=\"liner-continer\">\n\t\t\t\t<p class=\"woodmart-title-container title wd-fontsize-l\">Allgemeine An\u00e4sthesie<\/p> \n\t\t\t\t\t\t\t<\/div>\n\n\t\t\t\t\t<\/div>\n\t\t\t\t\t\t<\/div>\n\t\t\t\t<\/div>\n\t\t\t\t<\/div>\n\t\t<div class=\"elementor-element elementor-element-21bcd057 e-con-full e-flex e-con e-child\" data-id=\"21bcd057\" data-element_type=\"container\">\n\t\t\t\t<div class=\"elementor-element elementor-element-2e827dc1 wd-width-100 elementor-widget elementor-widget-wd_title\" data-id=\"2e827dc1\" data-element_type=\"widget\" data-widget_type=\"wd_title.default\">\n\t\t\t\t<div class=\"elementor-widget-container\">\n\t\t\t\t\t\t\t<div class=\"title-wrapper set-mb-s reset-last-child wd-title-color-default wd-title-style-default wd-title-size-default text-center\">\n\n\t\t\t\t\t\t\t<div class=\"title-subtitle subtitle-color-default subtitle-style-default wd-fontsize-xs\">\n\t\t\t\t\tErholungszeit\t\t\t\t<\/div>\n\t\t\t\n\t\t\t<div class=\"liner-continer\">\n\t\t\t\t<p class=\"woodmart-title-container title wd-fontsize-l\">1-2 Wochen<\/p> \n\t\t\t\t\t\t\t<\/div>\n\n\t\t\t\t\t<\/div>\n\t\t\t\t\t\t<\/div>\n\t\t\t\t<\/div>\n\t\t\t\t<\/div>\n\t\t\t\t\t<\/div>\n\t\t\t\t<\/div>\n\t\t<div class=\"wd-negative-gap elementor-element elementor-element-6527db9 e-flex e-con-boxed e-con e-parent\" data-id=\"6527db9\" data-element_type=\"container\">\n\t\t\t\t\t<div class=\"e-con-inner\">\n\t\t\t\t<div class=\"elementor-element elementor-element-b89e0ef color-scheme-inherit text-left elementor-widget elementor-widget-text-editor\" data-id=\"b89e0ef\" data-element_type=\"widget\" data-widget_type=\"text-editor.default\">\n\t\t\t\t<div class=\"elementor-widget-container\">\n\t\t\t\t\t\t\t\t\t<p><span style=\"font-weight: 400;\">Zahn\u00e4sthetik ist ein wichtiges Element, das die Sch\u00f6nheit des L\u00e4chelns und das Selbstvertrauen steigert. Porzellanlamellen sind eine h\u00e4ufig bevorzugte L\u00f6sung, um \u00e4sthetische Probleme an den Z\u00e4hnen zu korrigieren und ein nat\u00fcrliches Aussehen zu erreichen. Dank der d\u00fcnnen Porzellanschichten werden Form, Farbe und Ausrichtung der Z\u00e4hne perfekt korrigiert, was zu wei\u00dferen und glatteren Z\u00e4hnen f\u00fchrt. Die Anwendung von Porzellanlamellen bietet sowohl \u00e4sthetisch befriedigende als auch lang anhaltende Ergebnisse, so dass Sie den Unterschied in Ihrem L\u00e4cheln sofort sp\u00fcren k\u00f6nnen.<\/span><\/p><h2><span style=\"font-weight: 400;\">Was ist eine Porzellanlamelle?<\/span><\/h2><p><span style=\"font-weight: 400;\">Porzellanlamellen sind d\u00fcnne Verblendschalen aus Porzellan, die zur Verbesserung des \u00e4sthetischen Erscheinungsbildes der Z\u00e4hne verwendet werden. Sie werden im Allgemeinen bevorzugt, um Probleme mit Farbe, Form und Ausrichtung der Z\u00e4hne zu korrigieren. Porzellanlaminat wird mit einem minimalen Eingriff auf die Z\u00e4hne aufgebracht und sorgt f\u00fcr ein nat\u00fcrliches Aussehen. Dank der lichtreflektierenden Eigenschaft von Porzellan werden \u00e4sthetisch zufriedenstellende Ergebnisse erzielt, die mit den nat\u00fcrlichen Z\u00e4hnen harmonieren.<\/span><\/p><h2><span style=\"font-weight: 400;\">F\u00fcr wen ist die Anwendung von Porzellanlaminat geeignet?<\/span><\/h2><p><span style=\"font-weight: 400;\">Porzellanlamellen eignen sich f\u00fcr jeden, der \u00e4sthetische Probleme mit seinen Z\u00e4hnen hat und wei\u00dfere, glattere Z\u00e4hne haben m\u00f6chte. Insbesondere Menschen mit abgebrochenen, rissigen, abgenutzten, verf\u00e4rbten oder unregelm\u00e4\u00dfigen Z\u00e4hnen k\u00f6nnen von einer Porzellanlamellenanwendung profitieren. F\u00fcr Menschen mit schwerer Karies oder Zahnfleischproblemen wird diese Behandlung jedoch nicht empfohlen. Der Zahnarzt wird vor der Anwendung Ihre Zahngesundheit beurteilen und feststellen, ob Sie f\u00fcr eine Porzellanverblendung geeignet sind.<\/span><\/p><h2><span style=\"font-weight: 400;\">Wie kann man die Zahn\u00e4sthetik mit Porzellanlamellen verbessern?<\/span><\/h2><p><span style=\"font-weight: 400;\">Porzellanlamellen sind eine hervorragende L\u00f6sung zur Verbesserung der Zahn\u00e4sthetik. Durch das Auftragen einer d\u00fcnnen Schicht Porzellan auf die Z\u00e4hne k\u00f6nnen Form, Farbe und Gr\u00f6\u00dfe der Z\u00e4hne korrigiert werden. Diese Anwendung l\u00e4sst die Z\u00e4hne wei\u00dfer und glatter aussehen. Dar\u00fcber hinaus sorgt die Porzellanschicht f\u00fcr ein ebenm\u00e4\u00dfigeres L\u00e4cheln, indem sie die L\u00fccken zwischen den Z\u00e4hnen schlie\u00dft. Diese \u00e4sthetische L\u00f6sung bietet eine perfekte Harmonie mit Ihren nat\u00fcrlichen Z\u00e4hnen.<\/span><\/p><h2><span style=\"font-weight: 400;\">Wie kann man Zahnverf\u00e4rbungen mit Porzellan entfernen?<\/span><\/h2><p><span style=\"font-weight: 400;\">Zahnverf\u00e4rbungen k\u00f6nnen durch verschiedene Faktoren verursacht werden, wie Rauchen, Kaffee, Tee und Genetik. Porzellanlaminat ist eine wirksame Methode zur Entfernung dieser Verf\u00e4rbungen. Bei der Anwendung wird Porzellan ausgew\u00e4hlt, das einige Nuancen wei\u00dfer ist als die nat\u00fcrliche Farbe der Z\u00e4hne. Auf diese Weise erhalten Ihre Z\u00e4hne ein wei\u00dfes und gleichzeitig nat\u00fcrliches Aussehen. Porzellanlaminat macht Ihre Z\u00e4hne \u00e4sthetisch attraktiver und sorgt f\u00fcr ein lang anhaltendes wei\u00dfes Aussehen.<\/span><\/p><h2><span style=\"font-weight: 400;\">Wie lange h\u00e4lt eine Porzellanverblendung?<\/span><\/h2><p><span style=\"font-weight: 400;\">Porzellanlamellen bieten eine lang anhaltende L\u00f6sung, wenn sie richtig gepflegt und hygienisch behandelt werden. Im Durchschnitt halten Porzellanverblendschalen zwischen 10 und 15 Jahren. Es ist jedoch wichtig, die Z\u00e4hne nicht \u00fcberm\u00e4\u00dfig zu belasten, eine regelm\u00e4\u00dfige Zahnpflege durchzuf\u00fchren und die Empfehlungen Ihres Zahnarztes zu befolgen. Regelm\u00e4\u00dfige Kontrolluntersuchungen und Pflegema\u00dfnahmen sind notwendig, damit Ihre laminierten Porzellanz\u00e4hne lange gesund bleiben.<\/span><\/p><h2><span style=\"font-weight: 400;\">Wovon h\u00e4ngen die Preise f\u00fcr Porzellanplatten ab?<\/span><\/h2><p><span style=\"font-weight: 400;\">Die Preise f\u00fcr Porzellanlamellen k\u00f6nnen von verschiedenen Faktoren abh\u00e4ngen. Zu den Faktoren, die den Preis beeinflussen, geh\u00f6ren die zu behandelnde Fl\u00e4che, die Qualit\u00e4t des verwendeten Porzellans, die Anzahl der zu behandelnden Z\u00e4hne und die Erfahrung des Arztes. Dar\u00fcber hinaus k\u00f6nnen auch der Behandlungsprozess und die Bed\u00fcrfnisse des Patienten den Preis beeinflussen. Die Preise f\u00fcr Porzellanlamellen sind im Allgemeinen h\u00f6her als bei anderen \u00e4sthetischen Zahnbehandlungen, aber sie bieten lang anhaltende und nat\u00fcrliche Ergebnisse.<\/span><\/p><h2><span style=\"font-weight: 400;\">Was sind die Vorteile der Porzellanverblendung?<\/span><\/h2><p><span style=\"font-weight: 400;\">Die Anwendung von Porzellanlamellen hat viele Vorteile. Erstens bietet sie ein nat\u00fcrlich aussehendes Ergebnis und verbessert die \u00c4sthetik Ihrer Z\u00e4hne. Au\u00dferdem wird bei der Anwendung von Porzellanlamellen nur minimaler Zahngewebeverlust in Kauf genommen, was ein weniger invasives Verfahren bedeutet. Porzellanverblendschalen sch\u00fctzen Ihre Z\u00e4hne und sind lange Zeit haltbar. Dank der Lichtdurchl\u00e4ssigkeit von Porzellan sehen sie zudem Ihren nat\u00fcrlichen Z\u00e4hnen \u00e4hnlich.<\/span><\/p><h2><span style=\"font-weight: 400;\">Wie pflegt man nach der Anwendung von Porzellanverblendungen?<\/span><\/h2><p><span style=\"font-weight: 400;\">Die Pflege nach der Anwendung von Porzellanlamellen ist sehr wichtig, um \u00e4sthetische und dauerhafte Ergebnisse zu erzielen. Sie sollten Ihre Z\u00e4hne regelm\u00e4\u00dfig putzen und Zahnseide verwenden. Auch der Verzicht auf abrasive Zahnpasten sch\u00fctzt die Oberfl\u00e4che Ihrer Z\u00e4hne. Porzellanlamellen sollten vor fleckenverursachenden Substanzen wie Zigaretten, Kaffee und Tee gesch\u00fctzt werden. Ihr Zahnarzt wird Ihnen die notwendigen Pflegeempfehlungen geben, um sicherzustellen, dass Ihre Porzellanlamellenz\u00e4hne gesund bleiben.<\/span><\/p><h2><span style=\"font-weight: 400;\">Wie nat\u00fcrlich k\u00f6nnen meine Z\u00e4hne mit Porzellanlaminat aussehen?<\/span><\/h2><p><span style=\"font-weight: 400;\">Porzellanlamellen k\u00f6nnen Ihren Z\u00e4hnen ein \u00e4u\u00dferst nat\u00fcrliches Aussehen verleihen. Ein guter Zahnarzt w\u00e4hlt die Farbe und Form aus, die der nat\u00fcrlichen Struktur Ihrer Z\u00e4hne entspricht, und beseitigt alle Unregelm\u00e4\u00dfigkeiten oder \u00e4sthetischen Probleme auf der Oberfl\u00e4che. Da die Lichtreflexion von Porzellan den nat\u00fcrlichen Z\u00e4hnen sehr \u00e4hnlich ist, hat Ihr L\u00e4cheln nach der Behandlung nicht den Eindruck von K\u00fcnstlichkeit. Ihre Z\u00e4hne sehen sowohl nat\u00fcrlich als auch \u00e4sthetisch ges\u00fcnder aus.<\/span><\/p><h2><span style=\"font-weight: 400;\">Unterscheidet sich Porzellanlaminat von anderen zahn\u00e4sthetischen Anwendungen?<\/span><\/h2><p><span style=\"font-weight: 400;\">Porzellanlamellen unterscheiden sich in Bezug auf die Zahn\u00e4sthetik von anderen Anwendungen, da bei diesem Verfahren nur eine d\u00fcnne Porzellanschicht auf die vordere Oberfl\u00e4che Ihrer Z\u00e4hne aufgetragen wird. Andere Anwendungen k\u00f6nnen mehr Teile des Zahns bedecken. Porzellanlamellen bieten nat\u00fcrlich aussehende und dauerhafte \u00e4sthetische L\u00f6sungen mit minimalen Eingriffen an Ihren Z\u00e4hnen. Im Vergleich zu anderen \u00e4sthetischen Zahnbehandlungen bietet die Porzellanverblendung die am wenigsten invasiven und nat\u00fcrlichsten Ergebnisse.<\/span><\/p><p>\u00a0<\/p>\t\t\t\t\t\t\t\t<\/div>\n\t\t\t\t<\/div>\n\t\t\t\t\t<\/div>\n\t\t\t\t<\/div>\n\t\t\t\t<\/div>","protected":false},"excerpt":{"rendered":"<p>Ortalama Kal\u0131\u015f S\u00fcresi 7 G\u00fcn Hastanede Yat\u0131\u015f S\u00fcresi 1 G\u00fcn Operasyon S\u00fcresi 2-4 Saat Anestezi T\u00fcr\u00fc Genel Anestezi \u0130yile\u015fme S\u00fcresi<\/p>","protected":false},"author":1,"featured_media":0,"parent":0,"menu_order":0,"comment_status":"closed","ping_status":"closed","template":"","meta":{"footnotes":""},"class_list":["post-27860","page","type-page","status-publish","hentry"],"_links":{"self":[{"href":"https:\/\/westestetik.com\/de\/wp-json\/wp\/v2\/pages\/27860","targetHints":{"allow":["GET"]}}],"collection":[{"href":"https:\/\/westestetik.com\/de\/wp-json\/wp\/v2\/pages"}],"about":[{"href":"https:\/\/westestetik.com\/de\/wp-json\/wp\/v2\/types\/page"}],"author":[{"embeddable":true,"href":"https:\/\/westestetik.com\/de\/wp-json\/wp\/v2\/users\/1"}],"replies":[{"embeddable":true,"href":"https:\/\/westestetik.com\/de\/wp-json\/wp\/v2\/comments?post=27860"}],"version-history":[{"count":10,"href":"https:\/\/westestetik.com\/de\/wp-json\/wp\/v2\/pages\/27860\/revisions"}],"predecessor-version":[{"id":29034,"href":"https:\/\/westestetik.com\/de\/wp-json\/wp\/v2\/pages\/27860\/revisions\/29034"}],"wp:attachment":[{"href":"https:\/\/westestetik.com\/de\/wp-json\/wp\/v2\/media?parent=27860"}],"curies":[{"name":"wp","href":"https:\/\/api.w.org\/{rel}","templated":true}]}}