{"id":27858,"date":"2024-12-02T23:27:35","date_gmt":"2024-12-02T23:27:35","guid":{"rendered":"https:\/\/westestetik.com\/?page_id=27858"},"modified":"2024-12-26T15:08:23","modified_gmt":"2024-12-26T15:08:23","slug":"implantat","status":"publish","type":"page","link":"https:\/\/westestetik.com\/de\/implantat\/","title":{"rendered":"Implantat"},"content":{"rendered":"<div data-elementor-type=\"wp-page\" data-elementor-id=\"27858\" class=\"elementor elementor-27858\" data-elementor-post-type=\"page\">\n\t\t\t\t<div class=\"elementor-element elementor-element-1990d464 e-con-full elementor-hidden-mobile e-flex e-con e-parent\" data-id=\"1990d464\" data-element_type=\"container\">\n\t\t<div class=\"elementor-element elementor-element-7678131 e-con-full e-flex e-con e-child\" data-id=\"7678131\" data-element_type=\"container\">\n\t\t\t\t<div class=\"elementor-element elementor-element-242e387e elementor-widget elementor-widget-image\" data-id=\"242e387e\" data-element_type=\"widget\" data-widget_type=\"image.default\">\n\t\t\t\t<div class=\"elementor-widget-container\">\n\t\t\t\t\t\t\t\t\t\t\t\t\t\t\t<img decoding=\"async\" width=\"100\" height=\"100\" src=\"https:\/\/westestetik.com\/wp-content\/uploads\/2024\/12\/1-4.png\" class=\"attachment-large size-large wp-image-28814\" alt=\"\" srcset=\"https:\/\/westestetik.com\/wp-content\/uploads\/2024\/12\/1-4.png 100w, https:\/\/westestetik.com\/wp-content\/uploads\/2024\/12\/1-4-12x12.png 12w\" sizes=\"(max-width: 100px) 100vw, 100px\" \/>\t\t\t\t\t\t\t\t\t\t\t\t\t\t\t<\/div>\n\t\t\t\t<\/div>\n\t\t\t\t<\/div>\n\t\t<div class=\"elementor-element elementor-element-fb7afb9 e-con-full e-flex e-con e-child\" data-id=\"fb7afb9\" data-element_type=\"container\">\n\t\t\t\t<div class=\"elementor-element elementor-element-74e4f5d7 elementor-widget elementor-widget-image\" data-id=\"74e4f5d7\" data-element_type=\"widget\" data-widget_type=\"image.default\">\n\t\t\t\t<div class=\"elementor-widget-container\">\n\t\t\t\t\t\t\t\t\t\t\t\t\t\t\t<img decoding=\"async\" width=\"100\" height=\"100\" src=\"https:\/\/westestetik.com\/wp-content\/uploads\/2024\/12\/2-5.png\" class=\"attachment-large size-large wp-image-28815\" alt=\"\" srcset=\"https:\/\/westestetik.com\/wp-content\/uploads\/2024\/12\/2-5.png 100w, https:\/\/westestetik.com\/wp-content\/uploads\/2024\/12\/2-5-12x12.png 12w\" sizes=\"(max-width: 100px) 100vw, 100px\" \/>\t\t\t\t\t\t\t\t\t\t\t\t\t\t\t<\/div>\n\t\t\t\t<\/div>\n\t\t\t\t<\/div>\n\t\t<div class=\"elementor-element elementor-element-7527ca7c e-con-full e-flex e-con e-child\" data-id=\"7527ca7c\" data-element_type=\"container\">\n\t\t\t\t<div class=\"elementor-element elementor-element-4782c63a elementor-widget elementor-widget-image\" data-id=\"4782c63a\" data-element_type=\"widget\" data-widget_type=\"image.default\">\n\t\t\t\t<div class=\"elementor-widget-container\">\n\t\t\t\t\t\t\t\t\t\t\t\t\t\t\t<img decoding=\"async\" width=\"100\" height=\"100\" src=\"https:\/\/westestetik.com\/wp-content\/uploads\/2024\/12\/3-1.png\" class=\"attachment-large size-large wp-image-28816\" alt=\"\" srcset=\"https:\/\/westestetik.com\/wp-content\/uploads\/2024\/12\/3-1.png 100w, https:\/\/westestetik.com\/wp-content\/uploads\/2024\/12\/3-1-12x12.png 12w\" sizes=\"(max-width: 100px) 100vw, 100px\" \/>\t\t\t\t\t\t\t\t\t\t\t\t\t\t\t<\/div>\n\t\t\t\t<\/div>\n\t\t\t\t<\/div>\n\t\t<div class=\"elementor-element elementor-element-55db2343 e-con-full e-flex e-con e-child\" data-id=\"55db2343\" data-element_type=\"container\">\n\t\t\t\t<div class=\"elementor-element elementor-element-4793567a elementor-widget elementor-widget-image\" data-id=\"4793567a\" data-element_type=\"widget\" data-widget_type=\"image.default\">\n\t\t\t\t<div class=\"elementor-widget-container\">\n\t\t\t\t\t\t\t\t\t\t\t\t\t\t\t<img loading=\"lazy\" decoding=\"async\" width=\"100\" height=\"100\" src=\"https:\/\/westestetik.com\/wp-content\/uploads\/2024\/12\/4-1.png\" class=\"attachment-large size-large wp-image-28817\" alt=\"\" srcset=\"https:\/\/westestetik.com\/wp-content\/uploads\/2024\/12\/4-1.png 100w, https:\/\/westestetik.com\/wp-content\/uploads\/2024\/12\/4-1-12x12.png 12w\" sizes=\"(max-width: 100px) 100vw, 100px\" \/>\t\t\t\t\t\t\t\t\t\t\t\t\t\t\t<\/div>\n\t\t\t\t<\/div>\n\t\t\t\t<\/div>\n\t\t<div class=\"elementor-element elementor-element-457639cd e-con-full e-flex e-con e-child\" data-id=\"457639cd\" data-element_type=\"container\">\n\t\t\t\t<div class=\"elementor-element elementor-element-6053dc72 elementor-widget elementor-widget-image\" data-id=\"6053dc72\" data-element_type=\"widget\" data-widget_type=\"image.default\">\n\t\t\t\t<div class=\"elementor-widget-container\">\n\t\t\t\t\t\t\t\t\t\t\t\t\t\t\t<img loading=\"lazy\" decoding=\"async\" width=\"100\" height=\"100\" src=\"https:\/\/westestetik.com\/wp-content\/uploads\/2024\/12\/5-1.png\" class=\"attachment-large size-large wp-image-28818\" alt=\"\" srcset=\"https:\/\/westestetik.com\/wp-content\/uploads\/2024\/12\/5-1.png 100w, https:\/\/westestetik.com\/wp-content\/uploads\/2024\/12\/5-1-12x12.png 12w\" sizes=\"(max-width: 100px) 100vw, 100px\" \/>\t\t\t\t\t\t\t\t\t\t\t\t\t\t\t<\/div>\n\t\t\t\t<\/div>\n\t\t\t\t<\/div>\n\t\t\t\t<\/div>\n\t\t<div class=\"wd-negative-gap elementor-element elementor-element-6224a23 elementor-hidden-mobile e-flex e-con-boxed e-con e-parent\" data-id=\"6224a23\" data-element_type=\"container\">\n\t\t\t\t\t<div class=\"e-con-inner\">\n\t\t<div class=\"elementor-element elementor-element-508ae0e8 e-con-full e-flex e-con e-child\" data-id=\"508ae0e8\" data-element_type=\"container\">\n\t\t\t\t<div class=\"elementor-element elementor-element-1fc66508 wd-width-100 elementor-widget elementor-widget-wd_title\" data-id=\"1fc66508\" data-element_type=\"widget\" data-widget_type=\"wd_title.default\">\n\t\t\t\t<div class=\"elementor-widget-container\">\n\t\t\t\t\t\t\t<div class=\"title-wrapper set-mb-s reset-last-child wd-title-color-default wd-title-style-default wd-title-size-default text-center\">\n\n\t\t\t\t\t\t\t<div class=\"title-subtitle subtitle-color-default subtitle-style-default wd-fontsize-xs\">\n\t\t\t\t\tDurchschnittliche Dauer des Aufenthalts\t\t\t\t<\/div>\n\t\t\t\n\t\t\t<div class=\"liner-continer\">\n\t\t\t\t<p class=\"woodmart-title-container title wd-fontsize-l\">7 Tage<\/p> \n\t\t\t\t\t\t\t<\/div>\n\n\t\t\t\t\t<\/div>\n\t\t\t\t\t\t<\/div>\n\t\t\t\t<\/div>\n\t\t\t\t<\/div>\n\t\t<div class=\"elementor-element elementor-element-17edead9 e-con-full e-flex e-con e-child\" data-id=\"17edead9\" data-element_type=\"container\">\n\t\t\t\t<div class=\"elementor-element elementor-element-38f6e5e5 wd-width-100 elementor-widget elementor-widget-wd_title\" data-id=\"38f6e5e5\" data-element_type=\"widget\" data-widget_type=\"wd_title.default\">\n\t\t\t\t<div class=\"elementor-widget-container\">\n\t\t\t\t\t\t\t<div class=\"title-wrapper set-mb-s reset-last-child wd-title-color-default wd-title-style-default wd-title-size-default text-center\">\n\n\t\t\t\t\t\t\t<div class=\"title-subtitle subtitle-color-default subtitle-style-default wd-fontsize-xs\">\n\t\t\t\t\tDauer des Krankenhausaufenthalts\t\t\t\t<\/div>\n\t\t\t\n\t\t\t<div class=\"liner-continer\">\n\t\t\t\t<p class=\"woodmart-title-container title wd-fontsize-l\">1 Tag<\/p> \n\t\t\t\t\t\t\t<\/div>\n\n\t\t\t\t\t<\/div>\n\t\t\t\t\t\t<\/div>\n\t\t\t\t<\/div>\n\t\t\t\t<\/div>\n\t\t<div class=\"elementor-element elementor-element-4dce682c e-con-full e-flex e-con e-child\" data-id=\"4dce682c\" data-element_type=\"container\">\n\t\t\t\t<div class=\"elementor-element elementor-element-521b2a76 wd-width-100 elementor-widget elementor-widget-wd_title\" data-id=\"521b2a76\" data-element_type=\"widget\" data-widget_type=\"wd_title.default\">\n\t\t\t\t<div class=\"elementor-widget-container\">\n\t\t\t\t\t\t\t<div class=\"title-wrapper set-mb-s reset-last-child wd-title-color-default wd-title-style-default wd-title-size-default text-center\">\n\n\t\t\t\t\t\t\t<div class=\"title-subtitle subtitle-color-default subtitle-style-default wd-fontsize-xs\">\n\t\t\t\t\tOperation Dauer\t\t\t\t<\/div>\n\t\t\t\n\t\t\t<div class=\"liner-continer\">\n\t\t\t\t<p class=\"woodmart-title-container title wd-fontsize-l\">2-4 Stunden<\/p> \n\t\t\t\t\t\t\t<\/div>\n\n\t\t\t\t\t<\/div>\n\t\t\t\t\t\t<\/div>\n\t\t\t\t<\/div>\n\t\t\t\t<\/div>\n\t\t<div class=\"elementor-element elementor-element-1f49376 e-con-full e-flex e-con e-child\" data-id=\"1f49376\" data-element_type=\"container\">\n\t\t\t\t<div class=\"elementor-element elementor-element-70844d6f wd-width-100 elementor-widget elementor-widget-wd_title\" data-id=\"70844d6f\" data-element_type=\"widget\" data-widget_type=\"wd_title.default\">\n\t\t\t\t<div class=\"elementor-widget-container\">\n\t\t\t\t\t\t\t<div class=\"title-wrapper set-mb-s reset-last-child wd-title-color-default wd-title-style-default wd-title-size-default text-center\">\n\n\t\t\t\t\t\t\t<div class=\"title-subtitle subtitle-color-default subtitle-style-default wd-fontsize-xs\">\n\t\t\t\t\tAn\u00e4sthesie Typ\t\t\t\t<\/div>\n\t\t\t\n\t\t\t<div class=\"liner-continer\">\n\t\t\t\t<p class=\"woodmart-title-container title wd-fontsize-l\">Allgemeine An\u00e4sthesie<\/p> \n\t\t\t\t\t\t\t<\/div>\n\n\t\t\t\t\t<\/div>\n\t\t\t\t\t\t<\/div>\n\t\t\t\t<\/div>\n\t\t\t\t<\/div>\n\t\t<div class=\"elementor-element elementor-element-2fcdbacb e-con-full e-flex e-con e-child\" data-id=\"2fcdbacb\" data-element_type=\"container\">\n\t\t\t\t<div class=\"elementor-element elementor-element-5cca0b8 wd-width-100 elementor-widget elementor-widget-wd_title\" data-id=\"5cca0b8\" data-element_type=\"widget\" data-widget_type=\"wd_title.default\">\n\t\t\t\t<div class=\"elementor-widget-container\">\n\t\t\t\t\t\t\t<div class=\"title-wrapper set-mb-s reset-last-child wd-title-color-default wd-title-style-default wd-title-size-default text-center\">\n\n\t\t\t\t\t\t\t<div class=\"title-subtitle subtitle-color-default subtitle-style-default wd-fontsize-xs\">\n\t\t\t\t\tErholungszeit\t\t\t\t<\/div>\n\t\t\t\n\t\t\t<div class=\"liner-continer\">\n\t\t\t\t<p class=\"woodmart-title-container title wd-fontsize-l\">1-2 Wochen<\/p> \n\t\t\t\t\t\t\t<\/div>\n\n\t\t\t\t\t<\/div>\n\t\t\t\t\t\t<\/div>\n\t\t\t\t<\/div>\n\t\t\t\t<\/div>\n\t\t\t\t\t<\/div>\n\t\t\t\t<\/div>\n\t\t<div class=\"wd-negative-gap elementor-element elementor-element-4d42f47 e-flex e-con-boxed e-con e-parent\" data-id=\"4d42f47\" data-element_type=\"container\">\n\t\t\t\t\t<div class=\"e-con-inner\">\n\t\t\t\t<div class=\"elementor-element elementor-element-8712368 color-scheme-inherit text-left elementor-widget elementor-widget-text-editor\" data-id=\"8712368\" data-element_type=\"widget\" data-widget_type=\"text-editor.default\">\n\t\t\t\t<div class=\"elementor-widget-container\">\n\t\t\t\t\t\t\t\t\t<p><span style=\"font-weight: 400;\">Das Zahnimplantat ist eine moderne und wirksame Behandlungsmethode, um fehlende Z\u00e4hne zu ersetzen. Es bietet sowohl in \u00e4sthetischer als auch in funktioneller Hinsicht die den nat\u00fcrlichen Z\u00e4hnen am n\u00e4chsten kommende L\u00f6sung. Die Implantatbehandlung wird bevorzugt, um die Lebensqualit\u00e4t von Menschen mit Zahnverlust zu verbessern, ihr L\u00e4cheln wiederherzustellen und ihre Kiefergesundheit zu sch\u00fctzen. Eine Implantatbehandlung bietet ein dauerhaftes und sicheres Ergebnis, wenn sie mit dem richtigen Fachwissen durchgef\u00fchrt wird.<\/span><\/p><h2><span style=\"font-weight: 400;\">Was ist ein Implantat und wie wird es eingesetzt?<\/span><\/h2><p><span style=\"font-weight: 400;\">Implantate sind k\u00fcnstliche Zahnwurzeln, die anstelle der fehlenden Z\u00e4hne eingesetzt werden. Diese Metallschrauben, die vom Zahnarzt in den Kieferknochen eingesetzt werden, bilden eine solide Grundlage, auf der Zahnersatz oder Z\u00e4hne direkt eingesetzt werden k\u00f6nnen. Eine Implantatbehandlung bietet eine \u00e4sthetischere und dauerhaftere L\u00f6sung als herk\u00f6mmlicher Zahnersatz. Bei der Anwendung w\u00e4hlt der Zahnarzt ein f\u00fcr die Kieferstruktur des Patienten geeignetes Implantat aus und setzt es durch einen chirurgischen Eingriff ein. Der Behandlungsprozess besteht in der Regel aus mehreren Schritten.<\/span><\/p><h2><span style=\"font-weight: 400;\">F\u00fcr wen ist ein Zahnimplantat geeignet?<\/span><\/h2><p><span style=\"font-weight: 400;\">Eine Implantatbehandlung ist im Allgemeinen f\u00fcr Menschen geeignet, die einen Zahnverlust erlitten haben und \u00fcber einen gesunden Kieferknochen verf\u00fcgen. Bei einigen Patienten kann jedoch eine Knochentransplantation durchgef\u00fchrt werden, wenn die Knochendichte nicht ausreichend ist. Eine Implantatbehandlung kann bei allen Personen durchgef\u00fchrt werden, die das 18. Lebensjahr vollendet haben und \u00fcber eine gute Mundgesundheit verf\u00fcgen. Lebensjahr vollendet hat und eine gute Mundgesundheit aufweist. Bei Menschen mit bestimmten Gesundheitsproblemen wie Diabetes und Herzkrankheiten sollte der Behandlungsverlauf von ihren \u00c4rzten sorgf\u00e4ltig gepr\u00fcft werden.<\/span><\/p><h2><span style=\"font-weight: 400;\">Wie wird die Implantatbehandlung durchgef\u00fchrt?<\/span><\/h2><p><span style=\"font-weight: 400;\">Die Implantatbehandlung besteht in der Regel aus drei Hauptschritten: Zun\u00e4chst setzt der Zahnarzt das Implantat in den Kieferknochen ein. Das Implantat muss mehrere Monate lang mit dem Knochen verwachsen. Dann setzt der Zahnarzt eine Prothese auf das Implantat. Schlie\u00dflich wird mit der eingesetzten Prothese ein nat\u00fcrliches Zahnbild erreicht. Der Behandlungsprozess kann in der Regel 3 bis 6 Monate dauern.<\/span><\/p><h2><span style=\"font-weight: 400;\">Wie hoch sind die Preise f\u00fcr Implantate?<\/span><\/h2><p><span style=\"font-weight: 400;\">Die Preise f\u00fcr Implantate k\u00f6nnen je nach der Klinik, in der die Behandlung durchgef\u00fchrt wird, der verwendeten Implantatmarke und den erforderlichen zus\u00e4tzlichen Behandlungsverfahren variieren. Die Preise f\u00fcr Zahnimplantate werden je nach regionaler Analyse und den Bed\u00fcrfnissen des Patienten festgelegt. Im Allgemeinen k\u00f6nnen hochwertige Implantate und langfristige Behandlungsoptionen zun\u00e4chst zu h\u00f6heren Kosten f\u00fchren. Langfristig kann eine Implantatbehandlung jedoch eine wirtschaftlichere Option sein, da sie nicht wie Zahnersatz h\u00e4ufig ersetzt werden muss.<\/span><\/p><h2><span style=\"font-weight: 400;\">Was Sie vor einer Implantatbehandlung wissen sollten<\/span><\/h2><p><span style=\"font-weight: 400;\">Bevor Sie mit einer Implantatbehandlung beginnen, ist es wichtig herauszufinden, ob Ihr Kieferknochen geeignet ist. Dar\u00fcber hinaus wird Ihr Zahnarzt Ihren allgemeinen Gesundheitszustand beurteilen. Bei manchen Menschen kann vor der Implantatbehandlung eine Zahnfleischbehandlung oder ein Knochenaufbau erforderlich sein. Wenn Sie sich \u00fcber die Schwierigkeiten des Behandlungsprozesses informieren, k\u00f6nnen Sie die m\u00f6glichen Risiken im Voraus einsch\u00e4tzen.<\/span><\/p><h2><span style=\"font-weight: 400;\">Was sind die Vorteile von Implantaten?<\/span><\/h2><p><span style=\"font-weight: 400;\">Eine Implantatbehandlung hat viele Vorteile. Im Vergleich zu anderen Behandlungsmethoden sind sie l\u00e4nger haltbar und funktionieren wie nat\u00fcrliche Z\u00e4hne. Sie beseitigt auch die \u00e4sthetischen Bedenken, die Sie aufgrund fehlender Z\u00e4hne haben. Da Implantate in den Kieferknochen eingesetzt werden, ohne Ihre anderen Z\u00e4hne zu beeintr\u00e4chtigen, bleibt die gesunde Zahnsubstanz erhalten. Weitere Vorteile sind das Ausbleiben von Problemen wie Prothesenverschiebungen und die Verhinderung von Kieferknochenschwund.<\/span><\/p><h2><span style=\"font-weight: 400;\">Risiken und Nebenwirkungen einer Implantatbehandlung<\/span><\/h2><p><span style=\"font-weight: 400;\">Wie jeder chirurgische Eingriff birgt auch die Implantatbehandlung einige Risiken. Zu den h\u00e4ufigsten Nebenwirkungen geh\u00f6ren Infektionen, die Nichtverwachsung des Implantats, Schwellungen und Schmerzen im Zahnfleisch. Diese Risiken k\u00f6nnen jedoch bei einem Eingriff durch den richtigen Arzt minimiert werden. Hygiene und Pflege nach der Behandlung sind entscheidend f\u00fcr einen erfolgreichen Heilungsprozess.<\/span><\/p><h2><span style=\"font-weight: 400;\">Wie lange h\u00e4lt das Implantat?<\/span><\/h2><p><span style=\"font-weight: 400;\">Implantate k\u00f6nnen bei richtiger Pflege und Hygiene jahrelang, ja sogar lebenslang verwendet werden. Die Lebensdauer Ihres Implantats kann durch regelm\u00e4\u00dfige, vom Zahnarzt empfohlene Kontrollen verl\u00e4ngert werden. Auch auf die Pflege des Zahnersatzes auf dem Implantat muss geachtet werden. Wie bei anderen Z\u00e4hnen halten regelm\u00e4\u00dfiges Z\u00e4hneputzen und die Verwendung von Zahnseide das Implantat gesund.<\/span><\/p><h2><span style=\"font-weight: 400;\">Heilungsprozess nach einer Implantatbehandlung<\/span><\/h2><p><span style=\"font-weight: 400;\">Der Heilungsprozess nach einer Implantatbehandlung kann in der Regel 3 bis 6 Monate dauern. W\u00e4hrend dieser Zeit verw\u00e4chst das Implantat mit dem Kieferknochen. W\u00e4hrend des Heilungsprozesses ist es wichtig, auf die Mundhygiene zu achten und die Empfehlungen des Zahnarztes zu befolgen. Bei einigen Patienten k\u00f6nnen nach der Behandlung leichte Schmerzen und Schwellungen auftreten, doch handelt es sich dabei meist um kurzfristige und behandelbare Probleme.<\/span><\/p><h2><span style=\"font-weight: 400;\">Unterschiede zwischen Implantat und Prothese<\/span><\/h2><p><span style=\"font-weight: 400;\">Der gr\u00f6\u00dfte Unterschied zwischen Implantaten und Zahnersatz besteht darin, dass das Implantat in den Kieferknochen eingesetzt wird. Zahnprothesen hingegen werden in das Zahnfleisch eingesetzt und sind nicht festsitzend. W\u00e4hrend Implantate eine l\u00e4nger anhaltende und nat\u00fcrliche L\u00f6sung bieten, sind Prothesen eher vor\u00fcbergehend und weniger haltbar. Eine Implantatbehandlung f\u00fchrt zu besseren \u00e4sthetischen und funktionellen Ergebnissen.<\/span><\/p><h2><span style=\"font-weight: 400;\">Was ist nach einer Implantatbehandlung zu beachten?<\/span><\/h2><p><span style=\"font-weight: 400;\">Nach einer Implantatbehandlung ist es sehr wichtig, auf die Mundhygiene zu achten. W\u00e4hrend des Heilungsprozesses sollten harte Lebensmittel vermieden und die Z\u00e4hne regelm\u00e4\u00dfig geputzt werden. Dar\u00fcber hinaus sollten Sie die von Ihrem Zahnarzt festgelegten Kontrollen nicht vernachl\u00e4ssigen. Um die Lebensdauer des Implantats zu verl\u00e4ngern, empfiehlt es sich, auf Rauchen und \u00fcberm\u00e4\u00dfigen Alkoholkonsum zu verzichten.<\/span><\/p><h2><span style=\"font-weight: 400;\">Welchen Arzt sollten Sie f\u00fcr eine Implantatbehandlung aufsuchen?<\/span><\/h2><p><span style=\"font-weight: 400;\">Die Erfahrung Ihres Zahnarztes ist f\u00fcr die Implantatbehandlung sehr wichtig. Ein fachkundiger Zahnarzt bietet Ihnen die am besten geeignete L\u00f6sung, indem er jeden Schritt des Behandlungsprozesses richtig plant. Implantatbehandlungen werden in der Regel von Parodontologen und Kieferchirurgen durchgef\u00fchrt. Welche Behandlungsmethode f\u00fcr Sie am besten geeignet ist, erfahren Sie, wenn Sie sich an einen Fachzahnarzt wenden.<\/span><\/p>\t\t\t\t\t\t\t\t<\/div>\n\t\t\t\t<\/div>\n\t\t\t\t\t<\/div>\n\t\t\t\t<\/div>\n\t\t\t\t<\/div>","protected":false},"excerpt":{"rendered":"<p>Ortalama Kal\u0131\u015f S\u00fcresi 7 G\u00fcn Hastanede Yat\u0131\u015f S\u00fcresi 1 G\u00fcn Operasyon S\u00fcresi 2-4 Saat Anestezi T\u00fcr\u00fc Genel Anestezi \u0130yile\u015fme S\u00fcresi<\/p>","protected":false},"author":1,"featured_media":0,"parent":0,"menu_order":0,"comment_status":"closed","ping_status":"closed","template":"","meta":{"footnotes":""},"class_list":["post-27858","page","type-page","status-publish","hentry"],"_links":{"self":[{"href":"https:\/\/westestetik.com\/de\/wp-json\/wp\/v2\/pages\/27858","targetHints":{"allow":["GET"]}}],"collection":[{"href":"https:\/\/westestetik.com\/de\/wp-json\/wp\/v2\/pages"}],"about":[{"href":"https:\/\/westestetik.com\/de\/wp-json\/wp\/v2\/types\/page"}],"author":[{"embeddable":true,"href":"https:\/\/westestetik.com\/de\/wp-json\/wp\/v2\/users\/1"}],"replies":[{"embeddable":true,"href":"https:\/\/westestetik.com\/de\/wp-json\/wp\/v2\/comments?post=27858"}],"version-history":[{"count":10,"href":"https:\/\/westestetik.com\/de\/wp-json\/wp\/v2\/pages\/27858\/revisions"}],"predecessor-version":[{"id":29037,"href":"https:\/\/westestetik.com\/de\/wp-json\/wp\/v2\/pages\/27858\/revisions\/29037"}],"wp:attachment":[{"href":"https:\/\/westestetik.com\/de\/wp-json\/wp\/v2\/media?parent=27858"}],"curies":[{"name":"wp","href":"https:\/\/api.w.org\/{rel}","templated":true}]}}