{"id":27856,"date":"2024-12-02T23:26:55","date_gmt":"2024-12-02T23:26:55","guid":{"rendered":"https:\/\/westestetik.com\/?page_id=27856"},"modified":"2024-12-26T15:09:03","modified_gmt":"2024-12-26T15:09:03","slug":"barttransplantation","status":"publish","type":"page","link":"https:\/\/westestetik.com\/de\/barttransplantation\/","title":{"rendered":"Barttransplantation"},"content":{"rendered":"<div data-elementor-type=\"wp-page\" data-elementor-id=\"27856\" class=\"elementor elementor-27856\" data-elementor-post-type=\"page\">\n\t\t\t\t<div class=\"elementor-element elementor-element-754131d6 e-con-full elementor-hidden-mobile e-flex e-con e-parent\" data-id=\"754131d6\" data-element_type=\"container\">\n\t\t<div class=\"elementor-element elementor-element-5d852ab7 e-con-full e-flex e-con e-child\" data-id=\"5d852ab7\" data-element_type=\"container\">\n\t\t\t\t<div class=\"elementor-element elementor-element-1867ebe elementor-widget elementor-widget-image\" data-id=\"1867ebe\" data-element_type=\"widget\" data-widget_type=\"image.default\">\n\t\t\t\t<div class=\"elementor-widget-container\">\n\t\t\t\t\t\t\t\t\t\t\t\t\t\t\t<img decoding=\"async\" width=\"100\" height=\"100\" src=\"https:\/\/westestetik.com\/wp-content\/uploads\/2024\/12\/1-4.png\" class=\"attachment-large size-large wp-image-28814\" alt=\"\" srcset=\"https:\/\/westestetik.com\/wp-content\/uploads\/2024\/12\/1-4.png 100w, https:\/\/westestetik.com\/wp-content\/uploads\/2024\/12\/1-4-12x12.png 12w\" sizes=\"(max-width: 100px) 100vw, 100px\" \/>\t\t\t\t\t\t\t\t\t\t\t\t\t\t\t<\/div>\n\t\t\t\t<\/div>\n\t\t\t\t<\/div>\n\t\t<div class=\"elementor-element elementor-element-7153b588 e-con-full e-flex e-con e-child\" data-id=\"7153b588\" data-element_type=\"container\">\n\t\t\t\t<div class=\"elementor-element elementor-element-73875e16 elementor-widget elementor-widget-image\" data-id=\"73875e16\" data-element_type=\"widget\" data-widget_type=\"image.default\">\n\t\t\t\t<div class=\"elementor-widget-container\">\n\t\t\t\t\t\t\t\t\t\t\t\t\t\t\t<img decoding=\"async\" width=\"100\" height=\"100\" src=\"https:\/\/westestetik.com\/wp-content\/uploads\/2024\/12\/2-5.png\" class=\"attachment-large size-large wp-image-28815\" alt=\"\" srcset=\"https:\/\/westestetik.com\/wp-content\/uploads\/2024\/12\/2-5.png 100w, https:\/\/westestetik.com\/wp-content\/uploads\/2024\/12\/2-5-12x12.png 12w\" sizes=\"(max-width: 100px) 100vw, 100px\" \/>\t\t\t\t\t\t\t\t\t\t\t\t\t\t\t<\/div>\n\t\t\t\t<\/div>\n\t\t\t\t<\/div>\n\t\t<div class=\"elementor-element elementor-element-7c8c251d e-con-full e-flex e-con e-child\" data-id=\"7c8c251d\" data-element_type=\"container\">\n\t\t\t\t<div class=\"elementor-element elementor-element-2ade612b elementor-widget elementor-widget-image\" data-id=\"2ade612b\" data-element_type=\"widget\" data-widget_type=\"image.default\">\n\t\t\t\t<div class=\"elementor-widget-container\">\n\t\t\t\t\t\t\t\t\t\t\t\t\t\t\t<img decoding=\"async\" width=\"100\" height=\"100\" src=\"https:\/\/westestetik.com\/wp-content\/uploads\/2024\/12\/3-1.png\" class=\"attachment-large size-large wp-image-28816\" alt=\"\" srcset=\"https:\/\/westestetik.com\/wp-content\/uploads\/2024\/12\/3-1.png 100w, https:\/\/westestetik.com\/wp-content\/uploads\/2024\/12\/3-1-12x12.png 12w\" sizes=\"(max-width: 100px) 100vw, 100px\" \/>\t\t\t\t\t\t\t\t\t\t\t\t\t\t\t<\/div>\n\t\t\t\t<\/div>\n\t\t\t\t<\/div>\n\t\t<div class=\"elementor-element elementor-element-141fb93e e-con-full e-flex e-con e-child\" data-id=\"141fb93e\" data-element_type=\"container\">\n\t\t\t\t<div class=\"elementor-element elementor-element-3c8a57f elementor-widget elementor-widget-image\" data-id=\"3c8a57f\" data-element_type=\"widget\" data-widget_type=\"image.default\">\n\t\t\t\t<div class=\"elementor-widget-container\">\n\t\t\t\t\t\t\t\t\t\t\t\t\t\t\t<img loading=\"lazy\" decoding=\"async\" width=\"100\" height=\"100\" src=\"https:\/\/westestetik.com\/wp-content\/uploads\/2024\/12\/4-1.png\" class=\"attachment-large size-large wp-image-28817\" alt=\"\" srcset=\"https:\/\/westestetik.com\/wp-content\/uploads\/2024\/12\/4-1.png 100w, https:\/\/westestetik.com\/wp-content\/uploads\/2024\/12\/4-1-12x12.png 12w\" sizes=\"(max-width: 100px) 100vw, 100px\" \/>\t\t\t\t\t\t\t\t\t\t\t\t\t\t\t<\/div>\n\t\t\t\t<\/div>\n\t\t\t\t<\/div>\n\t\t<div class=\"elementor-element elementor-element-5c628e35 e-con-full e-flex e-con e-child\" data-id=\"5c628e35\" data-element_type=\"container\">\n\t\t\t\t<div class=\"elementor-element elementor-element-58d341e7 elementor-widget elementor-widget-image\" data-id=\"58d341e7\" data-element_type=\"widget\" data-widget_type=\"image.default\">\n\t\t\t\t<div class=\"elementor-widget-container\">\n\t\t\t\t\t\t\t\t\t\t\t\t\t\t\t<img loading=\"lazy\" decoding=\"async\" width=\"100\" height=\"100\" src=\"https:\/\/westestetik.com\/wp-content\/uploads\/2024\/12\/5-1.png\" class=\"attachment-large size-large wp-image-28818\" alt=\"\" srcset=\"https:\/\/westestetik.com\/wp-content\/uploads\/2024\/12\/5-1.png 100w, https:\/\/westestetik.com\/wp-content\/uploads\/2024\/12\/5-1-12x12.png 12w\" sizes=\"(max-width: 100px) 100vw, 100px\" \/>\t\t\t\t\t\t\t\t\t\t\t\t\t\t\t<\/div>\n\t\t\t\t<\/div>\n\t\t\t\t<\/div>\n\t\t\t\t<\/div>\n\t\t<div class=\"wd-negative-gap elementor-element elementor-element-12fbd765 elementor-hidden-mobile e-flex e-con-boxed e-con e-parent\" data-id=\"12fbd765\" data-element_type=\"container\">\n\t\t\t\t\t<div class=\"e-con-inner\">\n\t\t<div class=\"elementor-element elementor-element-4144e783 e-con-full e-flex e-con e-child\" data-id=\"4144e783\" data-element_type=\"container\">\n\t\t\t\t<div class=\"elementor-element elementor-element-ef66d43 wd-width-100 elementor-widget elementor-widget-wd_title\" data-id=\"ef66d43\" data-element_type=\"widget\" data-widget_type=\"wd_title.default\">\n\t\t\t\t<div class=\"elementor-widget-container\">\n\t\t\t\t\t\t\t<div class=\"title-wrapper set-mb-s reset-last-child wd-title-color-default wd-title-style-default wd-title-size-default text-center\">\n\n\t\t\t\t\t\t\t<div class=\"title-subtitle subtitle-color-default subtitle-style-default wd-fontsize-xs\">\n\t\t\t\t\tDurchschnittliche Dauer des Aufenthalts\t\t\t\t<\/div>\n\t\t\t\n\t\t\t<div class=\"liner-continer\">\n\t\t\t\t<p class=\"woodmart-title-container title wd-fontsize-l\">7 Tage<\/p> \n\t\t\t\t\t\t\t<\/div>\n\n\t\t\t\t\t<\/div>\n\t\t\t\t\t\t<\/div>\n\t\t\t\t<\/div>\n\t\t\t\t<\/div>\n\t\t<div class=\"elementor-element elementor-element-5be7ad07 e-con-full e-flex e-con e-child\" data-id=\"5be7ad07\" data-element_type=\"container\">\n\t\t\t\t<div class=\"elementor-element elementor-element-7797256b wd-width-100 elementor-widget elementor-widget-wd_title\" data-id=\"7797256b\" data-element_type=\"widget\" data-widget_type=\"wd_title.default\">\n\t\t\t\t<div class=\"elementor-widget-container\">\n\t\t\t\t\t\t\t<div class=\"title-wrapper set-mb-s reset-last-child wd-title-color-default wd-title-style-default wd-title-size-default text-center\">\n\n\t\t\t\t\t\t\t<div class=\"title-subtitle subtitle-color-default subtitle-style-default wd-fontsize-xs\">\n\t\t\t\t\tDauer des Krankenhausaufenthalts\t\t\t\t<\/div>\n\t\t\t\n\t\t\t<div class=\"liner-continer\">\n\t\t\t\t<p class=\"woodmart-title-container title wd-fontsize-l\">1 Tag<\/p> \n\t\t\t\t\t\t\t<\/div>\n\n\t\t\t\t\t<\/div>\n\t\t\t\t\t\t<\/div>\n\t\t\t\t<\/div>\n\t\t\t\t<\/div>\n\t\t<div class=\"elementor-element elementor-element-67a4d29e e-con-full e-flex e-con e-child\" data-id=\"67a4d29e\" data-element_type=\"container\">\n\t\t\t\t<div class=\"elementor-element elementor-element-7199ec50 wd-width-100 elementor-widget elementor-widget-wd_title\" data-id=\"7199ec50\" data-element_type=\"widget\" data-widget_type=\"wd_title.default\">\n\t\t\t\t<div class=\"elementor-widget-container\">\n\t\t\t\t\t\t\t<div class=\"title-wrapper set-mb-s reset-last-child wd-title-color-default wd-title-style-default wd-title-size-default text-center\">\n\n\t\t\t\t\t\t\t<div class=\"title-subtitle subtitle-color-default subtitle-style-default wd-fontsize-xs\">\n\t\t\t\t\tOperation Dauer\t\t\t\t<\/div>\n\t\t\t\n\t\t\t<div class=\"liner-continer\">\n\t\t\t\t<p class=\"woodmart-title-container title wd-fontsize-l\">2-4 Stunden<\/p> \n\t\t\t\t\t\t\t<\/div>\n\n\t\t\t\t\t<\/div>\n\t\t\t\t\t\t<\/div>\n\t\t\t\t<\/div>\n\t\t\t\t<\/div>\n\t\t<div class=\"elementor-element elementor-element-49a4f9b6 e-con-full e-flex e-con e-child\" data-id=\"49a4f9b6\" data-element_type=\"container\">\n\t\t\t\t<div class=\"elementor-element elementor-element-62f5bfe5 wd-width-100 elementor-widget elementor-widget-wd_title\" data-id=\"62f5bfe5\" data-element_type=\"widget\" data-widget_type=\"wd_title.default\">\n\t\t\t\t<div class=\"elementor-widget-container\">\n\t\t\t\t\t\t\t<div class=\"title-wrapper set-mb-s reset-last-child wd-title-color-default wd-title-style-default wd-title-size-default text-center\">\n\n\t\t\t\t\t\t\t<div class=\"title-subtitle subtitle-color-default subtitle-style-default wd-fontsize-xs\">\n\t\t\t\t\tAn\u00e4sthesie Typ\t\t\t\t<\/div>\n\t\t\t\n\t\t\t<div class=\"liner-continer\">\n\t\t\t\t<p class=\"woodmart-title-container title wd-fontsize-l\">Allgemeine An\u00e4sthesie<\/p> \n\t\t\t\t\t\t\t<\/div>\n\n\t\t\t\t\t<\/div>\n\t\t\t\t\t\t<\/div>\n\t\t\t\t<\/div>\n\t\t\t\t<\/div>\n\t\t<div class=\"elementor-element elementor-element-7464e34a e-con-full e-flex e-con e-child\" data-id=\"7464e34a\" data-element_type=\"container\">\n\t\t\t\t<div class=\"elementor-element elementor-element-d2f00f5 wd-width-100 elementor-widget elementor-widget-wd_title\" data-id=\"d2f00f5\" data-element_type=\"widget\" data-widget_type=\"wd_title.default\">\n\t\t\t\t<div class=\"elementor-widget-container\">\n\t\t\t\t\t\t\t<div class=\"title-wrapper set-mb-s reset-last-child wd-title-color-default wd-title-style-default wd-title-size-default text-center\">\n\n\t\t\t\t\t\t\t<div class=\"title-subtitle subtitle-color-default subtitle-style-default wd-fontsize-xs\">\n\t\t\t\t\tErholungszeit\t\t\t\t<\/div>\n\t\t\t\n\t\t\t<div class=\"liner-continer\">\n\t\t\t\t<p class=\"woodmart-title-container title wd-fontsize-l\">1-2 Wochen<\/p> \n\t\t\t\t\t\t\t<\/div>\n\n\t\t\t\t\t<\/div>\n\t\t\t\t\t\t<\/div>\n\t\t\t\t<\/div>\n\t\t\t\t<\/div>\n\t\t\t\t\t<\/div>\n\t\t\t\t<\/div>\n\t\t<div class=\"wd-negative-gap elementor-element elementor-element-a7a18d0 e-flex e-con-boxed e-con e-parent\" data-id=\"a7a18d0\" data-element_type=\"container\">\n\t\t\t\t\t<div class=\"e-con-inner\">\n\t\t\t\t<div class=\"elementor-element elementor-element-b92a3c9 color-scheme-inherit text-left elementor-widget elementor-widget-text-editor\" data-id=\"b92a3c9\" data-element_type=\"widget\" data-widget_type=\"text-editor.default\">\n\t\t\t\t<div class=\"elementor-widget-container\">\n\t\t\t\t\t\t\t\t\t<p><span style=\"font-weight: 400;\">Die Barttransplantation ist ein \u00e4sthetisches Verfahren, mit dem nat\u00fcrlich aussehende B\u00e4rte an Stellen hinzugef\u00fcgt werden, an denen keine B\u00e4rte wachsen oder die sp\u00e4rlich sind. Dieses Verfahren bietet eine hervorragende L\u00f6sung f\u00fcr M\u00e4nner, die aus verschiedenen Gr\u00fcnden wie genetischen Faktoren, Alter, Krankheiten oder Unf\u00e4llen unter Bartverlust leiden. Die Barttransplantation bietet ein individuelles Design und nat\u00fcrliche Ergebnisse mit fortschrittlichen Methoden der modernen Medizin. F\u00fcr diejenigen, die sich ein nat\u00fcrliches Aussehen des Bartes w\u00fcnschen, ist die Barttransplantation eine wirksame L\u00f6sung, die das Selbstvertrauen st\u00e4rkt.\u00a0<\/span><\/p><h2><span style=\"font-weight: 400;\">Was ist eine Barttransplantation und wie wird sie durchgef\u00fchrt?<\/span><\/h2><p><span style=\"font-weight: 400;\">Die Barttransplantation ist ein \u00e4sthetischer chirurgischer Eingriff, der durchgef\u00fchrt wird, um die Gesichtskonturen zu kl\u00e4ren und ein volleres, nat\u00fcrliches Aussehen des Bartes zu erreichen. Bei der Barttransplantation, die den Haartransplantationsmethoden \u00e4hnelt, werden normalerweise gesunde Haarfollikel aus dem Nackenbereich in den Bartbereich verpflanzt. Dank dieses Verfahrens erhalten Menschen mit sp\u00e4rlichem, schwachem oder gar keinem Bart ein markanteres und dichteres Aussehen. Die Barttransplantation wird unter \u00f6rtlicher Bet\u00e4ubung durchgef\u00fchrt und ist f\u00fcr die meisten Menschen schmerzfrei.<\/span><\/p><h2><span style=\"font-weight: 400;\">Wer ist ein geeigneter Kandidat f\u00fcr eine Barttransplantation?<\/span><\/h2><p><span style=\"font-weight: 400;\">Geeignete Kandidaten f\u00fcr eine Barttransplantation sind Personen, die keinen, einen sch\u00fctteren oder gar keinen Bart haben. Dar\u00fcber hinaus k\u00f6nnen Personen, die gesundheitlich f\u00fcr eine Barttransplantation geeignet sind, eine Wurzelverpflanzung an den Stellen vornehmen lassen, an denen aus genetischen Gr\u00fcnden keine B\u00e4rte wachsen. Die Tatsache, dass die Kandidaten eine gesunde Haarstruktur haben, gew\u00e4hrleistet die erfolgreiche Anlagerung der zu transplantierenden Haarfollikel. Die Altersspanne sollte in der Regel 25 Jahre und \u00e4lter sein, da in dieser Altersgruppe in der Regel kein genetisch bedingter Bartwuchs auftritt.<\/span><\/p><h2><span style=\"font-weight: 400;\">Wie l\u00e4uft der Genesungsprozess nach einer Barttransplantation ab?<\/span><\/h2><p><span style=\"font-weight: 400;\">Der Heilungsprozess nach einer Barttransplantation verl\u00e4uft in der Regel schnell, aber es gibt einige Punkte, die zu beachten sind. In den ersten 2-3 Tagen kann es im Bereich der Barttransplantation zu Schwellungen und R\u00f6tungen kommen. Dieser Zustand vergeht innerhalb weniger Tage. Es kann zu einer leichten Verkrustung im Bereich der Barttransplantation kommen, aber diese Krusten fallen mit der Zeit ab und werden durch gesunde neue B\u00e4rte ersetzt. W\u00e4hrend des Heilungsprozesses ist es sehr wichtig, die vom Arzt empfohlenen Pflegeanweisungen zu befolgen. Es wird auch empfohlen, direktes Sonnenlicht f\u00fcr 1-2 Wochen nach dem Eingriff zu vermeiden.<\/span><\/p><h2><span style=\"font-weight: 400;\">Barttransplantation Preise<\/span><\/h2><p><span style=\"font-weight: 400;\">Die Preise f\u00fcr Barttransplantationen k\u00f6nnen je nach den verschiedenen Faktoren variieren. Im Jahr 2024 variieren die Preise f\u00fcr Barttransplantationen je nach der angewandten Technik, der Anzahl der zu transplantierenden Haarfollikel und den Preisen der Kliniken. Da jedoch jede Klinik und jeder Chirurg eine andere Geb\u00fchrenpolitik verfolgt, k\u00f6nnen die Preise je nach pers\u00f6nlichen Bed\u00fcrfnissen und Vorlieben variieren. Ein ausf\u00fchrliches Beratungsgespr\u00e4ch vor der Anwendung gibt Aufschluss \u00fcber die Preisgestaltung.<\/span><\/p><h2><span style=\"font-weight: 400;\">Was sollte vor und nach einer Barttransplantation beachtet werden?<\/span><\/h2><p><span style=\"font-weight: 400;\">Vor der Barttransplantation sind einige wichtige Punkte zu beachten. Erstens sollten Rauchen, Alkohol und Blutverd\u00fcnner vor dem Eingriff vermieden werden. Au\u00dferdem sollten im Bereich der Barttransplantation keine kosmetischen Produkte aufgetragen und die Haare nicht rasiert werden. Danach sollte auf den Heilungsprozess geachtet werden. Der Bereich der Barttransplantation sollte nicht direkt ber\u00fchrt, nicht rasiert und nicht mit extrem hei\u00dfem Wasser gewaschen werden. Es ist wichtig, die vom Arzt empfohlenen Pflegeanweisungen zu befolgen, um einen optimalen Heilungsprozess zu gew\u00e4hrleisten.<\/span><\/p><h2><span style=\"font-weight: 400;\">F\u00fcr wen ist die Barttransplantation geeignet?<\/span><\/h2><p><span style=\"font-weight: 400;\">Die Barttransplantation eignet sich besonders f\u00fcr M\u00e4nner, denen kein Bart w\u00e4chst, die einen sp\u00e4rlichen oder sch\u00fctteren Bart haben. Aber auch Menschen, die ihren Bart nicht vollst\u00e4ndig bedecken k\u00f6nnen oder eine unregelm\u00e4\u00dfige Bartlinie haben, k\u00f6nnen eine Barttransplantation vorziehen. Dar\u00fcber hinaus ist es auch sehr wichtig, dass man psychologisch auf die Barttransplantation vorbereitet ist und eine gesunde K\u00f6rperstruktur hat. Auch Menschen, die in j\u00fcngeren Jahren genetisch bedingten Bartverlust erleiden, k\u00f6nnen zu den geeigneten Kandidaten f\u00fcr eine Barttransplantation geh\u00f6ren.<\/span><\/p><h2><span style=\"font-weight: 400;\">Wann wird das Bild nach einer Barttransplantation glatt?<\/span><\/h2><p><span style=\"font-weight: 400;\">Nach der Barttransplantation ist das Aussehen des neuen Bartes in der Regel innerhalb von 4-6 Wochen zu sehen. Obwohl die neu transplantierten Wurzeln in den ersten 2 Wochen abgesto\u00dfen werden, beginnen die Wurzeln mit der Zeit auf gesunde Weise zu wachsen. Ideale Ergebnisse werden innerhalb von 6-12 Monaten erzielt. Um das volle Ergebnis zu sehen, muss man Geduld haben. W\u00e4hrend dieser Zeit kann die Entwicklung der B\u00e4rte durch gesunde Lebensgewohnheiten und richtige Pflege unterst\u00fctzt werden. Da der Heilungsprozess bei jedem Menschen unterschiedlich verlaufen kann, sind regelm\u00e4\u00dfige Kontrollen wichtig.<\/span><\/p><h2><span style=\"font-weight: 400;\">Methoden der Barttransplantation: Welche Methode ist am effektivsten?<\/span><\/h2><p><span style=\"font-weight: 400;\">Bei der Barttransplantation gibt es zwei Hauptmethoden: FUE (Follicular Unit Extraction) und FUT (Follicular Unit Transfer). Bei der FUE-Methode werden die Haarfollikel einzeln verpflanzt, was in der Regel zu nat\u00fcrlicheren Ergebnissen f\u00fchrt. Bei der FUT-Methode werden mehr Haarfollikel entnommen, was die Anwendung auf gro\u00dfen Fl\u00e4chen erm\u00f6glicht. Beide Methoden f\u00fchren zu erfolgreichen Ergebnissen, aber welche Methode bevorzugt wird, h\u00e4ngt von den pers\u00f6nlichen Vorlieben und den Empfehlungen des Facharztes ab.<\/span><\/p><h2><span style=\"font-weight: 400;\">H\u00e4ufige Fehler und L\u00f6sungen f\u00fcr die Barttransplantation<\/span><\/h2><p><span style=\"font-weight: 400;\">Einige h\u00e4ufige Fehler bei der Barttransplantation k\u00f6nnen das Erreichen des gew\u00fcnschten Ergebnisses erschweren. Dazu geh\u00f6ren die Nichtbeachtung des Heilungsprozesses, das Nichtbefolgen der Anweisungen des Arztes und die zu fr\u00fche Rasur. Au\u00dferdem k\u00f6nnen Eingriffe, die in ungeeigneten Kliniken durchgef\u00fchrt werden, ebenfalls zu erfolglosen Ergebnissen f\u00fchren. Um diese Fehler zu vermeiden, ist es wichtig, eine zuverl\u00e4ssige und erfahrene Klinik zu w\u00e4hlen und auf den Heilungsprozess zu achten.<\/span><\/p><h2><span style=\"font-weight: 400;\">Wie erreicht man mit einer Barttransplantation ein nat\u00fcrliches Aussehen?<\/span><\/h2><p><span style=\"font-weight: 400;\">Um mit der Barttransplantation ein nat\u00fcrliches Aussehen zu erreichen, sind Winkel, Richtung und Dichte der zu transplantierenden Wurzeln wichtig. Nat\u00fcrliche B\u00e4rte sollten in Harmonie mit den Gesichtsz\u00fcgen stehen. Aus diesem Grund bieten Barttransplantationen, die von einem erfahrenen Spezialisten durchgef\u00fchrt werden, nat\u00fcrlichere und \u00e4sthetischere Ergebnisse. Dar\u00fcber hinaus sorgt eine individuelle Bartlinie f\u00fcr ein nat\u00fcrlicheres Aussehen.<\/span><\/p><p><br \/><br \/><\/p>\t\t\t\t\t\t\t\t<\/div>\n\t\t\t\t<\/div>\n\t\t\t\t\t<\/div>\n\t\t\t\t<\/div>\n\t\t\t\t<\/div>","protected":false},"excerpt":{"rendered":"<p>Ortalama Kal\u0131\u015f S\u00fcresi 7 G\u00fcn Hastanede Yat\u0131\u015f S\u00fcresi 1 G\u00fcn Operasyon S\u00fcresi 2-4 Saat Anestezi T\u00fcr\u00fc Genel Anestezi \u0130yile\u015fme S\u00fcresi<\/p>","protected":false},"author":1,"featured_media":0,"parent":0,"menu_order":0,"comment_status":"closed","ping_status":"closed","template":"","meta":{"footnotes":""},"class_list":["post-27856","page","type-page","status-publish","hentry"],"_links":{"self":[{"href":"https:\/\/westestetik.com\/de\/wp-json\/wp\/v2\/pages\/27856","targetHints":{"allow":["GET"]}}],"collection":[{"href":"https:\/\/westestetik.com\/de\/wp-json\/wp\/v2\/pages"}],"about":[{"href":"https:\/\/westestetik.com\/de\/wp-json\/wp\/v2\/types\/page"}],"author":[{"embeddable":true,"href":"https:\/\/westestetik.com\/de\/wp-json\/wp\/v2\/users\/1"}],"replies":[{"embeddable":true,"href":"https:\/\/westestetik.com\/de\/wp-json\/wp\/v2\/comments?post=27856"}],"version-history":[{"count":10,"href":"https:\/\/westestetik.com\/de\/wp-json\/wp\/v2\/pages\/27856\/revisions"}],"predecessor-version":[{"id":29040,"href":"https:\/\/westestetik.com\/de\/wp-json\/wp\/v2\/pages\/27856\/revisions\/29040"}],"wp:attachment":[{"href":"https:\/\/westestetik.com\/de\/wp-json\/wp\/v2\/media?parent=27856"}],"curies":[{"name":"wp","href":"https:\/\/api.w.org\/{rel}","templated":true}]}}