{"id":27851,"date":"2024-12-02T23:26:14","date_gmt":"2024-12-02T23:26:14","guid":{"rendered":"https:\/\/westestetik.com\/?page_id=27851"},"modified":"2024-12-25T13:40:30","modified_gmt":"2024-12-25T13:40:30","slug":"dhi-haartransplantation","status":"publish","type":"page","link":"https:\/\/westestetik.com\/de\/dhi-haartransplantation\/","title":{"rendered":"DHI-Haartransplantation"},"content":{"rendered":"<div data-elementor-type=\"wp-page\" data-elementor-id=\"27851\" class=\"elementor elementor-27851\" data-elementor-post-type=\"page\">\n\t\t\t\t<div class=\"elementor-element elementor-element-548d1348 e-con-full e-flex e-con e-parent\" data-id=\"548d1348\" data-element_type=\"container\">\n\t\t<div class=\"elementor-element elementor-element-48058ee0 e-con-full e-flex e-con e-child\" data-id=\"48058ee0\" data-element_type=\"container\">\n\t\t\t\t<div class=\"elementor-element elementor-element-560e8ad7 elementor-widget elementor-widget-image\" data-id=\"560e8ad7\" data-element_type=\"widget\" data-widget_type=\"image.default\">\n\t\t\t\t<div class=\"elementor-widget-container\">\n\t\t\t\t\t\t\t\t\t\t\t\t\t\t\t<img decoding=\"async\" width=\"100\" height=\"100\" src=\"https:\/\/westestetik.com\/wp-content\/uploads\/2024\/12\/1-4.png\" class=\"attachment-large size-large wp-image-28814\" alt=\"\" srcset=\"https:\/\/westestetik.com\/wp-content\/uploads\/2024\/12\/1-4.png 100w, https:\/\/westestetik.com\/wp-content\/uploads\/2024\/12\/1-4-12x12.png 12w\" sizes=\"(max-width: 100px) 100vw, 100px\" \/>\t\t\t\t\t\t\t\t\t\t\t\t\t\t\t<\/div>\n\t\t\t\t<\/div>\n\t\t\t\t<\/div>\n\t\t<div class=\"elementor-element elementor-element-40862e48 e-con-full e-flex e-con e-child\" data-id=\"40862e48\" data-element_type=\"container\">\n\t\t\t\t<div class=\"elementor-element elementor-element-392c3ddc elementor-widget elementor-widget-image\" data-id=\"392c3ddc\" data-element_type=\"widget\" data-widget_type=\"image.default\">\n\t\t\t\t<div class=\"elementor-widget-container\">\n\t\t\t\t\t\t\t\t\t\t\t\t\t\t\t<img decoding=\"async\" width=\"100\" height=\"100\" src=\"https:\/\/westestetik.com\/wp-content\/uploads\/2024\/12\/2-5.png\" class=\"attachment-large size-large wp-image-28815\" alt=\"\" srcset=\"https:\/\/westestetik.com\/wp-content\/uploads\/2024\/12\/2-5.png 100w, https:\/\/westestetik.com\/wp-content\/uploads\/2024\/12\/2-5-12x12.png 12w\" sizes=\"(max-width: 100px) 100vw, 100px\" \/>\t\t\t\t\t\t\t\t\t\t\t\t\t\t\t<\/div>\n\t\t\t\t<\/div>\n\t\t\t\t<\/div>\n\t\t<div class=\"elementor-element elementor-element-344f30eb e-con-full e-flex e-con e-child\" data-id=\"344f30eb\" data-element_type=\"container\">\n\t\t\t\t<div class=\"elementor-element elementor-element-1f0e286a elementor-widget elementor-widget-image\" data-id=\"1f0e286a\" data-element_type=\"widget\" data-widget_type=\"image.default\">\n\t\t\t\t<div class=\"elementor-widget-container\">\n\t\t\t\t\t\t\t\t\t\t\t\t\t\t\t<img decoding=\"async\" width=\"100\" height=\"100\" src=\"https:\/\/westestetik.com\/wp-content\/uploads\/2024\/12\/3-1.png\" class=\"attachment-large size-large wp-image-28816\" alt=\"\" srcset=\"https:\/\/westestetik.com\/wp-content\/uploads\/2024\/12\/3-1.png 100w, https:\/\/westestetik.com\/wp-content\/uploads\/2024\/12\/3-1-12x12.png 12w\" sizes=\"(max-width: 100px) 100vw, 100px\" \/>\t\t\t\t\t\t\t\t\t\t\t\t\t\t\t<\/div>\n\t\t\t\t<\/div>\n\t\t\t\t<\/div>\n\t\t<div class=\"elementor-element elementor-element-3aec2711 e-con-full e-flex e-con e-child\" data-id=\"3aec2711\" data-element_type=\"container\">\n\t\t\t\t<div class=\"elementor-element elementor-element-ea17fc7 elementor-widget elementor-widget-image\" data-id=\"ea17fc7\" data-element_type=\"widget\" data-widget_type=\"image.default\">\n\t\t\t\t<div class=\"elementor-widget-container\">\n\t\t\t\t\t\t\t\t\t\t\t\t\t\t\t<img loading=\"lazy\" decoding=\"async\" width=\"100\" height=\"100\" src=\"https:\/\/westestetik.com\/wp-content\/uploads\/2024\/12\/4-1.png\" class=\"attachment-large size-large wp-image-28817\" alt=\"\" srcset=\"https:\/\/westestetik.com\/wp-content\/uploads\/2024\/12\/4-1.png 100w, https:\/\/westestetik.com\/wp-content\/uploads\/2024\/12\/4-1-12x12.png 12w\" sizes=\"(max-width: 100px) 100vw, 100px\" \/>\t\t\t\t\t\t\t\t\t\t\t\t\t\t\t<\/div>\n\t\t\t\t<\/div>\n\t\t\t\t<\/div>\n\t\t<div class=\"elementor-element elementor-element-36da16be e-con-full e-flex e-con e-child\" data-id=\"36da16be\" data-element_type=\"container\">\n\t\t\t\t<div class=\"elementor-element elementor-element-11d8187c elementor-widget elementor-widget-image\" data-id=\"11d8187c\" data-element_type=\"widget\" data-widget_type=\"image.default\">\n\t\t\t\t<div class=\"elementor-widget-container\">\n\t\t\t\t\t\t\t\t\t\t\t\t\t\t\t<img loading=\"lazy\" decoding=\"async\" width=\"100\" height=\"100\" src=\"https:\/\/westestetik.com\/wp-content\/uploads\/2024\/12\/5-1.png\" class=\"attachment-large size-large wp-image-28818\" alt=\"\" srcset=\"https:\/\/westestetik.com\/wp-content\/uploads\/2024\/12\/5-1.png 100w, https:\/\/westestetik.com\/wp-content\/uploads\/2024\/12\/5-1-12x12.png 12w\" sizes=\"(max-width: 100px) 100vw, 100px\" \/>\t\t\t\t\t\t\t\t\t\t\t\t\t\t\t<\/div>\n\t\t\t\t<\/div>\n\t\t\t\t<\/div>\n\t\t\t\t<\/div>\n\t\t<div class=\"wd-negative-gap elementor-element elementor-element-6df8e687 e-flex e-con-boxed e-con e-parent\" data-id=\"6df8e687\" data-element_type=\"container\">\n\t\t\t\t\t<div class=\"e-con-inner\">\n\t\t<div class=\"elementor-element elementor-element-18d76d95 e-con-full e-flex e-con e-child\" data-id=\"18d76d95\" data-element_type=\"container\">\n\t\t\t\t<div class=\"elementor-element elementor-element-60386242 wd-width-100 elementor-widget elementor-widget-wd_title\" data-id=\"60386242\" data-element_type=\"widget\" data-widget_type=\"wd_title.default\">\n\t\t\t\t<div class=\"elementor-widget-container\">\n\t\t\t\t\t\t\t<div class=\"title-wrapper set-mb-s reset-last-child wd-title-color-default wd-title-style-default wd-title-size-default text-center\">\n\n\t\t\t\t\t\t\t<div class=\"title-subtitle subtitle-color-default subtitle-style-default wd-fontsize-xs\">\n\t\t\t\t\tDurchschnittliche Dauer des Aufenthalts\t\t\t\t<\/div>\n\t\t\t\n\t\t\t<div class=\"liner-continer\">\n\t\t\t\t<p class=\"woodmart-title-container title wd-fontsize-l\">7 Tage<\/p> \n\t\t\t\t\t\t\t<\/div>\n\n\t\t\t\t\t<\/div>\n\t\t\t\t\t\t<\/div>\n\t\t\t\t<\/div>\n\t\t\t\t<\/div>\n\t\t<div class=\"elementor-element elementor-element-1a2bf9fb e-con-full e-flex e-con e-child\" data-id=\"1a2bf9fb\" data-element_type=\"container\">\n\t\t\t\t<div class=\"elementor-element elementor-element-b93a9e8 wd-width-100 elementor-widget elementor-widget-wd_title\" data-id=\"b93a9e8\" data-element_type=\"widget\" data-widget_type=\"wd_title.default\">\n\t\t\t\t<div class=\"elementor-widget-container\">\n\t\t\t\t\t\t\t<div class=\"title-wrapper set-mb-s reset-last-child wd-title-color-default wd-title-style-default wd-title-size-default text-center\">\n\n\t\t\t\t\t\t\t<div class=\"title-subtitle subtitle-color-default subtitle-style-default wd-fontsize-xs\">\n\t\t\t\t\tDauer des Krankenhausaufenthalts\t\t\t\t<\/div>\n\t\t\t\n\t\t\t<div class=\"liner-continer\">\n\t\t\t\t<p class=\"woodmart-title-container title wd-fontsize-l\">1 Tag<\/p> \n\t\t\t\t\t\t\t<\/div>\n\n\t\t\t\t\t<\/div>\n\t\t\t\t\t\t<\/div>\n\t\t\t\t<\/div>\n\t\t\t\t<\/div>\n\t\t<div class=\"elementor-element elementor-element-2a6ba6 e-con-full e-flex e-con e-child\" data-id=\"2a6ba6\" data-element_type=\"container\">\n\t\t\t\t<div class=\"elementor-element elementor-element-d3ebd2f wd-width-100 elementor-widget elementor-widget-wd_title\" data-id=\"d3ebd2f\" data-element_type=\"widget\" data-widget_type=\"wd_title.default\">\n\t\t\t\t<div class=\"elementor-widget-container\">\n\t\t\t\t\t\t\t<div class=\"title-wrapper set-mb-s reset-last-child wd-title-color-default wd-title-style-default wd-title-size-default text-center\">\n\n\t\t\t\t\t\t\t<div class=\"title-subtitle subtitle-color-default subtitle-style-default wd-fontsize-xs\">\n\t\t\t\t\tOperation Dauer\t\t\t\t<\/div>\n\t\t\t\n\t\t\t<div class=\"liner-continer\">\n\t\t\t\t<p class=\"woodmart-title-container title wd-fontsize-l\">2-4 Stunden<\/p> \n\t\t\t\t\t\t\t<\/div>\n\n\t\t\t\t\t<\/div>\n\t\t\t\t\t\t<\/div>\n\t\t\t\t<\/div>\n\t\t\t\t<\/div>\n\t\t<div class=\"elementor-element elementor-element-25cc95ac e-con-full e-flex e-con e-child\" data-id=\"25cc95ac\" data-element_type=\"container\">\n\t\t\t\t<div class=\"elementor-element elementor-element-4b1300c9 wd-width-100 elementor-widget elementor-widget-wd_title\" data-id=\"4b1300c9\" data-element_type=\"widget\" data-widget_type=\"wd_title.default\">\n\t\t\t\t<div class=\"elementor-widget-container\">\n\t\t\t\t\t\t\t<div class=\"title-wrapper set-mb-s reset-last-child wd-title-color-default wd-title-style-default wd-title-size-default text-center\">\n\n\t\t\t\t\t\t\t<div class=\"title-subtitle subtitle-color-default subtitle-style-default wd-fontsize-xs\">\n\t\t\t\t\tAn\u00e4sthesie Typ\t\t\t\t<\/div>\n\t\t\t\n\t\t\t<div class=\"liner-continer\">\n\t\t\t\t<p class=\"woodmart-title-container title wd-fontsize-l\">Allgemeine An\u00e4sthesie<\/p> \n\t\t\t\t\t\t\t<\/div>\n\n\t\t\t\t\t<\/div>\n\t\t\t\t\t\t<\/div>\n\t\t\t\t<\/div>\n\t\t\t\t<\/div>\n\t\t<div class=\"elementor-element elementor-element-273eeb67 e-con-full e-flex e-con e-child\" data-id=\"273eeb67\" data-element_type=\"container\">\n\t\t\t\t<div class=\"elementor-element elementor-element-b723424 wd-width-100 elementor-widget elementor-widget-wd_title\" data-id=\"b723424\" data-element_type=\"widget\" data-widget_type=\"wd_title.default\">\n\t\t\t\t<div class=\"elementor-widget-container\">\n\t\t\t\t\t\t\t<div class=\"title-wrapper set-mb-s reset-last-child wd-title-color-default wd-title-style-default wd-title-size-default text-center\">\n\n\t\t\t\t\t\t\t<div class=\"title-subtitle subtitle-color-default subtitle-style-default wd-fontsize-xs\">\n\t\t\t\t\tErholungszeit\t\t\t\t<\/div>\n\t\t\t\n\t\t\t<div class=\"liner-continer\">\n\t\t\t\t<p class=\"woodmart-title-container title wd-fontsize-l\">1-2 Wochen<\/p> \n\t\t\t\t\t\t\t<\/div>\n\n\t\t\t\t\t<\/div>\n\t\t\t\t\t\t<\/div>\n\t\t\t\t<\/div>\n\t\t\t\t<\/div>\n\t\t\t\t\t<\/div>\n\t\t\t\t<\/div>\n\t\t<div class=\"wd-negative-gap elementor-element elementor-element-652bf42 e-flex e-con-boxed e-con e-parent\" data-id=\"652bf42\" data-element_type=\"container\">\n\t\t\t\t\t<div class=\"e-con-inner\">\n\t\t\t\t<div class=\"elementor-element elementor-element-4b7152b color-scheme-inherit text-left elementor-widget elementor-widget-text-editor\" data-id=\"4b7152b\" data-element_type=\"widget\" data-widget_type=\"text-editor.default\">\n\t\t\t\t<div class=\"elementor-widget-container\">\n\t\t\t\t\t\t\t\t\t<p><span style=\"font-weight: 400;\">Die DHI-Haartransplantation hat sich in den letzten Jahren zu einer der wirksamsten Methoden f\u00fcr Menschen mit Haarausfall entwickelt. Diese Methode ist eine Haartransplantationstechnik, die durch direkte Implantation von Haarfollikeln durchgef\u00fchrt wird und sich durch einen schnellen Heilungsprozess und nat\u00fcrliche Ergebnisse auszeichnet. Die DHI-Methode (Direct Hair Implantation) besticht durch ihre hohen Erfolgsquoten und den minimalinvasiven Eingriff bei der Haartransplantation.<\/span><\/p><h2><span style=\"font-weight: 400;\">Was ist eine DHI-Haartransplantation und wie wird sie durchgef\u00fchrt?<\/span><\/h2><p><span style=\"font-weight: 400;\">Die DHI-Haartransplantation ist eine sehr beliebte Haartransplantationsmethode f\u00fcr diejenigen, die in den letzten Jahren mit Haarausfall zu k\u00e4mpfen hatten. Bei der DHI-Methode (Direct Hair Implantation) werden die Haarfollikel direkt in den Bereich des Haarausfalls eingesetzt. Bei diesem Verfahren werden die Haarfollikel mit Hilfe eines Mikromotors einzeln entnommen und mit einem speziellen Stift (Choi-Stift) direkt in die zu verpflanzende Stelle eingesetzt. Obwohl diese Technik der FUE-Methode (Follicular Unit Extraction) \u00e4hnelt, bietet die DHI-Haartransplantation weniger Schnitte und eine k\u00fcrzere Erholungszeit.<\/span><\/p><h2><span style=\"font-weight: 400;\">Unterschiede zwischen DHI-Haartransplantation und FUE-Methode<\/span><\/h2><p><span style=\"font-weight: 400;\">Es gibt erhebliche Unterschiede zwischen der DHI-Haartransplantation und der FUE-Methode. Bei beiden Methoden werden die Haarfollikel einzeln entnommen und verpflanzt, aber die DHI-Methode bietet dank der direkten Platzierung der Haarfollikel mit einem Stift ein weniger invasives Verfahren. Bei der FUE-Methode werden nach der Entnahme der Haarfollikel kleine Schnitte in dem zu verpflanzenden Bereich gesetzt. Bei der DHI-Methode ist der Heilungsprozess schneller und komfortabler, da die Haarfollikel ohne Einschnitte anstelle der direkten Transplantation platziert werden.<\/span><\/p><h2><span style=\"font-weight: 400;\">F\u00fcr wen ist die DHI-Haartransplantation geeignet?<\/span><\/h2><p><span style=\"font-weight: 400;\">Die DHI-Haartransplantation eignet sich f\u00fcr Menschen, die normalerweise unter Haarausfall leiden und \u00fcber ausreichend Haarfollikel verf\u00fcgen. Die DHI-Methode kann bei Menschen in verschiedenen Stadien des Haarausfalls erfolgreich angewendet werden. Sie ist eine ideale Option vor allem f\u00fcr Menschen, die unter Haarausfall und Ausd\u00fcnnung im Scheitelbereich leiden und ihr altes, nat\u00fcrliches Haar wiedererlangen m\u00f6chten. Dar\u00fcber hinaus zeichnet sich diese Methode durch eine geringere Narbenbildung und eine schnelle Heilung aus.<\/span><\/p><h2><span style=\"font-weight: 400;\">Wie lange dauert eine DHI-Haartransplantation?<\/span><\/h2><p><span style=\"font-weight: 400;\">Das DHI-Haartransplantationsverfahren dauert in der Regel zwischen 6-8 Stunden, je nach Ausma\u00df des Haarausfalls und der Anzahl der zu transplantierenden Haarfollikel. Bei einem gut geplanten Verfahren k\u00f6nnen die Patienten noch am selben Tag nach Hause gehen. In dieser Zeit werden die Haarfollikel vom Expertenteam sorgf\u00e4ltig entnommen und an der Stelle des Haarausfalls platziert.<\/span><\/p><h2><span style=\"font-weight: 400;\">Genesungsprozess nach DHI-Haartransplantation<\/span><\/h2><p><span style=\"font-weight: 400;\">Der Genesungsprozess nach einer DHI-Haartransplantation ist recht schnell. Die meisten Menschen k\u00f6nnen ihr normales Leben bereits am Tag nach dem Eingriff wieder aufnehmen. An den Stellen der Haartransplantation kann es zu einer leichten R\u00f6tung kommen, die jedoch in der Regel innerhalb weniger Tage verschwindet. Innerhalb der ersten Woche ist die Platzierung der Haarfollikel abgeschlossen, und die Person beginnt innerhalb weniger Wochen, ihr altes, gesundes Haar wiederzugewinnen. Es kann jedoch 6-12 Monate dauern, bis das volle Ergebnis sichtbar ist.<\/span><\/p><h2><span style=\"font-weight: 400;\">Was sind die DHI-Haartransplantationspreise?<\/span><\/h2><p><span style=\"font-weight: 400;\">Die Preise f\u00fcr eine DHI-Haartransplantation k\u00f6nnen je nach den Bed\u00fcrfnissen der Person variieren. Die Gr\u00f6\u00dfe der zu transplantierenden Fl\u00e4che und die Anzahl der ben\u00f6tigten Haarfollikel sind die wichtigsten Faktoren, die den Preis beeinflussen. Im Allgemeinen k\u00f6nnen die Preise f\u00fcr die DHI-Haartransplantation etwas h\u00f6her sein als f\u00fcr die FUE-Methode, da das Verfahren feiner und pr\u00e4ziser durchgef\u00fchrt wird. In Anbetracht der dauerhaften Ergebnisse und des schnellen Heilungsprozesses k\u00f6nnen die Preise f\u00fcr die DHI-Haartransplantation jedoch als eine sehr lohnende Investition betrachtet werden.<\/span><\/p><h2><span style=\"font-weight: 400;\">Wann sind die Ergebnisse der DHI-Haartransplantation zu sehen?<\/span><\/h2><p><span style=\"font-weight: 400;\">Nach einer DHI-Haartransplantation k\u00f6nnen die Haare im transplantierten Bereich in den ersten Wochen ausfallen. Dieser Ausfall ist Teil des normalen Heilungsprozesses. Etwa 3-4 Monate nach der Transplantation beginnt das Haar wieder zu wachsen, und das endg\u00fcltige Ergebnis wird nach 6-12 Monaten erreicht. Die Haartransplantation mit der DHI-Methode erm\u00f6glicht es Ihnen, nat\u00fcrliches und dichtes Haar zu haben.<\/span><\/p><h2><span style=\"font-weight: 400;\">F\u00fcr welche Altersgruppe ist die DHI-Haartransplantation geeignet?<\/span><\/h2><p><span style=\"font-weight: 400;\">Die DHI-Haartransplantation kann im Allgemeinen bei Personen \u00fcber 18 Jahren angewendet werden. Lebensjahr angewendet werden. Personen, die in jungen Jahren von Haarausfall betroffen sind, k\u00f6nnen bei fr\u00fchzeitiger Behandlung dauerhafte L\u00f6sungen erzielen. Wenn der Haarausfall jedoch mit zunehmendem Alter fortschreitet, kann die DHI-Methode in jeder Altersgruppe wirksam angewendet werden. Wichtig ist, dass die Haarstruktur und die Gesundheit der Person ausreichend sind.<\/span><\/p><h2><span style=\"font-weight: 400;\">Erreichen Sie eine dauerhafte Ver\u00e4nderung Ihres Haares mit DHI-Haartransplantation<\/span><\/h2><p><span style=\"font-weight: 400;\">Mit der DHI-Haartransplantation k\u00f6nnen Sie dauerhafte und nat\u00fcrliche Ergebnisse erzielen. Nach dem Eingriff w\u00e4chst das transplantierte Haar \u00e4hnlich wie Ihr normales Haar und f\u00e4llt nicht aus. Sie erhalten ein j\u00fcngeres und lebendigeres Aussehen mit gesundem, nat\u00fcrlich wirkendem Haar. Die DHI-Methode ist eine hervorragende L\u00f6sung f\u00fcr alle, die ihren Haarausfall loswerden und ein \u00e4sthetischeres Aussehen erreichen m\u00f6chten.<\/span><\/p><p>\u00a0<\/p>\t\t\t\t\t\t\t\t<\/div>\n\t\t\t\t<\/div>\n\t\t\t\t\t<\/div>\n\t\t\t\t<\/div>\n\t\t\t\t<\/div>","protected":false},"excerpt":{"rendered":"<p>Ortalama Kal\u0131\u015f S\u00fcresi 7 G\u00fcn Hastanede Yat\u0131\u015f S\u00fcresi 1 G\u00fcn Operasyon S\u00fcresi 2-4 Saat Anestezi T\u00fcr\u00fc Genel Anestezi \u0130yile\u015fme S\u00fcresi<\/p>","protected":false},"author":1,"featured_media":0,"parent":0,"menu_order":0,"comment_status":"closed","ping_status":"closed","template":"","meta":{"footnotes":""},"class_list":["post-27851","page","type-page","status-publish","hentry"],"_links":{"self":[{"href":"https:\/\/westestetik.com\/de\/wp-json\/wp\/v2\/pages\/27851","targetHints":{"allow":["GET"]}}],"collection":[{"href":"https:\/\/westestetik.com\/de\/wp-json\/wp\/v2\/pages"}],"about":[{"href":"https:\/\/westestetik.com\/de\/wp-json\/wp\/v2\/types\/page"}],"author":[{"embeddable":true,"href":"https:\/\/westestetik.com\/de\/wp-json\/wp\/v2\/users\/1"}],"replies":[{"embeddable":true,"href":"https:\/\/westestetik.com\/de\/wp-json\/wp\/v2\/comments?post=27851"}],"version-history":[{"count":10,"href":"https:\/\/westestetik.com\/de\/wp-json\/wp\/v2\/pages\/27851\/revisions"}],"predecessor-version":[{"id":28906,"href":"https:\/\/westestetik.com\/de\/wp-json\/wp\/v2\/pages\/27851\/revisions\/28906"}],"wp:attachment":[{"href":"https:\/\/westestetik.com\/de\/wp-json\/wp\/v2\/media?parent=27851"}],"curies":[{"name":"wp","href":"https:\/\/api.w.org\/{rel}","templated":true}]}}