{"id":27849,"date":"2024-12-02T23:25:40","date_gmt":"2024-12-02T23:25:40","guid":{"rendered":"https:\/\/westestetik.com\/?page_id=27849"},"modified":"2024-12-25T13:38:20","modified_gmt":"2024-12-25T13:38:20","slug":"fue-haartransplantation","status":"publish","type":"page","link":"https:\/\/westestetik.com\/de\/fue-haartransplantation\/","title":{"rendered":"FUE-Haartransplantation"},"content":{"rendered":"<div data-elementor-type=\"wp-page\" data-elementor-id=\"27849\" class=\"elementor elementor-27849\" data-elementor-post-type=\"page\">\n\t\t\t\t<div class=\"elementor-element elementor-element-5a71c301 e-con-full e-flex e-con e-parent\" data-id=\"5a71c301\" data-element_type=\"container\">\n\t\t<div class=\"elementor-element elementor-element-36864a91 e-con-full e-flex e-con e-child\" data-id=\"36864a91\" data-element_type=\"container\">\n\t\t\t\t<div class=\"elementor-element elementor-element-eab71e4 elementor-widget elementor-widget-image\" data-id=\"eab71e4\" data-element_type=\"widget\" data-widget_type=\"image.default\">\n\t\t\t\t<div class=\"elementor-widget-container\">\n\t\t\t\t\t\t\t\t\t\t\t\t\t\t\t<img decoding=\"async\" width=\"100\" height=\"100\" src=\"https:\/\/westestetik.com\/wp-content\/uploads\/2024\/12\/1-4.png\" class=\"attachment-large size-large wp-image-28814\" alt=\"\" srcset=\"https:\/\/westestetik.com\/wp-content\/uploads\/2024\/12\/1-4.png 100w, https:\/\/westestetik.com\/wp-content\/uploads\/2024\/12\/1-4-12x12.png 12w\" sizes=\"(max-width: 100px) 100vw, 100px\" \/>\t\t\t\t\t\t\t\t\t\t\t\t\t\t\t<\/div>\n\t\t\t\t<\/div>\n\t\t\t\t<\/div>\n\t\t<div class=\"elementor-element elementor-element-e7bb75c e-con-full e-flex e-con e-child\" data-id=\"e7bb75c\" data-element_type=\"container\">\n\t\t\t\t<div class=\"elementor-element elementor-element-442f5f7b elementor-widget elementor-widget-image\" data-id=\"442f5f7b\" data-element_type=\"widget\" data-widget_type=\"image.default\">\n\t\t\t\t<div class=\"elementor-widget-container\">\n\t\t\t\t\t\t\t\t\t\t\t\t\t\t\t<img decoding=\"async\" width=\"100\" height=\"100\" src=\"https:\/\/westestetik.com\/wp-content\/uploads\/2024\/12\/2-5.png\" class=\"attachment-large size-large wp-image-28815\" alt=\"\" srcset=\"https:\/\/westestetik.com\/wp-content\/uploads\/2024\/12\/2-5.png 100w, https:\/\/westestetik.com\/wp-content\/uploads\/2024\/12\/2-5-12x12.png 12w\" sizes=\"(max-width: 100px) 100vw, 100px\" \/>\t\t\t\t\t\t\t\t\t\t\t\t\t\t\t<\/div>\n\t\t\t\t<\/div>\n\t\t\t\t<\/div>\n\t\t<div class=\"elementor-element elementor-element-e54ad15 e-con-full e-flex e-con e-child\" data-id=\"e54ad15\" data-element_type=\"container\">\n\t\t\t\t<div class=\"elementor-element elementor-element-637aa5aa elementor-widget elementor-widget-image\" data-id=\"637aa5aa\" data-element_type=\"widget\" data-widget_type=\"image.default\">\n\t\t\t\t<div class=\"elementor-widget-container\">\n\t\t\t\t\t\t\t\t\t\t\t\t\t\t\t<img decoding=\"async\" width=\"100\" height=\"100\" src=\"https:\/\/westestetik.com\/wp-content\/uploads\/2024\/12\/3-1.png\" class=\"attachment-large size-large wp-image-28816\" alt=\"\" srcset=\"https:\/\/westestetik.com\/wp-content\/uploads\/2024\/12\/3-1.png 100w, https:\/\/westestetik.com\/wp-content\/uploads\/2024\/12\/3-1-12x12.png 12w\" sizes=\"(max-width: 100px) 100vw, 100px\" \/>\t\t\t\t\t\t\t\t\t\t\t\t\t\t\t<\/div>\n\t\t\t\t<\/div>\n\t\t\t\t<\/div>\n\t\t<div class=\"elementor-element elementor-element-3a652897 e-con-full e-flex e-con e-child\" data-id=\"3a652897\" data-element_type=\"container\">\n\t\t\t\t<div class=\"elementor-element elementor-element-27a9547b elementor-widget elementor-widget-image\" data-id=\"27a9547b\" data-element_type=\"widget\" data-widget_type=\"image.default\">\n\t\t\t\t<div class=\"elementor-widget-container\">\n\t\t\t\t\t\t\t\t\t\t\t\t\t\t\t<img loading=\"lazy\" decoding=\"async\" width=\"100\" height=\"100\" src=\"https:\/\/westestetik.com\/wp-content\/uploads\/2024\/12\/4-1.png\" class=\"attachment-large size-large wp-image-28817\" alt=\"\" srcset=\"https:\/\/westestetik.com\/wp-content\/uploads\/2024\/12\/4-1.png 100w, https:\/\/westestetik.com\/wp-content\/uploads\/2024\/12\/4-1-12x12.png 12w\" sizes=\"(max-width: 100px) 100vw, 100px\" \/>\t\t\t\t\t\t\t\t\t\t\t\t\t\t\t<\/div>\n\t\t\t\t<\/div>\n\t\t\t\t<\/div>\n\t\t<div class=\"elementor-element elementor-element-71c62190 e-con-full e-flex e-con e-child\" data-id=\"71c62190\" data-element_type=\"container\">\n\t\t\t\t<div class=\"elementor-element elementor-element-522a4cc8 elementor-widget elementor-widget-image\" data-id=\"522a4cc8\" data-element_type=\"widget\" data-widget_type=\"image.default\">\n\t\t\t\t<div class=\"elementor-widget-container\">\n\t\t\t\t\t\t\t\t\t\t\t\t\t\t\t<img loading=\"lazy\" decoding=\"async\" width=\"100\" height=\"100\" src=\"https:\/\/westestetik.com\/wp-content\/uploads\/2024\/12\/5-1.png\" class=\"attachment-large size-large wp-image-28818\" alt=\"\" srcset=\"https:\/\/westestetik.com\/wp-content\/uploads\/2024\/12\/5-1.png 100w, https:\/\/westestetik.com\/wp-content\/uploads\/2024\/12\/5-1-12x12.png 12w\" sizes=\"(max-width: 100px) 100vw, 100px\" \/>\t\t\t\t\t\t\t\t\t\t\t\t\t\t\t<\/div>\n\t\t\t\t<\/div>\n\t\t\t\t<\/div>\n\t\t\t\t<\/div>\n\t\t<div class=\"wd-negative-gap elementor-element elementor-element-242d7160 e-flex e-con-boxed e-con e-parent\" data-id=\"242d7160\" data-element_type=\"container\">\n\t\t\t\t\t<div class=\"e-con-inner\">\n\t\t<div class=\"elementor-element elementor-element-5dac31b3 e-con-full e-flex e-con e-child\" data-id=\"5dac31b3\" data-element_type=\"container\">\n\t\t\t\t<div class=\"elementor-element elementor-element-2001d628 wd-width-100 elementor-widget elementor-widget-wd_title\" data-id=\"2001d628\" data-element_type=\"widget\" data-widget_type=\"wd_title.default\">\n\t\t\t\t<div class=\"elementor-widget-container\">\n\t\t\t\t\t\t\t<div class=\"title-wrapper set-mb-s reset-last-child wd-title-color-default wd-title-style-default wd-title-size-default text-center\">\n\n\t\t\t\t\t\t\t<div class=\"title-subtitle subtitle-color-default subtitle-style-default wd-fontsize-xs\">\n\t\t\t\t\tDurchschnittliche Dauer des Aufenthalts\t\t\t\t<\/div>\n\t\t\t\n\t\t\t<div class=\"liner-continer\">\n\t\t\t\t<p class=\"woodmart-title-container title wd-fontsize-l\">7 Tage<\/p> \n\t\t\t\t\t\t\t<\/div>\n\n\t\t\t\t\t<\/div>\n\t\t\t\t\t\t<\/div>\n\t\t\t\t<\/div>\n\t\t\t\t<\/div>\n\t\t<div class=\"elementor-element elementor-element-7fe4d9e3 e-con-full e-flex e-con e-child\" data-id=\"7fe4d9e3\" data-element_type=\"container\">\n\t\t\t\t<div class=\"elementor-element elementor-element-a93d3d wd-width-100 elementor-widget elementor-widget-wd_title\" data-id=\"a93d3d\" data-element_type=\"widget\" data-widget_type=\"wd_title.default\">\n\t\t\t\t<div class=\"elementor-widget-container\">\n\t\t\t\t\t\t\t<div class=\"title-wrapper set-mb-s reset-last-child wd-title-color-default wd-title-style-default wd-title-size-default text-center\">\n\n\t\t\t\t\t\t\t<div class=\"title-subtitle subtitle-color-default subtitle-style-default wd-fontsize-xs\">\n\t\t\t\t\tDauer des Krankenhausaufenthalts\t\t\t\t<\/div>\n\t\t\t\n\t\t\t<div class=\"liner-continer\">\n\t\t\t\t<p class=\"woodmart-title-container title wd-fontsize-l\">1 Tag<\/p> \n\t\t\t\t\t\t\t<\/div>\n\n\t\t\t\t\t<\/div>\n\t\t\t\t\t\t<\/div>\n\t\t\t\t<\/div>\n\t\t\t\t<\/div>\n\t\t<div class=\"elementor-element elementor-element-4443d513 e-con-full e-flex e-con e-child\" data-id=\"4443d513\" data-element_type=\"container\">\n\t\t\t\t<div class=\"elementor-element elementor-element-291c7388 wd-width-100 elementor-widget elementor-widget-wd_title\" data-id=\"291c7388\" data-element_type=\"widget\" data-widget_type=\"wd_title.default\">\n\t\t\t\t<div class=\"elementor-widget-container\">\n\t\t\t\t\t\t\t<div class=\"title-wrapper set-mb-s reset-last-child wd-title-color-default wd-title-style-default wd-title-size-default text-center\">\n\n\t\t\t\t\t\t\t<div class=\"title-subtitle subtitle-color-default subtitle-style-default wd-fontsize-xs\">\n\t\t\t\t\tOperation Dauer\t\t\t\t<\/div>\n\t\t\t\n\t\t\t<div class=\"liner-continer\">\n\t\t\t\t<p class=\"woodmart-title-container title wd-fontsize-l\">2-4 Stunden<\/p> \n\t\t\t\t\t\t\t<\/div>\n\n\t\t\t\t\t<\/div>\n\t\t\t\t\t\t<\/div>\n\t\t\t\t<\/div>\n\t\t\t\t<\/div>\n\t\t<div class=\"elementor-element elementor-element-72c37d39 e-con-full e-flex e-con e-child\" data-id=\"72c37d39\" data-element_type=\"container\">\n\t\t\t\t<div class=\"elementor-element elementor-element-6337b88d wd-width-100 elementor-widget elementor-widget-wd_title\" data-id=\"6337b88d\" data-element_type=\"widget\" data-widget_type=\"wd_title.default\">\n\t\t\t\t<div class=\"elementor-widget-container\">\n\t\t\t\t\t\t\t<div class=\"title-wrapper set-mb-s reset-last-child wd-title-color-default wd-title-style-default wd-title-size-default text-center\">\n\n\t\t\t\t\t\t\t<div class=\"title-subtitle subtitle-color-default subtitle-style-default wd-fontsize-xs\">\n\t\t\t\t\tAn\u00e4sthesie Typ\t\t\t\t<\/div>\n\t\t\t\n\t\t\t<div class=\"liner-continer\">\n\t\t\t\t<p class=\"woodmart-title-container title wd-fontsize-l\">Allgemeine An\u00e4sthesie<\/p> \n\t\t\t\t\t\t\t<\/div>\n\n\t\t\t\t\t<\/div>\n\t\t\t\t\t\t<\/div>\n\t\t\t\t<\/div>\n\t\t\t\t<\/div>\n\t\t<div class=\"elementor-element elementor-element-7a259d5c e-con-full e-flex e-con e-child\" data-id=\"7a259d5c\" data-element_type=\"container\">\n\t\t\t\t<div class=\"elementor-element elementor-element-19385aed wd-width-100 elementor-widget elementor-widget-wd_title\" data-id=\"19385aed\" data-element_type=\"widget\" data-widget_type=\"wd_title.default\">\n\t\t\t\t<div class=\"elementor-widget-container\">\n\t\t\t\t\t\t\t<div class=\"title-wrapper set-mb-s reset-last-child wd-title-color-default wd-title-style-default wd-title-size-default text-center\">\n\n\t\t\t\t\t\t\t<div class=\"title-subtitle subtitle-color-default subtitle-style-default wd-fontsize-xs\">\n\t\t\t\t\tErholungszeit\t\t\t\t<\/div>\n\t\t\t\n\t\t\t<div class=\"liner-continer\">\n\t\t\t\t<p class=\"woodmart-title-container title wd-fontsize-l\">1-2 Wochen<\/p> \n\t\t\t\t\t\t\t<\/div>\n\n\t\t\t\t\t<\/div>\n\t\t\t\t\t\t<\/div>\n\t\t\t\t<\/div>\n\t\t\t\t<\/div>\n\t\t\t\t\t<\/div>\n\t\t\t\t<\/div>\n\t\t<div class=\"wd-negative-gap elementor-element elementor-element-d602764 e-flex e-con-boxed e-con e-parent\" data-id=\"d602764\" data-element_type=\"container\">\n\t\t\t\t\t<div class=\"e-con-inner\">\n\t\t\t\t<div class=\"elementor-element elementor-element-d327726 color-scheme-inherit text-left elementor-widget elementor-widget-text-editor\" data-id=\"d327726\" data-element_type=\"widget\" data-widget_type=\"text-editor.default\">\n\t\t\t\t<div class=\"elementor-widget-container\">\n\t\t\t\t\t\t\t\t\t<p><span style=\"font-weight: 400;\">Die FUE-Haartransplantation (Follicular Unit Extraction) ist heute eine der beliebtesten und effektivsten Methoden der Haartransplantation. Diese moderne Technik bietet dauerhafte und nat\u00fcrliche Ergebnisse f\u00fcr Menschen mit Haarausfall. Bei der FUE-Methode werden die Haarfollikel einzeln entnommen und vorsichtig in die kahlen Stellen eingesetzt. Sie wird wegen ihrer Vorteile wie der minimalen Narbenbildung, der kurzen Erholungszeit und der nat\u00fcrlichen Ergebnisse bevorzugt.<\/span><\/p><h2><span style=\"font-weight: 400;\">Was ist eine FUE-Haartransplantation?<\/span><\/h2><p><span style=\"font-weight: 400;\">Die FUE-Haartransplantation (Follicular Unit Extraction) ist eine moderne Haartransplantationsmethode, bei der die Haarfollikel einzeln entnommen und in kahle Stellen eingesetzt werden. Diese Methode sorgt f\u00fcr ein nat\u00fcrliches Aussehen im gew\u00fcnschten Bereich, indem die Haarfollikel auf nat\u00fcrliche Weise entnommen werden. Die FUE-Haartransplantation ist ein weniger invasives Verfahren und die Erholungszeit ist k\u00fcrzer. Aus diesem Grund ist sie bei Menschen, die unter Haarausfall leiden und sich ein nat\u00fcrliches Ergebnis w\u00fcnschen, sehr beliebt.<\/span><\/p><h2><span style=\"font-weight: 400;\">Wie wird die FUE-Haartransplantation durchgef\u00fchrt?<\/span><\/h2><p><span style=\"font-weight: 400;\">Das FUE-Haartransplantationsverfahren besteht aus zwei Hauptphasen. In der ersten Phase werden die Haarfollikel einzeln aus dem Spenderbereich, d. h. aus den Bereichen mit dichtem Haar, entnommen. In der zweiten Phase werden diese Haarfollikel sorgf\u00e4ltig in die kahlen Stellen eingesetzt. Jede Wurzel wird im richtigen Winkel platziert, um ein nat\u00fcrliches Aussehen der Haare zu erreichen. Die FUE-Technik wird mit mikromotorischen oder manuellen Nadeln durchgef\u00fchrt. Da bei der Haartransplantation nur minimale Schnitte erforderlich sind, ist die Wahrscheinlichkeit einer Narbenbildung sehr gering.<\/span><\/p><h2><span style=\"font-weight: 400;\">F\u00fcr wen ist die FUE-Haartransplantation geeignet?<\/span><\/h2><p><span style=\"font-weight: 400;\">Die FUE-Haartransplantation eignet sich generell f\u00fcr M\u00e4nner und Frauen, die unter Haarausfall leiden. Vor allem Menschen, die aus genetischen Gr\u00fcnden unter Haarausfall leiden, bevorzugen diese Methode. Abgesehen davon kann die FUE-Haartransplantation auch eine L\u00f6sung f\u00fcr F\u00e4lle sein, in denen der Haarausfall durch andere Gr\u00fcnde verursacht wird. Dar\u00fcber hinaus k\u00f6nnen auch Menschen, bei denen eine fr\u00fchere Haartransplantation nicht zum Erfolg gef\u00fchrt hat, mit der FUE-Methode erfolgreiche Ergebnisse erzielen.<\/span><\/p><h2><span style=\"font-weight: 400;\">Wie hoch sind die Preise f\u00fcr FUE-Haartransplantationen?<\/span><\/h2><p><span style=\"font-weight: 400;\">Die Preise f\u00fcr eine FUE-Haartransplantation k\u00f6nnen je nach den pers\u00f6nlichen Bed\u00fcrfnissen und der Gr\u00f6\u00dfe der zu transplantierenden Fl\u00e4che variieren. Die Preise f\u00fcr eine Haartransplantation h\u00e4ngen von der Anzahl der Haarfollikel, dem Schwierigkeitsgrad der zu verpflanzenden Fl\u00e4che und der Klinik ab, in der das Verfahren durchgef\u00fchrt wird. Die FUE-Haartransplantation ist in der Regel etwas teurer als andere Methoden, aber die nat\u00fcrlichen Ergebnisse und die kurze Erholungszeit, die sie bietet, sind diese Kosten wert.<\/span><\/p><h2><span style=\"font-weight: 400;\">Wie ist der Erholungsprozess nach einer FUE-Haartransplantation?<\/span><\/h2><p><span style=\"font-weight: 400;\">Der Heilungsprozess nach einer FUE-Haartransplantation verl\u00e4uft recht schnell. Nach dem Eingriff kann es zu einer leichten Schwellung und R\u00f6tung im Bereich der Haartransplantation kommen. Dieser Zustand vergeht innerhalb weniger Tage. Das Wachstum der transplantierten Haare beginnt in der Regel zwischen 3 und 6 Monaten, das volle Ergebnis ist jedoch erst nach 12 bis 18 Monaten zu sehen. W\u00e4hrend des Heilungsprozesses ist es wichtig, dass die Patienten bestimmte Pflegeanweisungen befolgen. So sollten die Haare richtig gewaschen und vor der Sonne gesch\u00fctzt werden, und die transplantierte Stelle sollte sauber gehalten werden.<\/span><\/p><h2><span style=\"font-weight: 400;\">Ist eine FUE-Haartransplantation dauerhaft?<\/span><\/h2><p><span style=\"font-weight: 400;\">Die FUE-Haartransplantation ist eine dauerhafte L\u00f6sung. Die transplantierten Haarfollikel sind im Allgemeinen resistent gegen Haarausfall und wachsen dauerhaft im transplantierten Bereich. Mit fortschreitendem Gesundheitszustand und Alter kann der nat\u00fcrliche Haarausfall jedoch anhalten. Dennoch bietet die Haartransplantation mit der FUE-Methode sehr erfolgreiche Ergebnisse in Bezug auf nat\u00fcrliches Aussehen und Langlebigkeit.<\/span><\/p><h2><span style=\"font-weight: 400;\">Wie viele Tage dauert es, bis man bei einer FUE-Haartransplantation Ergebnisse sieht?<\/span><\/h2><p><span style=\"font-weight: 400;\">Bei der FUE-Haartransplantation sind die Ergebnisse in der Regel innerhalb von 3-6 Monaten sichtbar. In den ersten 3 Monaten k\u00f6nnen die transplantierten Haare ausfallen, aber das ist ein v\u00f6llig normaler Vorgang. Nach dem 6. Monat beginnen die transplantierten Haarfollikel schnell zu wachsen, und innerhalb von 12-18 Monaten werden v\u00f6llig nat\u00fcrliche und dauerhafte Ergebnisse erzielt. Da der Heilungsprozess bei jedem Menschen anders verl\u00e4uft, kann die Zeit, bis die Ergebnisse sichtbar werden, von Person zu Person variieren.<\/span><\/p><h2><span style=\"font-weight: 400;\">Wo sind die Bereiche f\u00fcr eine FUE-Haartransplantation?<\/span><\/h2><p><span style=\"font-weight: 400;\">Die FUE-Haartransplantation kann an verschiedenen Stellen des Kopfes durchgef\u00fchrt werden. Am h\u00e4ufigsten wird die Haartransplantation am Scheitel, an den Seiten und im Nacken durchgef\u00fchrt. Dar\u00fcber hinaus k\u00f6nnen auch \u00e4sthetische Anwendungen wie Augenbrauen-, Bart- und Schnurrbarttransplantationen mit der FUE-Technik durchgef\u00fchrt werden. Die Bereiche f\u00fcr die Haartransplantation werden je nach den pers\u00f6nlichen Bed\u00fcrfnissen und der Intensit\u00e4t des Haarausfalls festgelegt.<\/span><\/p><h2><span style=\"font-weight: 400;\">Was ist vor und nach einer FUE-Haartransplantation zu beachten?<\/span><\/h2><p><span style=\"font-weight: 400;\">Vor einer FUE-Haartransplantation ist es wichtig, einige Vorbereitungen zu treffen. Zun\u00e4chst einmal ist es notwendig, Alkohol und Rauchen zu minimieren, Blutverd\u00fcnner zu vermeiden und das Haar vor dem Eingriff gr\u00fcndlich zu reinigen. Nach dem Eingriff wird empfohlen, die transplantierte Stelle zu sch\u00fctzen, sie vor der Sonne zu bewahren und regelm\u00e4\u00dfig die vom Arzt verschriebenen Medikamente einzunehmen.<\/span><\/p><h2><span style=\"font-weight: 400;\">Unterscheidet sich die FUE-Haartransplantationsmethode von anderen Methoden?<\/span><\/h2><p><span style=\"font-weight: 400;\">Die FUE-Haartransplantation ist eine weniger invasive Technik als die klassische FUT-Methode (Follicular Unit Transplantation). Bei der FUT-Methode werden Haarfollikel entnommen und in einem Streifen verpflanzt, w\u00e4hrend bei der FUE-Methode einzelne Haarfollikel entnommen und verpflanzt werden. Dies beschleunigt den Heilungsprozess und minimiert die M\u00f6glichkeit der Narbenbildung. Dar\u00fcber hinaus werden mit der FUE-Methode nat\u00fcrlichere Ergebnisse erzielt.<\/span><\/p><h2><span style=\"font-weight: 400;\">Gibt es Narben nach einer FUE-Haartransplantation?<\/span><\/h2><p><span style=\"font-weight: 400;\">Das Risiko einer Narbenbildung nach einer FUE-Haartransplantation ist sehr gering. Da die Haarfollikel einzeln entnommen werden, werden keine gro\u00dfen Schnitte gemacht. Dadurch wird die M\u00f6glichkeit einer Narbenbildung w\u00e4hrend des Heilungsprozesses verringert. Nach dem Eingriff k\u00f6nnen nur sehr kleine, punktuelle Narben zur\u00fcckbleiben. Diese Narben werden unsichtbar, wenn das Haar w\u00e4chst, und stellen kein \u00e4sthetisches Problem dar.<\/span><\/p><h2><span style=\"font-weight: 400;\">Welche Altersgruppe ist f\u00fcr eine FUE-Haartransplantation geeignet?<\/span><\/h2><p><span style=\"font-weight: 400;\">Die FUE-Haartransplantation ist im Allgemeinen f\u00fcr Personen ab 20 Jahren geeignet. Beginnt der Haarausfall jedoch in einem sehr jungen Alter, kann der Eingriff nach einer Untersuchung durch einen Facharzt durchgef\u00fchrt werden. Die FUE-Methode kann auch in jungen Jahren sicher angewendet werden und liefert nat\u00fcrliche Ergebnisse.<\/span><\/p><h2><span style=\"font-weight: 400;\">Wie lange dauert eine FUE-Haartransplantation?<\/span><\/h2><p><span style=\"font-weight: 400;\">Eine FUE-Haartransplantation ist in der Regel nach 4-8 Stunden abgeschlossen. Diese Zeit kann je nach Anzahl der transplantierten Haarfollikel und der Gr\u00f6\u00dfe des zu transplantierenden Bereichs variieren. Da der Eingriff unter \u00f6rtlicher Bet\u00e4ubung durchgef\u00fchrt wird, versp\u00fcren die Patienten keine Schmerzen und k\u00f6nnen w\u00e4hrend des gesamten Eingriffs bequem sitzen.<\/span><\/p><h2><span style=\"font-weight: 400;\">Was sollte vor einer FUE-Haartransplantation beachtet werden?<\/span><\/h2><p><span style=\"font-weight: 400;\">Vor einer FUE-Haartransplantation sollte eine eingehende Untersuchung durch einen zuverl\u00e4ssigen Spezialisten erfolgen. Dar\u00fcber hinaus sollten die Ursache des Haarausfalls und der allgemeine Gesundheitszustand der Person ber\u00fccksichtigt werden. Recherchen zur Haartransplantation sind wichtig, um die richtige Methode zu w\u00e4hlen. Auch Informationen \u00fcber den Genesungsprozess und die Ergebnisse nach dem Eingriff sind n\u00fctzlich.<\/span><\/p><h2><span style=\"font-weight: 400;\">Wann w\u00e4chst das Haar nach einer FUE-Haartransplantation?<\/span><\/h2><p><span style=\"font-weight: 400;\">Nach einer FUE-Haartransplantation beginnen die transplantierten Haare in der Regel innerhalb von 3-6 Monaten zu wachsen. Es kann jedoch notwendig sein, 12-18 Monate zu warten, bis das Ergebnis vollst\u00e4ndig ist. Die Wachstumszeit der transplantierten Haare kann je nach pers\u00f6nlichen Faktoren, genetischer Struktur und Heilungsprozess variieren.<\/span><\/p><p>\u00a0<\/p><p>\u00a0<\/p>\t\t\t\t\t\t\t\t<\/div>\n\t\t\t\t<\/div>\n\t\t\t\t\t<\/div>\n\t\t\t\t<\/div>\n\t\t\t\t<\/div>","protected":false},"excerpt":{"rendered":"<p>Ortalama Kal\u0131\u015f S\u00fcresi 7 G\u00fcn Hastanede Yat\u0131\u015f S\u00fcresi 1 G\u00fcn Operasyon S\u00fcresi 2-4 Saat Anestezi T\u00fcr\u00fc Genel Anestezi \u0130yile\u015fme S\u00fcresi<\/p>","protected":false},"author":1,"featured_media":0,"parent":0,"menu_order":0,"comment_status":"closed","ping_status":"closed","template":"","meta":{"footnotes":""},"class_list":["post-27849","page","type-page","status-publish","hentry"],"_links":{"self":[{"href":"https:\/\/westestetik.com\/de\/wp-json\/wp\/v2\/pages\/27849","targetHints":{"allow":["GET"]}}],"collection":[{"href":"https:\/\/westestetik.com\/de\/wp-json\/wp\/v2\/pages"}],"about":[{"href":"https:\/\/westestetik.com\/de\/wp-json\/wp\/v2\/types\/page"}],"author":[{"embeddable":true,"href":"https:\/\/westestetik.com\/de\/wp-json\/wp\/v2\/users\/1"}],"replies":[{"embeddable":true,"href":"https:\/\/westestetik.com\/de\/wp-json\/wp\/v2\/comments?post=27849"}],"version-history":[{"count":7,"href":"https:\/\/westestetik.com\/de\/wp-json\/wp\/v2\/pages\/27849\/revisions"}],"predecessor-version":[{"id":28899,"href":"https:\/\/westestetik.com\/de\/wp-json\/wp\/v2\/pages\/27849\/revisions\/28899"}],"wp:attachment":[{"href":"https:\/\/westestetik.com\/de\/wp-json\/wp\/v2\/media?parent=27849"}],"curies":[{"name":"wp","href":"https:\/\/api.w.org\/{rel}","templated":true}]}}