{"id":27847,"date":"2024-12-02T23:25:08","date_gmt":"2024-12-02T23:25:08","guid":{"rendered":"https:\/\/westestetik.com\/?page_id=27847"},"modified":"2025-02-19T16:16:49","modified_gmt":"2025-02-19T13:16:49","slug":"kieferlinie","status":"publish","type":"page","link":"https:\/\/westestetik.com\/de\/kieferlinie\/","title":{"rendered":"Kieferlinie"},"content":{"rendered":"<div data-elementor-type=\"wp-page\" data-elementor-id=\"27847\" class=\"elementor elementor-27847\" data-elementor-post-type=\"page\">\n\t\t\t\t<div class=\"elementor-element elementor-element-9fcbdf3 e-con-full e-flex e-con e-parent\" data-id=\"9fcbdf3\" data-element_type=\"container\">\n\t\t<div class=\"elementor-element elementor-element-5d93d8fd e-con-full e-flex e-con e-child\" data-id=\"5d93d8fd\" data-element_type=\"container\">\n\t\t\t\t<div class=\"elementor-element elementor-element-146a13a2 elementor-widget elementor-widget-image\" data-id=\"146a13a2\" data-element_type=\"widget\" data-widget_type=\"image.default\">\n\t\t\t\t<div class=\"elementor-widget-container\">\n\t\t\t\t\t\t\t\t\t\t\t\t\t\t\t<img decoding=\"async\" width=\"100\" height=\"100\" src=\"https:\/\/westestetik.com\/wp-content\/uploads\/2024\/12\/1-4.png\" class=\"attachment-large size-large wp-image-28814\" alt=\"\" srcset=\"https:\/\/westestetik.com\/wp-content\/uploads\/2024\/12\/1-4.png 100w, https:\/\/westestetik.com\/wp-content\/uploads\/2024\/12\/1-4-12x12.png 12w\" sizes=\"(max-width: 100px) 100vw, 100px\" \/>\t\t\t\t\t\t\t\t\t\t\t\t\t\t\t<\/div>\n\t\t\t\t<\/div>\n\t\t\t\t<\/div>\n\t\t<div class=\"elementor-element elementor-element-21197501 e-con-full e-flex e-con e-child\" data-id=\"21197501\" data-element_type=\"container\">\n\t\t\t\t<div class=\"elementor-element elementor-element-77815b4d elementor-widget elementor-widget-image\" data-id=\"77815b4d\" data-element_type=\"widget\" data-widget_type=\"image.default\">\n\t\t\t\t<div class=\"elementor-widget-container\">\n\t\t\t\t\t\t\t\t\t\t\t\t\t\t\t<img decoding=\"async\" width=\"100\" height=\"100\" src=\"https:\/\/westestetik.com\/wp-content\/uploads\/2024\/12\/2-5.png\" class=\"attachment-large size-large wp-image-28815\" alt=\"\" srcset=\"https:\/\/westestetik.com\/wp-content\/uploads\/2024\/12\/2-5.png 100w, https:\/\/westestetik.com\/wp-content\/uploads\/2024\/12\/2-5-12x12.png 12w\" sizes=\"(max-width: 100px) 100vw, 100px\" \/>\t\t\t\t\t\t\t\t\t\t\t\t\t\t\t<\/div>\n\t\t\t\t<\/div>\n\t\t\t\t<\/div>\n\t\t<div class=\"elementor-element elementor-element-454f6e7 e-con-full e-flex e-con e-child\" data-id=\"454f6e7\" data-element_type=\"container\">\n\t\t\t\t<div class=\"elementor-element elementor-element-2d111721 elementor-widget elementor-widget-image\" data-id=\"2d111721\" data-element_type=\"widget\" data-widget_type=\"image.default\">\n\t\t\t\t<div class=\"elementor-widget-container\">\n\t\t\t\t\t\t\t\t\t\t\t\t\t\t\t<img decoding=\"async\" width=\"100\" height=\"100\" src=\"https:\/\/westestetik.com\/wp-content\/uploads\/2024\/12\/3-1.png\" class=\"attachment-large size-large wp-image-28816\" alt=\"\" srcset=\"https:\/\/westestetik.com\/wp-content\/uploads\/2024\/12\/3-1.png 100w, https:\/\/westestetik.com\/wp-content\/uploads\/2024\/12\/3-1-12x12.png 12w\" sizes=\"(max-width: 100px) 100vw, 100px\" \/>\t\t\t\t\t\t\t\t\t\t\t\t\t\t\t<\/div>\n\t\t\t\t<\/div>\n\t\t\t\t<\/div>\n\t\t<div class=\"elementor-element elementor-element-4b0d25d0 e-con-full e-flex e-con e-child\" data-id=\"4b0d25d0\" data-element_type=\"container\">\n\t\t\t\t<div class=\"elementor-element elementor-element-259e4489 elementor-widget elementor-widget-image\" data-id=\"259e4489\" data-element_type=\"widget\" data-widget_type=\"image.default\">\n\t\t\t\t<div class=\"elementor-widget-container\">\n\t\t\t\t\t\t\t\t\t\t\t\t\t\t\t<img loading=\"lazy\" decoding=\"async\" width=\"100\" height=\"100\" src=\"https:\/\/westestetik.com\/wp-content\/uploads\/2024\/12\/4-1.png\" class=\"attachment-large size-large wp-image-28817\" alt=\"\" srcset=\"https:\/\/westestetik.com\/wp-content\/uploads\/2024\/12\/4-1.png 100w, https:\/\/westestetik.com\/wp-content\/uploads\/2024\/12\/4-1-12x12.png 12w\" sizes=\"(max-width: 100px) 100vw, 100px\" \/>\t\t\t\t\t\t\t\t\t\t\t\t\t\t\t<\/div>\n\t\t\t\t<\/div>\n\t\t\t\t<\/div>\n\t\t<div class=\"elementor-element elementor-element-5ca124bf e-con-full e-flex e-con e-child\" data-id=\"5ca124bf\" data-element_type=\"container\">\n\t\t\t\t<div class=\"elementor-element elementor-element-849a7b7 elementor-widget elementor-widget-image\" data-id=\"849a7b7\" data-element_type=\"widget\" data-widget_type=\"image.default\">\n\t\t\t\t<div class=\"elementor-widget-container\">\n\t\t\t\t\t\t\t\t\t\t\t\t\t\t\t<img loading=\"lazy\" decoding=\"async\" width=\"100\" height=\"100\" src=\"https:\/\/westestetik.com\/wp-content\/uploads\/2024\/12\/5-1.png\" class=\"attachment-large size-large wp-image-28818\" alt=\"\" srcset=\"https:\/\/westestetik.com\/wp-content\/uploads\/2024\/12\/5-1.png 100w, https:\/\/westestetik.com\/wp-content\/uploads\/2024\/12\/5-1-12x12.png 12w\" sizes=\"(max-width: 100px) 100vw, 100px\" \/>\t\t\t\t\t\t\t\t\t\t\t\t\t\t\t<\/div>\n\t\t\t\t<\/div>\n\t\t\t\t<\/div>\n\t\t\t\t<\/div>\n\t\t<div class=\"wd-negative-gap elementor-element elementor-element-31db9fef e-flex e-con-boxed e-con e-parent\" data-id=\"31db9fef\" data-element_type=\"container\">\n\t\t\t\t\t<div class=\"e-con-inner\">\n\t\t<div class=\"elementor-element elementor-element-3509542 e-con-full e-flex e-con e-child\" data-id=\"3509542\" data-element_type=\"container\">\n\t\t\t\t<div class=\"elementor-element elementor-element-538118fb wd-width-100 elementor-widget elementor-widget-wd_title\" data-id=\"538118fb\" data-element_type=\"widget\" data-widget_type=\"wd_title.default\">\n\t\t\t\t<div class=\"elementor-widget-container\">\n\t\t\t\t\t\t\t<div class=\"title-wrapper set-mb-s reset-last-child wd-title-color-default wd-title-style-default wd-title-size-default text-center\">\n\n\t\t\t\t\t\t\t<div class=\"title-subtitle subtitle-color-default subtitle-style-default wd-fontsize-xs\">\n\t\t\t\t\tDurchschnittliche Dauer des Aufenthalts\t\t\t\t<\/div>\n\t\t\t\n\t\t\t<div class=\"liner-continer\">\n\t\t\t\t<p class=\"woodmart-title-container title wd-fontsize-l\">7 Tage<\/p> \n\t\t\t\t\t\t\t<\/div>\n\n\t\t\t\t\t<\/div>\n\t\t\t\t\t\t<\/div>\n\t\t\t\t<\/div>\n\t\t\t\t<\/div>\n\t\t<div class=\"elementor-element elementor-element-16cadae5 e-con-full e-flex e-con e-child\" data-id=\"16cadae5\" data-element_type=\"container\">\n\t\t\t\t<div class=\"elementor-element elementor-element-17a8db67 wd-width-100 elementor-widget elementor-widget-wd_title\" data-id=\"17a8db67\" data-element_type=\"widget\" data-widget_type=\"wd_title.default\">\n\t\t\t\t<div class=\"elementor-widget-container\">\n\t\t\t\t\t\t\t<div class=\"title-wrapper set-mb-s reset-last-child wd-title-color-default wd-title-style-default wd-title-size-default text-center\">\n\n\t\t\t\t\t\t\t<div class=\"title-subtitle subtitle-color-default subtitle-style-default wd-fontsize-xs\">\n\t\t\t\t\tDauer des Krankenhausaufenthalts\t\t\t\t<\/div>\n\t\t\t\n\t\t\t<div class=\"liner-continer\">\n\t\t\t\t<p class=\"woodmart-title-container title wd-fontsize-l\">1 Tag<\/p> \n\t\t\t\t\t\t\t<\/div>\n\n\t\t\t\t\t<\/div>\n\t\t\t\t\t\t<\/div>\n\t\t\t\t<\/div>\n\t\t\t\t<\/div>\n\t\t<div class=\"elementor-element elementor-element-63d08191 e-con-full e-flex e-con e-child\" data-id=\"63d08191\" data-element_type=\"container\">\n\t\t\t\t<div class=\"elementor-element elementor-element-61aad4af wd-width-100 elementor-widget elementor-widget-wd_title\" data-id=\"61aad4af\" data-element_type=\"widget\" data-widget_type=\"wd_title.default\">\n\t\t\t\t<div class=\"elementor-widget-container\">\n\t\t\t\t\t\t\t<div class=\"title-wrapper set-mb-s reset-last-child wd-title-color-default wd-title-style-default wd-title-size-default text-center\">\n\n\t\t\t\t\t\t\t<div class=\"title-subtitle subtitle-color-default subtitle-style-default wd-fontsize-xs\">\n\t\t\t\t\tOperation Dauer\t\t\t\t<\/div>\n\t\t\t\n\t\t\t<div class=\"liner-continer\">\n\t\t\t\t<p class=\"woodmart-title-container title wd-fontsize-l\">2-4 Stunden<\/p> \n\t\t\t\t\t\t\t<\/div>\n\n\t\t\t\t\t<\/div>\n\t\t\t\t\t\t<\/div>\n\t\t\t\t<\/div>\n\t\t\t\t<\/div>\n\t\t<div class=\"elementor-element elementor-element-4a562587 e-con-full e-flex e-con e-child\" data-id=\"4a562587\" data-element_type=\"container\">\n\t\t\t\t<div class=\"elementor-element elementor-element-51deb845 wd-width-100 elementor-widget elementor-widget-wd_title\" data-id=\"51deb845\" data-element_type=\"widget\" data-widget_type=\"wd_title.default\">\n\t\t\t\t<div class=\"elementor-widget-container\">\n\t\t\t\t\t\t\t<div class=\"title-wrapper set-mb-s reset-last-child wd-title-color-default wd-title-style-default wd-title-size-default text-center\">\n\n\t\t\t\t\t\t\t<div class=\"title-subtitle subtitle-color-default subtitle-style-default wd-fontsize-xs\">\n\t\t\t\t\tAn\u00e4sthesie Typ\t\t\t\t<\/div>\n\t\t\t\n\t\t\t<div class=\"liner-continer\">\n\t\t\t\t<p class=\"woodmart-title-container title wd-fontsize-l\">Allgemeine An\u00e4sthesie<\/p> \n\t\t\t\t\t\t\t<\/div>\n\n\t\t\t\t\t<\/div>\n\t\t\t\t\t\t<\/div>\n\t\t\t\t<\/div>\n\t\t\t\t<\/div>\n\t\t<div class=\"elementor-element elementor-element-4342d6d3 e-con-full e-flex e-con e-child\" data-id=\"4342d6d3\" data-element_type=\"container\">\n\t\t\t\t<div class=\"elementor-element elementor-element-6e7f9428 wd-width-100 elementor-widget elementor-widget-wd_title\" data-id=\"6e7f9428\" data-element_type=\"widget\" data-widget_type=\"wd_title.default\">\n\t\t\t\t<div class=\"elementor-widget-container\">\n\t\t\t\t\t\t\t<div class=\"title-wrapper set-mb-s reset-last-child wd-title-color-default wd-title-style-default wd-title-size-default text-center\">\n\n\t\t\t\t\t\t\t<div class=\"title-subtitle subtitle-color-default subtitle-style-default wd-fontsize-xs\">\n\t\t\t\t\tErholungszeit\t\t\t\t<\/div>\n\t\t\t\n\t\t\t<div class=\"liner-continer\">\n\t\t\t\t<p class=\"woodmart-title-container title wd-fontsize-l\">1-2 Wochen<\/p> \n\t\t\t\t\t\t\t<\/div>\n\n\t\t\t\t\t<\/div>\n\t\t\t\t\t\t<\/div>\n\t\t\t\t<\/div>\n\t\t\t\t<\/div>\n\t\t\t\t\t<\/div>\n\t\t\t\t<\/div>\n\t\t<div class=\"wd-negative-gap elementor-element elementor-element-7c05e6d e-flex e-con-boxed e-con e-parent\" data-id=\"7c05e6d\" data-element_type=\"container\">\n\t\t\t\t\t<div class=\"e-con-inner\">\n\t\t\t\t<div class=\"elementor-element elementor-element-c3c25b8 color-scheme-inherit text-left elementor-widget elementor-widget-text-editor\" data-id=\"c3c25b8\" data-element_type=\"widget\" data-widget_type=\"text-editor.default\">\n\t\t\t\t<div class=\"elementor-widget-container\">\n\t\t\t\t\t\t\t\t\t<p>Jawline ist zu einer beliebten Wahl f\u00fcr Menschen geworden, die ihre Gesichtsz\u00fcge deutlicher und \u00e4sthetischer gestalten m\u00f6chten. Insbesondere Menschen mit einer schwachen oder unklaren Kieferlinie k\u00f6nnen dank dieses \u00e4sthetischen Verfahrens ein sch\u00e4rferes und symmetrischeres Gesicht erhalten. Jawline ist ein Verfahren, das mit chirurgischen oder nicht-chirurgischen Methoden durchgef\u00fchrt werden kann und das allgemeine Gleichgewicht des Gesichts verbessert.<\/p><h2>Was ist Jawline und f\u00fcr wen ist es geeignet?<\/h2><p>Jawline ist ein chirurgischer oder nicht-chirurgischer Eingriff, der durchgef\u00fchrt wird, um die Kinnpartie zu formen und die Gesichtskonturen zu betonen. Dieses Verfahren korrigiert die fehlende Prominenz der Kieferlinie und verbessert das \u00e4sthetische Gesamtgleichgewicht des Gesichts. Die Jawline ist ideal f\u00fcr Personen, die die Symmetrie des Gesichts sicherstellen und ein st\u00e4rkeres Profil erreichen m\u00f6chten. Die Jawline-\u00c4sthetik ist besonders f\u00fcr Menschen mit einer niedrigen Kieferlinie oder eher runden Gesichtsz\u00fcgen geeignet.<\/p><h2>Erzielen Sie die gew\u00fcnschten Kieferlinien mit Jawline<\/h2><p>Die Kieferchirurgie ist eine plastische Operation, die zur Formung und Verdeutlichung der Kieferlinie durchgef\u00fchrt wird. Bei diesem Verfahren ist es m\u00f6glich, die Symmetrie der Gesichtsz\u00fcge durch Eingriffe im Kieferbereich zu erreichen. Die \u00c4sthetik der Kieferpartie tr\u00e4gt wesentlich zum Profil und zur \u00c4sthetik des Gesichts bei. Wenn die Kieferlinie geformt wird, erhalten die Gesichtsz\u00fcge der Person ein sch\u00e4rferes und j\u00fcngeres Aussehen. Sie ist eine ideale L\u00f6sung insbesondere f\u00fcr Personen mit einer eingezogenen Kinnspitze oder einem runderen Aussehen.<\/p><h2>Wie werden die Jawline-Preise und die Preisgestaltung bestimmt?<\/h2><p>Die Preise f\u00fcr Kieferkorrekturen k\u00f6nnen von verschiedenen Faktoren abh\u00e4ngen. Die Preise k\u00f6nnen variieren, je nachdem, ob es sich um einen chirurgischen oder nicht-chirurgischen Eingriff handelt, welche Techniken verwendet werden und wie die Behandlung abl\u00e4uft. Zu den Eingriffen f\u00fcr die Kiefer\u00e4sthetik geh\u00f6ren Methoden wie Auff\u00fcllungen, Fettabsaugungen und Knochenkorrekturen. Daher k\u00f6nnen die Preise je nach den Bed\u00fcrfnissen der Person und den angewandten Methoden variieren. Ein guter plastischer Chirurg analysiert die Gesichtsz\u00fcge des Patienten und bietet die am besten geeignete L\u00f6sung an, wobei der Preis entsprechend festgelegt wird.<\/p><h2>Welche Methoden werden bei der Kiefer\u00e4sthetik eingesetzt?<\/h2><p>Jawline i\u00e7in birka\u00e7 farkl\u0131 y\u00f6ntem bulunmaktad\u0131r. Bunlar, cerrahi m\u00fcdahaleler ve non-cerrahi \u00e7\u00f6z\u00fcmler olarak iki ana ba\u015fl\u0131k alt\u0131nda toplanabilir:<\/p><ol><li>Chirurgische Kieferlinien\u00e4sthetik: Die Kiefer\u00e4sthetik kann mit chirurgischen Eingriffen wie Kieferknochenkorrekturen, Kieferspitzenimplantaten oder Kieferverkleinerungen durchgef\u00fchrt werden. Diese Verfahren f\u00fchren zu dauerhafteren und auff\u00e4lligeren Ergebnissen.<\/li><li>Nicht-chirurgische Methoden: Die Kieferpartie kann auch mit nicht-chirurgischen Methoden wie Kieferfillern, Botox-Anwendungen und Fettabsaugung geformt werden. Diese Methoden erfordern in der Regel weniger Erholungszeit und f\u00fchren zu schnellen Ergebnissen.<\/li><\/ol><h2>Wie verl\u00e4uft der Genesungsprozess nach der Kieferorthop\u00e4die?<\/h2><p>Der Erholungsprozess nach einer Kieferkorrektur kann je nach Methode unterschiedlich sein. Obwohl die Erholungszeit bei chirurgischen Eingriffen l\u00e4nger sein kann, bieten nicht-chirurgische Methoden in der Regel einen schnelleren Erholungsprozess. Nach einem chirurgischen Eingriff an der Kieferlinie k\u00f6nnen die Patienten innerhalb weniger Tage wieder ihren t\u00e4glichen Aktivit\u00e4ten nachgehen, w\u00e4hrend die vollst\u00e4ndige Genesung nach chirurgischen Eingriffen in der Regel mehrere Wochen dauern kann. Ihr plastischer Chirurg wird Ihnen Empfehlungen geben, um Ihren Genesungsprozess zu beschleunigen und das Risiko von Komplikationen zu minimieren.<\/p><h2>Verbesserung der Gesichtsproportionen durch Kiefer\u00e4sthetik<\/h2><p>Die Kiefer\u00e4sthetik verbessert die Harmonie der gesamten Gesichtslinie, indem sie den unteren Teil des Gesichts proportionaler macht. Eine ausgepr\u00e4gtere Kieferlinie l\u00e4sst das Gesicht ausgeglichener und symmetrischer erscheinen. Die Harmonie aller Gesichtslinien macht einen gro\u00dfen Unterschied in Bezug auf die \u00c4sthetik. Die Kieferchirurgie bietet eine wirksame L\u00f6sung f\u00fcr alle, die ihre Gesichtsz\u00fcge st\u00e4rker betonen m\u00f6chten.<\/p><h2>Ver\u00e4nderung der Gesichtsfalten mit Kieferlinie<\/h2><p>Die Kieferkontur ver\u00e4ndert nicht nur die Kinnpartie, sondern auch die gesamte Gesichtskontur erheblich. Durch eine Kieferkonturierung wird das Kinn st\u00e4rker betont, die Gesichtsz\u00fcge werden sch\u00e4rfer und Ihr Profil erh\u00e4lt mehr Tiefe. Diese Ver\u00e4nderungen f\u00fchren oft zu einem jugendlicheren und dynamischeren Aussehen. Die Kiefer\u00e4sthetik ist eine gute Option f\u00fcr alle, die ihre Gesichtsz\u00fcge auf nat\u00fcrliche Weise betonen m\u00f6chten.<\/p><h2>Was sollte nach einer Kiefer\u00e4sthetik beachtet werden?<\/h2><p>Es gibt einige wichtige Punkte, die w\u00e4hrend des Heilungsprozesses nach einer Kiefer\u00e4sthetik zu beachten sind. Insbesondere nach chirurgischen Eingriffen kann es zu vor\u00fcbergehenden Beschwerden wie Schwellungen und Bluterg\u00fcssen kommen. Wenn Sie die Empfehlungen Ihres Arztes befolgen, k\u00f6nnen Sie den Heilungsprozess beschleunigen und ges\u00fcndere Ergebnisse erzielen. Nach nicht-chirurgischen Methoden ist die Erholungszeit in der Regel k\u00fcrzer und die R\u00fcckkehr zum normalen Leben erfolgt schneller.<\/p><h2>Wer ist ein geeigneter Kandidat f\u00fcr Jawline?<\/h2><p>F\u00fcr eine Jawline-Behandlung eignen sich Personen, die sich ein sch\u00e4rferes und symmetrischeres Aussehen ihrer Gesichtsz\u00fcge w\u00fcnschen und deren Kieferfalten nicht ausgepr\u00e4gt sind. Jawline ist im Allgemeinen f\u00fcr Personen ab 18 Jahren geeignet. Es wird jedoch empfohlen, dass Personen mit gesundheitlichen Problemen vor dem Eingriff den plastischen Chirurgen konsultieren und eine Bewertung vornehmen. Der \u00e4sthetische Chirurg bestimmt den am besten geeigneten Behandlungsplan, indem er die individuellen Bed\u00fcrfnisse jedes Patienten ber\u00fccksichtigt.<\/p>\t\t\t\t\t\t\t\t<\/div>\n\t\t\t\t<\/div>\n\t\t\t\t\t<\/div>\n\t\t\t\t<\/div>\n\t\t\t\t<\/div>","protected":false},"excerpt":{"rendered":"<p>Ortalama Kal\u0131\u015f S\u00fcresi 7 G\u00fcn Hastanede Yat\u0131\u015f S\u00fcresi 1 G\u00fcn Operasyon S\u00fcresi 2-4 Saat Anestezi T\u00fcr\u00fc Genel Anestezi \u0130yile\u015fme S\u00fcresi<\/p>","protected":false},"author":1,"featured_media":0,"parent":0,"menu_order":0,"comment_status":"closed","ping_status":"closed","template":"","meta":{"footnotes":""},"class_list":["post-27847","page","type-page","status-publish","hentry"],"_links":{"self":[{"href":"https:\/\/westestetik.com\/de\/wp-json\/wp\/v2\/pages\/27847","targetHints":{"allow":["GET"]}}],"collection":[{"href":"https:\/\/westestetik.com\/de\/wp-json\/wp\/v2\/pages"}],"about":[{"href":"https:\/\/westestetik.com\/de\/wp-json\/wp\/v2\/types\/page"}],"author":[{"embeddable":true,"href":"https:\/\/westestetik.com\/de\/wp-json\/wp\/v2\/users\/1"}],"replies":[{"embeddable":true,"href":"https:\/\/westestetik.com\/de\/wp-json\/wp\/v2\/comments?post=27847"}],"version-history":[{"count":13,"href":"https:\/\/westestetik.com\/de\/wp-json\/wp\/v2\/pages\/27847\/revisions"}],"predecessor-version":[{"id":30816,"href":"https:\/\/westestetik.com\/de\/wp-json\/wp\/v2\/pages\/27847\/revisions\/30816"}],"wp:attachment":[{"href":"https:\/\/westestetik.com\/de\/wp-json\/wp\/v2\/media?parent=27847"}],"curies":[{"name":"wp","href":"https:\/\/api.w.org\/{rel}","templated":true}]}}