{"id":27845,"date":"2024-12-02T23:24:33","date_gmt":"2024-12-02T23:24:33","guid":{"rendered":"https:\/\/westestetik.com\/?page_id=27845"},"modified":"2024-12-25T13:47:05","modified_gmt":"2024-12-25T13:47:05","slug":"lichtfullung-unter-den-augen","status":"publish","type":"page","link":"https:\/\/westestetik.com\/de\/lichtfullung-unter-den-augen\/","title":{"rendered":"Lichtf\u00fcllung unter den Augen"},"content":{"rendered":"<div data-elementor-type=\"wp-page\" data-elementor-id=\"27845\" class=\"elementor elementor-27845\" data-elementor-post-type=\"page\">\n\t\t\t\t<div class=\"elementor-element elementor-element-22c0030a e-con-full e-flex e-con e-parent\" data-id=\"22c0030a\" data-element_type=\"container\">\n\t\t<div class=\"elementor-element elementor-element-56364424 e-con-full e-flex e-con e-child\" data-id=\"56364424\" data-element_type=\"container\">\n\t\t\t\t<div class=\"elementor-element elementor-element-4b3bfab3 elementor-widget elementor-widget-image\" data-id=\"4b3bfab3\" data-element_type=\"widget\" data-widget_type=\"image.default\">\n\t\t\t\t<div class=\"elementor-widget-container\">\n\t\t\t\t\t\t\t\t\t\t\t\t\t\t\t<img decoding=\"async\" width=\"100\" height=\"100\" src=\"https:\/\/westestetik.com\/wp-content\/uploads\/2024\/12\/1-4.png\" class=\"attachment-large size-large wp-image-28814\" alt=\"\" srcset=\"https:\/\/westestetik.com\/wp-content\/uploads\/2024\/12\/1-4.png 100w, https:\/\/westestetik.com\/wp-content\/uploads\/2024\/12\/1-4-12x12.png 12w\" sizes=\"(max-width: 100px) 100vw, 100px\" \/>\t\t\t\t\t\t\t\t\t\t\t\t\t\t\t<\/div>\n\t\t\t\t<\/div>\n\t\t\t\t<\/div>\n\t\t<div class=\"elementor-element elementor-element-1ec33b2b e-con-full e-flex e-con e-child\" data-id=\"1ec33b2b\" data-element_type=\"container\">\n\t\t\t\t<div class=\"elementor-element elementor-element-45538b8d elementor-widget elementor-widget-image\" data-id=\"45538b8d\" data-element_type=\"widget\" data-widget_type=\"image.default\">\n\t\t\t\t<div class=\"elementor-widget-container\">\n\t\t\t\t\t\t\t\t\t\t\t\t\t\t\t<img decoding=\"async\" width=\"100\" height=\"100\" src=\"https:\/\/westestetik.com\/wp-content\/uploads\/2024\/12\/2-5.png\" class=\"attachment-large size-large wp-image-28815\" alt=\"\" srcset=\"https:\/\/westestetik.com\/wp-content\/uploads\/2024\/12\/2-5.png 100w, https:\/\/westestetik.com\/wp-content\/uploads\/2024\/12\/2-5-12x12.png 12w\" sizes=\"(max-width: 100px) 100vw, 100px\" \/>\t\t\t\t\t\t\t\t\t\t\t\t\t\t\t<\/div>\n\t\t\t\t<\/div>\n\t\t\t\t<\/div>\n\t\t<div class=\"elementor-element elementor-element-735a0e96 e-con-full e-flex e-con e-child\" data-id=\"735a0e96\" data-element_type=\"container\">\n\t\t\t\t<div class=\"elementor-element elementor-element-620a5f62 elementor-widget elementor-widget-image\" data-id=\"620a5f62\" data-element_type=\"widget\" data-widget_type=\"image.default\">\n\t\t\t\t<div class=\"elementor-widget-container\">\n\t\t\t\t\t\t\t\t\t\t\t\t\t\t\t<img decoding=\"async\" width=\"100\" height=\"100\" src=\"https:\/\/westestetik.com\/wp-content\/uploads\/2024\/12\/3-1.png\" class=\"attachment-large size-large wp-image-28816\" alt=\"\" srcset=\"https:\/\/westestetik.com\/wp-content\/uploads\/2024\/12\/3-1.png 100w, https:\/\/westestetik.com\/wp-content\/uploads\/2024\/12\/3-1-12x12.png 12w\" sizes=\"(max-width: 100px) 100vw, 100px\" \/>\t\t\t\t\t\t\t\t\t\t\t\t\t\t\t<\/div>\n\t\t\t\t<\/div>\n\t\t\t\t<\/div>\n\t\t<div class=\"elementor-element elementor-element-504106a6 e-con-full e-flex e-con e-child\" data-id=\"504106a6\" data-element_type=\"container\">\n\t\t\t\t<div class=\"elementor-element elementor-element-789fa16c elementor-widget elementor-widget-image\" data-id=\"789fa16c\" data-element_type=\"widget\" data-widget_type=\"image.default\">\n\t\t\t\t<div class=\"elementor-widget-container\">\n\t\t\t\t\t\t\t\t\t\t\t\t\t\t\t<img loading=\"lazy\" decoding=\"async\" width=\"100\" height=\"100\" src=\"https:\/\/westestetik.com\/wp-content\/uploads\/2024\/12\/4-1.png\" class=\"attachment-large size-large wp-image-28817\" alt=\"\" srcset=\"https:\/\/westestetik.com\/wp-content\/uploads\/2024\/12\/4-1.png 100w, https:\/\/westestetik.com\/wp-content\/uploads\/2024\/12\/4-1-12x12.png 12w\" sizes=\"(max-width: 100px) 100vw, 100px\" \/>\t\t\t\t\t\t\t\t\t\t\t\t\t\t\t<\/div>\n\t\t\t\t<\/div>\n\t\t\t\t<\/div>\n\t\t<div class=\"elementor-element elementor-element-66ae2866 e-con-full e-flex e-con e-child\" data-id=\"66ae2866\" data-element_type=\"container\">\n\t\t\t\t<div class=\"elementor-element elementor-element-5085cac7 elementor-widget elementor-widget-image\" data-id=\"5085cac7\" data-element_type=\"widget\" data-widget_type=\"image.default\">\n\t\t\t\t<div class=\"elementor-widget-container\">\n\t\t\t\t\t\t\t\t\t\t\t\t\t\t\t<img loading=\"lazy\" decoding=\"async\" width=\"100\" height=\"100\" src=\"https:\/\/westestetik.com\/wp-content\/uploads\/2024\/12\/5-1.png\" class=\"attachment-large size-large wp-image-28818\" alt=\"\" srcset=\"https:\/\/westestetik.com\/wp-content\/uploads\/2024\/12\/5-1.png 100w, https:\/\/westestetik.com\/wp-content\/uploads\/2024\/12\/5-1-12x12.png 12w\" sizes=\"(max-width: 100px) 100vw, 100px\" \/>\t\t\t\t\t\t\t\t\t\t\t\t\t\t\t<\/div>\n\t\t\t\t<\/div>\n\t\t\t\t<\/div>\n\t\t\t\t<\/div>\n\t\t<div class=\"wd-negative-gap elementor-element elementor-element-15c182e1 e-flex e-con-boxed e-con e-parent\" data-id=\"15c182e1\" data-element_type=\"container\">\n\t\t\t\t\t<div class=\"e-con-inner\">\n\t\t<div class=\"elementor-element elementor-element-3e41afc e-con-full e-flex e-con e-child\" data-id=\"3e41afc\" data-element_type=\"container\">\n\t\t\t\t<div class=\"elementor-element elementor-element-23576258 wd-width-100 elementor-widget elementor-widget-wd_title\" data-id=\"23576258\" data-element_type=\"widget\" data-widget_type=\"wd_title.default\">\n\t\t\t\t<div class=\"elementor-widget-container\">\n\t\t\t\t\t\t\t<div class=\"title-wrapper set-mb-s reset-last-child wd-title-color-default wd-title-style-default wd-title-size-default text-center\">\n\n\t\t\t\t\t\t\t<div class=\"title-subtitle subtitle-color-default subtitle-style-default wd-fontsize-xs\">\n\t\t\t\t\tDurchschnittliche Dauer des Aufenthalts\t\t\t\t<\/div>\n\t\t\t\n\t\t\t<div class=\"liner-continer\">\n\t\t\t\t<p class=\"woodmart-title-container title wd-fontsize-l\">7 Tage<\/p> \n\t\t\t\t\t\t\t<\/div>\n\n\t\t\t\t\t<\/div>\n\t\t\t\t\t\t<\/div>\n\t\t\t\t<\/div>\n\t\t\t\t<\/div>\n\t\t<div class=\"elementor-element elementor-element-5d46c7bd e-con-full e-flex e-con e-child\" data-id=\"5d46c7bd\" data-element_type=\"container\">\n\t\t\t\t<div class=\"elementor-element elementor-element-56feb621 wd-width-100 elementor-widget elementor-widget-wd_title\" data-id=\"56feb621\" data-element_type=\"widget\" data-widget_type=\"wd_title.default\">\n\t\t\t\t<div class=\"elementor-widget-container\">\n\t\t\t\t\t\t\t<div class=\"title-wrapper set-mb-s reset-last-child wd-title-color-default wd-title-style-default wd-title-size-default text-center\">\n\n\t\t\t\t\t\t\t<div class=\"title-subtitle subtitle-color-default subtitle-style-default wd-fontsize-xs\">\n\t\t\t\t\tDauer des Krankenhausaufenthalts\t\t\t\t<\/div>\n\t\t\t\n\t\t\t<div class=\"liner-continer\">\n\t\t\t\t<p class=\"woodmart-title-container title wd-fontsize-l\">1 Tag<\/p> \n\t\t\t\t\t\t\t<\/div>\n\n\t\t\t\t\t<\/div>\n\t\t\t\t\t\t<\/div>\n\t\t\t\t<\/div>\n\t\t\t\t<\/div>\n\t\t<div class=\"elementor-element elementor-element-5fd8ffeb e-con-full e-flex e-con e-child\" data-id=\"5fd8ffeb\" data-element_type=\"container\">\n\t\t\t\t<div class=\"elementor-element elementor-element-247f6243 wd-width-100 elementor-widget elementor-widget-wd_title\" data-id=\"247f6243\" data-element_type=\"widget\" data-widget_type=\"wd_title.default\">\n\t\t\t\t<div class=\"elementor-widget-container\">\n\t\t\t\t\t\t\t<div class=\"title-wrapper set-mb-s reset-last-child wd-title-color-default wd-title-style-default wd-title-size-default text-center\">\n\n\t\t\t\t\t\t\t<div class=\"title-subtitle subtitle-color-default subtitle-style-default wd-fontsize-xs\">\n\t\t\t\t\tOperation Dauer\t\t\t\t<\/div>\n\t\t\t\n\t\t\t<div class=\"liner-continer\">\n\t\t\t\t<p class=\"woodmart-title-container title wd-fontsize-l\">2-4 Stunden<\/p> \n\t\t\t\t\t\t\t<\/div>\n\n\t\t\t\t\t<\/div>\n\t\t\t\t\t\t<\/div>\n\t\t\t\t<\/div>\n\t\t\t\t<\/div>\n\t\t<div class=\"elementor-element elementor-element-6e6e7ae6 e-con-full e-flex e-con e-child\" data-id=\"6e6e7ae6\" data-element_type=\"container\">\n\t\t\t\t<div class=\"elementor-element elementor-element-5c791ae5 wd-width-100 elementor-widget elementor-widget-wd_title\" data-id=\"5c791ae5\" data-element_type=\"widget\" data-widget_type=\"wd_title.default\">\n\t\t\t\t<div class=\"elementor-widget-container\">\n\t\t\t\t\t\t\t<div class=\"title-wrapper set-mb-s reset-last-child wd-title-color-default wd-title-style-default wd-title-size-default text-center\">\n\n\t\t\t\t\t\t\t<div class=\"title-subtitle subtitle-color-default subtitle-style-default wd-fontsize-xs\">\n\t\t\t\t\tAn\u00e4sthesie Typ\t\t\t\t<\/div>\n\t\t\t\n\t\t\t<div class=\"liner-continer\">\n\t\t\t\t<p class=\"woodmart-title-container title wd-fontsize-l\">Allgemeine An\u00e4sthesie<\/p> \n\t\t\t\t\t\t\t<\/div>\n\n\t\t\t\t\t<\/div>\n\t\t\t\t\t\t<\/div>\n\t\t\t\t<\/div>\n\t\t\t\t<\/div>\n\t\t<div class=\"elementor-element elementor-element-2ed57cbc e-con-full e-flex e-con e-child\" data-id=\"2ed57cbc\" data-element_type=\"container\">\n\t\t\t\t<div class=\"elementor-element elementor-element-426543de wd-width-100 elementor-widget elementor-widget-wd_title\" data-id=\"426543de\" data-element_type=\"widget\" data-widget_type=\"wd_title.default\">\n\t\t\t\t<div class=\"elementor-widget-container\">\n\t\t\t\t\t\t\t<div class=\"title-wrapper set-mb-s reset-last-child wd-title-color-default wd-title-style-default wd-title-size-default text-center\">\n\n\t\t\t\t\t\t\t<div class=\"title-subtitle subtitle-color-default subtitle-style-default wd-fontsize-xs\">\n\t\t\t\t\tErholungszeit\t\t\t\t<\/div>\n\t\t\t\n\t\t\t<div class=\"liner-continer\">\n\t\t\t\t<p class=\"woodmart-title-container title wd-fontsize-l\">1-2 Wochen<\/p> \n\t\t\t\t\t\t\t<\/div>\n\n\t\t\t\t\t<\/div>\n\t\t\t\t\t\t<\/div>\n\t\t\t\t<\/div>\n\t\t\t\t<\/div>\n\t\t\t\t\t<\/div>\n\t\t\t\t<\/div>\n\t\t<div class=\"wd-negative-gap elementor-element elementor-element-e94d3d1 e-flex e-con-boxed e-con e-parent\" data-id=\"e94d3d1\" data-element_type=\"container\">\n\t\t\t\t\t<div class=\"e-con-inner\">\n\t\t\t\t<div class=\"elementor-element elementor-element-b6776e8 color-scheme-inherit text-left elementor-widget elementor-widget-text-editor\" data-id=\"b6776e8\" data-element_type=\"widget\" data-widget_type=\"text-editor.default\">\n\t\t\t\t<div class=\"elementor-widget-container\">\n\t\t\t\t\t\t\t\t\t<p><span style=\"font-weight: 400;\">Die Lichtauff\u00fcllung unter den Augen ist eine wirksame L\u00f6sung, die in den letzten Jahren in der \u00e4sthetischen Welt popul\u00e4r geworden ist. Sie spielt eine wichtige Rolle bei der Beseitigung von blauen Flecken und Depressionen unter den Augen, die durch M\u00fcdigkeit, Schlaflosigkeit, genetische Faktoren oder Alterung verursacht werden. Dieses Verfahren, das mit F\u00fcllstoffen wie Hyalurons\u00e4ure durchgef\u00fchrt wird, spendet der Haut Feuchtigkeit und hellt sie auf, w\u00e4hrend es den Volumenverlust in der Augenpartie ausgleicht.<\/span><\/p><h2><span style=\"font-weight: 400;\">Was ist Under Eye Light Filling?<\/span><\/h2><p><span style=\"font-weight: 400;\">Die Aufhellung der Augenpartie ist ein \u00e4sthetischer Eingriff zur Beseitigung von Augenringen, blauen Flecken und m\u00fcdem Aussehen unter den Augen. Bei diesem Verfahren werden F\u00fcllstoffe wie Hyalurons\u00e4ure unter die Augen injiziert. Durch die Befeuchtung der Haut wird der Volumenverlust unter den Augen kompensiert, wodurch ein frischeres und j\u00fcngeres Aussehen erreicht wird.<\/span><\/p><h2><span style=\"font-weight: 400;\">Bei wem kann Under Eye Light Filling angewendet werden?<\/span><\/h2><p><span style=\"font-weight: 400;\">Die Lichtauff\u00fcllung unter den Augen eignet sich f\u00fcr alle, die unter blauen Flecken, feinen Linien oder Volumenverlust in der Augenpartie leiden. Es kann auch bei Menschen angewendet werden, die aufgrund genetischer Veranlagung Augenringe haben. Die besten Ergebnisse liefert dieses Verfahren jedoch bei Personen, die gesundheitlich unbedenklich sind und \u00e4sthetische Bedenken haben.<\/span><\/p><h2><span style=\"font-weight: 400;\">Wie wird das Under Eye Light Filling durchgef\u00fchrt?<\/span><\/h2><p><span style=\"font-weight: 400;\">Die Aufhellung der Augenpartie sollte von einem Facharzt durchgef\u00fchrt werden. Vor dem Eingriff wird der Bereich mit einer an\u00e4sthesierenden Creme bet\u00e4ubt. Dann wird der hyalurons\u00e4urehaltige F\u00fcllstoff mit feinen Nadeln in die Augenpartie injiziert. Dieser Eingriff dauert in der Regel 20-30 Minuten. Es bleiben keine Schnitte oder Narben zur\u00fcck, aber es kann zu leichten Bluterg\u00fcssen oder Schwellungen kommen.<\/span><\/p><h2><span style=\"font-weight: 400;\">Was sind die Vorteile von Under Eye Light Filling?<\/span><\/h2><p><span style=\"font-weight: 400;\">Die Aufhellung der Augenpartie bietet viele Vorteile. Erstens hellt es die dunklen Augenringe auf und beseitigt das m\u00fcde Aussehen. Au\u00dferdem wird die Feuchtigkeitsbalance der Haut wiederhergestellt, was zu einem lebendigeren und glatteren Aussehen f\u00fchrt. Auch Vertiefungen, die durch Volumenverlust entstanden sind, werden aufgef\u00fcllt, so dass die Gesichtsz\u00fcge j\u00fcnger und kr\u00e4ftiger wirken.<\/span><\/p><h2><span style=\"font-weight: 400;\">Wie lange dauert die Anwendung von Under Eye Light Filler?<\/span><\/h2><p><span style=\"font-weight: 400;\">Die Anwendung der Lichtauff\u00fcllung unter den Augen dauert in der Regel zwischen 20 und 30 Minuten. Dieses schnelle Verfahren verhindert nicht die R\u00fcckkehr zum Alltag und Sie k\u00f6nnen Ihr normales Leben noch am selben Tag fortsetzen. Die Wirkung ist sofort zu sehen, aber das volle Ergebnis wird erst nach einigen Tagen deutlich.<\/span><\/p><h2><span style=\"font-weight: 400;\">Genesungsprozess nach einer Unteraugenaufhellung<\/span><\/h2><p><span style=\"font-weight: 400;\">Der Heilungsprozess nach einer Lichtauff\u00fcllung unter den Augen ist recht kurz. Die meisten Menschen versp\u00fcren nach dem Eingriff weder Schmerzen noch Schwellungen. Es k\u00f6nnen leichte Bluterg\u00fcsse oder Schwellungen auftreten, die jedoch innerhalb weniger Tage abklingen. Wenn Sie nach dem Eingriff eine kalte Kompresse auf die Stelle legen, kann der Heilungsprozess beschleunigt werden.<\/span><\/p><h2><span style=\"font-weight: 400;\">Under Eye Light Filling Preise\u00a0<\/span><\/h2><p><span style=\"font-weight: 400;\">Die Preise f\u00fcr eine Unteraugenaufhellung k\u00f6nnen je nach Klinik, in der die Anwendung durchgef\u00fchrt wird, dem verwendeten Filler und dem Grad der Fachkenntnis variieren. Die Preise k\u00f6nnen jedoch je nach der Qualit\u00e4t des Verfahrens und den Eigenschaften der verwendeten Materialien variieren.<\/span><\/p><h2><span style=\"font-weight: 400;\">Ist es m\u00f6glich, Ihren m\u00fcden Blick mit Under Eye Light Filling zu entfernen?<\/span><\/h2><p><span style=\"font-weight: 400;\">Ja, die Lichtauff\u00fcllung unter den Augen bietet eine hochwirksame L\u00f6sung, vor allem bei m\u00fcdem Aussehen und dunklen Augenringen. Unebenheiten und Vertiefungen in der Augenpartie lassen sich mit Light Filling schnell beheben. Das Ergebnis ist ein lebendigeres und frischeres Aussehen.<\/span><\/p><h2><span style=\"font-weight: 400;\">Wie behandelt man Schwellungen und dunkle Augenringe mit Under Eye Light Filling?<\/span><\/h2><p><span style=\"font-weight: 400;\">Schwellungen und dunkle Ringe unter den Augen sind meist auf Schlafmangel, Stress oder genetische Faktoren zur\u00fcckzuf\u00fchren. Die Lichtauff\u00fcllung unter den Augen ist eine wirksame Methode zur Behandlung dieser Probleme. Der F\u00fcller reduziert Schwellungen und dunkle Ringe in diesem Bereich, indem er die Venen unter den Augen und Verf\u00e4rbungen unter der Haut beleuchtet.<\/span><\/p><h2><span style=\"font-weight: 400;\">Risiken und Nebenwirkungen der Anwendung von Lichtauff\u00fcllungen unter den Augen<\/span><\/h2><p><span style=\"font-weight: 400;\">Obwohl das Auff\u00fcllen mit Licht unter den Augen im Allgemeinen ein sicheres Verfahren ist, kann es, wie jede \u00e4sthetische Anwendung, gewisse Risiken und Nebenwirkungen haben. In seltenen F\u00e4llen kann es zu Schwellungen, Bluterg\u00fcssen oder Infektionen kommen. Daher ist es von gro\u00dfer Bedeutung, dass der Eingriff von einem spezialisierten Arzt durchgef\u00fchrt wird. Die Beachtung der nach dem Eingriff gegebenen Pflegeanweisungen minimiert m\u00f6gliche Nebenwirkungen.<\/span><\/p><h2><span style=\"font-weight: 400;\">Was ist nach dem Auff\u00fcllen der Augenh\u00f6hlen zu beachten?<\/span><\/h2><p><span style=\"font-weight: 400;\">Nach dem Eingriff gibt es einige wichtige Punkte zu beachten. In den ersten 24 Stunden sollten Sie die Augenpartie nicht ber\u00fchren. Au\u00dferdem sollten Sie \u00fcberm\u00e4\u00dfig hei\u00dfes Wasser oder Dampfanwendungen vermeiden und darauf achten, dass Sie sich nicht der direkten Sonne aussetzen. Dies wird dazu beitragen, dass Schwellungen und Bluterg\u00fcsse schneller abklingen.<\/span><\/p><h2><span style=\"font-weight: 400;\">Wie wird Under Eye Light Filling in verschiedenen Altersgruppen angewendet?<\/span><\/h2><p><span style=\"font-weight: 400;\">Die Aufhellung der Augenpartie ist im Allgemeinen f\u00fcr Personen ab 25 Jahren geeignet. Mit zunehmendem Alter kann die Auff\u00fcllung des Bereichs unter den Augen jedoch mehr erfordern. \u00c4sthetische Bedenken treten in der Regel in jungen Jahren in den Vordergrund, w\u00e4hrend mit zunehmendem Alter die Zeichen der Hautalterung deutlicher hervortreten. Daher kann das Verfahren entsprechend den unterschiedlichen Erwartungen in jeder Altersgruppe durchgef\u00fchrt werden.<\/span><\/p><p>\u00a0<\/p>\t\t\t\t\t\t\t\t<\/div>\n\t\t\t\t<\/div>\n\t\t\t\t\t<\/div>\n\t\t\t\t<\/div>\n\t\t\t\t<\/div>","protected":false},"excerpt":{"rendered":"<p>Ortalama Kal\u0131\u015f S\u00fcresi 7 G\u00fcn Hastanede Yat\u0131\u015f S\u00fcresi 1 G\u00fcn Operasyon S\u00fcresi 2-4 Saat Anestezi T\u00fcr\u00fc Genel Anestezi \u0130yile\u015fme S\u00fcresi<\/p>","protected":false},"author":1,"featured_media":0,"parent":0,"menu_order":0,"comment_status":"closed","ping_status":"closed","template":"","meta":{"footnotes":""},"class_list":["post-27845","page","type-page","status-publish","hentry"],"_links":{"self":[{"href":"https:\/\/westestetik.com\/de\/wp-json\/wp\/v2\/pages\/27845","targetHints":{"allow":["GET"]}}],"collection":[{"href":"https:\/\/westestetik.com\/de\/wp-json\/wp\/v2\/pages"}],"about":[{"href":"https:\/\/westestetik.com\/de\/wp-json\/wp\/v2\/types\/page"}],"author":[{"embeddable":true,"href":"https:\/\/westestetik.com\/de\/wp-json\/wp\/v2\/users\/1"}],"replies":[{"embeddable":true,"href":"https:\/\/westestetik.com\/de\/wp-json\/wp\/v2\/comments?post=27845"}],"version-history":[{"count":7,"href":"https:\/\/westestetik.com\/de\/wp-json\/wp\/v2\/pages\/27845\/revisions"}],"predecessor-version":[{"id":28918,"href":"https:\/\/westestetik.com\/de\/wp-json\/wp\/v2\/pages\/27845\/revisions\/28918"}],"wp:attachment":[{"href":"https:\/\/westestetik.com\/de\/wp-json\/wp\/v2\/media?parent=27845"}],"curies":[{"name":"wp","href":"https:\/\/api.w.org\/{rel}","templated":true}]}}