{"id":27840,"date":"2024-12-02T23:23:44","date_gmt":"2024-12-02T23:23:44","guid":{"rendered":"https:\/\/westestetik.com\/?page_id=27840"},"modified":"2024-12-25T13:45:15","modified_gmt":"2024-12-25T13:45:15","slug":"lippenauffueller","status":"publish","type":"page","link":"https:\/\/westestetik.com\/de\/lippenauffueller\/","title":{"rendered":"Lippenauff\u00fcller"},"content":{"rendered":"<div data-elementor-type=\"wp-page\" data-elementor-id=\"27840\" class=\"elementor elementor-27840\" data-elementor-post-type=\"page\">\n\t\t\t\t<div class=\"elementor-element elementor-element-4543f376 e-con-full e-flex e-con e-parent\" data-id=\"4543f376\" data-element_type=\"container\">\n\t\t<div class=\"elementor-element elementor-element-343d0cd4 e-con-full e-flex e-con e-child\" data-id=\"343d0cd4\" data-element_type=\"container\">\n\t\t\t\t<div class=\"elementor-element elementor-element-18be3e06 elementor-widget elementor-widget-image\" data-id=\"18be3e06\" data-element_type=\"widget\" data-widget_type=\"image.default\">\n\t\t\t\t<div class=\"elementor-widget-container\">\n\t\t\t\t\t\t\t\t\t\t\t\t\t\t\t<img decoding=\"async\" width=\"100\" height=\"100\" src=\"https:\/\/westestetik.com\/wp-content\/uploads\/2024\/12\/1-4.png\" class=\"attachment-large size-large wp-image-28814\" alt=\"\" srcset=\"https:\/\/westestetik.com\/wp-content\/uploads\/2024\/12\/1-4.png 100w, https:\/\/westestetik.com\/wp-content\/uploads\/2024\/12\/1-4-12x12.png 12w\" sizes=\"(max-width: 100px) 100vw, 100px\" \/>\t\t\t\t\t\t\t\t\t\t\t\t\t\t\t<\/div>\n\t\t\t\t<\/div>\n\t\t\t\t<\/div>\n\t\t<div class=\"elementor-element elementor-element-46c19d30 e-con-full e-flex e-con e-child\" data-id=\"46c19d30\" data-element_type=\"container\">\n\t\t\t\t<div class=\"elementor-element elementor-element-5f187858 elementor-widget elementor-widget-image\" data-id=\"5f187858\" data-element_type=\"widget\" data-widget_type=\"image.default\">\n\t\t\t\t<div class=\"elementor-widget-container\">\n\t\t\t\t\t\t\t\t\t\t\t\t\t\t\t<img decoding=\"async\" width=\"100\" height=\"100\" src=\"https:\/\/westestetik.com\/wp-content\/uploads\/2024\/12\/2-5.png\" class=\"attachment-large size-large wp-image-28815\" alt=\"\" srcset=\"https:\/\/westestetik.com\/wp-content\/uploads\/2024\/12\/2-5.png 100w, https:\/\/westestetik.com\/wp-content\/uploads\/2024\/12\/2-5-12x12.png 12w\" sizes=\"(max-width: 100px) 100vw, 100px\" \/>\t\t\t\t\t\t\t\t\t\t\t\t\t\t\t<\/div>\n\t\t\t\t<\/div>\n\t\t\t\t<\/div>\n\t\t<div class=\"elementor-element elementor-element-9cb173e e-con-full e-flex e-con e-child\" data-id=\"9cb173e\" data-element_type=\"container\">\n\t\t\t\t<div class=\"elementor-element elementor-element-3c327db4 elementor-widget elementor-widget-image\" data-id=\"3c327db4\" data-element_type=\"widget\" data-widget_type=\"image.default\">\n\t\t\t\t<div class=\"elementor-widget-container\">\n\t\t\t\t\t\t\t\t\t\t\t\t\t\t\t<img decoding=\"async\" width=\"100\" height=\"100\" src=\"https:\/\/westestetik.com\/wp-content\/uploads\/2024\/12\/3-1.png\" class=\"attachment-large size-large wp-image-28816\" alt=\"\" srcset=\"https:\/\/westestetik.com\/wp-content\/uploads\/2024\/12\/3-1.png 100w, https:\/\/westestetik.com\/wp-content\/uploads\/2024\/12\/3-1-12x12.png 12w\" sizes=\"(max-width: 100px) 100vw, 100px\" \/>\t\t\t\t\t\t\t\t\t\t\t\t\t\t\t<\/div>\n\t\t\t\t<\/div>\n\t\t\t\t<\/div>\n\t\t<div class=\"elementor-element elementor-element-bb7ff41 e-con-full e-flex e-con e-child\" data-id=\"bb7ff41\" data-element_type=\"container\">\n\t\t\t\t<div class=\"elementor-element elementor-element-60505f83 elementor-widget elementor-widget-image\" data-id=\"60505f83\" data-element_type=\"widget\" data-widget_type=\"image.default\">\n\t\t\t\t<div class=\"elementor-widget-container\">\n\t\t\t\t\t\t\t\t\t\t\t\t\t\t\t<img loading=\"lazy\" decoding=\"async\" width=\"100\" height=\"100\" src=\"https:\/\/westestetik.com\/wp-content\/uploads\/2024\/12\/4-1.png\" class=\"attachment-large size-large wp-image-28817\" alt=\"\" srcset=\"https:\/\/westestetik.com\/wp-content\/uploads\/2024\/12\/4-1.png 100w, https:\/\/westestetik.com\/wp-content\/uploads\/2024\/12\/4-1-12x12.png 12w\" sizes=\"(max-width: 100px) 100vw, 100px\" \/>\t\t\t\t\t\t\t\t\t\t\t\t\t\t\t<\/div>\n\t\t\t\t<\/div>\n\t\t\t\t<\/div>\n\t\t<div class=\"elementor-element elementor-element-3805de2a e-con-full e-flex e-con e-child\" data-id=\"3805de2a\" data-element_type=\"container\">\n\t\t\t\t<div class=\"elementor-element elementor-element-7996254 elementor-widget elementor-widget-image\" data-id=\"7996254\" data-element_type=\"widget\" data-widget_type=\"image.default\">\n\t\t\t\t<div class=\"elementor-widget-container\">\n\t\t\t\t\t\t\t\t\t\t\t\t\t\t\t<img loading=\"lazy\" decoding=\"async\" width=\"100\" height=\"100\" src=\"https:\/\/westestetik.com\/wp-content\/uploads\/2024\/12\/5-1.png\" class=\"attachment-large size-large wp-image-28818\" alt=\"\" srcset=\"https:\/\/westestetik.com\/wp-content\/uploads\/2024\/12\/5-1.png 100w, https:\/\/westestetik.com\/wp-content\/uploads\/2024\/12\/5-1-12x12.png 12w\" sizes=\"(max-width: 100px) 100vw, 100px\" \/>\t\t\t\t\t\t\t\t\t\t\t\t\t\t\t<\/div>\n\t\t\t\t<\/div>\n\t\t\t\t<\/div>\n\t\t\t\t<\/div>\n\t\t<div class=\"wd-negative-gap elementor-element elementor-element-465fb2ea e-flex e-con-boxed e-con e-parent\" data-id=\"465fb2ea\" data-element_type=\"container\">\n\t\t\t\t\t<div class=\"e-con-inner\">\n\t\t<div class=\"elementor-element elementor-element-7923794a e-con-full e-flex e-con e-child\" data-id=\"7923794a\" data-element_type=\"container\">\n\t\t\t\t<div class=\"elementor-element elementor-element-4529ce67 wd-width-100 elementor-widget elementor-widget-wd_title\" data-id=\"4529ce67\" data-element_type=\"widget\" data-widget_type=\"wd_title.default\">\n\t\t\t\t<div class=\"elementor-widget-container\">\n\t\t\t\t\t\t\t<div class=\"title-wrapper set-mb-s reset-last-child wd-title-color-default wd-title-style-default wd-title-size-default text-center\">\n\n\t\t\t\t\t\t\t<div class=\"title-subtitle subtitle-color-default subtitle-style-default wd-fontsize-xs\">\n\t\t\t\t\tDurchschnittliche Dauer des Aufenthalts\t\t\t\t<\/div>\n\t\t\t\n\t\t\t<div class=\"liner-continer\">\n\t\t\t\t<p class=\"woodmart-title-container title wd-fontsize-l\">7 Tage<\/p> \n\t\t\t\t\t\t\t<\/div>\n\n\t\t\t\t\t<\/div>\n\t\t\t\t\t\t<\/div>\n\t\t\t\t<\/div>\n\t\t\t\t<\/div>\n\t\t<div class=\"elementor-element elementor-element-8c0740f e-con-full e-flex e-con e-child\" data-id=\"8c0740f\" data-element_type=\"container\">\n\t\t\t\t<div class=\"elementor-element elementor-element-af5b86e wd-width-100 elementor-widget elementor-widget-wd_title\" data-id=\"af5b86e\" data-element_type=\"widget\" data-widget_type=\"wd_title.default\">\n\t\t\t\t<div class=\"elementor-widget-container\">\n\t\t\t\t\t\t\t<div class=\"title-wrapper set-mb-s reset-last-child wd-title-color-default wd-title-style-default wd-title-size-default text-center\">\n\n\t\t\t\t\t\t\t<div class=\"title-subtitle subtitle-color-default subtitle-style-default wd-fontsize-xs\">\n\t\t\t\t\tDauer des Krankenhausaufenthalts\t\t\t\t<\/div>\n\t\t\t\n\t\t\t<div class=\"liner-continer\">\n\t\t\t\t<p class=\"woodmart-title-container title wd-fontsize-l\">1 Tag<\/p> \n\t\t\t\t\t\t\t<\/div>\n\n\t\t\t\t\t<\/div>\n\t\t\t\t\t\t<\/div>\n\t\t\t\t<\/div>\n\t\t\t\t<\/div>\n\t\t<div class=\"elementor-element elementor-element-4f1a4c56 e-con-full e-flex e-con e-child\" data-id=\"4f1a4c56\" data-element_type=\"container\">\n\t\t\t\t<div class=\"elementor-element elementor-element-75a62c04 wd-width-100 elementor-widget elementor-widget-wd_title\" data-id=\"75a62c04\" data-element_type=\"widget\" data-widget_type=\"wd_title.default\">\n\t\t\t\t<div class=\"elementor-widget-container\">\n\t\t\t\t\t\t\t<div class=\"title-wrapper set-mb-s reset-last-child wd-title-color-default wd-title-style-default wd-title-size-default text-center\">\n\n\t\t\t\t\t\t\t<div class=\"title-subtitle subtitle-color-default subtitle-style-default wd-fontsize-xs\">\n\t\t\t\t\tOperation Dauer\t\t\t\t<\/div>\n\t\t\t\n\t\t\t<div class=\"liner-continer\">\n\t\t\t\t<p class=\"woodmart-title-container title wd-fontsize-l\">2-4 Stunden<\/p> \n\t\t\t\t\t\t\t<\/div>\n\n\t\t\t\t\t<\/div>\n\t\t\t\t\t\t<\/div>\n\t\t\t\t<\/div>\n\t\t\t\t<\/div>\n\t\t<div class=\"elementor-element elementor-element-3e4d1fec e-con-full e-flex e-con e-child\" data-id=\"3e4d1fec\" data-element_type=\"container\">\n\t\t\t\t<div class=\"elementor-element elementor-element-13f5d97b wd-width-100 elementor-widget elementor-widget-wd_title\" data-id=\"13f5d97b\" data-element_type=\"widget\" data-widget_type=\"wd_title.default\">\n\t\t\t\t<div class=\"elementor-widget-container\">\n\t\t\t\t\t\t\t<div class=\"title-wrapper set-mb-s reset-last-child wd-title-color-default wd-title-style-default wd-title-size-default text-center\">\n\n\t\t\t\t\t\t\t<div class=\"title-subtitle subtitle-color-default subtitle-style-default wd-fontsize-xs\">\n\t\t\t\t\tAn\u00e4sthesie Typ\t\t\t\t<\/div>\n\t\t\t\n\t\t\t<div class=\"liner-continer\">\n\t\t\t\t<p class=\"woodmart-title-container title wd-fontsize-l\">Allgemeine An\u00e4sthesie<\/p> \n\t\t\t\t\t\t\t<\/div>\n\n\t\t\t\t\t<\/div>\n\t\t\t\t\t\t<\/div>\n\t\t\t\t<\/div>\n\t\t\t\t<\/div>\n\t\t<div class=\"elementor-element elementor-element-3a73b15 e-con-full e-flex e-con e-child\" data-id=\"3a73b15\" data-element_type=\"container\">\n\t\t\t\t<div class=\"elementor-element elementor-element-3a3eeff9 wd-width-100 elementor-widget elementor-widget-wd_title\" data-id=\"3a3eeff9\" data-element_type=\"widget\" data-widget_type=\"wd_title.default\">\n\t\t\t\t<div class=\"elementor-widget-container\">\n\t\t\t\t\t\t\t<div class=\"title-wrapper set-mb-s reset-last-child wd-title-color-default wd-title-style-default wd-title-size-default text-center\">\n\n\t\t\t\t\t\t\t<div class=\"title-subtitle subtitle-color-default subtitle-style-default wd-fontsize-xs\">\n\t\t\t\t\tErholungszeit\t\t\t\t<\/div>\n\t\t\t\n\t\t\t<div class=\"liner-continer\">\n\t\t\t\t<p class=\"woodmart-title-container title wd-fontsize-l\">1-2 Wochen<\/p> \n\t\t\t\t\t\t\t<\/div>\n\n\t\t\t\t\t<\/div>\n\t\t\t\t\t\t<\/div>\n\t\t\t\t<\/div>\n\t\t\t\t<\/div>\n\t\t\t\t\t<\/div>\n\t\t\t\t<\/div>\n\t\t<div class=\"wd-negative-gap elementor-element elementor-element-f28cbd7 e-flex e-con-boxed e-con e-parent\" data-id=\"f28cbd7\" data-element_type=\"container\">\n\t\t\t\t\t<div class=\"e-con-inner\">\n\t\t\t\t<div class=\"elementor-element elementor-element-ccaa5af color-scheme-inherit text-left elementor-widget elementor-widget-text-editor\" data-id=\"ccaa5af\" data-element_type=\"widget\" data-widget_type=\"text-editor.default\">\n\t\t\t\t<div class=\"elementor-widget-container\">\n\t\t\t\t\t\t\t\t\t<p><span style=\"font-weight: 400;\">Die Lippenvergr\u00f6\u00dferung ist eine Anwendung, die in den letzten Jahren in der \u00e4sthetischen Welt sehr beliebt geworden ist. Form, Volumen und F\u00fclle der Lippen spielen in der Gesichts\u00e4sthetik eine wichtige Rolle. Lippen, die im Laufe der Zeit d\u00fcnn werden oder an Volumen verlieren, k\u00f6nnen das Selbstvertrauen der Menschen beeintr\u00e4chtigen. Die Lippenvergr\u00f6\u00dferung ist ein minimalinvasiver Eingriff, der mit sicheren Substanzen wie Hyalurons\u00e4ure durchgef\u00fchrt wird und den Lippen ein volleres, markanteres und nat\u00fcrlicheres Aussehen verleiht. Mit diesem Verfahren k\u00f6nnen nicht nur \u00e4sthetische Bedenken ausger\u00e4umt, sondern auch die Gesichtsz\u00fcge ausgeglichener gestaltet werden.\u00a0<\/span><\/p><h2><span style=\"font-weight: 400;\">Was ist eine Lippenauff\u00fcllung und wie wird sie angewendet?<\/span><\/h2><p><span style=\"font-weight: 400;\">Die Lippenvergr\u00f6\u00dferung ist ein \u00e4sthetisches Verfahren, das angewandt wird, um das Volumen der Lippen zu vergr\u00f6\u00dfern, ihre Form zu korrigieren oder sie markanter zu machen. Dieses Verfahren wird in der Regel mit hyalurons\u00e4urehaltigen Fillern durchgef\u00fchrt. Die Lippenvergr\u00f6\u00dferung ist zu einem beliebten Verfahren geworden, vor allem bei Personen, die d\u00fcnne Lippen haben oder deren Lippen mit dem Alter an Volumen verloren haben. Die Anwendung sollte von einem spezialisierten \u00c4sthetiker durchgef\u00fchrt werden, und die Dosis des Fillers sollte entsprechend der Lippenstruktur gew\u00e4hlt werden.<\/span><\/p><h2><span style=\"font-weight: 400;\">Preise f\u00fcr Lippenauff\u00fcllungen: Welche Faktoren spielen eine Rolle?<\/span><\/h2><p><span style=\"font-weight: 400;\">Die Preise f\u00fcr Lippenauff\u00fcller h\u00e4ngen von verschiedenen Faktoren ab. Zu diesen Faktoren geh\u00f6ren die Klinik, in der die Anwendung durchgef\u00fchrt wird, die Art des verwendeten F\u00fcllstoffs und der Bereich, in dem die Anwendung durchgef\u00fchrt wird. Auch die Erfahrung des Facharztes, der die Lippenvergr\u00f6\u00dferung durchf\u00fchrt, und die technische Infrastruktur der Klinik sind wichtige Faktoren, die den Preis beeinflussen. Die Preise f\u00fcr Lippenf\u00fcller richten sich im Durchschnitt nach der Komplexit\u00e4t der Anwendung und dem verwendeten Material. Daher k\u00f6nnen die Preise je nach den pers\u00f6nlichen Bed\u00fcrfnissen variieren.<\/span><\/p><h2><span style=\"font-weight: 400;\">F\u00fcr wen ist Lip Filler geeignet?<\/span><\/h2><p><span style=\"font-weight: 400;\">Eine Lippenvergr\u00f6\u00dferung ist im Allgemeinen f\u00fcr gesunde Menschen geeignet. Menschen, deren Lippen an Volumen verloren haben, die d\u00fcnne Lippen haben oder mit der Form ihrer Lippen nicht zufrieden sind, k\u00f6nnen sich einer Lippenvergr\u00f6\u00dferung unterziehen. F\u00fcr Menschen mit bestimmten gesundheitlichen Problemen ist es jedoch wichtig, vor diesem Eingriff einen Spezialisten zu konsultieren. So k\u00f6nnen beispielsweise Infektionen im Lippenbereich, Allergien oder eine Schwangerschaft eine Lippenvergr\u00f6\u00dferung verhindern.<\/span><\/p><h2><span style=\"font-weight: 400;\">Wie verl\u00e4uft der Heilungsprozess nach einer Lippenvergr\u00f6\u00dferung?<\/span><\/h2><p><span style=\"font-weight: 400;\">Der Heilungsprozess nach einer Lippenvergr\u00f6\u00dferung ist recht schnell. Nach dem Eingriff kann es zu leichten Schwellungen, Bluterg\u00fcssen und R\u00f6tungen kommen. Diese Effekte verschwinden in der Regel innerhalb weniger Tage. Unmittelbar nach der Anwendung von Lippenf\u00fcllern kann die Person ihren t\u00e4glichen Aktivit\u00e4ten nachgehen. Es wird jedoch empfohlen, in den ersten 24 Stunden nach der Anwendung nicht zu viel Druck auf die Lippen auszu\u00fcben und \u00fcberm\u00e4\u00dfig hei\u00dfe oder kalte Speisen zu vermeiden. Obwohl der Heilungsprozess von Person zu Person unterschiedlich verl\u00e4uft, erholt er sich in der Regel innerhalb von 1 Woche vollst\u00e4ndig.<\/span><\/p><h2><span style=\"font-weight: 400;\">Kann man mit einer Lippenauff\u00fcllung ein nat\u00fcrliches Ergebnis erzielen?<\/span><\/h2><p><span style=\"font-weight: 400;\">Mit einer Lippenvergr\u00f6\u00dferung lassen sich nat\u00fcrliche Ergebnisse erzielen. Der w\u00e4hrend des Eingriffs verwendete F\u00fcllstoff f\u00fcgt Volumen hinzu, ohne die nat\u00fcrliche Form der Lippen zu st\u00f6ren. Erfahrene Kosmetikerinnen und Kosmetiker sorgen f\u00fcr ein nat\u00fcrliches Aussehen, indem sie die Lippenkonturen erhalten und eine \u00fcberm\u00e4\u00dfige Auff\u00fcllung vermeiden. Dar\u00fcber hinaus kann eine mit der richtigen Technik durchgef\u00fchrte Lippenauff\u00fcllung die Lippen voller und in Harmonie mit den Gesichtsz\u00fcgen der Person geformt machen.<\/span><\/p><h2><span style=\"font-weight: 400;\">Was sollte bei der Herstellung von Lippenauff\u00fcllungen beachtet werden?<\/span><\/h2><p><span style=\"font-weight: 400;\">Bei einer Lippenvergr\u00f6\u00dferung sind mehrere wichtige Faktoren zu beachten. Erstens sollte sichergestellt werden, dass der F\u00fcller von hoher Qualit\u00e4t und sicher ist. Dar\u00fcber hinaus ist die Erfahrung des Facharztes, der das Verfahren durchf\u00fchrt, sehr wichtig. Ein erfahrener \u00c4sthetiker kann nat\u00fcrliche und \u00e4sthetisch sch\u00f6ne Ergebnisse erzielen. Vor der Anwendung sollte der geeignete F\u00fcller unter Ber\u00fccksichtigung der Lippenstruktur und der pers\u00f6nlichen W\u00fcnsche ausgew\u00e4hlt werden. Dar\u00fcber hinaus ist es wichtig, die Pflegeanweisungen nach dem Eingriff zu befolgen, um das gew\u00fcnschte Ergebnis zu erzielen.<\/span><\/p><h2><span style=\"font-weight: 400;\">Ist eine Lippenauff\u00fcllung schmerzhaft?<\/span><\/h2><p><span style=\"font-weight: 400;\">Die Lippenvergr\u00f6\u00dferung ist ein Eingriff, der in der Regel nur geringe Schmerzen verursacht. Vor der Anwendung wird eine Creme zur \u00f6rtlichen Bet\u00e4ubung auf den Lippenbereich aufgetragen, um Schmerzen und Unbehagen zu verringern. Da der F\u00fcllstoff mit einer Nadel appliziert wird, kann es zu einem Nadelstich kommen, der jedoch in der Regel nur kurzzeitig und leicht unangenehm ist. Die meisten Menschen empfinden w\u00e4hrend oder nach der Lippenvergr\u00f6\u00dferung keine ernsthaften Schmerzen.<\/span><\/p><h2><span style=\"font-weight: 400;\">Wie lange dauert die Anwendung von Lippenf\u00fcllern?<\/span><\/h2><p><span style=\"font-weight: 400;\">Lippenf\u00fcller sind in der Regel 6 Monate bis 1 Jahr lang haltbar. Dieser Zeitraum kann jedoch je nach Art des verwendeten Fillers, des Stoffwechsels und der Lebensweise der Person variieren. Hyalurons\u00e4urehaltige Filler werden im Laufe der Zeit vom K\u00f6rper absorbiert und ihre Wirkung l\u00e4sst nach. Daher muss der Eingriff m\u00f6glicherweise wiederholt werden, um eine l\u00e4nger anhaltende Wirkung zu erzielen. Regelm\u00e4\u00dfige Anwendungen von Lippenf\u00fcllern k\u00f6nnen zu einem l\u00e4nger anhaltenden Ergebnis auf den Lippen beitragen.<\/span><\/p><h2><span style=\"font-weight: 400;\">Wie ver\u00e4ndern sich Ihre Gesichtsz\u00fcge durch eine Lippenauff\u00fcllung?<\/span><\/h2><p><span style=\"font-weight: 400;\">Eine Lippenvergr\u00f6\u00dferung verleiht den Lippen nicht nur mehr Volumen, sondern kann auch positive Ver\u00e4nderungen der gesamten Gesichtskonturen bewirken. St\u00e4rker ausgepr\u00e4gte und vollere Lippen sorgen f\u00fcr Ausgewogenheit und Proportionen in der unteren Gesichtspartie. Besonders d\u00fcnne Lippen werden harmonischer mit den Gesichtskonturen gestaltet. Dar\u00fcber hinaus kann eine Lippenvergr\u00f6\u00dferung dazu beitragen, dass die Lippen beim L\u00e4cheln symmetrischer und \u00e4sthetischer aussehen.<\/span><\/p><h2><span style=\"font-weight: 400;\">Was sind die Vorteile und Risiken einer Lippenauff\u00fcllung?<\/span><\/h2><p><span style=\"font-weight: 400;\">Eine Lippenauff\u00fcllung bietet viele Vorteile. Sie kann die Lippen voller und markanter machen, das mit dem Alter verlorene Volumen wiederherstellen und ein j\u00fcngeres Aussehen verleihen. Wie jedes \u00e4sthetische Verfahren birgt jedoch auch die Lippenvergr\u00f6\u00dferung einige Risiken. Zu diesen Risiken geh\u00f6ren Infektionen, Asymmetrien, Schwellungen, Bluterg\u00fcsse und selten allergische Reaktionen. Daher sollte eine Lippenvergr\u00f6\u00dferung nur von Spezialisten durchgef\u00fchrt werden.<\/span><\/p><p>\u00a0<\/p>\t\t\t\t\t\t\t\t<\/div>\n\t\t\t\t<\/div>\n\t\t\t\t\t<\/div>\n\t\t\t\t<\/div>\n\t\t\t\t<\/div>","protected":false},"excerpt":{"rendered":"<p>Ortalama Kal\u0131\u015f S\u00fcresi 7 G\u00fcn Hastanede Yat\u0131\u015f S\u00fcresi 1 G\u00fcn Operasyon S\u00fcresi 2-4 Saat Anestezi T\u00fcr\u00fc Genel Anestezi \u0130yile\u015fme S\u00fcresi<\/p>","protected":false},"author":1,"featured_media":0,"parent":0,"menu_order":0,"comment_status":"closed","ping_status":"closed","template":"","meta":{"footnotes":""},"class_list":["post-27840","page","type-page","status-publish","hentry"],"_links":{"self":[{"href":"https:\/\/westestetik.com\/de\/wp-json\/wp\/v2\/pages\/27840","targetHints":{"allow":["GET"]}}],"collection":[{"href":"https:\/\/westestetik.com\/de\/wp-json\/wp\/v2\/pages"}],"about":[{"href":"https:\/\/westestetik.com\/de\/wp-json\/wp\/v2\/types\/page"}],"author":[{"embeddable":true,"href":"https:\/\/westestetik.com\/de\/wp-json\/wp\/v2\/users\/1"}],"replies":[{"embeddable":true,"href":"https:\/\/westestetik.com\/de\/wp-json\/wp\/v2\/comments?post=27840"}],"version-history":[{"count":7,"href":"https:\/\/westestetik.com\/de\/wp-json\/wp\/v2\/pages\/27840\/revisions"}],"predecessor-version":[{"id":28914,"href":"https:\/\/westestetik.com\/de\/wp-json\/wp\/v2\/pages\/27840\/revisions\/28914"}],"wp:attachment":[{"href":"https:\/\/westestetik.com\/de\/wp-json\/wp\/v2\/media?parent=27840"}],"curies":[{"name":"wp","href":"https:\/\/api.w.org\/{rel}","templated":true}]}}