{"id":27835,"date":"2024-12-02T23:22:14","date_gmt":"2024-12-02T23:22:14","guid":{"rendered":"https:\/\/westestetik.com\/?page_id=27835"},"modified":"2024-12-25T10:55:51","modified_gmt":"2024-12-25T10:55:51","slug":"penisvergroesserung-chirurgie","status":"publish","type":"page","link":"https:\/\/westestetik.com\/de\/penisvergroesserung-chirurgie\/","title":{"rendered":"Penisvergr\u00f6\u00dferung Chirurgie"},"content":{"rendered":"<div data-elementor-type=\"wp-page\" data-elementor-id=\"27835\" class=\"elementor elementor-27835\" data-elementor-post-type=\"page\">\n\t\t\t\t<div class=\"wd-negative-gap elementor-element elementor-element-e150b12 e-flex e-con-boxed e-con e-parent\" data-id=\"e150b12\" data-element_type=\"container\">\n\t\t\t\t\t<div class=\"e-con-inner\">\n\t\t\t\t<div class=\"elementor-element elementor-element-7286009 elementor-widget elementor-widget-image\" data-id=\"7286009\" data-element_type=\"widget\" data-widget_type=\"image.default\">\n\t\t\t\t<div class=\"elementor-widget-container\">\n\t\t\t\t\t\t\t\t\t\t\t\t\t\t\t<img fetchpriority=\"high\" decoding=\"async\" width=\"1300\" height=\"384\" src=\"https:\/\/westestetik.com\/wp-content\/uploads\/2024\/12\/Uygulama-1-1300x384.png\" class=\"attachment-large size-large wp-image-27725\" alt=\"Krankheiten\" srcset=\"https:\/\/westestetik.com\/wp-content\/uploads\/2024\/12\/Uygulama-1-1300x384.png 1300w, https:\/\/westestetik.com\/wp-content\/uploads\/2024\/12\/Uygulama-1-430x127.png 430w, https:\/\/westestetik.com\/wp-content\/uploads\/2024\/12\/Uygulama-1-150x44.png 150w, https:\/\/westestetik.com\/wp-content\/uploads\/2024\/12\/Uygulama-1-700x207.png 700w, https:\/\/westestetik.com\/wp-content\/uploads\/2024\/12\/Uygulama-1-400x118.png 400w, https:\/\/westestetik.com\/wp-content\/uploads\/2024\/12\/Uygulama-1-768x227.png 768w, https:\/\/westestetik.com\/wp-content\/uploads\/2024\/12\/Uygulama-1-1536x453.png 1536w, https:\/\/westestetik.com\/wp-content\/uploads\/2024\/12\/Uygulama-1-2048x604.png 2048w\" sizes=\"(max-width: 1300px) 100vw, 1300px\" \/>\t\t\t\t\t\t\t\t\t\t\t\t\t\t\t<\/div>\n\t\t\t\t<\/div>\n\t\t\t\t\t<\/div>\n\t\t\t\t<\/div>\n\t\t<div class=\"wd-negative-gap elementor-element elementor-element-fa94293 e-flex e-con-boxed e-con e-parent\" data-id=\"fa94293\" data-element_type=\"container\">\n\t\t\t\t\t<div class=\"e-con-inner\">\n\t\t\t\t<div class=\"elementor-element elementor-element-f4dc2fb color-scheme-inherit text-left elementor-widget elementor-widget-text-editor\" data-id=\"f4dc2fb\" data-element_type=\"widget\" data-widget_type=\"text-editor.default\">\n\t\t\t\t<div class=\"elementor-widget-container\">\n\t\t\t\t\t\t\t\t\t<p><span style=\"font-weight: 400;\">Die Penisvergr\u00f6\u00dferung ist ein \u00e4sthetischer Eingriff, der darauf abzielt, die Genitalien des Mannes zu vergr\u00f6\u00dfern. Dieser chirurgische Eingriff kann eine wichtige Option f\u00fcr Menschen sein, die an Selbstvertrauen verlieren und ihr Sexualleben verbessern wollen.\u00a0<\/span><\/p><h2><span style=\"font-weight: 400;\">Was ist eine chirurgische Penisvergr\u00f6\u00dferung?<\/span><\/h2><p><span style=\"font-weight: 400;\">Bei der Penisvergr\u00f6\u00dferung handelt es sich um einen chirurgischen Eingriff, mit dem der Penis vergr\u00f6\u00dfert wird. Dieser Eingriff wird mit verschiedenen Techniken durchgef\u00fchrt und zielt in der Regel auf eine Vergr\u00f6\u00dferung der L\u00e4nge oder des Umfangs des Penis ab. Eine Penisvergr\u00f6\u00dferung kann die sexuelle Befriedigung verbessern, indem sie das Selbstvertrauen des Mannes st\u00e4rkt.<\/span><\/p><h2><span style=\"font-weight: 400;\">Wie wird eine Penisvergr\u00f6\u00dferungsoperation durchgef\u00fchrt?<\/span><\/h2><p><span style=\"font-weight: 400;\">Bei der Penisvergr\u00f6\u00dferung kommen in der Regel zwei Techniken zum Einsatz: <\/span><i><span style=\"font-weight: 400;\">Penisverl\u00e4ngerung<\/span><\/i><span style=\"font-weight: 400;\"> und <\/span><i><span style=\"font-weight: 400;\">Penisverdickung<\/span><\/i><span style=\"font-weight: 400;\"> Methoden. Bei der Penisverl\u00e4ngerung werden die B\u00e4nder an der Innenseite des Penis nach einem Schnitt an der Peniswurzel gelockert. Die Verdickung wird mit Fettgewebe oder synthetischen F\u00fcllmaterialien vorgenommen. Beide Verfahren sollten von einem spezialisierten Chirurgen durchgef\u00fchrt werden.<\/span><\/p><h2><span style=\"font-weight: 400;\">Was sind die Vorteile einer chirurgischen Penisvergr\u00f6\u00dferung?<\/span><\/h2><p><span style=\"font-weight: 400;\">Ein chirurgischer Eingriff zur Penisvergr\u00f6\u00dferung f\u00fchrt nicht nur zu k\u00f6rperlichen Ver\u00e4nderungen, sondern kann auch das Selbstvertrauen st\u00e4rken. Wenn M\u00e4nner der Meinung sind, dass ihre Penisgr\u00f6\u00dfe ihr Sexualleben beeintr\u00e4chtigt, k\u00f6nnen sie sich durch eine Vergr\u00f6\u00dferung mittels eines chirurgischen Eingriffs wohler f\u00fchlen. Dar\u00fcber hinaus kann sich dieser Eingriff auch positiv auf die sexuelle Leistungsf\u00e4higkeit auswirken.<\/span><\/p><h2><span style=\"font-weight: 400;\">Wer ist ein geeigneter Kandidat f\u00fcr eine Penisvergr\u00f6\u00dferungsoperation?<\/span><\/h2><p><span style=\"font-weight: 400;\">Die besten Kandidaten f\u00fcr eine Penisvergr\u00f6\u00dferung sind gesunde Personen, die k\u00f6rperlich das Erwachsenenalter erreicht haben. Die Entwicklung der Geschlechtsorgane sollte abgeschlossen sein. Au\u00dferdem sollten die Erwartungen der Person vor dem chirurgischen Eingriff realistisch sein und sie sollte psychologisch in der Lage sein, eine solche Ver\u00e4nderung zu akzeptieren.<\/span><\/p><h2><span style=\"font-weight: 400;\">Wie verl\u00e4uft der Genesungsprozess nach einer Penisvergr\u00f6\u00dferungsoperation?<\/span><\/h2><p><span style=\"font-weight: 400;\">Der Genesungsprozess nach einer Penisvergr\u00f6\u00dferungsoperation dauert in der Regel mehrere Wochen. In den ersten Tagen kann es zu leichten Schmerzen und Schwellungen kommen, die aber mit der Zeit abklingen. Ihr Chirurg wird Sie dar\u00fcber informieren, wie der Heilungsprozess verlaufen wird und worauf Sie achten sollten. Im Durchschnitt wird empfohlen, 4-6 Wochen nach dem Eingriff zu warten, bevor Sie wieder sexuell aktiv werden.<\/span><\/p><h2><span style=\"font-weight: 400;\">Ist eine Penisvergr\u00f6\u00dferungsoperation schmerzhaft?<\/span><\/h2><p><span style=\"font-weight: 400;\">Da die Operation zur Penisvergr\u00f6\u00dferung unter Narkose durchgef\u00fchrt wird, ist der Eingriff in der Regel schmerzfrei. Nach dem Eingriff kann es zu leichten Schmerzen und Unwohlsein kommen, die sich jedoch in der Regel mit Medikamenten unter Kontrolle bringen lassen. Ihr Chirurg wird Sie durch den Heilungsprozess begleiten und im Falle von Komplikationen eingreifen.<\/span><\/p><h2><span style=\"font-weight: 400;\">Ist eine Penisvergr\u00f6\u00dferungsoperation dauerhaft?<\/span><\/h2><p><span style=\"font-weight: 400;\">Ja, eine Penisvergr\u00f6\u00dferungsoperation f\u00fchrt zu dauerhaften Ergebnissen. Allerdings kann es langfristig zu Ver\u00e4nderungen kommen, die von der sexuellen Gesundheit und dem Lebensstil abh\u00e4ngen. Zum Beispiel k\u00f6nnen Faktoren wie \u00fcberm\u00e4\u00dfige Gewichtszunahme oder Rauchen die Ergebnisse der Operation beeintr\u00e4chtigen.<\/span><\/p><h2><span style=\"font-weight: 400;\">Was sind die Risiken und Nebenwirkungen einer Penisvergr\u00f6\u00dferungsoperation?<\/span><\/h2><p><span style=\"font-weight: 400;\">Wie jeder chirurgische Eingriff birgt auch die Penisvergr\u00f6\u00dferung einige Risiken. Dazu k\u00f6nnen Infektionen, Blutungen, Wundheilungsst\u00f6rungen und Gef\u00fchlsverlust geh\u00f6ren. Diese Risiken sind jedoch sehr gering, wenn der Eingriff mit dem richtigen Fachwissen durchgef\u00fchrt wird. Ihr Chirurg wird Sie vor dem Eingriff \u00fcber alle Risiken aufkl\u00e4ren.<\/span><\/p><h2><span style=\"font-weight: 400;\">Wie hoch sind die Preise f\u00fcr eine Penisvergr\u00f6\u00dferungsoperation?<\/span><\/h2><p><span style=\"font-weight: 400;\">Die Preise f\u00fcr Penisvergr\u00f6\u00dferungsoperationen k\u00f6nnen je nach den verwendeten Techniken, der Erfahrung des Chirurgen und dem Standort der Klinik variieren. Daher ist es zwar schwierig, einen genauen Preis zu nennen, doch liegen die Kosten f\u00fcr den Eingriff in der Regel in einem durchschnittlichen Bereich. Am besten erkundigen Sie sich jedoch direkt bei Ihrem Chirurgen, um den Preis zu erfahren.<\/span><\/p><h2><span style=\"font-weight: 400;\">Wie wird die sexuelle Leistungsf\u00e4higkeit nach einer Penisvergr\u00f6\u00dferungsoperation beeintr\u00e4chtigt?<\/span><\/h2><p><span style=\"font-weight: 400;\">Nach einer Penisvergr\u00f6\u00dferungsoperation berichten viele Menschen \u00fcber eine Verbesserung der sexuellen Leistungsf\u00e4higkeit. Die Vergr\u00f6\u00dferung tr\u00e4gt zu einem gr\u00f6\u00dferen Selbstvertrauen bei, was zu einem befriedigenderen Sexualleben f\u00fchren kann. Allerdings ist jeder Mensch anders und die Ergebnisse k\u00f6nnen von Person zu Person variieren.<\/span><\/p><h2><span style=\"font-weight: 400;\">Wie lange dauert es, bis die Ergebnisse einer Penisvergr\u00f6\u00dferungsoperation sichtbar werden?<\/span><\/h2><p><span style=\"font-weight: 400;\">Die Ergebnisse einer Penisvergr\u00f6\u00dferungsoperation werden in der Regel innerhalb weniger Monate nach dem Eingriff sichtbar. Langfristige Ergebnisse zeigen sich erst deutlich sp\u00e4ter. Da die Schwellungen und Bluterg\u00fcsse w\u00e4hrend des anf\u00e4nglichen Heilungsprozesses verschwinden, ist das Ergebnis deutlicher sichtbar.<\/span><\/p><h2><span style=\"font-weight: 400;\">Sind die Ergebnisse einer chirurgischen Penisvergr\u00f6\u00dferung nat\u00fcrlich?<\/span><\/h2><p><span style=\"font-weight: 400;\">Die Ergebnisse einer Penisvergr\u00f6\u00dferungsoperation k\u00f6nnen sehr nat\u00fcrlich aussehen, wenn sie von einem spezialisierten Chirurgen durchgef\u00fchrt wird. Die Experten sind bestrebt, den chirurgischen Eingriff so nat\u00fcrlich wie m\u00f6glich durchzuf\u00fchren, und die danach erzielten Ergebnisse sind in der Regel zufriedenstellend.<\/span><\/p><h2><span style=\"font-weight: 400;\">Was sollte vor und nach einer Penisvergr\u00f6\u00dferungsoperation beachtet werden?<\/span><\/h2><p><span style=\"font-weight: 400;\">Nicht zu rauchen, keinen Alkohol zu trinken und sich vor der Operation gesund zu ern\u00e4hren, kann den Heilungsprozess beschleunigen. Es ist auch sehr wichtig, dass Sie die Anweisungen Ihres Chirurgen befolgen. Nach der Operation sollten \u00fcberm\u00e4\u00dfige k\u00f6rperliche Aktivit\u00e4ten vermieden werden, und vor dem Geschlechtsverkehr sollte eine ausreichende Erholung gew\u00e4hrleistet sein.<\/span><\/p><h2><span style=\"font-weight: 400;\">Wie kehrt man nach einer Penisvergr\u00f6\u00dferungsoperation in sein Sexualleben zur\u00fcck?<\/span><\/h2><p><span style=\"font-weight: 400;\">Die R\u00fcckkehr zu Ihrem Sexualleben nach einer Penisvergr\u00f6\u00dferung erfordert einen sorgf\u00e4ltigen Genesungsprozess. In der Regel empfiehlt Ihr Chirurg, dass Sie 4-6 Wochen lang auf sexuelle Aktivit\u00e4ten verzichten. In dieser Zeit ist die Heilung abgeschlossen und die Ergebnisse werden deutlicher.<\/span><\/p><p><span style=\"font-weight: 400;\">Eine chirurgische Penisvergr\u00f6\u00dferung kann bei gesunden Menschen zu positiven und dauerhaften Ergebnissen f\u00fchren. Es ist jedoch sehr wichtig, sich vor der Operation \u00fcber alle Einzelheiten zu informieren und einen spezialisierten Chirurgen zu w\u00e4hlen.<\/span><\/p><p>\u00a0<\/p>\t\t\t\t\t\t\t\t<\/div>\n\t\t\t\t<\/div>\n\t\t\t\t\t<\/div>\n\t\t\t\t<\/div>\n\t\t\t\t<\/div>","protected":false},"excerpt":{"rendered":"<p>Penis b\u00fcy\u00fctme cerrahisi, erkeklerin cinsel organ boyutunu art\u0131rmay\u0131 hedefleyen estetik bir m\u00fcdahaledir. Bu cerrahi i\u015flem, \u00f6zg\u00fcven kayb\u0131 ya\u015fayan ve cinsel<\/p>","protected":false},"author":1,"featured_media":0,"parent":0,"menu_order":0,"comment_status":"closed","ping_status":"closed","template":"","meta":{"footnotes":""},"class_list":["post-27835","page","type-page","status-publish","hentry"],"_links":{"self":[{"href":"https:\/\/westestetik.com\/de\/wp-json\/wp\/v2\/pages\/27835","targetHints":{"allow":["GET"]}}],"collection":[{"href":"https:\/\/westestetik.com\/de\/wp-json\/wp\/v2\/pages"}],"about":[{"href":"https:\/\/westestetik.com\/de\/wp-json\/wp\/v2\/types\/page"}],"author":[{"embeddable":true,"href":"https:\/\/westestetik.com\/de\/wp-json\/wp\/v2\/users\/1"}],"replies":[{"embeddable":true,"href":"https:\/\/westestetik.com\/de\/wp-json\/wp\/v2\/comments?post=27835"}],"version-history":[{"count":4,"href":"https:\/\/westestetik.com\/de\/wp-json\/wp\/v2\/pages\/27835\/revisions"}],"predecessor-version":[{"id":27923,"href":"https:\/\/westestetik.com\/de\/wp-json\/wp\/v2\/pages\/27835\/revisions\/27923"}],"wp:attachment":[{"href":"https:\/\/westestetik.com\/de\/wp-json\/wp\/v2\/media?parent=27835"}],"curies":[{"name":"wp","href":"https:\/\/api.w.org\/{rel}","templated":true}]}}