{"id":27830,"date":"2024-12-02T23:21:33","date_gmt":"2024-12-02T23:21:33","guid":{"rendered":"https:\/\/westestetik.com\/?page_id=27830"},"modified":"2024-12-25T10:55:21","modified_gmt":"2024-12-25T10:55:21","slug":"vaginoplastik","status":"publish","type":"page","link":"https:\/\/westestetik.com\/de\/vaginoplastik\/","title":{"rendered":"Vaginoplastik"},"content":{"rendered":"<div data-elementor-type=\"wp-page\" data-elementor-id=\"27830\" class=\"elementor elementor-27830\" data-elementor-post-type=\"page\">\n\t\t\t\t<div class=\"wd-negative-gap elementor-element elementor-element-e150b12 e-flex e-con-boxed e-con e-parent\" data-id=\"e150b12\" data-element_type=\"container\">\n\t\t\t\t\t<div class=\"e-con-inner\">\n\t\t\t\t<div class=\"elementor-element elementor-element-7286009 elementor-widget elementor-widget-image\" data-id=\"7286009\" data-element_type=\"widget\" data-widget_type=\"image.default\">\n\t\t\t\t<div class=\"elementor-widget-container\">\n\t\t\t\t\t\t\t\t\t\t\t\t\t\t\t<img fetchpriority=\"high\" decoding=\"async\" width=\"1300\" height=\"384\" src=\"https:\/\/westestetik.com\/wp-content\/uploads\/2024\/12\/Uygulama-1-1300x384.png\" class=\"attachment-large size-large wp-image-27725\" alt=\"Krankheiten\" srcset=\"https:\/\/westestetik.com\/wp-content\/uploads\/2024\/12\/Uygulama-1-1300x384.png 1300w, https:\/\/westestetik.com\/wp-content\/uploads\/2024\/12\/Uygulama-1-430x127.png 430w, https:\/\/westestetik.com\/wp-content\/uploads\/2024\/12\/Uygulama-1-150x44.png 150w, https:\/\/westestetik.com\/wp-content\/uploads\/2024\/12\/Uygulama-1-700x207.png 700w, https:\/\/westestetik.com\/wp-content\/uploads\/2024\/12\/Uygulama-1-400x118.png 400w, https:\/\/westestetik.com\/wp-content\/uploads\/2024\/12\/Uygulama-1-768x227.png 768w, https:\/\/westestetik.com\/wp-content\/uploads\/2024\/12\/Uygulama-1-1536x453.png 1536w, https:\/\/westestetik.com\/wp-content\/uploads\/2024\/12\/Uygulama-1-2048x604.png 2048w\" sizes=\"(max-width: 1300px) 100vw, 1300px\" \/>\t\t\t\t\t\t\t\t\t\t\t\t\t\t\t<\/div>\n\t\t\t\t<\/div>\n\t\t\t\t\t<\/div>\n\t\t\t\t<\/div>\n\t\t<div class=\"wd-negative-gap elementor-element elementor-element-3587e50 e-flex e-con-boxed e-con e-parent\" data-id=\"3587e50\" data-element_type=\"container\">\n\t\t\t\t\t<div class=\"e-con-inner\">\n\t\t\t\t<div class=\"elementor-element elementor-element-a13c185 color-scheme-inherit text-left elementor-widget elementor-widget-text-editor\" data-id=\"a13c185\" data-element_type=\"widget\" data-widget_type=\"text-editor.default\">\n\t\t\t\t<div class=\"elementor-widget-container\">\n\t\t\t\t\t\t\t\t\t<p><span style=\"font-weight: 400;\">Die Vaginoplastik ist ein chirurgischer Eingriff f\u00fcr die \u00e4sthetischen und funktionellen Bed\u00fcrfnisse von Frauen im Genitalbereich. Ein Elastizit\u00e4tsverlust im Vaginalbereich aufgrund von Ursachen wie Lockerung der Vagina nach der Geburt, Alterung oder genetischen Faktoren kann bei Frauen sowohl physiologische als auch psychologische Beschwerden hervorrufen. Die Vaginoplastik wird durchgef\u00fchrt, um solche Probleme zu l\u00f6sen, um die vaginale Straffheit zu erh\u00f6hen und die sexuelle Befriedigung zu verbessern. Diese Operation st\u00e4rkt das Selbstvertrauen der Frauen und verhilft ihnen gleichzeitig zu einem \u00e4sthetisch und funktionell ges\u00fcnderen Leben.<\/span><\/p><h2><span style=\"font-weight: 400;\">Was ist eine Vaginoplastik und warum wird sie durchgef\u00fchrt?<\/span><\/h2><p><span style=\"font-weight: 400;\">Die Vaginoplastik ist ein chirurgischer Eingriff, der durchgef\u00fchrt wird, um \u00e4sthetische oder funktionelle Probleme im Vaginalbereich der Frau zu korrigieren. Im Allgemeinen wird die Straffung des Vaginalgewebes bevorzugt, das sich nach der Geburt gelockert hat. Dar\u00fcber hinaus kann die Elastizit\u00e4t der Vagina aus Gr\u00fcnden wie Alterung, genetischen Faktoren oder Gewichtsverlust verloren gehen. Eine Vaginoplastik kann nicht nur solche Probleme beseitigen, sondern auch die sexuelle Gesundheit und das Selbstvertrauen der Frauen verbessern.<\/span><\/p><h2><span style=\"font-weight: 400;\">F\u00fcr wen ist die Vaginoplastik geeignet?<\/span><\/h2><p><span style=\"font-weight: 400;\">Die Vaginoplastik eignet sich f\u00fcr Frauen, die eine vaginale Laxheit, eine Deformation nach der Geburt, eine Schw\u00e4che der Beckenmuskulatur oder \u00e4sthetische Ver\u00e4nderungen im Genitalbereich w\u00fcnschen. Auch Frauen, die das Gef\u00fchl haben, dass der Geschlechtsverkehr aufgrund der vaginalen Erschlaffung nicht ausreichend genossen werden kann, k\u00f6nnen sich f\u00fcr eine Vaginoplastik entscheiden. Dieser Eingriff wird jedoch nur f\u00fcr Patientinnen empfohlen, die sich in einem guten Allgemeinzustand befinden und f\u00fcr einen chirurgischen Eingriff geeignet sind.<\/span><\/p><h2><span style=\"font-weight: 400;\">Wie wird die Vaginoplastik durchgef\u00fchrt?<\/span><\/h2><p><span style=\"font-weight: 400;\">Eine Vaginoplastik wird in der Regel unter Vollnarkose durchgef\u00fchrt. Der Chirurg entfernt \u00fcbersch\u00fcssiges Gewebe und st\u00e4rkt die umliegenden Muskeln, um die Vaginalw\u00e4nde zu straffen. Die Dauer des Eingriffs h\u00e4ngt von der Art des Verfahrens ab, dauert aber in der Regel zwischen 1 und 2 Stunden. Nach einer Vaginoplastik k\u00f6nnen Frauen ihre fr\u00fchere Festigkeit wiedererlangen und ein befriedigenderes Sexualleben f\u00fchren.<\/span><\/p><h2><span style=\"font-weight: 400;\">Wie lange dauert der Erholungsprozess nach einer Vaginoplastik?<\/span><\/h2><p><span style=\"font-weight: 400;\">Der Erholungsprozess nach einer Vaginoplastik ist von Person zu Person unterschiedlich. Die meisten Patientinnen k\u00f6nnen jedoch innerhalb von 1 bis 2 Wochen nach dem Eingriff zu ihren t\u00e4glichen Aktivit\u00e4ten zur\u00fcckkehren. In den ersten Tagen kann es zu leichten Schmerzen und Schwellungen im Vaginalbereich kommen, die jedoch in der Regel nach kurzer Zeit abklingen. W\u00e4hrend des Heilungsprozesses ist es wichtig, die Empfehlungen des Arztes zu befolgen. So wird beispielsweise empfohlen, in den ersten Wochen keinen Geschlechtsverkehr zu haben und schwere k\u00f6rperliche Anstrengungen zu vermeiden.<\/span><\/p><h2><span style=\"font-weight: 400;\">Preise und Geb\u00fchren f\u00fcr eine Vaginoplastik<\/span><\/h2><p><span style=\"font-weight: 400;\">Die Preise f\u00fcr eine Vaginoplastik k\u00f6nnen je nach dem durchgef\u00fchrten Verfahren, der Erfahrung des Chirurgen und der geografischen Region, in der sich das Krankenhaus befindet, variieren. Es ist wichtig, sich von einem Spezialisten beraten zu lassen und einen Kostenvoranschlag einzuholen, um detaillierte Informationen zu erhalten. Diese Art von kosmetischer Operation wird unter Umst\u00e4nden nicht von der Krankenkasse \u00fcbernommen, so dass es notwendig sein kann, pers\u00f6nliche Zahlungsm\u00f6glichkeiten in Betracht zu ziehen.<\/span><\/p><h2><span style=\"font-weight: 400;\">Risiken und Komplikationen einer Vaginoplastik-Operation<\/span><\/h2><p><span style=\"font-weight: 400;\">Wie jeder chirurgische Eingriff birgt auch die Vaginoplastik einige Risiken. Zu den h\u00e4ufigsten Komplikationen geh\u00f6ren Infektionen, Blutungen und Schmerzen w\u00e4hrend der Genesung. Allerdings sind Vaginoplastik-Eingriffe, die von einem erfahrenen Chirurgen durchgef\u00fchrt werden, im Allgemeinen risikoarm. Wenn Sie sich vor und nach dem Eingriff an die Empfehlungen des Arztes halten, k\u00f6nnen Sie das Risiko von Komplikationen minimieren.<\/span><\/p><h2><span style=\"font-weight: 400;\">Welche \u00e4sthetischen Ergebnisse lassen sich mit einer Vaginoplastik erzielen?<\/span><\/h2><p><span style=\"font-weight: 400;\">Dank der Vaginoplastik werden Lockerungen und Verformungen im Vaginalbereich korrigiert. Auf diese Weise erhalten die Frauen eine festere und \u00e4sthetisch ansprechende Vaginalstruktur. Frauen, die mehr Befriedigung und Selbstvertrauen im Sexualleben gewinnen, profitieren von der Vaginoplastik sowohl physisch als auch psychisch. Die Vaginoplastik kann auch eingesetzt werden, um \u00e4sthetisch unangenehme Bilder im Genitalbereich zu korrigieren.<\/span><\/p><h2><span style=\"font-weight: 400;\">Der beste Zeitpunkt f\u00fcr eine Vaginoplastik-Operation<\/span><\/h2><p><span style=\"font-weight: 400;\">Der beste Zeitpunkt f\u00fcr eine Vaginoplastik ist in der Regel in der Zeit nach der Geburt oder vor den Wechseljahren. Die Vaginoplastik ist ein wichtiger Schritt f\u00fcr Frauen, die ihr Sexualleben verbessern oder die \u00c4sthetik ihrer Genitalien korrigieren m\u00f6chten. Es ist jedoch wichtig, dass vor dem Eingriff eine umfassende Gesundheitsuntersuchung durchgef\u00fchrt wird. Der Zeitpunkt des Eingriffs sollte entsprechend den pers\u00f6nlichen Zielen und dem Gesundheitszustand festgelegt werden.<\/span><\/p><h2><span style=\"font-weight: 400;\">Wann beginnt das Sexualleben nach einer Vaginoplastik?<\/span><\/h2><p><span style=\"font-weight: 400;\">Wann das Sexualleben nach einer Vaginoplastik beginnt, h\u00e4ngt vom Heilungsprozess und von den Empfehlungen des Arztes ab. Die meisten Frauen sollten f\u00fcr einen Zeitraum von bis zu 6 Wochen keinen Geschlechtsverkehr haben. In dieser Zeit kann das Vaginalgewebe abheilen und die Empfindlichkeit abnehmen. Die Entscheidung, mit dem Geschlechtsverkehr zu beginnen, sollte entsprechend den Empfehlungen des Arztes getroffen werden.<\/span><\/p><h2><span style=\"font-weight: 400;\">Unterschiede zwischen Vaginoplastik und Labioplastik<\/span><\/h2><p><span style=\"font-weight: 400;\">Der Hauptunterschied zwischen einer Vaginoplastik und einer Schamlippenkorrektur besteht darin, dass der behandelte Bereich ein anderer ist. Bei der Vaginoplastik werden die Muskeln und das Gewebe der Vagina gestrafft, w\u00e4hrend bei der Schamlippenkorrektur \u00e4sthetische Ver\u00e4nderungen an den \u00e4u\u00dferen Schamlippen vorgenommen werden. Beide Eingriffe werden in der Regel zu \u00e4sthetischen und funktionellen Zwecken durchgef\u00fchrt, wobei die Vaginoplastik mehr Straffung und funktionelle Verbesserung im Vaginalbereich bewirkt.<\/span><\/p><p><br \/><br \/><\/p>\t\t\t\t\t\t\t\t<\/div>\n\t\t\t\t<\/div>\n\t\t\t\t\t<\/div>\n\t\t\t\t<\/div>\n\t\t\t\t<\/div>","protected":false},"excerpt":{"rendered":"<p>Vajinoplasti, kad\u0131nlar\u0131n genital estetik ve fonksiyonel ihtiya\u00e7lar\u0131na y\u00f6nelik uygulanan bir cerrahi m\u00fcdahaledir. Do\u011fum sonras\u0131 vajinal gev\u015feme, ya\u015flanma veya genetik fakt\u00f6rler<\/p>","protected":false},"author":1,"featured_media":0,"parent":0,"menu_order":0,"comment_status":"closed","ping_status":"closed","template":"","meta":{"footnotes":""},"class_list":["post-27830","page","type-page","status-publish","hentry"],"_links":{"self":[{"href":"https:\/\/westestetik.com\/de\/wp-json\/wp\/v2\/pages\/27830","targetHints":{"allow":["GET"]}}],"collection":[{"href":"https:\/\/westestetik.com\/de\/wp-json\/wp\/v2\/pages"}],"about":[{"href":"https:\/\/westestetik.com\/de\/wp-json\/wp\/v2\/types\/page"}],"author":[{"embeddable":true,"href":"https:\/\/westestetik.com\/de\/wp-json\/wp\/v2\/users\/1"}],"replies":[{"embeddable":true,"href":"https:\/\/westestetik.com\/de\/wp-json\/wp\/v2\/comments?post=27830"}],"version-history":[{"count":4,"href":"https:\/\/westestetik.com\/de\/wp-json\/wp\/v2\/pages\/27830\/revisions"}],"predecessor-version":[{"id":27920,"href":"https:\/\/westestetik.com\/de\/wp-json\/wp\/v2\/pages\/27830\/revisions\/27920"}],"wp:attachment":[{"href":"https:\/\/westestetik.com\/de\/wp-json\/wp\/v2\/media?parent=27830"}],"curies":[{"name":"wp","href":"https:\/\/api.w.org\/{rel}","templated":true}]}}