{"id":27828,"date":"2024-12-02T23:19:55","date_gmt":"2024-12-02T23:19:55","guid":{"rendered":"https:\/\/westestetik.com\/?page_id=27828"},"modified":"2024-12-02T23:21:04","modified_gmt":"2024-12-02T23:21:04","slug":"labioplasti-ve-vajinoplasti","status":"publish","type":"page","link":"https:\/\/westestetik.com\/de\/labioplasti-ve-vajinoplasti\/","title":{"rendered":"Labioplastik und Vaginoplastik"},"content":{"rendered":"<div data-elementor-type=\"wp-page\" data-elementor-id=\"27828\" class=\"elementor elementor-27828\" data-elementor-post-type=\"page\">\n\t\t\t\t<div class=\"wd-negative-gap elementor-element elementor-element-e150b12 e-flex e-con-boxed e-con e-parent\" data-id=\"e150b12\" data-element_type=\"container\">\n\t\t\t\t\t<div class=\"e-con-inner\">\n\t\t\t\t<div class=\"elementor-element elementor-element-7286009 elementor-widget elementor-widget-image\" data-id=\"7286009\" data-element_type=\"widget\" data-widget_type=\"image.default\">\n\t\t\t\t<div class=\"elementor-widget-container\">\n\t\t\t\t\t\t\t\t\t\t\t\t\t\t\t<img fetchpriority=\"high\" decoding=\"async\" width=\"1300\" height=\"384\" src=\"https:\/\/westestetik.com\/wp-content\/uploads\/2024\/12\/Uygulama-1-1300x384.png\" class=\"attachment-large size-large wp-image-27725\" alt=\"Krankheiten\" srcset=\"https:\/\/westestetik.com\/wp-content\/uploads\/2024\/12\/Uygulama-1-1300x384.png 1300w, https:\/\/westestetik.com\/wp-content\/uploads\/2024\/12\/Uygulama-1-430x127.png 430w, https:\/\/westestetik.com\/wp-content\/uploads\/2024\/12\/Uygulama-1-150x44.png 150w, https:\/\/westestetik.com\/wp-content\/uploads\/2024\/12\/Uygulama-1-700x207.png 700w, https:\/\/westestetik.com\/wp-content\/uploads\/2024\/12\/Uygulama-1-400x118.png 400w, https:\/\/westestetik.com\/wp-content\/uploads\/2024\/12\/Uygulama-1-768x227.png 768w, https:\/\/westestetik.com\/wp-content\/uploads\/2024\/12\/Uygulama-1-1536x453.png 1536w, https:\/\/westestetik.com\/wp-content\/uploads\/2024\/12\/Uygulama-1-2048x604.png 2048w\" sizes=\"(max-width: 1300px) 100vw, 1300px\" \/>\t\t\t\t\t\t\t\t\t\t\t\t\t\t\t<\/div>\n\t\t\t\t<\/div>\n\t\t\t\t\t<\/div>\n\t\t\t\t<\/div>\n\t\t<div class=\"wd-negative-gap elementor-element elementor-element-fc477f8 e-grid e-con-boxed e-con e-parent\" data-id=\"fc477f8\" data-element_type=\"container\">\n\t\t\t\t\t<div class=\"e-con-inner\">\n\t\t\t\t<div class=\"elementor-element elementor-element-c2ad78f color-scheme-inherit text-left elementor-widget elementor-widget-text-editor\" data-id=\"c2ad78f\" data-element_type=\"widget\" data-widget_type=\"text-editor.default\">\n\t\t\t\t<div class=\"elementor-widget-container\">\n\t\t\t\t\t\t\t\t\t<h2><span style=\"font-weight: 400;\">Wie wird die brasilianische Po-Lifting-Operation durchgef\u00fchrt?<\/span><\/h2><p><span style=\"font-weight: 400;\">Die brasilianische Po-Lifting-Operation ist einer der beliebtesten Eingriffe im Bereich der \u00c4sthetik, der mit der Methode des Fetttransfers (Lipofilling) durchgef\u00fchrt wird. Bei diesem Verfahren wird \u00fcbersch\u00fcssiges Fett aus bestimmten K\u00f6rperregionen auf das Ges\u00e4\u00df \u00fcbertragen. Die brasilianische Ges\u00e4\u00dfstraffung besteht aus zwei Phasen. In der ersten Phase wird \u00fcbersch\u00fcssiges Fett mit der Methode der Fettabsaugung entfernt. Dieses Fett, das in der Regel an der Taille, dem Bauch, den H\u00fcften oder den Innenseiten der Beine entnommen wird, wird in einem speziellen Verfahren gereinigt. Die gereinigten Fettzellen werden vorsichtig in den Po-Bereich injiziert.<\/span><\/p><p><span style=\"font-weight: 400;\">Bei der Fettinjektion achtet der Chirurg auf strategische Punkte, um dem Ges\u00e4\u00df ein pralles und nat\u00fcrliches Aussehen zu verleihen. Auf diese Weise wird das Ges\u00e4\u00df besser geformt und mit den K\u00f6rperkonturen in Einklang gebracht. Die brasilianische Ges\u00e4\u00dfstraffung wird in der Regel unter Vollnarkose durchgef\u00fchrt und dauert zwischen 2 und 4 Stunden. W\u00e4hrend des Eingriffs k\u00f6nnen gleichzeitig auch andere K\u00f6rperteile geformt werden, so dass der Po besser zur Geltung kommt.<\/span><\/p>\t\t\t\t\t\t\t\t<\/div>\n\t\t\t\t<\/div>\n\t\t\t\t<div class=\"elementor-element elementor-element-e509358 color-scheme-inherit text-left elementor-widget elementor-widget-text-editor\" data-id=\"e509358\" data-element_type=\"widget\" data-widget_type=\"text-editor.default\">\n\t\t\t\t<div class=\"elementor-widget-container\">\n\t\t\t\t\t\t\t\t\t<h2><span style=\"font-weight: 400;\">Wer ist f\u00fcr eine brasilianische Po-Lifting-Operation geeignet?<\/span><\/h2><p><span style=\"font-weight: 400;\">Die brasilianische Ges\u00e4\u00dfstraffung ist ideal f\u00fcr Menschen, die Probleme mit der F\u00fclle und Deformierung im Ges\u00e4\u00dfbereich haben. Wenn Ihr Po flach ist, schlaff h\u00e4ngt oder an Volumen verloren hat, k\u00f6nnte diese Operation f\u00fcr Sie geeignet sein. Es gibt jedoch einige Kriterien, die f\u00fcr eine solche Operation erf\u00fcllt sein m\u00fcssen:<\/span><\/p><ul><li><span style=\"font-weight: 400;\">Ausreichende Zufuhr von Fett in Ihrem K\u00f6rper.<\/span><\/li><li><span style=\"font-weight: 400;\">Sie sind bei guter allgemeiner Gesundheit.<\/span><\/li><li><span style=\"font-weight: 400;\">Die Elastizit\u00e4t Ihrer Haut ist so gro\u00df, dass sie die postoperative Form unterst\u00fctzt.<\/span><\/li><li><span style=\"font-weight: 400;\">Haben Sie realistische Erwartungen.<\/span><\/li><\/ul><p><span style=\"font-weight: 400;\">Wenn Sie sehr d\u00fcnn sind und nicht gen\u00fcgend Fettgewebe in Ihrem K\u00f6rper haben, ist eine brasilianische Po-Lifting-Operation m\u00f6glicherweise nicht f\u00fcr Sie geeignet. Stattdessen kann es notwendig sein, andere \u00e4sthetische Methoden in Betracht zu ziehen.<\/span><\/p>\t\t\t\t\t\t\t\t<\/div>\n\t\t\t\t<\/div>\n\t\t\t\t\t<\/div>\n\t\t\t\t<\/div>\n\t\t<div class=\"wd-negative-gap elementor-element elementor-element-ea4a1a7 e-grid e-con-boxed e-con e-parent\" data-id=\"ea4a1a7\" data-element_type=\"container\">\n\t\t\t\t\t<div class=\"e-con-inner\">\n\t\t\t\t<div class=\"elementor-element elementor-element-2a18f96 color-scheme-inherit text-left elementor-widget elementor-widget-text-editor\" data-id=\"2a18f96\" data-element_type=\"widget\" data-widget_type=\"text-editor.default\">\n\t\t\t\t<div class=\"elementor-widget-container\">\n\t\t\t\t\t\t\t\t\t<h2><span style=\"font-weight: 400;\">Was sind die Vorteile des Brazilian Butt Lift?<\/span><\/h2><p><span style=\"font-weight: 400;\">Die brasilianische Po-Lifting-Operation bietet viele Vorteile im Vergleich zu anderen \u00e4sthetischen Verfahren:<\/span><\/p><ul><li><span style=\"font-weight: 400;\">Es sorgt f\u00fcr ein nat\u00fcrliches und \u00e4sthetisches Aussehen: Es vergr\u00f6\u00dfert die F\u00fclle Ihres Hinterns und harmonisiert mit Ihren K\u00f6rperkonturen.<\/span><\/li><li><span style=\"font-weight: 400;\">Sie formt den K\u00f6rper: Das bei der Fettabsaugung entfernte Fett l\u00e4sst die Taille und den Bauch schlanker werden, so dass Sie ein kurvenreicheres Aussehen erhalten.<\/span><\/li><li><span style=\"font-weight: 400;\">Sie bietet dauerhafte Ergebnisse: Langfristige Ergebnisse werden erzielt, wenn nach der Operation eine Gewichtskontrolle durchgef\u00fchrt wird.<\/span><\/li><li><span style=\"font-weight: 400;\">Es schafft eine nat\u00fcrliche F\u00fclle: Da Ihr eigenes Fettgewebe anstelle von F\u00fcllstoffen verwendet wird, wird ein Ergebnis erzielt, das vollst\u00e4ndig mit Ihrem K\u00f6rper kompatibel ist.<\/span><\/li><\/ul><p><span style=\"font-weight: 400;\">Diese Vorteile helfen Ihnen, Ihre K\u00f6rperproportionen zu optimieren und gleichzeitig Ihre \u00e4sthetischen Ziele zu verwirklichen.<\/span><\/p>\t\t\t\t\t\t\t\t<\/div>\n\t\t\t\t<\/div>\n\t\t\t\t<div class=\"elementor-element elementor-element-0aa6620 color-scheme-inherit text-left elementor-widget elementor-widget-text-editor\" data-id=\"0aa6620\" data-element_type=\"widget\" data-widget_type=\"text-editor.default\">\n\t\t\t\t<div class=\"elementor-widget-container\">\n\t\t\t\t\t\t\t\t\t<h2><span style=\"font-weight: 400;\">Erholungsprozess nach Brazilian Butt Lift<\/span><\/h2><p><span style=\"font-weight: 400;\">Der Erholungsprozess nach einer brasilianischen Ges\u00e4\u00dfstraffung ist ein Prozess, der sich direkt auf den Erfolg des Ergebnisses auswirkt. In den ersten Tagen benutzen die Patientinnen in der Regel ein spezielles Po-Kissen. Dieses Kissen erm\u00f6glicht es Ihnen, ohne direkten Druck auf Ihr Ges\u00e4\u00df zu sitzen.<\/span><\/p><p><span style=\"font-weight: 400;\">In den ersten Wochen k\u00f6nnen Nebenwirkungen wie Schwellungen und Bluterg\u00fcsse auftreten. Dies ist v\u00f6llig normal und verschwindet normalerweise innerhalb von 2-3 Wochen. Die folgenden Punkte sollten nach einer brasilianischen Po-Lifting-Operation beachtet werden:<\/span><\/p><ul><li><span style=\"font-weight: 400;\">Nach der Operation sollten Sie f\u00fcr 2-3 Wochen nicht direkt auf dem Ges\u00e4\u00df sitzen.<\/span><\/li><li><span style=\"font-weight: 400;\">In den ersten Wochen sollte die k\u00f6rperliche Aktivit\u00e4t eingeschr\u00e4nkt werden.<\/span><\/li><li><span style=\"font-weight: 400;\">Das Tragen eines Kompressionsmantels unterst\u00fctzt die Heilung der Operationsstelle und verringert die Schwellung.<\/span><\/li><\/ul><p><span style=\"font-weight: 400;\">Sonu\u00e7lar tam anlam\u0131yla 3-6 ay aras\u0131nda ortaya \u00e7\u0131kar. Bu s\u00fcre zarf\u0131nda, ya\u011f dokusunun %70-80\u2019i kal\u0131c\u0131 hale gelir.<\/span><\/p>\t\t\t\t\t\t\t\t<\/div>\n\t\t\t\t<\/div>\n\t\t\t\t\t<\/div>\n\t\t\t\t<\/div>\n\t\t<div class=\"wd-negative-gap elementor-element elementor-element-38fd2e4 e-grid e-con-boxed e-con e-parent\" data-id=\"38fd2e4\" data-element_type=\"container\">\n\t\t\t\t\t<div class=\"e-con-inner\">\n\t\t\t\t<div class=\"elementor-element elementor-element-f50b5dc color-scheme-inherit text-left elementor-widget elementor-widget-text-editor\" data-id=\"f50b5dc\" data-element_type=\"widget\" data-widget_type=\"text-editor.default\">\n\t\t\t\t<div class=\"elementor-widget-container\">\n\t\t\t\t\t\t\t\t\t<h2><span style=\"font-weight: 400;\">Pr\u00e4operative Vorbereitung und Vorsichtsma\u00dfnahmen<\/span><\/h2><p><span style=\"font-weight: 400;\">Sie sollten die Anweisungen Ihres Chirurgen vor der brasilianischen Po-Lifting-Operation sorgf\u00e4ltig befolgen. Einige Vorbereitungen, die vor der brasilianischen Ges\u00e4\u00dfstraffung getroffen werden m\u00fcssen, sind die folgenden:<\/span><\/p><ul><li><span style=\"font-weight: 400;\">Wenn Sie rauchen, wird empfohlen, mindestens 4 Wochen vor der Operation mit dem Rauchen aufzuh\u00f6ren.<\/span><\/li><li><span style=\"font-weight: 400;\">Blutverd\u00fcnner sollten mindestens 10 Tage vor der Operation abgesetzt werden.<\/span><\/li><li><span style=\"font-weight: 400;\">Viel Wasser trinken und eine gesunde Ern\u00e4hrung bereiten Ihren K\u00f6rper auf die Operation vor.<\/span><\/li><\/ul><p><span style=\"font-weight: 400;\">Wenn Sie diese Schritte befolgen, k\u00f6nnen Sie den Vorgang reibungsloser abwickeln.<\/span><\/p>\t\t\t\t\t\t\t\t<\/div>\n\t\t\t\t<\/div>\n\t\t\t\t<div class=\"elementor-element elementor-element-b2df946 color-scheme-inherit text-left elementor-widget elementor-widget-text-editor\" data-id=\"b2df946\" data-element_type=\"widget\" data-widget_type=\"text-editor.default\">\n\t\t\t\t<div class=\"elementor-widget-container\">\n\t\t\t\t\t\t\t\t\t<h2><span style=\"font-weight: 400;\">Preise f\u00fcr brasilianische Po-Lifting-Operationen<\/span><\/h2><p><span style=\"font-weight: 400;\">Brezilya popo kald\u0131rma ameliyat\u0131 fiyatlar\u0131, pek \u00e7ok fakt\u00f6re ba\u011fl\u0131 olarak de\u011fi\u015fiklik g\u00f6stermektedir. Cerrah\u0131n deneyimi, ameliyat\u0131n ger\u00e7ekle\u015ftirilece\u011fi klinik, kullan\u0131lan teknikler ve operasyon s\u0131ras\u0131nda liposuction uygulanacak b\u00f6lgelerin say\u0131s\u0131, fiyat\u0131 etkileyen ba\u015fl\u0131ca unsurlard\u0131r. Ayr\u0131ca, ameliyat s\u0131ras\u0131nda transfer edilecek ya\u011f miktar\u0131 da maliyeti belirleyen \u00f6nemli bir kriterdir. Ki\u015fiye \u00f6zel bir de\u011ferlendirme yap\u0131lmadan net bir fiyat belirlemek m\u00fcmk\u00fcn de\u011fildir. Bu nedenle, detayl\u0131 bir dan\u0131\u015fmanl\u0131k alarak<\/span><\/p>\t\t\t\t\t\t\t\t<\/div>\n\t\t\t\t<\/div>\n\t\t\t\t\t<\/div>\n\t\t\t\t<\/div>\n\t\t\t\t<\/div>","protected":false},"excerpt":{"rendered":"<p>Brezilya Popo Kald\u0131rma Ameliyat\u0131 Nas\u0131l Yap\u0131l\u0131r? Brezilya popo kald\u0131rma ameliyat\u0131, ya\u011f transferi (lipofilling) y\u00f6ntemiyle yap\u0131lan ve estetik alan\u0131ndaki en pop\u00fcler<\/p>","protected":false},"author":1,"featured_media":0,"parent":0,"menu_order":0,"comment_status":"closed","ping_status":"closed","template":"","meta":{"footnotes":""},"class_list":["post-27828","page","type-page","status-publish","hentry"],"_links":{"self":[{"href":"https:\/\/westestetik.com\/de\/wp-json\/wp\/v2\/pages\/27828","targetHints":{"allow":["GET"]}}],"collection":[{"href":"https:\/\/westestetik.com\/de\/wp-json\/wp\/v2\/pages"}],"about":[{"href":"https:\/\/westestetik.com\/de\/wp-json\/wp\/v2\/types\/page"}],"author":[{"embeddable":true,"href":"https:\/\/westestetik.com\/de\/wp-json\/wp\/v2\/users\/1"}],"replies":[{"embeddable":true,"href":"https:\/\/westestetik.com\/de\/wp-json\/wp\/v2\/comments?post=27828"}],"version-history":[{"count":1,"href":"https:\/\/westestetik.com\/de\/wp-json\/wp\/v2\/pages\/27828\/revisions"}],"predecessor-version":[{"id":27829,"href":"https:\/\/westestetik.com\/de\/wp-json\/wp\/v2\/pages\/27828\/revisions\/27829"}],"wp:attachment":[{"href":"https:\/\/westestetik.com\/de\/wp-json\/wp\/v2\/media?parent=27828"}],"curies":[{"name":"wp","href":"https:\/\/api.w.org\/{rel}","templated":true}]}}