{"id":27823,"date":"2024-12-02T23:18:44","date_gmt":"2024-12-02T23:18:44","guid":{"rendered":"https:\/\/westestetik.com\/?page_id=27823"},"modified":"2025-02-20T16:31:49","modified_gmt":"2025-02-20T13:31:49","slug":"schamlippenkorrektur-2","status":"publish","type":"page","link":"https:\/\/westestetik.com\/de\/schamlippenkorrektur-2\/","title":{"rendered":"Schamlippenkorrektur"},"content":{"rendered":"<div data-elementor-type=\"wp-page\" data-elementor-id=\"27823\" class=\"elementor elementor-27823\" data-elementor-post-type=\"page\">\n\t\t\t\t<div class=\"wd-negative-gap elementor-element elementor-element-e150b12 e-flex e-con-boxed e-con e-parent\" data-id=\"e150b12\" data-element_type=\"container\">\n\t\t\t\t\t<div class=\"e-con-inner\">\n\t\t\t\t<div class=\"elementor-element elementor-element-7286009 elementor-widget elementor-widget-image\" data-id=\"7286009\" data-element_type=\"widget\" data-widget_type=\"image.default\">\n\t\t\t\t<div class=\"elementor-widget-container\">\n\t\t\t\t\t\t\t\t\t\t\t\t\t\t\t<img fetchpriority=\"high\" decoding=\"async\" width=\"1300\" height=\"384\" src=\"https:\/\/westestetik.com\/wp-content\/uploads\/2024\/12\/Uygulama-1-1300x384.png\" class=\"attachment-large size-large wp-image-27725\" alt=\"Krankheiten\" srcset=\"https:\/\/westestetik.com\/wp-content\/uploads\/2024\/12\/Uygulama-1-1300x384.png 1300w, https:\/\/westestetik.com\/wp-content\/uploads\/2024\/12\/Uygulama-1-430x127.png 430w, https:\/\/westestetik.com\/wp-content\/uploads\/2024\/12\/Uygulama-1-150x44.png 150w, https:\/\/westestetik.com\/wp-content\/uploads\/2024\/12\/Uygulama-1-700x207.png 700w, https:\/\/westestetik.com\/wp-content\/uploads\/2024\/12\/Uygulama-1-400x118.png 400w, https:\/\/westestetik.com\/wp-content\/uploads\/2024\/12\/Uygulama-1-768x227.png 768w, https:\/\/westestetik.com\/wp-content\/uploads\/2024\/12\/Uygulama-1-1536x453.png 1536w, https:\/\/westestetik.com\/wp-content\/uploads\/2024\/12\/Uygulama-1-2048x604.png 2048w\" sizes=\"(max-width: 1300px) 100vw, 1300px\" \/>\t\t\t\t\t\t\t\t\t\t\t\t\t\t\t<\/div>\n\t\t\t\t<\/div>\n\t\t\t\t\t<\/div>\n\t\t\t\t<\/div>\n\t\t<div class=\"wd-negative-gap elementor-element elementor-element-959a9ff e-flex e-con-boxed e-con e-parent\" data-id=\"959a9ff\" data-element_type=\"container\">\n\t\t\t\t\t<div class=\"e-con-inner\">\n\t\t\t\t<div class=\"elementor-element elementor-element-45ef644 color-scheme-inherit text-left elementor-widget elementor-widget-text-editor\" data-id=\"45ef644\" data-element_type=\"widget\" data-widget_type=\"text-editor.default\">\n\t\t\t\t<div class=\"elementor-widget-container\">\n\t\t\t\t\t\t\t\t\t<p><span style=\"font-weight: 400;\">Die Schamlippenplastik ist ein h\u00e4ufig bevorzugter Eingriff im Bereich der \u00e4sthetischen Genitalchirurgie und hilft Frauen, \u00e4sthetische und funktionelle Probleme im Genitalbereich zu beheben. Beschwerden wie Asymmetrie, Vergr\u00f6\u00dferung, Unbehagen oder \u00e4sthetische Bedenken in Bezug auf die kleinen Schamlippen veranlassen viele Frauen, diesen Eingriff in Betracht zu ziehen.<\/span><\/p><h2><span style=\"font-weight: 400;\">Was ist eine Schamlippenkorrektur und in welchen F\u00e4llen wird sie durchgef\u00fchrt?<\/span><\/h2><p><span style=\"font-weight: 400;\">Die Schamlippenkorrektur ist ein chirurgischer Eingriff zur Verkleinerung oder Formung der kleinen Schamlippen (Labien) im Genitalbereich. Dieser Eingriff kann aus \u00e4sthetischen Gr\u00fcnden oder aufgrund von k\u00f6rperlichen Beschwerden vorgenommen werden. Manche Frauen klagen \u00fcber eine angeborene Asymmetrie, Alterung oder postnatale Ver\u00e4nderungen im Genitalbereich. Die Schamlippenplastik wird durchgef\u00fchrt, um solche Zust\u00e4nde zu korrigieren und das Wohlbefinden der Frauen zu steigern.<\/span><\/p><h2><span style=\"font-weight: 400;\">Wie wird die Labioplastik durchgef\u00fchrt?<\/span><\/h2><p><span style=\"font-weight: 400;\">Die Schamlippenkorrektur ist ein Eingriff, der in der Regel unter \u00f6rtlicher Bet\u00e4ubung durchgef\u00fchrt wird. W\u00e4hrend des Eingriffs werden die inneren Schamlippen der Vagina verkleinert und auf die gew\u00fcnschte Gr\u00f6\u00dfe gebracht. Der Eingriff dauert in der Regel 1-2 Stunden, und die Patientinnen k\u00f6nnen noch am selben Tag entlassen werden. Der Chirurg platziert die N\u00e4hte in nat\u00fcrlichen Falten, so dass die Narben minimal sind. Dank dieser Methode k\u00f6nnen sowohl \u00e4sthetisch als auch funktionell hervorragende Ergebnisse erzielt werden.<\/span><\/p><h2><span style=\"font-weight: 400;\">Wie lange dauert eine Schamlippenkorrektur?<\/span><\/h2><p><span style=\"font-weight: 400;\">Eine Schamlippenkorrektur ist ein Eingriff, der in der Regel 1-2 Stunden dauert und unter \u00f6rtlicher Bet\u00e4ubung durchgef\u00fchrt werden kann. Die Patientinnen k\u00f6nnen innerhalb weniger Stunden nach dem Eingriff entlassen werden. Der Heilungsprozess kann jedoch mehrere Tage dauern. Die Dauer kann je nach den bei der Operation angewandten Techniken und der K\u00f6rperstruktur der Patientin variieren, im Allgemeinen handelt es sich jedoch um einen kurzfristigen Eingriff.<\/span><\/p><h2><span style=\"font-weight: 400;\">Wie verl\u00e4uft der Heilungsprozess nach einer Schamlippenkorrektur?<\/span><\/h2><p><span style=\"font-weight: 400;\">Der Heilungsprozess nach einer Schamlippenkorrektur verl\u00e4uft in der Regel schnell, aber es gibt einige Punkte, die zu beachten sind. In den ersten Tagen kann es zu leichten Schmerzen und Schwellungen kommen. Au\u00dferdem k\u00f6nnen die Patientinnen innerhalb von 1-2 Wochen zu ihren normalen Aktivit\u00e4ten zur\u00fcckkehren. Aktivit\u00e4ten wie Geschlechtsverkehr und intensive k\u00f6rperliche Bet\u00e4tigung werden im Allgemeinen nach 4-6 Wochen empfohlen. W\u00e4hrend des Heilungsprozesses ist es sehr wichtig, sich an die Empfehlungen des Arztes zu halten.<\/span><\/p><h2><span style=\"font-weight: 400;\">Welche Risiken und Nebenwirkungen hat eine Schamlippenkorrektur?<\/span><\/h2><p><span style=\"font-weight: 400;\">Obwohl die Schamlippenkorrektur im Allgemeinen ein sicherer Eingriff ist, k\u00f6nnen wie bei jedem chirurgischen Eingriff einige Risiken bestehen. Zu diesen Risiken geh\u00f6ren Infektionen, Blutungen, Narbenbildung oder Gef\u00fchlsverlust. Diese Risiken k\u00f6nnen jedoch durch Eingriffe, die von einem spezialisierten Chirurgen durchgef\u00fchrt werden, minimiert werden. Dar\u00fcber hinaus ist es wichtig, die Empfehlungen des Arztes in der postoperativen Phase genau zu befolgen, um Komplikationen zu vermeiden.<\/span><\/p><h2><span style=\"font-weight: 400;\">Wie hoch sind die Preise f\u00fcr eine Labioplastik?<\/span><\/h2><p><span style=\"font-weight: 400;\">Die Preise f\u00fcr eine Schamlippenkorrektur k\u00f6nnen je nach Erfahrung des Chirurgen, der klinischen Ausstattung, dem Umfang des Eingriffs und der Beschaffenheit des Bereichs variieren. Im Allgemeinen werden die Kosten f\u00fcr eine Labiaplastik, wie auch f\u00fcr andere \u00e4sthetische Eingriffe, nicht von den Krankenkassen \u00fcbernommen und m\u00fcssen von den Patientinnen selbst getragen werden. Um klare Informationen \u00fcber den Preis zu erhalten, ist es wichtig, einen Spezialisten zu konsultieren und die pers\u00f6nliche Situation zu bewerten.<\/span><\/p><h2><span style=\"font-weight: 400;\">Welche Vorbereitungen sollten vor und nach einer Schamlippenkorrektur getroffen werden?<\/span><\/h2><p><span style=\"font-weight: 400;\">Vor der Schamlippenkorrektur wird der allgemeine Gesundheitszustand der Patientinnen untersucht. Vor dem Eingriff kann es ratsam sein, auf Blutverd\u00fcnner zu verzichten und das Rauchen zu reduzieren. Nach der Operation sollten die hygienischen Bedingungen eingehalten und die verschriebenen Medikamente regelm\u00e4\u00dfig eingenommen werden. Dar\u00fcber hinaus ist es wichtig, den Genitalbereich zu reinigen, um das Risiko einer Infektion zu vermeiden.<\/span><\/p><h2><span style=\"font-weight: 400;\">F\u00fcr wen ist die Labioplastik geeignet?<\/span><\/h2><p><span style=\"font-weight: 400;\">Die Schamlippenkorrektur ist im Allgemeinen f\u00fcr Frauen geeignet, deren innere Lippen im Genitalbereich \u00e4sthetische oder funktionelle Probleme verursachen. Dieser Eingriff wird f\u00fcr gesunde Frauen \u00fcber 18 Jahren empfohlen. Er kann auch eine ideale L\u00f6sung f\u00fcr Frauen sein, die nach der Geburt Ver\u00e4nderungen erfahren und \u00e4sthetische Bedenken haben. F\u00fcr Frauen, die eine Schwangerschaft planen, wird der Eingriff jedoch nicht empfohlen.<\/span><\/p><h2><span style=\"font-weight: 400;\">Wann kann das Sexualleben nach einer Schamlippenkorrektur wieder aufgenommen werden?<\/span><\/h2><p><span style=\"font-weight: 400;\">Die Zeit bis zur Wiederaufnahme des Sexuallebens nach einer Schamlippenkorrektur kann von Person zu Person variieren, aber in der Regel kann nach 4 bis 6 Wochen mit dem normalen Geschlechtsverkehr begonnen werden. W\u00e4hrend dieser Zeit sollte die Heilung abgeschlossen sein und die Empfehlungen des Chirurgen ber\u00fccksichtigt werden. Nach dem Eingriff kann es zu positiven Ver\u00e4nderungen im Sexualleben kommen, da Unbehagen oder \u00e4sthetische Bedenken im Genitalbereich beseitigt werden.<\/span><\/p><h2><span style=\"font-weight: 400;\">Wann sind die Ergebnisse der Schamlippenkorrektur sichtbar?<\/span><\/h2><p><span style=\"font-weight: 400;\">Die Ergebnisse nach einer Schamlippenkorrektur sind in der Regel schon nach wenigen Wochen sichtbar. Nachdem der anf\u00e4ngliche Heilungsprozess abgeschlossen ist, sind die endg\u00fcltigen Ergebnisse innerhalb von 3-6 Monaten zu sehen. In dieser Zeit bilden sich die Schwellungen vollst\u00e4ndig zur\u00fcck und die N\u00e4hte im Genitalbereich heilen ab. Nach der Operation ist in der Regel eine deutliche Verbesserung und ein \u00e4sthetisch zufriedenstellendes Ergebnis zu verzeichnen.<\/span><\/p>\t\t\t\t\t\t\t\t<\/div>\n\t\t\t\t<\/div>\n\t\t\t\t\t<\/div>\n\t\t\t\t<\/div>\n\t\t\t\t<\/div>","protected":false},"excerpt":{"rendered":"<p>Labiaplasti, genital estetik cerrahi alan\u0131nda s\u0131k tercih edilen bir prosed\u00fcrd\u00fcr ve kad\u0131nlar\u0131n genital b\u00f6lgede estetik ve fonksiyonel sorunlar\u0131 gidermelerine yard\u0131mc\u0131<\/p>","protected":false},"author":1,"featured_media":0,"parent":0,"menu_order":0,"comment_status":"closed","ping_status":"closed","template":"","meta":{"footnotes":""},"class_list":["post-27823","page","type-page","status-publish","hentry"],"_links":{"self":[{"href":"https:\/\/westestetik.com\/de\/wp-json\/wp\/v2\/pages\/27823","targetHints":{"allow":["GET"]}}],"collection":[{"href":"https:\/\/westestetik.com\/de\/wp-json\/wp\/v2\/pages"}],"about":[{"href":"https:\/\/westestetik.com\/de\/wp-json\/wp\/v2\/types\/page"}],"author":[{"embeddable":true,"href":"https:\/\/westestetik.com\/de\/wp-json\/wp\/v2\/users\/1"}],"replies":[{"embeddable":true,"href":"https:\/\/westestetik.com\/de\/wp-json\/wp\/v2\/comments?post=27823"}],"version-history":[{"count":12,"href":"https:\/\/westestetik.com\/de\/wp-json\/wp\/v2\/pages\/27823\/revisions"}],"predecessor-version":[{"id":30825,"href":"https:\/\/westestetik.com\/de\/wp-json\/wp\/v2\/pages\/27823\/revisions\/30825"}],"wp:attachment":[{"href":"https:\/\/westestetik.com\/de\/wp-json\/wp\/v2\/media?parent=27823"}],"curies":[{"name":"wp","href":"https:\/\/api.w.org\/{rel}","templated":true}]}}