{"id":27806,"date":"2024-12-02T23:09:50","date_gmt":"2024-12-02T23:09:50","guid":{"rendered":"https:\/\/westestetik.com\/?page_id=27806"},"modified":"2024-12-25T10:54:15","modified_gmt":"2024-12-25T10:54:15","slug":"wangenknochenfullung","status":"publish","type":"page","link":"https:\/\/westestetik.com\/de\/wangenknochenfullung\/","title":{"rendered":"Wangenknochenauff\u00fcllung"},"content":{"rendered":"<div data-elementor-type=\"wp-page\" data-elementor-id=\"27806\" class=\"elementor elementor-27806\" data-elementor-post-type=\"page\">\n\t\t\t\t<div class=\"wd-negative-gap elementor-element elementor-element-e150b12 e-flex e-con-boxed e-con e-parent\" data-id=\"e150b12\" data-element_type=\"container\">\n\t\t\t\t\t<div class=\"e-con-inner\">\n\t\t\t\t<div class=\"elementor-element elementor-element-7286009 elementor-widget elementor-widget-image\" data-id=\"7286009\" data-element_type=\"widget\" data-widget_type=\"image.default\">\n\t\t\t\t<div class=\"elementor-widget-container\">\n\t\t\t\t\t\t\t\t\t\t\t\t\t\t\t<img fetchpriority=\"high\" decoding=\"async\" width=\"1300\" height=\"384\" src=\"https:\/\/westestetik.com\/wp-content\/uploads\/2024\/12\/Uygulama-1-1300x384.png\" class=\"attachment-large size-large wp-image-27725\" alt=\"Krankheiten\" srcset=\"https:\/\/westestetik.com\/wp-content\/uploads\/2024\/12\/Uygulama-1-1300x384.png 1300w, https:\/\/westestetik.com\/wp-content\/uploads\/2024\/12\/Uygulama-1-430x127.png 430w, https:\/\/westestetik.com\/wp-content\/uploads\/2024\/12\/Uygulama-1-150x44.png 150w, https:\/\/westestetik.com\/wp-content\/uploads\/2024\/12\/Uygulama-1-700x207.png 700w, https:\/\/westestetik.com\/wp-content\/uploads\/2024\/12\/Uygulama-1-400x118.png 400w, https:\/\/westestetik.com\/wp-content\/uploads\/2024\/12\/Uygulama-1-768x227.png 768w, https:\/\/westestetik.com\/wp-content\/uploads\/2024\/12\/Uygulama-1-1536x453.png 1536w, https:\/\/westestetik.com\/wp-content\/uploads\/2024\/12\/Uygulama-1-2048x604.png 2048w\" sizes=\"(max-width: 1300px) 100vw, 1300px\" \/>\t\t\t\t\t\t\t\t\t\t\t\t\t\t\t<\/div>\n\t\t\t\t<\/div>\n\t\t\t\t\t<\/div>\n\t\t\t\t<\/div>\n\t\t<div class=\"wd-negative-gap elementor-element elementor-element-5be8f54 e-flex e-con-boxed e-con e-parent\" data-id=\"5be8f54\" data-element_type=\"container\">\n\t\t\t\t\t<div class=\"e-con-inner\">\n\t\t\t\t<div class=\"elementor-element elementor-element-e77e90f color-scheme-inherit text-left elementor-widget elementor-widget-text-editor\" data-id=\"e77e90f\" data-element_type=\"widget\" data-widget_type=\"text-editor.default\">\n\t\t\t\t<div class=\"elementor-widget-container\">\n\t\t\t\t\t\t\t\t\t<p><span style=\"font-weight: 400;\">Die Auff\u00fcllung des Wangenknochens ist eine beliebte \u00e4sthetische Anwendung, um die Gesichtskonturen markanter und \u00e4sthetischer zu gestalten. Dieses Verfahren, das insbesondere von Menschen bevorzugt wird, die altersbedingt an Volumen verloren haben oder sich ein symmetrischeres Gesicht w\u00fcnschen, bietet eine schnelle und wirksame L\u00f6sung, ohne dass ein chirurgischer Eingriff erforderlich ist. F\u00fcllstoffe wie Hyalurons\u00e4ure werden verwendet, um den Wangenknochen Volumen zu verleihen, was zu j\u00fcngeren, lebendigeren und ausgeglicheneren Gesichtsz\u00fcgen f\u00fchrt. Die Wangenknochenauff\u00fcllung, die sowohl von Frauen als auch von M\u00e4nnern bevorzugt wird, zeichnet sich durch minimale Schmerzen und einen schnellen Heilungsprozess aus.\u00a0<\/span><\/p><h2><span style=\"font-weight: 400;\">Was ist eine Wangenknochenauff\u00fcllung und wie wird sie durchgef\u00fchrt?<\/span><\/h2><p><span style=\"font-weight: 400;\">Die Wangenknochenvergr\u00f6\u00dferung ist ein nicht-chirurgischer Eingriff zur Verbesserung der Gesichtskonturen und f\u00fcr ein \u00e4sthetischeres Aussehen. Bei diesem Verfahren werden Hyalurons\u00e4ure oder \u00e4hnliche F\u00fcllstoffe verwendet, um dem Wangenknochen Volumen zu verleihen. Dank der Wangenknochenauff\u00fcllung erh\u00e4lt das Gesicht ein j\u00fcngeres und symmetrischeres Aussehen. Der Eingriff wird in der Regel in kurzer Zeit durchgef\u00fchrt und erfordert keine Narkose, so dass die Patienten ihren Alltag sofort wieder aufnehmen k\u00f6nnen. Die Anwendung wird von spezialisierten \u00c4rzten sorgf\u00e4ltig durchgef\u00fchrt, so dass ein nat\u00fcrliches und harmonisches Ergebnis erzielt wird.<\/span><\/p><h2><span style=\"font-weight: 400;\">F\u00fcr wen ist Cheekbone Filler geeignet?<\/span><\/h2><p><span style=\"font-weight: 400;\">Die Wangenknochenauff\u00fcllung ist eine geeignete Behandlungsmethode vor allem f\u00fcr Menschen, die unter dem Verlust von Gesichtskonturen, altersbedingter Erschlaffung und Volumenverlust leiden. Dar\u00fcber hinaus k\u00f6nnen auch Menschen, die sich markantere Wangenknochen w\u00fcnschen, von diesem Verfahren profitieren. Auch junge Menschen, die ihre Gesichtsz\u00fcge symmetrischer gestalten wollen, k\u00f6nnen diese Behandlung im Einklang mit ihren \u00e4sthetischen Zielen in Anspruch nehmen. Das Filler-Verfahren ist jedoch nicht f\u00fcr jeden geeignet. So ist es beispielsweise f\u00fcr Menschen mit allergischen Reaktionen und bestimmten gesundheitlichen Problemen nicht zu empfehlen.<\/span><\/p><h2><span style=\"font-weight: 400;\">Welche Ergebnisse k\u00f6nnen mit einer Wangenknochenauff\u00fcllung erzielt werden?<\/span><\/h2><p><span style=\"font-weight: 400;\">Die Auff\u00fcllung der Wangenknochen tr\u00e4gt dazu bei, die Gesichtskonturen klarer zu gestalten, die Erschlaffung zu verringern und die Symmetrie des Gesichts insgesamt zu verbessern. Dank dieses Verfahrens werden die Wangenknochen st\u00e4rker betont und die Kieferlinie erh\u00e4lt ein \u00e4sthetischeres Aussehen. Dar\u00fcber hinaus wird die Haut, die aufgrund des Volumenverlustes durch den Alterungsprozess erschlafft ist, mit Fillern gestrafft und erh\u00e4lt ein j\u00fcngeres Aussehen. Diese Ergebnisse f\u00fcgen sich in die nat\u00fcrliche Sch\u00f6nheit der Person ein und schaffen eine \u00e4sthetische Integrit\u00e4t.<\/span><\/p><h2><span style=\"font-weight: 400;\">Wie lange ist die Wangenknochenauff\u00fcllung dauerhaft?<\/span><\/h2><p><span style=\"font-weight: 400;\">Die Ergebnisse von Wangenknochenfillern sind in der Regel f\u00fcr einen Zeitraum von 6 Monaten bis 2 Jahren dauerhaft. Faktoren wie die Art des verwendeten Fillers, die Hautstruktur und der Lebensstil der Person k\u00f6nnen die Dauerhaftigkeit beeinflussen. Filler auf Hyalurons\u00e4urebasis zeigen ihre Wirkung in der Regel zwischen 6 und 12 Monaten, w\u00e4hrend andere Filler l\u00e4nger anhaltende Ergebnisse liefern k\u00f6nnen. Dieser Zeitraum kann durch regelm\u00e4\u00dfige Pflege- und Auffrischungsbehandlungen in den erforderlichen Abst\u00e4nden verl\u00e4ngert werden.<\/span><\/p><h2><span style=\"font-weight: 400;\">Ist eine Wangenknochenauff\u00fcllung schmerzhaft?<\/span><\/h2><p><span style=\"font-weight: 400;\">Die Auff\u00fcllung des Wangenknochens ist in der Regel ein schmerzloser Eingriff. Vor dem Eingriff wird eine Creme zur \u00f6rtlichen Bet\u00e4ubung aufgetragen, und der Patient kann den Eingriff problemlos durchf\u00fchren. Die meisten Menschen sp\u00fcren die Injektion des F\u00fcllstoffs, aber das ist in der Regel nicht unangenehm. Au\u00dferdem kann ein leichtes Auftragen von Eis auf die verwendeten Filler die Schmerzen verringern. Nach dem Eingriff kann es zu minimalen Schwellungen oder Bluterg\u00fcssen kommen, die jedoch nur vor\u00fcbergehend sind und innerhalb weniger Tage verschwinden.<\/span><\/p><h2><span style=\"font-weight: 400;\">Wie sieht der Heilungsprozess nach einer Wangenknochenauff\u00fcllung aus?<\/span><\/h2><p><span style=\"font-weight: 400;\">Der Heilungsprozess nach einer Wangenknochenauff\u00fcllung ist recht schnell. Die meisten Patienten k\u00f6nnen unmittelbar nach dem Eingriff wieder ihren t\u00e4glichen Aktivit\u00e4ten nachgehen. An der Injektionsstelle kann es zu einer leichten Schwellung oder einem Bluterguss kommen, der aber in der Regel innerhalb weniger Tage abklingt. Nach dem Eingriff wird den Patienten geraten, in den ersten 24 bis 48 Stunden kein Make-up zu tragen und den Kontakt mit extrem hei\u00dfen oder kalten Umgebungen zu vermeiden. Dar\u00fcber hinaus k\u00f6nnen kalte Kompressen hilfreich sein, um Schwellungen zu reduzieren. Der Heilungsprozess verl\u00e4uft in der Regel schnell und komplikationslos.<\/span><\/p><h2><span style=\"font-weight: 400;\">Wie hoch sind die Preise f\u00fcr Wangenknochenf\u00fcller?<\/span><\/h2><p><span style=\"font-weight: 400;\">Die Preise f\u00fcr Wangenknochenfiller k\u00f6nnen je nach Art des verwendeten Fillers, der zu behandelnden Stelle und der Erfahrung des Arztes variieren. Da die Bed\u00fcrfnisse jedes Einzelnen jedoch unterschiedlich sind, werden die Preise nach einer individuellen Planung und Bewertung festgelegt. Auch von den Kliniken angebotene Pakete und Sonderaktionen k\u00f6nnen sich auf die Preise auswirken.<\/span><\/p><h2><span style=\"font-weight: 400;\">Was sollte vor und nach einer Wangenknochenauff\u00fcllung beachtet werden?<\/span><\/h2><p><span style=\"font-weight: 400;\">Vor einer Wangenknochenauff\u00fcllung ist es wichtig, dass Sie sich ausf\u00fchrlich \u00fcber das Verfahren informieren und ein ausf\u00fchrliches Gespr\u00e4ch mit Ihrem Arzt f\u00fchren. Es ist auch sinnvoll, sich \u00fcber die Art des F\u00fcllmaterials zu informieren, das w\u00e4hrend des Eingriffs verwendet werden soll. Nach dem Eingriff sollten Sie die Empfehlungen Ihres Arztes befolgen. Um Schwellungen und Bluterg\u00fcssen vorzubeugen, sollten Sie kalte Kompressen auflegen und in den ersten Tagen auf schwere k\u00f6rperliche Anstrengungen verzichten. Dar\u00fcber hinaus k\u00f6nnen Rauchen und Alkoholkonsum den Heilungsprozess beeintr\u00e4chtigen.<\/span><\/p><h2><span style=\"font-weight: 400;\">Wie wirksam sind Wangenknochenauff\u00fcllungen f\u00fcr die Gesichts\u00e4sthetik?<\/span><\/h2><p><span style=\"font-weight: 400;\">Die Wangenknochenauff\u00fcllung ist ein \u00e4u\u00dferst wirksames Mittel zur Verbesserung der Gesichts\u00e4sthetik und zur Versch\u00f6nerung des nat\u00fcrlichen Aussehens. Sie gleicht den Volumenverlust im Gesicht aus und schafft symmetrischere und deutlichere Linien in Bereichen wie Kinn, Wangenknochen und Kieferlinie. Dieses Verfahren bietet eine schnelle und effektive L\u00f6sung, da es keinen chirurgischen Eingriff erfordert. Die Wangenknochenauff\u00fcllung, die eine bevorzugte Option f\u00fcr die Gesichts\u00e4sthetik ist, tr\u00e4gt mit nat\u00fcrlichen Ergebnissen zum Verst\u00e4ndnis von Sch\u00f6nheit bei.<\/span><\/p><h2><span style=\"font-weight: 400;\">Was sind die Nebenwirkungen von Wangenknochenf\u00fcller?<\/span><\/h2><p><span style=\"font-weight: 400;\">Obwohl die Auff\u00fcllung des Wangenknochens im Allgemeinen ein sicheres Verfahren ist, k\u00f6nnen bei manchen Menschen Nebenwirkungen auftreten. Zu den h\u00e4ufigsten Nebenwirkungen geh\u00f6ren Schwellungen, Bluterg\u00fcsse, leichte Schmerzen und R\u00f6tungen an der Injektionsstelle. Diese Nebenwirkungen sind vor\u00fcbergehend und verschwinden in der Regel innerhalb weniger Tage. In seltenen F\u00e4llen kann es zu allergischen Reaktionen oder Infektionen kommen. Solche Komplikationen sind jedoch sehr unwahrscheinlich, wenn die Behandlung von einem qualifizierten Arzt durchgef\u00fchrt wird.<\/span><\/p><h2><span style=\"font-weight: 400;\">Mit welchen Methoden wird die Wangenknochenauff\u00fcllung durchgef\u00fchrt?<\/span><\/h2><p><span style=\"font-weight: 400;\">Die Auff\u00fcllung des Wangenknochens ist in der Regel ein Nadeleingriff und wird unter \u00f6rtlicher Bet\u00e4ubung durchgef\u00fchrt. Der F\u00fcllstoff wird vorsichtig in bestimmte Bereiche des Gesichts injiziert. Die w\u00e4hrend des Eingriffs verwendeten Nadeln sind d\u00fcnn und schmerzlos, so dass w\u00e4hrend des Eingriffs nur minimale Unannehmlichkeiten auftreten. Dar\u00fcber hinaus sorgt die Struktur der verwendeten Filler f\u00fcr ein nat\u00fcrliches Ergebnis. Einige Kliniken bem\u00fchen sich um pr\u00e4zisere Ergebnisse, indem sie w\u00e4hrend des Eingriffs technologische Ger\u00e4te wie Ultraschallger\u00e4te einsetzen.<\/span><\/p><p>\u00a0<\/p>\t\t\t\t\t\t\t\t<\/div>\n\t\t\t\t<\/div>\n\t\t\t\t\t<\/div>\n\t\t\t\t<\/div>\n\t\t\t\t<\/div>","protected":false},"excerpt":{"rendered":"<p>Elmac\u0131k kemi\u011fi dolgusu, y\u00fcz hatlar\u0131n\u0131 daha belirgin ve estetik hale getirmek i\u00e7in tercih edilen pop\u00fcler bir estetik uygulamad\u0131r. \u00d6zellikle ya\u015flanma<\/p>","protected":false},"author":1,"featured_media":0,"parent":0,"menu_order":0,"comment_status":"closed","ping_status":"closed","template":"","meta":{"footnotes":""},"class_list":["post-27806","page","type-page","status-publish","hentry"],"_links":{"self":[{"href":"https:\/\/westestetik.com\/de\/wp-json\/wp\/v2\/pages\/27806","targetHints":{"allow":["GET"]}}],"collection":[{"href":"https:\/\/westestetik.com\/de\/wp-json\/wp\/v2\/pages"}],"about":[{"href":"https:\/\/westestetik.com\/de\/wp-json\/wp\/v2\/types\/page"}],"author":[{"embeddable":true,"href":"https:\/\/westestetik.com\/de\/wp-json\/wp\/v2\/users\/1"}],"replies":[{"embeddable":true,"href":"https:\/\/westestetik.com\/de\/wp-json\/wp\/v2\/comments?post=27806"}],"version-history":[{"count":4,"href":"https:\/\/westestetik.com\/de\/wp-json\/wp\/v2\/pages\/27806\/revisions"}],"predecessor-version":[{"id":27914,"href":"https:\/\/westestetik.com\/de\/wp-json\/wp\/v2\/pages\/27806\/revisions\/27914"}],"wp:attachment":[{"href":"https:\/\/westestetik.com\/de\/wp-json\/wp\/v2\/media?parent=27806"}],"curies":[{"name":"wp","href":"https:\/\/api.w.org\/{rel}","templated":true}]}}