{"id":27801,"date":"2024-12-02T23:09:13","date_gmt":"2024-12-02T23:09:13","guid":{"rendered":"https:\/\/westestetik.com\/?page_id=27801"},"modified":"2024-12-25T10:54:04","modified_gmt":"2024-12-25T10:54:04","slug":"ausgepraegte-ohraesthetik","status":"publish","type":"page","link":"https:\/\/westestetik.com\/de\/ausgepraegte-ohraesthetik\/","title":{"rendered":"Ausgepr\u00e4gte Ohr\u00e4sthetik"},"content":{"rendered":"<div data-elementor-type=\"wp-page\" data-elementor-id=\"27801\" class=\"elementor elementor-27801\" data-elementor-post-type=\"page\">\n\t\t\t\t<div class=\"wd-negative-gap elementor-element elementor-element-e150b12 e-flex e-con-boxed e-con e-parent\" data-id=\"e150b12\" data-element_type=\"container\">\n\t\t\t\t\t<div class=\"e-con-inner\">\n\t\t\t\t<div class=\"elementor-element elementor-element-7286009 elementor-widget elementor-widget-image\" data-id=\"7286009\" data-element_type=\"widget\" data-widget_type=\"image.default\">\n\t\t\t\t<div class=\"elementor-widget-container\">\n\t\t\t\t\t\t\t\t\t\t\t\t\t\t\t<img fetchpriority=\"high\" decoding=\"async\" width=\"1300\" height=\"384\" src=\"https:\/\/westestetik.com\/wp-content\/uploads\/2024\/12\/Uygulama-1-1300x384.png\" class=\"attachment-large size-large wp-image-27725\" alt=\"Krankheiten\" srcset=\"https:\/\/westestetik.com\/wp-content\/uploads\/2024\/12\/Uygulama-1-1300x384.png 1300w, https:\/\/westestetik.com\/wp-content\/uploads\/2024\/12\/Uygulama-1-430x127.png 430w, https:\/\/westestetik.com\/wp-content\/uploads\/2024\/12\/Uygulama-1-150x44.png 150w, https:\/\/westestetik.com\/wp-content\/uploads\/2024\/12\/Uygulama-1-700x207.png 700w, https:\/\/westestetik.com\/wp-content\/uploads\/2024\/12\/Uygulama-1-400x118.png 400w, https:\/\/westestetik.com\/wp-content\/uploads\/2024\/12\/Uygulama-1-768x227.png 768w, https:\/\/westestetik.com\/wp-content\/uploads\/2024\/12\/Uygulama-1-1536x453.png 1536w, https:\/\/westestetik.com\/wp-content\/uploads\/2024\/12\/Uygulama-1-2048x604.png 2048w\" sizes=\"(max-width: 1300px) 100vw, 1300px\" \/>\t\t\t\t\t\t\t\t\t\t\t\t\t\t\t<\/div>\n\t\t\t\t<\/div>\n\t\t\t\t\t<\/div>\n\t\t\t\t<\/div>\n\t\t<div class=\"wd-negative-gap elementor-element elementor-element-b55d999 e-flex e-con-boxed e-con e-parent\" data-id=\"b55d999\" data-element_type=\"container\">\n\t\t\t\t\t<div class=\"e-con-inner\">\n\t\t\t\t<div class=\"elementor-element elementor-element-8f376c9 color-scheme-inherit text-left elementor-widget elementor-widget-text-editor\" data-id=\"8f376c9\" data-element_type=\"widget\" data-widget_type=\"text-editor.default\">\n\t\t\t\t<div class=\"elementor-widget-container\">\n\t\t\t\t\t\t\t\t\t<p><span style=\"font-weight: 400;\">Die \u00c4sthetik abstehender Ohren ist ein chirurgischer Eingriff, der durchgef\u00fchrt wird, wenn die Ohren mehr als normal nach au\u00dfen abstehen. Diese \u00e4sthetische Operation tr\u00e4gt zu einem optisch ausgewogeneren Gesichtsprofil bei und st\u00e4rkt das Selbstbewusstsein. Personen mit abstehenden Ohren beantragen diese Operation in der Regel aus \u00e4sthetischen Gr\u00fcnden. Dieser Eingriff, der auch aus anderen als \u00e4sthetischen Gr\u00fcnden durchgef\u00fchrt werden kann, f\u00fchrt jedoch bei korrekter Durchf\u00fchrung zu sehr nat\u00fcrlichen und wirksamen Ergebnissen.<\/span><\/p><h2><span style=\"font-weight: 400;\">Was ist Prominent Ear Aesthetics?<\/span><\/h2><p><span style=\"font-weight: 400;\">Die \u00c4sthetik abstehender Ohren, im Volksmund auch als abstehende Ohrenchirurgie bezeichnet, ist ein \u00e4sthetischer chirurgischer Eingriff, der durchgef\u00fchrt wird, um abstehende Ohren zu korrigieren. Bei diesem Eingriff wird der Ohrknorpel geformt, um den Ohren ein nat\u00fcrlicheres Aussehen zu verleihen. Die \u00c4sthetik abstehender Ohren ist eine Operation, die in der Regel aus \u00e4sthetischen Gr\u00fcnden durchgef\u00fchrt wird, und sie ist auch ein wichtiger Eingriff, der das Selbstvertrauen einer Person st\u00e4rkt.<\/span><\/p><h2><span style=\"font-weight: 400;\">Bei wem wird Prominent Ear Aesthetics angewendet?<\/span><\/h2><p><span style=\"font-weight: 400;\">Die \u00c4sthetik abstehender Ohren wird in der Regel bei Personen mit einer angeborenen abstehenden Ohrstruktur angewandt. Aber auch Personen jeden Alters, die mit der Form ihrer Ohren unzufrieden sind und eine \u00e4sthetische Ver\u00e4nderung w\u00fcnschen, k\u00f6nnen diesen Eingriff vorziehen. Vor allem bei Kindern kann eine \u00e4sthetische Ohrenkorrektur, die durchgef\u00fchrt wird, bevor die Ohrstruktur vollst\u00e4ndig ausgebildet ist, erhebliche psychologische Vorteile bringen. Bei Erwachsenen ist ein \u00e4sthetischer Eingriff m\u00f6glich, wenn keine gesundheitlichen Probleme bestehen.<\/span><\/p><h2><span style=\"font-weight: 400;\">Wie wird die Prominente Ohren\u00e4sthetik durchgef\u00fchrt?<\/span><\/h2><p><span style=\"font-weight: 400;\">Die \u00c4sthetik der Ohren wird in der Regel unter \u00f6rtlicher Bet\u00e4ubung durchgef\u00fchrt. W\u00e4hrend des Eingriffs werden die Ohren mit kleinen Schnitten im Ohrknorpel in die gew\u00fcnschte Position gebracht. Dank der Schnitte hinter dem Ohr sind von au\u00dfen keine Spuren zu sehen. Wenn dieser Eingriff von einem spezialisierten Chirurgen durchgef\u00fchrt wird, wird ein sehr nat\u00fcrliches und \u00e4sthetisches Ergebnis erzielt. Die Dauer des Eingriffs liegt in der Regel bei 1-2 Stunden.<\/span><\/p><h2><span style=\"font-weight: 400;\">Prominente Ohr-\u00c4sthetik Preise<\/span><\/h2><p><span style=\"font-weight: 400;\">Die Preise f\u00fcr \u00e4sthetische Ohrenkorrekturen k\u00f6nnen je nach Erfahrung des Chirurgen, der verwendeten Techniken, der Klinik und der geografischen Lage, in der die Operation durchgef\u00fchrt wird, variieren. Au\u00dferdem k\u00f6nnen sich spezielle Techniken, die je nach den Bed\u00fcrfnissen des Patienten angewandt werden, auf den Preis auswirken.<\/span><\/p><h2><span style=\"font-weight: 400;\">Genesungsprozess nach prominenter Ohr\u00e4sthetik<\/span><\/h2><p><span style=\"font-weight: 400;\">Der Heilungsprozess nach einer prominenten Ohr\u00e4sthetik ist in der Regel schnell. Innerhalb von 1-2 Tagen nach dem Eingriff k\u00f6nnen Sie Ihr normales Leben wieder aufnehmen. Es kann jedoch zu Schwellungen und leichten Schmerzen in den Ohren kommen. Es ist wichtig, die Ohren in den ersten Tagen zu sch\u00fctzen. In der ersten Woche sollten die Patienten generell Aktivit\u00e4ten vermeiden, die ihre Ohren belasten, und ihren Kopf vor St\u00f6\u00dfen sch\u00fctzen. Die vollst\u00e4ndige Genesung dauert 1 bis 2 Wochen, und das Ergebnis ist in der Regel nach ein paar Monaten vollst\u00e4ndig sichtbar.<\/span><\/p><h2><span style=\"font-weight: 400;\">Prominente M\u00f6glichkeiten der \u00e4sthetischen Ohrchirurgie und An\u00e4sthesie<\/span><\/h2><p><span style=\"font-weight: 400;\">\u00c4sthetische Operationen an den Ohren werden in der Regel unter \u00f6rtlicher Bet\u00e4ubung durchgef\u00fchrt. Diese An\u00e4sthesiemethode bet\u00e4ubt nur den Ohrbereich, ohne dass der Patient schlafen kann. Dieser Eingriff dauert nur wenige Stunden und der Patient kann noch am selben Tag nach Hause gehen. In seltenen, komplexeren F\u00e4llen kann eine Vollnarkose bevorzugt werden. Die Wahl der An\u00e4sthesie richtet sich nach den Bed\u00fcrfnissen des Chirurgen und des Patienten.<\/span><\/p><h2><span style=\"font-weight: 400;\">Ist die \u00e4sthetische Chirurgie von Prominenten Ohren schmerzhaft?<\/span><\/h2><p><span style=\"font-weight: 400;\">W\u00e4hrend der prominenten \u00e4sthetischen Operation am Ohr versp\u00fcren die Patienten keine Schmerzen, da eine \u00f6rtliche Bet\u00e4ubung vorgenommen wird. Nach dem Eingriff kann es zu leichten Schmerzen kommen. Diese Schmerzen sind jedoch in der Regel nur von kurzer Dauer und k\u00f6nnen mit verschriebenen Schmerzmitteln leicht behandelt werden. Die Patienten k\u00f6nnen ihr t\u00e4gliches Leben fortsetzen, ohne w\u00e4hrend des Genesungsprozesses starke Schmerzen zu versp\u00fcren.<\/span><\/p><h2><span style=\"font-weight: 400;\">Gibt es Narben nach einer prominenten Ohr\u00e4sthetik?<\/span><\/h2><p><span style=\"font-weight: 400;\">Nach einer prominenten \u00e4sthetischen Ohrenkorrektur gibt es dank der kleinen Schnitte hinter dem Ohr keine von au\u00dfen sichtbare Narbe. Die Narben sind in der Regel hinter dem Ohr verborgen und werden mit der Zeit blass und unsichtbar. Bei einigen Patienten k\u00f6nnen jedoch w\u00e4hrend des Heilungsprozesses Narben zur\u00fcckbleiben. Dies h\u00e4ngt von der Hautstruktur und den vom Chirurgen angewandten Techniken ab.<\/span><\/p><h2><span style=\"font-weight: 400;\">Wann bringt Prominent Ear Aesthetics Ergebnisse?<\/span><\/h2><p><span style=\"font-weight: 400;\">Die Ergebnisse nach einer prominenten Ohr\u00e4sthetik sind in der Regel sofort nach dem Eingriff sichtbar. Es kann jedoch einige Wochen dauern, bis der Heilungsprozess abgeschlossen ist und das endg\u00fcltige Ergebnis sichtbar wird. W\u00e4hrend des Heilungsprozesses erhalten die Ohren ein nat\u00fcrlicheres und \u00e4sthetischeres Aussehen, da die Schwellung zur\u00fcckgeht und die Knorpelstruktur geformt wird. Das Ergebnis ist in der Regel innerhalb von 3-6 Monaten vollst\u00e4ndig sichtbar.<\/span><\/p><h2><span style=\"font-weight: 400;\">Welche Altersgruppe eignet sich f\u00fcr eine prominente Ohr\u00e4sthetik?<\/span><\/h2><p><span style=\"font-weight: 400;\">Die \u00c4sthetik der Ohren kann in der Regel im Alter von 5 Jahren und sp\u00e4ter durchgef\u00fchrt werden. Lebensjahr durchgef\u00fchrt werden. Die Ohrstruktur von Kindern entwickelt sich bis zu diesem Alter und ist f\u00fcr einen \u00e4sthetischen Eingriff geeignet. Dieses Verfahren kann auch bei Erwachsenen durchgef\u00fchrt werden, und \u00e4sthetische Bedenken k\u00f6nnen ausger\u00e4umt werden. Es ist jedoch zu betonen, dass Personen, die ihre Ohrentwicklung abgeschlossen haben, besser f\u00fcr einen Eingriff geeignet sind.<\/span><\/p><p>\u00a0<\/p>\t\t\t\t\t\t\t\t<\/div>\n\t\t\t\t<\/div>\n\t\t\t\t\t<\/div>\n\t\t\t\t<\/div>\n\t\t\t\t<\/div>","protected":false},"excerpt":{"rendered":"<p>Kep\u00e7e kulak esteti\u011fi, kulaklar\u0131n normalden fazla d\u0131\u015far\u0131ya do\u011fru \u00e7\u0131kmas\u0131 durumunda uygulanan bir cerrahi i\u015flemdir. Bu estetik ameliyat, hem g\u00f6rsel a\u00e7\u0131dan<\/p>","protected":false},"author":1,"featured_media":0,"parent":0,"menu_order":0,"comment_status":"closed","ping_status":"closed","template":"","meta":{"footnotes":""},"class_list":["post-27801","page","type-page","status-publish","hentry"],"_links":{"self":[{"href":"https:\/\/westestetik.com\/de\/wp-json\/wp\/v2\/pages\/27801","targetHints":{"allow":["GET"]}}],"collection":[{"href":"https:\/\/westestetik.com\/de\/wp-json\/wp\/v2\/pages"}],"about":[{"href":"https:\/\/westestetik.com\/de\/wp-json\/wp\/v2\/types\/page"}],"author":[{"embeddable":true,"href":"https:\/\/westestetik.com\/de\/wp-json\/wp\/v2\/users\/1"}],"replies":[{"embeddable":true,"href":"https:\/\/westestetik.com\/de\/wp-json\/wp\/v2\/comments?post=27801"}],"version-history":[{"count":4,"href":"https:\/\/westestetik.com\/de\/wp-json\/wp\/v2\/pages\/27801\/revisions"}],"predecessor-version":[{"id":27911,"href":"https:\/\/westestetik.com\/de\/wp-json\/wp\/v2\/pages\/27801\/revisions\/27911"}],"wp:attachment":[{"href":"https:\/\/westestetik.com\/de\/wp-json\/wp\/v2\/media?parent=27801"}],"curies":[{"name":"wp","href":"https:\/\/api.w.org\/{rel}","templated":true}]}}