{"id":27796,"date":"2024-12-02T23:08:13","date_gmt":"2024-12-02T23:08:13","guid":{"rendered":"https:\/\/westestetik.com\/?page_id=27796"},"modified":"2024-12-25T10:53:52","modified_gmt":"2024-12-25T10:53:52","slug":"dimple-aesthetik","status":"publish","type":"page","link":"https:\/\/westestetik.com\/de\/dimple-aesthetik\/","title":{"rendered":"Dimple \u00c4sthetik"},"content":{"rendered":"<div data-elementor-type=\"wp-page\" data-elementor-id=\"27796\" class=\"elementor elementor-27796\" data-elementor-post-type=\"page\">\n\t\t\t\t<div class=\"wd-negative-gap elementor-element elementor-element-e150b12 e-flex e-con-boxed e-con e-parent\" data-id=\"e150b12\" data-element_type=\"container\">\n\t\t\t\t\t<div class=\"e-con-inner\">\n\t\t\t\t<div class=\"elementor-element elementor-element-7286009 elementor-widget elementor-widget-image\" data-id=\"7286009\" data-element_type=\"widget\" data-widget_type=\"image.default\">\n\t\t\t\t<div class=\"elementor-widget-container\">\n\t\t\t\t\t\t\t\t\t\t\t\t\t\t\t<img fetchpriority=\"high\" decoding=\"async\" width=\"1300\" height=\"384\" src=\"https:\/\/westestetik.com\/wp-content\/uploads\/2024\/12\/Uygulama-1-1300x384.png\" class=\"attachment-large size-large wp-image-27725\" alt=\"Krankheiten\" srcset=\"https:\/\/westestetik.com\/wp-content\/uploads\/2024\/12\/Uygulama-1-1300x384.png 1300w, https:\/\/westestetik.com\/wp-content\/uploads\/2024\/12\/Uygulama-1-430x127.png 430w, https:\/\/westestetik.com\/wp-content\/uploads\/2024\/12\/Uygulama-1-150x44.png 150w, https:\/\/westestetik.com\/wp-content\/uploads\/2024\/12\/Uygulama-1-700x207.png 700w, https:\/\/westestetik.com\/wp-content\/uploads\/2024\/12\/Uygulama-1-400x118.png 400w, https:\/\/westestetik.com\/wp-content\/uploads\/2024\/12\/Uygulama-1-768x227.png 768w, https:\/\/westestetik.com\/wp-content\/uploads\/2024\/12\/Uygulama-1-1536x453.png 1536w, https:\/\/westestetik.com\/wp-content\/uploads\/2024\/12\/Uygulama-1-2048x604.png 2048w\" sizes=\"(max-width: 1300px) 100vw, 1300px\" \/>\t\t\t\t\t\t\t\t\t\t\t\t\t\t\t<\/div>\n\t\t\t\t<\/div>\n\t\t\t\t\t<\/div>\n\t\t\t\t<\/div>\n\t\t<div class=\"wd-negative-gap elementor-element elementor-element-3af0df4 e-flex e-con-boxed e-con e-parent\" data-id=\"3af0df4\" data-element_type=\"container\">\n\t\t\t\t\t<div class=\"e-con-inner\">\n\t\t\t\t<div class=\"elementor-element elementor-element-528b614 color-scheme-inherit text-left elementor-widget elementor-widget-text-editor\" data-id=\"528b614\" data-element_type=\"widget\" data-widget_type=\"text-editor.default\">\n\t\t\t\t<div class=\"elementor-widget-container\">\n\t\t\t\t\t\t\t\t\t<p><span style=\"font-weight: 400;\">Die Gr\u00fcbchen\u00e4sthetik ist eine bevorzugte \u00e4sthetische Anwendung, um Ihren Gesichtsz\u00fcgen eine nat\u00fcrliche Eleganz zu verleihen und Ihr L\u00e4cheln attraktiver zu machen. Dieses Verfahren, bei dem in der Regel Gr\u00fcbchen auf den Wangen oder am Kinn erzeugt werden, mildert den Gesichtsausdruck und verleiht ein j\u00fcngeres und dynamischeres Aussehen. Die Gr\u00fcbchen\u00e4sthetik, die mit chirurgischen und nicht-chirurgischen Methoden durchgef\u00fchrt werden kann, bietet wirksame Ergebnisse bei minimalem Risiko.<\/span><\/p><h2><span style=\"font-weight: 400;\">Was ist Dimple Aesthetics und wie wird es gemacht?<\/span><\/h2><p><span style=\"font-weight: 400;\">Die Gr\u00fcbchen\u00e4sthetik ist eine \u00e4sthetische Operation, die durchgef\u00fchrt wird, um Ihren Gesichtsz\u00fcgen eine nat\u00fcrliche Sch\u00f6nheit zu verleihen und Ihr L\u00e4cheln attraktiver zu machen. Dieses Verfahren wird in der Regel durchgef\u00fchrt, um Gr\u00fcbchen auf den Wangen oder dem Kinn einer Person zu erzeugen. Gr\u00fcbchen verleihen dem nat\u00fcrlichen Gesichtsausdruck eine elegante Note und lassen die Person j\u00fcnger und lebendiger aussehen. Die Gr\u00fcbchen\u00e4sthetik wird in der Regel unter lokaler An\u00e4sthesie als kurzfristiger Eingriff durchgef\u00fchrt. Der Arzt erzeugt ein Gr\u00fcbchen, indem er das Muskelgewebe unter der Haut in dem Bereich verk\u00fcrzt, in dem er ein Gr\u00fcbchen erzeugen m\u00f6chte, oder indem er einen Stich unter die Haut setzt.<\/span><\/p><h2><span style=\"font-weight: 400;\">Mit welchen Methoden wird die Dimple Aesthetics angewendet?<\/span><\/h2><p><span style=\"font-weight: 400;\">Die \u00c4sthetik der Gr\u00fcbchen kann mit zwei verschiedenen Methoden durchgef\u00fchrt werden: chirurgische und nicht-chirurgische Methoden. Bei der chirurgischen Gr\u00fcbchen\u00e4sthetik wird ein kleiner Schnitt gemacht und N\u00e4hte werden in dem Bereich platziert, in dem das Gr\u00fcbchen entstehen soll. Dieses Verfahren f\u00fchrt in der Regel zu dauerhafteren Ergebnissen. Die nicht-chirurgische Gr\u00fcbchen\u00e4sthetik ist ein Verfahren, das mit Fillern oder Laser durchgef\u00fchrt wird. Diese Methoden f\u00fchren in der Regel zu kurzfristigeren Ergebnissen, aber der Heilungsprozess ist schneller und die Risiken sind geringer.<\/span><\/p><h2><span style=\"font-weight: 400;\">F\u00fcr wen ist die Dimple Aesthetics geeignet?<\/span><\/h2><p><span style=\"font-weight: 400;\">Die Gr\u00fcbchen\u00e4sthetik kann in der Regel bei einem gesunden Menschen durchgef\u00fchrt werden. Jeder, der nat\u00fcrliche Gr\u00fcbchen haben m\u00f6chte, kann dieses \u00e4sthetische Verfahren in Betracht ziehen. Die Auswahl der geeigneten Kandidaten f\u00fcr dieses Verfahren erfolgt jedoch unter Ber\u00fccksichtigung der Gesichtsstruktur und des allgemeinen Gesundheitszustands. Die Gr\u00fcbchen\u00e4sthetik eignet sich besonders f\u00fcr Menschen, die ihre nat\u00fcrliche Sch\u00f6nheit betonen wollen. Jeder, der keine gesundheitlichen Probleme im Gesicht hat und f\u00fcr den Heilungsprozess geeignet ist, kann sich f\u00fcr dieses \u00e4sthetische Verfahren entscheiden.<\/span><\/p><h2><span style=\"font-weight: 400;\">Ist die Dimple Aesthetics ein schmerzhafter Eingriff?<\/span><\/h2><p><span style=\"font-weight: 400;\">Die Gr\u00fcbchen\u00e4sthetik ist in der Regel kein schmerzhafter Eingriff. Bei diesem Verfahren, das unter \u00f6rtlicher Bet\u00e4ubung durchgef\u00fchrt wird, tritt nur ein leichtes Taubheitsgef\u00fchl auf. Nach dem Eingriff kann es zu leichten Schmerzen oder Unbehagen kommen, aber das ist ein v\u00f6llig vor\u00fcbergehender Zustand. Ihr Arzt kann Ihnen geeignete Medikamente empfehlen, um die Schmerzen w\u00e4hrend des Heilungsprozesses zu lindern. Die Gr\u00fcbchen\u00e4sthetik bietet in der Regel minimale Schmerzen und einen angenehmen Heilungsprozess.<\/span><\/p><h2><span style=\"font-weight: 400;\">Wie verl\u00e4uft der Genesungsprozess nach der Dimple Aesthetics?<\/span><\/h2><p><span style=\"font-weight: 400;\">Der Heilungsprozess nach der Gr\u00fcbchen\u00e4sthetik ist recht schnell. Bei der chirurgischen Gr\u00fcbchen\u00e4sthetik kann es zu kleinen Schwellungen und Bluterg\u00fcssen kommen, die aber innerhalb weniger Tage verschwinden. Bei nicht-chirurgischen Methoden dauert der Heilungsprozess k\u00fcrzer. In der Regel k\u00f6nnen Sie schon wenige Stunden nach dem Eingriff wieder Ihren t\u00e4glichen Aktivit\u00e4ten nachgehen. Es ist jedoch sehr wichtig, dass Sie sich w\u00e4hrend des Heilungsprozesses an die Empfehlungen Ihres Arztes halten. Au\u00dferdem sollten Sie es in den ersten Tagen nach dem Eingriff vermeiden, Druck auf den Gr\u00fcbchenbereich auszu\u00fcben.<\/span><\/p><h2><span style=\"font-weight: 400;\">Was sind die Preise von Dimple Aesthetics?<\/span><\/h2><p><span style=\"font-weight: 400;\">Die Preise f\u00fcr die Gr\u00fcbchen\u00e4sthetik k\u00f6nnen je nach Anwendungsmethode, Erfahrung des Arztes und der Klinik, in der das Verfahren durchgef\u00fchrt wird, variieren. Chirurgische Methoden sind in der Regel teurer, weil sie mehr Eingriffe und einen l\u00e4ngeren Heilungsprozess erfordern. Nicht-chirurgische Methoden k\u00f6nnen kosteng\u00fcnstiger sein, aber die Ergebnisse sind m\u00f6glicherweise nicht dauerhaft. Es ist wichtig, dass Sie sich mit Ihrem Arzt in Verbindung setzen, um klare Informationen \u00fcber die Preise f\u00fcr \u00e4sthetische Gr\u00fcbchen zu erhalten.<\/span><\/p><h2><span style=\"font-weight: 400;\">Ist Dimple Aesthetics dauerhaft?<\/span><\/h2><p><span style=\"font-weight: 400;\">Die Gr\u00fcbchen\u00e4sthetik bietet in der Regel dauerhafte Ergebnisse. Eine chirurgisch durchgef\u00fchrte Gr\u00fcbchen\u00e4sthetik kann \u00fcber viele Jahre hinweg dauerhaft sein. Nicht-chirurgische Methoden f\u00fchren in der Regel zu kurzfristigeren Ergebnissen und k\u00f6nnen mit der Zeit ihre Wirkung verlieren. Die \u00e4sthetischen Ergebnisse beider Methoden k\u00f6nnen jedoch von Person zu Person unterschiedlich sein. Die Pflege nach der Gr\u00fcbchen\u00e4sthetik und das Befolgen der Empfehlungen des Arztes k\u00f6nnen die Dauerhaftigkeit des Ergebnisses erh\u00f6hen.<\/span><\/p><h2><span style=\"font-weight: 400;\">Welche Ver\u00e4nderungen bewirkt die Dimple Aesthetics im Gesicht?<\/span><\/h2><p><span style=\"font-weight: 400;\">Die Gr\u00fcbchen\u00e4sthetik bewirkt eine nat\u00fcrliche Ver\u00e4nderung der Gesichtsz\u00fcge. Gr\u00fcbchen auf den Wangen oder am Kinn lassen das L\u00e4cheln attraktiver und j\u00fcnger erscheinen. Diese kleine Ver\u00e4nderung des Gesichts wird in der Regel so angebracht, dass sie nicht zu sehr auff\u00e4llt und somit ein nat\u00fcrliches Aussehen erzielt wird. Nach einer Gr\u00fcbchen-\u00c4sthetik erh\u00e4lt Ihr Gesicht einen lebendigeren, energischeren und jugendlicheren Ausdruck.<\/span><\/p><h2><span style=\"font-weight: 400;\">Was sollte bei der Durchf\u00fchrung einer Gr\u00fcbchen\u00e4sthetik beachtet werden?<\/span><\/h2><p><span style=\"font-weight: 400;\">Der wichtigste Faktor bei der Durchf\u00fchrung der Gr\u00fcbchen\u00e4sthetik ist die Wahl eines Facharztes. Dieser Eingriff sollte mit der richtigen Technik und an den richtigen Stellen durchgef\u00fchrt werden. Auch die Pflege nach dem Eingriff ist wichtig. Die Gr\u00fcbchen in Ihrem Gesicht sollten zu Ihren Gesichtsz\u00fcgen passen und nicht \u00fcbertrieben werden. Um ein gutes Ergebnis zu erzielen, ist es wichtig, den Arzt sorgf\u00e4ltig auszuw\u00e4hlen und sich vor dem Eingriff ausf\u00fchrlich zu informieren.<\/span><\/p><h2><span style=\"font-weight: 400;\">Gibt es Narben nach der Dimple Aesthetics?<\/span><\/h2><p><span style=\"font-weight: 400;\">Die Gr\u00fcbchen\u00e4sthetik hinterl\u00e4sst in der Regel keine Narben. Bei der chirurgischen Gr\u00fcbchen\u00e4sthetik verbleiben die Narben in der Regel an den nat\u00fcrlichen Gesichtskonturen und verschwinden mit der Zeit. Bei nicht-chirurgischen Methoden bleibt nach dem Eingriff fast keine Narbe zur\u00fcck. Dennoch sollte man nach der Gr\u00fcbchen\u00e4sthetik vorsichtig sein und auf den Heilungsprozess achten.<\/span><\/p><h2><span style=\"font-weight: 400;\">Wie lang ist die Pflege- und Erholungsphase nach der Dimple Aesthetics?<\/span><\/h2><p><span style=\"font-weight: 400;\">Die Nachbehandlung nach der Gr\u00fcbchen\u00e4sthetik tr\u00e4gt dazu bei, dass der Heilungsprozess schnell und reibungslos verl\u00e4uft. W\u00e4hrend der Heilungsprozess bei chirurgischen Methoden etwa eine Woche dauert, kann dieser Zeitraum bei nicht-chirurgischen Methoden k\u00fcrzer sein. Es kann zu Schwellungen, Bluterg\u00fcssen und Druckempfindlichkeit im Gesicht kommen, die jedoch innerhalb weniger Tage abklingen. Wenn Sie w\u00e4hrend des Heilungsprozesses die Empfehlungen Ihres Arztes befolgen, verringert sich das Risiko von Komplikationen.<\/span><\/p><p><span style=\"font-weight: 400;\">Dimple Aesthetics ist eine wunderbare \u00e4sthetische Anwendung, die Ihre Gesichtsz\u00fcge versch\u00f6nern und Ihr L\u00e4cheln attraktiver machen wird. Es wird empfohlen, dass Sie sich an einen spezialisierten Arzt wenden, um mehr Informationen \u00fcber Details wie den Anwendungsprozess, die Preise und den Heilungsprozess zu erhalten.<\/span><\/p><p>\u00a0<\/p>\t\t\t\t\t\t\t\t<\/div>\n\t\t\t\t<\/div>\n\t\t\t\t\t<\/div>\n\t\t\t\t<\/div>\n\t\t\t\t<\/div>","protected":false},"excerpt":{"rendered":"<p>Gamze esteti\u011fi, y\u00fcz hatlar\u0131n\u0131za do\u011fal bir zarafet katmak ve g\u00fcl\u00fcmsemenizi daha \u00e7ekici hale getirmek i\u00e7in tercih edilen estetik bir uygulamad\u0131r.<\/p>","protected":false},"author":1,"featured_media":0,"parent":0,"menu_order":0,"comment_status":"closed","ping_status":"closed","template":"","meta":{"footnotes":""},"class_list":["post-27796","page","type-page","status-publish","hentry"],"_links":{"self":[{"href":"https:\/\/westestetik.com\/de\/wp-json\/wp\/v2\/pages\/27796","targetHints":{"allow":["GET"]}}],"collection":[{"href":"https:\/\/westestetik.com\/de\/wp-json\/wp\/v2\/pages"}],"about":[{"href":"https:\/\/westestetik.com\/de\/wp-json\/wp\/v2\/types\/page"}],"author":[{"embeddable":true,"href":"https:\/\/westestetik.com\/de\/wp-json\/wp\/v2\/users\/1"}],"replies":[{"embeddable":true,"href":"https:\/\/westestetik.com\/de\/wp-json\/wp\/v2\/comments?post=27796"}],"version-history":[{"count":4,"href":"https:\/\/westestetik.com\/de\/wp-json\/wp\/v2\/pages\/27796\/revisions"}],"predecessor-version":[{"id":27908,"href":"https:\/\/westestetik.com\/de\/wp-json\/wp\/v2\/pages\/27796\/revisions\/27908"}],"wp:attachment":[{"href":"https:\/\/westestetik.com\/de\/wp-json\/wp\/v2\/media?parent=27796"}],"curies":[{"name":"wp","href":"https:\/\/api.w.org\/{rel}","templated":true}]}}