{"id":27794,"date":"2024-12-02T23:07:46","date_gmt":"2024-12-02T23:07:46","guid":{"rendered":"https:\/\/westestetik.com\/?page_id=27794"},"modified":"2024-12-25T10:53:21","modified_gmt":"2024-12-25T10:53:21","slug":"bichektomie","status":"publish","type":"page","link":"https:\/\/westestetik.com\/de\/bichektomie\/","title":{"rendered":"Bichektomie"},"content":{"rendered":"<div data-elementor-type=\"wp-page\" data-elementor-id=\"27794\" class=\"elementor elementor-27794\" data-elementor-post-type=\"page\">\n\t\t\t\t<div class=\"wd-negative-gap elementor-element elementor-element-e150b12 e-flex e-con-boxed e-con e-parent\" data-id=\"e150b12\" data-element_type=\"container\">\n\t\t\t\t\t<div class=\"e-con-inner\">\n\t\t\t\t<div class=\"elementor-element elementor-element-7286009 elementor-widget elementor-widget-image\" data-id=\"7286009\" data-element_type=\"widget\" data-widget_type=\"image.default\">\n\t\t\t\t<div class=\"elementor-widget-container\">\n\t\t\t\t\t\t\t\t\t\t\t\t\t\t\t<img fetchpriority=\"high\" decoding=\"async\" width=\"1300\" height=\"384\" src=\"https:\/\/westestetik.com\/wp-content\/uploads\/2024\/12\/Uygulama-1-1300x384.png\" class=\"attachment-large size-large wp-image-27725\" alt=\"Krankheiten\" srcset=\"https:\/\/westestetik.com\/wp-content\/uploads\/2024\/12\/Uygulama-1-1300x384.png 1300w, https:\/\/westestetik.com\/wp-content\/uploads\/2024\/12\/Uygulama-1-430x127.png 430w, https:\/\/westestetik.com\/wp-content\/uploads\/2024\/12\/Uygulama-1-150x44.png 150w, https:\/\/westestetik.com\/wp-content\/uploads\/2024\/12\/Uygulama-1-700x207.png 700w, https:\/\/westestetik.com\/wp-content\/uploads\/2024\/12\/Uygulama-1-400x118.png 400w, https:\/\/westestetik.com\/wp-content\/uploads\/2024\/12\/Uygulama-1-768x227.png 768w, https:\/\/westestetik.com\/wp-content\/uploads\/2024\/12\/Uygulama-1-1536x453.png 1536w, https:\/\/westestetik.com\/wp-content\/uploads\/2024\/12\/Uygulama-1-2048x604.png 2048w\" sizes=\"(max-width: 1300px) 100vw, 1300px\" \/>\t\t\t\t\t\t\t\t\t\t\t\t\t\t\t<\/div>\n\t\t\t\t<\/div>\n\t\t\t\t\t<\/div>\n\t\t\t\t<\/div>\n\t\t<div class=\"wd-negative-gap elementor-element elementor-element-ebff2a3 e-flex e-con-boxed e-con e-parent\" data-id=\"ebff2a3\" data-element_type=\"container\">\n\t\t\t\t\t<div class=\"e-con-inner\">\n\t\t\t\t<div class=\"elementor-element elementor-element-76db27e color-scheme-inherit text-left elementor-widget elementor-widget-text-editor\" data-id=\"76db27e\" data-element_type=\"widget\" data-widget_type=\"text-editor.default\">\n\t\t\t\t<div class=\"elementor-widget-container\">\n\t\t\t\t\t\t\t\t\t<p><span style=\"font-weight: 400;\">Die Bichektomie ist ein chirurgischer Eingriff, der in den letzten Jahren im Bereich der Gesichts\u00e4sthetik popul\u00e4r geworden ist. Durch die Entfernung von \u00fcbersch\u00fcssigem Fettgewebe an den Wangen werden die Gesichtskonturen schlanker, sch\u00e4rfer und \u00e4sthetischer. Dieses Verfahren bietet vor allem f\u00fcr Personen mit runden Gesichtsz\u00fcgen eine ideale L\u00f6sung. Die Bichektomie ist eine bevorzugte Anwendung sowohl f\u00fcr diejenigen, die ihr Gesicht verj\u00fcngen wollen, als auch f\u00fcr diejenigen, die ihre Wangenknochen und ihre Kieferlinie st\u00e4rker betonen wollen. Die nach dem Eingriff erzielten Ergebnisse sorgen f\u00fcr eine nat\u00fcrliche und ausgewogene Gesichts\u00e4sthetik, weshalb sie in den letzten Jahren gro\u00dfe Beachtung gefunden hat.<\/span><\/p><h2><span style=\"font-weight: 400;\">Was ist eine Bichektomie?<\/span><\/h2><p><span style=\"font-weight: 400;\">Die Bichektomie ist ein chirurgischer Eingriff, der im Bereich der Gesichts\u00e4sthetik durchgef\u00fchrt wird und es erm\u00f6glicht, die Gesichtskonturen durch die Entfernung des Fettgewebes in den Wangen d\u00fcnner und markanter zu gestalten. Dieser Eingriff wird im Allgemeinen bei Personen mit runden oder molligen Gesichtsz\u00fcgen bevorzugt. Die Bichektomie verhilft zu einer sch\u00e4rferen und eleganteren Kieferkontur, indem das Fett an den Wangen entfernt wird. Dieser Eingriff, der f\u00fcr ein \u00e4sthetisch ausgewogeneres und nat\u00fcrlicheres Aussehen durchgef\u00fchrt wird, kann auch dazu dienen, dem Gesicht einen j\u00fcngeren Ausdruck zu verleihen.<\/span><\/p><h2><span style=\"font-weight: 400;\">F\u00fcr wen ist die Bichektomie geeignet?<\/span><\/h2><p><span style=\"font-weight: 400;\">Die Bichektomie eignet sich f\u00fcr alle, die ein ausgepr\u00e4gtes Wangenfett haben und ihre Gesichtsz\u00fcge schlanker wirken lassen m\u00f6chten. Auch Menschen, die aus \u00e4sthetischen Gr\u00fcnden eine sch\u00e4rfere Kieferlinie und sch\u00e4rfere Wangenknochen w\u00fcnschen, k\u00f6nnen von dieser Operation profitieren. Die Bichektomie wird f\u00fcr Personen empfohlen, die sich in einem guten Gesundheitszustand befinden, \u00fcber 18 Jahre alt sind und f\u00fcr eine \u00e4sthetische Operation geeignet sind. Auch Menschen, die altersbedingt unter erschlafften Gesichtsz\u00fcgen leiden, k\u00f6nnen mit der Bichektomie ein j\u00fcngeres Aussehen erreichen.<\/span><\/p><h2><span style=\"font-weight: 400;\">Wie wird die Bichektomie durchgef\u00fchrt?<\/span><\/h2><p><span style=\"font-weight: 400;\">Die Bichektomie wird in der Regel unter \u00f6rtlicher Bet\u00e4ubung durchgef\u00fchrt. Bei der Operation wird das Fettgewebe in den Wangen durch einen kleinen Schnitt, der von innen durch den Mund gef\u00fchrt wird, entfernt. Dieser Eingriff dauert in der Regel zwischen 30 Minuten und 1 Stunde, und der Patient kann noch am selben Tag entlassen werden. Nach der Bichektomie ist von au\u00dfen keine Narbe sichtbar, da die kleinen Narben im Mund verbleiben. Nach der Operation sollte der Patient einige Tage lang weiche Kost zu sich nehmen und schmerzlindernde Medikamente einnehmen.<\/span><\/p><h2><span style=\"font-weight: 400;\">Heilungsprozess und Pflege nach einer Bichektomie<\/span><\/h2><p><span style=\"font-weight: 400;\">Der Heilungsprozess nach einer Bichektomie verl\u00e4uft in der Regel schnell. Unmittelbar nach der Operation kann es zu leichten Schwellungen und Bluterg\u00fcssen kommen. Diese Symptome klingen in der Regel innerhalb von 1 Woche ab. Die Wangen k\u00f6nnen in den ersten Tagen etwas empfindlich sein, daher sollten Schmerzmittel entsprechend den Empfehlungen des Arztes eingenommen werden. Um den Heilungsprozess zu beschleunigen, ist es au\u00dferdem sinnvoll, kalte Kompressen anzulegen. Nachdem die Schwellungen und Bluterg\u00fcsse im Gesicht abgeklungen sind, werden die Gesichtsz\u00fcge des Patienten deutlicher und schlanker.<\/span><\/p><h2><span style=\"font-weight: 400;\">Wie hoch sind die Preise f\u00fcr eine Bichektomie?<\/span><\/h2><p><span style=\"font-weight: 400;\">Die Preise f\u00fcr eine Bichektomie variieren je nach Klinik, Erfahrung des Chirurgen, dem Gebiet, in dem die Operation durchgef\u00fchrt wird, und den verwendeten Techniken. Die Preise k\u00f6nnen je nach den pers\u00f6nlichen Bed\u00fcrfnissen und der Qualit\u00e4t der in der Klinik angebotenen Leistungen variieren. F\u00fcr Menschen, die eine Bichektomie-Operation planen, ist es wichtig, sich vor dem Eingriff mit einem spezialisierten plastischen Chirurgen zu treffen, um einen Kostenvoranschlag und Informationen \u00fcber die Zahlungsm\u00f6glichkeiten zu erhalten.<\/span><\/p><h2><span style=\"font-weight: 400;\">Dinge, die nach einer Bichektomie zu beachten sind<\/span><\/h2><p><span style=\"font-weight: 400;\">Nach einer Bichektomie-Operation sollten einige wichtige Pflegeempfehlungen beachtet werden, um den Heilungsprozess zu beschleunigen und Komplikationen zu vermeiden:<\/span><\/p><ul><li><span style=\"font-weight: 400;\">In der ersten Woche ist es wichtig, weiche Nahrung zu essen.<\/span><\/li><li><span style=\"font-weight: 400;\">Achten Sie auf die Mundhygiene, die Verwendung von Mundwasser kann Schwellungen reduzieren.<\/span><\/li><li><span style=\"font-weight: 400;\">K\u00f6rperliche Aktivit\u00e4ten sollten vermieden werden, und schwere Sportarten sollten vermieden werden.<\/span><\/li><li><span style=\"font-weight: 400;\">Es ist sinnvoll, kalte Kompressen anzulegen, um die Schwellungen im Gesicht zu reduzieren.<\/span><\/li><li><span style=\"font-weight: 400;\">Die vom Arzt empfohlenen Medikamente sollten regelm\u00e4\u00dfig eingenommen werden.<\/span><\/li><\/ul><h2><span style=\"font-weight: 400;\">Ver\u00e4nderungen der Gesichtsz\u00fcge durch die Bichektomie<\/span><\/h2><p><span style=\"font-weight: 400;\">Die Bichektomie f\u00fchrt zu einer deutlichen Ver\u00e4nderung der Gesichtskonturen. Durch die Ausd\u00fcnnung der Wangen im Gesicht wird die Kieferlinie st\u00e4rker betont und die Wangenknochen erscheinen sch\u00e4rfer. Auf diese Weise wird ein \u00e4sthetischeres und ausgewogeneres Aussehen des Gesichts erreicht. Durch die Bichektomie erhalten die Gesichtsz\u00fcge einen eleganteren und jugendlicheren Ausdruck. Dar\u00fcber hinaus l\u00e4sst das durch die Bichektomie entfernte Wangenfett das Gesicht l\u00e4nger erscheinen.<\/span><\/p>\t\t\t\t\t\t\t\t<\/div>\n\t\t\t\t<\/div>\n\t\t\t\t\t<\/div>\n\t\t\t\t<\/div>\n\t\t\t\t<\/div>","protected":false},"excerpt":{"rendered":"<p>Bi\u015fektomi, y\u00fcz esteti\u011fi alan\u0131nda son y\u0131llarda pop\u00fclerle\u015fen bir cerrahi i\u015flemdir. Yanaklardaki fazla ya\u011f dokusunun al\u0131nmas\u0131yla y\u00fcz hatlar\u0131n\u0131n daha ince, keskin<\/p>","protected":false},"author":1,"featured_media":0,"parent":0,"menu_order":0,"comment_status":"closed","ping_status":"closed","template":"","meta":{"footnotes":""},"class_list":["post-27794","page","type-page","status-publish","hentry"],"_links":{"self":[{"href":"https:\/\/westestetik.com\/de\/wp-json\/wp\/v2\/pages\/27794","targetHints":{"allow":["GET"]}}],"collection":[{"href":"https:\/\/westestetik.com\/de\/wp-json\/wp\/v2\/pages"}],"about":[{"href":"https:\/\/westestetik.com\/de\/wp-json\/wp\/v2\/types\/page"}],"author":[{"embeddable":true,"href":"https:\/\/westestetik.com\/de\/wp-json\/wp\/v2\/users\/1"}],"replies":[{"embeddable":true,"href":"https:\/\/westestetik.com\/de\/wp-json\/wp\/v2\/comments?post=27794"}],"version-history":[{"count":7,"href":"https:\/\/westestetik.com\/de\/wp-json\/wp\/v2\/pages\/27794\/revisions"}],"predecessor-version":[{"id":27905,"href":"https:\/\/westestetik.com\/de\/wp-json\/wp\/v2\/pages\/27794\/revisions\/27905"}],"wp:attachment":[{"href":"https:\/\/westestetik.com\/de\/wp-json\/wp\/v2\/media?parent=27794"}],"curies":[{"name":"wp","href":"https:\/\/api.w.org\/{rel}","templated":true}]}}