{"id":27789,"date":"2024-12-02T23:06:59","date_gmt":"2024-12-02T23:06:59","guid":{"rendered":"https:\/\/westestetik.com\/?page_id=27789"},"modified":"2024-12-25T10:53:11","modified_gmt":"2024-12-25T10:53:11","slug":"asthetik-der-augenlider","status":"publish","type":"page","link":"https:\/\/westestetik.com\/de\/asthetik-der-augenlider\/","title":{"rendered":"\u00c4sthetik der Augenlider"},"content":{"rendered":"<div data-elementor-type=\"wp-page\" data-elementor-id=\"27789\" class=\"elementor elementor-27789\" data-elementor-post-type=\"page\">\n\t\t\t\t<div class=\"wd-negative-gap elementor-element elementor-element-e150b12 e-flex e-con-boxed e-con e-parent\" data-id=\"e150b12\" data-element_type=\"container\">\n\t\t\t\t\t<div class=\"e-con-inner\">\n\t\t\t\t<div class=\"elementor-element elementor-element-7286009 elementor-widget elementor-widget-image\" data-id=\"7286009\" data-element_type=\"widget\" data-widget_type=\"image.default\">\n\t\t\t\t<div class=\"elementor-widget-container\">\n\t\t\t\t\t\t\t\t\t\t\t\t\t\t\t<img fetchpriority=\"high\" decoding=\"async\" width=\"1300\" height=\"384\" src=\"https:\/\/westestetik.com\/wp-content\/uploads\/2024\/12\/Uygulama-1-1300x384.png\" class=\"attachment-large size-large wp-image-27725\" alt=\"Krankheiten\" srcset=\"https:\/\/westestetik.com\/wp-content\/uploads\/2024\/12\/Uygulama-1-1300x384.png 1300w, https:\/\/westestetik.com\/wp-content\/uploads\/2024\/12\/Uygulama-1-430x127.png 430w, https:\/\/westestetik.com\/wp-content\/uploads\/2024\/12\/Uygulama-1-150x44.png 150w, https:\/\/westestetik.com\/wp-content\/uploads\/2024\/12\/Uygulama-1-700x207.png 700w, https:\/\/westestetik.com\/wp-content\/uploads\/2024\/12\/Uygulama-1-400x118.png 400w, https:\/\/westestetik.com\/wp-content\/uploads\/2024\/12\/Uygulama-1-768x227.png 768w, https:\/\/westestetik.com\/wp-content\/uploads\/2024\/12\/Uygulama-1-1536x453.png 1536w, https:\/\/westestetik.com\/wp-content\/uploads\/2024\/12\/Uygulama-1-2048x604.png 2048w\" sizes=\"(max-width: 1300px) 100vw, 1300px\" \/>\t\t\t\t\t\t\t\t\t\t\t\t\t\t\t<\/div>\n\t\t\t\t<\/div>\n\t\t\t\t\t<\/div>\n\t\t\t\t<\/div>\n\t\t<div class=\"wd-negative-gap elementor-element elementor-element-192bd7f e-flex e-con-boxed e-con e-parent\" data-id=\"192bd7f\" data-element_type=\"container\">\n\t\t\t\t\t<div class=\"e-con-inner\">\n\t\t\t\t<div class=\"elementor-element elementor-element-36f69b3 color-scheme-inherit text-left elementor-widget elementor-widget-text-editor\" data-id=\"36f69b3\" data-element_type=\"widget\" data-widget_type=\"text-editor.default\">\n\t\t\t\t<div class=\"elementor-widget-container\">\n\t\t\t\t\t\t\t\t\t<p><span style=\"font-weight: 400;\">Die Augenlid\u00e4sthetik ist ein wirksames Verfahren der \u00e4sthetischen Chirurgie zur Korrektur von Erschlaffungen, Tr\u00e4nens\u00e4cken und Falten, die aufgrund von Alterserscheinungen und genetischen Faktoren um die Augen herum auftreten. Dieses Verfahren ist eine ideale L\u00f6sung f\u00fcr alle, die ein j\u00fcngeres, lebendiges und dynamisches Aussehen anstreben. Es bietet auch eine funktionelle Verbesserung f\u00fcr Menschen, deren Gesichtsfeld durch \u00fcbersch\u00fcssige Haut am oberen Augenlid eingeschr\u00e4nkt ist.<\/span><\/p><h2><span style=\"font-weight: 400;\">Was ist Augenlid\u00e4sthetik?<\/span><\/h2><p><span style=\"font-weight: 400;\">Die Augenlid\u00e4sthetik ist eine \u00e4sthetische Operation, die darauf abzielt, \u00fcbersch\u00fcssige Haut, Tr\u00e4nens\u00e4cke und erschlaffte Augenpartien durch chirurgische Methoden zu korrigieren. Dieser Eingriff, der in der medizinischen Fachliteratur als Blepharoplastik\u201c bezeichnet wird, kann sowohl aus \u00e4sthetischen als auch aus funktionellen Gr\u00fcnden durchgef\u00fchrt werden. Mit zunehmendem Alter kommt es zur Erschlaffung der Augenlider, weil die Haut um die Augen an Elastizit\u00e4t verliert, die Muskeln schw\u00e4cher werden und sich Fettgewebe ansammelt. Dies l\u00e4sst den Gesichtsausdruck m\u00fcde, traurig oder alt aussehen. Die Augenlid\u00e4sthetik beseitigt nicht nur \u00e4sthetische Bedenken, sondern \u00fcbersch\u00fcssige Haut am Oberlid kann auch zu Sehproblemen f\u00fchren, da sie das Sichtfeld des Auges einengt. Daher kann die Augenlid\u00e4sthetik sowohl optisch als auch funktionell einen gro\u00dfen Unterschied ausmachen. Dieser Eingriff, der an den Ober- und Unterlidern vorgenommen wird, wird in der Regel kombiniert und verleiht der Person ein j\u00fcngeres Aussehen.<\/span><\/p><h2><span style=\"font-weight: 400;\">Unter welchen Bedingungen wird die Augenlid\u00e4sthetik durchgef\u00fchrt?<\/span><\/h2><p><span style=\"font-weight: 400;\">Obwohl die Augenlid\u00e4sthetik vor allem aus \u00e4sthetischen Gr\u00fcnden bevorzugt wird, kann sie in einigen F\u00e4llen auch aus gesundheitlichen Gr\u00fcnden notwendig sein. \u00dcbersch\u00fcssige Haut und Tr\u00e4nens\u00e4cke um die Augen k\u00f6nnen die Augenlider mit der Zeit nach unten ziehen und das Gesichtsfeld einschr\u00e4nken. Dies kann sich negativ auf das t\u00e4gliche Leben der Betroffenen auswirken. Die Augenlid\u00e4sthetik erm\u00f6glicht es, die \u00fcbersch\u00fcssige Haut am Augenlid zu entfernen, wenn die Sehkraft nachl\u00e4sst, und das Gesichtsfeld wieder zu \u00f6ffnen. Dar\u00fcber hinaus k\u00f6nnen Tr\u00e4nens\u00e4cke und Falten um die Augen herum aufgrund von Alterserscheinungen, Stress, genetischen Faktoren oder Schlafmangel auftreten. Auch solche Zust\u00e4nde sind ein geeigneter Grund f\u00fcr eine Augenlid\u00e4sthetik. Tr\u00e4nens\u00e4cke sind manchmal genetisch bedingt und k\u00f6nnen sich schon in jungen Jahren um die Augen herum bemerkbar machen. Die Unterlid\u00e4sthetik bietet eine wirksame L\u00f6sung zur Beseitigung solcher Tr\u00e4nens\u00e4cke und F\u00e4ltchen. Die \u00c4sthetik der Augenlider kann sowohl ein funktionelles als auch ein \u00e4sthetisches Bed\u00fcrfnis sein, denn \u00fcbersch\u00fcssige Haut um die Augen kann zu einem vitaleren und ges\u00fcnderen Aussehen beitragen.<\/span><\/p><h2><span style=\"font-weight: 400;\">F\u00fcr wen ist die Augenlid\u00e4sthetik geeignet?<\/span><\/h2><p><span style=\"font-weight: 400;\">Die Augenlid\u00e4sthetik ist in der Regel f\u00fcr Personen ab 30 Jahren geeignet. Da die Anzeichen der Hautalterung aber auch schon fr\u00fcher auftreten k\u00f6nnen, k\u00f6nnen sich auch j\u00fcngere Menschen, die genetisch bedingt Tr\u00e4nens\u00e4cke oder eine erschlaffte Augenpartie haben, f\u00fcr diesen Eingriff bewerben. Um f\u00fcr eine \u00e4sthetische Operation in Frage zu kommen, muss die Person einen guten Gesundheitszustand haben. Menschen mit schweren Erkrankungen wie Diabetes und Herzkrankheiten sollten vor einem solchen \u00e4sthetischen Eingriff ein ausf\u00fchrliches Gespr\u00e4ch mit ihrem Arzt f\u00fchren. Ebenso m\u00fcssen Menschen, die rauchen und Blutverd\u00fcnner einnehmen, diese Gewohnheiten vor dem Eingriff m\u00f6glicherweise einschr\u00e4nken. Die Augenlid\u00e4sthetik eignet sich besonders f\u00fcr Menschen, die unter starken Erschlaffungen und Tr\u00e4nens\u00e4cken leiden und sich ein \u00e4sthetisch j\u00fcngeres Aussehen w\u00fcnschen. Auch Menschen, die aufgrund ihrer Augenlider Sehprobleme haben, k\u00f6nnen mit einer Augenlid\u00e4sthetik ein angenehmeres Leben f\u00fchren.<\/span><\/p><h2><span style=\"font-weight: 400;\">Was ist der Unterschied zwischen Oberlid- und Unterlid\u00e4sthetik?<\/span><\/h2><p><span style=\"font-weight: 400;\">Die \u00c4sthetik der Augenlider kann in zwei verschiedenen Bereichen durchgef\u00fchrt werden: im oberen und im unteren Bereich. Bei der Oberlid\u00e4sthetik wird \u00fcbersch\u00fcssiges Haut- und Fettgewebe um die Augen herum entfernt und die Erschlaffung des Augenlids beseitigt. Durch den Eingriff am Oberlid wird der Blick lebendiger und kr\u00e4ftiger. Die \u00c4sthetik der Oberlider wird in der Regel durchgef\u00fchrt, um die altersbedingte Erschlaffung der Augenlider zu korrigieren. Diese Art von Eingriff ist eine sehr effektive L\u00f6sung f\u00fcr Menschen, die ein j\u00fcngeres Aussehen erreichen m\u00f6chten. Die \u00c4sthetik des unteren Augenlids wird durchgef\u00fchrt, um Tr\u00e4nens\u00e4cke zu entfernen, Falten zu reduzieren und ein glatteres Hautbild zu erzielen. Das untere Augenlid kann durch die Ansammlung von Fetts\u00e4cken oft anschwellen, was den Betroffenen ein m\u00fcdes Aussehen verleiht. Die \u00c4sthetik des unteren Augenlids hilft, diese Schwellungen und Falten zu beseitigen. Der Hauptunterschied zwischen Ober- und Unterlid\u00e4sthetik liegt in den Anwendungsbereichen; das Oberlid ist meist von \u00fcbersch\u00fcssiger Haut betroffen, w\u00e4hrend das Unterlid von Tr\u00e4nens\u00e4cken und Falten betroffen ist. Beide Eingriffe k\u00f6nnen einzeln oder zusammen durchgef\u00fchrt werden.<\/span><\/p><h2><span style=\"font-weight: 400;\">Wie lange dauert die Augenlid\u00e4sthetik?<\/span><\/h2><p><span style=\"font-weight: 400;\">Die \u00c4sthetik der Augenlider ist ein Eingriff, der in der Regel zwischen 1 und 2 Stunden dauert. Diese Zeit kann je nach den Bed\u00fcrfnissen der Person variieren. Wenn nur das Oberlid operiert werden soll, kann der Eingriff k\u00fcrzer dauern. Sollen jedoch Ober- und Unterlider gemeinsam operiert werden, kann die Eingriffszeit etwas l\u00e4nger sein. Die Dauer des Eingriffs kann auch von der Erfahrung des Chirurgen und den verwendeten Techniken abh\u00e4ngen. Da es sich bei der Augenlid\u00e4sthetik um einen sehr empfindlichen Bereich handelt, ist es \u00e4u\u00dferst wichtig, dass sie von einem erfahrenen Chirurgen durchgef\u00fchrt wird. Der Chirurg sollte die Feinstruktur um die Augen gut analysieren und diesen Bereich w\u00e4hrend des Eingriffs nicht besch\u00e4digen. Nach der Operation verl\u00e4uft der Heilungsprozess in der Regel schnell, allerdings kann es in den ersten Tagen zu Schwellungen und Bluterg\u00fcssen kommen.<\/span><\/p><h2><span style=\"font-weight: 400;\">Wie verl\u00e4uft der Heilungsprozess nach einer Augenlid\u00e4sthetik?<\/span><\/h2><p><span style=\"font-weight: 400;\">Der Heilungsprozess nach einer Augenlid-\u00c4sthetik ist in der Regel nach 7-10 Tagen abgeschlossen. In den ersten Tagen kann es zu leichten Schwellungen und Bluterg\u00fcssen kommen, die jedoch mit der Zeit abklingen. Obwohl der Heilungsprozess von Person zu Person unterschiedlich verl\u00e4uft, k\u00f6nnen die meisten Patienten innerhalb weniger Tage nach dem Eingriff ihr normales Leben wieder aufnehmen. Es ist sehr hilfreich, kalte Kompressen anzulegen, um Schwellungen und Bluterg\u00fcsse um die Augen zu verringern. Gleichzeitig kann die regelm\u00e4\u00dfige Einnahme von Medikamenten, die der Arzt empfiehlt, den Heilungsprozess beschleunigen. Weitere wichtige Punkte, die w\u00e4hrend des Heilungsprozesses beachtet werden sollten, sind das Vermeiden von \u00fcberm\u00e4\u00dfiger Bewegung, das Vermeiden von zu viel Sonne im Gesicht und das Vermeiden von \u00fcberm\u00e4\u00dfiger k\u00f6rperlicher Bet\u00e4tigung. Wenn Sie sich einige Tage lang ausruhen und die Pflegeanweisungen nach dem Eingriff befolgen, beschleunigt dies den Heilungsprozess und erh\u00f6ht die Chance, das gew\u00fcnschte Ergebnis zu erzielen.<\/span><\/p><h2><span style=\"font-weight: 400;\">Bietet die Augenlid\u00e4sthetik eine dauerhafte L\u00f6sung?<\/span><\/h2><p><span style=\"font-weight: 400;\">Die Augenlid\u00e4sthetik bietet in der Regel dauerhafte Ergebnisse. Da der Alterungsprozess jedoch fortschreitet, kann es im Laufe der Jahre erneut zu Ver\u00e4nderungen an den Augen kommen. Obwohl die Augenlid\u00e4sthetik es erm\u00f6glicht, die Jugend f\u00fcr einige Jahre wiederzuerlangen, geht der nat\u00fcrliche Alterungsprozess der Haut weiter. Die nach einer Augenlidkorrektur erzielten Ergebnisse sind jedoch in der Regel von langer Dauer. Faktoren wie Lebensstil, Rauchgewohnheiten und Hautpflege k\u00f6nnen die Dauerhaftigkeit des Ergebnisses beeinflussen. Ein gesunder Lebensstil und regelm\u00e4\u00dfige Hautpflege k\u00f6nnen daf\u00fcr sorgen, dass das Ergebnis nach einer Augenlidkorrektur l\u00e4nger anh\u00e4lt.<\/span><\/p><h2><span style=\"font-weight: 400;\">Was sollte vor einer Augenlid\u00e4sthetik beachtet werden?<\/span><\/h2><p><span style=\"font-weight: 400;\">Vor einer Augenlid-\u00c4sthetik sind mehrere wichtige Punkte zu beachten. Erstens sollten alle vom Chirurgen empfohlenen Untersuchungen durchgef\u00fchrt und der Gesundheitszustand als angemessen best\u00e4tigt werden. Dar\u00fcber hinaus wird empfohlen, das Rauchen vor der Operation einzuschr\u00e4nken oder ganz aufzugeben. Rauchen kann sich negativ auf den Heilungsprozess auswirken und das Risiko einer Infektion erh\u00f6hen. Wenn Sie Blutverd\u00fcnner einnehmen, sollten Sie diese Medikamente in Absprache mit Ihrem Chirurgen eine Weile vorher absetzen. Vor der Augenlid\u00e4sthetik sollten Sie ein ausf\u00fchrliches Gespr\u00e4ch mit Ihrem Chirurgen f\u00fchren und Ihre Erwartungen klar formulieren. So kann der Eingriff nach Ihren pers\u00f6nlichen Bed\u00fcrfnissen durchgef\u00fchrt werden.<\/span><\/p><h2><span style=\"font-weight: 400;\">Welche Nebenwirkungen k\u00f6nnen nach einer Augenlid-\u00c4sthetik auftreten?<\/span><\/h2><p><span style=\"font-weight: 400;\">Wie bei jedem chirurgischen Eingriff k\u00f6nnen auch bei der \u00c4sthetik der Augenlider einige Nebenwirkungen auftreten. Diese Nebenwirkungen k\u00f6nnen jedoch durch Eingriffe, die von einem erfahrenen Chirurgen durchgef\u00fchrt werden, minimiert werden. Zu den h\u00e4ufigsten Nebenwirkungen nach einer Augenlidkorrektur geh\u00f6ren Schwellungen, Bluterg\u00fcsse und leichte Schmerzen. Diese Beschwerden klingen in der Regel innerhalb weniger Tage ab. Schwellungen sind ein nat\u00fcrlicher Teil des Heilungsprozesses und nehmen mit der Zeit ab. Bluterg\u00fcsse verblassen und verschwinden innerhalb weniger Tage. Dar\u00fcber hinaus kann es nach dem Eingriff zu einem leichten Trockenheitsgef\u00fchl, Tr\u00e4nenfluss oder Juckreiz in den Augen kommen. Diese Beschwerden sind vor\u00fcbergehend und k\u00f6nnen mit den vom Arzt empfohlenen Medikamenten und Pflegema\u00dfnahmen schnell wieder behoben werden. Obwohl ernsthafte Komplikationen selten sind, besteht bei der Augenlid\u00e4sthetik wie bei jedem chirurgischen Eingriff das Risiko einer Infektion. Daher k\u00f6nnen die Befolgung der Anweisungen des Chirurgen und regelm\u00e4\u00dfige Kontrolluntersuchungen dazu beitragen, m\u00f6gliche Komplikationen zu vermeiden.<\/span><\/p><h2><span style=\"font-weight: 400;\">Was sind die Preise der Augenlid\u00e4sthetik?<\/span><\/h2><p><span style=\"font-weight: 400;\">Die Preise f\u00fcr eine Augenlidkorrektur h\u00e4ngen von vielen Faktoren ab. Zu diesen Faktoren geh\u00f6ren die Erfahrung des Chirurgen, der Standort des Krankenhauses, die Art des Eingriffs (nur Oberlid\u00e4sthetik oder Ober- und Unterlid\u00e4sthetik zusammen) und die zu verwendende technische Ausstattung. Da die Preise f\u00fcr die \u00c4sthetik der Augenlider je nach den Bed\u00fcrfnissen des Einzelnen variieren k\u00f6nnen, sollte man sich vor dem Eingriff in einem Vorgespr\u00e4ch genau \u00fcber den Preis informieren. Da es sich bei der \u00c4sthetik der Augenlider im Allgemeinen um einen \u00e4sthetischen Eingriff handelt, kann es sein, dass er nicht von der Krankenkasse \u00fcbernommen wird. In einigen F\u00e4llen kann der Eingriff jedoch von der Krankenkasse \u00fcbernommen werden, wenn die Sehkraft aufgrund von \u00fcbersch\u00fcssiger Haut am Augenlid beeintr\u00e4chtigt ist. Um klare Informationen \u00fcber den Preis zu erhalten und den Eingriff im Detail zu beurteilen, sollte ein spezialisierter Chirurg konsultiert werden.<\/span><\/p><h2><span style=\"font-weight: 400;\">J\u00fcngeres Aussehen durch Augenlid-\u00c4sthetik<\/span><\/h2><p><span style=\"font-weight: 400;\">Die \u00c4sthetik der Augenlider ist eine gro\u00dfartige Option f\u00fcr diejenigen, die ein j\u00fcngeres und vitaleres Aussehen erreichen m\u00f6chten, indem sie die Zeichen des Alterns beseitigen. Mit diesem Verfahren werden Erschlaffungen, Tr\u00e4nens\u00e4cke und Falten um die Augen herum beseitigt, wodurch die Person einen energischeren und lebendigeren Ausdruck erh\u00e4lt. Dar\u00fcber hinaus kann die Augenlid\u00e4sthetik durch die Entfernung \u00fcbersch\u00fcssiger Haut um die Augen herum das Gesichtsfeld der Person \u00f6ffnen und ein angenehmeres Sehen erm\u00f6glichen. Da eine Erschlaffung, insbesondere des Oberlids, zu Sehst\u00f6rungen f\u00fchren kann, kann die Augenlid\u00e4sthetik f\u00fcr Menschen mit solchen gesundheitlichen Problemen einen gro\u00dfen Unterschied machen. Dieses Verfahren, das f\u00fcr Menschen jeden Alters geeignet ist, kann die Lebensqualit\u00e4t derjenigen verbessern, die sich ein jugendliches Aussehen w\u00fcnschen, aber auch derjenigen, die unter funktionellen Problemen leiden.<\/span><\/p><p><span style=\"font-weight: 400;\">Die \u00c4sthetik der Augenlider kann sowohl in \u00e4sthetischer als auch in funktioneller Hinsicht einen gro\u00dfen Unterschied ausmachen. Erschlaffung, Tr\u00e4nens\u00e4cke und Falten, die mit dem Alter um die Augen herum auftreten, k\u00f6nnen den Menschen einen m\u00fcden, traurigen oder alten Ausdruck verleihen. Die \u00c4sthetik der Augenlider beseitigt diese Probleme und verleiht den Menschen ein j\u00fcngeres, vitales und energiegeladenes Aussehen. Dar\u00fcber hinaus kann \u00fcbersch\u00fcssige Haut um die Augen herum das Gesichtsfeld einengen und das t\u00e4gliche Leben erschweren. Die \u00c4sthetik der Augenlider ist ein Verfahren, das sowohl f\u00fcr die \u00c4sthetik als auch f\u00fcr die Gesundheit erhebliche Vorteile bietet. Eine von einem guten Chirurgen durchgef\u00fchrte Augenlid\u00e4sthetik bietet langfristige und dauerhafte Ergebnisse. Der Heilungsprozess verl\u00e4uft in der Regel schnell, und das Risiko von Komplikationen kann bei richtiger Pflege minimiert werden. Wenn Sie sich mit Erschlaffung, Tr\u00e4nens\u00e4cken oder Falten auf Ihrem Augenlid unwohl f\u00fchlen, k\u00f6nnen Sie mit einer Augenlidkorrektur ein j\u00fcngeres Aussehen und ein angenehmeres Leben erreichen.<\/span><\/p><p><br \/><br \/><\/p>\t\t\t\t\t\t\t\t<\/div>\n\t\t\t\t<\/div>\n\t\t\t\t\t<\/div>\n\t\t\t\t<\/div>\n\t\t\t\t<\/div>","protected":false},"excerpt":{"rendered":"<p>G\u00f6z kapa\u011f\u0131 esteti\u011fi, ya\u015flanma belirtileri ve genetik fakt\u00f6rler nedeniyle g\u00f6z \u00e7evresinde meydana gelen sarkmalar, torbalanma ve k\u0131r\u0131\u015f\u0131kl\u0131klar\u0131 d\u00fczeltmek i\u00e7in uygulanan<\/p>","protected":false},"author":1,"featured_media":0,"parent":0,"menu_order":0,"comment_status":"closed","ping_status":"closed","template":"","meta":{"footnotes":""},"class_list":["post-27789","page","type-page","status-publish","hentry"],"_links":{"self":[{"href":"https:\/\/westestetik.com\/de\/wp-json\/wp\/v2\/pages\/27789","targetHints":{"allow":["GET"]}}],"collection":[{"href":"https:\/\/westestetik.com\/de\/wp-json\/wp\/v2\/pages"}],"about":[{"href":"https:\/\/westestetik.com\/de\/wp-json\/wp\/v2\/types\/page"}],"author":[{"embeddable":true,"href":"https:\/\/westestetik.com\/de\/wp-json\/wp\/v2\/users\/1"}],"replies":[{"embeddable":true,"href":"https:\/\/westestetik.com\/de\/wp-json\/wp\/v2\/comments?post=27789"}],"version-history":[{"count":4,"href":"https:\/\/westestetik.com\/de\/wp-json\/wp\/v2\/pages\/27789\/revisions"}],"predecessor-version":[{"id":27899,"href":"https:\/\/westestetik.com\/de\/wp-json\/wp\/v2\/pages\/27789\/revisions\/27899"}],"wp:attachment":[{"href":"https:\/\/westestetik.com\/de\/wp-json\/wp\/v2\/media?parent=27789"}],"curies":[{"name":"wp","href":"https:\/\/api.w.org\/{rel}","templated":true}]}}