{"id":27787,"date":"2024-12-02T23:06:21","date_gmt":"2024-12-02T23:06:21","guid":{"rendered":"https:\/\/westestetik.com\/?page_id=27787"},"modified":"2024-12-25T10:52:59","modified_gmt":"2024-12-25T10:52:59","slug":"augenbrauen-lifting","status":"publish","type":"page","link":"https:\/\/westestetik.com\/de\/augenbrauen-lifting\/","title":{"rendered":"Augenbrauen Lifting"},"content":{"rendered":"<div data-elementor-type=\"wp-page\" data-elementor-id=\"27787\" class=\"elementor elementor-27787\" data-elementor-post-type=\"page\">\n\t\t\t\t<div class=\"wd-negative-gap elementor-element elementor-element-e150b12 e-flex e-con-boxed e-con e-parent\" data-id=\"e150b12\" data-element_type=\"container\">\n\t\t\t\t\t<div class=\"e-con-inner\">\n\t\t\t\t<div class=\"elementor-element elementor-element-7286009 elementor-widget elementor-widget-image\" data-id=\"7286009\" data-element_type=\"widget\" data-widget_type=\"image.default\">\n\t\t\t\t<div class=\"elementor-widget-container\">\n\t\t\t\t\t\t\t\t\t\t\t\t\t\t\t<img fetchpriority=\"high\" decoding=\"async\" width=\"1300\" height=\"384\" src=\"https:\/\/westestetik.com\/wp-content\/uploads\/2024\/12\/Uygulama-1-1300x384.png\" class=\"attachment-large size-large wp-image-27725\" alt=\"Krankheiten\" srcset=\"https:\/\/westestetik.com\/wp-content\/uploads\/2024\/12\/Uygulama-1-1300x384.png 1300w, https:\/\/westestetik.com\/wp-content\/uploads\/2024\/12\/Uygulama-1-430x127.png 430w, https:\/\/westestetik.com\/wp-content\/uploads\/2024\/12\/Uygulama-1-150x44.png 150w, https:\/\/westestetik.com\/wp-content\/uploads\/2024\/12\/Uygulama-1-700x207.png 700w, https:\/\/westestetik.com\/wp-content\/uploads\/2024\/12\/Uygulama-1-400x118.png 400w, https:\/\/westestetik.com\/wp-content\/uploads\/2024\/12\/Uygulama-1-768x227.png 768w, https:\/\/westestetik.com\/wp-content\/uploads\/2024\/12\/Uygulama-1-1536x453.png 1536w, https:\/\/westestetik.com\/wp-content\/uploads\/2024\/12\/Uygulama-1-2048x604.png 2048w\" sizes=\"(max-width: 1300px) 100vw, 1300px\" \/>\t\t\t\t\t\t\t\t\t\t\t\t\t\t\t<\/div>\n\t\t\t\t<\/div>\n\t\t\t\t\t<\/div>\n\t\t\t\t<\/div>\n\t\t<div class=\"wd-negative-gap elementor-element elementor-element-a3ccbcc e-flex e-con-boxed e-con e-parent\" data-id=\"a3ccbcc\" data-element_type=\"container\">\n\t\t\t\t\t<div class=\"e-con-inner\">\n\t\t\t\t<div class=\"elementor-element elementor-element-e546c67 color-scheme-inherit text-left elementor-widget elementor-widget-text-editor\" data-id=\"e546c67\" data-element_type=\"widget\" data-widget_type=\"text-editor.default\">\n\t\t\t\t<div class=\"elementor-widget-container\">\n\t\t\t\t\t\t\t\t\t<p><span style=\"font-weight: 400;\">Das Augenbrauenlifting ist eines der beliebtesten Verfahren in der \u00e4sthetischen Welt, um den Gesichtsausdruck zu verj\u00fcngen und ein lebendigeres Aussehen zu erreichen. Im Laufe der Zeit kann eine Erschlaffung im Bereich der Augenbrauen zu einem m\u00fcden und ungl\u00fccklichen Gesichtsausdruck f\u00fchren. Dieses Verfahren zielt darauf ab, ein nat\u00fcrliches Aussehen zu erreichen und die Gesichtsz\u00fcge ausgeglichener zu gestalten. Das Augenbrauenlifting, das mit verschiedenen Methoden durchgef\u00fchrt werden kann, zeichnet sich durch effektive Ergebnisse in kurzer Zeit aus. Diese \u00e4sthetische L\u00f6sung, die sowohl f\u00fcr Frauen als auch f\u00fcr M\u00e4nner geeignet ist, kann der Schl\u00fcssel zu selbstbewusstem Auftreten in der Gesichts\u00e4sthetik sein.<\/span><\/p><h2><span style=\"font-weight: 400;\">Was ist ein Augenbrauenlifting?<\/span><\/h2><p><span style=\"font-weight: 400;\">Unter einem Augenbrauenlifting versteht man die Neuformung und Anhebung schlaffer oder niedrig wirkender Augenbrauen. Dieser \u00e4sthetische Eingriff wird besonders bevorzugt, um Falten, Erschlaffung und m\u00fcdes Aussehen im Bereich der Augenbrauen w\u00e4hrend des Alterungsprozesses zu reduzieren. Das Augenbrauenlifting zielt darauf ab, dem Gesicht einen j\u00fcngeren und dynamischeren Ausdruck zu verleihen. Dieser Eingriff wird in der Regel mit Botox, Fadensuspension oder chirurgischen Methoden durchgef\u00fchrt.<\/span><\/p><h2><span style=\"font-weight: 400;\">F\u00fcr wen ist das Augenbrauenlifting geeignet?<\/span><\/h2><p><span style=\"font-weight: 400;\">Das Augenbrauenlifting ist f\u00fcr jeden geeignet, der \u00fcber niedrige Augenbrauen klagt. Insbesondere Personen, die aufgrund des Drucks ihrer Augenbrauen auf die Augenlider einen m\u00fcden oder ungl\u00fccklichen Ausdruck haben, k\u00f6nnen von diesem Verfahren profitieren. Vor dem Eingriff werden jedoch Faktoren wie die Hautstruktur und der allgemeine Gesundheitszustand beurteilt. Dieses Verfahren, das h\u00e4ufig bei Personen \u00fcber 30 Jahren bevorzugt wird, bietet eine geeignete L\u00f6sung f\u00fcr Frauen und M\u00e4nner.<\/span><\/p><h2><span style=\"font-weight: 400;\">Was sind Augenbrauen-Lifting-Methoden?<\/span><\/h2><p><span style=\"font-weight: 400;\">Das Augenbrauenlifting kann mit verschiedenen Methoden durchgef\u00fchrt werden:<\/span><\/p><ol><li><span style=\"font-weight: 400;\">Augenbrauenlifting mit Botox: Es erm\u00f6glicht das Anheben der Augenbrauen durch Entspannung der Muskeln und ist eine nicht-chirurgische Option.<\/span><\/li><li><span style=\"font-weight: 400;\">Faden-Suspensions-Methode: Die Augenbrauen werden angehoben, indem sie auf minimalinvasive Weise gest\u00fctzt werden.<\/span><\/li><li><span style=\"font-weight: 400;\">Chirurgisches Brauenlifting: Bei dieser Methode, die eine dauerhaftere L\u00f6sung bietet, wird die Position der Augenbrauen durch Entfernung \u00fcbersch\u00fcssiger Haut korrigiert.<\/span><\/li><\/ol><p><span style=\"font-weight: 400;\">Jede Methode wird nach den Bed\u00fcrfnissen und Erwartungen der jeweiligen Person bestimmt. Ihr Arzt wird Ihnen helfen, die am besten geeignete Methode zu w\u00e4hlen.<\/span><\/p><h2><span style=\"font-weight: 400;\">Wie lange dauert das Augenbrauenlifting?<\/span><\/h2><p><span style=\"font-weight: 400;\">Die Dauer des Augenbrauenliftings variiert je nach der gew\u00e4hlten Methode. W\u00e4hrend Verfahren mit Botox 10-15 Minuten dauern, ist die Fadensuspensionsmethode in der Regel zwischen 30-60 Minuten abgeschlossen. Chirurgische Eingriffe k\u00f6nnen 1-2 Stunden dauern. Die Dauer des Eingriffs ist zwar kurz, aber die Dauerhaftigkeit des Ergebnisses und die Erholungszeit h\u00e4ngen von der verwendeten Technik ab.<\/span><\/p><h2><span style=\"font-weight: 400;\">Wie verl\u00e4uft der Heilungsprozess nach einem Augenbrauenlifting?<\/span><\/h2><p><span style=\"font-weight: 400;\">Der Heilungsprozess ist je nach der angewandten Methode unterschiedlich. Nach nicht-chirurgischen Eingriffen wie Botox kann das t\u00e4gliche Leben sofort wieder aufgenommen werden. Nach der Fadensuspensionsmethode kann es zu leichten Schwellungen oder Bluterg\u00fcssen kommen, die innerhalb weniger Tage abklingen. Bei chirurgischen Brauenlifting-Verfahren dauert der Heilungsprozess in der Regel 1-2 Wochen. Es ist wichtig, den Bereich zu sch\u00fctzen und die Empfehlungen des Arztes w\u00e4hrend des Heilungsprozesses zu befolgen.<\/span><\/p><h2><span style=\"font-weight: 400;\">Ist das Augenbrauenlifting schmerzhaft?<\/span><\/h2><p><span style=\"font-weight: 400;\">Ein Augenbrauenlifting verursacht in der Regel nur geringe Schmerzen. Bei den Methoden Botox und Fadenaufh\u00e4ngung ist das Schmerzempfinden fast nicht vorhanden. Da bei chirurgischen Eingriffen eine \u00f6rtliche Bet\u00e4ubung oder Vollnarkose angewendet wird, sind w\u00e4hrend des Eingriffs keine Schmerzen zu sp\u00fcren. Nach dem chirurgischen Eingriff kann jedoch ein leichtes Unbehagen auftreten, das mit verschreibungspflichtigen Schmerzmitteln unter Kontrolle gehalten werden kann.<\/span><\/p><h2><span style=\"font-weight: 400;\">Ist das Brauenlifting ein dauerhafter Eingriff?<\/span><\/h2><p><span style=\"font-weight: 400;\">Die Dauerhaftigkeit des Augenbrauenliftings variiert je nach der angewandten Methode. W\u00e4hrend die mit Botox durchgef\u00fchrten Eingriffe zwischen 3 und 6 Monaten wirksam sind, ist die Methode der Fadensuspension in der Regel 1-2 Jahre dauerhaft. Chirurgische Methoden bieten l\u00e4nger anhaltende und dauerhafte Ergebnisse. Die Dauer der Dauerhaftigkeit kann je nach Alter, Hautstruktur und Lebensstil der Person variieren.<\/span><\/p><h2><span style=\"font-weight: 400;\">Wie hoch sind die Preise f\u00fcr ein Augenbrauenlifting?<\/span><\/h2><p><span style=\"font-weight: 400;\">Die Preise f\u00fcr ein Augenbrauenlifting variieren je nach der verwendeten Methode, dem Spezialisten, der den Eingriff durchf\u00fchrt, und der Region, in der sich die Klinik befindet. Botox und Fadenaufh\u00e4ngung sind in der Regel die kosteng\u00fcnstigeren Optionen, w\u00e4hrend chirurgische Verfahren teurer sein k\u00f6nnen. F\u00fcr detaillierte Informationen empfiehlt es sich, einen Facharzt zu konsultieren.<\/span><\/p><h2><span style=\"font-weight: 400;\">Was sollte nach einem Augenbrauenlifting beachtet werden?<\/span><\/h2><p><span style=\"font-weight: 400;\">Nach dem Eingriff ist es wichtig, den Augenbrauenbereich vor St\u00f6\u00dfen zu sch\u00fctzen und \u00fcberm\u00e4\u00dfige k\u00f6rperliche Aktivit\u00e4ten zu vermeiden. Dar\u00fcber hinaus sollte auf starkes Make-up im Gesichtsbereich verzichtet werden. Die regelm\u00e4\u00dfige Anwendung von Cremes und Medikamenten, die Ihr Arzt nach dem chirurgischen Eingriff empfiehlt, kann den Heilungsprozess beschleunigen.<\/span><\/p><h2><span style=\"font-weight: 400;\">Ist das Augenbrauenlifting und das Stirnlifting dasselbe?<\/span><\/h2><p><span style=\"font-weight: 400;\">Das Augenbrauenlifting und das Stirnlifting sind zwei unterschiedliche Verfahren. W\u00e4hrend beim Augenbrauenlifting nur die Position der Augenbrauen korrigiert wird, werden beim Stirnlifting Falten und Erschlaffungen auf der gesamten Stirn korrigiert. Diese beiden Eingriffe k\u00f6nnen jedoch h\u00e4ufig zusammen durchgef\u00fchrt werden, um eine umfassendere Verj\u00fcngung zu erzielen.<\/span><\/p><p>\u00a0<\/p>\t\t\t\t\t\t\t\t<\/div>\n\t\t\t\t<\/div>\n\t\t\t\t\t<\/div>\n\t\t\t\t<\/div>\n\t\t\t\t<\/div>","protected":false},"excerpt":{"rendered":"<p>Ka\u015f kald\u0131rma, estetik d\u00fcnyas\u0131nda y\u00fcz ifadesini gen\u00e7le\u015ftirmek ve daha canl\u0131 bir g\u00f6r\u00fcn\u00fcm elde etmek i\u00e7in tercih edilen pop\u00fcler i\u015flemlerden biridir.<\/p>","protected":false},"author":1,"featured_media":0,"parent":0,"menu_order":0,"comment_status":"closed","ping_status":"closed","template":"","meta":{"footnotes":""},"class_list":["post-27787","page","type-page","status-publish","hentry"],"_links":{"self":[{"href":"https:\/\/westestetik.com\/de\/wp-json\/wp\/v2\/pages\/27787","targetHints":{"allow":["GET"]}}],"collection":[{"href":"https:\/\/westestetik.com\/de\/wp-json\/wp\/v2\/pages"}],"about":[{"href":"https:\/\/westestetik.com\/de\/wp-json\/wp\/v2\/types\/page"}],"author":[{"embeddable":true,"href":"https:\/\/westestetik.com\/de\/wp-json\/wp\/v2\/users\/1"}],"replies":[{"embeddable":true,"href":"https:\/\/westestetik.com\/de\/wp-json\/wp\/v2\/comments?post=27787"}],"version-history":[{"count":4,"href":"https:\/\/westestetik.com\/de\/wp-json\/wp\/v2\/pages\/27787\/revisions"}],"predecessor-version":[{"id":27895,"href":"https:\/\/westestetik.com\/de\/wp-json\/wp\/v2\/pages\/27787\/revisions\/27895"}],"wp:attachment":[{"href":"https:\/\/westestetik.com\/de\/wp-json\/wp\/v2\/media?parent=27787"}],"curies":[{"name":"wp","href":"https:\/\/api.w.org\/{rel}","templated":true}]}}