{"id":27765,"date":"2024-12-02T22:51:37","date_gmt":"2024-12-02T22:51:37","guid":{"rendered":"https:\/\/westestetik.com\/?page_id=27765"},"modified":"2024-12-25T10:50:19","modified_gmt":"2024-12-25T10:50:19","slug":"revision-von-brustimplantaten","status":"publish","type":"page","link":"https:\/\/westestetik.com\/de\/revision-von-brustimplantaten\/","title":{"rendered":"Revision von Brustimplantaten"},"content":{"rendered":"<div data-elementor-type=\"wp-page\" data-elementor-id=\"27765\" class=\"elementor elementor-27765\" data-elementor-post-type=\"page\">\n\t\t\t\t<div class=\"wd-negative-gap elementor-element elementor-element-e150b12 e-flex e-con-boxed e-con e-parent\" data-id=\"e150b12\" data-element_type=\"container\">\n\t\t\t\t\t<div class=\"e-con-inner\">\n\t\t\t\t<div class=\"elementor-element elementor-element-7286009 elementor-widget elementor-widget-image\" data-id=\"7286009\" data-element_type=\"widget\" data-widget_type=\"image.default\">\n\t\t\t\t<div class=\"elementor-widget-container\">\n\t\t\t\t\t\t\t\t\t\t\t\t\t\t\t<img fetchpriority=\"high\" decoding=\"async\" width=\"1300\" height=\"384\" src=\"https:\/\/westestetik.com\/wp-content\/uploads\/2024\/12\/Uygulama-1-1300x384.png\" class=\"attachment-large size-large wp-image-27725\" alt=\"Krankheiten\" srcset=\"https:\/\/westestetik.com\/wp-content\/uploads\/2024\/12\/Uygulama-1-1300x384.png 1300w, https:\/\/westestetik.com\/wp-content\/uploads\/2024\/12\/Uygulama-1-430x127.png 430w, https:\/\/westestetik.com\/wp-content\/uploads\/2024\/12\/Uygulama-1-150x44.png 150w, https:\/\/westestetik.com\/wp-content\/uploads\/2024\/12\/Uygulama-1-700x207.png 700w, https:\/\/westestetik.com\/wp-content\/uploads\/2024\/12\/Uygulama-1-400x118.png 400w, https:\/\/westestetik.com\/wp-content\/uploads\/2024\/12\/Uygulama-1-768x227.png 768w, https:\/\/westestetik.com\/wp-content\/uploads\/2024\/12\/Uygulama-1-1536x453.png 1536w, https:\/\/westestetik.com\/wp-content\/uploads\/2024\/12\/Uygulama-1-2048x604.png 2048w\" sizes=\"(max-width: 1300px) 100vw, 1300px\" \/>\t\t\t\t\t\t\t\t\t\t\t\t\t\t\t<\/div>\n\t\t\t\t<\/div>\n\t\t\t\t\t<\/div>\n\t\t\t\t<\/div>\n\t\t<div class=\"wd-negative-gap elementor-element elementor-element-f52d84a e-flex e-con-boxed e-con e-parent\" data-id=\"f52d84a\" data-element_type=\"container\">\n\t\t\t\t\t<div class=\"e-con-inner\">\n\t\t\t\t<div class=\"elementor-element elementor-element-d0e046e color-scheme-inherit text-left elementor-widget elementor-widget-text-editor\" data-id=\"d0e046e\" data-element_type=\"widget\" data-widget_type=\"text-editor.default\">\n\t\t\t\t<div class=\"elementor-widget-container\">\n\t\t\t\t\t\t\t\t\t<p>Die Revision von Brustimplantaten ist ein Korrektureingriff, der durchgef\u00fchrt wird, um Probleme zu beheben, die nach einer fr\u00fcheren Brustvergr\u00f6\u00dferung aufgetreten sind, oder um sich den \u00e4sthetischen Erwartungen anzupassen. Probleme wie Verformungen, Verschiebungen, Asymmetrie oder ein Absacken der Implantate im Laufe der Zeit k\u00f6nnen es f\u00fcr viele Frauen schwierig machen, ihre \u00e4sthetischen Ziele zu erreichen. Daher ist die Revision von Brustimplantaten ein wichtiger Schritt, um ein nat\u00fcrliches und symmetrisches Aussehen der Brust zu erreichen. Dar\u00fcber hinaus kann dieser Eingriff notwendig sein, wenn die Lebensdauer des Implantats im Laufe der Zeit abl\u00e4uft oder sich die Erwartungen der Patientin \u00e4ndern.<\/p><h2>Was ist eine Brustimplantatrevision und wann wird sie durchgef\u00fchrt?<\/h2><p>Die Revision von Brustimplantaten ist ein Korrektureingriff, der durchgef\u00fchrt wird, um Probleme zu l\u00f6sen, die nach einer fr\u00fcheren Brustvergr\u00f6\u00dferung aufgetreten sind. \u00c4sthetische Probleme wie eine Verschiebung oder Verformung des Implantats, Asymmetrie oder ein Absacken der Brust k\u00f6nnen nach der ersten Implantation auftreten. Wenn solche Probleme auftreten, kann eine Revision der Brustimplantate erforderlich sein. Dar\u00fcber hinaus kann eine Revision auch durchgef\u00fchrt werden, wenn die Lebensdauer des Implantats abgelaufen ist oder sich die \u00e4sthetischen Erwartungen der Patientin \u00e4ndern.<\/p><h2>Welche Probleme k\u00f6nnen mit einer Brustimplantat-Revision gel\u00f6st werden?<\/h2><p>Die Revision von Brustimplantaten kann zur L\u00f6sung verschiedener Probleme eingesetzt werden. Dazu geh\u00f6ren<\/p><ul><li>Implantat-Ersatz: Mit der Zeit k\u00f6nnen die Implantate erm\u00fcden oder platzen. In diesem Fall muss m\u00f6glicherweise ein neues Implantat eingesetzt werden.<\/li><li>Asymmetrie: Wenn nach dem ersten Einsatz eine Asymmetrie der Brustgr\u00f6\u00dfe aufgetreten ist, kann durch eine Revision eine Symmetrie erreicht werden.<\/li><li>Erschlaffung und Deformit\u00e4ten: Senkungen, die durch eine Verschiebung des Implantats oder eine Lockerung der Haut verursacht werden, k\u00f6nnen korrigiert werden.<\/li><li>Kapselkontraktur: Das verh\u00e4rtete Gewebe um das Implantat kann unangenehm sein und zu \u00e4sthetisch ung\u00fcnstigen Ergebnissen f\u00fchren. Auch dieses Problem kann durch eine Revision behoben werden.<\/li><\/ul><h2>Wie hoch sind die Preise f\u00fcr Brustimplantat-Revisionen?<\/h2><p>Die Preise f\u00fcr Brustimplantat-Revisionen k\u00f6nnen je nach Komplexit\u00e4t des Eingriffs, der Art des zu verwendenden Implantats und des Umfangs des Verfahrens variieren. Allerdings kann es bei jeder Patientin zu Preisunterschieden kommen. Daher ist ein ausf\u00fchrliches Beratungsgespr\u00e4ch erforderlich, um ein individuelles Preisangebot zu erhalten.<\/p><h2>Wie verl\u00e4uft der Heilungsprozess nach einer Brustimplantat-Revision?<\/h2><p>Der Heilungsprozess nach einer Brustimplantat-Revision dauert in der Regel zwischen 1 und 2 Wochen. In den ersten Tagen k\u00f6nnen leichte Schwellungen und Bluterg\u00fcsse auftreten. Die Patientin sollte sich in dieser Zeit ausruhen und schwere \u00dcbungen vermeiden. Die vollst\u00e4ndige Genesung kann 3 bis 6 Wochen dauern. Dar\u00fcber hinaus kann das Tragen eines Korsetts oder einer Bandage, wie vom Arzt empfohlen, den Heilungsprozess beschleunigen. Nach dem Implantatwechsel sind die Ergebnisse in der Regel dauerhaft, aber regelm\u00e4\u00dfige Kontrolluntersuchungen sind wichtig.<\/p><h2>Wer ist die beste Kandidatin f\u00fcr eine Brustimplantat-Revision?<\/h2><p>Eine Brustimplantat-Revision wird bei Personen vorgenommen, die sich bereits einer Brustvergr\u00f6\u00dferung unterzogen haben und mit dem Ergebnis nicht zufrieden sind oder gesundheitliche Probleme haben. Eine gute Kandidatin sollte einen gesunden K\u00f6rper haben, nicht rauchen und sich \u00fcber ihre \u00e4sthetischen Ziele im Klaren sein. Au\u00dferdem ist ein Beratungsgespr\u00e4ch mit einem plastischen Chirurgen erforderlich, bei dem der aktuelle Gesundheitszustand ber\u00fccksichtigt wird.<\/p><h2>Ist eine Brustimplantat-Revision schmerzhaft?<\/h2><p>Die Revision von Brustimplantaten ist ein Eingriff, der in der Regel unter Narkose durchgef\u00fchrt wird. Leichte postoperative Schmerzen und Unwohlsein sind normal, k\u00f6nnen aber in der Regel mit Medikamenten unter Kontrolle gebracht werden. In den ersten Tagen kann ein Schmerzgef\u00fchl auftreten, das jedoch mit fortschreitendem Heilungsprozess abnimmt. Der Revisionseingriff ist m\u00f6glicherweise nicht so schmerzhaft wie der Prim\u00e4reingriff, da das Implantat an Ort und Stelle ersetzt wird oder kleinere Korrekturen vorgenommen werden.<\/p><h2>Was sollte vor und nach einer Brustimplantat-Revision beachtet werden?<\/h2><p>Vor und nach einer Brustimplantat-Revision gibt es einige wichtige Punkte zu beachten. Vor der Operation sollte nicht geraucht werden, und alle Gewohnheiten, die den Heilungsprozess negativ beeinflussen, sollten aufgegeben werden. Au\u00dferdem sollten schweres Heben und anstrengende T\u00e4tigkeiten in den ersten Wochen nach dem Eingriff vermieden werden. Au\u00dferdem ist es wichtig, sich an den vom Arzt empfohlenen Behandlungsablauf zu halten und die regelm\u00e4\u00dfigen Kontrollen nicht zu unterbrechen.<\/p><h2>In welchen F\u00e4llen ist eine Revision der Brustimplantate erforderlich?<\/h2><p>Eine Revision des Brustimplantats ist notwendig, wenn sich das Implantat im Laufe der Zeit verschiebt, rei\u00dft, sich verformt, eine Kapselkontraktur entsteht oder sich die \u00e4sthetischen Erwartungen \u00e4ndern. Au\u00dferdem k\u00f6nnen Erschlaffungen und Verformungen des Brustgewebes nach einer Geburt oder einer Gewichtsver\u00e4nderung eine Revision erforderlich machen. Auch implantatbedingte Erkrankungen und gesundheitliche Probleme geh\u00f6ren zu den Gr\u00fcnden, die diesen Eingriff erfordern.<\/p><h2>Gibt es Narben nach einer Brustimplantat-Revision?<\/h2><p>Nach einer Brustimplantat-Revision k\u00f6nnen Narben zur\u00fcckbleiben. Wenn Sie jedoch die von Ihrem Arzt empfohlenen Pflegeanweisungen befolgen, werden die Narben mit der Zeit weniger auff\u00e4llig sein. Die Narben werden in der Regel durch Einschnitte in der Brustumschlagsfalte oder um den Warzenhof herum minimiert. Die Sichtbarkeit der Narben h\u00e4ngt vom individuellen Heilungsprozess und von der Art des Eingriffs ab.<\/p><h2>Wie sehen die dauerhaften Ergebnisse nach einer Brustimplantat-Revision aus?<\/h2><p>Die nach einer Brustimplantat-Revision erzielten Ergebnisse sind in der Regel dauerhaft. Durch k\u00f6rperliche Ver\u00e4nderungen, den Alterungsprozess oder \u00e4u\u00dfere Faktoren kann sich jedoch die Lage des Implantats im Laufe der Zeit ver\u00e4ndern. Mit der richtigen Pflege und regelm\u00e4\u00dfigen \u00e4rztlichen Kontrollen kann jedoch ein dauerhaftes \u00e4sthetisches Ergebnis erzielt werden. Dar\u00fcber hinaus erh\u00e4lt die Brust nach der Revision eine symmetrischere, j\u00fcnger aussehende und nat\u00fcrlichere Form.<\/p><p>\u00a0<\/p>\t\t\t\t\t\t\t\t<\/div>\n\t\t\t\t<\/div>\n\t\t\t\t\t<\/div>\n\t\t\t\t<\/div>\n\t\t\t\t<\/div>","protected":false},"excerpt":{"rendered":"<p>Meme implant\u0131 revizyonu, daha \u00f6nce yap\u0131lan meme b\u00fcy\u00fctme ameliyat\u0131n\u0131n ard\u0131ndan ortaya \u00e7\u0131kan sorunlar\u0131 d\u00fczeltmek veya estetik beklentilere uyum sa\u011flamak amac\u0131yla<\/p>","protected":false},"author":1,"featured_media":0,"parent":0,"menu_order":0,"comment_status":"closed","ping_status":"closed","template":"","meta":{"footnotes":""},"class_list":["post-27765","page","type-page","status-publish","hentry"],"_links":{"self":[{"href":"https:\/\/westestetik.com\/de\/wp-json\/wp\/v2\/pages\/27765","targetHints":{"allow":["GET"]}}],"collection":[{"href":"https:\/\/westestetik.com\/de\/wp-json\/wp\/v2\/pages"}],"about":[{"href":"https:\/\/westestetik.com\/de\/wp-json\/wp\/v2\/types\/page"}],"author":[{"embeddable":true,"href":"https:\/\/westestetik.com\/de\/wp-json\/wp\/v2\/users\/1"}],"replies":[{"embeddable":true,"href":"https:\/\/westestetik.com\/de\/wp-json\/wp\/v2\/comments?post=27765"}],"version-history":[{"count":4,"href":"https:\/\/westestetik.com\/de\/wp-json\/wp\/v2\/pages\/27765\/revisions"}],"predecessor-version":[{"id":27819,"href":"https:\/\/westestetik.com\/de\/wp-json\/wp\/v2\/pages\/27765\/revisions\/27819"}],"wp:attachment":[{"href":"https:\/\/westestetik.com\/de\/wp-json\/wp\/v2\/media?parent=27765"}],"curies":[{"name":"wp","href":"https:\/\/api.w.org\/{rel}","templated":true}]}}