{"id":27763,"date":"2024-12-02T22:51:03","date_gmt":"2024-12-02T22:51:03","guid":{"rendered":"https:\/\/westestetik.com\/?page_id=27763"},"modified":"2024-12-25T10:49:25","modified_gmt":"2024-12-25T10:49:25","slug":"gynakomastie","status":"publish","type":"page","link":"https:\/\/westestetik.com\/de\/gynakomastie\/","title":{"rendered":"Gyn\u00e4komastie"},"content":{"rendered":"<div data-elementor-type=\"wp-page\" data-elementor-id=\"27763\" class=\"elementor elementor-27763\" data-elementor-post-type=\"page\">\n\t\t\t\t<div class=\"wd-negative-gap elementor-element elementor-element-e150b12 e-flex e-con-boxed e-con e-parent\" data-id=\"e150b12\" data-element_type=\"container\">\n\t\t\t\t\t<div class=\"e-con-inner\">\n\t\t\t\t<div class=\"elementor-element elementor-element-7286009 elementor-widget elementor-widget-image\" data-id=\"7286009\" data-element_type=\"widget\" data-widget_type=\"image.default\">\n\t\t\t\t<div class=\"elementor-widget-container\">\n\t\t\t\t\t\t\t\t\t\t\t\t\t\t\t<img fetchpriority=\"high\" decoding=\"async\" width=\"1300\" height=\"384\" src=\"https:\/\/westestetik.com\/wp-content\/uploads\/2024\/12\/Uygulama-1-1300x384.png\" class=\"attachment-large size-large wp-image-27725\" alt=\"Krankheiten\" srcset=\"https:\/\/westestetik.com\/wp-content\/uploads\/2024\/12\/Uygulama-1-1300x384.png 1300w, https:\/\/westestetik.com\/wp-content\/uploads\/2024\/12\/Uygulama-1-430x127.png 430w, https:\/\/westestetik.com\/wp-content\/uploads\/2024\/12\/Uygulama-1-150x44.png 150w, https:\/\/westestetik.com\/wp-content\/uploads\/2024\/12\/Uygulama-1-700x207.png 700w, https:\/\/westestetik.com\/wp-content\/uploads\/2024\/12\/Uygulama-1-400x118.png 400w, https:\/\/westestetik.com\/wp-content\/uploads\/2024\/12\/Uygulama-1-768x227.png 768w, https:\/\/westestetik.com\/wp-content\/uploads\/2024\/12\/Uygulama-1-1536x453.png 1536w, https:\/\/westestetik.com\/wp-content\/uploads\/2024\/12\/Uygulama-1-2048x604.png 2048w\" sizes=\"(max-width: 1300px) 100vw, 1300px\" \/>\t\t\t\t\t\t\t\t\t\t\t\t\t\t\t<\/div>\n\t\t\t\t<\/div>\n\t\t\t\t\t<\/div>\n\t\t\t\t<\/div>\n\t\t<div class=\"wd-negative-gap elementor-element elementor-element-e5a5398 e-flex e-con-boxed e-con e-parent\" data-id=\"e5a5398\" data-element_type=\"container\">\n\t\t\t\t\t<div class=\"e-con-inner\">\n\t\t\t\t<div class=\"elementor-element elementor-element-a914224 color-scheme-inherit text-left elementor-widget elementor-widget-text-editor\" data-id=\"a914224\" data-element_type=\"widget\" data-widget_type=\"text-editor.default\">\n\t\t\t\t<div class=\"elementor-widget-container\">\n\t\t\t\t\t\t\t\t\t<p><span style=\"font-weight: 400;\">Die Gyn\u00e4komastie ist ein Zustand, der durch ein abnormales Wachstum des Brustgewebes bei M\u00e4nnern verursacht wird und sowohl \u00e4sthetische als auch k\u00f6rperliche Beschwerden hervorrufen kann. Sie kann sich aus verschiedenen Gr\u00fcnden entwickeln, z. B. aufgrund genetischer Veranlagung, hormoneller Ungleichgewichte, \u00dcbergewicht oder gesundheitlicher Probleme. Obwohl die Gyn\u00e4komastie ein Problem ist, das zu einem Verlust des Selbstbewusstseins f\u00fchren kann, sind dank der wirksamen Behandlungsmethoden der modernen Medizin dauerhafte L\u00f6sungen m\u00f6glich.\u00a0<\/span><\/p><h2><span style=\"font-weight: 400;\">Was ist Gyn\u00e4komastie und warum tritt sie auf?<\/span><\/h2><p><span style=\"font-weight: 400;\">Gyn\u00e4komastie ist ein Zustand, der durch \u00fcberm\u00e4\u00dfiges Wachstum des Brustgewebes bei M\u00e4nnern verursacht wird. Diese Erkrankung wird in der Regel durch ein Hormonungleichgewicht verursacht, aber auch genetische Faktoren, Gewichtszunahme, Drogenkonsum und einige gesundheitliche Probleme k\u00f6nnen zu Gyn\u00e4komastie f\u00fchren. Gr\u00f6\u00dfere als normale Br\u00fcste bei M\u00e4nnern k\u00f6nnen manchmal k\u00f6rperliche Beschwerden verursachen und zu einem Verlust des Selbstbewusstseins f\u00fchren. Die Gyn\u00e4komastie-Behandlung ist ein wichtiger Schritt, um die Lebensqualit\u00e4t der Patienten sowohl in \u00e4sthetischer als auch in k\u00f6rperlicher Hinsicht zu verbessern.<\/span><\/p><h2><span style=\"font-weight: 400;\">Gyn\u00e4komastie-Behandlung: Welche Methoden werden angewandt?<\/span><\/h2><p><span style=\"font-weight: 400;\">Die Behandlung der Gyn\u00e4komastie variiert je nach Schweregrad und Ursache der Erkrankung. In leichten F\u00e4llen k\u00f6nnen Lebensstil\u00e4nderungen und Medikamente zur Behandlung empfohlen werden. In fortgeschrittenen F\u00e4llen ist jedoch die Gyn\u00e4komastie-Operation die wirksamste L\u00f6sung. Bei der Operation handelt es sich um einen chirurgischen Eingriff zur Entfernung von \u00fcbersch\u00fcssigem Brustgewebe. Bei solchen Operationen werden h\u00e4ufig Fettabsaugungen und Verfahren zur Entfernung von Brustgewebe eingesetzt. Da der Zustand jeder Patientin anders ist, wird die Behandlungsmethode von einem Spezialisten festgelegt.<\/span><\/p><h2><span style=\"font-weight: 400;\">Wie verl\u00e4uft der Erholungsprozess nach einer Gyn\u00e4komastie-Operation?<\/span><\/h2><p><span style=\"font-weight: 400;\">Der Genesungsprozess nach einer Gyn\u00e4komastie-Operation verl\u00e4uft in der Regel schnell, aber es gibt einige Punkte, auf die die Patienten achten sollten. In den ersten Tagen kann es zu leichten Schwellungen und blauen Flecken kommen, die aber mit der Zeit wieder verschwinden. Nach der Operation m\u00fcssen die Patienten m\u00f6glicherweise mehrere Wochen lang ein Korsett tragen. Es ist auch wichtig, schwere sportliche Aktivit\u00e4ten zu vermeiden und die Operationsstelle zu sch\u00fctzen. Der Genesungsprozess kann je nach dem allgemeinen Gesundheitszustand der Patientin und der Komplexit\u00e4t des Eingriffs unterschiedlich verlaufen.<\/span><\/p><h2><span style=\"font-weight: 400;\">Wie hoch sind die Preise f\u00fcr eine Gyn\u00e4komastie-Operation?<\/span><\/h2><p><span style=\"font-weight: 400;\">Die Preise f\u00fcr Gyn\u00e4komastie-Operationen h\u00e4ngen von verschiedenen Faktoren ab. Dazu geh\u00f6ren der Gesundheitszustand des Patienten, das Krankenhaus, in dem die Operation durchgef\u00fchrt wird, die verwendeten Techniken und die Erfahrung des Chirurgen. Die Preise f\u00fcr Gyn\u00e4komastie-Operationen basieren in der Regel auf Preislisten, die in Privatkliniken erstellt werden, und die Preise werden f\u00fcr jeden Patienten individuell festgelegt. Die Preisspanne kann je nach Komplexit\u00e4t des Eingriffs variieren, weshalb eine Vorabbewertung empfohlen wird.<\/span><\/p><h2><span style=\"font-weight: 400;\">F\u00fcr wen ist die Gyn\u00e4komastiechirurgie geeignet?<\/span><\/h2><p><span style=\"font-weight: 400;\">Die Gyn\u00e4komastie-Operation eignet sich f\u00fcr M\u00e4nner, die unter einem \u00fcberm\u00e4\u00dfigen Wachstum des Brustgewebes leiden und sich mit diesem Zustand unwohl f\u00fchlen. Diese Operation ist jedoch ideal f\u00fcr Menschen mit normalem Hormonspiegel, die gesund und f\u00fcr einen chirurgischen Eingriff geeignet sind. Au\u00dferdem ist es wichtig, dass die Personen, die sich f\u00fcr eine Gyn\u00e4komastie-Behandlung entscheiden, nicht nur \u00e4sthetische, sondern auch k\u00f6rperliche Linderung anstreben. Die Operation wird in der Regel bei Personen ab 18 Jahren durchgef\u00fchrt.<\/span><\/p><h2><span style=\"font-weight: 400;\">Was ist nach einer Gyn\u00e4komastie-Operation zu beachten?<\/span><\/h2><p><span style=\"font-weight: 400;\">Die postoperative Versorgung ist f\u00fcr einen gesunden Heilungsprozess sehr wichtig. In den ersten Tagen kann es zu Schmerzen und Schwellungen kommen, das ist normal. Die Patienten sollten ihre Medikamente regelm\u00e4\u00dfig nach Anweisung ihres Arztes einnehmen. Dar\u00fcber hinaus kann es den Heilungsprozess beschleunigen, wenn man auf die postoperative Ern\u00e4hrung achtet, nicht raucht und auf Alkohol verzichtet. Nicht vergessen werden sollte, dass k\u00f6rperliche Aktivit\u00e4ten und schwere sportliche Bewegungen vermieden werden sollten.<\/span><\/p><h2><span style=\"font-weight: 400;\">Bei der Gyn\u00e4komastie-Behandlung verwendete Technologien und Methoden<\/span><\/h2><p><span style=\"font-weight: 400;\">Die bei der Behandlung der Gyn\u00e4komastie eingesetzten Technologien haben sich zusammen mit den chirurgischen Techniken entwickelt. Bei Operationen wird h\u00e4ufig die Methode der Liposuktion bevorzugt. Mit dieser Methode wird das \u00fcbersch\u00fcssige Fettgewebe entfernt und die Brustform korrigiert. Gleichzeitig k\u00f6nnen bei einigen Patienten auch weniger invasive Methoden wie die Laserbehandlung angewendet werden. Welche Behandlungsmethode f\u00fcr die jeweilige Person am besten geeignet ist, wird nach einer eingehenden Untersuchung durch den Arzt entschieden.<\/span><\/p><h2><span style=\"font-weight: 400;\">Tipps f\u00fcr beste Ergebnisse bei der Gyn\u00e4komastie-Behandlung<\/span><\/h2><p><span style=\"font-weight: 400;\">Um die besten Ergebnisse bei der Behandlung der Gyn\u00e4komastie zu erzielen, ist es wichtig, einen spezialisierten Chirurgen zu w\u00e4hlen und sich vollst\u00e4ndig an den Behandlungsprozess zu halten. Dar\u00fcber hinaus k\u00f6nnen gesunde Lebensgewohnheiten w\u00e4hrend der Gyn\u00e4komastie-Behandlung den Heilungsprozess beschleunigen. Regelm\u00e4\u00dfiger Sport, eine ausgewogene Ern\u00e4hrung und ausreichend Schlaf k\u00f6nnen die Dauerhaftigkeit der Ergebnisse nach der Behandlung erh\u00f6hen.<\/span><\/p><h2><span style=\"font-weight: 400;\">Risiken und Nebenwirkungen der Gyn\u00e4komastie-Operation<\/span><\/h2><p><span style=\"font-weight: 400;\">Wie bei jedem chirurgischen Eingriff gibt es auch bei der Gyn\u00e4komastie-Operation einige Risiken. Zu diesen Risiken geh\u00f6ren Infektionen, Blutungen, asymmetrische Ergebnisse und an\u00e4sthesiebedingte Reaktionen. Diese Risiken werden jedoch bei Operationen, die von einem erfahrenen Chirurgen durchgef\u00fchrt werden, minimiert. Wenn Sie die Empfehlungen Ihres Arztes vor und nach der Operation genau befolgen, k\u00f6nnen Sie die Risiken verringern.<\/span><\/p><h2><span style=\"font-weight: 400;\">Bin ich ein geeigneter Kandidat f\u00fcr eine Gyn\u00e4komastie-Operation?<\/span><\/h2><p><span style=\"font-weight: 400;\">Um herauszufinden, ob Sie ein geeigneter Kandidat f\u00fcr eine Gyn\u00e4komastie-Operation sind, sollten Sie einen Facharzt aufsuchen. Der wichtigste Grund f\u00fcr die Entscheidung f\u00fcr diese Operation ist, dass die Brustvergr\u00f6\u00dferung \u00e4sthetische Probleme verursacht. Aber auch der Gesundheitszustand ist ein wichtiger Faktor. Gesunde Personen sind geeignete Kandidaten f\u00fcr diesen Eingriff. Dar\u00fcber hinaus ist es wichtig, dass die Patientinnen den Heilungsprozess beachten, damit das Ergebnis dauerhaft ist.<\/span><\/p><p>\u00a0<\/p>\t\t\t\t\t\t\t\t<\/div>\n\t\t\t\t<\/div>\n\t\t\t\t\t<\/div>\n\t\t\t\t<\/div>\n\t\t\t\t<\/div>","protected":false},"excerpt":{"rendered":"<p>Jinekomasti, erkeklerde meme dokusunun anormal \u015fekilde b\u00fcy\u00fcmesiyle ortaya \u00e7\u0131kan bir durumdur ve hem estetik hem de fiziksel a\u00e7\u0131dan rahats\u0131zl\u0131k yaratabilir.<\/p>","protected":false},"author":1,"featured_media":0,"parent":0,"menu_order":0,"comment_status":"closed","ping_status":"closed","template":"","meta":{"footnotes":""},"class_list":["post-27763","page","type-page","status-publish","hentry"],"_links":{"self":[{"href":"https:\/\/westestetik.com\/de\/wp-json\/wp\/v2\/pages\/27763","targetHints":{"allow":["GET"]}}],"collection":[{"href":"https:\/\/westestetik.com\/de\/wp-json\/wp\/v2\/pages"}],"about":[{"href":"https:\/\/westestetik.com\/de\/wp-json\/wp\/v2\/types\/page"}],"author":[{"embeddable":true,"href":"https:\/\/westestetik.com\/de\/wp-json\/wp\/v2\/users\/1"}],"replies":[{"embeddable":true,"href":"https:\/\/westestetik.com\/de\/wp-json\/wp\/v2\/comments?post=27763"}],"version-history":[{"count":5,"href":"https:\/\/westestetik.com\/de\/wp-json\/wp\/v2\/pages\/27763\/revisions"}],"predecessor-version":[{"id":28179,"href":"https:\/\/westestetik.com\/de\/wp-json\/wp\/v2\/pages\/27763\/revisions\/28179"}],"wp:attachment":[{"href":"https:\/\/westestetik.com\/de\/wp-json\/wp\/v2\/media?parent=27763"}],"curies":[{"name":"wp","href":"https:\/\/api.w.org\/{rel}","templated":true}]}}