{"id":27761,"date":"2024-12-02T22:50:31","date_gmt":"2024-12-02T22:50:31","guid":{"rendered":"https:\/\/westestetik.com\/?page_id=27761"},"modified":"2024-12-25T10:48:57","modified_gmt":"2024-12-25T10:48:57","slug":"bruststraffung","status":"publish","type":"page","link":"https:\/\/westestetik.com\/de\/bruststraffung\/","title":{"rendered":"Bruststraffung"},"content":{"rendered":"<div data-elementor-type=\"wp-page\" data-elementor-id=\"27761\" class=\"elementor elementor-27761\" data-elementor-post-type=\"page\">\n\t\t\t\t<div class=\"wd-negative-gap elementor-element elementor-element-e150b12 e-flex e-con-boxed e-con e-parent\" data-id=\"e150b12\" data-element_type=\"container\">\n\t\t\t\t\t<div class=\"e-con-inner\">\n\t\t\t\t<div class=\"elementor-element elementor-element-7286009 elementor-widget elementor-widget-image\" data-id=\"7286009\" data-element_type=\"widget\" data-widget_type=\"image.default\">\n\t\t\t\t<div class=\"elementor-widget-container\">\n\t\t\t\t\t\t\t\t\t\t\t\t\t\t\t<img fetchpriority=\"high\" decoding=\"async\" width=\"1300\" height=\"384\" src=\"https:\/\/westestetik.com\/wp-content\/uploads\/2024\/12\/Uygulama-1-1300x384.png\" class=\"attachment-large size-large wp-image-27725\" alt=\"Krankheiten\" srcset=\"https:\/\/westestetik.com\/wp-content\/uploads\/2024\/12\/Uygulama-1-1300x384.png 1300w, https:\/\/westestetik.com\/wp-content\/uploads\/2024\/12\/Uygulama-1-430x127.png 430w, https:\/\/westestetik.com\/wp-content\/uploads\/2024\/12\/Uygulama-1-150x44.png 150w, https:\/\/westestetik.com\/wp-content\/uploads\/2024\/12\/Uygulama-1-700x207.png 700w, https:\/\/westestetik.com\/wp-content\/uploads\/2024\/12\/Uygulama-1-400x118.png 400w, https:\/\/westestetik.com\/wp-content\/uploads\/2024\/12\/Uygulama-1-768x227.png 768w, https:\/\/westestetik.com\/wp-content\/uploads\/2024\/12\/Uygulama-1-1536x453.png 1536w, https:\/\/westestetik.com\/wp-content\/uploads\/2024\/12\/Uygulama-1-2048x604.png 2048w\" sizes=\"(max-width: 1300px) 100vw, 1300px\" \/>\t\t\t\t\t\t\t\t\t\t\t\t\t\t\t<\/div>\n\t\t\t\t<\/div>\n\t\t\t\t\t<\/div>\n\t\t\t\t<\/div>\n\t\t<div class=\"wd-negative-gap elementor-element elementor-element-195135c e-flex e-con-boxed e-con e-parent\" data-id=\"195135c\" data-element_type=\"container\">\n\t\t\t\t\t<div class=\"e-con-inner\">\n\t\t\t\t<div class=\"elementor-element elementor-element-4f0ffe1 color-scheme-inherit text-left elementor-widget elementor-widget-text-editor\" data-id=\"4f0ffe1\" data-element_type=\"widget\" data-widget_type=\"text-editor.default\">\n\t\t\t\t<div class=\"elementor-widget-container\">\n\t\t\t\t\t\t\t\t\t<p><span style=\"font-weight: 400;\">Die Bruststraffung ist ein \u00e4sthetischer chirurgischer Eingriff, der erschlafften Br\u00fcsten aufgrund von Alter, Schwangerschaft, Stillen oder Gewichtsverlust wieder ein jugendliches und wohlgeformtes Aussehen verleiht. Diese Operation hilft Frauen, sich sowohl physisch als auch psychisch besser zu f\u00fchlen.<\/span><\/p><h2><span style=\"font-weight: 400;\">Was ist eine Bruststraffung und f\u00fcr wen ist sie geeignet?<\/span><\/h2><p><span style=\"font-weight: 400;\">Die Bruststraffung ist ein \u00e4sthetischer chirurgischer Eingriff, mit dem erschlaffte Br\u00fcste oder Br\u00fcste, die an Volumen verloren haben, wieder jugendlicher, geformter und voller aussehen. Dieser Eingriff eignet sich besonders f\u00fcr Frauen, die ihre Br\u00fcste nach einer Schwangerschaft, dem Stillen, dem \u00c4lterwerden oder gr\u00f6\u00dferen Gewichtsver\u00e4nderungen wieder in ihre alte Form bringen m\u00f6chten. Bei einer Bruststraffung wird nicht nur die Brust angehoben, sondern auch \u00fcbersch\u00fcssige Haut und Gewebe entfernt, um die nat\u00fcrliche Form der Brust wiederherzustellen.<\/span><\/p><p><span style=\"font-weight: 400;\">Dieser chirurgische Eingriff erm\u00f6glicht es Frauen, sich sowohl k\u00f6rperlich als auch psychisch besser zu f\u00fchlen. Mit einer Bruststraffung k\u00f6nnen sowohl Erschlaffungen als auch Deformierungen wie Asymmetrien korrigiert werden.<\/span><\/p><h2><span style=\"font-weight: 400;\">F\u00fcr wen ist die Liposuktion geeignet?<\/span><\/h2><ul><li><span style=\"font-weight: 400;\">Frauen, die nach Schwangerschaft und Stillzeit unter Erschlaffung leiden<\/span><\/li><li><span style=\"font-weight: 400;\">Personen, die aufgrund einer Gewichtsabnahme an Volumen verlieren<\/span><\/li><li><span style=\"font-weight: 400;\">Frauen, deren Br\u00fcste altersbedingt ihre Form ver\u00e4ndern<\/span><\/li><li><span style=\"font-weight: 400;\">Frauen mit asymmetrischer Bruststruktur<\/span><\/li><li><span style=\"font-weight: 400;\">Frauen, die sich ein j\u00fcngeres Aussehen w\u00fcnschen<\/span><\/li><\/ul><p><span style=\"font-weight: 400;\">Wenn Sie sich in einer dieser Situationen befinden, kann eine Bruststraffung f\u00fcr Sie in Frage kommen. Ein guter plastischer Chirurg wird die beste L\u00f6sung f\u00fcr Ihre individuellen Bed\u00fcrfnisse finden.<\/span><\/p><h2><span style=\"font-weight: 400;\">Wie wird eine Bruststraffung durchgef\u00fchrt?<\/span><\/h2><p><span style=\"font-weight: 400;\">Die Bruststraffung ist ein chirurgischer Eingriff, der in der Regel 1-3 Stunden dauert und unter \u00f6rtlicher Bet\u00e4ubung oder Vollnarkose durchgef\u00fchrt werden kann. Je nach Schweregrad der Erschlaffung und dem aktuellen Zustand der Brust wendet der Chirurg unterschiedliche Techniken an. Die grundlegenden Schritte des Eingriffs sind wie folgt:<\/span><\/p><ul><li><span style=\"font-weight: 400;\">Platzierung der Schnitte: Der Chirurg setzt Schnitte um die Brustwarze herum, darunter und manchmal auch im Bereich der Achselh\u00f6hle. Diese Schnitte hinterlassen in der Regel nach der Heilung Narben, aber ein guter Chirurg wendet Techniken an, um die Narben zu minimieren.<\/span><\/li><li><span style=\"font-weight: 400;\">Umformung des Brustgewebes: Die \u00fcbersch\u00fcssige Haut der Brust wird entfernt, und das Brustgewebe wird nach oben gezogen, was zu einer jugendlicheren und aufrechteren Form f\u00fchrt.<\/span><\/li><li><span style=\"font-weight: 400;\">Neupositionierung der Brustwarze: Die Brustwarze wird entsprechend der angehobenen Brust neu positioniert. So befindet sich die Brustwarze in einer nat\u00fcrlichen Position.<\/span><\/li><li><span style=\"font-weight: 400;\">Verschluss und Straffung der Narben: Am Ende des Eingriffs werden die Schnitte verschlossen und der Heilungsprozess beginnt.<\/span><\/li><\/ul><p><span style=\"font-weight: 400;\">Nach dem Eingriff k\u00f6nnen einige Patientinnen leichte Schmerzen und Schwellungen versp\u00fcren. Diese klingen jedoch in der Regel innerhalb von 1-2 Wochen ab. Der Heilungsprozess nach einer Bruststraffung kann individuell unterschiedlich verlaufen, aber die meisten Patientinnen k\u00f6nnen innerhalb einer Woche wieder ihren t\u00e4glichen Aktivit\u00e4ten nachgehen.<\/span><\/p><h2><span style=\"font-weight: 400;\">Gibt es Empfindungsverluste nach einer Bruststraffung?<\/span><\/h2><p><span style=\"font-weight: 400;\">Nach einer Bruststraffung kann es bei den meisten Frauen zu einer vor\u00fcbergehenden Gef\u00fchlsst\u00f6rung kommen. Vor allem im Bereich der Brustwarze kann es in den ersten Wochen durch die Wirkung der An\u00e4sthesie zu Gef\u00fchlsverlusten kommen. Dieser Verlust ist jedoch in der Regel vor\u00fcbergehend und verbessert sich mit der Zeit.<\/span><\/p><p><span style=\"font-weight: 400;\">Schwere Gef\u00fchlsverluste sind sehr selten. Dies kann je nach den Techniken des Chirurgen und dem individuellen Heilungsprozess variieren. Ein guter Chirurg wird den Eingriff mit minimaler Auswirkung auf die Nerven durchf\u00fchren und die Wahrscheinlichkeit eines Gef\u00fchlsverlustes verringern.<\/span><\/p><p><span style=\"font-weight: 400;\">Bei einigen Patienten kann der Gef\u00fchlsverlust jedoch minimal sein, w\u00e4hrend bei anderen eine vollst\u00e4ndige R\u00fcckkehr des verlorenen Gef\u00fchls eintritt. Wenn Sie sich Sorgen \u00fcber einen Gef\u00fchlsverlust machen, k\u00f6nnen Sie die beste Vorgehensweise bestimmen, indem Sie dies im Voraus mit Ihrem Chirurgen besprechen.<\/span><\/p><h2><span style=\"font-weight: 400;\">Wie hoch sind die Preise f\u00fcr eine Bruststraffung?<\/span><\/h2><p><span style=\"font-weight: 400;\">Die Preise k\u00f6nnen je nach Erfahrung des Chirurgen, Krankenhaus- und Klinikbedingungen, Art der An\u00e4sthesie und zus\u00e4tzlichen Leistungen variieren.<\/span><\/p><p><span style=\"font-weight: 400;\">Ein weiterer wichtiger Faktor, der die Preisspanne bestimmt, ist der Grad der Erschlaffung der Brust und die entsprechend zu w\u00e4hlende Operationstechnik. Wenn zur Bruststraffung noch eine Brustvergr\u00f6\u00dferung (Einsetzen von Implantaten) hinzukommt, k\u00f6nnen die Preise h\u00f6her sein.<\/span><\/p><p><span style=\"font-weight: 400;\">Es ist wichtig, den genauen Eingriff, den Sie ben\u00f6tigen, in einem Vorgespr\u00e4ch zu bestimmen, um den Preis der Operation zu erfahren. Es ist auch sinnvoll, Ihr Budget zu kl\u00e4ren, indem Sie vor der plastischen Operation eine Finanzplanung vornehmen.<\/span><\/p><h2><span style=\"font-weight: 400;\">Genesungsprozess und Pflegeempfehlungen nach einer Bruststraffung<\/span><\/h2><p><span style=\"font-weight: 400;\">Der Erholungsprozess nach einer Bruststraffung kann bei jeder Patientin anders verlaufen, aber im Allgemeinen werden die folgenden Phasen eingehalten:<\/span><\/p><ul><li><span style=\"font-weight: 400;\">Die ersten 24 Stunden: Nach der Operation werden Sie f\u00fcr einige Stunden im Krankenhaus unter Beobachtung stehen. In den ersten 24 Stunden kann es zu Schwellungen und Bluterg\u00fcssen kommen.<\/span><\/li><li><span style=\"font-weight: 400;\">Erste Woche: In der ersten Woche sollten Sie es vermeiden, Druck auf Ihre Br\u00fcste auszu\u00fcben. Es ist wichtig, dass Sie den von Ihrem Chirurgen empfohlenen st\u00fctzenden BH oder das Korsett tragen.<\/span><\/li><li><span style=\"font-weight: 400;\">Zweite Woche: Die Schwellungen gehen allm\u00e4hlich zur\u00fcck, aber Sie sollten bedenken, dass der Heilungsprozess weitergeht. Sie k\u00f6nnen leichte Spazierg\u00e4nge unternehmen.<\/span><\/li><li><span style=\"font-weight: 400;\">Dritte Woche und danach: Einige Wochen nach der Operation k\u00f6nnen Sie zu Ihren normalen Aktivit\u00e4ten zur\u00fcckkehren, sollten aber schwere k\u00f6rperliche Anstrengungen vermeiden.<\/span><\/li><\/ul><p><span style=\"font-weight: 400;\">W\u00e4hrend des Heilungsprozesses wird Ihnen Ihr Chirurg Pflegeanweisungen geben und Ihnen sagen, wie Sie die Wunde pflegen m\u00fcssen. Um dem Risiko einer Infektion vorzubeugen, sollten Sie sich in sterilen Bereichen bewegen und Ihre regelm\u00e4\u00dfigen Kontrolluntersuchungen nicht vernachl\u00e4ssigen.<\/span><\/p><h2><span style=\"font-weight: 400;\">Unterschiede zwischen Bruststraffung und Brust\u00e4sthetik<\/span><\/h2><p><span style=\"font-weight: 400;\">Die Brust\u00e4sthetik umfasst im Allgemeinen chirurgische Eingriffe, die darauf abzielen, die Form und Gr\u00f6\u00dfe der Brust zu ver\u00e4ndern. Die Bruststraffung zielt nur darauf ab, erschlaffte Br\u00fcste wiederherzustellen und ihnen eine \u00e4sthetischere Form zu geben. Andererseits fallen auch Verfahren zur Brustvergr\u00f6\u00dferung oder -verkleinerung in die Kategorie der Brust\u00e4sthetik.<\/span><\/p><p><span style=\"font-weight: 400;\">Bruststraffung und Brustvergr\u00f6\u00dferung k\u00f6nnen oft kombiniert werden. In diesem Fall k\u00f6nnen die Patientinnen ein jugendlicheres Aussehen erreichen, indem sie den Volumenverlust beseitigen und das erschlaffte Gewebe wiederherstellen.<\/span><\/p><h2><span style=\"font-weight: 400;\">Wie auff\u00e4llig sind die Narben nach einer Bruststraffung?<\/span><\/h2><p><span style=\"font-weight: 400;\">Wie bei jedem chirurgischen Eingriff k\u00f6nnen auch nach einer Bruststraffung Narben zur\u00fcckbleiben. Die Narben k\u00f6nnen sich jedoch je nach der vom Chirurgen verwendeten Technik und den Einschnittstellen unterscheiden.<\/span><\/p><p><span style=\"font-weight: 400;\">Normalerweise folgt sie:<\/span><\/p><ul><li><span style=\"font-weight: 400;\">Um den Warzenhof (um die Brustwarze)<\/span><\/li><li><span style=\"font-weight: 400;\">In dem Plan unter der Brust<\/span><\/li><li><span style=\"font-weight: 400;\">Sie kann sich unter der Brust senkrecht nach oben erstrecken.<\/span><\/li><\/ul><p><span style=\"font-weight: 400;\">Es ist zu erwarten, dass die Narben mit der Zeit verblassen und weniger auff\u00e4llig werden. Viele Patienten sch\u00e4tzen das \u00e4sthetische Ergebnis und sind trotz dieser Narben mit dem Eingriff zufrieden. Au\u00dferdem k\u00f6nnen einige Chirurgen spezielle Techniken anwenden, um die Narben weniger auff\u00e4llig zu machen.<\/span><\/p><h2><span style=\"font-weight: 400;\">Ist es m\u00f6glich, nach einer Bruststraffung zu stillen?<\/span><\/h2><p><span style=\"font-weight: 400;\">Viele Frauen k\u00f6nnen nach einer Bruststraffung weiter stillen. Bei der Operation werden die Milchg\u00e4nge, die f\u00fcr die Milchproduktion notwendig sind, nur minimal besch\u00e4digt. Allerdings ist die Anatomie jeder Frau anders und es ist wichtig, ein ausf\u00fchrliches Gespr\u00e4ch mit Ihrem Chirurgen zu f\u00fchren.<\/span><\/p><p><span style=\"font-weight: 400;\">Wenn Sie planen, in Zukunft zu stillen, sollten Sie mit Ihrem Chirurgen offen dar\u00fcber sprechen, damit Ihre Bruststraffung so durchgef\u00fchrt wird, dass das Stillen nicht beeintr\u00e4chtigt wird.<\/span><\/p><p>\u00a0<\/p>\t\t\t\t\t\t\t\t<\/div>\n\t\t\t\t<\/div>\n\t\t\t\t\t<\/div>\n\t\t\t\t<\/div>\n\t\t\t\t<\/div>","protected":false},"excerpt":{"rendered":"<p>Meme dikle\u015ftirme ameliyat\u0131, ya\u015f, gebelik, emzirme ya da kilo kayb\u0131 gibi sebeplerle sarkan memelerin yeniden gen\u00e7 ve \u015fekilli bir g\u00f6r\u00fcn\u00fcm<\/p>","protected":false},"author":1,"featured_media":0,"parent":0,"menu_order":0,"comment_status":"closed","ping_status":"closed","template":"","meta":{"footnotes":""},"class_list":["post-27761","page","type-page","status-publish","hentry"],"_links":{"self":[{"href":"https:\/\/westestetik.com\/de\/wp-json\/wp\/v2\/pages\/27761","targetHints":{"allow":["GET"]}}],"collection":[{"href":"https:\/\/westestetik.com\/de\/wp-json\/wp\/v2\/pages"}],"about":[{"href":"https:\/\/westestetik.com\/de\/wp-json\/wp\/v2\/types\/page"}],"author":[{"embeddable":true,"href":"https:\/\/westestetik.com\/de\/wp-json\/wp\/v2\/users\/1"}],"replies":[{"embeddable":true,"href":"https:\/\/westestetik.com\/de\/wp-json\/wp\/v2\/comments?post=27761"}],"version-history":[{"count":10,"href":"https:\/\/westestetik.com\/de\/wp-json\/wp\/v2\/pages\/27761\/revisions"}],"predecessor-version":[{"id":27843,"href":"https:\/\/westestetik.com\/de\/wp-json\/wp\/v2\/pages\/27761\/revisions\/27843"}],"wp:attachment":[{"href":"https:\/\/westestetik.com\/de\/wp-json\/wp\/v2\/media?parent=27761"}],"curies":[{"name":"wp","href":"https:\/\/api.w.org\/{rel}","templated":true}]}}