{"id":27759,"date":"2024-12-02T22:49:33","date_gmt":"2024-12-02T22:49:33","guid":{"rendered":"https:\/\/westestetik.com\/?page_id=27759"},"modified":"2024-12-25T10:48:46","modified_gmt":"2024-12-25T10:48:46","slug":"brustverkleinerung","status":"publish","type":"page","link":"https:\/\/westestetik.com\/de\/brustverkleinerung\/","title":{"rendered":"Brustverkleinerung"},"content":{"rendered":"<div data-elementor-type=\"wp-page\" data-elementor-id=\"27759\" class=\"elementor elementor-27759\" data-elementor-post-type=\"page\">\n\t\t\t\t<div class=\"wd-negative-gap elementor-element elementor-element-e150b12 e-flex e-con-boxed e-con e-parent\" data-id=\"e150b12\" data-element_type=\"container\">\n\t\t\t\t\t<div class=\"e-con-inner\">\n\t\t\t\t<div class=\"elementor-element elementor-element-7286009 elementor-widget elementor-widget-image\" data-id=\"7286009\" data-element_type=\"widget\" data-widget_type=\"image.default\">\n\t\t\t\t<div class=\"elementor-widget-container\">\n\t\t\t\t\t\t\t\t\t\t\t\t\t\t\t<img fetchpriority=\"high\" decoding=\"async\" width=\"1300\" height=\"384\" src=\"https:\/\/westestetik.com\/wp-content\/uploads\/2024\/12\/Uygulama-1-1300x384.png\" class=\"attachment-large size-large wp-image-27725\" alt=\"Krankheiten\" srcset=\"https:\/\/westestetik.com\/wp-content\/uploads\/2024\/12\/Uygulama-1-1300x384.png 1300w, https:\/\/westestetik.com\/wp-content\/uploads\/2024\/12\/Uygulama-1-430x127.png 430w, https:\/\/westestetik.com\/wp-content\/uploads\/2024\/12\/Uygulama-1-150x44.png 150w, https:\/\/westestetik.com\/wp-content\/uploads\/2024\/12\/Uygulama-1-700x207.png 700w, https:\/\/westestetik.com\/wp-content\/uploads\/2024\/12\/Uygulama-1-400x118.png 400w, https:\/\/westestetik.com\/wp-content\/uploads\/2024\/12\/Uygulama-1-768x227.png 768w, https:\/\/westestetik.com\/wp-content\/uploads\/2024\/12\/Uygulama-1-1536x453.png 1536w, https:\/\/westestetik.com\/wp-content\/uploads\/2024\/12\/Uygulama-1-2048x604.png 2048w\" sizes=\"(max-width: 1300px) 100vw, 1300px\" \/>\t\t\t\t\t\t\t\t\t\t\t\t\t\t\t<\/div>\n\t\t\t\t<\/div>\n\t\t\t\t\t<\/div>\n\t\t\t\t<\/div>\n\t\t<div class=\"wd-negative-gap elementor-element elementor-element-73f568d e-flex e-con-boxed e-con e-parent\" data-id=\"73f568d\" data-element_type=\"container\">\n\t\t\t\t\t<div class=\"e-con-inner\">\n\t\t\t\t<div class=\"elementor-element elementor-element-a7972c5 color-scheme-inherit text-left elementor-widget elementor-widget-text-editor\" data-id=\"a7972c5\" data-element_type=\"widget\" data-widget_type=\"text-editor.default\">\n\t\t\t\t<div class=\"elementor-widget-container\">\n\t\t\t\t\t\t\t\t\t<p><span style=\"font-weight: 400;\">Die Brustverkleinerung ist ein h\u00e4ufig gew\u00e4hlter chirurgischer Eingriff f\u00fcr Frauen, die sich aufgrund ihrer gro\u00dfen Br\u00fcste k\u00f6rperlich oder psychisch unwohl f\u00fchlen. Diese Operation wird durchgef\u00fchrt, um ein \u00e4sthetisch ansprechendes Aussehen zu erreichen und die Gesundheit des K\u00f6rpers zu verbessern. Eine Brustverkleinerung st\u00e4rkt das Selbstvertrauen und sorgt f\u00fcr mehr Komfort, indem die K\u00f6rperkonturen ausgeglichen werden.<\/span><\/p><h2><span style=\"font-weight: 400;\">Was ist eine Brustverkleinerung und f\u00fcr wen ist sie geeignet?<\/span><\/h2><p><span style=\"font-weight: 400;\">Die Brustverkleinerung ist ein chirurgischer Eingriff zur Verkleinerung \u00fcberm\u00e4\u00dfig gro\u00dfer Br\u00fcste. Dieser Eingriff kann sowohl aus \u00e4sthetischen als auch aus gesundheitlichen Gr\u00fcnden durchgef\u00fchrt werden. Gro\u00dfe Br\u00fcste k\u00f6nnen zu R\u00fccken- und Nackenschmerzen, Haltungssch\u00e4den, Hautreizungen und Atembeschwerden f\u00fchren. Dar\u00fcber hinaus k\u00f6nnen manche Frauen aufgrund ihrer gro\u00dfen Br\u00fcste soziale \u00c4ngste empfinden.<\/span><\/p><h2><span style=\"font-weight: 400;\">Wie wird eine Brustverkleinerungsoperation durchgef\u00fchrt?<\/span><\/h2><p><span style=\"font-weight: 400;\">Eine Brustverkleinerungsoperation wird in der Regel unter Vollnarkose durchgef\u00fchrt und kann zwischen 2 bis 4 Stunden dauern. W\u00e4hrend der Operation werden \u00fcbersch\u00fcssiges Brustgewebe und Fett vom Chirurgen entfernt. Ausgehend von einer geeigneten Einschnittstelle h\u00e4lt der Chirurg die Brustwarze an Ort und Stelle und entfernt das \u00fcbersch\u00fcssige Gewebe um sie herum. In der Regel verbleiben Narben im und um den unteren Teil der Brust, die jedoch mit der Zeit aus \u00e4sthetischer Sicht verblassen.<\/span><\/p><h2><span style=\"font-weight: 400;\">Was sind die Vorteile einer Brustverkleinerung?<\/span><\/h2><p><span style=\"font-weight: 400;\">Eine Brustverkleinerung ist nicht nur eine \u00e4sthetische Ver\u00e4nderung, sondern bietet auch viele gesundheitliche Vorteile. Hier sind einige der Vorteile:<\/span><\/p><ul><li style=\"font-weight: 400;\" aria-level=\"1\"><span style=\"font-weight: 400;\">K\u00f6rperlicher Komfort: R\u00fccken-, Nacken- und Schulterschmerzen, die durch das Gewicht verursacht werden, werden reduziert.<\/span><\/li><li style=\"font-weight: 400;\" aria-level=\"1\"><span style=\"font-weight: 400;\">Gesteigertes Selbstvertrauen: Ein wohlproportionierter K\u00f6rper kann das Selbstvertrauen st\u00e4rken.<\/span><\/li><li style=\"font-weight: 400;\" aria-level=\"1\"><span style=\"font-weight: 400;\">Bessere K\u00f6rperhaltung: Gewichtslose Br\u00fcste sorgen f\u00fcr eine korrektere Haltung.<\/span><\/li><li style=\"font-weight: 400;\" aria-level=\"1\"><span style=\"font-weight: 400;\">Leichtere Bewegung: Sie k\u00f6nnen sich bei k\u00f6rperlichen Aktivit\u00e4ten leichter bewegen.<\/span><\/li><\/ul><h2><span style=\"font-weight: 400;\">Wie lange dauert eine Brustverkleinerungsoperation?<\/span><\/h2><p><span style=\"font-weight: 400;\">Eine Brustverkleinerungsoperation dauert in der Regel 2-4 Stunden. Da der Zustand jeder Patientin jedoch unterschiedlich ist, kann die Dauer der Operation in Abh\u00e4ngigkeit von einigen Faktoren variieren. Eine ausf\u00fchrliche Untersuchung mit Ihrem Arzt vor der Operation wird Ihnen helfen, genauere Informationen \u00fcber die Dauer der Operation zu erhalten.<\/span><\/p><h2><span style=\"font-weight: 400;\">Wie ist der Genesungsprozess nach einer Brustverkleinerung?<\/span><\/h2><p><span style=\"font-weight: 400;\">Obwohl der postoperative Genesungsprozess von Person zu Person unterschiedlich verl\u00e4uft, k\u00f6nnen Sie in der Regel innerhalb von 1 bis 2 Wochen wieder Ihren Alltag aufnehmen. In den ersten Tagen kann es zu leichten Schmerzen kommen, die jedoch mit vom Arzt verschriebenen Medikamenten unter Kontrolle gehalten werden k\u00f6nnen. Nach der Operation:<\/span><\/p><ul><li style=\"font-weight: 400;\" aria-level=\"1\"><span style=\"font-weight: 400;\">Schwere k\u00f6rperliche Anstrengungen sollten eine Woche lang vermieden werden.<\/span><\/li><li style=\"font-weight: 400;\" aria-level=\"1\"><span style=\"font-weight: 400;\">Es kann zu Schwellungen und Bluterg\u00fcssen im Brustbereich kommen, die aber mit der Zeit wieder verschwinden.<\/span><\/li><li style=\"font-weight: 400;\" aria-level=\"1\"><span style=\"font-weight: 400;\">Die Brustform wird durch den Heilungsprozess deutlicher geformt.<\/span><\/li><li style=\"font-weight: 400;\" aria-level=\"1\"><span style=\"font-weight: 400;\">Kann ich nach einer Brustverkleinerungsoperation stillen?<\/span><\/li><li style=\"font-weight: 400;\" aria-level=\"1\"><span style=\"font-weight: 400;\">Ob nach einer Brustverkleinerung gestillt werden kann, h\u00e4ngt von der Technik ab und davon, wie viel Gewebe entfernt wurde. Im Allgemeinen wird angestrebt, die Brustwarze und die Milchg\u00e4nge zu erhalten, aber in einigen F\u00e4llen kann das Stillen schwierig sein. Es ist wichtig, dass Sie Ihren Arzt vor der Operation zu diesem Thema befragen, um Ihre Stillpl\u00e4ne festzulegen.<\/span><\/li><\/ul><h2><span style=\"font-weight: 400;\">Wie hoch sind die Preise f\u00fcr eine Brustverkleinerungsoperation?<\/span><\/h2><p><span style=\"font-weight: 400;\">Die Preise f\u00fcr eine Brustverkleinerung k\u00f6nnen je nach Komplexit\u00e4t des Eingriffs, der Erfahrung des Chirurgen und den Bed\u00fcrfnissen der Patientin variieren. Diese Preise k\u00f6nnen jedoch je nach Zustand der Patientin steigen oder fallen. F\u00fcr eine genaue Preisauskunft ist ein Vorgespr\u00e4ch erforderlich.<\/span><\/p><h2><span style=\"font-weight: 400;\">Welche Voraussetzungen m\u00fcssen f\u00fcr eine Brustverkleinerungsoperation erf\u00fcllt sein?<\/span><\/h2><p><span style=\"font-weight: 400;\">Die Brustverkleinerung ist ein chirurgischer Eingriff, der im Allgemeinen von Frauen bevorzugt wird, die L\u00f6sungen f\u00fcr \u00e4sthetische und gesundheitliche Probleme suchen. F\u00fcr eine Brustverkleinerung sind bestimmte gesundheitliche Voraussetzungen und Kriterien erforderlich. Um sich dieser Operation zu unterziehen, sollte zun\u00e4chst die Gr\u00f6\u00dfe Ihrer Br\u00fcste in keinem Verh\u00e4ltnis zu Ihrer K\u00f6rperstruktur stehen und Sie sollten unter gesundheitlichen Problemen wie R\u00fccken-, Schulter- oder Nackenschmerzen leiden. Dar\u00fcber hinaus sind Probleme wie Hautreizungen und Schwierigkeiten beim Anziehen aufgrund zu gro\u00dfer Br\u00fcste ebenfalls Gr\u00fcnde, sich einer Operation zu unterziehen.<\/span><\/p><p><span style=\"font-weight: 400;\">Um f\u00fcr eine Brustverkleinerung in Frage zu kommen, m\u00fcssen Sie in der Regel \u00fcber 18 Jahre alt sein und einen guten Allgemeinzustand haben. Menschen mit auff\u00e4lligen Gesundheitsproblemen (z. B. Krebs, Diabetes, Herzerkrankungen) sollten dies ausf\u00fchrlich mit ihrem Arzt besprechen. Wenn Sie vor der Operation geraucht haben, sollten Sie mit dem Rauchen aufh\u00f6ren, da sich das Rauchen negativ auf den Heilungsprozess auswirken kann.<\/span><\/p><h2><span style=\"font-weight: 400;\">Bleiben nach einer Brustverkleinerungsoperation Narben zur\u00fcck?<\/span><\/h2><p><span style=\"font-weight: 400;\">Ob nach einer Brustverkleinerung Narben zur\u00fcckbleiben, h\u00e4ngt von den verwendeten Operationstechniken und Ihrem K\u00f6rpertyp ab. Wie bei jedem chirurgischen Eingriff ist es m\u00f6glich, dass nach einer Brustverkleinerung Narben zur\u00fcckbleiben. Dank der fortschrittlichen chirurgischen Methoden k\u00f6nnen die Narben heute jedoch weniger auff\u00e4llig gestaltet werden.<\/span><\/p><p><span style=\"font-weight: 400;\">Bei einer Brustverkleinerung bleiben in der Regel drei Arten von Narben zur\u00fcck: periareol\u00e4re Narben (um die Brustwarze herum), vertikale Narben und umgekehrte T-f\u00f6rmige Narben. Diese Narben k\u00f6nnen mit der Zeit verblassen und weniger auff\u00e4llig werden. \u00c4sthetische Chirurgen wenden verschiedene Techniken an, um sicherzustellen, dass die Narben m\u00f6glichst unauff\u00e4llig bleiben, und versuchen, das Erscheinungsbild der Narben w\u00e4hrend des Heilungsprozesses zu minimieren.<\/span><\/p><h2><span style=\"font-weight: 400;\">Was sollte vor einer Brustverkleinerungsoperation beachtet werden?<\/span><\/h2><p><span style=\"font-weight: 400;\">Vor einer Brustverkleinerung gibt es einige wichtige Punkte zu beachten. Einer der wichtigsten Faktoren vor der Operation ist ein ausf\u00fchrliches Gespr\u00e4ch mit Ihrem Chirurgen. Es ist wichtig, ausf\u00fchrliche Informationen dar\u00fcber zu erhalten, warum die Operation notwendig ist, welche Erwartungen Sie haben, welche Techniken der Chirurg anwenden wird und welche Komplikationen m\u00f6glich sind.<\/span><\/p><p><span style=\"font-weight: 400;\">Vor der Operation m\u00fcssen Sie sich in einem guten Allgemeinzustand befinden. Vor der Operation sollten medizinische Tests durchgef\u00fchrt werden, und Ihr Arzt sollte \u00fcber Ihre aktuelle Medikation informiert sein. Wenn Sie rauchen, sollten Sie mindestens eine Woche vorher mit dem Rauchen aufh\u00f6ren, da Rauchen den Heilungsprozess negativ beeinflussen kann. Es ist auch wichtig, dass Sie vor der Operation psychisch bereit sind. Eine Brustverkleinerung kann Sie nicht nur k\u00f6rperlich, sondern auch seelisch belasten. Daher kann es sinnvoll sein, sich von einem Spezialisten psychologisch unterst\u00fctzen zu lassen.<\/span><\/p><h2><span style=\"font-weight: 400;\">Kann ich nach einer Brustverkleinerungsoperation Sport treiben?<\/span><\/h2><p><span style=\"font-weight: 400;\">Das Training nach einer Brustverkleinerung kann je nach Heilungsprozess einige Zeit in Anspruch nehmen. In den ersten Wochen sollte Sport vermieden werden. Es ist wichtig, dass Sie Ihrem K\u00f6rper nach der Operation Zeit zum Ausruhen und Heilen geben. Im Allgemeinen wird empfohlen, in den ersten 4-6 Wochen keine schweren k\u00f6rperlichen Anstrengungen zu unternehmen. W\u00e4hrend dieses Zeitraums k\u00f6nnen Sie leichte Aktivit\u00e4ten wie Spazierg\u00e4nge durchf\u00fchren.<\/span><\/p><p><span style=\"font-weight: 400;\">Obwohl die genaue Genesungszeit von Person zu Person variiert, ist es wichtig, die Empfehlungen Ihres Chirurgen zu befolgen. Es kann notwendig sein, mindestens 6 Wochen mit schwerem Heben, Laufen und anderen anstrengenden Sportarten zu warten. Wenn Sie mit der Erlaubnis Ihres Arztes mit dem Sport beginnen, sollten Sie vorsichtig sein und \u00dcberanstrengungen vermeiden, um den Heilungsprozess im Brustbereich nicht zu st\u00f6ren.<\/span><\/p><h2><span style=\"font-weight: 400;\">Wie kann man nach einer Brustverkleinerung stillen?<\/span><\/h2><p><span style=\"font-weight: 400;\">Das Stillen nach einer Brustverkleinerung ist in der Regel m\u00f6glich, aber jeder Fall ist anders. Die Ver\u00e4nderungen an den Brustdr\u00fcsen und Milchg\u00e4ngen w\u00e4hrend der Operation k\u00f6nnen sich auf das Stillen auswirken. Wenn Sie sich vor der Brustverkleinerung Gedanken \u00fcber das Stillen machen, sollten Sie daher offen mit Ihrem Arzt dar\u00fcber sprechen.<\/span><\/p><p><span style=\"font-weight: 400;\">Die bei der Brustverkleinerung verwendeten Schnitte und Techniken beeintr\u00e4chtigen Ihre F\u00e4higkeit zu stillen nicht. Einige Frauen k\u00f6nnen jedoch nach der Operation Schwierigkeiten beim Stillen haben. Wenn die Operation mit weniger invasiven Techniken durchgef\u00fchrt wird und die Milchkan\u00e4le gesch\u00fctzt werden, kann der Stillprozess ges\u00fcnder verlaufen. Wenn Sie planen, in Zukunft zu stillen, k\u00f6nnen Sie Ihren Chirurgen \u00fcber diese Situation informieren und ihn die am besten geeigneten Techniken w\u00e4hlen lassen.<\/span><\/p><p><br \/><br \/><\/p>\t\t\t\t\t\t\t\t<\/div>\n\t\t\t\t<\/div>\n\t\t\t\t\t<\/div>\n\t\t\t\t<\/div>\n\t\t\t\t<\/div>","protected":false},"excerpt":{"rendered":"<p>Die Brustverkleinerung ist ein h\u00e4ufig gew\u00e4hlter chirurgischer Eingriff f\u00fcr Frauen, die sich aufgrund ihrer gro\u00dfen Br\u00fcste k\u00f6rperlich oder psychisch unwohl f\u00fchlen. Diese<\/p>","protected":false},"author":1,"featured_media":0,"parent":0,"menu_order":0,"comment_status":"closed","ping_status":"closed","template":"","meta":{"footnotes":""},"class_list":["post-27759","page","type-page","status-publish","hentry"],"_links":{"self":[{"href":"https:\/\/westestetik.com\/de\/wp-json\/wp\/v2\/pages\/27759","targetHints":{"allow":["GET"]}}],"collection":[{"href":"https:\/\/westestetik.com\/de\/wp-json\/wp\/v2\/pages"}],"about":[{"href":"https:\/\/westestetik.com\/de\/wp-json\/wp\/v2\/types\/page"}],"author":[{"embeddable":true,"href":"https:\/\/westestetik.com\/de\/wp-json\/wp\/v2\/users\/1"}],"replies":[{"embeddable":true,"href":"https:\/\/westestetik.com\/de\/wp-json\/wp\/v2\/comments?post=27759"}],"version-history":[{"count":4,"href":"https:\/\/westestetik.com\/de\/wp-json\/wp\/v2\/pages\/27759\/revisions"}],"predecessor-version":[{"id":27855,"href":"https:\/\/westestetik.com\/de\/wp-json\/wp\/v2\/pages\/27759\/revisions\/27855"}],"wp:attachment":[{"href":"https:\/\/westestetik.com\/de\/wp-json\/wp\/v2\/media?parent=27759"}],"curies":[{"name":"wp","href":"https:\/\/api.w.org\/{rel}","templated":true}]}}