{"id":27757,"date":"2024-12-02T22:49:07","date_gmt":"2024-12-02T22:49:07","guid":{"rendered":"https:\/\/westestetik.com\/?page_id=27757"},"modified":"2025-02-17T01:03:35","modified_gmt":"2025-02-16T22:03:35","slug":"brustvergroserung","status":"publish","type":"page","link":"https:\/\/westestetik.com\/de\/brustvergroserung\/","title":{"rendered":"Brustvergr\u00f6\u00dferung"},"content":{"rendered":"<div data-elementor-type=\"wp-page\" data-elementor-id=\"27757\" class=\"elementor elementor-27757\" data-elementor-post-type=\"page\">\n\t\t\t\t<div class=\"wd-negative-gap elementor-element elementor-element-e150b12 e-flex e-con-boxed e-con e-parent\" data-id=\"e150b12\" data-element_type=\"container\">\n\t\t\t\t\t<div class=\"e-con-inner\">\n\t\t\t\t<div class=\"elementor-element elementor-element-7286009 elementor-widget elementor-widget-image\" data-id=\"7286009\" data-element_type=\"widget\" data-widget_type=\"image.default\">\n\t\t\t\t<div class=\"elementor-widget-container\">\n\t\t\t\t\t\t\t\t\t\t\t\t\t\t\t<img fetchpriority=\"high\" decoding=\"async\" width=\"1300\" height=\"384\" src=\"https:\/\/westestetik.com\/wp-content\/uploads\/2024\/12\/Uygulama-1-1300x384.png\" class=\"attachment-large size-large wp-image-27725\" alt=\"Krankheiten\" srcset=\"https:\/\/westestetik.com\/wp-content\/uploads\/2024\/12\/Uygulama-1-1300x384.png 1300w, https:\/\/westestetik.com\/wp-content\/uploads\/2024\/12\/Uygulama-1-430x127.png 430w, https:\/\/westestetik.com\/wp-content\/uploads\/2024\/12\/Uygulama-1-150x44.png 150w, https:\/\/westestetik.com\/wp-content\/uploads\/2024\/12\/Uygulama-1-700x207.png 700w, https:\/\/westestetik.com\/wp-content\/uploads\/2024\/12\/Uygulama-1-400x118.png 400w, https:\/\/westestetik.com\/wp-content\/uploads\/2024\/12\/Uygulama-1-768x227.png 768w, https:\/\/westestetik.com\/wp-content\/uploads\/2024\/12\/Uygulama-1-1536x453.png 1536w, https:\/\/westestetik.com\/wp-content\/uploads\/2024\/12\/Uygulama-1-2048x604.png 2048w\" sizes=\"(max-width: 1300px) 100vw, 1300px\" \/>\t\t\t\t\t\t\t\t\t\t\t\t\t\t\t<\/div>\n\t\t\t\t<\/div>\n\t\t\t\t\t<\/div>\n\t\t\t\t<\/div>\n\t\t<div class=\"wd-negative-gap elementor-element elementor-element-3f22466 e-flex e-con-boxed e-con e-parent\" data-id=\"3f22466\" data-element_type=\"container\">\n\t\t\t\t\t<div class=\"e-con-inner\">\n\t\t\t\t<div class=\"elementor-element elementor-element-2bea043 color-scheme-inherit text-left elementor-widget elementor-widget-text-editor\" data-id=\"2bea043\" data-element_type=\"widget\" data-widget_type=\"text-editor.default\">\n\t\t\t\t<div class=\"elementor-widget-container\">\n\t\t\t\t\t\t\t\t\t<p><span style=\"font-weight: 400;\">Die Brustvergr\u00f6\u00dferung ist ein chirurgischer Eingriff, der durchgef\u00fchrt wird, um die Brust zu vergr\u00f6\u00dfern, zu formen oder eine asymmetrische Bruststruktur zu korrigieren. Obwohl dieser Eingriff in der Regel aus \u00e4sthetischen Gr\u00fcnden vorgenommen wird, wird er auch bevorzugt, um die K\u00f6rperkonturen auszugleichen oder bei Frauen mit Entwicklungsst\u00f6rungen einer Brust. Die Brustvergr\u00f6\u00dferung kann mit Silikonimplantaten oder alternativ mit Injektionen aus K\u00f6rperfett durchgef\u00fchrt werden. Nach der Operation haben die Frauen eine vollere, proportionierte und \u00e4sthetisch befriedigende Bruststruktur.<\/span><\/p><h2><span style=\"font-weight: 400;\">Welche Methoden der Brustvergr\u00f6\u00dferung gibt es?<\/span><\/h2><p><span style=\"font-weight: 400;\">F\u00fcr die Brustvergr\u00f6\u00dferung gibt es zwei Hauptmethoden: Silikonimplantate und Fettinjektionen. Diese beiden Methoden bieten je nach pers\u00f6nlichen Vorlieben und K\u00f6rperbau unterschiedliche Vorteile.<\/span><\/p><p><span style=\"font-weight: 400;\">Silikonimplantate: Dies ist die am h\u00e4ufigsten verwendete Methode der Brustvergr\u00f6\u00dferung. Silikonimplantate sind mit Silikongel gef\u00fcllte Prothesen, die unter das Brustgewebe gelegt werden. Es gibt zwei Haupttypen von Silikonimplantaten: runde und anatomische (tropfenf\u00f6rmige). Silikonimplantate sind langlebig und sorgen f\u00fcr nat\u00fcrlich aussehende Ergebnisse.<\/span><\/p><p><span style=\"font-weight: 400;\">Fettinjektionen: Fett aus Ihrem eigenen K\u00f6rperfett wird in das Brustgewebe injiziert. Dieses Verfahren ist ideal f\u00fcr Frauen, die ein nat\u00fcrliches Aussehen erreichen und zu gro\u00dfe Implantate vermeiden m\u00f6chten. Allerdings kann mit dieser Methode die Gr\u00f6\u00dfe nur begrenzt gesteigert werden. Fettinjektionen sind weniger dauerhaft und erfordern m\u00f6glicherweise einen erneuten Eingriff.<\/span><\/p><p><span style=\"font-weight: 400;\">Beide Methoden haben Vor- und Nachteile. W\u00e4hrend Silikonimplantate dauerhaftere Ergebnisse liefern, k\u00f6nnen Fettinjektionen f\u00fcr ein nat\u00fcrlicheres Aussehen sorgen. Ihr Arzt wird Ihnen je nach Ihrer K\u00f6rperstruktur und Ihren \u00e4sthetischen Zielen die am besten geeignete Methode empfehlen.<\/span><\/p><h2><span style=\"font-weight: 400;\">F\u00fcr wen ist eine Brustvergr\u00f6\u00dferung geeignet?<\/span><\/h2><p><span style=\"font-weight: 400;\">Die Brustvergr\u00f6\u00dferung eignet sich f\u00fcr Frauen, die \u00e4sthetische Bedenken haben, deren Br\u00fcste aus genetischen Gr\u00fcnden klein sind oder die mit zunehmendem Alter an Volumen verloren haben. Dar\u00fcber hinaus k\u00f6nnen auch Frauen mit Entwicklungsst\u00f6rungen oder Asymmetrie einer Brust von diesem Eingriff profitieren. Die Brustvergr\u00f6\u00dferung sollte unter Ber\u00fccksichtigung des physischen und psychischen Zustands der Patientin durchgef\u00fchrt werden.<\/span><\/p><p><span style=\"font-weight: 400;\">Ideale Kandidaten f\u00fcr diese Operation:<\/span><\/p><p><span style=\"font-weight: 400;\">Frauen \u00fcber 18 Jahre mit vollst\u00e4ndig entwickelter Brust,<\/span><\/p><p><span style=\"font-weight: 400;\">Menschen mit gutem Allgemeinzustand, Nichtraucher und ohne gesundheitliche Risikoprobleme,<\/span><\/p><p><span style=\"font-weight: 400;\">Es sind Frauen, die psychologisch auf die Operation vorbereitet sind und realistische Erwartungen haben.<\/span><\/p><h2><span style=\"font-weight: 400;\">Wie lange dauert eine Brustvergr\u00f6\u00dferungsoperation?<\/span><\/h2><p><span style=\"font-weight: 400;\">Eine Brustvergr\u00f6\u00dferungsoperation dauert in der Regel 1-2 Stunden, je nach der angewandten Technik und der Erfahrung des Chirurgen. Dieser Eingriff, der unter Narkose durchgef\u00fchrt wird, gew\u00e4hrleistet, dass die Patientin schl\u00e4ft und w\u00e4hrend des Eingriffs keine Schmerzen versp\u00fcrt. Der Heilungsprozess und der Pflegebedarf k\u00f6nnen jedoch von Patient zu Patient unterschiedlich sein. Nach dem Eingriff werden die Patienten in der Regel noch am selben Tag entlassen, es wird jedoch empfohlen, sich ein paar Tage zu schonen.<\/span><\/p><h2><span style=\"font-weight: 400;\">Wie viel kostet eine Brustvergr\u00f6\u00dferungsoperation?<\/span><\/h2><p><span style=\"font-weight: 400;\">Die Preise f\u00fcr Brustvergr\u00f6\u00dferungen k\u00f6nnen je nach Methode, Erfahrung des Arztes, klinischer Platzierung und anderen Faktoren variieren. Im Allgemeinen sind Silikonprothesen teurer als Fettinjektionen. Beide Methoden f\u00fchren jedoch zu dauerhaften Ergebnissen.<\/span><\/p><h2><span style=\"font-weight: 400;\">Wie l\u00e4uft der Heilungsprozess nach einer Brustvergr\u00f6\u00dferung ab?<\/span><\/h2><p><span style=\"font-weight: 400;\">Der Genesungsprozess nach einer Brustvergr\u00f6\u00dferungsoperation verl\u00e4uft in der Regel in den folgenden Phasen:<\/span><\/p><ul><li style=\"font-weight: 400;\" aria-level=\"1\"><span style=\"font-weight: 400;\">Die ersten 24-48 Stunden: Es k\u00f6nnen Schwellungen, Bluterg\u00fcsse und leichte Schmerzen auftreten. In den ersten Tagen sollte man sich schonen.<\/span><\/li><li style=\"font-weight: 400;\" aria-level=\"1\"><span style=\"font-weight: 400;\">Erste 1-2 Wochen: Die Schwellung geht allm\u00e4hlich zur\u00fcck, aber Schmerzen und Druckempfindlichkeit k\u00f6nnen weiter bestehen. Es wird empfohlen, st\u00fctzende Kleidung wie Sport-BHs zu tragen.<\/span><\/li><li style=\"font-weight: 400;\" aria-level=\"1\"><span style=\"font-weight: 400;\">Erster Monat: Die Schwellungen gehen deutlich zur\u00fcck und das Brustgewebe beginnt sich zu beruhigen. Leichte Aktivit\u00e4ten k\u00f6nnen durchgef\u00fchrt werden.<\/span><\/li><li style=\"font-weight: 400;\" aria-level=\"1\"><span style=\"font-weight: 400;\">3-6 Monate: Die Ergebnisse werden deutlicher, und die Form der Brust ist vollst\u00e4ndig ausgebildet. Sie k\u00f6nnen nun zu den meisten k\u00f6rperlichen Aktivit\u00e4ten zur\u00fcckkehren.<\/span><\/li><\/ul><p><span style=\"font-weight: 400;\">Der Heilungsprozess kann durch den allgemeinen Gesundheitszustand der Person und die postoperative Versorgung beschleunigt werden.<\/span><\/p><h2><span style=\"font-weight: 400;\">Wie hoch ist die Lebensdauer von Silikonprothesen?<\/span><\/h2><p><span style=\"font-weight: 400;\">Die Lebensdauer von Silikonprothesen schwankt in der Regel zwischen 10 und 20 Jahren. Die Lebensdauer von Prothesen kann jedoch je nach K\u00f6rperbau, Lebensstil und Qualit\u00e4t der Prothese variieren. Mit der Zeit k\u00f6nnen Silikonprothesen verschlei\u00dfen, undicht werden oder sich verschieben. Solche Situationen k\u00f6nnen durch j\u00e4hrliche Kontrollen fr\u00fchzeitig erkannt werden. Silikonprothesen m\u00fcssen m\u00f6glicherweise am Ende ihrer Lebensdauer ausgetauscht werden, aber es kann viele Jahre dauern, bis die Prothesen an Ort und Stelle bleiben und ihre Funktionalit\u00e4t behalten.<\/span><\/p><h2><span style=\"font-weight: 400;\">Wann ist das Ergebnis einer Brustvergr\u00f6\u00dferung sichtbar?<\/span><\/h2><p><span style=\"font-weight: 400;\">Das Ergebnis einer Brustvergr\u00f6\u00dferung ist sofort nach der Operation sichtbar, aber es kann 2-3 Wochen dauern, bis das endg\u00fcltige Ergebnis sichtbar wird. Es dauert etwa 3-6 Monate, bis die Schwellung vollst\u00e4ndig abgeklungen ist und das Brustgewebe seine endg\u00fcltige Form angenommen hat. Dieser Prozess ist je nach Heilungstempo und K\u00f6rperstruktur des Einzelnen unterschiedlich. Daher m\u00fcssen Sie sich gedulden, bis das Ergebnis deutlich sichtbar ist.<\/span><\/p><h2><span style=\"font-weight: 400;\">Welcher Arzt sollte f\u00fcr eine Brustvergr\u00f6\u00dferung konsultiert werden?<\/span><\/h2><p><span style=\"font-weight: 400;\">Brustvergr\u00f6\u00dferungen sollten von spezialisierten plastischen Chirurgen durchgef\u00fchrt werden. Vor dem Eingriff ist es sehr wichtig, sich \u00fcber die Erfahrung, die Referenzen und die Verfahren des Arztes zu informieren. Ihr Arzt wird sich vor der Operation alle Ihre Erwartungen anh\u00f6ren und die f\u00fcr Sie am besten geeigneten Techniken ausw\u00e4hlen. Dar\u00fcber hinaus sollten die Empfehlungen des Arztes bei der postoperativen Betreuung und Nachsorge ber\u00fccksichtigt werden.<\/span><\/p><h2><span style=\"font-weight: 400;\">Ist eine Brustvergr\u00f6\u00dferungsoperation dauerhaft?<\/span><\/h2><p><span style=\"font-weight: 400;\">Eine Brustvergr\u00f6\u00dferung bietet dauerhafte Ergebnisse, wenn sie mit Silikonprothesen durchgef\u00fchrt wird. Im Laufe der Zeit k\u00f6nnen jedoch Faktoren wie k\u00f6rperliche Ver\u00e4nderungen, Alterung sowie Gewichtszu- und -abnahme zu einer Ver\u00e4nderung der Brustform f\u00fchren. Da die Lebensdauer von Silikonprothesen begrenzt ist, kann es au\u00dferdem sein, dass die Prothese nach vielen Jahren ausgetauscht werden muss. Daher sind regelm\u00e4\u00dfige \u00e4rztliche Kontrollen wichtig.<\/span><\/p><h2><span style=\"font-weight: 400;\">H\u00e4ufige Irrt\u00fcmer \u00fcber Brustvergr\u00f6\u00dferungen<\/span><\/h2><p><span style=\"font-weight: 400;\">Einer der h\u00e4ufigsten Fehler, die vor einer Brustvergr\u00f6\u00dferung gemacht werden, besteht darin, aus \u00e4sthetischen Gr\u00fcnden zu gro\u00dfe Implantate zu w\u00e4hlen. Dies kann zu einem unnat\u00fcrlichen Aussehen und gesundheitlichen Problemen f\u00fchren. Auch die Wahl des richtigen Arztes und eine unzureichende Vorbereitung auf die Operation geh\u00f6ren zu den wichtigen Fehlern. Es ist von gro\u00dfer Bedeutung, vor der Operation ein ausf\u00fchrliches Gespr\u00e4ch mit einem spezialisierten Chirurgen zu f\u00fchren und Ihre Erwartungen zu kl\u00e4ren.<\/span><\/p><h2><span style=\"font-weight: 400;\">Wann kann ich nach einer Brustvergr\u00f6\u00dferung wieder Sport treiben?<\/span><\/h2><p><span style=\"font-weight: 400;\">Nach einer Brustvergr\u00f6\u00dferungsoperation wird im Allgemeinen empfohlen, in den ersten 4-6 Wochen keine schweren \u00dcbungen zu machen. W\u00e4hrend dieses Zeitraums ist es ausreichend, den K\u00f6rper unterst\u00fctzende Bewegungen zu machen. Allerdings k\u00f6nnen Aktivit\u00e4ten mit geringer Intensit\u00e4t, wie z. B. leichte Spazierg\u00e4nge, den Heilungsprozess unterst\u00fctzen. Sie k\u00f6nnen entsprechend den Empfehlungen Ihres Arztes mit dem Training beginnen.<\/span><\/p><h2><span style=\"font-weight: 400;\">Wie wird die Brustgr\u00f6\u00dfe bestimmt?<\/span><\/h2><p><span style=\"font-weight: 400;\">Die Brustgr\u00f6\u00dfe wird nach den pers\u00f6nlichen Vorlieben, der K\u00f6rperstruktur, der Menge des nat\u00fcrlichen Brustgewebes und den \u00e4sthetischen Zielen bestimmt. Ihr Arzt wird Ihnen die am besten geeignete Implantatgr\u00f6\u00dfe empfehlen, die Ihren K\u00f6rperma\u00dfen und Zielen entspricht. Dar\u00fcber hinaus sollte auch die Form des Implantats (rund oder anatomisch) ber\u00fccksichtigt werden, um ein nat\u00fcrliches Aussehen zu erzielen.<\/span><\/p>\t\t\t\t\t\t\t\t<\/div>\n\t\t\t\t<\/div>\n\t\t\t\t\t<\/div>\n\t\t\t\t<\/div>\n\t\t\t\t<\/div>","protected":false},"excerpt":{"rendered":"<p>Meme b\u00fcy\u00fctme, kad\u0131nlar\u0131n meme boyutunu art\u0131rmak, \u015fekil vermek veya asimetrik meme yap\u0131s\u0131n\u0131 d\u00fczeltmek amac\u0131yla yap\u0131lan cerrahi bir i\u015flemdir. Bu i\u015flem<\/p>","protected":false},"author":1,"featured_media":0,"parent":0,"menu_order":0,"comment_status":"closed","ping_status":"closed","template":"","meta":{"footnotes":""},"class_list":["post-27757","page","type-page","status-publish","hentry"],"_links":{"self":[{"href":"https:\/\/westestetik.com\/de\/wp-json\/wp\/v2\/pages\/27757","targetHints":{"allow":["GET"]}}],"collection":[{"href":"https:\/\/westestetik.com\/de\/wp-json\/wp\/v2\/pages"}],"about":[{"href":"https:\/\/westestetik.com\/de\/wp-json\/wp\/v2\/types\/page"}],"author":[{"embeddable":true,"href":"https:\/\/westestetik.com\/de\/wp-json\/wp\/v2\/users\/1"}],"replies":[{"embeddable":true,"href":"https:\/\/westestetik.com\/de\/wp-json\/wp\/v2\/comments?post=27757"}],"version-history":[{"count":7,"href":"https:\/\/westestetik.com\/de\/wp-json\/wp\/v2\/pages\/27757\/revisions"}],"predecessor-version":[{"id":30762,"href":"https:\/\/westestetik.com\/de\/wp-json\/wp\/v2\/pages\/27757\/revisions\/30762"}],"wp:attachment":[{"href":"https:\/\/westestetik.com\/de\/wp-json\/wp\/v2\/media?parent=27757"}],"curies":[{"name":"wp","href":"https:\/\/api.w.org\/{rel}","templated":true}]}}