{"id":27755,"date":"2024-12-02T22:48:15","date_gmt":"2024-12-02T22:48:15","guid":{"rendered":"https:\/\/westestetik.com\/?page_id=27755"},"modified":"2024-12-25T10:47:22","modified_gmt":"2024-12-25T10:47:22","slug":"ethnische-rhinoplastik","status":"publish","type":"page","link":"https:\/\/westestetik.com\/de\/ethnische-rhinoplastik\/","title":{"rendered":"Ethnische Rhinoplastik"},"content":{"rendered":"<div data-elementor-type=\"wp-page\" data-elementor-id=\"27755\" class=\"elementor elementor-27755\" data-elementor-post-type=\"page\">\n\t\t\t\t<div class=\"wd-negative-gap elementor-element elementor-element-e150b12 e-flex e-con-boxed e-con e-parent\" data-id=\"e150b12\" data-element_type=\"container\">\n\t\t\t\t\t<div class=\"e-con-inner\">\n\t\t\t\t<div class=\"elementor-element elementor-element-7286009 elementor-widget elementor-widget-image\" data-id=\"7286009\" data-element_type=\"widget\" data-widget_type=\"image.default\">\n\t\t\t\t<div class=\"elementor-widget-container\">\n\t\t\t\t\t\t\t\t\t\t\t\t\t\t\t<img fetchpriority=\"high\" decoding=\"async\" width=\"1300\" height=\"384\" src=\"https:\/\/westestetik.com\/wp-content\/uploads\/2024\/12\/Uygulama-1-1300x384.png\" class=\"attachment-large size-large wp-image-27725\" alt=\"Krankheiten\" srcset=\"https:\/\/westestetik.com\/wp-content\/uploads\/2024\/12\/Uygulama-1-1300x384.png 1300w, https:\/\/westestetik.com\/wp-content\/uploads\/2024\/12\/Uygulama-1-430x127.png 430w, https:\/\/westestetik.com\/wp-content\/uploads\/2024\/12\/Uygulama-1-150x44.png 150w, https:\/\/westestetik.com\/wp-content\/uploads\/2024\/12\/Uygulama-1-700x207.png 700w, https:\/\/westestetik.com\/wp-content\/uploads\/2024\/12\/Uygulama-1-400x118.png 400w, https:\/\/westestetik.com\/wp-content\/uploads\/2024\/12\/Uygulama-1-768x227.png 768w, https:\/\/westestetik.com\/wp-content\/uploads\/2024\/12\/Uygulama-1-1536x453.png 1536w, https:\/\/westestetik.com\/wp-content\/uploads\/2024\/12\/Uygulama-1-2048x604.png 2048w\" sizes=\"(max-width: 1300px) 100vw, 1300px\" \/>\t\t\t\t\t\t\t\t\t\t\t\t\t\t\t<\/div>\n\t\t\t\t<\/div>\n\t\t\t\t\t<\/div>\n\t\t\t\t<\/div>\n\t\t<div class=\"wd-negative-gap elementor-element elementor-element-bee8dda e-flex e-con-boxed e-con e-parent\" data-id=\"bee8dda\" data-element_type=\"container\">\n\t\t\t\t\t<div class=\"e-con-inner\">\n\t\t\t\t<div class=\"elementor-element elementor-element-8618ae6 color-scheme-inherit text-left elementor-widget elementor-widget-text-editor\" data-id=\"8618ae6\" data-element_type=\"widget\" data-widget_type=\"text-editor.default\">\n\t\t\t\t<div class=\"elementor-widget-container\">\n\t\t\t\t\t\t\t\t\t<p><span style=\"font-weight: 400;\">Die ethnische Rhinoplastik ist ein \u00e4sthetischer chirurgischer Eingriff, der durchgef\u00fchrt wird, um eine nat\u00fcrliche Nasenform zu erhalten, die mit Ihren Gesichtsz\u00fcgen vereinbar ist. Die Formung der Nasenstruktur entsprechend der ethnischen Herkunft der Person liefert das \u00e4sthetisch und funktionell optimalste Ergebnis. Diese spezielle Technik bietet eine ideale L\u00f6sung f\u00fcr Personen, die ein Ergebnis erzielen m\u00f6chten, das mit der Nasenkorrektur und der Sch\u00f6nheit des Gesichts vereinbar ist.<\/span><\/p><h2><span style=\"font-weight: 400;\">Was ist eine ethnische Rhinoplastik?<\/span><\/h2><p><span style=\"font-weight: 400;\">Bei der ethnischen Rhinoplastik handelt es sich um eine Art von Operation im Bereich der Rhinoplastik, bei der die spezifischen Merkmale der ethnischen Herkunft jedes Einzelnen ber\u00fccksichtigt werden. Der Unterschied zu anderen Arten der Rhinoplastik besteht darin, dass die spezifischen ethnischen Merkmale der jeweiligen Person ber\u00fccksichtigt werden. So k\u00f6nnen beispielsweise Menschen asiatischer Herkunft k\u00fcrzere und flachere Nasenstrukturen haben, w\u00e4hrend Menschen afrikanischer Herkunft breitere Nasenl\u00f6cher haben k\u00f6nnen. Ziel der ethnischen Rhinoplastik ist es, eine nat\u00fcrliche und \u00e4sthetische Nasenform zu schaffen, die mit den Gesichtsz\u00fcgen vereinbar ist, ohne diese zu ver\u00e4ndern.<\/span><\/p><h2><span style=\"font-weight: 400;\">F\u00fcr wen ist die ethnische Rhinoplastik geeignet?<\/span><\/h2><p><span style=\"font-weight: 400;\">Die ethnische Rhinoplastik ist eine \u00e4sthetische Operation, die speziell f\u00fcr Menschen asiatischer, afrikanischer, nah\u00f6stlicher und lateinamerikanischer Herkunft entwickelt wurde. Wenn Ihre Nasenform nicht zu Ihren Gesichtsz\u00fcgen passt und Sie eine nat\u00fcrliche Ver\u00e4nderung w\u00fcnschen, kann die ethnische Rhinoplastik eine ideale Option f\u00fcr Sie sein. Auch funktionelle Probleme wie Nasenverstopfung oder Atemprobleme k\u00f6nnen mit einer ethnischen Rhinoplastik korrigiert werden.<\/span><\/p><h2><span style=\"font-weight: 400;\">Was sind die Unterschiede zwischen einer ethnischen Rhinoplastik und einer anderen Rhinoplastik?<\/span><\/h2><p><span style=\"font-weight: 400;\">Der wichtigste Unterschied zwischen der ethnischen Rhinoplastik und der klassischen Rhinoplastik besteht darin, dass die Operation unter Ber\u00fccksichtigung ethnischer Merkmale durchgef\u00fchrt wird. Die klassische Rhinoplastik zielt in der Regel auf eine eher standardisierte Nasenform ab. Bei der ethnischen Rhinoplastik hingegen wird eine Nasenform angestrebt, die zu den Gesichtsz\u00fcgen und der ethnischen Herkunft der Person passt. Dies ist \u00e4u\u00dferst wichtig, um ein nat\u00fcrliches Ergebnis zu erzielen. Eine Nasenkorrektur, bei der die ethnischen Merkmale des Gesichts nicht verletzt werden, ist Ausdruck eines individuellen Verst\u00e4ndnisses von \u00c4sthetik.<\/span><\/p><h2><span style=\"font-weight: 400;\">Wie ist der Genesungsprozess nach einer ethnischen Nasenkorrektur?<\/span><\/h2><p><span style=\"font-weight: 400;\">Der Heilungsprozess nach einer ethnischen Nasenkorrektur ist in der Regel schnell und angenehm. In den ersten Tagen kann es zu Schwellungen und Bluterg\u00fcssen in der Nase kommen. Diese Schwellungen gehen jedoch innerhalb von 1-2 Wochen zur\u00fcck und die Tampons in der Nase werden entfernt. Der vollst\u00e4ndige Heilungsprozess ist nach etwa 6 Monaten bis 1 Jahr abgeschlossen. Sie k\u00f6nnen diesen Prozess bequemer bew\u00e4ltigen, wenn Sie die Empfehlungen Ihres Chirurgen befolgen. Nach einer ethnischen Nasenkorrektur ist es m\u00f6glich, innerhalb von 1-2 Wochen in den Alltag zur\u00fcckzukehren.<\/span><\/p><h2><span style=\"font-weight: 400;\">Ist eine ethnische Nasenkorrektur schmerzhaft?<\/span><\/h2><p><span style=\"font-weight: 400;\">Eine ethnische Nasenkorrektur wird in der Regel unter Vollnarkose durchgef\u00fchrt, so dass Sie w\u00e4hrend des Eingriffs keine Schmerzen versp\u00fcren. W\u00e4hrend des Heilungsprozesses kann ein leichtes Unbehagen auftreten. Dies l\u00e4sst sich jedoch mit den von Ihrem Chirurgen empfohlenen Schmerzmitteln leicht kontrollieren. Die ethnische Rhinoplastik ist in der Regel ein schmerzarmer Eingriff und verursacht au\u00dfer Schwellungen und Bluterg\u00fcssen, die ein paar Tage lang anhalten, keine Beschwerden.<\/span><\/p><h2><span style=\"font-weight: 400;\">Wie lange dauert eine ethnische Nasenkorrektur?<\/span><\/h2><p><span style=\"font-weight: 400;\">Die Dauer der ethnischen Rhinoplastik h\u00e4ngt von der Nasenstruktur der Person und den vorzunehmenden Korrekturen ab. Im Durchschnitt dauert eine ethnische Nasenkorrektur zwischen 1,5 und 3 Stunden. Wenn mehr Eingriffe an der Nase vorgenommen werden m\u00fcssen, kann diese Zeit l\u00e4nger sein. Ihr Chirurg wird Sie jedoch in jeder Phase informieren und Ihnen genaue Angaben zur Dauer des Eingriffs machen.<\/span><\/p><h2><span style=\"font-weight: 400;\">Wie hoch sind die Preise f\u00fcr ethnische Nasenkorrekturen?<\/span><\/h2><p><span style=\"font-weight: 400;\">Die Preise f\u00fcr ethnische Nasenkorrekturen k\u00f6nnen je nach den verwendeten Materialien, der Erfahrung des Chirurgen und der Komplexit\u00e4t des Eingriffs variieren. Obwohl die Preise f\u00fcr eine Nasenkorrektur \u00e4hnlich wie die Durchschnittspreise sind, kann die Tatsache, dass es sich bei einer ethnischen Nasenkorrektur um ein individuelles Verfahren handelt, die Preise beeinflussen. Um einen klaren Preis zu erhalten, empfiehlt es sich, ein pers\u00f6nliches Beratungsgespr\u00e4ch mit Ihrem Chirurgen zu f\u00fchren. Der Behandlungsprozess und das zu erzielende \u00e4sthetische Ergebnis spielen bei der Preisgestaltung eine wichtige Rolle.<\/span><\/p><h2><span style=\"font-weight: 400;\">Wann wird die Form der Nase nach einer ethnischen Nasenkorrektur deutlich?<\/span><\/h2><p><span style=\"font-weight: 400;\">Die Form der Nase nach einer ethnischen Rhinoplastik wird in der Regel innerhalb von 6 Monaten bis 1 Jahr vollst\u00e4ndig klar. In den ersten 3-6 Wochen kann es zu leichten Schwellungen der Nase kommen. Mit der Zeit gehen diese Schwellungen jedoch zur\u00fcck und die neue Form Ihrer Nase wird sichtbar. Die ethnische Nasenkorrektur l\u00e4sst die n\u00f6tige Zeit, um ein nat\u00fcrliches und \u00e4sthetisches Ergebnis zu erzielen, und erfordert Geduld w\u00e4hrend des gesamten Heilungsprozesses.<\/span><\/p><h2><span style=\"font-weight: 400;\">Sind die Ergebnisse einer ethnischen Nasenkorrektur dauerhaft?<\/span><\/h2><p><span style=\"font-weight: 400;\">Ethnische Nasenkorrekturen f\u00fchren in der Regel zu dauerhaften Ergebnissen. Obwohl sich die Struktur der Nase im Laufe der Zeit nur minimal ver\u00e4ndert, bleiben die \u00e4sthetischen Ergebnisse lange erhalten. Abgesehen von Alterungserscheinungen und Traumata ist die mit der ethnischen Rhinoplastik erzielte Nasenform dauerhaft. Dieser Eingriff, der durchgef\u00fchrt wird, um eine nat\u00fcrliche Nase zu erhalten, ist mit Ihrem Gesicht vereinbar und bietet \u00fcber viele Jahre hinweg zufriedenstellende Ergebnisse.<\/span><\/p><h2><span style=\"font-weight: 400;\">Ist es m\u00f6glich, meine Fotos vor und nach der ethnischen Rhinoplastik zu sehen?<\/span><\/h2><p><span style=\"font-weight: 400;\">Es kann f\u00fcr Sie n\u00fctzlich sein, Fotos von fr\u00fcheren Patienten zu sehen, die sich einer ethnischen Rhinoplastik unterzogen haben. Diese Fotos dienen als Beispiel daf\u00fcr, wie das Verfahren ausgefallen ist. Denken Sie jedoch daran, dass die Gesichtsstruktur jedes Einzelnen unterschiedlich ist und die Ergebnisse von Person zu Person variieren k\u00f6nnen. Ihr Chirurg kann Ihnen Fotos fr\u00fcherer Patienten zeigen und Ihre Erwartungen in die richtige Richtung lenken.<\/span><\/p><h2><span style=\"font-weight: 400;\">Ist die ethnische Rhinoplastik mit dem Gesicht vereinbar?<\/span><\/h2><p><span style=\"font-weight: 400;\">Ziel der ethnischen Rhinoplastik ist es, eine Nasenform zu schaffen, die mit Ihren Gesichtsz\u00fcgen harmoniert. Die Nase f\u00fcgt sich in Ihr gesamtes Gesicht ein und verleiht ihm ein nat\u00fcrliches Aussehen. Ihr Chirurg arbeitet an der Nasenform, die am besten zu Ihren Gesichtsz\u00fcgen passt, wobei Ihre ethnischen Merkmale ber\u00fccksichtigt werden. Dieser Eingriff kann nicht nur \u00e4sthetisch, sondern auch funktionell von Vorteil sein.<\/span><\/p><h2><span style=\"font-weight: 400;\">Wann vergehen Schwellungen und blaue Flecken nach einer ethnischen Nasenkorrektur?<\/span><\/h2><p><span style=\"font-weight: 400;\">Schwellungen und Bluterg\u00fcsse nach einer ethnischen Nasenkorrektur gehen in der Regel innerhalb von 1-2 Wochen deutlich zur\u00fcck. In den ersten Tagen k\u00f6nnen Tampons und Binden auf der Nase die Schwellungen und Bluterg\u00fcsse verst\u00e4rken. Dies ist jedoch nur vor\u00fcbergehend und der Heilungsprozess beschleunigt sich mit der Zeit. Innerhalb von 1-2 Wochen k\u00f6nnen Sie Ihren Alltag wieder aufnehmen.<\/span><\/p><h2><span style=\"font-weight: 400;\">Gibt es eine Altersgrenze f\u00fcr eine ethnische Nasenkorrektur?<\/span><\/h2><p><span style=\"font-weight: 400;\">Die ethnische Rhinoplastik ist im Allgemeinen f\u00fcr Personen ab 18 Jahren geeignet. Da sich die Nasenentwicklung jedoch auch bei j\u00fcngeren Menschen fortsetzen kann, wird Ihr Chirurg das geeignete Alter f\u00fcr Sie bestimmen. Der Altersfaktor h\u00e4ngt davon ab, ob die Nasenentwicklung abgeschlossen ist oder nicht.<\/span><\/p><h2><span style=\"font-weight: 400;\">Wann kann ich nach einer Nasenkorrektur wieder aktiv werden?<\/span><\/h2><p><span style=\"font-weight: 400;\">Nach einer ethnischen Rhinoplastik k\u00f6nnen die meisten Patienten innerhalb von 1 bis 2 Wochen zu ihrem normalen Leben zur\u00fcckkehren. Es wird jedoch empfohlen, intensive sportliche Bet\u00e4tigung und Aktivit\u00e4ten, die die Nase treffen k\u00f6nnten, zu vermeiden. Am besten warten Sie mit solchen Aktivit\u00e4ten 3-4 Wochen. Ihr Chirurg wird Sie beraten, wann Sie wieder Sport treiben k\u00f6nnen.<\/span><\/p>\t\t\t\t\t\t\t\t<\/div>\n\t\t\t\t<\/div>\n\t\t\t\t\t<\/div>\n\t\t\t\t<\/div>\n\t\t\t\t<\/div>","protected":false},"excerpt":{"rendered":"<p>Etnik rinoplasti, y\u00fcz hatlar\u0131n\u0131zla uyumlu, do\u011fal bir burun \u015fekli elde etmek amac\u0131yla yap\u0131lan estetik bir cerrahi i\u015flemdir. Ki\u015finin etnik k\u00f6kenine<\/p>","protected":false},"author":1,"featured_media":0,"parent":0,"menu_order":0,"comment_status":"closed","ping_status":"closed","template":"","meta":{"footnotes":""},"class_list":["post-27755","page","type-page","status-publish","hentry"],"_links":{"self":[{"href":"https:\/\/westestetik.com\/de\/wp-json\/wp\/v2\/pages\/27755","targetHints":{"allow":["GET"]}}],"collection":[{"href":"https:\/\/westestetik.com\/de\/wp-json\/wp\/v2\/pages"}],"about":[{"href":"https:\/\/westestetik.com\/de\/wp-json\/wp\/v2\/types\/page"}],"author":[{"embeddable":true,"href":"https:\/\/westestetik.com\/de\/wp-json\/wp\/v2\/users\/1"}],"replies":[{"embeddable":true,"href":"https:\/\/westestetik.com\/de\/wp-json\/wp\/v2\/comments?post=27755"}],"version-history":[{"count":4,"href":"https:\/\/westestetik.com\/de\/wp-json\/wp\/v2\/pages\/27755\/revisions"}],"predecessor-version":[{"id":27874,"href":"https:\/\/westestetik.com\/de\/wp-json\/wp\/v2\/pages\/27755\/revisions\/27874"}],"wp:attachment":[{"href":"https:\/\/westestetik.com\/de\/wp-json\/wp\/v2\/media?parent=27755"}],"curies":[{"name":"wp","href":"https:\/\/api.w.org\/{rel}","templated":true}]}}