{"id":27753,"date":"2024-12-02T22:47:27","date_gmt":"2024-12-02T22:47:27","guid":{"rendered":"https:\/\/westestetik.com\/?page_id=27753"},"modified":"2024-12-25T10:47:09","modified_gmt":"2024-12-25T10:47:09","slug":"revision-rhinoplastik","status":"publish","type":"page","link":"https:\/\/westestetik.com\/de\/revision-rhinoplastik\/","title":{"rendered":"Revision Rhinoplastik"},"content":{"rendered":"<div data-elementor-type=\"wp-page\" data-elementor-id=\"27753\" class=\"elementor elementor-27753\" data-elementor-post-type=\"page\">\n\t\t\t\t<div class=\"wd-negative-gap elementor-element elementor-element-e150b12 e-flex e-con-boxed e-con e-parent\" data-id=\"e150b12\" data-element_type=\"container\">\n\t\t\t\t\t<div class=\"e-con-inner\">\n\t\t\t\t<div class=\"elementor-element elementor-element-7286009 elementor-widget elementor-widget-image\" data-id=\"7286009\" data-element_type=\"widget\" data-widget_type=\"image.default\">\n\t\t\t\t<div class=\"elementor-widget-container\">\n\t\t\t\t\t\t\t\t\t\t\t\t\t\t\t<img fetchpriority=\"high\" decoding=\"async\" width=\"1300\" height=\"384\" src=\"https:\/\/westestetik.com\/wp-content\/uploads\/2024\/12\/Uygulama-1-1300x384.png\" class=\"attachment-large size-large wp-image-27725\" alt=\"Krankheiten\" srcset=\"https:\/\/westestetik.com\/wp-content\/uploads\/2024\/12\/Uygulama-1-1300x384.png 1300w, https:\/\/westestetik.com\/wp-content\/uploads\/2024\/12\/Uygulama-1-430x127.png 430w, https:\/\/westestetik.com\/wp-content\/uploads\/2024\/12\/Uygulama-1-150x44.png 150w, https:\/\/westestetik.com\/wp-content\/uploads\/2024\/12\/Uygulama-1-700x207.png 700w, https:\/\/westestetik.com\/wp-content\/uploads\/2024\/12\/Uygulama-1-400x118.png 400w, https:\/\/westestetik.com\/wp-content\/uploads\/2024\/12\/Uygulama-1-768x227.png 768w, https:\/\/westestetik.com\/wp-content\/uploads\/2024\/12\/Uygulama-1-1536x453.png 1536w, https:\/\/westestetik.com\/wp-content\/uploads\/2024\/12\/Uygulama-1-2048x604.png 2048w\" sizes=\"(max-width: 1300px) 100vw, 1300px\" \/>\t\t\t\t\t\t\t\t\t\t\t\t\t\t\t<\/div>\n\t\t\t\t<\/div>\n\t\t\t\t\t<\/div>\n\t\t\t\t<\/div>\n\t\t<div class=\"wd-negative-gap elementor-element elementor-element-af004e0 e-flex e-con-boxed e-con e-parent\" data-id=\"af004e0\" data-element_type=\"container\">\n\t\t\t\t\t<div class=\"e-con-inner\">\n\t\t\t\t<div class=\"elementor-element elementor-element-15bcedc color-scheme-inherit text-left elementor-widget elementor-widget-text-editor\" data-id=\"15bcedc\" data-element_type=\"widget\" data-widget_type=\"text-editor.default\">\n\t\t\t\t<div class=\"elementor-widget-container\">\n\t\t\t\t\t\t\t\t\t<p><span style=\"font-weight: 400;\">Die Revisions-Rhinoplastik ist eine ideale L\u00f6sung f\u00fcr Menschen, die sich einer Rhinoplastik unterzogen haben, aber nicht das gew\u00fcnschte Ergebnis erzielen konnten oder bei denen Komplikationen aufgetreten sind. Dieser Eingriff wird durchgef\u00fchrt, um \u00e4sthetische und funktionelle Probleme der Nase zu korrigieren. Aus Gr\u00fcnden wie Nasenform, -struktur oder Atemproblemen kann nach der ersten Rhinoplastik ein erneuter Eingriff erforderlich sein. Auf dieser Service-Seite finden Sie alles, was Sie \u00fcber die Revisions-Rhinoplastik im Detail wissen m\u00fcssen.<\/span><\/p><h2><span style=\"font-weight: 400;\">Was ist eine Revisions-Rhinoplastik?<\/span><\/h2><p><span style=\"font-weight: 400;\">Die Revisionsrhinoplastik ist eine zweite Art von Operation, die durchgef\u00fchrt wird, wenn die vorherige Rhinoplastik nicht das gew\u00fcnschte Ergebnis bringt. Gr\u00fcnde f\u00fcr eine Revision sind beispielsweise Deformationen, die bei der ersten Rhinoplastik aufgetreten sind, Atembeschwerden oder die Nichteinhaltung der pers\u00f6nlichen \u00e4sthetischen Pr\u00e4ferenzen. Dieser Eingriff wird durchgef\u00fchrt, um die Nasenstruktur neu zu formen und ein \u00e4sthetisches Aussehen zu erreichen, das mit dem Gesicht vereinbar ist.<\/span><\/p><h2><span style=\"font-weight: 400;\">F\u00fcr wen ist eine Revisions-Rhinoplastik geeignet?<\/span><\/h2><p><span style=\"font-weight: 400;\">Eine Revisionsrhinoplastik eignet sich f\u00fcr Menschen, die nach einer Rhinoplastik unzufrieden sind und die Struktur der Nase verbessern m\u00f6chten. Au\u00dferdem kann eine Revisionsrhinoplastik auch f\u00fcr Patienten empfohlen werden, die nach der ersten Rhinoplastik Probleme mit der Atmung haben, oder f\u00fcr Patienten, die infolge der Rhinoplastik eine k\u00f6rperliche Verformung erfahren.<\/span><\/p><h2><span style=\"font-weight: 400;\">Wie lange dauert eine Revision der Rhinoplastik?<\/span><\/h2><p><span style=\"font-weight: 400;\">Die Dauer der Revision einer Nasenkorrektur liegt in der Regel zwischen 1,5 und 3 Stunden. Diese Zeit kann je nach Art des Problems in der Nase, den vom Chirurgen anzuwendenden Techniken und den strukturellen Merkmalen des Patienten variieren. Aufgrund der Komplexit\u00e4t des Eingriffs und der vorzunehmenden Korrekturen kann eine Revisions-Rhinoplastik jedoch in der Regel l\u00e4nger dauern als eine erste Rhinoplastik.<\/span><\/p><h2><span style=\"font-weight: 400;\">Wann kann eine Revision der Rhinoplastik durchgef\u00fchrt werden?<\/span><\/h2><p><span style=\"font-weight: 400;\">Der beste Zeitpunkt f\u00fcr eine Revisions-Rhinoplastik ist mindestens 12 Monate nach der ersten Rhinoplastik. In dieser Zeit ist die Schwellung der Nase abgeklungen und die Nasenstruktur ist vollst\u00e4ndig verheilt. Nach der Operation hat die Nase eine klarere Form und das Ergebnis ist deutlich sichtbar. In einigen besonderen F\u00e4llen (z. B. bei Traumata oder schwerwiegenden gesundheitlichen Problemen) kann eine Revisionsrhinoplastik jedoch auch vor diesem Zeitraum durchgef\u00fchrt werden.<\/span><\/p><h2><span style=\"font-weight: 400;\">Genesungsprozess nach einer Revision der Rhinoplastik<\/span><\/h2><p><span style=\"font-weight: 400;\">Der Heilungsprozess nach einer revidierten Rhinoplastik kann von Person zu Person unterschiedlich sein. Postoperative Schwellungen, Bluterg\u00fcsse und leichte Schmerzen sind normal, aber sie verschwinden mit der Zeit. Der Heilungsprozess l\u00e4sst sich wie folgt zusammenfassen:<\/span><\/p><p><span style=\"font-weight: 400;\">Die ersten 1-2 Tage: In dieser Zeit sind die Schwellungen und Bluterg\u00fcsse meist am st\u00e4rksten. Die Schiene oder der Verband, der um die Nase gelegt wird, hilft, die Form der Nase zu erhalten.<\/span><\/p><p><span style=\"font-weight: 400;\">1-2 Wochen: Die Schwellungen gehen langsam zur\u00fcck. Auch die Bluterg\u00fcsse heilen in der Regel ab. Die Empfindlichkeit im Nasenbereich kann weiterhin bestehen.<\/span><\/p><p><span style=\"font-weight: 400;\">4-6 Wochen: Die Nase beginnt vollst\u00e4ndig zu heilen. Die Schwellung verschwindet fast, aber eine leichte Schwellung kann noch einige Monate bestehen bleiben.<\/span><\/p><p><span style=\"font-weight: 400;\">3-6 Monate: Die Form der Nase hat sich vollst\u00e4ndig eingependelt und das \u00e4sthetische Ergebnis ist deutlicher sichtbar.<\/span><\/p><p><span style=\"font-weight: 400;\">1 Jahr: Der vollst\u00e4ndige Heilungsprozess ist abgeschlossen und die Form der Nase ist endg\u00fcltig.<\/span><\/p><p><span style=\"font-weight: 400;\">Der Heilungsprozess steht in direktem Zusammenhang mit dem allgemeinen Gesundheitszustand des Patienten, dem erlebten Stressniveau und dem technischen K\u00f6nnen des Chirurgen.<\/span><\/p><h2><span style=\"font-weight: 400;\">Zu beachtende Punkte vor einer Revision der Rhinoplastik<\/span><\/h2><p><span style=\"font-weight: 400;\">Es gibt mehrere wichtige Faktoren, die vor einer Revisions-Rhinoplastik zu beachten sind. Diese Schritte k\u00f6nnen den Erfolg der Operation beeinflussen und den Heilungsprozess beschleunigen:<\/span><\/p><p><span style=\"font-weight: 400;\">Gesundheitszustand: Es sollte sichergestellt werden, dass der Gesundheitszustand vor der Operation v\u00f6llig angemessen ist. Insbesondere sollten Blutverd\u00fcnner vermieden und das Rauchen vor der Operation eingestellt werden.<\/span><\/p><p><span style=\"font-weight: 400;\">Auswahl des Chirurgen: Die Revisions-Rhinoplastik erfordert einen wesentlich sensibleren chirurgischen Eingriff. Daher ist es sehr wichtig, einen erfahrenen Chirurgen zu w\u00e4hlen.<\/span><\/p><p><span style=\"font-weight: 400;\">Psychologische Vorbereitung: \u00c4sthetische Operationen k\u00f6nnen sich auf die Psyche des Betroffenen auswirken. Die \u00e4sthetischen Erwartungen sollten vor der Operation klar festgelegt werden und es sollte eine offene Kommunikation mit dem Chirurgen stattfinden.<\/span><\/p><p><span style=\"font-weight: 400;\">Planung der Genesung: Da der Genesungsprozess mehrere Wochen dauern wird, sollten die Patienten ihr Arbeits- und Sozialleben f\u00fcr diesen Zeitraum planen.<\/span><\/p><h2><span style=\"font-weight: 400;\">Wie hoch sind die Preise f\u00fcr eine Revisions-Rhinoplastik?<\/span><\/h2><p><span style=\"font-weight: 400;\">Die Preise f\u00fcr revidierte Nasenkorrekturen sind oft etwas h\u00f6her als bei der ersten Nasenkorrektur. Die Preise k\u00f6nnen je nach der Erfahrung des Chirurgen, der Komplexit\u00e4t der vorzunehmenden Korrekturen und den Bed\u00fcrfnissen des Patienten variieren.\u00a0<\/span><\/p><h2><span style=\"font-weight: 400;\">Was sollte nach einer Revision der Rhinoplastik beachtet werden?<\/span><\/h2><p><span style=\"font-weight: 400;\">Nach einer Revisions-Rhinoplastik gibt es einige wichtige Punkte, die Patienten beachten sollten:<\/span><\/p><p><span style=\"font-weight: 400;\">Ruhe: In den ersten Tagen ist es sehr wichtig, sich auszuruhen, um die Nase zu sch\u00fctzen und einen gesunden Heilungsprozess zu gew\u00e4hrleisten.<\/span><\/p><p><span style=\"font-weight: 400;\">Schlafen Sie auf dem Bauch: Auf dem R\u00fccken zu schlafen ist die beste Position, um Druck auf den Nasenbereich nach der Operation zu vermeiden.<\/span><\/p><p><span style=\"font-weight: 400;\">Reinigung von Wunden: Die richtige Reinigung und Pflege der Wunden im Nasenbereich verringert das Risiko einer Infektion.<\/span><\/p><p><span style=\"font-weight: 400;\">Rauchen und Alkoholkonsum: Rauchen und Alkohol k\u00f6nnen den Heilungsprozess negativ beeinflussen und sollten daher vermieden werden.<\/span><\/p>\t\t\t\t\t\t\t\t<\/div>\n\t\t\t\t<\/div>\n\t\t\t\t\t<\/div>\n\t\t\t\t<\/div>\n\t\t\t\t<\/div>","protected":false},"excerpt":{"rendered":"<p>Revizyon rinoplasti, burun esteti\u011fi ameliyat\u0131 ge\u00e7irmi\u015f ancak istenilen sonu\u00e7lar\u0131 alamayan veya komplikasyonlar ya\u015fayan ki\u015filer i\u00e7in ideal bir \u00e7\u00f6z\u00fcmd\u00fcr. Bu i\u015flem,<\/p>","protected":false},"author":1,"featured_media":0,"parent":0,"menu_order":0,"comment_status":"closed","ping_status":"closed","template":"","meta":{"footnotes":""},"class_list":["post-27753","page","type-page","status-publish","hentry"],"_links":{"self":[{"href":"https:\/\/westestetik.com\/de\/wp-json\/wp\/v2\/pages\/27753","targetHints":{"allow":["GET"]}}],"collection":[{"href":"https:\/\/westestetik.com\/de\/wp-json\/wp\/v2\/pages"}],"about":[{"href":"https:\/\/westestetik.com\/de\/wp-json\/wp\/v2\/types\/page"}],"author":[{"embeddable":true,"href":"https:\/\/westestetik.com\/de\/wp-json\/wp\/v2\/users\/1"}],"replies":[{"embeddable":true,"href":"https:\/\/westestetik.com\/de\/wp-json\/wp\/v2\/comments?post=27753"}],"version-history":[{"count":4,"href":"https:\/\/westestetik.com\/de\/wp-json\/wp\/v2\/pages\/27753\/revisions"}],"predecessor-version":[{"id":27827,"href":"https:\/\/westestetik.com\/de\/wp-json\/wp\/v2\/pages\/27753\/revisions\/27827"}],"wp:attachment":[{"href":"https:\/\/westestetik.com\/de\/wp-json\/wp\/v2\/media?parent=27753"}],"curies":[{"name":"wp","href":"https:\/\/api.w.org\/{rel}","templated":true}]}}