{"id":27749,"date":"2024-12-02T22:46:43","date_gmt":"2024-12-02T22:46:43","guid":{"rendered":"https:\/\/westestetik.com\/?page_id=27749"},"modified":"2025-11-13T12:53:03","modified_gmt":"2025-11-13T09:53:03","slug":"mommy-makeover-2","status":"publish","type":"page","link":"https:\/\/westestetik.com\/de\/mommy-makeover-2\/","title":{"rendered":"Mommy Makeover"},"content":{"rendered":"<div data-elementor-type=\"wp-page\" data-elementor-id=\"27749\" class=\"elementor elementor-27749\" data-elementor-post-type=\"page\">\n\t\t\t\t<div class=\"wd-negative-gap elementor-element elementor-element-e150b12 elementor-hidden-desktop elementor-hidden-tablet elementor-hidden-mobile e-flex e-con-boxed e-con e-parent\" data-id=\"e150b12\" data-element_type=\"container\">\n\t\t\t\t\t<div class=\"e-con-inner\">\n\t\t\t\t<div class=\"elementor-element elementor-element-7286009 elementor-widget elementor-widget-image\" data-id=\"7286009\" data-element_type=\"widget\" data-widget_type=\"image.default\">\n\t\t\t\t<div class=\"elementor-widget-container\">\n\t\t\t\t\t\t\t\t\t\t\t\t\t\t\t<img fetchpriority=\"high\" decoding=\"async\" width=\"1300\" height=\"384\" src=\"https:\/\/westestetik.com\/wp-content\/uploads\/2024\/12\/Uygulama-1-1300x384.png\" class=\"attachment-large size-large wp-image-27725\" alt=\"Krankheiten\" srcset=\"https:\/\/westestetik.com\/wp-content\/uploads\/2024\/12\/Uygulama-1-1300x384.png 1300w, https:\/\/westestetik.com\/wp-content\/uploads\/2024\/12\/Uygulama-1-430x127.png 430w, https:\/\/westestetik.com\/wp-content\/uploads\/2024\/12\/Uygulama-1-150x44.png 150w, https:\/\/westestetik.com\/wp-content\/uploads\/2024\/12\/Uygulama-1-700x207.png 700w, https:\/\/westestetik.com\/wp-content\/uploads\/2024\/12\/Uygulama-1-400x118.png 400w, https:\/\/westestetik.com\/wp-content\/uploads\/2024\/12\/Uygulama-1-768x227.png 768w, https:\/\/westestetik.com\/wp-content\/uploads\/2024\/12\/Uygulama-1-1536x453.png 1536w, https:\/\/westestetik.com\/wp-content\/uploads\/2024\/12\/Uygulama-1-2048x604.png 2048w\" sizes=\"(max-width: 1300px) 100vw, 1300px\" \/>\t\t\t\t\t\t\t\t\t\t\t\t\t\t\t<\/div>\n\t\t\t\t<\/div>\n\t\t\t\t\t<\/div>\n\t\t\t\t<\/div>\n\t\t<div class=\"wd-negative-gap elementor-element elementor-element-108af04 e-flex e-con-boxed e-con e-parent\" data-id=\"108af04\" data-element_type=\"container\">\n\t\t\t\t\t<div class=\"e-con-inner\">\n\t\t\t\t<div class=\"elementor-element elementor-element-8a7db0b color-scheme-inherit text-left elementor-widget elementor-widget-text-editor\" data-id=\"8a7db0b\" data-element_type=\"widget\" data-widget_type=\"text-editor.default\">\n\t\t\t\t<div class=\"elementor-widget-container\">\n\t\t\t\t\t\t\t\t\t<p>Das Mommy Makeover besteht aus mehreren \u00e4sthetisch-chirurgischen Eingriffen, die durchgef\u00fchrt werden, um die durch Geburt und Stillen verursachten k\u00f6rperlichen Ver\u00e4nderungen r\u00fcckg\u00e4ngig zu machen. Obwohl Schwangerschaft, Geburt und Stillen wunderbare Erfahrungen sind, k\u00f6nnen sie dauerhafte Auswirkungen auf den weiblichen K\u00f6rper haben, wie zum Beispiel Erschlaffung, Dehnungsstreifen, Volumenverlust und Fettansammlungen. Die M\u00fctter\u00e4sthetik bietet L\u00f6sungen f\u00fcr diese Probleme und hilft den Frauen, ihr Selbstvertrauen in den eigenen K\u00f6rper wiederzuerlangen.\u00a0<\/p><h2>Was ist Moomy Makeover und f\u00fcr wen ist es geeignet?<\/h2><p>Die Mutterschafts\u00e4sthetik ist eine Operation, die Frauen mit \u00e4sthetischen Problemen nach der Geburt anwenden, um ihren K\u00f6rper zu formen. Es handelt sich um eine kombinierte chirurgische Anwendung, die Verfahren wie Bauchdeckenstraffung, Fettabsaugung, Bruststraffung oder -vergr\u00f6\u00dferung umfasst.<\/p><h2>F\u00fcr wen ist es geeignet?<\/h2><ul><li>Frauen, die ihre Schwangerschaft abgeschlossen haben und keine Kinder mehr bekommen wollen.<\/li><li>Diejenigen, die Probleme wie Erschlaffung, Dehnungsstreifen oder Fettansammlungen in ihrem K\u00f6rper nach der Geburt haben.<\/li><li>Personen, die das Stillen beendet haben und k\u00f6rperlich f\u00fcr die Operation bereit sind.<\/li><li>Nichtraucher und Personen mit gutem Allgemeinzustand.<\/li><\/ul><p>Die \u00c4sthetik von Anne wird mit einer individuellen Planung durchgef\u00fchrt und die f\u00fcr Ihre Bed\u00fcrfnisse am besten geeigneten Verfahren werden zusammengef\u00fchrt.<\/p><h2>Welche Eingriffe umfasst die Mutter\u00e4sthetik?<\/h2><p>Die \u00c4sthetik der Mutter kombiniert mehr als ein Verfahren, indem sie auf Probleme in verschiedenen Bereichen abzielt. Einige von ihnen sind wie folgt:<\/p><ul><li>Bauchdeckenstraffung (Abdominoplastik): Sie sorgt f\u00fcr ein flaches Aussehen des Bauches, indem die Bauchmuskeln und die \u00fcbersch\u00fcssige Haut, die sich nach der Schwangerschaft erschlaffen, wiederhergestellt werden. Einige der Dehnungsstreifen k\u00f6nnen bei dieser Operation ebenfalls entfernt werden.<\/li><li>Bruststraffung\/-vergr\u00f6\u00dferung: Sie wird angewendet, um die alte Form der durch das Stillen erschlafften Br\u00fcste wiederherzustellen. Bei einem Volumenverlust der Br\u00fcste kann auch eine Brustvergr\u00f6\u00dferung mit Implantaten durchgef\u00fchrt werden.<\/li><li>Fettabsaugung: Mit dieser Methode werden hartn\u00e4ckige Fettpolster an den H\u00fcften, der Taille, dem Bauch oder den Oberschenkeln entfernt. Dieses Verfahren spielt eine effektive Rolle bei der Formung des K\u00f6rpers.<\/li><\/ul><p>Ein spezieller Operationsplan wird f\u00fcr Sie erstellt, indem die durchgef\u00fchrten Operationen nach Ihren Bed\u00fcrfnissen kombiniert werden.<\/p><h2>Wie lange dauert der Erholungsprozess nach Moomy Makeover?<\/h2><p>Der Erholungsprozess nach einer mum aesthetics h\u00e4ngt vom Umfang der durchgef\u00fchrten Eingriffe und dem allgemeinen Gesundheitszustand des Patienten ab. Im Allgemeinen wird der folgende Ablauf eingehalten:<\/p><ul><li>In den ersten 2-3 Tagen nach der Operation sind Ruhe und leichte T\u00e4tigkeiten zu empfehlen.<\/li><li>Innerhalb von 2 Wochen ist es m\u00f6glich, zur t\u00e4glichen Routine zur\u00fcckzukehren, aber schwere k\u00f6rperliche Aktivit\u00e4ten sollten vermieden werden.<\/li><li>An den Stellen, an denen die Fettabsaugung durchgef\u00fchrt wird, kann es zu leichten Schwellungen und Bluterg\u00fcssen kommen. Diese Effekte verschwinden normalerweise innerhalb von 4-6 Wochen.<\/li><li>Der vollst\u00e4ndige Heilungsprozess ist nach 3-6 Monaten abgeschlossen.<\/li><\/ul><p>Wenn Sie die Anweisungen Ihres Arztes nach der Operation befolgen, wird Ihr Genesungsprozess beschleunigt.<\/p><h2>Ist die Operation von Moomy Makeover riskant?<\/h2><p>Wie bei jedem chirurgischen Eingriff gibt es auch bei der M\u00fctter\u00e4sthetik gewisse Risiken. Unter der Kontrolle eines erfahrenen Chirurgen lassen sich diese Risiken jedoch in der Regel minimieren. Zu den m\u00f6glichen Risiken geh\u00f6ren Infektionen, Blutungen, Reaktionen auf die An\u00e4sthesie oder Wundheilungsst\u00f6rungen. Ihr Chirurg wird vor dem Eingriff die notwendigen Vorkehrungen treffen, um die Risiken zu minimieren.<\/p><h2>Was sollte vor einer \u00e4sthetischen Operation bei Moomy Makeover?<\/h2><p>Vor der \u00e4sthetischen Operation der Mutter ist die Vorbereitung sehr wichtig. Die Dinge, die vor der Operation zu beachten sind, sind wie folgt:<\/p><ul><li>Das Rauchen und der Alkoholkonsum sollten mindestens 2 Wochen vor dem Operationstermin eingestellt werden.<\/li><li>In der pr\u00e4operativen Phase sollte auf eine gesunde und ausgewogene Ern\u00e4hrung geachtet und viel Wasser getrunken werden.<\/li><li>Die Einnahme von Blutverd\u00fcnnern sollte entsprechend der Empfehlung des Arztes abgesetzt werden.<\/li><li>Die Stillzeit muss abgeschlossen sein.<\/li><\/ul><p>Diese Vorbereitungen minimieren Komplikationen, die w\u00e4hrend und nach der Operation auftreten k\u00f6nnen.<\/p><h2>Wie hoch sind die Preise von Moomy Makeover?<\/h2><p>Die Preise f\u00fcr die \u00e4sthetische Behandlung der Mutter variieren je nach Anzahl und Art der durchgef\u00fchrten Eingriffe. Da f\u00fcr jede Patientin ein individueller Behandlungsplan erstellt wird, kann eine genaue Preisangabe erst nach der Untersuchung ermittelt werden. Dabei sollte jedoch nicht vergessen werden, dass die Anzahl der Verfahren und die verwendeten Technologien den Preis beeinflussen.<\/p><h2>Wie kann man die postpartalen Ver\u00e4nderungen mit Moomy Makeover beseitigen?<\/h2><p>Probleme wie die Trennung der Bauchmuskeln w\u00e4hrend der Schwangerschaft (Diastasis recti), der Verlust des Brustvolumens und die verminderte Elastizit\u00e4t der Haut k\u00f6nnen mit der M\u00fctter\u00e4sthetik beseitigt werden. Diese Operationen bieten die M\u00f6glichkeit, den K\u00f6rper nach der Geburt neu zu formen. Die Betroffenen f\u00fchlen sich dadurch selbstbewusster und wohler.<\/p><h2>Wann kann ich nach der Moomy Makeover Operation wieder Sport treiben?<\/h2><p>Die Zeit bis zur R\u00fcckkehr zu sportlichen Aktivit\u00e4ten nach der Operation variiert je nach den durchgef\u00fchrten Verfahren. Normalerweise<\/p><ul><li>Leichtes Gehen wird ab der 1. Woche nach der Operation empfohlen.<\/li><li>Mit intensiven k\u00f6rperlichen Aktivit\u00e4ten und schwerem Sport sollte mindestens 6-8 Wochen gewartet werden.<\/li><\/ul><p>Ihr Arzt wird Ihnen helfen, Ihr Sportprogramm entsprechend Ihrem Genesungsprozess festzulegen.<\/p><h2>Ist Moomy Makeover sicher? Gibt es Nebenwirkungen?<\/h2><p>Die Annen\u00e4sthetik ist recht sicher, wenn sie von einem spezialisierten Chirurgen durchgef\u00fchrt wird. Wie bei jedem chirurgischen Eingriff k\u00f6nnen jedoch leichte Nebenwirkungen auftreten. Zum Beispiel k\u00f6nnen nach dem Eingriff leichte Schmerzen, Schwellungen und Bluterg\u00fcsse auftreten. Diese Nebenwirkungen sind in der Regel vor\u00fcbergehend und verschwinden innerhalb weniger Wochen.<\/p>\t\t\t\t\t\t\t\t<\/div>\n\t\t\t\t<\/div>\n\t\t\t\t\t<\/div>\n\t\t\t\t<\/div>\n\t\t\t\t<\/div>","protected":false},"excerpt":{"rendered":"<p>Anne esteti\u011fi (Mommy Makeover), do\u011fum ve emzirme s\u00fcrecinin v\u00fccutta olu\u015fturdu\u011fu fiziksel de\u011fi\u015fiklikleri geri d\u00f6nd\u00fcrmek amac\u0131yla uygulanan birden fazla estetik cerrahi<\/p>","protected":false},"author":1,"featured_media":0,"parent":0,"menu_order":0,"comment_status":"closed","ping_status":"closed","template":"","meta":{"footnotes":""},"class_list":["post-27749","page","type-page","status-publish","hentry"],"_links":{"self":[{"href":"https:\/\/westestetik.com\/de\/wp-json\/wp\/v2\/pages\/27749","targetHints":{"allow":["GET"]}}],"collection":[{"href":"https:\/\/westestetik.com\/de\/wp-json\/wp\/v2\/pages"}],"about":[{"href":"https:\/\/westestetik.com\/de\/wp-json\/wp\/v2\/types\/page"}],"author":[{"embeddable":true,"href":"https:\/\/westestetik.com\/de\/wp-json\/wp\/v2\/users\/1"}],"replies":[{"embeddable":true,"href":"https:\/\/westestetik.com\/de\/wp-json\/wp\/v2\/comments?post=27749"}],"version-history":[{"count":10,"href":"https:\/\/westestetik.com\/de\/wp-json\/wp\/v2\/pages\/27749\/revisions"}],"predecessor-version":[{"id":31919,"href":"https:\/\/westestetik.com\/de\/wp-json\/wp\/v2\/pages\/27749\/revisions\/31919"}],"wp:attachment":[{"href":"https:\/\/westestetik.com\/de\/wp-json\/wp\/v2\/media?parent=27749"}],"curies":[{"name":"wp","href":"https:\/\/api.w.org\/{rel}","templated":true}]}}